{"id":9849,"date":"2018-06-28T20:39:39","date_gmt":"2018-06-28T20:39:39","guid":{"rendered":"https:\/\/www.qnde.ca\/?post_type=product&#038;p=9849\/"},"modified":"2025-08-11T14:26:49","modified_gmt":"2025-08-11T18:26:49","slug":"magnum-go-rechargeable-led-uv-and-white-light-2","status":"publish","type":"product","link":"https:\/\/www.qnde.ca\/fr\/produit\/magnum-go-rechargeable-led-uv-and-white-light-2\/","title":{"rendered":"REL Magnum GO DEL UV &#038; Blanche"},"content":{"rendered":"<h3><strong>REL Magnum GO Lampe DEL UV et Blanche<\/strong><\/h3>\n<p>IP68, elle \u00e9claire un diam\u00e8tre UV de 10&Prime; (25.4cm) au-dessus de 1000 \u00b5W\/cm<sup>2<\/sup> \u00e0 15&Prime; (38cm) et une lumi\u00e8re blanche au-dessus de 700 pieds-chandelles \u00e0 15&Prime; (38cm). Livr\u00e9e avec certificats ASTM E3022 et RRES 90061, alimentation 90-264VAC, lunettes de s\u00e9curit\u00e9 et robuste valise \u00e9tanche.<\/p>\n<ul>\n<li>UV-3000: Ensemble Magnum GO, lampe DEL UV et blanche.<\/li>\n<li>UV-3000HD: Ensemble Magnum GO, lampe DEL UV et blanche avec robuste fil d\u2019alimentation AC.<\/li>\n<li>UV-2028: Fil d\u2019alimentation robuste avec support d\u2019aluminium et renfort du fil.<\/li>\n<li>UV-4010: Support articul\u00e9.<\/li>\n<li>UV-1100: Bras de table\/mur articul\u00e9.<\/li>\n<\/ul>\n","protected":false},"excerpt":{"rendered":"<p>REL Magnum GO Lampe DEL UV et Blanche IP68, elle \u00e9claire un diam\u00e8tre UV de 10&Prime; (25.4cm) au-dessus de 1000 \u00b5W\/cm2 \u00e0 15&Prime; (38cm) et une lumi\u00e8re blanche au-dessus de 700 pieds-chandelles \u00e0 15&Prime; (38cm). Livr\u00e9e avec certificats ASTM E3022 et RRES 90061, alimentation 90-264VAC, lunettes de s\u00e9curit\u00e9 et robuste valise \u00e9tanche. UV-3000: Ensemble Magnum [&hellip;]<\/p>\n","protected":false},"featured_media":9827,"template":"","meta":{"_monsterinsights_skip_tracking":false,"_monsterinsights_sitenote_active":false,"_monsterinsights_sitenote_note":"","_monsterinsights_sitenote_category":0},"product_brand":[],"product_cat":[397,133],"product_tag":[],"class_list":{"0":"post-9849","1":"product","2":"type-product","3":"status-publish","4":"has-post-thumbnail","6":"product_cat-rel-fr","7":"product_cat-lampes-uv","9":"first","10":"instock","11":"shipping-taxable","12":"purchasable","13":"product-type-variable"},"yoast_head":"<!-- This site is optimized with the Yoast SEO plugin v23.9 - https:\/\/yoast.com\/wordpress\/plugins\/seo\/ -->\n<title>REL Magnum GO DEL UV &amp; Blanche &#060; Qualit\u00e9 NDE<\/title>\n<meta name=\"description\" content=\"Lampe UV\/Blanche REL Magnum GO certifi\u00e9e ASTM E3022 et RRES 90061. \u00c9clairage puissant, IP68, livr\u00e9e avec accessoires et valise \u00e9tanche.\" \/>\n<meta name=\"robots\" content=\"index, follow, max-snippet:-1, max-image-preview:large, max-video-preview:-1\" \/>\n<link rel=\"canonical\" href=\"https:\/\/www.qnde.ca\/fr\/produit\/magnum-go-rechargeable-led-uv-and-white-light-2\/\" \/>\n<meta name=\"twitter:label1\" content=\"Dur\u00e9e de lecture estim\u00e9e\" \/>\n\t<meta name=\"twitter:data1\" content=\"1 minute\" \/>\n<script type=\"application\/ld+json\" class=\"yoast-schema-graph\">{\"@context\":\"https:\/\/schema.org\",\"@graph\":[{\"@type\":[\"WebPage\",\"ItemPage\"],\"@id\":\"https:\/\/www.qnde.ca\/fr\/produit\/magnum-go-rechargeable-led-uv-and-white-light-2\/\",\"url\":\"https:\/\/www.qnde.ca\/fr\/produit\/magnum-go-rechargeable-led-uv-and-white-light-2\/\",\"name\":\"REL Magnum GO DEL UV & Blanche &#060; Qualit\u00e9 NDE\",\"isPartOf\":{\"@id\":\"https:\/\/www.qnde.ca\/#website\"},\"primaryImageOfPage\":{\"@id\":\"https:\/\/www.qnde.ca\/fr\/produit\/magnum-go-rechargeable-led-uv-and-white-light-2\/#primaryimage\"},\"image\":{\"@id\":\"https:\/\/www.qnde.ca\/fr\/produit\/magnum-go-rechargeable-led-uv-and-white-light-2\/#primaryimage\"},\"thumbnailUrl\":\"https:\/\/www.qnde.ca\/wp-content\/uploads\/2018\/06\/Magnum-GO-light-no-back-web-1.png\",\"datePublished\":\"2018-06-28T20:39:39+00:00\",\"dateModified\":\"2025-08-11T18:26:49+00:00\",\"description\":\"Lampe UV\/Blanche REL Magnum GO certifi\u00e9e ASTM E3022 et RRES 90061. \u00c9clairage puissant, IP68, livr\u00e9e avec accessoires et valise \u00e9tanche.\",\"breadcrumb\":{\"@id\":\"https:\/\/www.qnde.ca\/fr\/produit\/magnum-go-rechargeable-led-uv-and-white-light-2\/#breadcrumb\"},\"inLanguage\":\"fr-FR\",\"potentialAction\":[{\"@type\":\"ReadAction\",\"target\":[\"https:\/\/www.qnde.ca\/fr\/produit\/magnum-go-rechargeable-led-uv-and-white-light-2\/\"]}]},{\"@type\":\"ImageObject\",\"inLanguage\":\"fr-FR\",\"@id\":\"https:\/\/www.qnde.ca\/fr\/produit\/magnum-go-rechargeable-led-uv-and-white-light-2\/#primaryimage\",\"url\":\"https:\/\/www.qnde.ca\/wp-content\/uploads\/2018\/06\/Magnum-GO-light-no-back-web-1.png\",\"contentUrl\":\"https:\/\/www.qnde.ca\/wp-content\/uploads\/2018\/06\/Magnum-GO-light-no-back-web-1.png\",\"width\":400,\"height\":600},{\"@type\":\"BreadcrumbList\",\"@id\":\"https:\/\/www.qnde.ca\/fr\/produit\/magnum-go-rechargeable-led-uv-and-white-light-2\/#breadcrumb\",\"itemListElement\":[{\"@type\":\"ListItem\",\"position\":1,\"name\":\"Accueil\",\"item\":\"https:\/\/www.qnde.ca\/fr\/\"},{\"@type\":\"ListItem\",\"position\":2,\"name\":\"Produits\",\"item\":\"https:\/\/www.qnde.ca\/fr\/produits\/\"},{\"@type\":\"ListItem\",\"position\":3,\"name\":\"Marques\",\"item\":\"https:\/\/www.qnde.ca\/fr\/product-category\/marques\/\"},{\"@type\":\"ListItem\",\"position\":4,\"name\":\"REL Inc.\",\"item\":\"https:\/\/www.qnde.ca\/fr\/product-category\/marques\/rel-fr\/\"},{\"@type\":\"ListItem\",\"position\":5,\"name\":\"REL Magnum GO DEL UV &#038; Blanche\"}]},{\"@type\":\"WebSite\",\"@id\":\"https:\/\/www.qnde.ca\/#website\",\"url\":\"https:\/\/www.qnde.ca\/\",\"name\":\"Qualit\u00e9 NDE\",\"description\":\"\u00c9quipements d&#039;essais non destructifs \",\"publisher\":{\"@id\":\"https:\/\/www.qnde.ca\/#organization\"},\"potentialAction\":[{\"@type\":\"SearchAction\",\"target\":{\"@type\":\"EntryPoint\",\"urlTemplate\":\"https:\/\/www.qnde.ca\/?s={search_term_string}\"},\"query-input\":{\"@type\":\"PropertyValueSpecification\",\"valueRequired\":true,\"valueName\":\"search_term_string\"}}],\"inLanguage\":\"fr-FR\"},{\"@type\":\"Organization\",\"@id\":\"https:\/\/www.qnde.ca\/#organization\",\"name\":\"Quality NDT Ltd.\",\"url\":\"https:\/\/www.qnde.ca\/\",\"logo\":{\"@type\":\"ImageObject\",\"inLanguage\":\"fr-FR\",\"@id\":\"https:\/\/www.qnde.ca\/#\/schema\/logo\/image\/\",\"url\":\"https:\/\/www.qnde.ca\/wp-content\/uploads\/2022\/02\/QNDE_logo_RGB-gif.gif\",\"contentUrl\":\"https:\/\/www.qnde.ca\/wp-content\/uploads\/2022\/02\/QNDE_logo_RGB-gif.gif\",\"width\":250,\"height\":64,\"caption\":\"Quality NDT Ltd.\"},\"image\":{\"@id\":\"https:\/\/www.qnde.ca\/#\/schema\/logo\/image\/\"},\"sameAs\":[\"https:\/\/www.linkedin.com\/company\/qnde\/about\/?viewAsMember=true\"]}]}<\/script>\n<!-- \/ Yoast SEO plugin. -->","yoast_head_json":{"title":"REL Magnum GO DEL UV & Blanche &#060; Qualit\u00e9 NDE","description":"Lampe UV\/Blanche REL Magnum GO certifi\u00e9e ASTM E3022 et RRES 90061. \u00c9clairage puissant, IP68, livr\u00e9e avec accessoires et valise \u00e9tanche.","robots":{"index":"index","follow":"follow","max-snippet":"max-snippet:-1","max-image-preview":"max-image-preview:large","max-video-preview":"max-video-preview:-1"},"canonical":"https:\/\/www.qnde.ca\/fr\/produit\/magnum-go-rechargeable-led-uv-and-white-light-2\/","twitter_misc":{"Dur\u00e9e de lecture estim\u00e9e":"1 minute"},"schema":{"@context":"https:\/\/schema.org","@graph":[{"@type":["WebPage","ItemPage"],"@id":"https:\/\/www.qnde.ca\/fr\/produit\/magnum-go-rechargeable-led-uv-and-white-light-2\/","url":"https:\/\/www.qnde.ca\/fr\/produit\/magnum-go-rechargeable-led-uv-and-white-light-2\/","name":"REL Magnum GO DEL UV & Blanche &#060; Qualit\u00e9 NDE","isPartOf":{"@id":"https:\/\/www.qnde.ca\/#website"},"primaryImageOfPage":{"@id":"https:\/\/www.qnde.ca\/fr\/produit\/magnum-go-rechargeable-led-uv-and-white-light-2\/#primaryimage"},"image":{"@id":"https:\/\/www.qnde.ca\/fr\/produit\/magnum-go-rechargeable-led-uv-and-white-light-2\/#primaryimage"},"thumbnailUrl":"https:\/\/www.qnde.ca\/wp-content\/uploads\/2018\/06\/Magnum-GO-light-no-back-web-1.png","datePublished":"2018-06-28T20:39:39+00:00","dateModified":"2025-08-11T18:26:49+00:00","description":"Lampe UV\/Blanche REL Magnum GO certifi\u00e9e ASTM E3022 et RRES 90061. \u00c9clairage puissant, IP68, livr\u00e9e avec accessoires et valise \u00e9tanche.","breadcrumb":{"@id":"https:\/\/www.qnde.ca\/fr\/produit\/magnum-go-rechargeable-led-uv-and-white-light-2\/#breadcrumb"},"inLanguage":"fr-FR","potentialAction":[{"@type":"ReadAction","target":["https:\/\/www.qnde.ca\/fr\/produit\/magnum-go-rechargeable-led-uv-and-white-light-2\/"]}]},{"@type":"ImageObject","inLanguage":"fr-FR","@id":"https:\/\/www.qnde.ca\/fr\/produit\/magnum-go-rechargeable-led-uv-and-white-light-2\/#primaryimage","url":"https:\/\/www.qnde.ca\/wp-content\/uploads\/2018\/06\/Magnum-GO-light-no-back-web-1.png","contentUrl":"https:\/\/www.qnde.ca\/wp-content\/uploads\/2018\/06\/Magnum-GO-light-no-back-web-1.png","width":400,"height":600},{"@type":"BreadcrumbList","@id":"https:\/\/www.qnde.ca\/fr\/produit\/magnum-go-rechargeable-led-uv-and-white-light-2\/#breadcrumb","itemListElement":[{"@type":"ListItem","position":1,"name":"Accueil","item":"https:\/\/www.qnde.ca\/fr\/"},{"@type":"ListItem","position":2,"name":"Produits","item":"https:\/\/www.qnde.ca\/fr\/produits\/"},{"@type":"ListItem","position":3,"name":"Marques","item":"https:\/\/www.qnde.ca\/fr\/product-category\/marques\/"},{"@type":"ListItem","position":4,"name":"REL Inc.","item":"https:\/\/www.qnde.ca\/fr\/product-category\/marques\/rel-fr\/"},{"@type":"ListItem","position":5,"name":"REL Magnum GO DEL UV &#038; Blanche"}]},{"@type":"WebSite","@id":"https:\/\/www.qnde.ca\/#website","url":"https:\/\/www.qnde.ca\/","name":"Qualit\u00e9 NDE","description":"\u00c9quipements d&#039;essais non destructifs ","publisher":{"@id":"https:\/\/www.qnde.ca\/#organization"},"potentialAction":[{"@type":"SearchAction","target":{"@type":"EntryPoint","urlTemplate":"https:\/\/www.qnde.ca\/?s={search_term_string}"},"query-input":{"@type":"PropertyValueSpecification","valueRequired":true,"valueName":"search_term_string"}}],"inLanguage":"fr-FR"},{"@type":"Organization","@id":"https:\/\/www.qnde.ca\/#organization","name":"Quality NDT Ltd.","url":"https:\/\/www.qnde.ca\/","logo":{"@type":"ImageObject","inLanguage":"fr-FR","@id":"https:\/\/www.qnde.ca\/#\/schema\/logo\/image\/","url":"https:\/\/www.qnde.ca\/wp-content\/uploads\/2022\/02\/QNDE_logo_RGB-gif.gif","contentUrl":"https:\/\/www.qnde.ca\/wp-content\/uploads\/2022\/02\/QNDE_logo_RGB-gif.gif","width":250,"height":64,"caption":"Quality NDT Ltd."},"image":{"@id":"https:\/\/www.qnde.ca\/#\/schema\/logo\/image\/"},"sameAs":["https:\/\/www.linkedin.com\/company\/qnde\/about\/?viewAsMember=true"]}]}},"jetpack_sharing_enabled":true,"_links":{"self":[{"href":"https:\/\/www.qnde.ca\/fr\/wp-json\/wp\/v2\/product\/9849","targetHints":{"allow":["GET"]}}],"collection":[{"href":"https:\/\/www.qnde.ca\/fr\/wp-json\/wp\/v2\/product"}],"about":[{"href":"https:\/\/www.qnde.ca\/fr\/wp-json\/wp\/v2\/types\/product"}],"wp:featuredmedia":[{"embeddable":true,"href":"https:\/\/www.qnde.ca\/fr\/wp-json\/wp\/v2\/media\/9827"}],"wp:attachment":[{"href":"https:\/\/www.qnde.ca\/fr\/wp-json\/wp\/v2\/media?parent=9849"}],"wp:term":[{"taxonomy":"product_brand","embeddable":true,"href":"https:\/\/www.qnde.ca\/fr\/wp-json\/wp\/v2\/product_brand?post=9849"},{"taxonomy":"product_cat","embeddable":true,"href":"https:\/\/www.qnde.ca\/fr\/wp-json\/wp\/v2\/product_cat?post=9849"},{"taxonomy":"product_tag","embeddable":true,"href":"https:\/\/www.qnde.ca\/fr\/wp-json\/wp\/v2\/product_tag?post=9849"}],"curies":[{"name":"wp","href":"https:\/\/api.w.org\/{rel}","templated":true}]}}