{"id":9791,"date":"2018-06-28T19:27:43","date_gmt":"2018-06-28T19:27:43","guid":{"rendered":"https:\/\/www.qnde.ca\/?post_type=product&#038;p=9791\/"},"modified":"2025-08-11T14:49:22","modified_gmt":"2025-08-11T18:49:22","slug":"profusion","status":"publish","type":"product","link":"https:\/\/www.qnde.ca\/fr\/produit\/profusion\/","title":{"rendered":"REL Profusion Lampe DEL UV"},"content":{"rendered":"<h3><strong>REL Profusion Lampe DEL UV<\/strong><\/h3>\n<p>Lampe extensible, IP68. \u00c9claire un diam\u00e8tre de 9&Prime; (23cm) \u00e0 plus de 1,000 \u03bcW\/cm<sup>2<\/sup> \u00e0 15&Prime; (38cm). Livr\u00e9e avec certificats ASTM E3022 et RRES 90061. C\u00e2ble d\u2019alimentation avec fil (12&Prime; standard). Lumi\u00e8re modulaire UV pour cabine d\u2019inspection. 15 watts par lampe. 2 ans der garantie. 120\/240V &#8211; 50\/60Hz.<\/p>\n<ul>\n<li>UV-4000: Ensemble REL Profusion, lampe suspendue DEL UV et blanche.<\/li>\n<li>PS12: Alimentation pour 1 \u00e0 2 Profusion.<\/li>\n<li>PS37: Alimentation pour 3 \u00e0 7 Profusion.<\/li>\n<li>PS818: Alimentation pour 8 \u00e0 18 Profusion.<\/li>\n<li>UV-4010: Support articul\u00e9.<\/li>\n<li>UV-1100: Bras de table\/mur articul\u00e9.<\/li>\n<\/ul>\n","protected":false},"excerpt":{"rendered":"<p>REL Profusion Lampe DEL UV Lampe extensible, IP68. \u00c9claire un diam\u00e8tre de 9&Prime; (23cm) \u00e0 plus de 1,000 \u03bcW\/cm2 \u00e0 15&Prime; (38cm). Livr\u00e9e avec certificats ASTM E3022 et RRES 90061. C\u00e2ble d\u2019alimentation avec fil (12&Prime; standard). Lumi\u00e8re modulaire UV pour cabine d\u2019inspection. 15 watts par lampe. 2 ans der garantie. 120\/240V &#8211; 50\/60Hz. UV-4000: Ensemble [&hellip;]<\/p>\n","protected":false},"featured_media":9797,"template":"","meta":{"_monsterinsights_skip_tracking":false,"_monsterinsights_sitenote_active":false,"_monsterinsights_sitenote_note":"","_monsterinsights_sitenote_category":0},"product_brand":[],"product_cat":[397,133],"product_tag":[],"class_list":{"0":"post-9791","1":"product","2":"type-product","3":"status-publish","4":"has-post-thumbnail","6":"product_cat-rel-fr","7":"product_cat-lampes-uv","9":"first","10":"instock","11":"shipping-taxable","12":"purchasable","13":"product-type-variable"},"yoast_head":"<!-- This site is optimized with the Yoast SEO plugin v23.9 - https:\/\/yoast.com\/wordpress\/plugins\/seo\/ -->\n<title>REL Profusion Lampe DEL UV &#060; Qualit\u00e9 NDE<\/title>\n<meta name=\"description\" content=\"Lampe DEL UV extensible IP68, 15W, \u00e9claire 23cm \u00e0 1,000 \u03bcW\/cm\u00b2, certifi\u00e9e ASTM E3022, garantie 2 ans, id\u00e9ale pour inspection en cabine.\" \/>\n<meta name=\"robots\" content=\"index, follow, max-snippet:-1, max-image-preview:large, max-video-preview:-1\" \/>\n<link rel=\"canonical\" href=\"https:\/\/www.qnde.ca\/fr\/produit\/profusion\/\" \/>\n<meta name=\"twitter:label1\" content=\"Dur\u00e9e de lecture estim\u00e9e\" \/>\n\t<meta name=\"twitter:data1\" content=\"1 minute\" \/>\n<script type=\"application\/ld+json\" class=\"yoast-schema-graph\">{\"@context\":\"https:\/\/schema.org\",\"@graph\":[{\"@type\":[\"WebPage\",\"ItemPage\"],\"@id\":\"https:\/\/www.qnde.ca\/fr\/produit\/profusion\/\",\"url\":\"https:\/\/www.qnde.ca\/fr\/produit\/profusion\/\",\"name\":\"REL Profusion Lampe DEL UV &#060; Qualit\u00e9 NDE\",\"isPartOf\":{\"@id\":\"https:\/\/www.qnde.ca\/#website\"},\"primaryImageOfPage\":{\"@id\":\"https:\/\/www.qnde.ca\/fr\/produit\/profusion\/#primaryimage\"},\"image\":{\"@id\":\"https:\/\/www.qnde.ca\/fr\/produit\/profusion\/#primaryimage\"},\"thumbnailUrl\":\"https:\/\/www.qnde.ca\/wp-content\/uploads\/2018\/06\/Profusion1.jpg.png\",\"datePublished\":\"2018-06-28T19:27:43+00:00\",\"dateModified\":\"2025-08-11T18:49:22+00:00\",\"description\":\"Lampe DEL UV extensible IP68, 15W, \u00e9claire 23cm \u00e0 1,000 \u03bcW\/cm\u00b2, certifi\u00e9e ASTM E3022, garantie 2 ans, id\u00e9ale pour inspection en cabine.\",\"breadcrumb\":{\"@id\":\"https:\/\/www.qnde.ca\/fr\/produit\/profusion\/#breadcrumb\"},\"inLanguage\":\"fr-FR\",\"potentialAction\":[{\"@type\":\"ReadAction\",\"target\":[\"https:\/\/www.qnde.ca\/fr\/produit\/profusion\/\"]}]},{\"@type\":\"ImageObject\",\"inLanguage\":\"fr-FR\",\"@id\":\"https:\/\/www.qnde.ca\/fr\/produit\/profusion\/#primaryimage\",\"url\":\"https:\/\/www.qnde.ca\/wp-content\/uploads\/2018\/06\/Profusion1.jpg.png\",\"contentUrl\":\"https:\/\/www.qnde.ca\/wp-content\/uploads\/2018\/06\/Profusion1.jpg.png\",\"width\":760,\"height\":603},{\"@type\":\"BreadcrumbList\",\"@id\":\"https:\/\/www.qnde.ca\/fr\/produit\/profusion\/#breadcrumb\",\"itemListElement\":[{\"@type\":\"ListItem\",\"position\":1,\"name\":\"Accueil\",\"item\":\"https:\/\/www.qnde.ca\/fr\/\"},{\"@type\":\"ListItem\",\"position\":2,\"name\":\"Produits\",\"item\":\"https:\/\/www.qnde.ca\/fr\/produits\/\"},{\"@type\":\"ListItem\",\"position\":3,\"name\":\"Marques\",\"item\":\"https:\/\/www.qnde.ca\/fr\/product-category\/marques\/\"},{\"@type\":\"ListItem\",\"position\":4,\"name\":\"REL Inc.\",\"item\":\"https:\/\/www.qnde.ca\/fr\/product-category\/marques\/rel-fr\/\"},{\"@type\":\"ListItem\",\"position\":5,\"name\":\"REL Profusion Lampe DEL UV\"}]},{\"@type\":\"WebSite\",\"@id\":\"https:\/\/www.qnde.ca\/#website\",\"url\":\"https:\/\/www.qnde.ca\/\",\"name\":\"Qualit\u00e9 NDE\",\"description\":\"\u00c9quipements d&#039;essais non destructifs \",\"publisher\":{\"@id\":\"https:\/\/www.qnde.ca\/#organization\"},\"potentialAction\":[{\"@type\":\"SearchAction\",\"target\":{\"@type\":\"EntryPoint\",\"urlTemplate\":\"https:\/\/www.qnde.ca\/?s={search_term_string}\"},\"query-input\":{\"@type\":\"PropertyValueSpecification\",\"valueRequired\":true,\"valueName\":\"search_term_string\"}}],\"inLanguage\":\"fr-FR\"},{\"@type\":\"Organization\",\"@id\":\"https:\/\/www.qnde.ca\/#organization\",\"name\":\"Quality NDT Ltd.\",\"url\":\"https:\/\/www.qnde.ca\/\",\"logo\":{\"@type\":\"ImageObject\",\"inLanguage\":\"fr-FR\",\"@id\":\"https:\/\/www.qnde.ca\/#\/schema\/logo\/image\/\",\"url\":\"https:\/\/www.qnde.ca\/wp-content\/uploads\/2022\/02\/QNDE_logo_RGB-gif.gif\",\"contentUrl\":\"https:\/\/www.qnde.ca\/wp-content\/uploads\/2022\/02\/QNDE_logo_RGB-gif.gif\",\"width\":250,\"height\":64,\"caption\":\"Quality NDT Ltd.\"},\"image\":{\"@id\":\"https:\/\/www.qnde.ca\/#\/schema\/logo\/image\/\"},\"sameAs\":[\"https:\/\/www.linkedin.com\/company\/qnde\/about\/?viewAsMember=true\"]}]}<\/script>\n<!-- \/ Yoast SEO plugin. -->","yoast_head_json":{"title":"REL Profusion Lampe DEL UV &#060; Qualit\u00e9 NDE","description":"Lampe DEL UV extensible IP68, 15W, \u00e9claire 23cm \u00e0 1,000 \u03bcW\/cm\u00b2, certifi\u00e9e ASTM E3022, garantie 2 ans, id\u00e9ale pour inspection en cabine.","robots":{"index":"index","follow":"follow","max-snippet":"max-snippet:-1","max-image-preview":"max-image-preview:large","max-video-preview":"max-video-preview:-1"},"canonical":"https:\/\/www.qnde.ca\/fr\/produit\/profusion\/","twitter_misc":{"Dur\u00e9e de lecture estim\u00e9e":"1 minute"},"schema":{"@context":"https:\/\/schema.org","@graph":[{"@type":["WebPage","ItemPage"],"@id":"https:\/\/www.qnde.ca\/fr\/produit\/profusion\/","url":"https:\/\/www.qnde.ca\/fr\/produit\/profusion\/","name":"REL Profusion Lampe DEL UV &#060; Qualit\u00e9 NDE","isPartOf":{"@id":"https:\/\/www.qnde.ca\/#website"},"primaryImageOfPage":{"@id":"https:\/\/www.qnde.ca\/fr\/produit\/profusion\/#primaryimage"},"image":{"@id":"https:\/\/www.qnde.ca\/fr\/produit\/profusion\/#primaryimage"},"thumbnailUrl":"https:\/\/www.qnde.ca\/wp-content\/uploads\/2018\/06\/Profusion1.jpg.png","datePublished":"2018-06-28T19:27:43+00:00","dateModified":"2025-08-11T18:49:22+00:00","description":"Lampe DEL UV extensible IP68, 15W, \u00e9claire 23cm \u00e0 1,000 \u03bcW\/cm\u00b2, certifi\u00e9e ASTM E3022, garantie 2 ans, id\u00e9ale pour inspection en cabine.","breadcrumb":{"@id":"https:\/\/www.qnde.ca\/fr\/produit\/profusion\/#breadcrumb"},"inLanguage":"fr-FR","potentialAction":[{"@type":"ReadAction","target":["https:\/\/www.qnde.ca\/fr\/produit\/profusion\/"]}]},{"@type":"ImageObject","inLanguage":"fr-FR","@id":"https:\/\/www.qnde.ca\/fr\/produit\/profusion\/#primaryimage","url":"https:\/\/www.qnde.ca\/wp-content\/uploads\/2018\/06\/Profusion1.jpg.png","contentUrl":"https:\/\/www.qnde.ca\/wp-content\/uploads\/2018\/06\/Profusion1.jpg.png","width":760,"height":603},{"@type":"BreadcrumbList","@id":"https:\/\/www.qnde.ca\/fr\/produit\/profusion\/#breadcrumb","itemListElement":[{"@type":"ListItem","position":1,"name":"Accueil","item":"https:\/\/www.qnde.ca\/fr\/"},{"@type":"ListItem","position":2,"name":"Produits","item":"https:\/\/www.qnde.ca\/fr\/produits\/"},{"@type":"ListItem","position":3,"name":"Marques","item":"https:\/\/www.qnde.ca\/fr\/product-category\/marques\/"},{"@type":"ListItem","position":4,"name":"REL Inc.","item":"https:\/\/www.qnde.ca\/fr\/product-category\/marques\/rel-fr\/"},{"@type":"ListItem","position":5,"name":"REL Profusion Lampe DEL UV"}]},{"@type":"WebSite","@id":"https:\/\/www.qnde.ca\/#website","url":"https:\/\/www.qnde.ca\/","name":"Qualit\u00e9 NDE","description":"\u00c9quipements d&#039;essais non destructifs ","publisher":{"@id":"https:\/\/www.qnde.ca\/#organization"},"potentialAction":[{"@type":"SearchAction","target":{"@type":"EntryPoint","urlTemplate":"https:\/\/www.qnde.ca\/?s={search_term_string}"},"query-input":{"@type":"PropertyValueSpecification","valueRequired":true,"valueName":"search_term_string"}}],"inLanguage":"fr-FR"},{"@type":"Organization","@id":"https:\/\/www.qnde.ca\/#organization","name":"Quality NDT Ltd.","url":"https:\/\/www.qnde.ca\/","logo":{"@type":"ImageObject","inLanguage":"fr-FR","@id":"https:\/\/www.qnde.ca\/#\/schema\/logo\/image\/","url":"https:\/\/www.qnde.ca\/wp-content\/uploads\/2022\/02\/QNDE_logo_RGB-gif.gif","contentUrl":"https:\/\/www.qnde.ca\/wp-content\/uploads\/2022\/02\/QNDE_logo_RGB-gif.gif","width":250,"height":64,"caption":"Quality NDT Ltd."},"image":{"@id":"https:\/\/www.qnde.ca\/#\/schema\/logo\/image\/"},"sameAs":["https:\/\/www.linkedin.com\/company\/qnde\/about\/?viewAsMember=true"]}]}},"jetpack_sharing_enabled":true,"_links":{"self":[{"href":"https:\/\/www.qnde.ca\/fr\/wp-json\/wp\/v2\/product\/9791","targetHints":{"allow":["GET"]}}],"collection":[{"href":"https:\/\/www.qnde.ca\/fr\/wp-json\/wp\/v2\/product"}],"about":[{"href":"https:\/\/www.qnde.ca\/fr\/wp-json\/wp\/v2\/types\/product"}],"wp:featuredmedia":[{"embeddable":true,"href":"https:\/\/www.qnde.ca\/fr\/wp-json\/wp\/v2\/media\/9797"}],"wp:attachment":[{"href":"https:\/\/www.qnde.ca\/fr\/wp-json\/wp\/v2\/media?parent=9791"}],"wp:term":[{"taxonomy":"product_brand","embeddable":true,"href":"https:\/\/www.qnde.ca\/fr\/wp-json\/wp\/v2\/product_brand?post=9791"},{"taxonomy":"product_cat","embeddable":true,"href":"https:\/\/www.qnde.ca\/fr\/wp-json\/wp\/v2\/product_cat?post=9791"},{"taxonomy":"product_tag","embeddable":true,"href":"https:\/\/www.qnde.ca\/fr\/wp-json\/wp\/v2\/product_tag?post=9791"}],"curies":[{"name":"wp","href":"https:\/\/api.w.org\/{rel}","templated":true}]}}