{"id":9373,"date":"2017-05-18T14:21:53","date_gmt":"2017-05-18T14:21:53","guid":{"rendered":"https:\/\/www.qnde.ca\/boutique\/ressuage\/lampes-uv\/opx365\/"},"modified":"2025-08-11T15:45:37","modified_gmt":"2025-08-11T19:45:37","slug":"opx365","status":"publish","type":"product","link":"https:\/\/www.qnde.ca\/fr\/produit\/opx365\/","title":{"rendered":"Spectro-UV Optimax OPX-365 Lampe de poche UV DEL"},"content":{"rendered":"<h3>Spectro-UV Optimax OPX-365 Lampe de poche UV DEL<\/h3>\n<p><span id=\"Sp1.s1.1_o\" class=\"systran_seg segmentSelected\" data-key=\"0\" data-editortype=\"target\"><span class=\"tokens_created\"><span class=\"token_created\">Cette lampe de poche<\/span>\u00a0<span class=\"token_created\">\u00e0<\/span>\u00a0<span class=\"token_created\">DEL<\/span>\u00a0<span class=\"token_created\">UV<\/span> de Spectro-UV est puissante, <span class=\"token_created\">rechargeable, et<\/span>\u00a0<span class=\"token_created\">\u00e0<\/span>\u00a0<span class=\"token_created\">haute<\/span>\u00a0<span class=\"token_created\">intensit\u00e9.<\/span><\/span><\/span><span id=\"Sp1.s1.2_o\" class=\"systran_seg\" data-key=\"1\" data-editortype=\"target\"><span class=\"tokens_created\">\u00a0<\/span><\/span><\/p>\n<p><span id=\"Sp1.s1.2_o\" class=\"systran_seg\" data-key=\"1\" data-editortype=\"target\"><span class=\"tokens_created\"><span class=\"token_created\">Intensit\u00e9<\/span>\u00a0<span class=\"token_created\">UV-A<\/span>\u00a0<span class=\"token_created\">de<\/span>\u00a0<span class=\"token_created\">18<\/span>\u00a0<span class=\"token_created\">000<\/span>\u00a0<span class=\"token_created\">W\/cm2<\/span>\u00a0<span class=\"token_created\">avec<\/span>\u00a0<span class=\"token_created\">moins<\/span>\u00a0<span class=\"token_created\">de<\/span>\u00a0<span class=\"token_created\">2<\/span>\u00a0<span class=\"token_created\">pieds<\/span>\u00a0<span class=\"token_created\">de<\/span>\u00a0<span class=\"token_created\">lumi\u00e8re<\/span>\u00a0<span class=\"token_created\">blanche<\/span>\u00a0<span class=\"token_created\">(22<\/span>\u00a0<span class=\"token_created\">lux).<\/span><\/span><\/span><\/p>\n","protected":false},"excerpt":{"rendered":"<p>Spectro-UV Optimax OPX-365 Lampe de poche UV DEL Cette lampe de poche\u00a0\u00e0\u00a0DEL\u00a0UV de Spectro-UV est puissante, rechargeable, et\u00a0\u00e0\u00a0haute\u00a0intensit\u00e9.\u00a0 Intensit\u00e9\u00a0UV-A\u00a0de\u00a018\u00a0000\u00a0W\/cm2\u00a0avec\u00a0moins\u00a0de\u00a02\u00a0pieds\u00a0de\u00a0lumi\u00e8re\u00a0blanche\u00a0(22\u00a0lux).<\/p>\n","protected":false},"featured_media":9380,"template":"","meta":{"_monsterinsights_skip_tracking":false,"_monsterinsights_sitenote_active":false,"_monsterinsights_sitenote_note":"","_monsterinsights_sitenote_category":0},"product_brand":[],"product_cat":[400,133],"product_tag":[],"class_list":{"0":"post-9373","1":"product","2":"type-product","3":"status-publish","4":"has-post-thumbnail","6":"product_cat-spectro-uv-fr","7":"product_cat-lampes-uv","9":"first","10":"instock","11":"shipping-taxable","12":"purchasable","13":"product-type-simple"},"yoast_head":"<!-- This site is optimized with the Yoast SEO plugin v23.9 - https:\/\/yoast.com\/wordpress\/plugins\/seo\/ -->\n<title>Spectro-UV Optimax OPX-365 Lampe de poche UV DEL &#060; Qualit\u00e9 NDE<\/title>\n<meta name=\"description\" content=\"Lampe de poche UV DEL Optimax OPX-365, puissante et rechargeable, 18 000 \u00b5W\/cm\u00b2 UV-A, faible lumi\u00e8re blanche, id\u00e9ale pour inspections pr\u00e9cises.\" \/>\n<meta name=\"robots\" content=\"index, follow, max-snippet:-1, max-image-preview:large, max-video-preview:-1\" \/>\n<link rel=\"canonical\" href=\"https:\/\/www.qnde.ca\/fr\/produit\/opx365\/\" \/>\n<meta name=\"twitter:label1\" content=\"Dur\u00e9e de lecture estim\u00e9e\" \/>\n\t<meta name=\"twitter:data1\" content=\"1 minute\" \/>\n<script type=\"application\/ld+json\" class=\"yoast-schema-graph\">{\"@context\":\"https:\/\/schema.org\",\"@graph\":[{\"@type\":[\"WebPage\",\"ItemPage\"],\"@id\":\"https:\/\/www.qnde.ca\/fr\/produit\/opx365\/\",\"url\":\"https:\/\/www.qnde.ca\/fr\/produit\/opx365\/\",\"name\":\"Spectro-UV Optimax OPX-365 Lampe de poche UV DEL &#060; Qualit\u00e9 NDE\",\"isPartOf\":{\"@id\":\"https:\/\/www.qnde.ca\/#website\"},\"primaryImageOfPage\":{\"@id\":\"https:\/\/www.qnde.ca\/fr\/produit\/opx365\/#primaryimage\"},\"image\":{\"@id\":\"https:\/\/www.qnde.ca\/fr\/produit\/opx365\/#primaryimage\"},\"thumbnailUrl\":\"https:\/\/www.qnde.ca\/wp-content\/uploads\/2017\/05\/OPX-365C.jpg\",\"datePublished\":\"2017-05-18T14:21:53+00:00\",\"dateModified\":\"2025-08-11T19:45:37+00:00\",\"description\":\"Lampe de poche UV DEL Optimax OPX-365, puissante et rechargeable, 18 000 \u00b5W\/cm\u00b2 UV-A, faible lumi\u00e8re blanche, id\u00e9ale pour inspections pr\u00e9cises.\",\"breadcrumb\":{\"@id\":\"https:\/\/www.qnde.ca\/fr\/produit\/opx365\/#breadcrumb\"},\"inLanguage\":\"fr-FR\",\"potentialAction\":[{\"@type\":\"ReadAction\",\"target\":[\"https:\/\/www.qnde.ca\/fr\/produit\/opx365\/\"]}]},{\"@type\":\"ImageObject\",\"inLanguage\":\"fr-FR\",\"@id\":\"https:\/\/www.qnde.ca\/fr\/produit\/opx365\/#primaryimage\",\"url\":\"https:\/\/www.qnde.ca\/wp-content\/uploads\/2017\/05\/OPX-365C.jpg\",\"contentUrl\":\"https:\/\/www.qnde.ca\/wp-content\/uploads\/2017\/05\/OPX-365C.jpg\",\"width\":480,\"height\":480},{\"@type\":\"BreadcrumbList\",\"@id\":\"https:\/\/www.qnde.ca\/fr\/produit\/opx365\/#breadcrumb\",\"itemListElement\":[{\"@type\":\"ListItem\",\"position\":1,\"name\":\"Accueil\",\"item\":\"https:\/\/www.qnde.ca\/fr\/\"},{\"@type\":\"ListItem\",\"position\":2,\"name\":\"Produits\",\"item\":\"https:\/\/www.qnde.ca\/fr\/produits\/\"},{\"@type\":\"ListItem\",\"position\":3,\"name\":\"Marques\",\"item\":\"https:\/\/www.qnde.ca\/fr\/product-category\/marques\/\"},{\"@type\":\"ListItem\",\"position\":4,\"name\":\"Spectro-UV\",\"item\":\"https:\/\/www.qnde.ca\/fr\/product-category\/marques\/spectro-uv-fr\/\"},{\"@type\":\"ListItem\",\"position\":5,\"name\":\"Spectro-UV Optimax OPX-365 Lampe de poche UV DEL\"}]},{\"@type\":\"WebSite\",\"@id\":\"https:\/\/www.qnde.ca\/#website\",\"url\":\"https:\/\/www.qnde.ca\/\",\"name\":\"Qualit\u00e9 NDE\",\"description\":\"\u00c9quipements d&#039;essais non destructifs \",\"publisher\":{\"@id\":\"https:\/\/www.qnde.ca\/#organization\"},\"potentialAction\":[{\"@type\":\"SearchAction\",\"target\":{\"@type\":\"EntryPoint\",\"urlTemplate\":\"https:\/\/www.qnde.ca\/?s={search_term_string}\"},\"query-input\":{\"@type\":\"PropertyValueSpecification\",\"valueRequired\":true,\"valueName\":\"search_term_string\"}}],\"inLanguage\":\"fr-FR\"},{\"@type\":\"Organization\",\"@id\":\"https:\/\/www.qnde.ca\/#organization\",\"name\":\"Quality NDT Ltd.\",\"url\":\"https:\/\/www.qnde.ca\/\",\"logo\":{\"@type\":\"ImageObject\",\"inLanguage\":\"fr-FR\",\"@id\":\"https:\/\/www.qnde.ca\/#\/schema\/logo\/image\/\",\"url\":\"https:\/\/www.qnde.ca\/wp-content\/uploads\/2022\/02\/QNDE_logo_RGB-gif.gif\",\"contentUrl\":\"https:\/\/www.qnde.ca\/wp-content\/uploads\/2022\/02\/QNDE_logo_RGB-gif.gif\",\"width\":250,\"height\":64,\"caption\":\"Quality NDT Ltd.\"},\"image\":{\"@id\":\"https:\/\/www.qnde.ca\/#\/schema\/logo\/image\/\"},\"sameAs\":[\"https:\/\/www.linkedin.com\/company\/qnde\/about\/?viewAsMember=true\"]}]}<\/script>\n<!-- \/ Yoast SEO plugin. -->","yoast_head_json":{"title":"Spectro-UV Optimax OPX-365 Lampe de poche UV DEL &#060; Qualit\u00e9 NDE","description":"Lampe de poche UV DEL Optimax OPX-365, puissante et rechargeable, 18 000 \u00b5W\/cm\u00b2 UV-A, faible lumi\u00e8re blanche, id\u00e9ale pour inspections pr\u00e9cises.","robots":{"index":"index","follow":"follow","max-snippet":"max-snippet:-1","max-image-preview":"max-image-preview:large","max-video-preview":"max-video-preview:-1"},"canonical":"https:\/\/www.qnde.ca\/fr\/produit\/opx365\/","twitter_misc":{"Dur\u00e9e de lecture estim\u00e9e":"1 minute"},"schema":{"@context":"https:\/\/schema.org","@graph":[{"@type":["WebPage","ItemPage"],"@id":"https:\/\/www.qnde.ca\/fr\/produit\/opx365\/","url":"https:\/\/www.qnde.ca\/fr\/produit\/opx365\/","name":"Spectro-UV Optimax OPX-365 Lampe de poche UV DEL &#060; Qualit\u00e9 NDE","isPartOf":{"@id":"https:\/\/www.qnde.ca\/#website"},"primaryImageOfPage":{"@id":"https:\/\/www.qnde.ca\/fr\/produit\/opx365\/#primaryimage"},"image":{"@id":"https:\/\/www.qnde.ca\/fr\/produit\/opx365\/#primaryimage"},"thumbnailUrl":"https:\/\/www.qnde.ca\/wp-content\/uploads\/2017\/05\/OPX-365C.jpg","datePublished":"2017-05-18T14:21:53+00:00","dateModified":"2025-08-11T19:45:37+00:00","description":"Lampe de poche UV DEL Optimax OPX-365, puissante et rechargeable, 18 000 \u00b5W\/cm\u00b2 UV-A, faible lumi\u00e8re blanche, id\u00e9ale pour inspections pr\u00e9cises.","breadcrumb":{"@id":"https:\/\/www.qnde.ca\/fr\/produit\/opx365\/#breadcrumb"},"inLanguage":"fr-FR","potentialAction":[{"@type":"ReadAction","target":["https:\/\/www.qnde.ca\/fr\/produit\/opx365\/"]}]},{"@type":"ImageObject","inLanguage":"fr-FR","@id":"https:\/\/www.qnde.ca\/fr\/produit\/opx365\/#primaryimage","url":"https:\/\/www.qnde.ca\/wp-content\/uploads\/2017\/05\/OPX-365C.jpg","contentUrl":"https:\/\/www.qnde.ca\/wp-content\/uploads\/2017\/05\/OPX-365C.jpg","width":480,"height":480},{"@type":"BreadcrumbList","@id":"https:\/\/www.qnde.ca\/fr\/produit\/opx365\/#breadcrumb","itemListElement":[{"@type":"ListItem","position":1,"name":"Accueil","item":"https:\/\/www.qnde.ca\/fr\/"},{"@type":"ListItem","position":2,"name":"Produits","item":"https:\/\/www.qnde.ca\/fr\/produits\/"},{"@type":"ListItem","position":3,"name":"Marques","item":"https:\/\/www.qnde.ca\/fr\/product-category\/marques\/"},{"@type":"ListItem","position":4,"name":"Spectro-UV","item":"https:\/\/www.qnde.ca\/fr\/product-category\/marques\/spectro-uv-fr\/"},{"@type":"ListItem","position":5,"name":"Spectro-UV Optimax OPX-365 Lampe de poche UV DEL"}]},{"@type":"WebSite","@id":"https:\/\/www.qnde.ca\/#website","url":"https:\/\/www.qnde.ca\/","name":"Qualit\u00e9 NDE","description":"\u00c9quipements d&#039;essais non destructifs ","publisher":{"@id":"https:\/\/www.qnde.ca\/#organization"},"potentialAction":[{"@type":"SearchAction","target":{"@type":"EntryPoint","urlTemplate":"https:\/\/www.qnde.ca\/?s={search_term_string}"},"query-input":{"@type":"PropertyValueSpecification","valueRequired":true,"valueName":"search_term_string"}}],"inLanguage":"fr-FR"},{"@type":"Organization","@id":"https:\/\/www.qnde.ca\/#organization","name":"Quality NDT Ltd.","url":"https:\/\/www.qnde.ca\/","logo":{"@type":"ImageObject","inLanguage":"fr-FR","@id":"https:\/\/www.qnde.ca\/#\/schema\/logo\/image\/","url":"https:\/\/www.qnde.ca\/wp-content\/uploads\/2022\/02\/QNDE_logo_RGB-gif.gif","contentUrl":"https:\/\/www.qnde.ca\/wp-content\/uploads\/2022\/02\/QNDE_logo_RGB-gif.gif","width":250,"height":64,"caption":"Quality NDT Ltd."},"image":{"@id":"https:\/\/www.qnde.ca\/#\/schema\/logo\/image\/"},"sameAs":["https:\/\/www.linkedin.com\/company\/qnde\/about\/?viewAsMember=true"]}]}},"jetpack_sharing_enabled":true,"_links":{"self":[{"href":"https:\/\/www.qnde.ca\/fr\/wp-json\/wp\/v2\/product\/9373","targetHints":{"allow":["GET"]}}],"collection":[{"href":"https:\/\/www.qnde.ca\/fr\/wp-json\/wp\/v2\/product"}],"about":[{"href":"https:\/\/www.qnde.ca\/fr\/wp-json\/wp\/v2\/types\/product"}],"wp:featuredmedia":[{"embeddable":true,"href":"https:\/\/www.qnde.ca\/fr\/wp-json\/wp\/v2\/media\/9380"}],"wp:attachment":[{"href":"https:\/\/www.qnde.ca\/fr\/wp-json\/wp\/v2\/media?parent=9373"}],"wp:term":[{"taxonomy":"product_brand","embeddable":true,"href":"https:\/\/www.qnde.ca\/fr\/wp-json\/wp\/v2\/product_brand?post=9373"},{"taxonomy":"product_cat","embeddable":true,"href":"https:\/\/www.qnde.ca\/fr\/wp-json\/wp\/v2\/product_cat?post=9373"},{"taxonomy":"product_tag","embeddable":true,"href":"https:\/\/www.qnde.ca\/fr\/wp-json\/wp\/v2\/product_tag?post=9373"}],"curies":[{"name":"wp","href":"https:\/\/api.w.org\/{rel}","templated":true}]}}