{"id":9337,"date":"2017-05-10T19:44:37","date_gmt":"2017-05-10T19:44:37","guid":{"rendered":"https:\/\/www.qnde.ca\/boutique\/ressuage\/lampes-uv\/dm365xa\/"},"modified":"2025-08-11T15:59:18","modified_gmt":"2025-08-11T19:59:18","slug":"dm365xa","status":"publish","type":"product","link":"https:\/\/www.qnde.ca\/fr\/produit\/dm365xa\/","title":{"rendered":"Spectro-UV Radiom\u00e8tre DM-365XA UV"},"content":{"rendered":"<h4>Spectro-UV Radiom\u00e8tre DM-365XA UV<\/h4>\n<p>Ce radiometre de Spectro-UV mesure des sources lumineuses UV SEULEMENT avec une pr\u00e9cision globale de \u00b1 5%.<\/p>\n","protected":false},"excerpt":{"rendered":"<p>Spectro-UV Radiom\u00e8tre DM-365XA UV Ce radiometre de Spectro-UV mesure des sources lumineuses UV SEULEMENT avec une pr\u00e9cision globale de \u00b1 5%.<\/p>\n","protected":false},"featured_media":9349,"template":"","meta":{"_monsterinsights_skip_tracking":false,"_monsterinsights_sitenote_active":false,"_monsterinsights_sitenote_note":"","_monsterinsights_sitenote_category":0},"product_brand":[],"product_cat":[400,133],"product_tag":[],"class_list":{"0":"post-9337","1":"product","2":"type-product","3":"status-publish","4":"has-post-thumbnail","6":"product_cat-spectro-uv-fr","7":"product_cat-lampes-uv","9":"first","10":"instock","11":"shipping-taxable","12":"purchasable","13":"product-type-simple"},"yoast_head":"<!-- This site is optimized with the Yoast SEO plugin v23.9 - https:\/\/yoast.com\/wordpress\/plugins\/seo\/ -->\n<title>Spectro-UV Radiom\u00e8tre DM-365XA UV &#060; Qualit\u00e9 NDE<\/title>\n<meta name=\"description\" content=\"Radiom\u00e8tre DM-365XA UV de Spectro-UV mesure des sources lumineuses UV SEULEMENT avec une pr\u00e9cision globale de \u00b1 5 % exacte.\" \/>\n<meta name=\"robots\" content=\"index, follow, max-snippet:-1, max-image-preview:large, max-video-preview:-1\" \/>\n<link rel=\"canonical\" href=\"https:\/\/www.qnde.ca\/fr\/produit\/dm365xa\/\" \/>\n<meta name=\"twitter:label1\" content=\"Dur\u00e9e de lecture estim\u00e9e\" \/>\n\t<meta name=\"twitter:data1\" content=\"1 minute\" \/>\n<script type=\"application\/ld+json\" class=\"yoast-schema-graph\">{\"@context\":\"https:\/\/schema.org\",\"@graph\":[{\"@type\":[\"WebPage\",\"ItemPage\"],\"@id\":\"https:\/\/www.qnde.ca\/fr\/produit\/dm365xa\/\",\"url\":\"https:\/\/www.qnde.ca\/fr\/produit\/dm365xa\/\",\"name\":\"Spectro-UV Radiom\u00e8tre DM-365XA UV &#060; Qualit\u00e9 NDE\",\"isPartOf\":{\"@id\":\"https:\/\/www.qnde.ca\/#website\"},\"primaryImageOfPage\":{\"@id\":\"https:\/\/www.qnde.ca\/fr\/produit\/dm365xa\/#primaryimage\"},\"image\":{\"@id\":\"https:\/\/www.qnde.ca\/fr\/produit\/dm365xa\/#primaryimage\"},\"thumbnailUrl\":\"https:\/\/www.qnde.ca\/wp-content\/uploads\/2017\/05\/DM-365XA.jpg\",\"datePublished\":\"2017-05-10T19:44:37+00:00\",\"dateModified\":\"2025-08-11T19:59:18+00:00\",\"description\":\"Radiom\u00e8tre DM-365XA UV de Spectro-UV mesure des sources lumineuses UV SEULEMENT avec une pr\u00e9cision globale de \u00b1 5 % exacte.\",\"breadcrumb\":{\"@id\":\"https:\/\/www.qnde.ca\/fr\/produit\/dm365xa\/#breadcrumb\"},\"inLanguage\":\"fr-FR\",\"potentialAction\":[{\"@type\":\"ReadAction\",\"target\":[\"https:\/\/www.qnde.ca\/fr\/produit\/dm365xa\/\"]}]},{\"@type\":\"ImageObject\",\"inLanguage\":\"fr-FR\",\"@id\":\"https:\/\/www.qnde.ca\/fr\/produit\/dm365xa\/#primaryimage\",\"url\":\"https:\/\/www.qnde.ca\/wp-content\/uploads\/2017\/05\/DM-365XA.jpg\",\"contentUrl\":\"https:\/\/www.qnde.ca\/wp-content\/uploads\/2017\/05\/DM-365XA.jpg\",\"width\":575,\"height\":576},{\"@type\":\"BreadcrumbList\",\"@id\":\"https:\/\/www.qnde.ca\/fr\/produit\/dm365xa\/#breadcrumb\",\"itemListElement\":[{\"@type\":\"ListItem\",\"position\":1,\"name\":\"Accueil\",\"item\":\"https:\/\/www.qnde.ca\/fr\/\"},{\"@type\":\"ListItem\",\"position\":2,\"name\":\"Produits\",\"item\":\"https:\/\/www.qnde.ca\/fr\/produits\/\"},{\"@type\":\"ListItem\",\"position\":3,\"name\":\"Marques\",\"item\":\"https:\/\/www.qnde.ca\/fr\/product-category\/marques\/\"},{\"@type\":\"ListItem\",\"position\":4,\"name\":\"Spectro-UV\",\"item\":\"https:\/\/www.qnde.ca\/fr\/product-category\/marques\/spectro-uv-fr\/\"},{\"@type\":\"ListItem\",\"position\":5,\"name\":\"Spectro-UV Radiom\u00e8tre DM-365XA UV\"}]},{\"@type\":\"WebSite\",\"@id\":\"https:\/\/www.qnde.ca\/#website\",\"url\":\"https:\/\/www.qnde.ca\/\",\"name\":\"Qualit\u00e9 NDE\",\"description\":\"\u00c9quipements d&#039;essais non destructifs \",\"publisher\":{\"@id\":\"https:\/\/www.qnde.ca\/#organization\"},\"potentialAction\":[{\"@type\":\"SearchAction\",\"target\":{\"@type\":\"EntryPoint\",\"urlTemplate\":\"https:\/\/www.qnde.ca\/?s={search_term_string}\"},\"query-input\":{\"@type\":\"PropertyValueSpecification\",\"valueRequired\":true,\"valueName\":\"search_term_string\"}}],\"inLanguage\":\"fr-FR\"},{\"@type\":\"Organization\",\"@id\":\"https:\/\/www.qnde.ca\/#organization\",\"name\":\"Quality NDT Ltd.\",\"url\":\"https:\/\/www.qnde.ca\/\",\"logo\":{\"@type\":\"ImageObject\",\"inLanguage\":\"fr-FR\",\"@id\":\"https:\/\/www.qnde.ca\/#\/schema\/logo\/image\/\",\"url\":\"https:\/\/www.qnde.ca\/wp-content\/uploads\/2022\/02\/QNDE_logo_RGB-gif.gif\",\"contentUrl\":\"https:\/\/www.qnde.ca\/wp-content\/uploads\/2022\/02\/QNDE_logo_RGB-gif.gif\",\"width\":250,\"height\":64,\"caption\":\"Quality NDT Ltd.\"},\"image\":{\"@id\":\"https:\/\/www.qnde.ca\/#\/schema\/logo\/image\/\"},\"sameAs\":[\"https:\/\/www.linkedin.com\/company\/qnde\/about\/?viewAsMember=true\"]}]}<\/script>\n<!-- \/ Yoast SEO plugin. -->","yoast_head_json":{"title":"Spectro-UV Radiom\u00e8tre DM-365XA UV &#060; Qualit\u00e9 NDE","description":"Radiom\u00e8tre DM-365XA UV de Spectro-UV mesure des sources lumineuses UV SEULEMENT avec une pr\u00e9cision globale de \u00b1 5 % exacte.","robots":{"index":"index","follow":"follow","max-snippet":"max-snippet:-1","max-image-preview":"max-image-preview:large","max-video-preview":"max-video-preview:-1"},"canonical":"https:\/\/www.qnde.ca\/fr\/produit\/dm365xa\/","twitter_misc":{"Dur\u00e9e de lecture estim\u00e9e":"1 minute"},"schema":{"@context":"https:\/\/schema.org","@graph":[{"@type":["WebPage","ItemPage"],"@id":"https:\/\/www.qnde.ca\/fr\/produit\/dm365xa\/","url":"https:\/\/www.qnde.ca\/fr\/produit\/dm365xa\/","name":"Spectro-UV Radiom\u00e8tre DM-365XA UV &#060; Qualit\u00e9 NDE","isPartOf":{"@id":"https:\/\/www.qnde.ca\/#website"},"primaryImageOfPage":{"@id":"https:\/\/www.qnde.ca\/fr\/produit\/dm365xa\/#primaryimage"},"image":{"@id":"https:\/\/www.qnde.ca\/fr\/produit\/dm365xa\/#primaryimage"},"thumbnailUrl":"https:\/\/www.qnde.ca\/wp-content\/uploads\/2017\/05\/DM-365XA.jpg","datePublished":"2017-05-10T19:44:37+00:00","dateModified":"2025-08-11T19:59:18+00:00","description":"Radiom\u00e8tre DM-365XA UV de Spectro-UV mesure des sources lumineuses UV SEULEMENT avec une pr\u00e9cision globale de \u00b1 5 % exacte.","breadcrumb":{"@id":"https:\/\/www.qnde.ca\/fr\/produit\/dm365xa\/#breadcrumb"},"inLanguage":"fr-FR","potentialAction":[{"@type":"ReadAction","target":["https:\/\/www.qnde.ca\/fr\/produit\/dm365xa\/"]}]},{"@type":"ImageObject","inLanguage":"fr-FR","@id":"https:\/\/www.qnde.ca\/fr\/produit\/dm365xa\/#primaryimage","url":"https:\/\/www.qnde.ca\/wp-content\/uploads\/2017\/05\/DM-365XA.jpg","contentUrl":"https:\/\/www.qnde.ca\/wp-content\/uploads\/2017\/05\/DM-365XA.jpg","width":575,"height":576},{"@type":"BreadcrumbList","@id":"https:\/\/www.qnde.ca\/fr\/produit\/dm365xa\/#breadcrumb","itemListElement":[{"@type":"ListItem","position":1,"name":"Accueil","item":"https:\/\/www.qnde.ca\/fr\/"},{"@type":"ListItem","position":2,"name":"Produits","item":"https:\/\/www.qnde.ca\/fr\/produits\/"},{"@type":"ListItem","position":3,"name":"Marques","item":"https:\/\/www.qnde.ca\/fr\/product-category\/marques\/"},{"@type":"ListItem","position":4,"name":"Spectro-UV","item":"https:\/\/www.qnde.ca\/fr\/product-category\/marques\/spectro-uv-fr\/"},{"@type":"ListItem","position":5,"name":"Spectro-UV Radiom\u00e8tre DM-365XA UV"}]},{"@type":"WebSite","@id":"https:\/\/www.qnde.ca\/#website","url":"https:\/\/www.qnde.ca\/","name":"Qualit\u00e9 NDE","description":"\u00c9quipements d&#039;essais non destructifs ","publisher":{"@id":"https:\/\/www.qnde.ca\/#organization"},"potentialAction":[{"@type":"SearchAction","target":{"@type":"EntryPoint","urlTemplate":"https:\/\/www.qnde.ca\/?s={search_term_string}"},"query-input":{"@type":"PropertyValueSpecification","valueRequired":true,"valueName":"search_term_string"}}],"inLanguage":"fr-FR"},{"@type":"Organization","@id":"https:\/\/www.qnde.ca\/#organization","name":"Quality NDT Ltd.","url":"https:\/\/www.qnde.ca\/","logo":{"@type":"ImageObject","inLanguage":"fr-FR","@id":"https:\/\/www.qnde.ca\/#\/schema\/logo\/image\/","url":"https:\/\/www.qnde.ca\/wp-content\/uploads\/2022\/02\/QNDE_logo_RGB-gif.gif","contentUrl":"https:\/\/www.qnde.ca\/wp-content\/uploads\/2022\/02\/QNDE_logo_RGB-gif.gif","width":250,"height":64,"caption":"Quality NDT Ltd."},"image":{"@id":"https:\/\/www.qnde.ca\/#\/schema\/logo\/image\/"},"sameAs":["https:\/\/www.linkedin.com\/company\/qnde\/about\/?viewAsMember=true"]}]}},"jetpack_sharing_enabled":true,"_links":{"self":[{"href":"https:\/\/www.qnde.ca\/fr\/wp-json\/wp\/v2\/product\/9337","targetHints":{"allow":["GET"]}}],"collection":[{"href":"https:\/\/www.qnde.ca\/fr\/wp-json\/wp\/v2\/product"}],"about":[{"href":"https:\/\/www.qnde.ca\/fr\/wp-json\/wp\/v2\/types\/product"}],"wp:featuredmedia":[{"embeddable":true,"href":"https:\/\/www.qnde.ca\/fr\/wp-json\/wp\/v2\/media\/9349"}],"wp:attachment":[{"href":"https:\/\/www.qnde.ca\/fr\/wp-json\/wp\/v2\/media?parent=9337"}],"wp:term":[{"taxonomy":"product_brand","embeddable":true,"href":"https:\/\/www.qnde.ca\/fr\/wp-json\/wp\/v2\/product_brand?post=9337"},{"taxonomy":"product_cat","embeddable":true,"href":"https:\/\/www.qnde.ca\/fr\/wp-json\/wp\/v2\/product_cat?post=9337"},{"taxonomy":"product_tag","embeddable":true,"href":"https:\/\/www.qnde.ca\/fr\/wp-json\/wp\/v2\/product_tag?post=9337"}],"curies":[{"name":"wp","href":"https:\/\/api.w.org\/{rel}","templated":true}]}}