{"id":9322,"date":"2017-05-10T18:10:35","date_gmt":"2017-05-10T18:10:35","guid":{"rendered":"https:\/\/www.qnde.ca\/boutique\/ressuage\/lampes-uv\/accupro\/"},"modified":"2025-06-06T15:54:11","modified_gmt":"2025-06-06T19:54:11","slug":"accupro","status":"publish","type":"product","link":"https:\/\/www.qnde.ca\/fr\/produit\/accupro\/","title":{"rendered":"Spectro-UV AccuPRO Radiom\u00e8tre\/Photom\u00e8tre"},"content":{"rendered":"<h3><strong>Spectro-UV AccuPRO Radiom\u00e8tre\/Photom\u00e8tre<\/strong><\/h3>\n<p>Un d\u00e9tecteur \u00e0 doubles capteurs; mesure \u00e0 la fois la lumi\u00e8re UV et la lumi\u00e8re blanche. Conforme \u00e0 la nouvelle norme ASTM E3022-15 (r\u00e9solution minimale de 5 \u03bcW\/cm<sup>2<\/sup>). C\u00e2ble \u00e0 connexion directe entre le capteur et l\u2019unit\u00e9 de lecture (c\u00e2ble non rempla\u00e7able).<\/p>\n<ul>\n<li>XP-2000: Accupro, appareil de mesure de lumi\u00e8re UV et visible (c\u00e2ble non rempla\u00e7able).<\/li>\n<li>XRP-3000: AccuMAX, appareil de mesure de lumi\u00e8re UV et visible (c\u00e2ble USB).<\/li>\n<\/ul>\n","protected":false},"excerpt":{"rendered":"<p>Spectro-UV AccuPRO Radiom\u00e8tre\/Photom\u00e8tre Un d\u00e9tecteur \u00e0 doubles capteurs; mesure \u00e0 la fois la lumi\u00e8re UV et la lumi\u00e8re blanche. Conforme \u00e0 la nouvelle norme ASTM E3022-15 (r\u00e9solution minimale de 5 \u03bcW\/cm2). C\u00e2ble \u00e0 connexion directe entre le capteur et l\u2019unit\u00e9 de lecture (c\u00e2ble non rempla\u00e7able). XP-2000: Accupro, appareil de mesure de lumi\u00e8re UV et visible [&hellip;]<\/p>\n","protected":false},"featured_media":32129,"template":"","meta":{"_monsterinsights_skip_tracking":false,"_monsterinsights_sitenote_active":false,"_monsterinsights_sitenote_note":"","_monsterinsights_sitenote_category":0},"product_brand":[],"product_cat":[400,133],"product_tag":[],"class_list":{"0":"post-9322","1":"product","2":"type-product","3":"status-publish","4":"has-post-thumbnail","6":"product_cat-spectro-uv-fr","7":"product_cat-lampes-uv","9":"first","10":"instock","11":"shipping-taxable","12":"purchasable","13":"product-type-variable"},"yoast_head":"<!-- This site is optimized with the Yoast SEO plugin v23.9 - https:\/\/yoast.com\/wordpress\/plugins\/seo\/ -->\n<title>Spectro-UV AccuPRO Radiom\u00e8tre\/Photom\u00e8tre &#060; Qualit\u00e9 NDE<\/title>\n<meta name=\"description\" content=\"Un d\u00e9tecteur \u00e0 doubles capteurs; mesure \u00e0 la fois la lumi\u00e8re UV et la lumi\u00e8re blanche. Conforme \u00e0 la nouvelle norme ASTM E3022-15.\" \/>\n<meta name=\"robots\" content=\"index, follow, max-snippet:-1, max-image-preview:large, max-video-preview:-1\" \/>\n<link rel=\"canonical\" href=\"https:\/\/www.qnde.ca\/fr\/produit\/accupro\/\" \/>\n<meta name=\"twitter:label1\" content=\"Dur\u00e9e de lecture estim\u00e9e\" \/>\n\t<meta name=\"twitter:data1\" content=\"1 minute\" \/>\n<script type=\"application\/ld+json\" class=\"yoast-schema-graph\">{\"@context\":\"https:\/\/schema.org\",\"@graph\":[{\"@type\":[\"WebPage\",\"ItemPage\"],\"@id\":\"https:\/\/www.qnde.ca\/fr\/produit\/accupro\/\",\"url\":\"https:\/\/www.qnde.ca\/fr\/produit\/accupro\/\",\"name\":\"Spectro-UV AccuPRO Radiom\u00e8tre\/Photom\u00e8tre &#060; Qualit\u00e9 NDE\",\"isPartOf\":{\"@id\":\"https:\/\/www.qnde.ca\/#website\"},\"primaryImageOfPage\":{\"@id\":\"https:\/\/www.qnde.ca\/fr\/produit\/accupro\/#primaryimage\"},\"image\":{\"@id\":\"https:\/\/www.qnde.ca\/fr\/produit\/accupro\/#primaryimage\"},\"thumbnailUrl\":\"https:\/\/www.qnde.ca\/wp-content\/uploads\/2017\/05\/ACCUPRO-Copy_2725f28d-d956-4dad-9c87-351a240be2b6.webp\",\"datePublished\":\"2017-05-10T18:10:35+00:00\",\"dateModified\":\"2025-06-06T19:54:11+00:00\",\"description\":\"Un d\u00e9tecteur \u00e0 doubles capteurs; mesure \u00e0 la fois la lumi\u00e8re UV et la lumi\u00e8re blanche. Conforme \u00e0 la nouvelle norme ASTM E3022-15.\",\"breadcrumb\":{\"@id\":\"https:\/\/www.qnde.ca\/fr\/produit\/accupro\/#breadcrumb\"},\"inLanguage\":\"fr-FR\",\"potentialAction\":[{\"@type\":\"ReadAction\",\"target\":[\"https:\/\/www.qnde.ca\/fr\/produit\/accupro\/\"]}]},{\"@type\":\"ImageObject\",\"inLanguage\":\"fr-FR\",\"@id\":\"https:\/\/www.qnde.ca\/fr\/produit\/accupro\/#primaryimage\",\"url\":\"https:\/\/www.qnde.ca\/wp-content\/uploads\/2017\/05\/ACCUPRO-Copy_2725f28d-d956-4dad-9c87-351a240be2b6.webp\",\"contentUrl\":\"https:\/\/www.qnde.ca\/wp-content\/uploads\/2017\/05\/ACCUPRO-Copy_2725f28d-d956-4dad-9c87-351a240be2b6.webp\",\"width\":823,\"height\":951},{\"@type\":\"BreadcrumbList\",\"@id\":\"https:\/\/www.qnde.ca\/fr\/produit\/accupro\/#breadcrumb\",\"itemListElement\":[{\"@type\":\"ListItem\",\"position\":1,\"name\":\"Accueil\",\"item\":\"https:\/\/www.qnde.ca\/fr\/\"},{\"@type\":\"ListItem\",\"position\":2,\"name\":\"Produits\",\"item\":\"https:\/\/www.qnde.ca\/fr\/produits\/\"},{\"@type\":\"ListItem\",\"position\":3,\"name\":\"Marques\",\"item\":\"https:\/\/www.qnde.ca\/fr\/product-category\/marques\/\"},{\"@type\":\"ListItem\",\"position\":4,\"name\":\"Spectro-UV\",\"item\":\"https:\/\/www.qnde.ca\/fr\/product-category\/marques\/spectro-uv-fr\/\"},{\"@type\":\"ListItem\",\"position\":5,\"name\":\"Spectro-UV AccuPRO Radiom\u00e8tre\/Photom\u00e8tre\"}]},{\"@type\":\"WebSite\",\"@id\":\"https:\/\/www.qnde.ca\/#website\",\"url\":\"https:\/\/www.qnde.ca\/\",\"name\":\"Qualit\u00e9 NDE\",\"description\":\"\u00c9quipements d&#039;essais non destructifs \",\"publisher\":{\"@id\":\"https:\/\/www.qnde.ca\/#organization\"},\"potentialAction\":[{\"@type\":\"SearchAction\",\"target\":{\"@type\":\"EntryPoint\",\"urlTemplate\":\"https:\/\/www.qnde.ca\/?s={search_term_string}\"},\"query-input\":{\"@type\":\"PropertyValueSpecification\",\"valueRequired\":true,\"valueName\":\"search_term_string\"}}],\"inLanguage\":\"fr-FR\"},{\"@type\":\"Organization\",\"@id\":\"https:\/\/www.qnde.ca\/#organization\",\"name\":\"Quality NDT Ltd.\",\"url\":\"https:\/\/www.qnde.ca\/\",\"logo\":{\"@type\":\"ImageObject\",\"inLanguage\":\"fr-FR\",\"@id\":\"https:\/\/www.qnde.ca\/#\/schema\/logo\/image\/\",\"url\":\"https:\/\/www.qnde.ca\/wp-content\/uploads\/2022\/02\/QNDE_logo_RGB-gif.gif\",\"contentUrl\":\"https:\/\/www.qnde.ca\/wp-content\/uploads\/2022\/02\/QNDE_logo_RGB-gif.gif\",\"width\":250,\"height\":64,\"caption\":\"Quality NDT Ltd.\"},\"image\":{\"@id\":\"https:\/\/www.qnde.ca\/#\/schema\/logo\/image\/\"},\"sameAs\":[\"https:\/\/www.linkedin.com\/company\/qnde\/about\/?viewAsMember=true\"]}]}<\/script>\n<!-- \/ Yoast SEO plugin. -->","yoast_head_json":{"title":"Spectro-UV AccuPRO Radiom\u00e8tre\/Photom\u00e8tre &#060; Qualit\u00e9 NDE","description":"Un d\u00e9tecteur \u00e0 doubles capteurs; mesure \u00e0 la fois la lumi\u00e8re UV et la lumi\u00e8re blanche. Conforme \u00e0 la nouvelle norme ASTM E3022-15.","robots":{"index":"index","follow":"follow","max-snippet":"max-snippet:-1","max-image-preview":"max-image-preview:large","max-video-preview":"max-video-preview:-1"},"canonical":"https:\/\/www.qnde.ca\/fr\/produit\/accupro\/","twitter_misc":{"Dur\u00e9e de lecture estim\u00e9e":"1 minute"},"schema":{"@context":"https:\/\/schema.org","@graph":[{"@type":["WebPage","ItemPage"],"@id":"https:\/\/www.qnde.ca\/fr\/produit\/accupro\/","url":"https:\/\/www.qnde.ca\/fr\/produit\/accupro\/","name":"Spectro-UV AccuPRO Radiom\u00e8tre\/Photom\u00e8tre &#060; Qualit\u00e9 NDE","isPartOf":{"@id":"https:\/\/www.qnde.ca\/#website"},"primaryImageOfPage":{"@id":"https:\/\/www.qnde.ca\/fr\/produit\/accupro\/#primaryimage"},"image":{"@id":"https:\/\/www.qnde.ca\/fr\/produit\/accupro\/#primaryimage"},"thumbnailUrl":"https:\/\/www.qnde.ca\/wp-content\/uploads\/2017\/05\/ACCUPRO-Copy_2725f28d-d956-4dad-9c87-351a240be2b6.webp","datePublished":"2017-05-10T18:10:35+00:00","dateModified":"2025-06-06T19:54:11+00:00","description":"Un d\u00e9tecteur \u00e0 doubles capteurs; mesure \u00e0 la fois la lumi\u00e8re UV et la lumi\u00e8re blanche. Conforme \u00e0 la nouvelle norme ASTM E3022-15.","breadcrumb":{"@id":"https:\/\/www.qnde.ca\/fr\/produit\/accupro\/#breadcrumb"},"inLanguage":"fr-FR","potentialAction":[{"@type":"ReadAction","target":["https:\/\/www.qnde.ca\/fr\/produit\/accupro\/"]}]},{"@type":"ImageObject","inLanguage":"fr-FR","@id":"https:\/\/www.qnde.ca\/fr\/produit\/accupro\/#primaryimage","url":"https:\/\/www.qnde.ca\/wp-content\/uploads\/2017\/05\/ACCUPRO-Copy_2725f28d-d956-4dad-9c87-351a240be2b6.webp","contentUrl":"https:\/\/www.qnde.ca\/wp-content\/uploads\/2017\/05\/ACCUPRO-Copy_2725f28d-d956-4dad-9c87-351a240be2b6.webp","width":823,"height":951},{"@type":"BreadcrumbList","@id":"https:\/\/www.qnde.ca\/fr\/produit\/accupro\/#breadcrumb","itemListElement":[{"@type":"ListItem","position":1,"name":"Accueil","item":"https:\/\/www.qnde.ca\/fr\/"},{"@type":"ListItem","position":2,"name":"Produits","item":"https:\/\/www.qnde.ca\/fr\/produits\/"},{"@type":"ListItem","position":3,"name":"Marques","item":"https:\/\/www.qnde.ca\/fr\/product-category\/marques\/"},{"@type":"ListItem","position":4,"name":"Spectro-UV","item":"https:\/\/www.qnde.ca\/fr\/product-category\/marques\/spectro-uv-fr\/"},{"@type":"ListItem","position":5,"name":"Spectro-UV AccuPRO Radiom\u00e8tre\/Photom\u00e8tre"}]},{"@type":"WebSite","@id":"https:\/\/www.qnde.ca\/#website","url":"https:\/\/www.qnde.ca\/","name":"Qualit\u00e9 NDE","description":"\u00c9quipements d&#039;essais non destructifs ","publisher":{"@id":"https:\/\/www.qnde.ca\/#organization"},"potentialAction":[{"@type":"SearchAction","target":{"@type":"EntryPoint","urlTemplate":"https:\/\/www.qnde.ca\/?s={search_term_string}"},"query-input":{"@type":"PropertyValueSpecification","valueRequired":true,"valueName":"search_term_string"}}],"inLanguage":"fr-FR"},{"@type":"Organization","@id":"https:\/\/www.qnde.ca\/#organization","name":"Quality NDT Ltd.","url":"https:\/\/www.qnde.ca\/","logo":{"@type":"ImageObject","inLanguage":"fr-FR","@id":"https:\/\/www.qnde.ca\/#\/schema\/logo\/image\/","url":"https:\/\/www.qnde.ca\/wp-content\/uploads\/2022\/02\/QNDE_logo_RGB-gif.gif","contentUrl":"https:\/\/www.qnde.ca\/wp-content\/uploads\/2022\/02\/QNDE_logo_RGB-gif.gif","width":250,"height":64,"caption":"Quality NDT Ltd."},"image":{"@id":"https:\/\/www.qnde.ca\/#\/schema\/logo\/image\/"},"sameAs":["https:\/\/www.linkedin.com\/company\/qnde\/about\/?viewAsMember=true"]}]}},"jetpack_sharing_enabled":true,"_links":{"self":[{"href":"https:\/\/www.qnde.ca\/fr\/wp-json\/wp\/v2\/product\/9322","targetHints":{"allow":["GET"]}}],"collection":[{"href":"https:\/\/www.qnde.ca\/fr\/wp-json\/wp\/v2\/product"}],"about":[{"href":"https:\/\/www.qnde.ca\/fr\/wp-json\/wp\/v2\/types\/product"}],"wp:featuredmedia":[{"embeddable":true,"href":"https:\/\/www.qnde.ca\/fr\/wp-json\/wp\/v2\/media\/32129"}],"wp:attachment":[{"href":"https:\/\/www.qnde.ca\/fr\/wp-json\/wp\/v2\/media?parent=9322"}],"wp:term":[{"taxonomy":"product_brand","embeddable":true,"href":"https:\/\/www.qnde.ca\/fr\/wp-json\/wp\/v2\/product_brand?post=9322"},{"taxonomy":"product_cat","embeddable":true,"href":"https:\/\/www.qnde.ca\/fr\/wp-json\/wp\/v2\/product_cat?post=9322"},{"taxonomy":"product_tag","embeddable":true,"href":"https:\/\/www.qnde.ca\/fr\/wp-json\/wp\/v2\/product_tag?post=9322"}],"curies":[{"name":"wp","href":"https:\/\/api.w.org\/{rel}","templated":true}]}}