{"id":9149,"date":"2017-02-22T20:46:11","date_gmt":"2017-02-22T20:46:11","guid":{"rendered":"https:\/\/www.qnde.ca\/product\/p2yoke\/"},"modified":"2025-08-12T11:43:40","modified_gmt":"2025-08-12T15:43:40","slug":"p2yoke","status":"publish","type":"product","link":"https:\/\/www.qnde.ca\/fr\/produit\/p2yoke\/","title":{"rendered":"Parker P-2 Culasse AC Design Ergonomique"},"content":{"rendered":"<h3><strong>Parker P-2 Culasse AC Design Ergonomique<\/strong><\/h3>\n<p>Seulement 4.6lb (2.1kg). Culasse \u00e9lectromagn\u00e9tique AC l\u00e9g\u00e8re et ergonomique, 120VAC, 50-60Hz, 4Amp. \u00c9cart des pattes de 2.5&Prime; \u00e0 12&Prime; (6.4 \u00e0 30.5cm). Cycle d&rsquo;utilisation: 50% ON\/OFF (2min maximum).<\/p>\n<ul>\n<li>P2-120:\u00a0 Parker P-2 culasse \u00e9lectromagn\u00e9tique 120VAC l\u00e9g\u00e8re et ergonomique.<\/li>\n<li>YP20:\u00a0<a href=\"https:\/\/www.qnde.ca\/fr\/produit\/yokelights\/\">Lumi\u00e8re<\/a> pour culasse \u00e9lectromagn\u00e9tique P-2.<\/li>\n<\/ul>\n","protected":false},"excerpt":{"rendered":"<p>Parker P-2 Culasse AC Design Ergonomique Seulement 4.6lb (2.1kg). Culasse \u00e9lectromagn\u00e9tique AC l\u00e9g\u00e8re et ergonomique, 120VAC, 50-60Hz, 4Amp. \u00c9cart des pattes de 2.5&Prime; \u00e0 12&Prime; (6.4 \u00e0 30.5cm). Cycle d&rsquo;utilisation: 50% ON\/OFF (2min maximum). P2-120:\u00a0 Parker P-2 culasse \u00e9lectromagn\u00e9tique 120VAC l\u00e9g\u00e8re et ergonomique. YP20:\u00a0Lumi\u00e8re pour culasse \u00e9lectromagn\u00e9tique P-2.<\/p>\n","protected":false},"featured_media":9159,"template":"","meta":{"_monsterinsights_skip_tracking":false,"_monsterinsights_sitenote_active":false,"_monsterinsights_sitenote_note":"","_monsterinsights_sitenote_category":0},"product_brand":[],"product_cat":[395,132],"product_tag":[],"class_list":{"0":"post-9149","1":"product","2":"type-product","3":"status-publish","4":"has-post-thumbnail","6":"product_cat-parker-research-fr","7":"product_cat-equipements-magnetoscopie","9":"first","10":"instock","11":"shipping-taxable","12":"purchasable","13":"product-type-variable"},"yoast_head":"<!-- This site is optimized with the Yoast SEO plugin v23.9 - https:\/\/yoast.com\/wordpress\/plugins\/seo\/ -->\n<title>Parker P-2 Culasse AC Design Ergonomique &#060; Qualit\u00e9 NDE<\/title>\n<meta name=\"description\" content=\"Parker P-2 : culasse \u00e9lectromagn\u00e9tique AC l\u00e9g\u00e8re (4.6lb), design ergonomique, 120VAC, 4A, \u00e9cart des pattes 6.4\u201330.5\u202fcm, cycle 50% ON\/OFF, usage prolong\u00e9.\" \/>\n<meta name=\"robots\" content=\"index, follow, max-snippet:-1, max-image-preview:large, max-video-preview:-1\" \/>\n<link rel=\"canonical\" href=\"https:\/\/www.qnde.ca\/fr\/produit\/p2yoke\/\" \/>\n<meta name=\"twitter:label1\" content=\"Dur\u00e9e de lecture estim\u00e9e\" \/>\n\t<meta name=\"twitter:data1\" content=\"1 minute\" \/>\n<script type=\"application\/ld+json\" class=\"yoast-schema-graph\">{\"@context\":\"https:\/\/schema.org\",\"@graph\":[{\"@type\":[\"WebPage\",\"ItemPage\"],\"@id\":\"https:\/\/www.qnde.ca\/fr\/produit\/p2yoke\/\",\"url\":\"https:\/\/www.qnde.ca\/fr\/produit\/p2yoke\/\",\"name\":\"Parker P-2 Culasse AC Design Ergonomique &#060; Qualit\u00e9 NDE\",\"isPartOf\":{\"@id\":\"https:\/\/www.qnde.ca\/#website\"},\"primaryImageOfPage\":{\"@id\":\"https:\/\/www.qnde.ca\/fr\/produit\/p2yoke\/#primaryimage\"},\"image\":{\"@id\":\"https:\/\/www.qnde.ca\/fr\/produit\/p2yoke\/#primaryimage\"},\"thumbnailUrl\":\"https:\/\/www.qnde.ca\/wp-content\/uploads\/2017\/02\/P2-Contour-Probe.jpg\",\"datePublished\":\"2017-02-22T20:46:11+00:00\",\"dateModified\":\"2025-08-12T15:43:40+00:00\",\"description\":\"Parker P-2 : culasse \u00e9lectromagn\u00e9tique AC l\u00e9g\u00e8re (4.6lb), design ergonomique, 120VAC, 4A, \u00e9cart des pattes 6.4\u201330.5\u202fcm, cycle 50% ON\/OFF, usage prolong\u00e9.\",\"breadcrumb\":{\"@id\":\"https:\/\/www.qnde.ca\/fr\/produit\/p2yoke\/#breadcrumb\"},\"inLanguage\":\"fr-FR\",\"potentialAction\":[{\"@type\":\"ReadAction\",\"target\":[\"https:\/\/www.qnde.ca\/fr\/produit\/p2yoke\/\"]}]},{\"@type\":\"ImageObject\",\"inLanguage\":\"fr-FR\",\"@id\":\"https:\/\/www.qnde.ca\/fr\/produit\/p2yoke\/#primaryimage\",\"url\":\"https:\/\/www.qnde.ca\/wp-content\/uploads\/2017\/02\/P2-Contour-Probe.jpg\",\"contentUrl\":\"https:\/\/www.qnde.ca\/wp-content\/uploads\/2017\/02\/P2-Contour-Probe.jpg\",\"width\":800,\"height\":800,\"caption\":\"P-2 Culasse\"},{\"@type\":\"BreadcrumbList\",\"@id\":\"https:\/\/www.qnde.ca\/fr\/produit\/p2yoke\/#breadcrumb\",\"itemListElement\":[{\"@type\":\"ListItem\",\"position\":1,\"name\":\"Accueil\",\"item\":\"https:\/\/www.qnde.ca\/fr\/\"},{\"@type\":\"ListItem\",\"position\":2,\"name\":\"Produits\",\"item\":\"https:\/\/www.qnde.ca\/fr\/produits\/\"},{\"@type\":\"ListItem\",\"position\":3,\"name\":\"Magn\u00e9toscopie\",\"item\":\"https:\/\/www.qnde.ca\/fr\/product-category\/magnetoscopie\/\"},{\"@type\":\"ListItem\",\"position\":4,\"name\":\"\u00c9quipements\",\"item\":\"https:\/\/www.qnde.ca\/fr\/product-category\/magnetoscopie\/equipements-magnetoscopie\/\"},{\"@type\":\"ListItem\",\"position\":5,\"name\":\"Parker P-2 Culasse AC Design Ergonomique\"}]},{\"@type\":\"WebSite\",\"@id\":\"https:\/\/www.qnde.ca\/#website\",\"url\":\"https:\/\/www.qnde.ca\/\",\"name\":\"Qualit\u00e9 NDE\",\"description\":\"\u00c9quipements d&#039;essais non destructifs \",\"publisher\":{\"@id\":\"https:\/\/www.qnde.ca\/#organization\"},\"potentialAction\":[{\"@type\":\"SearchAction\",\"target\":{\"@type\":\"EntryPoint\",\"urlTemplate\":\"https:\/\/www.qnde.ca\/?s={search_term_string}\"},\"query-input\":{\"@type\":\"PropertyValueSpecification\",\"valueRequired\":true,\"valueName\":\"search_term_string\"}}],\"inLanguage\":\"fr-FR\"},{\"@type\":\"Organization\",\"@id\":\"https:\/\/www.qnde.ca\/#organization\",\"name\":\"Quality NDT Ltd.\",\"url\":\"https:\/\/www.qnde.ca\/\",\"logo\":{\"@type\":\"ImageObject\",\"inLanguage\":\"fr-FR\",\"@id\":\"https:\/\/www.qnde.ca\/#\/schema\/logo\/image\/\",\"url\":\"https:\/\/www.qnde.ca\/wp-content\/uploads\/2022\/02\/QNDE_logo_RGB-gif.gif\",\"contentUrl\":\"https:\/\/www.qnde.ca\/wp-content\/uploads\/2022\/02\/QNDE_logo_RGB-gif.gif\",\"width\":250,\"height\":64,\"caption\":\"Quality NDT Ltd.\"},\"image\":{\"@id\":\"https:\/\/www.qnde.ca\/#\/schema\/logo\/image\/\"},\"sameAs\":[\"https:\/\/www.linkedin.com\/company\/qnde\/about\/?viewAsMember=true\"]}]}<\/script>\n<!-- \/ Yoast SEO plugin. -->","yoast_head_json":{"title":"Parker P-2 Culasse AC Design Ergonomique &#060; Qualit\u00e9 NDE","description":"Parker P-2 : culasse \u00e9lectromagn\u00e9tique AC l\u00e9g\u00e8re (4.6lb), design ergonomique, 120VAC, 4A, \u00e9cart des pattes 6.4\u201330.5\u202fcm, cycle 50% ON\/OFF, usage prolong\u00e9.","robots":{"index":"index","follow":"follow","max-snippet":"max-snippet:-1","max-image-preview":"max-image-preview:large","max-video-preview":"max-video-preview:-1"},"canonical":"https:\/\/www.qnde.ca\/fr\/produit\/p2yoke\/","twitter_misc":{"Dur\u00e9e de lecture estim\u00e9e":"1 minute"},"schema":{"@context":"https:\/\/schema.org","@graph":[{"@type":["WebPage","ItemPage"],"@id":"https:\/\/www.qnde.ca\/fr\/produit\/p2yoke\/","url":"https:\/\/www.qnde.ca\/fr\/produit\/p2yoke\/","name":"Parker P-2 Culasse AC Design Ergonomique &#060; Qualit\u00e9 NDE","isPartOf":{"@id":"https:\/\/www.qnde.ca\/#website"},"primaryImageOfPage":{"@id":"https:\/\/www.qnde.ca\/fr\/produit\/p2yoke\/#primaryimage"},"image":{"@id":"https:\/\/www.qnde.ca\/fr\/produit\/p2yoke\/#primaryimage"},"thumbnailUrl":"https:\/\/www.qnde.ca\/wp-content\/uploads\/2017\/02\/P2-Contour-Probe.jpg","datePublished":"2017-02-22T20:46:11+00:00","dateModified":"2025-08-12T15:43:40+00:00","description":"Parker P-2 : culasse \u00e9lectromagn\u00e9tique AC l\u00e9g\u00e8re (4.6lb), design ergonomique, 120VAC, 4A, \u00e9cart des pattes 6.4\u201330.5\u202fcm, cycle 50% ON\/OFF, usage prolong\u00e9.","breadcrumb":{"@id":"https:\/\/www.qnde.ca\/fr\/produit\/p2yoke\/#breadcrumb"},"inLanguage":"fr-FR","potentialAction":[{"@type":"ReadAction","target":["https:\/\/www.qnde.ca\/fr\/produit\/p2yoke\/"]}]},{"@type":"ImageObject","inLanguage":"fr-FR","@id":"https:\/\/www.qnde.ca\/fr\/produit\/p2yoke\/#primaryimage","url":"https:\/\/www.qnde.ca\/wp-content\/uploads\/2017\/02\/P2-Contour-Probe.jpg","contentUrl":"https:\/\/www.qnde.ca\/wp-content\/uploads\/2017\/02\/P2-Contour-Probe.jpg","width":800,"height":800,"caption":"P-2 Culasse"},{"@type":"BreadcrumbList","@id":"https:\/\/www.qnde.ca\/fr\/produit\/p2yoke\/#breadcrumb","itemListElement":[{"@type":"ListItem","position":1,"name":"Accueil","item":"https:\/\/www.qnde.ca\/fr\/"},{"@type":"ListItem","position":2,"name":"Produits","item":"https:\/\/www.qnde.ca\/fr\/produits\/"},{"@type":"ListItem","position":3,"name":"Magn\u00e9toscopie","item":"https:\/\/www.qnde.ca\/fr\/product-category\/magnetoscopie\/"},{"@type":"ListItem","position":4,"name":"\u00c9quipements","item":"https:\/\/www.qnde.ca\/fr\/product-category\/magnetoscopie\/equipements-magnetoscopie\/"},{"@type":"ListItem","position":5,"name":"Parker P-2 Culasse AC Design Ergonomique"}]},{"@type":"WebSite","@id":"https:\/\/www.qnde.ca\/#website","url":"https:\/\/www.qnde.ca\/","name":"Qualit\u00e9 NDE","description":"\u00c9quipements d&#039;essais non destructifs ","publisher":{"@id":"https:\/\/www.qnde.ca\/#organization"},"potentialAction":[{"@type":"SearchAction","target":{"@type":"EntryPoint","urlTemplate":"https:\/\/www.qnde.ca\/?s={search_term_string}"},"query-input":{"@type":"PropertyValueSpecification","valueRequired":true,"valueName":"search_term_string"}}],"inLanguage":"fr-FR"},{"@type":"Organization","@id":"https:\/\/www.qnde.ca\/#organization","name":"Quality NDT Ltd.","url":"https:\/\/www.qnde.ca\/","logo":{"@type":"ImageObject","inLanguage":"fr-FR","@id":"https:\/\/www.qnde.ca\/#\/schema\/logo\/image\/","url":"https:\/\/www.qnde.ca\/wp-content\/uploads\/2022\/02\/QNDE_logo_RGB-gif.gif","contentUrl":"https:\/\/www.qnde.ca\/wp-content\/uploads\/2022\/02\/QNDE_logo_RGB-gif.gif","width":250,"height":64,"caption":"Quality NDT Ltd."},"image":{"@id":"https:\/\/www.qnde.ca\/#\/schema\/logo\/image\/"},"sameAs":["https:\/\/www.linkedin.com\/company\/qnde\/about\/?viewAsMember=true"]}]}},"jetpack_sharing_enabled":true,"_links":{"self":[{"href":"https:\/\/www.qnde.ca\/fr\/wp-json\/wp\/v2\/product\/9149","targetHints":{"allow":["GET"]}}],"collection":[{"href":"https:\/\/www.qnde.ca\/fr\/wp-json\/wp\/v2\/product"}],"about":[{"href":"https:\/\/www.qnde.ca\/fr\/wp-json\/wp\/v2\/types\/product"}],"wp:featuredmedia":[{"embeddable":true,"href":"https:\/\/www.qnde.ca\/fr\/wp-json\/wp\/v2\/media\/9159"}],"wp:attachment":[{"href":"https:\/\/www.qnde.ca\/fr\/wp-json\/wp\/v2\/media?parent=9149"}],"wp:term":[{"taxonomy":"product_brand","embeddable":true,"href":"https:\/\/www.qnde.ca\/fr\/wp-json\/wp\/v2\/product_brand?post=9149"},{"taxonomy":"product_cat","embeddable":true,"href":"https:\/\/www.qnde.ca\/fr\/wp-json\/wp\/v2\/product_cat?post=9149"},{"taxonomy":"product_tag","embeddable":true,"href":"https:\/\/www.qnde.ca\/fr\/wp-json\/wp\/v2\/product_tag?post=9149"}],"curies":[{"name":"wp","href":"https:\/\/api.w.org\/{rel}","templated":true}]}}