{"id":9115,"date":"2017-02-22T20:16:19","date_gmt":"2017-02-22T20:16:19","guid":{"rendered":"https:\/\/www.qnde.ca\/product\/yokelights\/"},"modified":"2025-08-11T16:24:30","modified_gmt":"2025-08-11T20:24:30","slug":"lumieres-culasses","status":"publish","type":"product","link":"https:\/\/www.qnde.ca\/fr\/produit\/lumieres-culasses\/","title":{"rendered":"Lumi\u00e8res de culasses \u00e9lectromagn\u00e9tiques"},"content":{"rendered":"<h3><strong>Lumi\u00e8res de Culasse \u00c9lectromagn\u00e9tique<\/strong><\/h3>\n<ul>\n<li>628840: Lumi\u00e8re DEL \u00e0 pression pour culasse \u00e9lectromagn\u00e9tique Magnaflux Y-2.<\/li>\n<li>YP20: Lumi\u00e8re pour culasse \u00e9lectromagn\u00e9tique P-2.<\/li>\n<li>Y300: Lumi\u00e8re pour culasse \u00e9lectromagn\u00e9tique B-300.<\/li>\n<li>Y400: Lumi\u00e8re pour culasses Parker B-100 et DA-400.<\/li>\n<\/ul>\n","protected":false},"excerpt":{"rendered":"<p>Lumi\u00e8res de Culasse \u00c9lectromagn\u00e9tique 628840: Lumi\u00e8re DEL \u00e0 pression pour culasse \u00e9lectromagn\u00e9tique Magnaflux Y-2. YP20: Lumi\u00e8re pour culasse \u00e9lectromagn\u00e9tique P-2. Y300: Lumi\u00e8re pour culasse \u00e9lectromagn\u00e9tique B-300. Y400: Lumi\u00e8re pour culasses Parker B-100 et DA-400.<\/p>\n","protected":false},"featured_media":9125,"template":"","meta":{"_monsterinsights_skip_tracking":false,"_monsterinsights_sitenote_active":false,"_monsterinsights_sitenote_note":"","_monsterinsights_sitenote_category":0},"product_brand":[],"product_cat":[369,395,134],"product_tag":[],"class_list":{"0":"post-9115","1":"product","2":"type-product","3":"status-publish","4":"has-post-thumbnail","6":"product_cat-magnaflux-fr","7":"product_cat-parker-research-fr","8":"product_cat-accessoires-magnetoscopie","10":"first","11":"instock","12":"shipping-taxable","13":"purchasable","14":"product-type-variable"},"yoast_head":"<!-- This site is optimized with the Yoast SEO plugin v23.9 - https:\/\/yoast.com\/wordpress\/plugins\/seo\/ -->\n<title>Lumi\u00e8res de culasses \u00e9lectromagn\u00e9tiques &#060; Qualit\u00e9 NDE<\/title>\n<meta name=\"description\" content=\"Lumi\u00e8res DEL pour culasses \u00e9lectromagn\u00e9tiques : mod\u00e8les compatibles Y-2, P-2, B-300, B-100 et DA-400. Remplacement simple et efficace.\" \/>\n<meta name=\"robots\" content=\"index, follow, max-snippet:-1, max-image-preview:large, max-video-preview:-1\" \/>\n<link rel=\"canonical\" href=\"https:\/\/www.qnde.ca\/fr\/produit\/lumieres-culasses\/\" \/>\n<meta name=\"twitter:label1\" content=\"Dur\u00e9e de lecture estim\u00e9e\" \/>\n\t<meta name=\"twitter:data1\" content=\"1 minute\" \/>\n<script type=\"application\/ld+json\" class=\"yoast-schema-graph\">{\"@context\":\"https:\/\/schema.org\",\"@graph\":[{\"@type\":[\"WebPage\",\"ItemPage\"],\"@id\":\"https:\/\/www.qnde.ca\/fr\/produit\/lumieres-culasses\/\",\"url\":\"https:\/\/www.qnde.ca\/fr\/produit\/lumieres-culasses\/\",\"name\":\"Lumi\u00e8res de culasses \u00e9lectromagn\u00e9tiques &#060; Qualit\u00e9 NDE\",\"isPartOf\":{\"@id\":\"https:\/\/www.qnde.ca\/#website\"},\"primaryImageOfPage\":{\"@id\":\"https:\/\/www.qnde.ca\/fr\/produit\/lumieres-culasses\/#primaryimage\"},\"image\":{\"@id\":\"https:\/\/www.qnde.ca\/fr\/produit\/lumieres-culasses\/#primaryimage\"},\"thumbnailUrl\":\"https:\/\/www.qnde.ca\/wp-content\/uploads\/2017\/02\/yp20.jpg\",\"datePublished\":\"2017-02-22T20:16:19+00:00\",\"dateModified\":\"2025-08-11T20:24:30+00:00\",\"description\":\"Lumi\u00e8res DEL pour culasses \u00e9lectromagn\u00e9tiques : mod\u00e8les compatibles Y-2, P-2, B-300, B-100 et DA-400. Remplacement simple et efficace.\",\"breadcrumb\":{\"@id\":\"https:\/\/www.qnde.ca\/fr\/produit\/lumieres-culasses\/#breadcrumb\"},\"inLanguage\":\"fr-FR\",\"potentialAction\":[{\"@type\":\"ReadAction\",\"target\":[\"https:\/\/www.qnde.ca\/fr\/produit\/lumieres-culasses\/\"]}]},{\"@type\":\"ImageObject\",\"inLanguage\":\"fr-FR\",\"@id\":\"https:\/\/www.qnde.ca\/fr\/produit\/lumieres-culasses\/#primaryimage\",\"url\":\"https:\/\/www.qnde.ca\/wp-content\/uploads\/2017\/02\/yp20.jpg\",\"contentUrl\":\"https:\/\/www.qnde.ca\/wp-content\/uploads\/2017\/02\/yp20.jpg\",\"width\":400,\"height\":400},{\"@type\":\"BreadcrumbList\",\"@id\":\"https:\/\/www.qnde.ca\/fr\/produit\/lumieres-culasses\/#breadcrumb\",\"itemListElement\":[{\"@type\":\"ListItem\",\"position\":1,\"name\":\"Accueil\",\"item\":\"https:\/\/www.qnde.ca\/fr\/\"},{\"@type\":\"ListItem\",\"position\":2,\"name\":\"Produits\",\"item\":\"https:\/\/www.qnde.ca\/fr\/produits\/\"},{\"@type\":\"ListItem\",\"position\":3,\"name\":\"Magn\u00e9toscopie\",\"item\":\"https:\/\/www.qnde.ca\/fr\/product-category\/magnetoscopie\/\"},{\"@type\":\"ListItem\",\"position\":4,\"name\":\"Accessoires\",\"item\":\"https:\/\/www.qnde.ca\/fr\/product-category\/magnetoscopie\/accessoires-magnetoscopie\/\"},{\"@type\":\"ListItem\",\"position\":5,\"name\":\"Lumi\u00e8res de culasses \u00e9lectromagn\u00e9tiques\"}]},{\"@type\":\"WebSite\",\"@id\":\"https:\/\/www.qnde.ca\/#website\",\"url\":\"https:\/\/www.qnde.ca\/\",\"name\":\"Qualit\u00e9 NDE\",\"description\":\"\u00c9quipements d&#039;essais non destructifs \",\"publisher\":{\"@id\":\"https:\/\/www.qnde.ca\/#organization\"},\"potentialAction\":[{\"@type\":\"SearchAction\",\"target\":{\"@type\":\"EntryPoint\",\"urlTemplate\":\"https:\/\/www.qnde.ca\/?s={search_term_string}\"},\"query-input\":{\"@type\":\"PropertyValueSpecification\",\"valueRequired\":true,\"valueName\":\"search_term_string\"}}],\"inLanguage\":\"fr-FR\"},{\"@type\":\"Organization\",\"@id\":\"https:\/\/www.qnde.ca\/#organization\",\"name\":\"Quality NDT Ltd.\",\"url\":\"https:\/\/www.qnde.ca\/\",\"logo\":{\"@type\":\"ImageObject\",\"inLanguage\":\"fr-FR\",\"@id\":\"https:\/\/www.qnde.ca\/#\/schema\/logo\/image\/\",\"url\":\"https:\/\/www.qnde.ca\/wp-content\/uploads\/2022\/02\/QNDE_logo_RGB-gif.gif\",\"contentUrl\":\"https:\/\/www.qnde.ca\/wp-content\/uploads\/2022\/02\/QNDE_logo_RGB-gif.gif\",\"width\":250,\"height\":64,\"caption\":\"Quality NDT Ltd.\"},\"image\":{\"@id\":\"https:\/\/www.qnde.ca\/#\/schema\/logo\/image\/\"},\"sameAs\":[\"https:\/\/www.linkedin.com\/company\/qnde\/about\/?viewAsMember=true\"]}]}<\/script>\n<!-- \/ Yoast SEO plugin. -->","yoast_head_json":{"title":"Lumi\u00e8res de culasses \u00e9lectromagn\u00e9tiques &#060; Qualit\u00e9 NDE","description":"Lumi\u00e8res DEL pour culasses \u00e9lectromagn\u00e9tiques : mod\u00e8les compatibles Y-2, P-2, B-300, B-100 et DA-400. Remplacement simple et efficace.","robots":{"index":"index","follow":"follow","max-snippet":"max-snippet:-1","max-image-preview":"max-image-preview:large","max-video-preview":"max-video-preview:-1"},"canonical":"https:\/\/www.qnde.ca\/fr\/produit\/lumieres-culasses\/","twitter_misc":{"Dur\u00e9e de lecture estim\u00e9e":"1 minute"},"schema":{"@context":"https:\/\/schema.org","@graph":[{"@type":["WebPage","ItemPage"],"@id":"https:\/\/www.qnde.ca\/fr\/produit\/lumieres-culasses\/","url":"https:\/\/www.qnde.ca\/fr\/produit\/lumieres-culasses\/","name":"Lumi\u00e8res de culasses \u00e9lectromagn\u00e9tiques &#060; Qualit\u00e9 NDE","isPartOf":{"@id":"https:\/\/www.qnde.ca\/#website"},"primaryImageOfPage":{"@id":"https:\/\/www.qnde.ca\/fr\/produit\/lumieres-culasses\/#primaryimage"},"image":{"@id":"https:\/\/www.qnde.ca\/fr\/produit\/lumieres-culasses\/#primaryimage"},"thumbnailUrl":"https:\/\/www.qnde.ca\/wp-content\/uploads\/2017\/02\/yp20.jpg","datePublished":"2017-02-22T20:16:19+00:00","dateModified":"2025-08-11T20:24:30+00:00","description":"Lumi\u00e8res DEL pour culasses \u00e9lectromagn\u00e9tiques : mod\u00e8les compatibles Y-2, P-2, B-300, B-100 et DA-400. Remplacement simple et efficace.","breadcrumb":{"@id":"https:\/\/www.qnde.ca\/fr\/produit\/lumieres-culasses\/#breadcrumb"},"inLanguage":"fr-FR","potentialAction":[{"@type":"ReadAction","target":["https:\/\/www.qnde.ca\/fr\/produit\/lumieres-culasses\/"]}]},{"@type":"ImageObject","inLanguage":"fr-FR","@id":"https:\/\/www.qnde.ca\/fr\/produit\/lumieres-culasses\/#primaryimage","url":"https:\/\/www.qnde.ca\/wp-content\/uploads\/2017\/02\/yp20.jpg","contentUrl":"https:\/\/www.qnde.ca\/wp-content\/uploads\/2017\/02\/yp20.jpg","width":400,"height":400},{"@type":"BreadcrumbList","@id":"https:\/\/www.qnde.ca\/fr\/produit\/lumieres-culasses\/#breadcrumb","itemListElement":[{"@type":"ListItem","position":1,"name":"Accueil","item":"https:\/\/www.qnde.ca\/fr\/"},{"@type":"ListItem","position":2,"name":"Produits","item":"https:\/\/www.qnde.ca\/fr\/produits\/"},{"@type":"ListItem","position":3,"name":"Magn\u00e9toscopie","item":"https:\/\/www.qnde.ca\/fr\/product-category\/magnetoscopie\/"},{"@type":"ListItem","position":4,"name":"Accessoires","item":"https:\/\/www.qnde.ca\/fr\/product-category\/magnetoscopie\/accessoires-magnetoscopie\/"},{"@type":"ListItem","position":5,"name":"Lumi\u00e8res de culasses \u00e9lectromagn\u00e9tiques"}]},{"@type":"WebSite","@id":"https:\/\/www.qnde.ca\/#website","url":"https:\/\/www.qnde.ca\/","name":"Qualit\u00e9 NDE","description":"\u00c9quipements d&#039;essais non destructifs ","publisher":{"@id":"https:\/\/www.qnde.ca\/#organization"},"potentialAction":[{"@type":"SearchAction","target":{"@type":"EntryPoint","urlTemplate":"https:\/\/www.qnde.ca\/?s={search_term_string}"},"query-input":{"@type":"PropertyValueSpecification","valueRequired":true,"valueName":"search_term_string"}}],"inLanguage":"fr-FR"},{"@type":"Organization","@id":"https:\/\/www.qnde.ca\/#organization","name":"Quality NDT Ltd.","url":"https:\/\/www.qnde.ca\/","logo":{"@type":"ImageObject","inLanguage":"fr-FR","@id":"https:\/\/www.qnde.ca\/#\/schema\/logo\/image\/","url":"https:\/\/www.qnde.ca\/wp-content\/uploads\/2022\/02\/QNDE_logo_RGB-gif.gif","contentUrl":"https:\/\/www.qnde.ca\/wp-content\/uploads\/2022\/02\/QNDE_logo_RGB-gif.gif","width":250,"height":64,"caption":"Quality NDT Ltd."},"image":{"@id":"https:\/\/www.qnde.ca\/#\/schema\/logo\/image\/"},"sameAs":["https:\/\/www.linkedin.com\/company\/qnde\/about\/?viewAsMember=true"]}]}},"jetpack_sharing_enabled":true,"_links":{"self":[{"href":"https:\/\/www.qnde.ca\/fr\/wp-json\/wp\/v2\/product\/9115","targetHints":{"allow":["GET"]}}],"collection":[{"href":"https:\/\/www.qnde.ca\/fr\/wp-json\/wp\/v2\/product"}],"about":[{"href":"https:\/\/www.qnde.ca\/fr\/wp-json\/wp\/v2\/types\/product"}],"wp:featuredmedia":[{"embeddable":true,"href":"https:\/\/www.qnde.ca\/fr\/wp-json\/wp\/v2\/media\/9125"}],"wp:attachment":[{"href":"https:\/\/www.qnde.ca\/fr\/wp-json\/wp\/v2\/media?parent=9115"}],"wp:term":[{"taxonomy":"product_brand","embeddable":true,"href":"https:\/\/www.qnde.ca\/fr\/wp-json\/wp\/v2\/product_brand?post=9115"},{"taxonomy":"product_cat","embeddable":true,"href":"https:\/\/www.qnde.ca\/fr\/wp-json\/wp\/v2\/product_cat?post=9115"},{"taxonomy":"product_tag","embeddable":true,"href":"https:\/\/www.qnde.ca\/fr\/wp-json\/wp\/v2\/product_tag?post=9115"}],"curies":[{"name":"wp","href":"https:\/\/api.w.org\/{rel}","templated":true}]}}