{"id":9101,"date":"2017-02-22T19:39:50","date_gmt":"2017-02-22T19:39:50","guid":{"rendered":"https:\/\/www.qnde.ca\/product\/b100yoke\/"},"modified":"2025-08-12T11:32:14","modified_gmt":"2025-08-12T15:32:14","slug":"b100-fr","status":"publish","type":"product","link":"https:\/\/www.qnde.ca\/fr\/produit\/b100-fr\/","title":{"rendered":"Parker B-100, Culasse AC"},"content":{"rendered":"<h3><strong>Parker B-100, Culasse AC<\/strong><\/h3>\n<p>Compacte culasse \u00e9lectromagn\u00e9tique AC, 120VAC, 60Hz, 6.0Amp. \u00c9cart des pattes de 6.4cm \u00e0 30.5cm (2.5&Prime; \u00e0 12&Prime;). Cycle d&rsquo;utilisation: 50% ON\/OFF (2min maximum). 6.5lb (2.95kg).<\/p>\n<ul>\n<li>B100: Compacte culasse Parker B-100.<\/li>\n<li>B100-PLA: Ensemble de culasse Parker B-100: comprend une culasse, une lumi\u00e8re 4W, un applicateur de poudre PB-1 rempli de 1lb (455g) de poudre grise Magnaflux #1 et 1lb (455g) de poudre rouge Magnaflux #8A, instructions et une valise de transport en plastique robuste.<\/li>\n<li>B100-STA: Identique au B100-PLA mais livr\u00e9 avec une valise de transport de m\u00e9tal robuste.<\/li>\n<\/ul>\n<p><strong>Options<\/strong><\/p>\n<ul>\n<li>Y400: Lumi\u00e8re pour culasses Parker B-100 et DA-400.<\/li>\n<li>DE3175: Ampoule pour les culasses Magnaflux Y-1, Y-6, Y-7, Parker B-100, B-300 et DA-400.<\/li>\n<\/ul>\n<p>&nbsp;<\/p>\n","protected":false},"excerpt":{"rendered":"<p>Parker B-100, Culasse AC Compacte culasse \u00e9lectromagn\u00e9tique AC, 120VAC, 60Hz, 6.0Amp. \u00c9cart des pattes de 6.4cm \u00e0 30.5cm (2.5&Prime; \u00e0 12&Prime;). Cycle d&rsquo;utilisation: 50% ON\/OFF (2min maximum). 6.5lb (2.95kg). B100: Compacte culasse Parker B-100. B100-PLA: Ensemble de culasse Parker B-100: comprend une culasse, une lumi\u00e8re 4W, un applicateur de poudre PB-1 rempli de 1lb (455g) [&hellip;]<\/p>\n","protected":false},"featured_media":9113,"template":"","meta":{"_monsterinsights_skip_tracking":false,"_monsterinsights_sitenote_active":false,"_monsterinsights_sitenote_note":"","_monsterinsights_sitenote_category":0},"product_brand":[],"product_cat":[395,132],"product_tag":[],"class_list":{"0":"post-9101","1":"product","2":"type-product","3":"status-publish","4":"has-post-thumbnail","6":"product_cat-parker-research-fr","7":"product_cat-equipements-magnetoscopie","9":"first","10":"instock","11":"shipping-taxable","12":"purchasable","13":"product-type-variable"},"yoast_head":"<!-- This site is optimized with the Yoast SEO plugin v23.9 - https:\/\/yoast.com\/wordpress\/plugins\/seo\/ -->\n<title>Parker B-100, Culasse AC &#060; Qualit\u00e9 NDE<\/title>\n<meta name=\"description\" content=\"Parker B-100 : culasse \u00e9lectromagn\u00e9tique AC compacte, 120VAC, 6A, \u00e9cart des pattes 6.4 \u00e0 30.5\u202fcm. Cycle 50\u202f% ON\/OFF, id\u00e9ale pour inspections rapides.\" \/>\n<meta name=\"robots\" content=\"index, follow, max-snippet:-1, max-image-preview:large, max-video-preview:-1\" \/>\n<link rel=\"canonical\" href=\"https:\/\/www.qnde.ca\/fr\/produit\/b100-fr\/\" \/>\n<meta name=\"twitter:label1\" content=\"Dur\u00e9e de lecture estim\u00e9e\" \/>\n\t<meta name=\"twitter:data1\" content=\"1 minute\" \/>\n<script type=\"application\/ld+json\" class=\"yoast-schema-graph\">{\"@context\":\"https:\/\/schema.org\",\"@graph\":[{\"@type\":[\"WebPage\",\"ItemPage\"],\"@id\":\"https:\/\/www.qnde.ca\/fr\/produit\/b100-fr\/\",\"url\":\"https:\/\/www.qnde.ca\/fr\/produit\/b100-fr\/\",\"name\":\"Parker B-100, Culasse AC &#060; Qualit\u00e9 NDE\",\"isPartOf\":{\"@id\":\"https:\/\/www.qnde.ca\/#website\"},\"primaryImageOfPage\":{\"@id\":\"https:\/\/www.qnde.ca\/fr\/produit\/b100-fr\/#primaryimage\"},\"image\":{\"@id\":\"https:\/\/www.qnde.ca\/fr\/produit\/b100-fr\/#primaryimage\"},\"thumbnailUrl\":\"https:\/\/www.qnde.ca\/wp-content\/uploads\/2017\/02\/B100-600x592.jpg\",\"datePublished\":\"2017-02-22T19:39:50+00:00\",\"dateModified\":\"2025-08-12T15:32:14+00:00\",\"description\":\"Parker B-100 : culasse \u00e9lectromagn\u00e9tique AC compacte, 120VAC, 6A, \u00e9cart des pattes 6.4 \u00e0 30.5\u202fcm. Cycle 50\u202f% ON\/OFF, id\u00e9ale pour inspections rapides.\",\"breadcrumb\":{\"@id\":\"https:\/\/www.qnde.ca\/fr\/produit\/b100-fr\/#breadcrumb\"},\"inLanguage\":\"fr-FR\",\"potentialAction\":[{\"@type\":\"ReadAction\",\"target\":[\"https:\/\/www.qnde.ca\/fr\/produit\/b100-fr\/\"]}]},{\"@type\":\"ImageObject\",\"inLanguage\":\"fr-FR\",\"@id\":\"https:\/\/www.qnde.ca\/fr\/produit\/b100-fr\/#primaryimage\",\"url\":\"https:\/\/www.qnde.ca\/wp-content\/uploads\/2017\/02\/B100-600x592.jpg\",\"contentUrl\":\"https:\/\/www.qnde.ca\/wp-content\/uploads\/2017\/02\/B100-600x592.jpg\",\"width\":600,\"height\":592},{\"@type\":\"BreadcrumbList\",\"@id\":\"https:\/\/www.qnde.ca\/fr\/produit\/b100-fr\/#breadcrumb\",\"itemListElement\":[{\"@type\":\"ListItem\",\"position\":1,\"name\":\"Accueil\",\"item\":\"https:\/\/www.qnde.ca\/fr\/\"},{\"@type\":\"ListItem\",\"position\":2,\"name\":\"Produits\",\"item\":\"https:\/\/www.qnde.ca\/fr\/produits\/\"},{\"@type\":\"ListItem\",\"position\":3,\"name\":\"Magn\u00e9toscopie\",\"item\":\"https:\/\/www.qnde.ca\/fr\/product-category\/magnetoscopie\/\"},{\"@type\":\"ListItem\",\"position\":4,\"name\":\"\u00c9quipements\",\"item\":\"https:\/\/www.qnde.ca\/fr\/product-category\/magnetoscopie\/equipements-magnetoscopie\/\"},{\"@type\":\"ListItem\",\"position\":5,\"name\":\"Parker B-100, Culasse AC\"}]},{\"@type\":\"WebSite\",\"@id\":\"https:\/\/www.qnde.ca\/#website\",\"url\":\"https:\/\/www.qnde.ca\/\",\"name\":\"Qualit\u00e9 NDE\",\"description\":\"\u00c9quipements d&#039;essais non destructifs \",\"publisher\":{\"@id\":\"https:\/\/www.qnde.ca\/#organization\"},\"potentialAction\":[{\"@type\":\"SearchAction\",\"target\":{\"@type\":\"EntryPoint\",\"urlTemplate\":\"https:\/\/www.qnde.ca\/?s={search_term_string}\"},\"query-input\":{\"@type\":\"PropertyValueSpecification\",\"valueRequired\":true,\"valueName\":\"search_term_string\"}}],\"inLanguage\":\"fr-FR\"},{\"@type\":\"Organization\",\"@id\":\"https:\/\/www.qnde.ca\/#organization\",\"name\":\"Quality NDT Ltd.\",\"url\":\"https:\/\/www.qnde.ca\/\",\"logo\":{\"@type\":\"ImageObject\",\"inLanguage\":\"fr-FR\",\"@id\":\"https:\/\/www.qnde.ca\/#\/schema\/logo\/image\/\",\"url\":\"https:\/\/www.qnde.ca\/wp-content\/uploads\/2022\/02\/QNDE_logo_RGB-gif.gif\",\"contentUrl\":\"https:\/\/www.qnde.ca\/wp-content\/uploads\/2022\/02\/QNDE_logo_RGB-gif.gif\",\"width\":250,\"height\":64,\"caption\":\"Quality NDT Ltd.\"},\"image\":{\"@id\":\"https:\/\/www.qnde.ca\/#\/schema\/logo\/image\/\"},\"sameAs\":[\"https:\/\/www.linkedin.com\/company\/qnde\/about\/?viewAsMember=true\"]}]}<\/script>\n<!-- \/ Yoast SEO plugin. -->","yoast_head_json":{"title":"Parker B-100, Culasse AC &#060; Qualit\u00e9 NDE","description":"Parker B-100 : culasse \u00e9lectromagn\u00e9tique AC compacte, 120VAC, 6A, \u00e9cart des pattes 6.4 \u00e0 30.5\u202fcm. Cycle 50\u202f% ON\/OFF, id\u00e9ale pour inspections rapides.","robots":{"index":"index","follow":"follow","max-snippet":"max-snippet:-1","max-image-preview":"max-image-preview:large","max-video-preview":"max-video-preview:-1"},"canonical":"https:\/\/www.qnde.ca\/fr\/produit\/b100-fr\/","twitter_misc":{"Dur\u00e9e de lecture estim\u00e9e":"1 minute"},"schema":{"@context":"https:\/\/schema.org","@graph":[{"@type":["WebPage","ItemPage"],"@id":"https:\/\/www.qnde.ca\/fr\/produit\/b100-fr\/","url":"https:\/\/www.qnde.ca\/fr\/produit\/b100-fr\/","name":"Parker B-100, Culasse AC &#060; Qualit\u00e9 NDE","isPartOf":{"@id":"https:\/\/www.qnde.ca\/#website"},"primaryImageOfPage":{"@id":"https:\/\/www.qnde.ca\/fr\/produit\/b100-fr\/#primaryimage"},"image":{"@id":"https:\/\/www.qnde.ca\/fr\/produit\/b100-fr\/#primaryimage"},"thumbnailUrl":"https:\/\/www.qnde.ca\/wp-content\/uploads\/2017\/02\/B100-600x592.jpg","datePublished":"2017-02-22T19:39:50+00:00","dateModified":"2025-08-12T15:32:14+00:00","description":"Parker B-100 : culasse \u00e9lectromagn\u00e9tique AC compacte, 120VAC, 6A, \u00e9cart des pattes 6.4 \u00e0 30.5\u202fcm. Cycle 50\u202f% ON\/OFF, id\u00e9ale pour inspections rapides.","breadcrumb":{"@id":"https:\/\/www.qnde.ca\/fr\/produit\/b100-fr\/#breadcrumb"},"inLanguage":"fr-FR","potentialAction":[{"@type":"ReadAction","target":["https:\/\/www.qnde.ca\/fr\/produit\/b100-fr\/"]}]},{"@type":"ImageObject","inLanguage":"fr-FR","@id":"https:\/\/www.qnde.ca\/fr\/produit\/b100-fr\/#primaryimage","url":"https:\/\/www.qnde.ca\/wp-content\/uploads\/2017\/02\/B100-600x592.jpg","contentUrl":"https:\/\/www.qnde.ca\/wp-content\/uploads\/2017\/02\/B100-600x592.jpg","width":600,"height":592},{"@type":"BreadcrumbList","@id":"https:\/\/www.qnde.ca\/fr\/produit\/b100-fr\/#breadcrumb","itemListElement":[{"@type":"ListItem","position":1,"name":"Accueil","item":"https:\/\/www.qnde.ca\/fr\/"},{"@type":"ListItem","position":2,"name":"Produits","item":"https:\/\/www.qnde.ca\/fr\/produits\/"},{"@type":"ListItem","position":3,"name":"Magn\u00e9toscopie","item":"https:\/\/www.qnde.ca\/fr\/product-category\/magnetoscopie\/"},{"@type":"ListItem","position":4,"name":"\u00c9quipements","item":"https:\/\/www.qnde.ca\/fr\/product-category\/magnetoscopie\/equipements-magnetoscopie\/"},{"@type":"ListItem","position":5,"name":"Parker B-100, Culasse AC"}]},{"@type":"WebSite","@id":"https:\/\/www.qnde.ca\/#website","url":"https:\/\/www.qnde.ca\/","name":"Qualit\u00e9 NDE","description":"\u00c9quipements d&#039;essais non destructifs ","publisher":{"@id":"https:\/\/www.qnde.ca\/#organization"},"potentialAction":[{"@type":"SearchAction","target":{"@type":"EntryPoint","urlTemplate":"https:\/\/www.qnde.ca\/?s={search_term_string}"},"query-input":{"@type":"PropertyValueSpecification","valueRequired":true,"valueName":"search_term_string"}}],"inLanguage":"fr-FR"},{"@type":"Organization","@id":"https:\/\/www.qnde.ca\/#organization","name":"Quality NDT Ltd.","url":"https:\/\/www.qnde.ca\/","logo":{"@type":"ImageObject","inLanguage":"fr-FR","@id":"https:\/\/www.qnde.ca\/#\/schema\/logo\/image\/","url":"https:\/\/www.qnde.ca\/wp-content\/uploads\/2022\/02\/QNDE_logo_RGB-gif.gif","contentUrl":"https:\/\/www.qnde.ca\/wp-content\/uploads\/2022\/02\/QNDE_logo_RGB-gif.gif","width":250,"height":64,"caption":"Quality NDT Ltd."},"image":{"@id":"https:\/\/www.qnde.ca\/#\/schema\/logo\/image\/"},"sameAs":["https:\/\/www.linkedin.com\/company\/qnde\/about\/?viewAsMember=true"]}]}},"jetpack_sharing_enabled":true,"_links":{"self":[{"href":"https:\/\/www.qnde.ca\/fr\/wp-json\/wp\/v2\/product\/9101","targetHints":{"allow":["GET"]}}],"collection":[{"href":"https:\/\/www.qnde.ca\/fr\/wp-json\/wp\/v2\/product"}],"about":[{"href":"https:\/\/www.qnde.ca\/fr\/wp-json\/wp\/v2\/types\/product"}],"wp:featuredmedia":[{"embeddable":true,"href":"https:\/\/www.qnde.ca\/fr\/wp-json\/wp\/v2\/media\/9113"}],"wp:attachment":[{"href":"https:\/\/www.qnde.ca\/fr\/wp-json\/wp\/v2\/media?parent=9101"}],"wp:term":[{"taxonomy":"product_brand","embeddable":true,"href":"https:\/\/www.qnde.ca\/fr\/wp-json\/wp\/v2\/product_brand?post=9101"},{"taxonomy":"product_cat","embeddable":true,"href":"https:\/\/www.qnde.ca\/fr\/wp-json\/wp\/v2\/product_cat?post=9101"},{"taxonomy":"product_tag","embeddable":true,"href":"https:\/\/www.qnde.ca\/fr\/wp-json\/wp\/v2\/product_tag?post=9101"}],"curies":[{"name":"wp","href":"https:\/\/api.w.org\/{rel}","templated":true}]}}