{"id":8982,"date":"2016-12-28T16:00:01","date_gmt":"2016-12-28T16:00:01","guid":{"rendered":"https:\/\/www.qnde.ca\/product\/gracoelectrostaticgun\/"},"modified":"2025-08-14T09:25:03","modified_gmt":"2025-08-14T13:25:03","slug":"graco-xp-pistolet-electrostatique","status":"publish","type":"product","link":"https:\/\/www.qnde.ca\/fr\/produit\/graco-xp-pistolet-electrostatique\/","title":{"rendered":"Graco Xp Series, Pistolet \u00c9lectrostatique pour P\u00e9n\u00e9trant"},"content":{"rendered":"<h3><strong>Graco Xp Series, Pistolet \u00c9lectrostatique pour P\u00e9n\u00e9trant<\/strong><\/h3>\n<p>Le pistolet pulv\u00e9risateur \u00e9lectrostatique Graco PRO Xp offre des \u00e9conomies importante de p\u00e9n\u00e9trant pour les pi\u00e8ces appropri\u00e9es. L&rsquo;un des plus l\u00e9gers pistolets du march\u00e9, son design confortable r\u00e9duit la fatigue des op\u00e9rateurs.<\/p>\n<p>Contactez-nous pour discuter de votre application, de l&rsquo;espace disponible, du nombre et type de pi\u00e8ces, du niveau d&rsquo;inspection et autres \u00e9l\u00e9ments.<\/p>\n<ul>\n<li>Graco PRO Xp 60: Ensemble standard, pistolet \u00e9lectrostatique pour p\u00e9n\u00e9trant de 60 kV.<\/li>\n<li>Graco PRO Xp 85: Ensemble standard, pistolet \u00e9lectrostatique pour p\u00e9n\u00e9trant de 85 kV.<\/li>\n<li>Graco Triton 308: Pompe murale en aluminium \u00e0 diaphragme avec assemblage d\u2019aspiration pour baril de 55gal (208L).<\/li>\n<li>Graco Triton 308: Pompe murale en aluminium \u00e0 diaphragme avec assemblage d\u2019aspiration pour chaudi\u00e8re de 5gal (19L).<\/li>\n<\/ul>\n","protected":false},"excerpt":{"rendered":"<p>Graco Xp Series, Pistolet \u00c9lectrostatique pour P\u00e9n\u00e9trant Le pistolet pulv\u00e9risateur \u00e9lectrostatique Graco PRO Xp offre des \u00e9conomies importante de p\u00e9n\u00e9trant pour les pi\u00e8ces appropri\u00e9es. L&rsquo;un des plus l\u00e9gers pistolets du march\u00e9, son design confortable r\u00e9duit la fatigue des op\u00e9rateurs. Contactez-nous pour discuter de votre application, de l&rsquo;espace disponible, du nombre et type de pi\u00e8ces, du [&hellip;]<\/p>\n","protected":false},"featured_media":11691,"template":"","meta":{"_monsterinsights_skip_tracking":false,"_monsterinsights_sitenote_active":false,"_monsterinsights_sitenote_note":"","_monsterinsights_sitenote_category":0},"product_brand":[],"product_cat":[402,123],"product_tag":[],"class_list":{"0":"post-8982","1":"product","2":"type-product","3":"status-publish","4":"has-post-thumbnail","6":"product_cat-autres-marques","7":"product_cat-accessoires-ressuage","9":"first","10":"instock","11":"shipping-taxable","12":"purchasable","13":"product-type-variable"},"yoast_head":"<!-- This site is optimized with the Yoast SEO plugin v23.9 - https:\/\/yoast.com\/wordpress\/plugins\/seo\/ -->\n<title>Graco Xp Series, Pistolet \u00c9lectrostatique pour P\u00e9n\u00e9trant &#060; Qualit\u00e9 NDE<\/title>\n<meta name=\"description\" content=\"Graco Xp series , pistolet pulv\u00e9risateur \u00e9lectrostatique ultra l\u00e9ger avec design confortable r\u00e9duisant la fatigue des op\u00e9rateurs.\" \/>\n<meta name=\"robots\" content=\"index, follow, max-snippet:-1, max-image-preview:large, max-video-preview:-1\" \/>\n<link rel=\"canonical\" href=\"https:\/\/www.qnde.ca\/fr\/produit\/graco-xp-pistolet-electrostatique\/\" \/>\n<meta name=\"twitter:label1\" content=\"Dur\u00e9e de lecture estim\u00e9e\" \/>\n\t<meta name=\"twitter:data1\" content=\"1 minute\" \/>\n<script type=\"application\/ld+json\" class=\"yoast-schema-graph\">{\"@context\":\"https:\/\/schema.org\",\"@graph\":[{\"@type\":[\"WebPage\",\"ItemPage\"],\"@id\":\"https:\/\/www.qnde.ca\/fr\/produit\/graco-xp-pistolet-electrostatique\/\",\"url\":\"https:\/\/www.qnde.ca\/fr\/produit\/graco-xp-pistolet-electrostatique\/\",\"name\":\"Graco Xp Series, Pistolet \u00c9lectrostatique pour P\u00e9n\u00e9trant &#060; Qualit\u00e9 NDE\",\"isPartOf\":{\"@id\":\"https:\/\/www.qnde.ca\/#website\"},\"primaryImageOfPage\":{\"@id\":\"https:\/\/www.qnde.ca\/fr\/produit\/graco-xp-pistolet-electrostatique\/#primaryimage\"},\"image\":{\"@id\":\"https:\/\/www.qnde.ca\/fr\/produit\/graco-xp-pistolet-electrostatique\/#primaryimage\"},\"thumbnailUrl\":\"https:\/\/www.qnde.ca\/wp-content\/uploads\/2016\/12\/graco-xp60.jpg\",\"datePublished\":\"2016-12-28T16:00:01+00:00\",\"dateModified\":\"2025-08-14T13:25:03+00:00\",\"description\":\"Graco Xp series , pistolet pulv\u00e9risateur \u00e9lectrostatique ultra l\u00e9ger avec design confortable r\u00e9duisant la fatigue des op\u00e9rateurs.\",\"breadcrumb\":{\"@id\":\"https:\/\/www.qnde.ca\/fr\/produit\/graco-xp-pistolet-electrostatique\/#breadcrumb\"},\"inLanguage\":\"fr-FR\",\"potentialAction\":[{\"@type\":\"ReadAction\",\"target\":[\"https:\/\/www.qnde.ca\/fr\/produit\/graco-xp-pistolet-electrostatique\/\"]}]},{\"@type\":\"ImageObject\",\"inLanguage\":\"fr-FR\",\"@id\":\"https:\/\/www.qnde.ca\/fr\/produit\/graco-xp-pistolet-electrostatique\/#primaryimage\",\"url\":\"https:\/\/www.qnde.ca\/wp-content\/uploads\/2016\/12\/graco-xp60.jpg\",\"contentUrl\":\"https:\/\/www.qnde.ca\/wp-content\/uploads\/2016\/12\/graco-xp60.jpg\",\"width\":1280,\"height\":853},{\"@type\":\"BreadcrumbList\",\"@id\":\"https:\/\/www.qnde.ca\/fr\/produit\/graco-xp-pistolet-electrostatique\/#breadcrumb\",\"itemListElement\":[{\"@type\":\"ListItem\",\"position\":1,\"name\":\"Accueil\",\"item\":\"https:\/\/www.qnde.ca\/fr\/\"},{\"@type\":\"ListItem\",\"position\":2,\"name\":\"Produits\",\"item\":\"https:\/\/www.qnde.ca\/fr\/produits\/\"},{\"@type\":\"ListItem\",\"position\":3,\"name\":\"Ressuage\",\"item\":\"https:\/\/www.qnde.ca\/fr\/product-category\/ressuage\/\"},{\"@type\":\"ListItem\",\"position\":4,\"name\":\"Accessoires\",\"item\":\"https:\/\/www.qnde.ca\/fr\/product-category\/ressuage\/accessoires-ressuage\/\"},{\"@type\":\"ListItem\",\"position\":5,\"name\":\"Graco Xp Series, Pistolet \u00c9lectrostatique pour P\u00e9n\u00e9trant\"}]},{\"@type\":\"WebSite\",\"@id\":\"https:\/\/www.qnde.ca\/#website\",\"url\":\"https:\/\/www.qnde.ca\/\",\"name\":\"Qualit\u00e9 NDE\",\"description\":\"\u00c9quipements d&#039;essais non destructifs \",\"publisher\":{\"@id\":\"https:\/\/www.qnde.ca\/#organization\"},\"potentialAction\":[{\"@type\":\"SearchAction\",\"target\":{\"@type\":\"EntryPoint\",\"urlTemplate\":\"https:\/\/www.qnde.ca\/?s={search_term_string}\"},\"query-input\":{\"@type\":\"PropertyValueSpecification\",\"valueRequired\":true,\"valueName\":\"search_term_string\"}}],\"inLanguage\":\"fr-FR\"},{\"@type\":\"Organization\",\"@id\":\"https:\/\/www.qnde.ca\/#organization\",\"name\":\"Quality NDT Ltd.\",\"url\":\"https:\/\/www.qnde.ca\/\",\"logo\":{\"@type\":\"ImageObject\",\"inLanguage\":\"fr-FR\",\"@id\":\"https:\/\/www.qnde.ca\/#\/schema\/logo\/image\/\",\"url\":\"https:\/\/www.qnde.ca\/wp-content\/uploads\/2022\/02\/QNDE_logo_RGB-gif.gif\",\"contentUrl\":\"https:\/\/www.qnde.ca\/wp-content\/uploads\/2022\/02\/QNDE_logo_RGB-gif.gif\",\"width\":250,\"height\":64,\"caption\":\"Quality NDT Ltd.\"},\"image\":{\"@id\":\"https:\/\/www.qnde.ca\/#\/schema\/logo\/image\/\"},\"sameAs\":[\"https:\/\/www.linkedin.com\/company\/qnde\/about\/?viewAsMember=true\"]}]}<\/script>\n<!-- \/ Yoast SEO plugin. -->","yoast_head_json":{"title":"Graco Xp Series, Pistolet \u00c9lectrostatique pour P\u00e9n\u00e9trant &#060; Qualit\u00e9 NDE","description":"Graco Xp series , pistolet pulv\u00e9risateur \u00e9lectrostatique ultra l\u00e9ger avec design confortable r\u00e9duisant la fatigue des op\u00e9rateurs.","robots":{"index":"index","follow":"follow","max-snippet":"max-snippet:-1","max-image-preview":"max-image-preview:large","max-video-preview":"max-video-preview:-1"},"canonical":"https:\/\/www.qnde.ca\/fr\/produit\/graco-xp-pistolet-electrostatique\/","twitter_misc":{"Dur\u00e9e de lecture estim\u00e9e":"1 minute"},"schema":{"@context":"https:\/\/schema.org","@graph":[{"@type":["WebPage","ItemPage"],"@id":"https:\/\/www.qnde.ca\/fr\/produit\/graco-xp-pistolet-electrostatique\/","url":"https:\/\/www.qnde.ca\/fr\/produit\/graco-xp-pistolet-electrostatique\/","name":"Graco Xp Series, Pistolet \u00c9lectrostatique pour P\u00e9n\u00e9trant &#060; Qualit\u00e9 NDE","isPartOf":{"@id":"https:\/\/www.qnde.ca\/#website"},"primaryImageOfPage":{"@id":"https:\/\/www.qnde.ca\/fr\/produit\/graco-xp-pistolet-electrostatique\/#primaryimage"},"image":{"@id":"https:\/\/www.qnde.ca\/fr\/produit\/graco-xp-pistolet-electrostatique\/#primaryimage"},"thumbnailUrl":"https:\/\/www.qnde.ca\/wp-content\/uploads\/2016\/12\/graco-xp60.jpg","datePublished":"2016-12-28T16:00:01+00:00","dateModified":"2025-08-14T13:25:03+00:00","description":"Graco Xp series , pistolet pulv\u00e9risateur \u00e9lectrostatique ultra l\u00e9ger avec design confortable r\u00e9duisant la fatigue des op\u00e9rateurs.","breadcrumb":{"@id":"https:\/\/www.qnde.ca\/fr\/produit\/graco-xp-pistolet-electrostatique\/#breadcrumb"},"inLanguage":"fr-FR","potentialAction":[{"@type":"ReadAction","target":["https:\/\/www.qnde.ca\/fr\/produit\/graco-xp-pistolet-electrostatique\/"]}]},{"@type":"ImageObject","inLanguage":"fr-FR","@id":"https:\/\/www.qnde.ca\/fr\/produit\/graco-xp-pistolet-electrostatique\/#primaryimage","url":"https:\/\/www.qnde.ca\/wp-content\/uploads\/2016\/12\/graco-xp60.jpg","contentUrl":"https:\/\/www.qnde.ca\/wp-content\/uploads\/2016\/12\/graco-xp60.jpg","width":1280,"height":853},{"@type":"BreadcrumbList","@id":"https:\/\/www.qnde.ca\/fr\/produit\/graco-xp-pistolet-electrostatique\/#breadcrumb","itemListElement":[{"@type":"ListItem","position":1,"name":"Accueil","item":"https:\/\/www.qnde.ca\/fr\/"},{"@type":"ListItem","position":2,"name":"Produits","item":"https:\/\/www.qnde.ca\/fr\/produits\/"},{"@type":"ListItem","position":3,"name":"Ressuage","item":"https:\/\/www.qnde.ca\/fr\/product-category\/ressuage\/"},{"@type":"ListItem","position":4,"name":"Accessoires","item":"https:\/\/www.qnde.ca\/fr\/product-category\/ressuage\/accessoires-ressuage\/"},{"@type":"ListItem","position":5,"name":"Graco Xp Series, Pistolet \u00c9lectrostatique pour P\u00e9n\u00e9trant"}]},{"@type":"WebSite","@id":"https:\/\/www.qnde.ca\/#website","url":"https:\/\/www.qnde.ca\/","name":"Qualit\u00e9 NDE","description":"\u00c9quipements d&#039;essais non destructifs ","publisher":{"@id":"https:\/\/www.qnde.ca\/#organization"},"potentialAction":[{"@type":"SearchAction","target":{"@type":"EntryPoint","urlTemplate":"https:\/\/www.qnde.ca\/?s={search_term_string}"},"query-input":{"@type":"PropertyValueSpecification","valueRequired":true,"valueName":"search_term_string"}}],"inLanguage":"fr-FR"},{"@type":"Organization","@id":"https:\/\/www.qnde.ca\/#organization","name":"Quality NDT Ltd.","url":"https:\/\/www.qnde.ca\/","logo":{"@type":"ImageObject","inLanguage":"fr-FR","@id":"https:\/\/www.qnde.ca\/#\/schema\/logo\/image\/","url":"https:\/\/www.qnde.ca\/wp-content\/uploads\/2022\/02\/QNDE_logo_RGB-gif.gif","contentUrl":"https:\/\/www.qnde.ca\/wp-content\/uploads\/2022\/02\/QNDE_logo_RGB-gif.gif","width":250,"height":64,"caption":"Quality NDT Ltd."},"image":{"@id":"https:\/\/www.qnde.ca\/#\/schema\/logo\/image\/"},"sameAs":["https:\/\/www.linkedin.com\/company\/qnde\/about\/?viewAsMember=true"]}]}},"jetpack_sharing_enabled":true,"_links":{"self":[{"href":"https:\/\/www.qnde.ca\/fr\/wp-json\/wp\/v2\/product\/8982","targetHints":{"allow":["GET"]}}],"collection":[{"href":"https:\/\/www.qnde.ca\/fr\/wp-json\/wp\/v2\/product"}],"about":[{"href":"https:\/\/www.qnde.ca\/fr\/wp-json\/wp\/v2\/types\/product"}],"wp:featuredmedia":[{"embeddable":true,"href":"https:\/\/www.qnde.ca\/fr\/wp-json\/wp\/v2\/media\/11691"}],"wp:attachment":[{"href":"https:\/\/www.qnde.ca\/fr\/wp-json\/wp\/v2\/media?parent=8982"}],"wp:term":[{"taxonomy":"product_brand","embeddable":true,"href":"https:\/\/www.qnde.ca\/fr\/wp-json\/wp\/v2\/product_brand?post=8982"},{"taxonomy":"product_cat","embeddable":true,"href":"https:\/\/www.qnde.ca\/fr\/wp-json\/wp\/v2\/product_cat?post=8982"},{"taxonomy":"product_tag","embeddable":true,"href":"https:\/\/www.qnde.ca\/fr\/wp-json\/wp\/v2\/product_tag?post=8982"}],"curies":[{"name":"wp","href":"https:\/\/api.w.org\/{rel}","templated":true}]}}