{"id":8898,"date":"2016-12-28T13:23:55","date_gmt":"2016-12-28T13:23:55","guid":{"rendered":"https:\/\/www.qnde.ca\/product\/soundsafe\/"},"modified":"2025-06-13T11:26:03","modified_gmt":"2025-06-13T15:26:03","slug":"soundsafe-fr","status":"publish","type":"product","link":"https:\/\/www.qnde.ca\/fr\/produit\/soundsafe-fr\/","title":{"rendered":"Magnaflux Soundsafe Couplant"},"content":{"rendered":"<h3><strong>Magnaflux Soundsafe Couplant<\/strong><\/h3>\n<p>Le Soundsafe est un couplant haute performance, soluble dans l&rsquo;eau, avec une excellente protection contre la corrosion et des propri\u00e9t\u00e9s thixotropes. Il rencontre les sp\u00e9cifications nucl\u00e9aires pour les niveaux d&rsquo;halog\u00e8ne et de soufre, et est approuv\u00e9 par Pratt &amp; Whitney. Plage de temp\u00e9rature: -18 \u00e0 93\u00b0C (0 \u00e0 200\u00b0F).<\/p>\n<ul>\n<li>20-908: Soundsafe, couplant en 8oz (236ml) bouteille.<\/li>\n<li>20-912: Soundsafe, couplant en caisse de 12 bouteilles, 8oz (236ml) par bouteille.<\/li>\n<li>20-901: Soundsafe, couplant en 1gal (3.78L) poche.<\/li>\n<li>20-905: Soundsafe, couplant en 5gal (18.9L) poche.<\/li>\n<li>20-955: Soundsafe, couplant en 55gal (208L) baril.<\/li>\n<\/ul>\n","protected":false},"excerpt":{"rendered":"<p>Magnaflux Soundsafe Couplant Le Soundsafe est un couplant haute performance, soluble dans l&rsquo;eau, avec une excellente protection contre la corrosion et des propri\u00e9t\u00e9s thixotropes. Il rencontre les sp\u00e9cifications nucl\u00e9aires pour les niveaux d&rsquo;halog\u00e8ne et de soufre, et est approuv\u00e9 par Pratt &amp; Whitney. Plage de temp\u00e9rature: -18 \u00e0 93\u00b0C (0 \u00e0 200\u00b0F). 20-908: Soundsafe, couplant [&hellip;]<\/p>\n","protected":false},"featured_media":19415,"template":"","meta":{"_monsterinsights_skip_tracking":false,"_monsterinsights_sitenote_active":false,"_monsterinsights_sitenote_note":"","_monsterinsights_sitenote_category":0},"product_brand":[],"product_cat":[369,307],"product_tag":[],"class_list":{"0":"post-8898","1":"product","2":"type-product","3":"status-publish","4":"has-post-thumbnail","6":"product_cat-magnaflux-fr","7":"product_cat-couplant-ultrasons","9":"first","10":"instock","11":"shipping-taxable","12":"purchasable","13":"product-type-variable"},"yoast_head":"<!-- This site is optimized with the Yoast SEO plugin v23.9 - https:\/\/yoast.com\/wordpress\/plugins\/seo\/ -->\n<title>Magnaflux Soundsafe Couplant &#060; Qualit\u00e9 NDE<\/title>\n<meta name=\"description\" content=\"Le Soundsafe est un couplant haute performance, soluble dans l&#039;eau, avec une excellente protection contre la corrosion et des propri\u00e9t\u00e9s thixotropes.\" \/>\n<meta name=\"robots\" content=\"index, follow, max-snippet:-1, max-image-preview:large, max-video-preview:-1\" \/>\n<link rel=\"canonical\" href=\"https:\/\/www.qnde.ca\/fr\/produit\/soundsafe-fr\/\" \/>\n<meta name=\"twitter:label1\" content=\"Dur\u00e9e de lecture estim\u00e9e\" \/>\n\t<meta name=\"twitter:data1\" content=\"1 minute\" \/>\n<script type=\"application\/ld+json\" class=\"yoast-schema-graph\">{\"@context\":\"https:\/\/schema.org\",\"@graph\":[{\"@type\":[\"WebPage\",\"ItemPage\"],\"@id\":\"https:\/\/www.qnde.ca\/fr\/produit\/soundsafe-fr\/\",\"url\":\"https:\/\/www.qnde.ca\/fr\/produit\/soundsafe-fr\/\",\"name\":\"Magnaflux Soundsafe Couplant &#060; Qualit\u00e9 NDE\",\"isPartOf\":{\"@id\":\"https:\/\/www.qnde.ca\/#website\"},\"primaryImageOfPage\":{\"@id\":\"https:\/\/www.qnde.ca\/fr\/produit\/soundsafe-fr\/#primaryimage\"},\"image\":{\"@id\":\"https:\/\/www.qnde.ca\/fr\/produit\/soundsafe-fr\/#primaryimage\"},\"thumbnailUrl\":\"https:\/\/www.qnde.ca\/wp-content\/uploads\/2021\/04\/Soundsafe-couplant-shown-in-1-5-and-55-gallons.jpg\",\"datePublished\":\"2016-12-28T13:23:55+00:00\",\"dateModified\":\"2025-06-13T15:26:03+00:00\",\"description\":\"Le Soundsafe est un couplant haute performance, soluble dans l'eau, avec une excellente protection contre la corrosion et des propri\u00e9t\u00e9s thixotropes.\",\"breadcrumb\":{\"@id\":\"https:\/\/www.qnde.ca\/fr\/produit\/soundsafe-fr\/#breadcrumb\"},\"inLanguage\":\"fr-FR\",\"potentialAction\":[{\"@type\":\"ReadAction\",\"target\":[\"https:\/\/www.qnde.ca\/fr\/produit\/soundsafe-fr\/\"]}]},{\"@type\":\"ImageObject\",\"inLanguage\":\"fr-FR\",\"@id\":\"https:\/\/www.qnde.ca\/fr\/produit\/soundsafe-fr\/#primaryimage\",\"url\":\"https:\/\/www.qnde.ca\/wp-content\/uploads\/2021\/04\/Soundsafe-couplant-shown-in-1-5-and-55-gallons.jpg\",\"contentUrl\":\"https:\/\/www.qnde.ca\/wp-content\/uploads\/2021\/04\/Soundsafe-couplant-shown-in-1-5-and-55-gallons.jpg\",\"width\":2000,\"height\":2000,\"caption\":\"Soundsafe couplant shown in 1, 5 and 55 gallons\"},{\"@type\":\"BreadcrumbList\",\"@id\":\"https:\/\/www.qnde.ca\/fr\/produit\/soundsafe-fr\/#breadcrumb\",\"itemListElement\":[{\"@type\":\"ListItem\",\"position\":1,\"name\":\"Accueil\",\"item\":\"https:\/\/www.qnde.ca\/fr\/\"},{\"@type\":\"ListItem\",\"position\":2,\"name\":\"Produits\",\"item\":\"https:\/\/www.qnde.ca\/fr\/produits\/\"},{\"@type\":\"ListItem\",\"position\":3,\"name\":\"Ultrasons\",\"item\":\"https:\/\/www.qnde.ca\/fr\/product-category\/ultrasons\/\"},{\"@type\":\"ListItem\",\"position\":4,\"name\":\"Couplant\",\"item\":\"https:\/\/www.qnde.ca\/fr\/product-category\/ultrasons\/couplant-ultrasons\/\"},{\"@type\":\"ListItem\",\"position\":5,\"name\":\"Magnaflux Soundsafe Couplant\"}]},{\"@type\":\"WebSite\",\"@id\":\"https:\/\/www.qnde.ca\/#website\",\"url\":\"https:\/\/www.qnde.ca\/\",\"name\":\"Qualit\u00e9 NDE\",\"description\":\"\u00c9quipements d&#039;essais non destructifs \",\"publisher\":{\"@id\":\"https:\/\/www.qnde.ca\/#organization\"},\"potentialAction\":[{\"@type\":\"SearchAction\",\"target\":{\"@type\":\"EntryPoint\",\"urlTemplate\":\"https:\/\/www.qnde.ca\/?s={search_term_string}\"},\"query-input\":{\"@type\":\"PropertyValueSpecification\",\"valueRequired\":true,\"valueName\":\"search_term_string\"}}],\"inLanguage\":\"fr-FR\"},{\"@type\":\"Organization\",\"@id\":\"https:\/\/www.qnde.ca\/#organization\",\"name\":\"Quality NDT Ltd.\",\"url\":\"https:\/\/www.qnde.ca\/\",\"logo\":{\"@type\":\"ImageObject\",\"inLanguage\":\"fr-FR\",\"@id\":\"https:\/\/www.qnde.ca\/#\/schema\/logo\/image\/\",\"url\":\"https:\/\/www.qnde.ca\/wp-content\/uploads\/2022\/02\/QNDE_logo_RGB-gif.gif\",\"contentUrl\":\"https:\/\/www.qnde.ca\/wp-content\/uploads\/2022\/02\/QNDE_logo_RGB-gif.gif\",\"width\":250,\"height\":64,\"caption\":\"Quality NDT Ltd.\"},\"image\":{\"@id\":\"https:\/\/www.qnde.ca\/#\/schema\/logo\/image\/\"},\"sameAs\":[\"https:\/\/www.linkedin.com\/company\/qnde\/about\/?viewAsMember=true\"]}]}<\/script>\n<!-- \/ Yoast SEO plugin. -->","yoast_head_json":{"title":"Magnaflux Soundsafe Couplant &#060; Qualit\u00e9 NDE","description":"Le Soundsafe est un couplant haute performance, soluble dans l'eau, avec une excellente protection contre la corrosion et des propri\u00e9t\u00e9s thixotropes.","robots":{"index":"index","follow":"follow","max-snippet":"max-snippet:-1","max-image-preview":"max-image-preview:large","max-video-preview":"max-video-preview:-1"},"canonical":"https:\/\/www.qnde.ca\/fr\/produit\/soundsafe-fr\/","twitter_misc":{"Dur\u00e9e de lecture estim\u00e9e":"1 minute"},"schema":{"@context":"https:\/\/schema.org","@graph":[{"@type":["WebPage","ItemPage"],"@id":"https:\/\/www.qnde.ca\/fr\/produit\/soundsafe-fr\/","url":"https:\/\/www.qnde.ca\/fr\/produit\/soundsafe-fr\/","name":"Magnaflux Soundsafe Couplant &#060; Qualit\u00e9 NDE","isPartOf":{"@id":"https:\/\/www.qnde.ca\/#website"},"primaryImageOfPage":{"@id":"https:\/\/www.qnde.ca\/fr\/produit\/soundsafe-fr\/#primaryimage"},"image":{"@id":"https:\/\/www.qnde.ca\/fr\/produit\/soundsafe-fr\/#primaryimage"},"thumbnailUrl":"https:\/\/www.qnde.ca\/wp-content\/uploads\/2021\/04\/Soundsafe-couplant-shown-in-1-5-and-55-gallons.jpg","datePublished":"2016-12-28T13:23:55+00:00","dateModified":"2025-06-13T15:26:03+00:00","description":"Le Soundsafe est un couplant haute performance, soluble dans l'eau, avec une excellente protection contre la corrosion et des propri\u00e9t\u00e9s thixotropes.","breadcrumb":{"@id":"https:\/\/www.qnde.ca\/fr\/produit\/soundsafe-fr\/#breadcrumb"},"inLanguage":"fr-FR","potentialAction":[{"@type":"ReadAction","target":["https:\/\/www.qnde.ca\/fr\/produit\/soundsafe-fr\/"]}]},{"@type":"ImageObject","inLanguage":"fr-FR","@id":"https:\/\/www.qnde.ca\/fr\/produit\/soundsafe-fr\/#primaryimage","url":"https:\/\/www.qnde.ca\/wp-content\/uploads\/2021\/04\/Soundsafe-couplant-shown-in-1-5-and-55-gallons.jpg","contentUrl":"https:\/\/www.qnde.ca\/wp-content\/uploads\/2021\/04\/Soundsafe-couplant-shown-in-1-5-and-55-gallons.jpg","width":2000,"height":2000,"caption":"Soundsafe couplant shown in 1, 5 and 55 gallons"},{"@type":"BreadcrumbList","@id":"https:\/\/www.qnde.ca\/fr\/produit\/soundsafe-fr\/#breadcrumb","itemListElement":[{"@type":"ListItem","position":1,"name":"Accueil","item":"https:\/\/www.qnde.ca\/fr\/"},{"@type":"ListItem","position":2,"name":"Produits","item":"https:\/\/www.qnde.ca\/fr\/produits\/"},{"@type":"ListItem","position":3,"name":"Ultrasons","item":"https:\/\/www.qnde.ca\/fr\/product-category\/ultrasons\/"},{"@type":"ListItem","position":4,"name":"Couplant","item":"https:\/\/www.qnde.ca\/fr\/product-category\/ultrasons\/couplant-ultrasons\/"},{"@type":"ListItem","position":5,"name":"Magnaflux Soundsafe Couplant"}]},{"@type":"WebSite","@id":"https:\/\/www.qnde.ca\/#website","url":"https:\/\/www.qnde.ca\/","name":"Qualit\u00e9 NDE","description":"\u00c9quipements d&#039;essais non destructifs ","publisher":{"@id":"https:\/\/www.qnde.ca\/#organization"},"potentialAction":[{"@type":"SearchAction","target":{"@type":"EntryPoint","urlTemplate":"https:\/\/www.qnde.ca\/?s={search_term_string}"},"query-input":{"@type":"PropertyValueSpecification","valueRequired":true,"valueName":"search_term_string"}}],"inLanguage":"fr-FR"},{"@type":"Organization","@id":"https:\/\/www.qnde.ca\/#organization","name":"Quality NDT Ltd.","url":"https:\/\/www.qnde.ca\/","logo":{"@type":"ImageObject","inLanguage":"fr-FR","@id":"https:\/\/www.qnde.ca\/#\/schema\/logo\/image\/","url":"https:\/\/www.qnde.ca\/wp-content\/uploads\/2022\/02\/QNDE_logo_RGB-gif.gif","contentUrl":"https:\/\/www.qnde.ca\/wp-content\/uploads\/2022\/02\/QNDE_logo_RGB-gif.gif","width":250,"height":64,"caption":"Quality NDT Ltd."},"image":{"@id":"https:\/\/www.qnde.ca\/#\/schema\/logo\/image\/"},"sameAs":["https:\/\/www.linkedin.com\/company\/qnde\/about\/?viewAsMember=true"]}]}},"jetpack_sharing_enabled":true,"_links":{"self":[{"href":"https:\/\/www.qnde.ca\/fr\/wp-json\/wp\/v2\/product\/8898","targetHints":{"allow":["GET"]}}],"collection":[{"href":"https:\/\/www.qnde.ca\/fr\/wp-json\/wp\/v2\/product"}],"about":[{"href":"https:\/\/www.qnde.ca\/fr\/wp-json\/wp\/v2\/types\/product"}],"wp:featuredmedia":[{"embeddable":true,"href":"https:\/\/www.qnde.ca\/fr\/wp-json\/wp\/v2\/media\/19415"}],"wp:attachment":[{"href":"https:\/\/www.qnde.ca\/fr\/wp-json\/wp\/v2\/media?parent=8898"}],"wp:term":[{"taxonomy":"product_brand","embeddable":true,"href":"https:\/\/www.qnde.ca\/fr\/wp-json\/wp\/v2\/product_brand?post=8898"},{"taxonomy":"product_cat","embeddable":true,"href":"https:\/\/www.qnde.ca\/fr\/wp-json\/wp\/v2\/product_cat?post=8898"},{"taxonomy":"product_tag","embeddable":true,"href":"https:\/\/www.qnde.ca\/fr\/wp-json\/wp\/v2\/product_tag?post=8898"}],"curies":[{"name":"wp","href":"https:\/\/api.w.org\/{rel}","templated":true}]}}