{"id":8879,"date":"2016-12-27T21:42:51","date_gmt":"2016-12-27T21:42:51","guid":{"rendered":"https:\/\/www.qnde.ca\/product\/canadianadmiral\/"},"modified":"2022-11-09T14:59:29","modified_gmt":"2022-11-09T19:59:29","slug":"gammametre-canadianadmiral","status":"publish","type":"product","link":"https:\/\/www.qnde.ca\/fr\/produit\/gammametre-canadianadmiral\/","title":{"rendered":"Canadian Admiral Gammam\u00e8tre"},"content":{"rendered":"<h3><strong>Canadian Admiral Gammam\u00e8tre\u00a0<\/strong><\/h3>\n<p>Robuste, simple, fiable et \u00e9prouv\u00e9 par la guerre froide. Cet appareil, bien que progressivement \u00e9limin\u00e9, est encore extr\u00eamement populaire parmi les professionnels gr\u00e2ce \u00e0 sa construction simple et son faible co\u00fbt de r\u00e9paration. Mesures en deux plages (0 \u00e0 10 R\/h et 0 \u00e0 100 mR\/h) avec une pr\u00e9cision de \u00b1 20% sur la plage enti\u00e8re. Utilise deux batteries 9V.<\/p>\n<ul>\n<li>QSL2002: Contactez-nous pour une estimation de r\u00e9paration.<\/li>\n<\/ul>\n","protected":false},"excerpt":{"rendered":"<p>Canadian Admiral Gammam\u00e8tre\u00a0 Robuste, simple, fiable et \u00e9prouv\u00e9 par la guerre froide. Cet appareil, bien que progressivement \u00e9limin\u00e9, est encore extr\u00eamement populaire parmi les professionnels gr\u00e2ce \u00e0 sa construction simple et son faible co\u00fbt de r\u00e9paration. Mesures en deux plages (0 \u00e0 10 R\/h et 0 \u00e0 100 mR\/h) avec une pr\u00e9cision de \u00b1 20% [&hellip;]<\/p>\n","protected":false},"featured_media":8891,"template":"","meta":{"_monsterinsights_skip_tracking":false,"_monsterinsights_sitenote_active":false,"_monsterinsights_sitenote_note":"","_monsterinsights_sitenote_category":0},"product_brand":[],"product_cat":[402,143],"product_tag":[],"class_list":{"0":"post-8879","1":"product","2":"type-product","3":"status-publish","4":"has-post-thumbnail","6":"product_cat-autres-marques","7":"product_cat-radioprotection","9":"first","10":"instock","11":"shipping-taxable","12":"purchasable","13":"product-type-simple"},"yoast_head":"<!-- This site is optimized with the Yoast SEO plugin v23.9 - https:\/\/yoast.com\/wordpress\/plugins\/seo\/ -->\n<title>Canadian Admiral Gammam\u00e8tre &#060; Qualit\u00e9 NDE<\/title>\n<meta name=\"description\" content=\"Robuste, simple, fiable et \u00e9prouv\u00e9 par la guerre froide. Mesures en deux plages (0 \u00e0 10R\/h et 0 \u00e0 100mR\/h) avec une pr\u00e9cision de \u00b120% sur la plage enti\u00e8re.\" \/>\n<meta name=\"robots\" content=\"index, follow, max-snippet:-1, max-image-preview:large, max-video-preview:-1\" \/>\n<link rel=\"canonical\" href=\"https:\/\/www.qnde.ca\/fr\/produit\/gammametre-canadianadmiral\/\" \/>\n<meta name=\"twitter:label1\" content=\"Dur\u00e9e de lecture estim\u00e9e\" \/>\n\t<meta name=\"twitter:data1\" content=\"1 minute\" \/>\n<script type=\"application\/ld+json\" class=\"yoast-schema-graph\">{\"@context\":\"https:\/\/schema.org\",\"@graph\":[{\"@type\":[\"WebPage\",\"ItemPage\"],\"@id\":\"https:\/\/www.qnde.ca\/fr\/produit\/gammametre-canadianadmiral\/\",\"url\":\"https:\/\/www.qnde.ca\/fr\/produit\/gammametre-canadianadmiral\/\",\"name\":\"Canadian Admiral Gammam\u00e8tre &#060; Qualit\u00e9 NDE\",\"isPartOf\":{\"@id\":\"https:\/\/www.qnde.ca\/#website\"},\"primaryImageOfPage\":{\"@id\":\"https:\/\/www.qnde.ca\/fr\/produit\/gammametre-canadianadmiral\/#primaryimage\"},\"image\":{\"@id\":\"https:\/\/www.qnde.ca\/fr\/produit\/gammametre-canadianadmiral\/#primaryimage\"},\"thumbnailUrl\":\"https:\/\/www.qnde.ca\/wp-content\/uploads\/2016\/12\/media20.jpg\",\"datePublished\":\"2016-12-27T21:42:51+00:00\",\"dateModified\":\"2022-11-09T19:59:29+00:00\",\"description\":\"Robuste, simple, fiable et \u00e9prouv\u00e9 par la guerre froide. Mesures en deux plages (0 \u00e0 10R\/h et 0 \u00e0 100mR\/h) avec une pr\u00e9cision de \u00b120% sur la plage enti\u00e8re.\",\"breadcrumb\":{\"@id\":\"https:\/\/www.qnde.ca\/fr\/produit\/gammametre-canadianadmiral\/#breadcrumb\"},\"inLanguage\":\"fr-FR\",\"potentialAction\":[{\"@type\":\"ReadAction\",\"target\":[\"https:\/\/www.qnde.ca\/fr\/produit\/gammametre-canadianadmiral\/\"]}]},{\"@type\":\"ImageObject\",\"inLanguage\":\"fr-FR\",\"@id\":\"https:\/\/www.qnde.ca\/fr\/produit\/gammametre-canadianadmiral\/#primaryimage\",\"url\":\"https:\/\/www.qnde.ca\/wp-content\/uploads\/2016\/12\/media20.jpg\",\"contentUrl\":\"https:\/\/www.qnde.ca\/wp-content\/uploads\/2016\/12\/media20.jpg\",\"width\":300,\"height\":225},{\"@type\":\"BreadcrumbList\",\"@id\":\"https:\/\/www.qnde.ca\/fr\/produit\/gammametre-canadianadmiral\/#breadcrumb\",\"itemListElement\":[{\"@type\":\"ListItem\",\"position\":1,\"name\":\"Accueil\",\"item\":\"https:\/\/www.qnde.ca\/fr\/\"},{\"@type\":\"ListItem\",\"position\":2,\"name\":\"Produits\",\"item\":\"https:\/\/www.qnde.ca\/fr\/produits\/\"},{\"@type\":\"ListItem\",\"position\":3,\"name\":\"Radiographie\",\"item\":\"https:\/\/www.qnde.ca\/fr\/product-category\/radiographie\/\"},{\"@type\":\"ListItem\",\"position\":4,\"name\":\"Radioprotection\",\"item\":\"https:\/\/www.qnde.ca\/fr\/product-category\/radiographie\/radioprotection\/\"},{\"@type\":\"ListItem\",\"position\":5,\"name\":\"Canadian Admiral Gammam\u00e8tre\"}]},{\"@type\":\"WebSite\",\"@id\":\"https:\/\/www.qnde.ca\/#website\",\"url\":\"https:\/\/www.qnde.ca\/\",\"name\":\"Qualit\u00e9 NDE\",\"description\":\"\u00c9quipements d&#039;essais non destructifs \",\"publisher\":{\"@id\":\"https:\/\/www.qnde.ca\/#organization\"},\"potentialAction\":[{\"@type\":\"SearchAction\",\"target\":{\"@type\":\"EntryPoint\",\"urlTemplate\":\"https:\/\/www.qnde.ca\/?s={search_term_string}\"},\"query-input\":{\"@type\":\"PropertyValueSpecification\",\"valueRequired\":true,\"valueName\":\"search_term_string\"}}],\"inLanguage\":\"fr-FR\"},{\"@type\":\"Organization\",\"@id\":\"https:\/\/www.qnde.ca\/#organization\",\"name\":\"Quality NDT Ltd.\",\"url\":\"https:\/\/www.qnde.ca\/\",\"logo\":{\"@type\":\"ImageObject\",\"inLanguage\":\"fr-FR\",\"@id\":\"https:\/\/www.qnde.ca\/#\/schema\/logo\/image\/\",\"url\":\"https:\/\/www.qnde.ca\/wp-content\/uploads\/2022\/02\/QNDE_logo_RGB-gif.gif\",\"contentUrl\":\"https:\/\/www.qnde.ca\/wp-content\/uploads\/2022\/02\/QNDE_logo_RGB-gif.gif\",\"width\":250,\"height\":64,\"caption\":\"Quality NDT Ltd.\"},\"image\":{\"@id\":\"https:\/\/www.qnde.ca\/#\/schema\/logo\/image\/\"},\"sameAs\":[\"https:\/\/www.linkedin.com\/company\/qnde\/about\/?viewAsMember=true\"]}]}<\/script>\n<!-- \/ Yoast SEO plugin. -->","yoast_head_json":{"title":"Canadian Admiral Gammam\u00e8tre &#060; Qualit\u00e9 NDE","description":"Robuste, simple, fiable et \u00e9prouv\u00e9 par la guerre froide. Mesures en deux plages (0 \u00e0 10R\/h et 0 \u00e0 100mR\/h) avec une pr\u00e9cision de \u00b120% sur la plage enti\u00e8re.","robots":{"index":"index","follow":"follow","max-snippet":"max-snippet:-1","max-image-preview":"max-image-preview:large","max-video-preview":"max-video-preview:-1"},"canonical":"https:\/\/www.qnde.ca\/fr\/produit\/gammametre-canadianadmiral\/","twitter_misc":{"Dur\u00e9e de lecture estim\u00e9e":"1 minute"},"schema":{"@context":"https:\/\/schema.org","@graph":[{"@type":["WebPage","ItemPage"],"@id":"https:\/\/www.qnde.ca\/fr\/produit\/gammametre-canadianadmiral\/","url":"https:\/\/www.qnde.ca\/fr\/produit\/gammametre-canadianadmiral\/","name":"Canadian Admiral Gammam\u00e8tre &#060; Qualit\u00e9 NDE","isPartOf":{"@id":"https:\/\/www.qnde.ca\/#website"},"primaryImageOfPage":{"@id":"https:\/\/www.qnde.ca\/fr\/produit\/gammametre-canadianadmiral\/#primaryimage"},"image":{"@id":"https:\/\/www.qnde.ca\/fr\/produit\/gammametre-canadianadmiral\/#primaryimage"},"thumbnailUrl":"https:\/\/www.qnde.ca\/wp-content\/uploads\/2016\/12\/media20.jpg","datePublished":"2016-12-27T21:42:51+00:00","dateModified":"2022-11-09T19:59:29+00:00","description":"Robuste, simple, fiable et \u00e9prouv\u00e9 par la guerre froide. Mesures en deux plages (0 \u00e0 10R\/h et 0 \u00e0 100mR\/h) avec une pr\u00e9cision de \u00b120% sur la plage enti\u00e8re.","breadcrumb":{"@id":"https:\/\/www.qnde.ca\/fr\/produit\/gammametre-canadianadmiral\/#breadcrumb"},"inLanguage":"fr-FR","potentialAction":[{"@type":"ReadAction","target":["https:\/\/www.qnde.ca\/fr\/produit\/gammametre-canadianadmiral\/"]}]},{"@type":"ImageObject","inLanguage":"fr-FR","@id":"https:\/\/www.qnde.ca\/fr\/produit\/gammametre-canadianadmiral\/#primaryimage","url":"https:\/\/www.qnde.ca\/wp-content\/uploads\/2016\/12\/media20.jpg","contentUrl":"https:\/\/www.qnde.ca\/wp-content\/uploads\/2016\/12\/media20.jpg","width":300,"height":225},{"@type":"BreadcrumbList","@id":"https:\/\/www.qnde.ca\/fr\/produit\/gammametre-canadianadmiral\/#breadcrumb","itemListElement":[{"@type":"ListItem","position":1,"name":"Accueil","item":"https:\/\/www.qnde.ca\/fr\/"},{"@type":"ListItem","position":2,"name":"Produits","item":"https:\/\/www.qnde.ca\/fr\/produits\/"},{"@type":"ListItem","position":3,"name":"Radiographie","item":"https:\/\/www.qnde.ca\/fr\/product-category\/radiographie\/"},{"@type":"ListItem","position":4,"name":"Radioprotection","item":"https:\/\/www.qnde.ca\/fr\/product-category\/radiographie\/radioprotection\/"},{"@type":"ListItem","position":5,"name":"Canadian Admiral Gammam\u00e8tre"}]},{"@type":"WebSite","@id":"https:\/\/www.qnde.ca\/#website","url":"https:\/\/www.qnde.ca\/","name":"Qualit\u00e9 NDE","description":"\u00c9quipements d&#039;essais non destructifs ","publisher":{"@id":"https:\/\/www.qnde.ca\/#organization"},"potentialAction":[{"@type":"SearchAction","target":{"@type":"EntryPoint","urlTemplate":"https:\/\/www.qnde.ca\/?s={search_term_string}"},"query-input":{"@type":"PropertyValueSpecification","valueRequired":true,"valueName":"search_term_string"}}],"inLanguage":"fr-FR"},{"@type":"Organization","@id":"https:\/\/www.qnde.ca\/#organization","name":"Quality NDT Ltd.","url":"https:\/\/www.qnde.ca\/","logo":{"@type":"ImageObject","inLanguage":"fr-FR","@id":"https:\/\/www.qnde.ca\/#\/schema\/logo\/image\/","url":"https:\/\/www.qnde.ca\/wp-content\/uploads\/2022\/02\/QNDE_logo_RGB-gif.gif","contentUrl":"https:\/\/www.qnde.ca\/wp-content\/uploads\/2022\/02\/QNDE_logo_RGB-gif.gif","width":250,"height":64,"caption":"Quality NDT Ltd."},"image":{"@id":"https:\/\/www.qnde.ca\/#\/schema\/logo\/image\/"},"sameAs":["https:\/\/www.linkedin.com\/company\/qnde\/about\/?viewAsMember=true"]}]}},"jetpack_sharing_enabled":true,"_links":{"self":[{"href":"https:\/\/www.qnde.ca\/fr\/wp-json\/wp\/v2\/product\/8879","targetHints":{"allow":["GET"]}}],"collection":[{"href":"https:\/\/www.qnde.ca\/fr\/wp-json\/wp\/v2\/product"}],"about":[{"href":"https:\/\/www.qnde.ca\/fr\/wp-json\/wp\/v2\/types\/product"}],"wp:featuredmedia":[{"embeddable":true,"href":"https:\/\/www.qnde.ca\/fr\/wp-json\/wp\/v2\/media\/8891"}],"wp:attachment":[{"href":"https:\/\/www.qnde.ca\/fr\/wp-json\/wp\/v2\/media?parent=8879"}],"wp:term":[{"taxonomy":"product_brand","embeddable":true,"href":"https:\/\/www.qnde.ca\/fr\/wp-json\/wp\/v2\/product_brand?post=8879"},{"taxonomy":"product_cat","embeddable":true,"href":"https:\/\/www.qnde.ca\/fr\/wp-json\/wp\/v2\/product_cat?post=8879"},{"taxonomy":"product_tag","embeddable":true,"href":"https:\/\/www.qnde.ca\/fr\/wp-json\/wp\/v2\/product_tag?post=8879"}],"curies":[{"name":"wp","href":"https:\/\/api.w.org\/{rel}","templated":true}]}}