{"id":8865,"date":"2016-12-27T21:22:43","date_gmt":"2016-12-27T21:22:43","guid":{"rendered":"https:\/\/www.qnde.ca\/product\/processcontrolstrips\/"},"modified":"2022-12-14T11:35:55","modified_gmt":"2022-12-14T16:35:55","slug":"bandes-controle-traitement","status":"publish","type":"product","link":"https:\/\/www.qnde.ca\/fr\/produit\/bandes-controle-traitement\/","title":{"rendered":"Carestream Bandes de Contr\u00f4le de Traitement"},"content":{"rendered":"<h3><strong>Carestream Bandes de Contr\u00f4le de Traitement<\/strong><\/h3>\n<p>Les bandes de contr\u00f4le de processus sont utilis\u00e9es pour surveiller la qualit\u00e9 de votre syst\u00e8me de d\u00e9veloppement selon ASTM E999 et EN ISO 11699-2. Pr\u00e9expos\u00e9es avec un bloc \u00e0 10-paliers, elles viennent dans une enveloppe \u00ab\u00a0Ready Pack\u00a0\u00bb, 25 par bo\u00eete. Livr\u00e9es avec certificat et graphique de contr\u00f4le.<\/p>\n<ul>\n<li>184-2137: Bande de contr\u00f4le de traitement, 10-paliers, 25 par bo\u00eete.<\/li>\n<\/ul>\n","protected":false},"excerpt":{"rendered":"<p>Carestream Bandes de Contr\u00f4le de Traitement Les bandes de contr\u00f4le de processus sont utilis\u00e9es pour surveiller la qualit\u00e9 de votre syst\u00e8me de d\u00e9veloppement selon ASTM E999 et EN ISO 11699-2. Pr\u00e9expos\u00e9es avec un bloc \u00e0 10-paliers, elles viennent dans une enveloppe \u00ab\u00a0Ready Pack\u00a0\u00bb, 25 par bo\u00eete. Livr\u00e9es avec certificat et graphique de contr\u00f4le. 184-2137: Bande [&hellip;]<\/p>\n","protected":false},"featured_media":29201,"template":"","meta":{"_monsterinsights_skip_tracking":false,"_monsterinsights_sitenote_active":false,"_monsterinsights_sitenote_note":"","_monsterinsights_sitenote_category":0},"product_brand":[],"product_cat":[388,144],"product_tag":[],"class_list":{"0":"post-8865","1":"product","2":"type-product","3":"status-publish","4":"has-post-thumbnail","6":"product_cat-carestream-fr","7":"product_cat-accessoires-exposition","9":"first","10":"instock","11":"shipping-taxable","12":"purchasable","13":"product-type-simple"},"yoast_head":"<!-- This site is optimized with the Yoast SEO plugin v23.9 - https:\/\/yoast.com\/wordpress\/plugins\/seo\/ -->\n<title>Carestream Bandes de Contr\u00f4le de Traitement &#060; Qualit\u00e9 NDE<\/title>\n<meta name=\"description\" content=\"Utilis\u00e9es pour surveiller la qualit\u00e9 de syst\u00e8me de d\u00e9veloppement selon ASTM E999 et EN ISO 11699-2. Livr\u00e9es avec certificat et graphique de contr\u00f4le.\" \/>\n<meta name=\"robots\" content=\"index, follow, max-snippet:-1, max-image-preview:large, max-video-preview:-1\" \/>\n<link rel=\"canonical\" href=\"https:\/\/www.qnde.ca\/fr\/produit\/bandes-controle-traitement\/\" \/>\n<meta name=\"twitter:label1\" content=\"Dur\u00e9e de lecture estim\u00e9e\" \/>\n\t<meta name=\"twitter:data1\" content=\"1 minute\" \/>\n<script type=\"application\/ld+json\" class=\"yoast-schema-graph\">{\"@context\":\"https:\/\/schema.org\",\"@graph\":[{\"@type\":[\"WebPage\",\"ItemPage\"],\"@id\":\"https:\/\/www.qnde.ca\/fr\/produit\/bandes-controle-traitement\/\",\"url\":\"https:\/\/www.qnde.ca\/fr\/produit\/bandes-controle-traitement\/\",\"name\":\"Carestream Bandes de Contr\u00f4le de Traitement &#060; Qualit\u00e9 NDE\",\"isPartOf\":{\"@id\":\"https:\/\/www.qnde.ca\/#website\"},\"primaryImageOfPage\":{\"@id\":\"https:\/\/www.qnde.ca\/fr\/produit\/bandes-controle-traitement\/#primaryimage\"},\"image\":{\"@id\":\"https:\/\/www.qnde.ca\/fr\/produit\/bandes-controle-traitement\/#primaryimage\"},\"thumbnailUrl\":\"https:\/\/www.qnde.ca\/wp-content\/uploads\/2016\/12\/Carestream-Process-Control-Strips-box-of-25-strips-in-individual-Ready-Pack-3.jpg\",\"datePublished\":\"2016-12-27T21:22:43+00:00\",\"dateModified\":\"2022-12-14T16:35:55+00:00\",\"description\":\"Utilis\u00e9es pour surveiller la qualit\u00e9 de syst\u00e8me de d\u00e9veloppement selon ASTM E999 et EN ISO 11699-2. Livr\u00e9es avec certificat et graphique de contr\u00f4le.\",\"breadcrumb\":{\"@id\":\"https:\/\/www.qnde.ca\/fr\/produit\/bandes-controle-traitement\/#breadcrumb\"},\"inLanguage\":\"fr-FR\",\"potentialAction\":[{\"@type\":\"ReadAction\",\"target\":[\"https:\/\/www.qnde.ca\/fr\/produit\/bandes-controle-traitement\/\"]}]},{\"@type\":\"ImageObject\",\"inLanguage\":\"fr-FR\",\"@id\":\"https:\/\/www.qnde.ca\/fr\/produit\/bandes-controle-traitement\/#primaryimage\",\"url\":\"https:\/\/www.qnde.ca\/wp-content\/uploads\/2016\/12\/Carestream-Process-Control-Strips-box-of-25-strips-in-individual-Ready-Pack-3.jpg\",\"contentUrl\":\"https:\/\/www.qnde.ca\/wp-content\/uploads\/2016\/12\/Carestream-Process-Control-Strips-box-of-25-strips-in-individual-Ready-Pack-3.jpg\",\"width\":1600,\"height\":1600},{\"@type\":\"BreadcrumbList\",\"@id\":\"https:\/\/www.qnde.ca\/fr\/produit\/bandes-controle-traitement\/#breadcrumb\",\"itemListElement\":[{\"@type\":\"ListItem\",\"position\":1,\"name\":\"Accueil\",\"item\":\"https:\/\/www.qnde.ca\/fr\/\"},{\"@type\":\"ListItem\",\"position\":2,\"name\":\"Produits\",\"item\":\"https:\/\/www.qnde.ca\/fr\/produits\/\"},{\"@type\":\"ListItem\",\"position\":3,\"name\":\"Radiographie\",\"item\":\"https:\/\/www.qnde.ca\/fr\/product-category\/radiographie\/\"},{\"@type\":\"ListItem\",\"position\":4,\"name\":\"Accessoires d\u2019Exposition\",\"item\":\"https:\/\/www.qnde.ca\/fr\/product-category\/radiographie\/accessoires-exposition\/\"},{\"@type\":\"ListItem\",\"position\":5,\"name\":\"Carestream Bandes de Contr\u00f4le de Traitement\"}]},{\"@type\":\"WebSite\",\"@id\":\"https:\/\/www.qnde.ca\/#website\",\"url\":\"https:\/\/www.qnde.ca\/\",\"name\":\"Qualit\u00e9 NDE\",\"description\":\"\u00c9quipements d&#039;essais non destructifs \",\"publisher\":{\"@id\":\"https:\/\/www.qnde.ca\/#organization\"},\"potentialAction\":[{\"@type\":\"SearchAction\",\"target\":{\"@type\":\"EntryPoint\",\"urlTemplate\":\"https:\/\/www.qnde.ca\/?s={search_term_string}\"},\"query-input\":{\"@type\":\"PropertyValueSpecification\",\"valueRequired\":true,\"valueName\":\"search_term_string\"}}],\"inLanguage\":\"fr-FR\"},{\"@type\":\"Organization\",\"@id\":\"https:\/\/www.qnde.ca\/#organization\",\"name\":\"Quality NDT Ltd.\",\"url\":\"https:\/\/www.qnde.ca\/\",\"logo\":{\"@type\":\"ImageObject\",\"inLanguage\":\"fr-FR\",\"@id\":\"https:\/\/www.qnde.ca\/#\/schema\/logo\/image\/\",\"url\":\"https:\/\/www.qnde.ca\/wp-content\/uploads\/2022\/02\/QNDE_logo_RGB-gif.gif\",\"contentUrl\":\"https:\/\/www.qnde.ca\/wp-content\/uploads\/2022\/02\/QNDE_logo_RGB-gif.gif\",\"width\":250,\"height\":64,\"caption\":\"Quality NDT Ltd.\"},\"image\":{\"@id\":\"https:\/\/www.qnde.ca\/#\/schema\/logo\/image\/\"},\"sameAs\":[\"https:\/\/www.linkedin.com\/company\/qnde\/about\/?viewAsMember=true\"]}]}<\/script>\n<!-- \/ Yoast SEO plugin. -->","yoast_head_json":{"title":"Carestream Bandes de Contr\u00f4le de Traitement &#060; Qualit\u00e9 NDE","description":"Utilis\u00e9es pour surveiller la qualit\u00e9 de syst\u00e8me de d\u00e9veloppement selon ASTM E999 et EN ISO 11699-2. Livr\u00e9es avec certificat et graphique de contr\u00f4le.","robots":{"index":"index","follow":"follow","max-snippet":"max-snippet:-1","max-image-preview":"max-image-preview:large","max-video-preview":"max-video-preview:-1"},"canonical":"https:\/\/www.qnde.ca\/fr\/produit\/bandes-controle-traitement\/","twitter_misc":{"Dur\u00e9e de lecture estim\u00e9e":"1 minute"},"schema":{"@context":"https:\/\/schema.org","@graph":[{"@type":["WebPage","ItemPage"],"@id":"https:\/\/www.qnde.ca\/fr\/produit\/bandes-controle-traitement\/","url":"https:\/\/www.qnde.ca\/fr\/produit\/bandes-controle-traitement\/","name":"Carestream Bandes de Contr\u00f4le de Traitement &#060; Qualit\u00e9 NDE","isPartOf":{"@id":"https:\/\/www.qnde.ca\/#website"},"primaryImageOfPage":{"@id":"https:\/\/www.qnde.ca\/fr\/produit\/bandes-controle-traitement\/#primaryimage"},"image":{"@id":"https:\/\/www.qnde.ca\/fr\/produit\/bandes-controle-traitement\/#primaryimage"},"thumbnailUrl":"https:\/\/www.qnde.ca\/wp-content\/uploads\/2016\/12\/Carestream-Process-Control-Strips-box-of-25-strips-in-individual-Ready-Pack-3.jpg","datePublished":"2016-12-27T21:22:43+00:00","dateModified":"2022-12-14T16:35:55+00:00","description":"Utilis\u00e9es pour surveiller la qualit\u00e9 de syst\u00e8me de d\u00e9veloppement selon ASTM E999 et EN ISO 11699-2. Livr\u00e9es avec certificat et graphique de contr\u00f4le.","breadcrumb":{"@id":"https:\/\/www.qnde.ca\/fr\/produit\/bandes-controle-traitement\/#breadcrumb"},"inLanguage":"fr-FR","potentialAction":[{"@type":"ReadAction","target":["https:\/\/www.qnde.ca\/fr\/produit\/bandes-controle-traitement\/"]}]},{"@type":"ImageObject","inLanguage":"fr-FR","@id":"https:\/\/www.qnde.ca\/fr\/produit\/bandes-controle-traitement\/#primaryimage","url":"https:\/\/www.qnde.ca\/wp-content\/uploads\/2016\/12\/Carestream-Process-Control-Strips-box-of-25-strips-in-individual-Ready-Pack-3.jpg","contentUrl":"https:\/\/www.qnde.ca\/wp-content\/uploads\/2016\/12\/Carestream-Process-Control-Strips-box-of-25-strips-in-individual-Ready-Pack-3.jpg","width":1600,"height":1600},{"@type":"BreadcrumbList","@id":"https:\/\/www.qnde.ca\/fr\/produit\/bandes-controle-traitement\/#breadcrumb","itemListElement":[{"@type":"ListItem","position":1,"name":"Accueil","item":"https:\/\/www.qnde.ca\/fr\/"},{"@type":"ListItem","position":2,"name":"Produits","item":"https:\/\/www.qnde.ca\/fr\/produits\/"},{"@type":"ListItem","position":3,"name":"Radiographie","item":"https:\/\/www.qnde.ca\/fr\/product-category\/radiographie\/"},{"@type":"ListItem","position":4,"name":"Accessoires d\u2019Exposition","item":"https:\/\/www.qnde.ca\/fr\/product-category\/radiographie\/accessoires-exposition\/"},{"@type":"ListItem","position":5,"name":"Carestream Bandes de Contr\u00f4le de Traitement"}]},{"@type":"WebSite","@id":"https:\/\/www.qnde.ca\/#website","url":"https:\/\/www.qnde.ca\/","name":"Qualit\u00e9 NDE","description":"\u00c9quipements d&#039;essais non destructifs ","publisher":{"@id":"https:\/\/www.qnde.ca\/#organization"},"potentialAction":[{"@type":"SearchAction","target":{"@type":"EntryPoint","urlTemplate":"https:\/\/www.qnde.ca\/?s={search_term_string}"},"query-input":{"@type":"PropertyValueSpecification","valueRequired":true,"valueName":"search_term_string"}}],"inLanguage":"fr-FR"},{"@type":"Organization","@id":"https:\/\/www.qnde.ca\/#organization","name":"Quality NDT Ltd.","url":"https:\/\/www.qnde.ca\/","logo":{"@type":"ImageObject","inLanguage":"fr-FR","@id":"https:\/\/www.qnde.ca\/#\/schema\/logo\/image\/","url":"https:\/\/www.qnde.ca\/wp-content\/uploads\/2022\/02\/QNDE_logo_RGB-gif.gif","contentUrl":"https:\/\/www.qnde.ca\/wp-content\/uploads\/2022\/02\/QNDE_logo_RGB-gif.gif","width":250,"height":64,"caption":"Quality NDT Ltd."},"image":{"@id":"https:\/\/www.qnde.ca\/#\/schema\/logo\/image\/"},"sameAs":["https:\/\/www.linkedin.com\/company\/qnde\/about\/?viewAsMember=true"]}]}},"jetpack_sharing_enabled":true,"_links":{"self":[{"href":"https:\/\/www.qnde.ca\/fr\/wp-json\/wp\/v2\/product\/8865","targetHints":{"allow":["GET"]}}],"collection":[{"href":"https:\/\/www.qnde.ca\/fr\/wp-json\/wp\/v2\/product"}],"about":[{"href":"https:\/\/www.qnde.ca\/fr\/wp-json\/wp\/v2\/types\/product"}],"wp:featuredmedia":[{"embeddable":true,"href":"https:\/\/www.qnde.ca\/fr\/wp-json\/wp\/v2\/media\/29201"}],"wp:attachment":[{"href":"https:\/\/www.qnde.ca\/fr\/wp-json\/wp\/v2\/media?parent=8865"}],"wp:term":[{"taxonomy":"product_brand","embeddable":true,"href":"https:\/\/www.qnde.ca\/fr\/wp-json\/wp\/v2\/product_brand?post=8865"},{"taxonomy":"product_cat","embeddable":true,"href":"https:\/\/www.qnde.ca\/fr\/wp-json\/wp\/v2\/product_cat?post=8865"},{"taxonomy":"product_tag","embeddable":true,"href":"https:\/\/www.qnde.ca\/fr\/wp-json\/wp\/v2\/product_tag?post=8865"}],"curies":[{"name":"wp","href":"https:\/\/api.w.org\/{rel}","templated":true}]}}