{"id":8837,"date":"2016-12-27T20:15:48","date_gmt":"2016-12-27T20:15:48","guid":{"rendered":"https:\/\/www.qnde.ca\/product\/developerstarter\/"},"modified":"2025-06-27T08:53:30","modified_gmt":"2025-06-27T12:53:30","slug":"carestream-industrex-developpeur-demarreur","status":"publish","type":"product","link":"https:\/\/www.qnde.ca\/fr\/produit\/carestream-industrex-developpeur-demarreur\/","title":{"rendered":"Carestream INDUSTREX, D\u00e9veloppeur et D\u00e9marreur"},"content":{"rendered":"<h3><strong>Carestream INDUSTREX, D\u00e9veloppeur et D\u00e9marreur <\/strong><\/h3>\n<p>Con\u00e7u pour une utilisation dans le traitement automatique et manuel, il permet un cycle de traitement plus court (5 minutes) pour tous les films. La haute stabilit\u00e9 chimique assure une qualit\u00e9 d\u2019image constante sur une p\u00e9riode de temps prolong\u00e9e.<\/p>\n<p>NOTE: Vous devriez acheter 2 bouteilles de solution de rin\u00e7age manuel pour une caisse de d\u00e9veloppeur et une caisse de fixateur.<\/p>\n<ul>\n<li>8351413: Carestream INDUSTREX D\u00e9veloppeur et d\u00e9marreur. La bo\u00eete contient deux bouteilles de 5L.<\/li>\n<\/ul>\n","protected":false},"excerpt":{"rendered":"<p>Carestream INDUSTREX, D\u00e9veloppeur et D\u00e9marreur Con\u00e7u pour une utilisation dans le traitement automatique et manuel, il permet un cycle de traitement plus court (5 minutes) pour tous les films. La haute stabilit\u00e9 chimique assure une qualit\u00e9 d\u2019image constante sur une p\u00e9riode de temps prolong\u00e9e. NOTE: Vous devriez acheter 2 bouteilles de solution de rin\u00e7age manuel [&hellip;]<\/p>\n","protected":false},"featured_media":8849,"template":"","meta":{"_monsterinsights_skip_tracking":false,"_monsterinsights_sitenote_active":false,"_monsterinsights_sitenote_note":"","_monsterinsights_sitenote_category":0},"product_brand":[],"product_cat":[388,140],"product_tag":[],"class_list":{"0":"post-8837","1":"product","2":"type-product","3":"status-publish","4":"has-post-thumbnail","6":"product_cat-carestream-fr","7":"product_cat-films-chimiques","9":"first","10":"instock","11":"shipping-taxable","12":"purchasable","13":"product-type-simple"},"yoast_head":"<!-- This site is optimized with the Yoast SEO plugin v23.9 - https:\/\/yoast.com\/wordpress\/plugins\/seo\/ -->\n<title>Carestream INDUSTREX, D\u00e9veloppeur et D\u00e9marreur &#060; Qualit\u00e9 NDE<\/title>\n<meta name=\"description\" content=\"Con\u00e7u pour une utilisation dans le traitement automatique et manuel, il permet un cycle de traitement plus court (5 minutes) pour tous les films.\" \/>\n<meta name=\"robots\" content=\"index, follow, max-snippet:-1, max-image-preview:large, max-video-preview:-1\" \/>\n<link rel=\"canonical\" href=\"https:\/\/www.qnde.ca\/fr\/produit\/carestream-industrex-developpeur-demarreur\/\" \/>\n<meta name=\"twitter:label1\" content=\"Dur\u00e9e de lecture estim\u00e9e\" \/>\n\t<meta name=\"twitter:data1\" content=\"1 minute\" \/>\n<script type=\"application\/ld+json\" class=\"yoast-schema-graph\">{\"@context\":\"https:\/\/schema.org\",\"@graph\":[{\"@type\":[\"WebPage\",\"ItemPage\"],\"@id\":\"https:\/\/www.qnde.ca\/fr\/produit\/carestream-industrex-developpeur-demarreur\/\",\"url\":\"https:\/\/www.qnde.ca\/fr\/produit\/carestream-industrex-developpeur-demarreur\/\",\"name\":\"Carestream INDUSTREX, D\u00e9veloppeur et D\u00e9marreur &#060; Qualit\u00e9 NDE\",\"isPartOf\":{\"@id\":\"https:\/\/www.qnde.ca\/#website\"},\"primaryImageOfPage\":{\"@id\":\"https:\/\/www.qnde.ca\/fr\/produit\/carestream-industrex-developpeur-demarreur\/#primaryimage\"},\"image\":{\"@id\":\"https:\/\/www.qnde.ca\/fr\/produit\/carestream-industrex-developpeur-demarreur\/#primaryimage\"},\"thumbnailUrl\":\"https:\/\/www.qnde.ca\/wp-content\/uploads\/2016\/12\/5315288.jpg\",\"datePublished\":\"2016-12-27T20:15:48+00:00\",\"dateModified\":\"2025-06-27T12:53:30+00:00\",\"description\":\"Con\u00e7u pour une utilisation dans le traitement automatique et manuel, il permet un cycle de traitement plus court (5 minutes) pour tous les films.\",\"breadcrumb\":{\"@id\":\"https:\/\/www.qnde.ca\/fr\/produit\/carestream-industrex-developpeur-demarreur\/#breadcrumb\"},\"inLanguage\":\"fr-FR\",\"potentialAction\":[{\"@type\":\"ReadAction\",\"target\":[\"https:\/\/www.qnde.ca\/fr\/produit\/carestream-industrex-developpeur-demarreur\/\"]}]},{\"@type\":\"ImageObject\",\"inLanguage\":\"fr-FR\",\"@id\":\"https:\/\/www.qnde.ca\/fr\/produit\/carestream-industrex-developpeur-demarreur\/#primaryimage\",\"url\":\"https:\/\/www.qnde.ca\/wp-content\/uploads\/2016\/12\/5315288.jpg\",\"contentUrl\":\"https:\/\/www.qnde.ca\/wp-content\/uploads\/2016\/12\/5315288.jpg\",\"width\":250,\"height\":250},{\"@type\":\"BreadcrumbList\",\"@id\":\"https:\/\/www.qnde.ca\/fr\/produit\/carestream-industrex-developpeur-demarreur\/#breadcrumb\",\"itemListElement\":[{\"@type\":\"ListItem\",\"position\":1,\"name\":\"Accueil\",\"item\":\"https:\/\/www.qnde.ca\/fr\/\"},{\"@type\":\"ListItem\",\"position\":2,\"name\":\"Produits\",\"item\":\"https:\/\/www.qnde.ca\/fr\/produits\/\"},{\"@type\":\"ListItem\",\"position\":3,\"name\":\"Radiographie\",\"item\":\"https:\/\/www.qnde.ca\/fr\/product-category\/radiographie\/\"},{\"@type\":\"ListItem\",\"position\":4,\"name\":\"Films et Chimiques\",\"item\":\"https:\/\/www.qnde.ca\/fr\/product-category\/radiographie\/films-chimiques\/\"},{\"@type\":\"ListItem\",\"position\":5,\"name\":\"Carestream INDUSTREX, D\u00e9veloppeur et D\u00e9marreur\"}]},{\"@type\":\"WebSite\",\"@id\":\"https:\/\/www.qnde.ca\/#website\",\"url\":\"https:\/\/www.qnde.ca\/\",\"name\":\"Qualit\u00e9 NDE\",\"description\":\"\u00c9quipements d&#039;essais non destructifs \",\"publisher\":{\"@id\":\"https:\/\/www.qnde.ca\/#organization\"},\"potentialAction\":[{\"@type\":\"SearchAction\",\"target\":{\"@type\":\"EntryPoint\",\"urlTemplate\":\"https:\/\/www.qnde.ca\/?s={search_term_string}\"},\"query-input\":{\"@type\":\"PropertyValueSpecification\",\"valueRequired\":true,\"valueName\":\"search_term_string\"}}],\"inLanguage\":\"fr-FR\"},{\"@type\":\"Organization\",\"@id\":\"https:\/\/www.qnde.ca\/#organization\",\"name\":\"Quality NDT Ltd.\",\"url\":\"https:\/\/www.qnde.ca\/\",\"logo\":{\"@type\":\"ImageObject\",\"inLanguage\":\"fr-FR\",\"@id\":\"https:\/\/www.qnde.ca\/#\/schema\/logo\/image\/\",\"url\":\"https:\/\/www.qnde.ca\/wp-content\/uploads\/2022\/02\/QNDE_logo_RGB-gif.gif\",\"contentUrl\":\"https:\/\/www.qnde.ca\/wp-content\/uploads\/2022\/02\/QNDE_logo_RGB-gif.gif\",\"width\":250,\"height\":64,\"caption\":\"Quality NDT Ltd.\"},\"image\":{\"@id\":\"https:\/\/www.qnde.ca\/#\/schema\/logo\/image\/\"},\"sameAs\":[\"https:\/\/www.linkedin.com\/company\/qnde\/about\/?viewAsMember=true\"]}]}<\/script>\n<!-- \/ Yoast SEO plugin. -->","yoast_head_json":{"title":"Carestream INDUSTREX, D\u00e9veloppeur et D\u00e9marreur &#060; Qualit\u00e9 NDE","description":"Con\u00e7u pour une utilisation dans le traitement automatique et manuel, il permet un cycle de traitement plus court (5 minutes) pour tous les films.","robots":{"index":"index","follow":"follow","max-snippet":"max-snippet:-1","max-image-preview":"max-image-preview:large","max-video-preview":"max-video-preview:-1"},"canonical":"https:\/\/www.qnde.ca\/fr\/produit\/carestream-industrex-developpeur-demarreur\/","twitter_misc":{"Dur\u00e9e de lecture estim\u00e9e":"1 minute"},"schema":{"@context":"https:\/\/schema.org","@graph":[{"@type":["WebPage","ItemPage"],"@id":"https:\/\/www.qnde.ca\/fr\/produit\/carestream-industrex-developpeur-demarreur\/","url":"https:\/\/www.qnde.ca\/fr\/produit\/carestream-industrex-developpeur-demarreur\/","name":"Carestream INDUSTREX, D\u00e9veloppeur et D\u00e9marreur &#060; Qualit\u00e9 NDE","isPartOf":{"@id":"https:\/\/www.qnde.ca\/#website"},"primaryImageOfPage":{"@id":"https:\/\/www.qnde.ca\/fr\/produit\/carestream-industrex-developpeur-demarreur\/#primaryimage"},"image":{"@id":"https:\/\/www.qnde.ca\/fr\/produit\/carestream-industrex-developpeur-demarreur\/#primaryimage"},"thumbnailUrl":"https:\/\/www.qnde.ca\/wp-content\/uploads\/2016\/12\/5315288.jpg","datePublished":"2016-12-27T20:15:48+00:00","dateModified":"2025-06-27T12:53:30+00:00","description":"Con\u00e7u pour une utilisation dans le traitement automatique et manuel, il permet un cycle de traitement plus court (5 minutes) pour tous les films.","breadcrumb":{"@id":"https:\/\/www.qnde.ca\/fr\/produit\/carestream-industrex-developpeur-demarreur\/#breadcrumb"},"inLanguage":"fr-FR","potentialAction":[{"@type":"ReadAction","target":["https:\/\/www.qnde.ca\/fr\/produit\/carestream-industrex-developpeur-demarreur\/"]}]},{"@type":"ImageObject","inLanguage":"fr-FR","@id":"https:\/\/www.qnde.ca\/fr\/produit\/carestream-industrex-developpeur-demarreur\/#primaryimage","url":"https:\/\/www.qnde.ca\/wp-content\/uploads\/2016\/12\/5315288.jpg","contentUrl":"https:\/\/www.qnde.ca\/wp-content\/uploads\/2016\/12\/5315288.jpg","width":250,"height":250},{"@type":"BreadcrumbList","@id":"https:\/\/www.qnde.ca\/fr\/produit\/carestream-industrex-developpeur-demarreur\/#breadcrumb","itemListElement":[{"@type":"ListItem","position":1,"name":"Accueil","item":"https:\/\/www.qnde.ca\/fr\/"},{"@type":"ListItem","position":2,"name":"Produits","item":"https:\/\/www.qnde.ca\/fr\/produits\/"},{"@type":"ListItem","position":3,"name":"Radiographie","item":"https:\/\/www.qnde.ca\/fr\/product-category\/radiographie\/"},{"@type":"ListItem","position":4,"name":"Films et Chimiques","item":"https:\/\/www.qnde.ca\/fr\/product-category\/radiographie\/films-chimiques\/"},{"@type":"ListItem","position":5,"name":"Carestream INDUSTREX, D\u00e9veloppeur et D\u00e9marreur"}]},{"@type":"WebSite","@id":"https:\/\/www.qnde.ca\/#website","url":"https:\/\/www.qnde.ca\/","name":"Qualit\u00e9 NDE","description":"\u00c9quipements d&#039;essais non destructifs ","publisher":{"@id":"https:\/\/www.qnde.ca\/#organization"},"potentialAction":[{"@type":"SearchAction","target":{"@type":"EntryPoint","urlTemplate":"https:\/\/www.qnde.ca\/?s={search_term_string}"},"query-input":{"@type":"PropertyValueSpecification","valueRequired":true,"valueName":"search_term_string"}}],"inLanguage":"fr-FR"},{"@type":"Organization","@id":"https:\/\/www.qnde.ca\/#organization","name":"Quality NDT Ltd.","url":"https:\/\/www.qnde.ca\/","logo":{"@type":"ImageObject","inLanguage":"fr-FR","@id":"https:\/\/www.qnde.ca\/#\/schema\/logo\/image\/","url":"https:\/\/www.qnde.ca\/wp-content\/uploads\/2022\/02\/QNDE_logo_RGB-gif.gif","contentUrl":"https:\/\/www.qnde.ca\/wp-content\/uploads\/2022\/02\/QNDE_logo_RGB-gif.gif","width":250,"height":64,"caption":"Quality NDT Ltd."},"image":{"@id":"https:\/\/www.qnde.ca\/#\/schema\/logo\/image\/"},"sameAs":["https:\/\/www.linkedin.com\/company\/qnde\/about\/?viewAsMember=true"]}]}},"jetpack_sharing_enabled":true,"_links":{"self":[{"href":"https:\/\/www.qnde.ca\/fr\/wp-json\/wp\/v2\/product\/8837","targetHints":{"allow":["GET"]}}],"collection":[{"href":"https:\/\/www.qnde.ca\/fr\/wp-json\/wp\/v2\/product"}],"about":[{"href":"https:\/\/www.qnde.ca\/fr\/wp-json\/wp\/v2\/types\/product"}],"wp:featuredmedia":[{"embeddable":true,"href":"https:\/\/www.qnde.ca\/fr\/wp-json\/wp\/v2\/media\/8849"}],"wp:attachment":[{"href":"https:\/\/www.qnde.ca\/fr\/wp-json\/wp\/v2\/media?parent=8837"}],"wp:term":[{"taxonomy":"product_brand","embeddable":true,"href":"https:\/\/www.qnde.ca\/fr\/wp-json\/wp\/v2\/product_brand?post=8837"},{"taxonomy":"product_cat","embeddable":true,"href":"https:\/\/www.qnde.ca\/fr\/wp-json\/wp\/v2\/product_cat?post=8837"},{"taxonomy":"product_tag","embeddable":true,"href":"https:\/\/www.qnde.ca\/fr\/wp-json\/wp\/v2\/product_tag?post=8837"}],"curies":[{"name":"wp","href":"https:\/\/api.w.org\/{rel}","templated":true}]}}