{"id":8790,"date":"2016-12-20T16:19:21","date_gmt":"2016-12-20T16:19:21","guid":{"rendered":"https:\/\/www.qnde.ca\/product\/stopbath\/"},"modified":"2025-06-27T08:49:43","modified_gmt":"2025-06-27T12:49:43","slug":"carestream-industrex-bain-darret-manuel","status":"publish","type":"product","link":"https:\/\/www.qnde.ca\/fr\/produit\/carestream-industrex-bain-darret-manuel\/","title":{"rendered":"Carestream INDUSTREX, Bain d\u2019Arr\u00eat Manuel"},"content":{"rendered":"<h3><strong>Carestream INDUSTREX, Bain d\u2019Arr\u00eat Manuel<\/strong><\/h3>\n<p>Le bain d\u2019arr\u00eat manuel est sans odeur et contient un indicateur color\u00e9 qui \u00e0 5.2pH change de couleur de jaune \u00e0 magneta\/rouge lorsque trop vieux. La haute stabilit\u00e9 chimique assure une qualit\u00e9 d\u2019image constante sur une p\u00e9riode de temps prolong\u00e9e.<\/p>\n<p>NOTE: Vous devriez acheter 2 bouteilles d\u2019arr\u00eat manuel pour une caisse de d\u00e9veloppeur et une caisse de fixateur.<\/p>\n<ul>\n<li>1054873: Carestream INDUSTREX bain d\u2019arr\u00eat manuel, concentr\u00e9. Bouteille de 1L.<\/li>\n<\/ul>\n","protected":false},"excerpt":{"rendered":"<p>Carestream INDUSTREX, Bain d\u2019Arr\u00eat Manuel Le bain d\u2019arr\u00eat manuel est sans odeur et contient un indicateur color\u00e9 qui \u00e0 5.2pH change de couleur de jaune \u00e0 magneta\/rouge lorsque trop vieux. La haute stabilit\u00e9 chimique assure une qualit\u00e9 d\u2019image constante sur une p\u00e9riode de temps prolong\u00e9e. NOTE: Vous devriez acheter 2 bouteilles d\u2019arr\u00eat manuel pour une [&hellip;]<\/p>\n","protected":false},"featured_media":8804,"template":"","meta":{"_monsterinsights_skip_tracking":false,"_monsterinsights_sitenote_active":false,"_monsterinsights_sitenote_note":"","_monsterinsights_sitenote_category":0},"product_brand":[],"product_cat":[388,140],"product_tag":[],"class_list":{"0":"post-8790","1":"product","2":"type-product","3":"status-publish","4":"has-post-thumbnail","6":"product_cat-carestream-fr","7":"product_cat-films-chimiques","9":"first","10":"instock","11":"shipping-taxable","12":"purchasable","13":"product-type-simple"},"yoast_head":"<!-- This site is optimized with the Yoast SEO plugin v23.9 - https:\/\/yoast.com\/wordpress\/plugins\/seo\/ -->\n<title>Carestream INDUSTREX, Bain d\u2019Arr\u00eat Manuel &#060; Qualit\u00e9 NDE<\/title>\n<meta name=\"description\" content=\"Bain d\u2019arr\u00eat manuel sans odeur avec indicateur color\u00e9. La haute stabilit\u00e9 chimique assure une qualit\u00e9 d\u2019image constante sur une p\u00e9riode de temps prolong\u00e9e.\" \/>\n<meta name=\"robots\" content=\"index, follow, max-snippet:-1, max-image-preview:large, max-video-preview:-1\" \/>\n<link rel=\"canonical\" href=\"https:\/\/www.qnde.ca\/fr\/produit\/carestream-industrex-bain-darret-manuel\/\" \/>\n<meta name=\"twitter:label1\" content=\"Dur\u00e9e de lecture estim\u00e9e\" \/>\n\t<meta name=\"twitter:data1\" content=\"1 minute\" \/>\n<script type=\"application\/ld+json\" class=\"yoast-schema-graph\">{\"@context\":\"https:\/\/schema.org\",\"@graph\":[{\"@type\":[\"WebPage\",\"ItemPage\"],\"@id\":\"https:\/\/www.qnde.ca\/fr\/produit\/carestream-industrex-bain-darret-manuel\/\",\"url\":\"https:\/\/www.qnde.ca\/fr\/produit\/carestream-industrex-bain-darret-manuel\/\",\"name\":\"Carestream INDUSTREX, Bain d\u2019Arr\u00eat Manuel &#060; Qualit\u00e9 NDE\",\"isPartOf\":{\"@id\":\"https:\/\/www.qnde.ca\/#website\"},\"primaryImageOfPage\":{\"@id\":\"https:\/\/www.qnde.ca\/fr\/produit\/carestream-industrex-bain-darret-manuel\/#primaryimage\"},\"image\":{\"@id\":\"https:\/\/www.qnde.ca\/fr\/produit\/carestream-industrex-bain-darret-manuel\/#primaryimage\"},\"thumbnailUrl\":\"https:\/\/www.qnde.ca\/wp-content\/uploads\/2016\/12\/Carestream_Industrex_Stop_Bath.jpg\",\"datePublished\":\"2016-12-20T16:19:21+00:00\",\"dateModified\":\"2025-06-27T12:49:43+00:00\",\"description\":\"Bain d\u2019arr\u00eat manuel sans odeur avec indicateur color\u00e9. La haute stabilit\u00e9 chimique assure une qualit\u00e9 d\u2019image constante sur une p\u00e9riode de temps prolong\u00e9e.\",\"breadcrumb\":{\"@id\":\"https:\/\/www.qnde.ca\/fr\/produit\/carestream-industrex-bain-darret-manuel\/#breadcrumb\"},\"inLanguage\":\"fr-FR\",\"potentialAction\":[{\"@type\":\"ReadAction\",\"target\":[\"https:\/\/www.qnde.ca\/fr\/produit\/carestream-industrex-bain-darret-manuel\/\"]}]},{\"@type\":\"ImageObject\",\"inLanguage\":\"fr-FR\",\"@id\":\"https:\/\/www.qnde.ca\/fr\/produit\/carestream-industrex-bain-darret-manuel\/#primaryimage\",\"url\":\"https:\/\/www.qnde.ca\/wp-content\/uploads\/2016\/12\/Carestream_Industrex_Stop_Bath.jpg\",\"contentUrl\":\"https:\/\/www.qnde.ca\/wp-content\/uploads\/2016\/12\/Carestream_Industrex_Stop_Bath.jpg\",\"width\":300,\"height\":200},{\"@type\":\"BreadcrumbList\",\"@id\":\"https:\/\/www.qnde.ca\/fr\/produit\/carestream-industrex-bain-darret-manuel\/#breadcrumb\",\"itemListElement\":[{\"@type\":\"ListItem\",\"position\":1,\"name\":\"Accueil\",\"item\":\"https:\/\/www.qnde.ca\/fr\/\"},{\"@type\":\"ListItem\",\"position\":2,\"name\":\"Produits\",\"item\":\"https:\/\/www.qnde.ca\/fr\/produits\/\"},{\"@type\":\"ListItem\",\"position\":3,\"name\":\"Radiographie\",\"item\":\"https:\/\/www.qnde.ca\/fr\/product-category\/radiographie\/\"},{\"@type\":\"ListItem\",\"position\":4,\"name\":\"Films et Chimiques\",\"item\":\"https:\/\/www.qnde.ca\/fr\/product-category\/radiographie\/films-chimiques\/\"},{\"@type\":\"ListItem\",\"position\":5,\"name\":\"Carestream INDUSTREX, Bain d\u2019Arr\u00eat Manuel\"}]},{\"@type\":\"WebSite\",\"@id\":\"https:\/\/www.qnde.ca\/#website\",\"url\":\"https:\/\/www.qnde.ca\/\",\"name\":\"Qualit\u00e9 NDE\",\"description\":\"\u00c9quipements d&#039;essais non destructifs \",\"publisher\":{\"@id\":\"https:\/\/www.qnde.ca\/#organization\"},\"potentialAction\":[{\"@type\":\"SearchAction\",\"target\":{\"@type\":\"EntryPoint\",\"urlTemplate\":\"https:\/\/www.qnde.ca\/?s={search_term_string}\"},\"query-input\":{\"@type\":\"PropertyValueSpecification\",\"valueRequired\":true,\"valueName\":\"search_term_string\"}}],\"inLanguage\":\"fr-FR\"},{\"@type\":\"Organization\",\"@id\":\"https:\/\/www.qnde.ca\/#organization\",\"name\":\"Quality NDT Ltd.\",\"url\":\"https:\/\/www.qnde.ca\/\",\"logo\":{\"@type\":\"ImageObject\",\"inLanguage\":\"fr-FR\",\"@id\":\"https:\/\/www.qnde.ca\/#\/schema\/logo\/image\/\",\"url\":\"https:\/\/www.qnde.ca\/wp-content\/uploads\/2022\/02\/QNDE_logo_RGB-gif.gif\",\"contentUrl\":\"https:\/\/www.qnde.ca\/wp-content\/uploads\/2022\/02\/QNDE_logo_RGB-gif.gif\",\"width\":250,\"height\":64,\"caption\":\"Quality NDT Ltd.\"},\"image\":{\"@id\":\"https:\/\/www.qnde.ca\/#\/schema\/logo\/image\/\"},\"sameAs\":[\"https:\/\/www.linkedin.com\/company\/qnde\/about\/?viewAsMember=true\"]}]}<\/script>\n<!-- \/ Yoast SEO plugin. -->","yoast_head_json":{"title":"Carestream INDUSTREX, Bain d\u2019Arr\u00eat Manuel &#060; Qualit\u00e9 NDE","description":"Bain d\u2019arr\u00eat manuel sans odeur avec indicateur color\u00e9. La haute stabilit\u00e9 chimique assure une qualit\u00e9 d\u2019image constante sur une p\u00e9riode de temps prolong\u00e9e.","robots":{"index":"index","follow":"follow","max-snippet":"max-snippet:-1","max-image-preview":"max-image-preview:large","max-video-preview":"max-video-preview:-1"},"canonical":"https:\/\/www.qnde.ca\/fr\/produit\/carestream-industrex-bain-darret-manuel\/","twitter_misc":{"Dur\u00e9e de lecture estim\u00e9e":"1 minute"},"schema":{"@context":"https:\/\/schema.org","@graph":[{"@type":["WebPage","ItemPage"],"@id":"https:\/\/www.qnde.ca\/fr\/produit\/carestream-industrex-bain-darret-manuel\/","url":"https:\/\/www.qnde.ca\/fr\/produit\/carestream-industrex-bain-darret-manuel\/","name":"Carestream INDUSTREX, Bain d\u2019Arr\u00eat Manuel &#060; Qualit\u00e9 NDE","isPartOf":{"@id":"https:\/\/www.qnde.ca\/#website"},"primaryImageOfPage":{"@id":"https:\/\/www.qnde.ca\/fr\/produit\/carestream-industrex-bain-darret-manuel\/#primaryimage"},"image":{"@id":"https:\/\/www.qnde.ca\/fr\/produit\/carestream-industrex-bain-darret-manuel\/#primaryimage"},"thumbnailUrl":"https:\/\/www.qnde.ca\/wp-content\/uploads\/2016\/12\/Carestream_Industrex_Stop_Bath.jpg","datePublished":"2016-12-20T16:19:21+00:00","dateModified":"2025-06-27T12:49:43+00:00","description":"Bain d\u2019arr\u00eat manuel sans odeur avec indicateur color\u00e9. La haute stabilit\u00e9 chimique assure une qualit\u00e9 d\u2019image constante sur une p\u00e9riode de temps prolong\u00e9e.","breadcrumb":{"@id":"https:\/\/www.qnde.ca\/fr\/produit\/carestream-industrex-bain-darret-manuel\/#breadcrumb"},"inLanguage":"fr-FR","potentialAction":[{"@type":"ReadAction","target":["https:\/\/www.qnde.ca\/fr\/produit\/carestream-industrex-bain-darret-manuel\/"]}]},{"@type":"ImageObject","inLanguage":"fr-FR","@id":"https:\/\/www.qnde.ca\/fr\/produit\/carestream-industrex-bain-darret-manuel\/#primaryimage","url":"https:\/\/www.qnde.ca\/wp-content\/uploads\/2016\/12\/Carestream_Industrex_Stop_Bath.jpg","contentUrl":"https:\/\/www.qnde.ca\/wp-content\/uploads\/2016\/12\/Carestream_Industrex_Stop_Bath.jpg","width":300,"height":200},{"@type":"BreadcrumbList","@id":"https:\/\/www.qnde.ca\/fr\/produit\/carestream-industrex-bain-darret-manuel\/#breadcrumb","itemListElement":[{"@type":"ListItem","position":1,"name":"Accueil","item":"https:\/\/www.qnde.ca\/fr\/"},{"@type":"ListItem","position":2,"name":"Produits","item":"https:\/\/www.qnde.ca\/fr\/produits\/"},{"@type":"ListItem","position":3,"name":"Radiographie","item":"https:\/\/www.qnde.ca\/fr\/product-category\/radiographie\/"},{"@type":"ListItem","position":4,"name":"Films et Chimiques","item":"https:\/\/www.qnde.ca\/fr\/product-category\/radiographie\/films-chimiques\/"},{"@type":"ListItem","position":5,"name":"Carestream INDUSTREX, Bain d\u2019Arr\u00eat Manuel"}]},{"@type":"WebSite","@id":"https:\/\/www.qnde.ca\/#website","url":"https:\/\/www.qnde.ca\/","name":"Qualit\u00e9 NDE","description":"\u00c9quipements d&#039;essais non destructifs ","publisher":{"@id":"https:\/\/www.qnde.ca\/#organization"},"potentialAction":[{"@type":"SearchAction","target":{"@type":"EntryPoint","urlTemplate":"https:\/\/www.qnde.ca\/?s={search_term_string}"},"query-input":{"@type":"PropertyValueSpecification","valueRequired":true,"valueName":"search_term_string"}}],"inLanguage":"fr-FR"},{"@type":"Organization","@id":"https:\/\/www.qnde.ca\/#organization","name":"Quality NDT Ltd.","url":"https:\/\/www.qnde.ca\/","logo":{"@type":"ImageObject","inLanguage":"fr-FR","@id":"https:\/\/www.qnde.ca\/#\/schema\/logo\/image\/","url":"https:\/\/www.qnde.ca\/wp-content\/uploads\/2022\/02\/QNDE_logo_RGB-gif.gif","contentUrl":"https:\/\/www.qnde.ca\/wp-content\/uploads\/2022\/02\/QNDE_logo_RGB-gif.gif","width":250,"height":64,"caption":"Quality NDT Ltd."},"image":{"@id":"https:\/\/www.qnde.ca\/#\/schema\/logo\/image\/"},"sameAs":["https:\/\/www.linkedin.com\/company\/qnde\/about\/?viewAsMember=true"]}]}},"jetpack_sharing_enabled":true,"_links":{"self":[{"href":"https:\/\/www.qnde.ca\/fr\/wp-json\/wp\/v2\/product\/8790","targetHints":{"allow":["GET"]}}],"collection":[{"href":"https:\/\/www.qnde.ca\/fr\/wp-json\/wp\/v2\/product"}],"about":[{"href":"https:\/\/www.qnde.ca\/fr\/wp-json\/wp\/v2\/types\/product"}],"wp:featuredmedia":[{"embeddable":true,"href":"https:\/\/www.qnde.ca\/fr\/wp-json\/wp\/v2\/media\/8804"}],"wp:attachment":[{"href":"https:\/\/www.qnde.ca\/fr\/wp-json\/wp\/v2\/media?parent=8790"}],"wp:term":[{"taxonomy":"product_brand","embeddable":true,"href":"https:\/\/www.qnde.ca\/fr\/wp-json\/wp\/v2\/product_brand?post=8790"},{"taxonomy":"product_cat","embeddable":true,"href":"https:\/\/www.qnde.ca\/fr\/wp-json\/wp\/v2\/product_cat?post=8790"},{"taxonomy":"product_tag","embeddable":true,"href":"https:\/\/www.qnde.ca\/fr\/wp-json\/wp\/v2\/product_tag?post=8790"}],"curies":[{"name":"wp","href":"https:\/\/api.w.org\/{rel}","templated":true}]}}