{"id":8748,"date":"2016-12-06T18:37:58","date_gmt":"2016-12-06T18:37:58","guid":{"rendered":"https:\/\/www.qnde.ca\/product\/hoffmantampanel\/"},"modified":"2025-08-14T09:21:42","modified_gmt":"2025-08-14T13:21:42","slug":"hoffmanntampanel-fr","status":"publish","type":"product","link":"https:\/\/www.qnde.ca\/fr\/produit\/hoffmanntampanel-fr\/","title":{"rendered":"Hoffman Panneau TAM"},"content":{"rendered":"<h3><strong>Hoffman Panneau TAM<\/strong><\/h3>\n<p>Fabriqu\u00e9 avec la pr\u00e9cision allemande, plus facile \u00e0 nettoyer, ce panneau durera plus longtemps et r\u00e9v\u00e9lera de fa\u00e7on consistante les 5 \u00e9toiles. La moiti\u00e9 de la surface d\u2019essai est rev\u00eatue d\u2019un alliage de chrome dur de 0,003&Prime; (76\u00b5m). La moiti\u00e9 non plaqu\u00e9e est grenaill\u00e9e a Ra = 1,5\u00b5m de rugosit\u00e9 pour les essais de lavabilit\u00e9 et de luminosit\u00e9 de fond. Certifi\u00e9 Pratt &amp; Whitney 146040.<\/p>\n<p>&nbsp;<\/p>\n<p>Options:<\/p>\n<ul>\n<li>PT-GARDE: Ensemble de panneau TAM Hoffmann: panneau avec bo\u00eetier et certificat avec mesures.<\/li>\n<li>PT-GUARD3: Ensemble de panneau TAM Hoffmann avec certificat photo plein format du panneau.<\/li>\n<\/ul>\n","protected":false},"excerpt":{"rendered":"<p>Hoffman Panneau TAM Fabriqu\u00e9 avec la pr\u00e9cision allemande, plus facile \u00e0 nettoyer, ce panneau durera plus longtemps et r\u00e9v\u00e9lera de fa\u00e7on consistante les 5 \u00e9toiles. La moiti\u00e9 de la surface d\u2019essai est rev\u00eatue d\u2019un alliage de chrome dur de 0,003&Prime; (76\u00b5m). La moiti\u00e9 non plaqu\u00e9e est grenaill\u00e9e a Ra = 1,5\u00b5m de rugosit\u00e9 pour les [&hellip;]<\/p>\n","protected":false},"featured_media":11707,"template":"","meta":{"_monsterinsights_skip_tracking":false,"_monsterinsights_sitenote_active":false,"_monsterinsights_sitenote_note":"","_monsterinsights_sitenote_category":0},"product_brand":[],"product_cat":[402,123],"product_tag":[],"class_list":{"0":"post-8748","1":"product","2":"type-product","3":"status-publish","4":"has-post-thumbnail","6":"product_cat-autres-marques","7":"product_cat-accessoires-ressuage","9":"first","10":"instock","11":"shipping-taxable","12":"purchasable","13":"product-type-variable"},"yoast_head":"<!-- This site is optimized with the Yoast SEO plugin v23.9 - https:\/\/yoast.com\/wordpress\/plugins\/seo\/ -->\n<title>Hoffman Panneau TAM &#060; Qualit\u00e9 NDE<\/title>\n<meta name=\"description\" content=\"Hoffman Panneau TAM.Pr\u00e9cision allemande. R\u00e9v\u00e8le de fa\u00e7on consistante les 5 \u00e9toiles. Alliage de chrome dur de 0,003&quot; (76\u00b5m). Certifi\u00e9 Pratt &amp; Whitney 146040.\" \/>\n<meta name=\"robots\" content=\"index, follow, max-snippet:-1, max-image-preview:large, max-video-preview:-1\" \/>\n<link rel=\"canonical\" href=\"https:\/\/www.qnde.ca\/fr\/produit\/hoffmanntampanel-fr\/\" \/>\n<meta name=\"twitter:label1\" content=\"Dur\u00e9e de lecture estim\u00e9e\" \/>\n\t<meta name=\"twitter:data1\" content=\"1 minute\" \/>\n<script type=\"application\/ld+json\" class=\"yoast-schema-graph\">{\"@context\":\"https:\/\/schema.org\",\"@graph\":[{\"@type\":[\"WebPage\",\"ItemPage\"],\"@id\":\"https:\/\/www.qnde.ca\/fr\/produit\/hoffmanntampanel-fr\/\",\"url\":\"https:\/\/www.qnde.ca\/fr\/produit\/hoffmanntampanel-fr\/\",\"name\":\"Hoffman Panneau TAM &#060; Qualit\u00e9 NDE\",\"isPartOf\":{\"@id\":\"https:\/\/www.qnde.ca\/#website\"},\"primaryImageOfPage\":{\"@id\":\"https:\/\/www.qnde.ca\/fr\/produit\/hoffmanntampanel-fr\/#primaryimage\"},\"image\":{\"@id\":\"https:\/\/www.qnde.ca\/fr\/produit\/hoffmanntampanel-fr\/#primaryimage\"},\"thumbnailUrl\":\"https:\/\/www.qnde.ca\/wp-content\/uploads\/2016\/12\/Hoffman-panel-scaled-scaled.jpg\",\"datePublished\":\"2016-12-06T18:37:58+00:00\",\"dateModified\":\"2025-08-14T13:21:42+00:00\",\"description\":\"Hoffman Panneau TAM.Pr\u00e9cision allemande. R\u00e9v\u00e8le de fa\u00e7on consistante les 5 \u00e9toiles. Alliage de chrome dur de 0,003\\\" (76\u00b5m). Certifi\u00e9 Pratt & Whitney 146040.\",\"breadcrumb\":{\"@id\":\"https:\/\/www.qnde.ca\/fr\/produit\/hoffmanntampanel-fr\/#breadcrumb\"},\"inLanguage\":\"fr-FR\",\"potentialAction\":[{\"@type\":\"ReadAction\",\"target\":[\"https:\/\/www.qnde.ca\/fr\/produit\/hoffmanntampanel-fr\/\"]}]},{\"@type\":\"ImageObject\",\"inLanguage\":\"fr-FR\",\"@id\":\"https:\/\/www.qnde.ca\/fr\/produit\/hoffmanntampanel-fr\/#primaryimage\",\"url\":\"https:\/\/www.qnde.ca\/wp-content\/uploads\/2016\/12\/Hoffman-panel-scaled-scaled.jpg\",\"contentUrl\":\"https:\/\/www.qnde.ca\/wp-content\/uploads\/2016\/12\/Hoffman-panel-scaled-scaled.jpg\",\"width\":2048,\"height\":1536},{\"@type\":\"BreadcrumbList\",\"@id\":\"https:\/\/www.qnde.ca\/fr\/produit\/hoffmanntampanel-fr\/#breadcrumb\",\"itemListElement\":[{\"@type\":\"ListItem\",\"position\":1,\"name\":\"Accueil\",\"item\":\"https:\/\/www.qnde.ca\/fr\/\"},{\"@type\":\"ListItem\",\"position\":2,\"name\":\"Produits\",\"item\":\"https:\/\/www.qnde.ca\/fr\/produits\/\"},{\"@type\":\"ListItem\",\"position\":3,\"name\":\"Ressuage\",\"item\":\"https:\/\/www.qnde.ca\/fr\/product-category\/ressuage\/\"},{\"@type\":\"ListItem\",\"position\":4,\"name\":\"Accessoires\",\"item\":\"https:\/\/www.qnde.ca\/fr\/product-category\/ressuage\/accessoires-ressuage\/\"},{\"@type\":\"ListItem\",\"position\":5,\"name\":\"Hoffman Panneau TAM\"}]},{\"@type\":\"WebSite\",\"@id\":\"https:\/\/www.qnde.ca\/#website\",\"url\":\"https:\/\/www.qnde.ca\/\",\"name\":\"Qualit\u00e9 NDE\",\"description\":\"\u00c9quipements d&#039;essais non destructifs \",\"publisher\":{\"@id\":\"https:\/\/www.qnde.ca\/#organization\"},\"potentialAction\":[{\"@type\":\"SearchAction\",\"target\":{\"@type\":\"EntryPoint\",\"urlTemplate\":\"https:\/\/www.qnde.ca\/?s={search_term_string}\"},\"query-input\":{\"@type\":\"PropertyValueSpecification\",\"valueRequired\":true,\"valueName\":\"search_term_string\"}}],\"inLanguage\":\"fr-FR\"},{\"@type\":\"Organization\",\"@id\":\"https:\/\/www.qnde.ca\/#organization\",\"name\":\"Quality NDT Ltd.\",\"url\":\"https:\/\/www.qnde.ca\/\",\"logo\":{\"@type\":\"ImageObject\",\"inLanguage\":\"fr-FR\",\"@id\":\"https:\/\/www.qnde.ca\/#\/schema\/logo\/image\/\",\"url\":\"https:\/\/www.qnde.ca\/wp-content\/uploads\/2022\/02\/QNDE_logo_RGB-gif.gif\",\"contentUrl\":\"https:\/\/www.qnde.ca\/wp-content\/uploads\/2022\/02\/QNDE_logo_RGB-gif.gif\",\"width\":250,\"height\":64,\"caption\":\"Quality NDT Ltd.\"},\"image\":{\"@id\":\"https:\/\/www.qnde.ca\/#\/schema\/logo\/image\/\"},\"sameAs\":[\"https:\/\/www.linkedin.com\/company\/qnde\/about\/?viewAsMember=true\"]}]}<\/script>\n<!-- \/ Yoast SEO plugin. -->","yoast_head_json":{"title":"Hoffman Panneau TAM &#060; Qualit\u00e9 NDE","description":"Hoffman Panneau TAM.Pr\u00e9cision allemande. R\u00e9v\u00e8le de fa\u00e7on consistante les 5 \u00e9toiles. Alliage de chrome dur de 0,003\" (76\u00b5m). Certifi\u00e9 Pratt & Whitney 146040.","robots":{"index":"index","follow":"follow","max-snippet":"max-snippet:-1","max-image-preview":"max-image-preview:large","max-video-preview":"max-video-preview:-1"},"canonical":"https:\/\/www.qnde.ca\/fr\/produit\/hoffmanntampanel-fr\/","twitter_misc":{"Dur\u00e9e de lecture estim\u00e9e":"1 minute"},"schema":{"@context":"https:\/\/schema.org","@graph":[{"@type":["WebPage","ItemPage"],"@id":"https:\/\/www.qnde.ca\/fr\/produit\/hoffmanntampanel-fr\/","url":"https:\/\/www.qnde.ca\/fr\/produit\/hoffmanntampanel-fr\/","name":"Hoffman Panneau TAM &#060; Qualit\u00e9 NDE","isPartOf":{"@id":"https:\/\/www.qnde.ca\/#website"},"primaryImageOfPage":{"@id":"https:\/\/www.qnde.ca\/fr\/produit\/hoffmanntampanel-fr\/#primaryimage"},"image":{"@id":"https:\/\/www.qnde.ca\/fr\/produit\/hoffmanntampanel-fr\/#primaryimage"},"thumbnailUrl":"https:\/\/www.qnde.ca\/wp-content\/uploads\/2016\/12\/Hoffman-panel-scaled-scaled.jpg","datePublished":"2016-12-06T18:37:58+00:00","dateModified":"2025-08-14T13:21:42+00:00","description":"Hoffman Panneau TAM.Pr\u00e9cision allemande. R\u00e9v\u00e8le de fa\u00e7on consistante les 5 \u00e9toiles. Alliage de chrome dur de 0,003\" (76\u00b5m). Certifi\u00e9 Pratt & Whitney 146040.","breadcrumb":{"@id":"https:\/\/www.qnde.ca\/fr\/produit\/hoffmanntampanel-fr\/#breadcrumb"},"inLanguage":"fr-FR","potentialAction":[{"@type":"ReadAction","target":["https:\/\/www.qnde.ca\/fr\/produit\/hoffmanntampanel-fr\/"]}]},{"@type":"ImageObject","inLanguage":"fr-FR","@id":"https:\/\/www.qnde.ca\/fr\/produit\/hoffmanntampanel-fr\/#primaryimage","url":"https:\/\/www.qnde.ca\/wp-content\/uploads\/2016\/12\/Hoffman-panel-scaled-scaled.jpg","contentUrl":"https:\/\/www.qnde.ca\/wp-content\/uploads\/2016\/12\/Hoffman-panel-scaled-scaled.jpg","width":2048,"height":1536},{"@type":"BreadcrumbList","@id":"https:\/\/www.qnde.ca\/fr\/produit\/hoffmanntampanel-fr\/#breadcrumb","itemListElement":[{"@type":"ListItem","position":1,"name":"Accueil","item":"https:\/\/www.qnde.ca\/fr\/"},{"@type":"ListItem","position":2,"name":"Produits","item":"https:\/\/www.qnde.ca\/fr\/produits\/"},{"@type":"ListItem","position":3,"name":"Ressuage","item":"https:\/\/www.qnde.ca\/fr\/product-category\/ressuage\/"},{"@type":"ListItem","position":4,"name":"Accessoires","item":"https:\/\/www.qnde.ca\/fr\/product-category\/ressuage\/accessoires-ressuage\/"},{"@type":"ListItem","position":5,"name":"Hoffman Panneau TAM"}]},{"@type":"WebSite","@id":"https:\/\/www.qnde.ca\/#website","url":"https:\/\/www.qnde.ca\/","name":"Qualit\u00e9 NDE","description":"\u00c9quipements d&#039;essais non destructifs ","publisher":{"@id":"https:\/\/www.qnde.ca\/#organization"},"potentialAction":[{"@type":"SearchAction","target":{"@type":"EntryPoint","urlTemplate":"https:\/\/www.qnde.ca\/?s={search_term_string}"},"query-input":{"@type":"PropertyValueSpecification","valueRequired":true,"valueName":"search_term_string"}}],"inLanguage":"fr-FR"},{"@type":"Organization","@id":"https:\/\/www.qnde.ca\/#organization","name":"Quality NDT Ltd.","url":"https:\/\/www.qnde.ca\/","logo":{"@type":"ImageObject","inLanguage":"fr-FR","@id":"https:\/\/www.qnde.ca\/#\/schema\/logo\/image\/","url":"https:\/\/www.qnde.ca\/wp-content\/uploads\/2022\/02\/QNDE_logo_RGB-gif.gif","contentUrl":"https:\/\/www.qnde.ca\/wp-content\/uploads\/2022\/02\/QNDE_logo_RGB-gif.gif","width":250,"height":64,"caption":"Quality NDT Ltd."},"image":{"@id":"https:\/\/www.qnde.ca\/#\/schema\/logo\/image\/"},"sameAs":["https:\/\/www.linkedin.com\/company\/qnde\/about\/?viewAsMember=true"]}]}},"jetpack_sharing_enabled":true,"_links":{"self":[{"href":"https:\/\/www.qnde.ca\/fr\/wp-json\/wp\/v2\/product\/8748","targetHints":{"allow":["GET"]}}],"collection":[{"href":"https:\/\/www.qnde.ca\/fr\/wp-json\/wp\/v2\/product"}],"about":[{"href":"https:\/\/www.qnde.ca\/fr\/wp-json\/wp\/v2\/types\/product"}],"wp:featuredmedia":[{"embeddable":true,"href":"https:\/\/www.qnde.ca\/fr\/wp-json\/wp\/v2\/media\/11707"}],"wp:attachment":[{"href":"https:\/\/www.qnde.ca\/fr\/wp-json\/wp\/v2\/media?parent=8748"}],"wp:term":[{"taxonomy":"product_brand","embeddable":true,"href":"https:\/\/www.qnde.ca\/fr\/wp-json\/wp\/v2\/product_brand?post=8748"},{"taxonomy":"product_cat","embeddable":true,"href":"https:\/\/www.qnde.ca\/fr\/wp-json\/wp\/v2\/product_cat?post=8748"},{"taxonomy":"product_tag","embeddable":true,"href":"https:\/\/www.qnde.ca\/fr\/wp-json\/wp\/v2\/product_tag?post=8748"}],"curies":[{"name":"wp","href":"https:\/\/api.w.org\/{rel}","templated":true}]}}