{"id":8671,"date":"2016-11-08T18:32:36","date_gmt":"2016-11-08T18:32:36","guid":{"rendered":"https:\/\/www.qnde.ca\/product\/cr11\/"},"modified":"2026-03-19T10:54:32","modified_gmt":"2026-03-19T14:54:32","slug":"cr11","status":"publish","type":"product","link":"https:\/\/www.qnde.ca\/fr\/produit\/cr11\/","title":{"rendered":"Criterion NDT CR-11 &#8211; Appareil \u00e0 courant de Foucault"},"content":{"rendered":"<p><strong>CR-11 \u2013 Instrument \u00e0 courants de Foucault Criterion NDT pour la d\u00e9tection des d\u00e9fauts de composants\u00a0<\/strong><\/p>\n<p>L\u2019instrument de contr\u00f4le par courants de Foucault \u00e0 canal unique CR-11 est sp\u00e9cialement con\u00e7u pour d\u00e9tecter les d\u00e9fauts de mat\u00e9riaux, tels que les fissures et les imperfections, dans les composants pendant les processus de production en temps r\u00e9el. Cela vous permet d\u2019identifier rapidement et d\u2019isoler les produits d\u00e9fectueux, r\u00e9duisant ainsi les rebuts et les co\u00fbts de garantie.<\/p>\n<ul>\n<li>\u00c9cran tactile couleur avec menu simplifi\u00e9 offrant une exp\u00e9rience de fonctionnement intuitive<\/li>\n<li>Options TCP\/IP, E\/S industrielles discr\u00e8tes et RS232 pour une int\u00e9gration flexible aux syst\u00e8mes de manutention des mat\u00e9riaux<\/li>\n<li>Multiples connexions USB<\/li>\n<li>Options de forme d\u2019alarme avec r\u00e9glages flexibles<\/li>\n<\/ul>\n<p><strong>CR-11<\/strong>: 8\u201d x 13\u201d x 16\u201d\u00a0 instrument de fissures et d\u00e9faults<\/p>\n<p><strong>CR -11R:<\/strong> 15.5\u201d x 7.1\u201d x 3.4\u201d Instrument \u00e0 courants de Foucault avec affichage \u00e0 distance pour la d\u00e9tection des d\u00e9fauts<\/p>\n<p>Contactez-nous pour discuter de votre application, de vos besoins, des options disponibles et\/ou pour obtenir un devis.<\/p>\n","protected":false},"excerpt":{"rendered":"<p>CR-11 \u2013 Instrument \u00e0 courants de Foucault Criterion NDT pour la d\u00e9tection des d\u00e9fauts de composants\u00a0 L\u2019instrument de contr\u00f4le par courants de Foucault \u00e0 canal unique CR-11 est sp\u00e9cialement con\u00e7u pour d\u00e9tecter les d\u00e9fauts de mat\u00e9riaux, tels que les fissures et les imperfections, dans les composants pendant les processus de production en temps r\u00e9el. Cela [&hellip;]<\/p>\n","protected":false},"featured_media":47137,"template":"","meta":{"_monsterinsights_skip_tracking":false,"_monsterinsights_sitenote_active":false,"_monsterinsights_sitenote_note":"","_monsterinsights_sitenote_category":0},"product_brand":[],"product_cat":[402,136],"product_tag":[],"class_list":{"0":"post-8671","1":"product","2":"type-product","3":"status-publish","4":"has-post-thumbnail","6":"product_cat-autres-marques","7":"product_cat-equipements-courants-foucault","9":"first","10":"instock","11":"shipping-taxable","12":"purchasable","13":"product-type-simple"},"yoast_head":"<!-- This site is optimized with the Yoast SEO plugin v23.9 - https:\/\/yoast.com\/wordpress\/plugins\/seo\/ -->\n<title>Criterion NDT CR-11 - Appareil \u00e0 courant de Foucault &#060; Qualit\u00e9 NDE<\/title>\n<meta name=\"description\" content=\"Criterion NDT CR-11 : appareil \u00e0 courant de Foucault pour d\u00e9tecter les d\u00e9fauts en production, r\u00e9duire les pertes et les co\u00fbts de garantie.\" \/>\n<meta name=\"robots\" content=\"index, follow, max-snippet:-1, max-image-preview:large, max-video-preview:-1\" \/>\n<link rel=\"canonical\" href=\"https:\/\/www.qnde.ca\/fr\/produit\/cr11\/\" \/>\n<meta name=\"twitter:label1\" content=\"Dur\u00e9e de lecture estim\u00e9e\" \/>\n\t<meta name=\"twitter:data1\" content=\"1 minute\" \/>\n<script type=\"application\/ld+json\" class=\"yoast-schema-graph\">{\"@context\":\"https:\/\/schema.org\",\"@graph\":[{\"@type\":[\"WebPage\",\"ItemPage\"],\"@id\":\"https:\/\/www.qnde.ca\/fr\/produit\/cr11\/\",\"url\":\"https:\/\/www.qnde.ca\/fr\/produit\/cr11\/\",\"name\":\"Criterion NDT CR-11 - Appareil \u00e0 courant de Foucault &#060; Qualit\u00e9 NDE\",\"isPartOf\":{\"@id\":\"https:\/\/www.qnde.ca\/#website\"},\"primaryImageOfPage\":{\"@id\":\"https:\/\/www.qnde.ca\/fr\/produit\/cr11\/#primaryimage\"},\"image\":{\"@id\":\"https:\/\/www.qnde.ca\/fr\/produit\/cr11\/#primaryimage\"},\"thumbnailUrl\":\"https:\/\/www.qnde.ca\/wp-content\/uploads\/2016\/11\/CR-11-Angled-Lissajous_9-3-2022.jpg\",\"datePublished\":\"2016-11-08T18:32:36+00:00\",\"dateModified\":\"2026-03-19T14:54:32+00:00\",\"description\":\"Criterion NDT CR-11 : appareil \u00e0 courant de Foucault pour d\u00e9tecter les d\u00e9fauts en production, r\u00e9duire les pertes et les co\u00fbts de garantie.\",\"breadcrumb\":{\"@id\":\"https:\/\/www.qnde.ca\/fr\/produit\/cr11\/#breadcrumb\"},\"inLanguage\":\"fr-FR\",\"potentialAction\":[{\"@type\":\"ReadAction\",\"target\":[\"https:\/\/www.qnde.ca\/fr\/produit\/cr11\/\"]}]},{\"@type\":\"ImageObject\",\"inLanguage\":\"fr-FR\",\"@id\":\"https:\/\/www.qnde.ca\/fr\/produit\/cr11\/#primaryimage\",\"url\":\"https:\/\/www.qnde.ca\/wp-content\/uploads\/2016\/11\/CR-11-Angled-Lissajous_9-3-2022.jpg\",\"contentUrl\":\"https:\/\/www.qnde.ca\/wp-content\/uploads\/2016\/11\/CR-11-Angled-Lissajous_9-3-2022.jpg\",\"width\":3000,\"height\":2185,\"caption\":\"CR-11 single channel eddy current test instrument\"},{\"@type\":\"BreadcrumbList\",\"@id\":\"https:\/\/www.qnde.ca\/fr\/produit\/cr11\/#breadcrumb\",\"itemListElement\":[{\"@type\":\"ListItem\",\"position\":1,\"name\":\"Accueil\",\"item\":\"https:\/\/www.qnde.ca\/fr\/\"},{\"@type\":\"ListItem\",\"position\":2,\"name\":\"Produits\",\"item\":\"https:\/\/www.qnde.ca\/fr\/produits\/\"},{\"@type\":\"ListItem\",\"position\":3,\"name\":\"Courants de Foucault\",\"item\":\"https:\/\/www.qnde.ca\/fr\/product-category\/courants-foucault\/\"},{\"@type\":\"ListItem\",\"position\":4,\"name\":\"\u00c9quipements\",\"item\":\"https:\/\/www.qnde.ca\/fr\/product-category\/courants-foucault\/equipements-courants-foucault\/\"},{\"@type\":\"ListItem\",\"position\":5,\"name\":\"Criterion NDT CR-11 &#8211; Appareil \u00e0 courant de Foucault\"}]},{\"@type\":\"WebSite\",\"@id\":\"https:\/\/www.qnde.ca\/#website\",\"url\":\"https:\/\/www.qnde.ca\/\",\"name\":\"Qualit\u00e9 NDE\",\"description\":\"\u00c9quipements d&#039;essais non destructifs \",\"publisher\":{\"@id\":\"https:\/\/www.qnde.ca\/#organization\"},\"potentialAction\":[{\"@type\":\"SearchAction\",\"target\":{\"@type\":\"EntryPoint\",\"urlTemplate\":\"https:\/\/www.qnde.ca\/?s={search_term_string}\"},\"query-input\":{\"@type\":\"PropertyValueSpecification\",\"valueRequired\":true,\"valueName\":\"search_term_string\"}}],\"inLanguage\":\"fr-FR\"},{\"@type\":\"Organization\",\"@id\":\"https:\/\/www.qnde.ca\/#organization\",\"name\":\"Quality NDT Ltd.\",\"url\":\"https:\/\/www.qnde.ca\/\",\"logo\":{\"@type\":\"ImageObject\",\"inLanguage\":\"fr-FR\",\"@id\":\"https:\/\/www.qnde.ca\/#\/schema\/logo\/image\/\",\"url\":\"https:\/\/www.qnde.ca\/wp-content\/uploads\/2022\/02\/QNDE_logo_RGB-gif.gif\",\"contentUrl\":\"https:\/\/www.qnde.ca\/wp-content\/uploads\/2022\/02\/QNDE_logo_RGB-gif.gif\",\"width\":250,\"height\":64,\"caption\":\"Quality NDT Ltd.\"},\"image\":{\"@id\":\"https:\/\/www.qnde.ca\/#\/schema\/logo\/image\/\"},\"sameAs\":[\"https:\/\/www.linkedin.com\/company\/qnde\/about\/?viewAsMember=true\"]}]}<\/script>\n<!-- \/ Yoast SEO plugin. -->","yoast_head_json":{"title":"Criterion NDT CR-11 - Appareil \u00e0 courant de Foucault &#060; Qualit\u00e9 NDE","description":"Criterion NDT CR-11 : appareil \u00e0 courant de Foucault pour d\u00e9tecter les d\u00e9fauts en production, r\u00e9duire les pertes et les co\u00fbts de garantie.","robots":{"index":"index","follow":"follow","max-snippet":"max-snippet:-1","max-image-preview":"max-image-preview:large","max-video-preview":"max-video-preview:-1"},"canonical":"https:\/\/www.qnde.ca\/fr\/produit\/cr11\/","twitter_misc":{"Dur\u00e9e de lecture estim\u00e9e":"1 minute"},"schema":{"@context":"https:\/\/schema.org","@graph":[{"@type":["WebPage","ItemPage"],"@id":"https:\/\/www.qnde.ca\/fr\/produit\/cr11\/","url":"https:\/\/www.qnde.ca\/fr\/produit\/cr11\/","name":"Criterion NDT CR-11 - Appareil \u00e0 courant de Foucault &#060; Qualit\u00e9 NDE","isPartOf":{"@id":"https:\/\/www.qnde.ca\/#website"},"primaryImageOfPage":{"@id":"https:\/\/www.qnde.ca\/fr\/produit\/cr11\/#primaryimage"},"image":{"@id":"https:\/\/www.qnde.ca\/fr\/produit\/cr11\/#primaryimage"},"thumbnailUrl":"https:\/\/www.qnde.ca\/wp-content\/uploads\/2016\/11\/CR-11-Angled-Lissajous_9-3-2022.jpg","datePublished":"2016-11-08T18:32:36+00:00","dateModified":"2026-03-19T14:54:32+00:00","description":"Criterion NDT CR-11 : appareil \u00e0 courant de Foucault pour d\u00e9tecter les d\u00e9fauts en production, r\u00e9duire les pertes et les co\u00fbts de garantie.","breadcrumb":{"@id":"https:\/\/www.qnde.ca\/fr\/produit\/cr11\/#breadcrumb"},"inLanguage":"fr-FR","potentialAction":[{"@type":"ReadAction","target":["https:\/\/www.qnde.ca\/fr\/produit\/cr11\/"]}]},{"@type":"ImageObject","inLanguage":"fr-FR","@id":"https:\/\/www.qnde.ca\/fr\/produit\/cr11\/#primaryimage","url":"https:\/\/www.qnde.ca\/wp-content\/uploads\/2016\/11\/CR-11-Angled-Lissajous_9-3-2022.jpg","contentUrl":"https:\/\/www.qnde.ca\/wp-content\/uploads\/2016\/11\/CR-11-Angled-Lissajous_9-3-2022.jpg","width":3000,"height":2185,"caption":"CR-11 single channel eddy current test instrument"},{"@type":"BreadcrumbList","@id":"https:\/\/www.qnde.ca\/fr\/produit\/cr11\/#breadcrumb","itemListElement":[{"@type":"ListItem","position":1,"name":"Accueil","item":"https:\/\/www.qnde.ca\/fr\/"},{"@type":"ListItem","position":2,"name":"Produits","item":"https:\/\/www.qnde.ca\/fr\/produits\/"},{"@type":"ListItem","position":3,"name":"Courants de Foucault","item":"https:\/\/www.qnde.ca\/fr\/product-category\/courants-foucault\/"},{"@type":"ListItem","position":4,"name":"\u00c9quipements","item":"https:\/\/www.qnde.ca\/fr\/product-category\/courants-foucault\/equipements-courants-foucault\/"},{"@type":"ListItem","position":5,"name":"Criterion NDT CR-11 &#8211; Appareil \u00e0 courant de Foucault"}]},{"@type":"WebSite","@id":"https:\/\/www.qnde.ca\/#website","url":"https:\/\/www.qnde.ca\/","name":"Qualit\u00e9 NDE","description":"\u00c9quipements d&#039;essais non destructifs ","publisher":{"@id":"https:\/\/www.qnde.ca\/#organization"},"potentialAction":[{"@type":"SearchAction","target":{"@type":"EntryPoint","urlTemplate":"https:\/\/www.qnde.ca\/?s={search_term_string}"},"query-input":{"@type":"PropertyValueSpecification","valueRequired":true,"valueName":"search_term_string"}}],"inLanguage":"fr-FR"},{"@type":"Organization","@id":"https:\/\/www.qnde.ca\/#organization","name":"Quality NDT Ltd.","url":"https:\/\/www.qnde.ca\/","logo":{"@type":"ImageObject","inLanguage":"fr-FR","@id":"https:\/\/www.qnde.ca\/#\/schema\/logo\/image\/","url":"https:\/\/www.qnde.ca\/wp-content\/uploads\/2022\/02\/QNDE_logo_RGB-gif.gif","contentUrl":"https:\/\/www.qnde.ca\/wp-content\/uploads\/2022\/02\/QNDE_logo_RGB-gif.gif","width":250,"height":64,"caption":"Quality NDT Ltd."},"image":{"@id":"https:\/\/www.qnde.ca\/#\/schema\/logo\/image\/"},"sameAs":["https:\/\/www.linkedin.com\/company\/qnde\/about\/?viewAsMember=true"]}]}},"jetpack_sharing_enabled":true,"_links":{"self":[{"href":"https:\/\/www.qnde.ca\/fr\/wp-json\/wp\/v2\/product\/8671","targetHints":{"allow":["GET"]}}],"collection":[{"href":"https:\/\/www.qnde.ca\/fr\/wp-json\/wp\/v2\/product"}],"about":[{"href":"https:\/\/www.qnde.ca\/fr\/wp-json\/wp\/v2\/types\/product"}],"wp:featuredmedia":[{"embeddable":true,"href":"https:\/\/www.qnde.ca\/fr\/wp-json\/wp\/v2\/media\/47137"}],"wp:attachment":[{"href":"https:\/\/www.qnde.ca\/fr\/wp-json\/wp\/v2\/media?parent=8671"}],"wp:term":[{"taxonomy":"product_brand","embeddable":true,"href":"https:\/\/www.qnde.ca\/fr\/wp-json\/wp\/v2\/product_brand?post=8671"},{"taxonomy":"product_cat","embeddable":true,"href":"https:\/\/www.qnde.ca\/fr\/wp-json\/wp\/v2\/product_cat?post=8671"},{"taxonomy":"product_tag","embeddable":true,"href":"https:\/\/www.qnde.ca\/fr\/wp-json\/wp\/v2\/product_tag?post=8671"}],"curies":[{"name":"wp","href":"https:\/\/api.w.org\/{rel}","templated":true}]}}