{"id":8539,"date":"2016-09-07T12:50:42","date_gmt":"2016-09-07T12:50:42","guid":{"rendered":"https:\/\/www.qnde.ca\/product\/avengerez\/"},"modified":"2025-08-07T11:32:15","modified_gmt":"2025-08-07T15:32:15","slug":"avenger-fr","status":"publish","type":"product","link":"https:\/\/www.qnde.ca\/fr\/produit\/avenger-fr\/","title":{"rendered":"NDT Systems Avenger II, D\u00e9tecteur de D\u00e9fauts \u00e0 Ultrasons"},"content":{"rendered":"<h3><strong>Avenger II, D\u00e9tecteur de D\u00e9fauts \u00e0 Ultrasons<\/strong><\/h3>\n<p>L\u2019Avenger II est un robuste et l\u00e9ger appareil portatif pour l\u2019inspection \u00e0 ultrasons conforme aux normes AWS. Analyses encod\u00e9es sur un axe, \u00e9talonnage automatique 2 points, analyse de donn\u00e9es \u00ab A-Scan et B-Scan \u00bb sur l\u2019appareil et ordinateur, il est disponible avec une multitude d\u2019options.<\/p>\n<h4><strong>L\u2019ensemble de base inclut: <\/strong><\/h4>\n<p>D\u00e9tecteur de d\u00e9fauts \u00e0 ultrasons portatif, DAC, DGS, AWS, donn\u00e9e UT int\u00e9gr\u00e9, A et B-Scan couleur, Echo dynamics, batterie lithium-ion, chargeur, station de chargement, clef USB 8GB, c\u00e2ble USB, bandouli\u00e8re, manuel de l\u2019utilisateur, certificat d\u2019\u00e9talonnage et valise de transport rigide.<\/p>\n<p>Contactez-nous pour discuter de votre application, vos exigences, options disponibles et\/ou recevoir une soumission.<\/p>\n<p>&nbsp;<\/p>\n<ul>\n<li>AVENGER II: NDT Systems Avenger II, d\u00e9tecteur de d\u00e9fauts \u00e0 ultrasons portatif, syst\u00e8me complet &#8211; connecteurs BNC<\/li>\n<\/ul>\n<p style=\"font-style: inherit; font-weight: inherit;\">\n","protected":false},"excerpt":{"rendered":"<p>Avenger II, D\u00e9tecteur de D\u00e9fauts \u00e0 Ultrasons L\u2019Avenger II est un robuste et l\u00e9ger appareil portatif pour l\u2019inspection \u00e0 ultrasons conforme aux normes AWS. Analyses encod\u00e9es sur un axe, \u00e9talonnage automatique 2 points, analyse de donn\u00e9es \u00ab A-Scan et B-Scan \u00bb sur l\u2019appareil et ordinateur, il est disponible avec une multitude d\u2019options. L\u2019ensemble de base [&hellip;]<\/p>\n","protected":false},"featured_media":17915,"template":"","meta":{"_monsterinsights_skip_tracking":false,"_monsterinsights_sitenote_active":false,"_monsterinsights_sitenote_note":"","_monsterinsights_sitenote_category":0},"product_brand":[],"product_cat":[407,125],"product_tag":[],"class_list":{"0":"post-8539","1":"product","2":"type-product","3":"status-publish","4":"has-post-thumbnail","6":"product_cat-ndt-systems-fr","7":"product_cat-detecteurs-defauts","9":"first","10":"instock","11":"shipping-taxable","12":"purchasable","13":"product-type-simple"},"yoast_head":"<!-- This site is optimized with the Yoast SEO plugin v23.9 - https:\/\/yoast.com\/wordpress\/plugins\/seo\/ -->\n<title>NDT Systems Avenger II, D\u00e9tecteur de D\u00e9fauts \u00e0 Ultrasons &#060; Qualit\u00e9 NDE<\/title>\n<meta name=\"description\" content=\"Robuste et l\u00e9ger appareil portatif pour l\u2019inspection \u00e0 ultrasons conforme aux normes AWS. Disponible avec une multitude d\u2019options.\" \/>\n<meta name=\"robots\" content=\"index, follow, max-snippet:-1, max-image-preview:large, max-video-preview:-1\" \/>\n<link rel=\"canonical\" href=\"https:\/\/www.qnde.ca\/fr\/produit\/avenger-fr\/\" \/>\n<meta name=\"twitter:label1\" content=\"Dur\u00e9e de lecture estim\u00e9e\" \/>\n\t<meta name=\"twitter:data1\" content=\"1 minute\" \/>\n<script type=\"application\/ld+json\" class=\"yoast-schema-graph\">{\"@context\":\"https:\/\/schema.org\",\"@graph\":[{\"@type\":[\"WebPage\",\"ItemPage\"],\"@id\":\"https:\/\/www.qnde.ca\/fr\/produit\/avenger-fr\/\",\"url\":\"https:\/\/www.qnde.ca\/fr\/produit\/avenger-fr\/\",\"name\":\"NDT Systems Avenger II, D\u00e9tecteur de D\u00e9fauts \u00e0 Ultrasons &#060; Qualit\u00e9 NDE\",\"isPartOf\":{\"@id\":\"https:\/\/www.qnde.ca\/#website\"},\"primaryImageOfPage\":{\"@id\":\"https:\/\/www.qnde.ca\/fr\/produit\/avenger-fr\/#primaryimage\"},\"image\":{\"@id\":\"https:\/\/www.qnde.ca\/fr\/produit\/avenger-fr\/#primaryimage\"},\"thumbnailUrl\":\"https:\/\/www.qnde.ca\/wp-content\/uploads\/2021\/04\/NDT_Avenger.jpg\",\"datePublished\":\"2016-09-07T12:50:42+00:00\",\"dateModified\":\"2025-08-07T15:32:15+00:00\",\"description\":\"Robuste et l\u00e9ger appareil portatif pour l\u2019inspection \u00e0 ultrasons conforme aux normes AWS. Disponible avec une multitude d\u2019options.\",\"breadcrumb\":{\"@id\":\"https:\/\/www.qnde.ca\/fr\/produit\/avenger-fr\/#breadcrumb\"},\"inLanguage\":\"fr-FR\",\"potentialAction\":[{\"@type\":\"ReadAction\",\"target\":[\"https:\/\/www.qnde.ca\/fr\/produit\/avenger-fr\/\"]}]},{\"@type\":\"ImageObject\",\"inLanguage\":\"fr-FR\",\"@id\":\"https:\/\/www.qnde.ca\/fr\/produit\/avenger-fr\/#primaryimage\",\"url\":\"https:\/\/www.qnde.ca\/wp-content\/uploads\/2021\/04\/NDT_Avenger.jpg\",\"contentUrl\":\"https:\/\/www.qnde.ca\/wp-content\/uploads\/2021\/04\/NDT_Avenger.jpg\",\"width\":600,\"height\":600,\"caption\":\"Avenger II handheld flaw detector\"},{\"@type\":\"BreadcrumbList\",\"@id\":\"https:\/\/www.qnde.ca\/fr\/produit\/avenger-fr\/#breadcrumb\",\"itemListElement\":[{\"@type\":\"ListItem\",\"position\":1,\"name\":\"Accueil\",\"item\":\"https:\/\/www.qnde.ca\/fr\/\"},{\"@type\":\"ListItem\",\"position\":2,\"name\":\"Produits\",\"item\":\"https:\/\/www.qnde.ca\/fr\/produits\/\"},{\"@type\":\"ListItem\",\"position\":3,\"name\":\"Ultrasons\",\"item\":\"https:\/\/www.qnde.ca\/fr\/product-category\/ultrasons\/\"},{\"@type\":\"ListItem\",\"position\":4,\"name\":\"D\u00e9tecteurs de D\u00e9fauts\",\"item\":\"https:\/\/www.qnde.ca\/fr\/product-category\/ultrasons\/detecteurs-defauts\/\"},{\"@type\":\"ListItem\",\"position\":5,\"name\":\"NDT Systems Avenger II, D\u00e9tecteur de D\u00e9fauts \u00e0 Ultrasons\"}]},{\"@type\":\"WebSite\",\"@id\":\"https:\/\/www.qnde.ca\/#website\",\"url\":\"https:\/\/www.qnde.ca\/\",\"name\":\"Qualit\u00e9 NDE\",\"description\":\"\u00c9quipements d&#039;essais non destructifs \",\"publisher\":{\"@id\":\"https:\/\/www.qnde.ca\/#organization\"},\"potentialAction\":[{\"@type\":\"SearchAction\",\"target\":{\"@type\":\"EntryPoint\",\"urlTemplate\":\"https:\/\/www.qnde.ca\/?s={search_term_string}\"},\"query-input\":{\"@type\":\"PropertyValueSpecification\",\"valueRequired\":true,\"valueName\":\"search_term_string\"}}],\"inLanguage\":\"fr-FR\"},{\"@type\":\"Organization\",\"@id\":\"https:\/\/www.qnde.ca\/#organization\",\"name\":\"Quality NDT Ltd.\",\"url\":\"https:\/\/www.qnde.ca\/\",\"logo\":{\"@type\":\"ImageObject\",\"inLanguage\":\"fr-FR\",\"@id\":\"https:\/\/www.qnde.ca\/#\/schema\/logo\/image\/\",\"url\":\"https:\/\/www.qnde.ca\/wp-content\/uploads\/2022\/02\/QNDE_logo_RGB-gif.gif\",\"contentUrl\":\"https:\/\/www.qnde.ca\/wp-content\/uploads\/2022\/02\/QNDE_logo_RGB-gif.gif\",\"width\":250,\"height\":64,\"caption\":\"Quality NDT Ltd.\"},\"image\":{\"@id\":\"https:\/\/www.qnde.ca\/#\/schema\/logo\/image\/\"},\"sameAs\":[\"https:\/\/www.linkedin.com\/company\/qnde\/about\/?viewAsMember=true\"]}]}<\/script>\n<!-- \/ Yoast SEO plugin. -->","yoast_head_json":{"title":"NDT Systems Avenger II, D\u00e9tecteur de D\u00e9fauts \u00e0 Ultrasons &#060; Qualit\u00e9 NDE","description":"Robuste et l\u00e9ger appareil portatif pour l\u2019inspection \u00e0 ultrasons conforme aux normes AWS. Disponible avec une multitude d\u2019options.","robots":{"index":"index","follow":"follow","max-snippet":"max-snippet:-1","max-image-preview":"max-image-preview:large","max-video-preview":"max-video-preview:-1"},"canonical":"https:\/\/www.qnde.ca\/fr\/produit\/avenger-fr\/","twitter_misc":{"Dur\u00e9e de lecture estim\u00e9e":"1 minute"},"schema":{"@context":"https:\/\/schema.org","@graph":[{"@type":["WebPage","ItemPage"],"@id":"https:\/\/www.qnde.ca\/fr\/produit\/avenger-fr\/","url":"https:\/\/www.qnde.ca\/fr\/produit\/avenger-fr\/","name":"NDT Systems Avenger II, D\u00e9tecteur de D\u00e9fauts \u00e0 Ultrasons &#060; Qualit\u00e9 NDE","isPartOf":{"@id":"https:\/\/www.qnde.ca\/#website"},"primaryImageOfPage":{"@id":"https:\/\/www.qnde.ca\/fr\/produit\/avenger-fr\/#primaryimage"},"image":{"@id":"https:\/\/www.qnde.ca\/fr\/produit\/avenger-fr\/#primaryimage"},"thumbnailUrl":"https:\/\/www.qnde.ca\/wp-content\/uploads\/2021\/04\/NDT_Avenger.jpg","datePublished":"2016-09-07T12:50:42+00:00","dateModified":"2025-08-07T15:32:15+00:00","description":"Robuste et l\u00e9ger appareil portatif pour l\u2019inspection \u00e0 ultrasons conforme aux normes AWS. Disponible avec une multitude d\u2019options.","breadcrumb":{"@id":"https:\/\/www.qnde.ca\/fr\/produit\/avenger-fr\/#breadcrumb"},"inLanguage":"fr-FR","potentialAction":[{"@type":"ReadAction","target":["https:\/\/www.qnde.ca\/fr\/produit\/avenger-fr\/"]}]},{"@type":"ImageObject","inLanguage":"fr-FR","@id":"https:\/\/www.qnde.ca\/fr\/produit\/avenger-fr\/#primaryimage","url":"https:\/\/www.qnde.ca\/wp-content\/uploads\/2021\/04\/NDT_Avenger.jpg","contentUrl":"https:\/\/www.qnde.ca\/wp-content\/uploads\/2021\/04\/NDT_Avenger.jpg","width":600,"height":600,"caption":"Avenger II handheld flaw detector"},{"@type":"BreadcrumbList","@id":"https:\/\/www.qnde.ca\/fr\/produit\/avenger-fr\/#breadcrumb","itemListElement":[{"@type":"ListItem","position":1,"name":"Accueil","item":"https:\/\/www.qnde.ca\/fr\/"},{"@type":"ListItem","position":2,"name":"Produits","item":"https:\/\/www.qnde.ca\/fr\/produits\/"},{"@type":"ListItem","position":3,"name":"Ultrasons","item":"https:\/\/www.qnde.ca\/fr\/product-category\/ultrasons\/"},{"@type":"ListItem","position":4,"name":"D\u00e9tecteurs de D\u00e9fauts","item":"https:\/\/www.qnde.ca\/fr\/product-category\/ultrasons\/detecteurs-defauts\/"},{"@type":"ListItem","position":5,"name":"NDT Systems Avenger II, D\u00e9tecteur de D\u00e9fauts \u00e0 Ultrasons"}]},{"@type":"WebSite","@id":"https:\/\/www.qnde.ca\/#website","url":"https:\/\/www.qnde.ca\/","name":"Qualit\u00e9 NDE","description":"\u00c9quipements d&#039;essais non destructifs ","publisher":{"@id":"https:\/\/www.qnde.ca\/#organization"},"potentialAction":[{"@type":"SearchAction","target":{"@type":"EntryPoint","urlTemplate":"https:\/\/www.qnde.ca\/?s={search_term_string}"},"query-input":{"@type":"PropertyValueSpecification","valueRequired":true,"valueName":"search_term_string"}}],"inLanguage":"fr-FR"},{"@type":"Organization","@id":"https:\/\/www.qnde.ca\/#organization","name":"Quality NDT Ltd.","url":"https:\/\/www.qnde.ca\/","logo":{"@type":"ImageObject","inLanguage":"fr-FR","@id":"https:\/\/www.qnde.ca\/#\/schema\/logo\/image\/","url":"https:\/\/www.qnde.ca\/wp-content\/uploads\/2022\/02\/QNDE_logo_RGB-gif.gif","contentUrl":"https:\/\/www.qnde.ca\/wp-content\/uploads\/2022\/02\/QNDE_logo_RGB-gif.gif","width":250,"height":64,"caption":"Quality NDT Ltd."},"image":{"@id":"https:\/\/www.qnde.ca\/#\/schema\/logo\/image\/"},"sameAs":["https:\/\/www.linkedin.com\/company\/qnde\/about\/?viewAsMember=true"]}]}},"jetpack_sharing_enabled":true,"_links":{"self":[{"href":"https:\/\/www.qnde.ca\/fr\/wp-json\/wp\/v2\/product\/8539","targetHints":{"allow":["GET"]}}],"collection":[{"href":"https:\/\/www.qnde.ca\/fr\/wp-json\/wp\/v2\/product"}],"about":[{"href":"https:\/\/www.qnde.ca\/fr\/wp-json\/wp\/v2\/types\/product"}],"wp:featuredmedia":[{"embeddable":true,"href":"https:\/\/www.qnde.ca\/fr\/wp-json\/wp\/v2\/media\/17915"}],"wp:attachment":[{"href":"https:\/\/www.qnde.ca\/fr\/wp-json\/wp\/v2\/media?parent=8539"}],"wp:term":[{"taxonomy":"product_brand","embeddable":true,"href":"https:\/\/www.qnde.ca\/fr\/wp-json\/wp\/v2\/product_brand?post=8539"},{"taxonomy":"product_cat","embeddable":true,"href":"https:\/\/www.qnde.ca\/fr\/wp-json\/wp\/v2\/product_cat?post=8539"},{"taxonomy":"product_tag","embeddable":true,"href":"https:\/\/www.qnde.ca\/fr\/wp-json\/wp\/v2\/product_tag?post=8539"}],"curies":[{"name":"wp","href":"https:\/\/api.w.org\/{rel}","templated":true}]}}