{"id":8428,"date":"2016-08-15T15:19:50","date_gmt":"2016-08-15T15:19:50","guid":{"rendered":"https:\/\/www.qnde.ca\/product\/flukesurveymeter\/"},"modified":"2025-06-17T11:13:42","modified_gmt":"2025-06-17T15:13:42","slug":"gammametre-451b-451p","status":"publish","type":"product","link":"https:\/\/www.qnde.ca\/fr\/produit\/gammametre-451b-451p\/","title":{"rendered":"Fluke 451B\/451P, Gammam\u00e8tre \u00e0 Chambre d\u2019Ionisation"},"content":{"rendered":"<h3><strong>Fluke 451B\/451P, Gammam\u00e8tre \u00e0 Chambre d\u2019Ionisation<\/strong><\/h3>\n<p>Gammam\u00e8tre \u00e0 haute sensibilit\u00e9 avec chambre d\u2019ionisation pour la recherche de fuite de radiation, radiation diffus\u00e9e, tr\u00e8s petit trou au blindage, ou la mesure de rayon-X puls\u00e9s de tr\u00e8s courte dur\u00e9e (tube rayon-X Golden). Le 451P (chambre d\u2019ionisation pressuris\u00e9e) et le 451B (chambre d\u2019ionisation) sont tous les deux \u00e0 \u00e9chelonnement automatique et ont un temps de r\u00e9ponse tr\u00e8s rapide.<\/p>\n<p><em>NOTE: Le 451P a une chambre d\u2019ionisation pressuris\u00e9e (125psi) et doit donc \u00eatre exp\u00e9di\u00e9 par voie terrestre.<\/em><\/p>\n<ul>\n<li>451B: Fluke 451B, gammam\u00e8tre \u00e0 chambre d\u2019ionisation pour rayons-x, rayons-x puls\u00e9s, Alpha, Beta et Gamma. Plage d\u2019op\u00e9ration: 0 \u00b5R\/h \u00e0 50R\/h (0 \u00b5Sv\/h \u00e0 500 mSv\/h). Livr\u00e9 avec certificat d\u2019\u00e9talonnage et valise de transport rigide.<\/li>\n<li>451P: Fluke 451P, gammam\u00e8tre \u00e0 chambre d\u2019ionisation pressuris\u00e9e pour rayons-x, rayons-x puls\u00e9s, Beta et Gamma. Plage d\u2019op\u00e9ration: 0 \u00b5Sv\/h \u00e0 50 mSv\/h. Livr\u00e9 avec certificat d\u2019\u00e9talonnage et valise de transport rigide.<\/li>\n<\/ul>\n<p style=\"font-style: inherit; font-weight: inherit;\">\n","protected":false},"excerpt":{"rendered":"<p>Fluke 451B\/451P, Gammam\u00e8tre \u00e0 Chambre d\u2019Ionisation Gammam\u00e8tre \u00e0 haute sensibilit\u00e9 avec chambre d\u2019ionisation pour la recherche de fuite de radiation, radiation diffus\u00e9e, tr\u00e8s petit trou au blindage, ou la mesure de rayon-X puls\u00e9s de tr\u00e8s courte dur\u00e9e (tube rayon-X Golden). Le 451P (chambre d\u2019ionisation pressuris\u00e9e) et le 451B (chambre d\u2019ionisation) sont tous les deux \u00e0 [&hellip;]<\/p>\n","protected":false},"featured_media":8442,"template":"","meta":{"_monsterinsights_skip_tracking":false,"_monsterinsights_sitenote_active":false,"_monsterinsights_sitenote_note":"","_monsterinsights_sitenote_category":0},"product_brand":[],"product_cat":[402,143],"product_tag":[],"class_list":{"0":"post-8428","1":"product","2":"type-product","3":"status-publish","4":"has-post-thumbnail","6":"product_cat-autres-marques","7":"product_cat-radioprotection","9":"first","10":"instock","11":"shipping-taxable","12":"purchasable","13":"product-type-variable"},"yoast_head":"<!-- This site is optimized with the Yoast SEO plugin v23.9 - https:\/\/yoast.com\/wordpress\/plugins\/seo\/ -->\n<title>Fluke 451B\/451P, Gammam\u00e8tre \u00e0 Chambre d\u2019Ionisation &#060; Qualit\u00e9 NDE<\/title>\n<meta name=\"description\" content=\"Gammam\u00e8tre haute sensibilit\u00e9 avec chambre d\u2019ionisation pour recherche de fuite de radiation, radiation diffus\u00e9e, mesure de rayon-X puls\u00e9s tr\u00e8s courte dur\u00e9e.\" \/>\n<meta name=\"robots\" content=\"index, follow, max-snippet:-1, max-image-preview:large, max-video-preview:-1\" \/>\n<link rel=\"canonical\" href=\"https:\/\/www.qnde.ca\/fr\/produit\/gammametre-451b-451p\/\" \/>\n<meta name=\"twitter:label1\" content=\"Dur\u00e9e de lecture estim\u00e9e\" \/>\n\t<meta name=\"twitter:data1\" content=\"1 minute\" \/>\n<script type=\"application\/ld+json\" class=\"yoast-schema-graph\">{\"@context\":\"https:\/\/schema.org\",\"@graph\":[{\"@type\":[\"WebPage\",\"ItemPage\"],\"@id\":\"https:\/\/www.qnde.ca\/fr\/produit\/gammametre-451b-451p\/\",\"url\":\"https:\/\/www.qnde.ca\/fr\/produit\/gammametre-451b-451p\/\",\"name\":\"Fluke 451B\/451P, Gammam\u00e8tre \u00e0 Chambre d\u2019Ionisation &#060; Qualit\u00e9 NDE\",\"isPartOf\":{\"@id\":\"https:\/\/www.qnde.ca\/#website\"},\"primaryImageOfPage\":{\"@id\":\"https:\/\/www.qnde.ca\/fr\/produit\/gammametre-451b-451p\/#primaryimage\"},\"image\":{\"@id\":\"https:\/\/www.qnde.ca\/fr\/produit\/gammametre-451b-451p\/#primaryimage\"},\"thumbnailUrl\":\"https:\/\/www.qnde.ca\/wp-content\/uploads\/2016\/08\/451b-ion-chamber-survey-meter-with-beta-slide.jpg\",\"datePublished\":\"2016-08-15T15:19:50+00:00\",\"dateModified\":\"2025-06-17T15:13:42+00:00\",\"description\":\"Gammam\u00e8tre haute sensibilit\u00e9 avec chambre d\u2019ionisation pour recherche de fuite de radiation, radiation diffus\u00e9e, mesure de rayon-X puls\u00e9s tr\u00e8s courte dur\u00e9e.\",\"breadcrumb\":{\"@id\":\"https:\/\/www.qnde.ca\/fr\/produit\/gammametre-451b-451p\/#breadcrumb\"},\"inLanguage\":\"fr-FR\",\"potentialAction\":[{\"@type\":\"ReadAction\",\"target\":[\"https:\/\/www.qnde.ca\/fr\/produit\/gammametre-451b-451p\/\"]}]},{\"@type\":\"ImageObject\",\"inLanguage\":\"fr-FR\",\"@id\":\"https:\/\/www.qnde.ca\/fr\/produit\/gammametre-451b-451p\/#primaryimage\",\"url\":\"https:\/\/www.qnde.ca\/wp-content\/uploads\/2016\/08\/451b-ion-chamber-survey-meter-with-beta-slide.jpg\",\"contentUrl\":\"https:\/\/www.qnde.ca\/wp-content\/uploads\/2016\/08\/451b-ion-chamber-survey-meter-with-beta-slide.jpg\",\"width\":1000,\"height\":1000},{\"@type\":\"BreadcrumbList\",\"@id\":\"https:\/\/www.qnde.ca\/fr\/produit\/gammametre-451b-451p\/#breadcrumb\",\"itemListElement\":[{\"@type\":\"ListItem\",\"position\":1,\"name\":\"Accueil\",\"item\":\"https:\/\/www.qnde.ca\/fr\/\"},{\"@type\":\"ListItem\",\"position\":2,\"name\":\"Produits\",\"item\":\"https:\/\/www.qnde.ca\/fr\/produits\/\"},{\"@type\":\"ListItem\",\"position\":3,\"name\":\"Marques\",\"item\":\"https:\/\/www.qnde.ca\/fr\/product-category\/marques\/\"},{\"@type\":\"ListItem\",\"position\":4,\"name\":\"Autres Marques\",\"item\":\"https:\/\/www.qnde.ca\/fr\/product-category\/marques\/autres-marques\/\"},{\"@type\":\"ListItem\",\"position\":5,\"name\":\"Fluke 451B\/451P, Gammam\u00e8tre \u00e0 Chambre d\u2019Ionisation\"}]},{\"@type\":\"WebSite\",\"@id\":\"https:\/\/www.qnde.ca\/#website\",\"url\":\"https:\/\/www.qnde.ca\/\",\"name\":\"Qualit\u00e9 NDE\",\"description\":\"\u00c9quipements d&#039;essais non destructifs \",\"publisher\":{\"@id\":\"https:\/\/www.qnde.ca\/#organization\"},\"potentialAction\":[{\"@type\":\"SearchAction\",\"target\":{\"@type\":\"EntryPoint\",\"urlTemplate\":\"https:\/\/www.qnde.ca\/?s={search_term_string}\"},\"query-input\":{\"@type\":\"PropertyValueSpecification\",\"valueRequired\":true,\"valueName\":\"search_term_string\"}}],\"inLanguage\":\"fr-FR\"},{\"@type\":\"Organization\",\"@id\":\"https:\/\/www.qnde.ca\/#organization\",\"name\":\"Quality NDT Ltd.\",\"url\":\"https:\/\/www.qnde.ca\/\",\"logo\":{\"@type\":\"ImageObject\",\"inLanguage\":\"fr-FR\",\"@id\":\"https:\/\/www.qnde.ca\/#\/schema\/logo\/image\/\",\"url\":\"https:\/\/www.qnde.ca\/wp-content\/uploads\/2022\/02\/QNDE_logo_RGB-gif.gif\",\"contentUrl\":\"https:\/\/www.qnde.ca\/wp-content\/uploads\/2022\/02\/QNDE_logo_RGB-gif.gif\",\"width\":250,\"height\":64,\"caption\":\"Quality NDT Ltd.\"},\"image\":{\"@id\":\"https:\/\/www.qnde.ca\/#\/schema\/logo\/image\/\"},\"sameAs\":[\"https:\/\/www.linkedin.com\/company\/qnde\/about\/?viewAsMember=true\"]}]}<\/script>\n<!-- \/ Yoast SEO plugin. -->","yoast_head_json":{"title":"Fluke 451B\/451P, Gammam\u00e8tre \u00e0 Chambre d\u2019Ionisation &#060; Qualit\u00e9 NDE","description":"Gammam\u00e8tre haute sensibilit\u00e9 avec chambre d\u2019ionisation pour recherche de fuite de radiation, radiation diffus\u00e9e, mesure de rayon-X puls\u00e9s tr\u00e8s courte dur\u00e9e.","robots":{"index":"index","follow":"follow","max-snippet":"max-snippet:-1","max-image-preview":"max-image-preview:large","max-video-preview":"max-video-preview:-1"},"canonical":"https:\/\/www.qnde.ca\/fr\/produit\/gammametre-451b-451p\/","twitter_misc":{"Dur\u00e9e de lecture estim\u00e9e":"1 minute"},"schema":{"@context":"https:\/\/schema.org","@graph":[{"@type":["WebPage","ItemPage"],"@id":"https:\/\/www.qnde.ca\/fr\/produit\/gammametre-451b-451p\/","url":"https:\/\/www.qnde.ca\/fr\/produit\/gammametre-451b-451p\/","name":"Fluke 451B\/451P, Gammam\u00e8tre \u00e0 Chambre d\u2019Ionisation &#060; Qualit\u00e9 NDE","isPartOf":{"@id":"https:\/\/www.qnde.ca\/#website"},"primaryImageOfPage":{"@id":"https:\/\/www.qnde.ca\/fr\/produit\/gammametre-451b-451p\/#primaryimage"},"image":{"@id":"https:\/\/www.qnde.ca\/fr\/produit\/gammametre-451b-451p\/#primaryimage"},"thumbnailUrl":"https:\/\/www.qnde.ca\/wp-content\/uploads\/2016\/08\/451b-ion-chamber-survey-meter-with-beta-slide.jpg","datePublished":"2016-08-15T15:19:50+00:00","dateModified":"2025-06-17T15:13:42+00:00","description":"Gammam\u00e8tre haute sensibilit\u00e9 avec chambre d\u2019ionisation pour recherche de fuite de radiation, radiation diffus\u00e9e, mesure de rayon-X puls\u00e9s tr\u00e8s courte dur\u00e9e.","breadcrumb":{"@id":"https:\/\/www.qnde.ca\/fr\/produit\/gammametre-451b-451p\/#breadcrumb"},"inLanguage":"fr-FR","potentialAction":[{"@type":"ReadAction","target":["https:\/\/www.qnde.ca\/fr\/produit\/gammametre-451b-451p\/"]}]},{"@type":"ImageObject","inLanguage":"fr-FR","@id":"https:\/\/www.qnde.ca\/fr\/produit\/gammametre-451b-451p\/#primaryimage","url":"https:\/\/www.qnde.ca\/wp-content\/uploads\/2016\/08\/451b-ion-chamber-survey-meter-with-beta-slide.jpg","contentUrl":"https:\/\/www.qnde.ca\/wp-content\/uploads\/2016\/08\/451b-ion-chamber-survey-meter-with-beta-slide.jpg","width":1000,"height":1000},{"@type":"BreadcrumbList","@id":"https:\/\/www.qnde.ca\/fr\/produit\/gammametre-451b-451p\/#breadcrumb","itemListElement":[{"@type":"ListItem","position":1,"name":"Accueil","item":"https:\/\/www.qnde.ca\/fr\/"},{"@type":"ListItem","position":2,"name":"Produits","item":"https:\/\/www.qnde.ca\/fr\/produits\/"},{"@type":"ListItem","position":3,"name":"Marques","item":"https:\/\/www.qnde.ca\/fr\/product-category\/marques\/"},{"@type":"ListItem","position":4,"name":"Autres Marques","item":"https:\/\/www.qnde.ca\/fr\/product-category\/marques\/autres-marques\/"},{"@type":"ListItem","position":5,"name":"Fluke 451B\/451P, Gammam\u00e8tre \u00e0 Chambre d\u2019Ionisation"}]},{"@type":"WebSite","@id":"https:\/\/www.qnde.ca\/#website","url":"https:\/\/www.qnde.ca\/","name":"Qualit\u00e9 NDE","description":"\u00c9quipements d&#039;essais non destructifs ","publisher":{"@id":"https:\/\/www.qnde.ca\/#organization"},"potentialAction":[{"@type":"SearchAction","target":{"@type":"EntryPoint","urlTemplate":"https:\/\/www.qnde.ca\/?s={search_term_string}"},"query-input":{"@type":"PropertyValueSpecification","valueRequired":true,"valueName":"search_term_string"}}],"inLanguage":"fr-FR"},{"@type":"Organization","@id":"https:\/\/www.qnde.ca\/#organization","name":"Quality NDT Ltd.","url":"https:\/\/www.qnde.ca\/","logo":{"@type":"ImageObject","inLanguage":"fr-FR","@id":"https:\/\/www.qnde.ca\/#\/schema\/logo\/image\/","url":"https:\/\/www.qnde.ca\/wp-content\/uploads\/2022\/02\/QNDE_logo_RGB-gif.gif","contentUrl":"https:\/\/www.qnde.ca\/wp-content\/uploads\/2022\/02\/QNDE_logo_RGB-gif.gif","width":250,"height":64,"caption":"Quality NDT Ltd."},"image":{"@id":"https:\/\/www.qnde.ca\/#\/schema\/logo\/image\/"},"sameAs":["https:\/\/www.linkedin.com\/company\/qnde\/about\/?viewAsMember=true"]}]}},"jetpack_sharing_enabled":true,"_links":{"self":[{"href":"https:\/\/www.qnde.ca\/fr\/wp-json\/wp\/v2\/product\/8428","targetHints":{"allow":["GET"]}}],"collection":[{"href":"https:\/\/www.qnde.ca\/fr\/wp-json\/wp\/v2\/product"}],"about":[{"href":"https:\/\/www.qnde.ca\/fr\/wp-json\/wp\/v2\/types\/product"}],"wp:featuredmedia":[{"embeddable":true,"href":"https:\/\/www.qnde.ca\/fr\/wp-json\/wp\/v2\/media\/8442"}],"wp:attachment":[{"href":"https:\/\/www.qnde.ca\/fr\/wp-json\/wp\/v2\/media?parent=8428"}],"wp:term":[{"taxonomy":"product_brand","embeddable":true,"href":"https:\/\/www.qnde.ca\/fr\/wp-json\/wp\/v2\/product_brand?post=8428"},{"taxonomy":"product_cat","embeddable":true,"href":"https:\/\/www.qnde.ca\/fr\/wp-json\/wp\/v2\/product_cat?post=8428"},{"taxonomy":"product_tag","embeddable":true,"href":"https:\/\/www.qnde.ca\/fr\/wp-json\/wp\/v2\/product_tag?post=8428"}],"curies":[{"name":"wp","href":"https:\/\/api.w.org\/{rel}","templated":true}]}}