{"id":8292,"date":"2016-06-28T15:38:17","date_gmt":"2016-06-28T15:38:17","guid":{"rendered":"https:\/\/www.qnde.ca\/product\/sentinel1075\/"},"modified":"2024-10-16T18:51:28","modified_gmt":"2024-10-16T22:51:28","slug":"1075-scarpro-projecteur","status":"publish","type":"product","link":"https:\/\/www.qnde.ca\/fr\/produit\/1075-scarpro-projecteur\/","title":{"rendered":"QSA Global &#8211; 1075 SCARpro, Projecteur de Source"},"content":{"rendered":"<h3><strong>QSA Global &#8211; 1075 SCARpro, Projecteur de Source<\/strong><\/h3>\n<p>Le projecteur de source 1075 SCARpro est un appareil d\u2019exposition \u00e0 double fonction avec S\u00e9l\u00e9nium-75, pour la gammagraphie avec un petit p\u00e9rim\u00e8tre de s\u00e9curit\u00e9 (mode SCAR) et la gammagraphie traditionnelle.<\/p>\n<ul>\n<li>1075PRO: Projecteur SCAR seulement.<\/li>\n<li>1075SCARPRO: Syst\u00e8me complet SCARpro, Se-75 (81 Ci maximum) \u2013 source non incluse.<\/li>\n<\/ul>\n<p>&nbsp;<\/p>\n<p>&nbsp;<\/p>\n","protected":false},"excerpt":{"rendered":"<p>QSA Global &#8211; 1075 SCARpro, Projecteur de Source Le projecteur de source 1075 SCARpro est un appareil d\u2019exposition \u00e0 double fonction avec S\u00e9l\u00e9nium-75, pour la gammagraphie avec un petit p\u00e9rim\u00e8tre de s\u00e9curit\u00e9 (mode SCAR) et la gammagraphie traditionnelle. 1075PRO: Projecteur SCAR seulement. 1075SCARPRO: Syst\u00e8me complet SCARpro, Se-75 (81 Ci maximum) \u2013 source non incluse. &nbsp; [&hellip;]<\/p>\n","protected":false},"featured_media":35892,"template":"","meta":{"_monsterinsights_skip_tracking":false,"_monsterinsights_sitenote_active":false,"_monsterinsights_sitenote_note":"","_monsterinsights_sitenote_category":0},"product_brand":[],"product_cat":[393,139],"product_tag":[],"class_list":{"0":"post-8292","1":"product","2":"type-product","3":"status-publish","4":"has-post-thumbnail","6":"product_cat-qsa-global-fr","7":"product_cat-sources-projecteurs","9":"first","10":"instock","11":"shipping-taxable","12":"purchasable","13":"product-type-variable"},"yoast_head":"<!-- This site is optimized with the Yoast SEO plugin v23.9 - https:\/\/yoast.com\/wordpress\/plugins\/seo\/ -->\n<title>QSA Global - 1075 SCARpro, Projecteur de Source &#060; Qualit\u00e9 NDE<\/title>\n<meta name=\"description\" content=\"Appareil d\u2019exposition double fonction avec S\u00e9l\u00e9nium-75, gammagraphie avec un petit p\u00e9rim\u00e8tre de s\u00e9curit\u00e9 (mode SCAR) et la gammagraphie traditionnelle.\" \/>\n<meta name=\"robots\" content=\"index, follow, max-snippet:-1, max-image-preview:large, max-video-preview:-1\" \/>\n<link rel=\"canonical\" href=\"https:\/\/www.qnde.ca\/fr\/produit\/1075-scarpro-projecteur\/\" \/>\n<meta name=\"twitter:label1\" content=\"Dur\u00e9e de lecture estim\u00e9e\" \/>\n\t<meta name=\"twitter:data1\" content=\"1 minute\" \/>\n<script type=\"application\/ld+json\" class=\"yoast-schema-graph\">{\"@context\":\"https:\/\/schema.org\",\"@graph\":[{\"@type\":[\"WebPage\",\"ItemPage\"],\"@id\":\"https:\/\/www.qnde.ca\/fr\/produit\/1075-scarpro-projecteur\/\",\"url\":\"https:\/\/www.qnde.ca\/fr\/produit\/1075-scarpro-projecteur\/\",\"name\":\"QSA Global - 1075 SCARpro, Projecteur de Source &#060; Qualit\u00e9 NDE\",\"isPartOf\":{\"@id\":\"https:\/\/www.qnde.ca\/#website\"},\"primaryImageOfPage\":{\"@id\":\"https:\/\/www.qnde.ca\/fr\/produit\/1075-scarpro-projecteur\/#primaryimage\"},\"image\":{\"@id\":\"https:\/\/www.qnde.ca\/fr\/produit\/1075-scarpro-projecteur\/#primaryimage\"},\"thumbnailUrl\":\"https:\/\/www.qnde.ca\/wp-content\/uploads\/2016\/06\/DSC_2009.png\",\"datePublished\":\"2016-06-28T15:38:17+00:00\",\"dateModified\":\"2024-10-16T22:51:28+00:00\",\"description\":\"Appareil d\u2019exposition double fonction avec S\u00e9l\u00e9nium-75, gammagraphie avec un petit p\u00e9rim\u00e8tre de s\u00e9curit\u00e9 (mode SCAR) et la gammagraphie traditionnelle.\",\"breadcrumb\":{\"@id\":\"https:\/\/www.qnde.ca\/fr\/produit\/1075-scarpro-projecteur\/#breadcrumb\"},\"inLanguage\":\"fr-FR\",\"potentialAction\":[{\"@type\":\"ReadAction\",\"target\":[\"https:\/\/www.qnde.ca\/fr\/produit\/1075-scarpro-projecteur\/\"]}]},{\"@type\":\"ImageObject\",\"inLanguage\":\"fr-FR\",\"@id\":\"https:\/\/www.qnde.ca\/fr\/produit\/1075-scarpro-projecteur\/#primaryimage\",\"url\":\"https:\/\/www.qnde.ca\/wp-content\/uploads\/2016\/06\/DSC_2009.png\",\"contentUrl\":\"https:\/\/www.qnde.ca\/wp-content\/uploads\/2016\/06\/DSC_2009.png\",\"width\":2048,\"height\":1638},{\"@type\":\"BreadcrumbList\",\"@id\":\"https:\/\/www.qnde.ca\/fr\/produit\/1075-scarpro-projecteur\/#breadcrumb\",\"itemListElement\":[{\"@type\":\"ListItem\",\"position\":1,\"name\":\"Accueil\",\"item\":\"https:\/\/www.qnde.ca\/fr\/\"},{\"@type\":\"ListItem\",\"position\":2,\"name\":\"Produits\",\"item\":\"https:\/\/www.qnde.ca\/fr\/produits\/\"},{\"@type\":\"ListItem\",\"position\":3,\"name\":\"Marques\",\"item\":\"https:\/\/www.qnde.ca\/fr\/product-category\/marques\/\"},{\"@type\":\"ListItem\",\"position\":4,\"name\":\"QSA Global\",\"item\":\"https:\/\/www.qnde.ca\/fr\/product-category\/marques\/qsa-global-fr\/\"},{\"@type\":\"ListItem\",\"position\":5,\"name\":\"QSA Global &#8211; 1075 SCARpro, Projecteur de Source\"}]},{\"@type\":\"WebSite\",\"@id\":\"https:\/\/www.qnde.ca\/#website\",\"url\":\"https:\/\/www.qnde.ca\/\",\"name\":\"Qualit\u00e9 NDE\",\"description\":\"\u00c9quipements d&#039;essais non destructifs \",\"publisher\":{\"@id\":\"https:\/\/www.qnde.ca\/#organization\"},\"potentialAction\":[{\"@type\":\"SearchAction\",\"target\":{\"@type\":\"EntryPoint\",\"urlTemplate\":\"https:\/\/www.qnde.ca\/?s={search_term_string}\"},\"query-input\":{\"@type\":\"PropertyValueSpecification\",\"valueRequired\":true,\"valueName\":\"search_term_string\"}}],\"inLanguage\":\"fr-FR\"},{\"@type\":\"Organization\",\"@id\":\"https:\/\/www.qnde.ca\/#organization\",\"name\":\"Quality NDT Ltd.\",\"url\":\"https:\/\/www.qnde.ca\/\",\"logo\":{\"@type\":\"ImageObject\",\"inLanguage\":\"fr-FR\",\"@id\":\"https:\/\/www.qnde.ca\/#\/schema\/logo\/image\/\",\"url\":\"https:\/\/www.qnde.ca\/wp-content\/uploads\/2022\/02\/QNDE_logo_RGB-gif.gif\",\"contentUrl\":\"https:\/\/www.qnde.ca\/wp-content\/uploads\/2022\/02\/QNDE_logo_RGB-gif.gif\",\"width\":250,\"height\":64,\"caption\":\"Quality NDT Ltd.\"},\"image\":{\"@id\":\"https:\/\/www.qnde.ca\/#\/schema\/logo\/image\/\"},\"sameAs\":[\"https:\/\/www.linkedin.com\/company\/qnde\/about\/?viewAsMember=true\"]}]}<\/script>\n<!-- \/ Yoast SEO plugin. -->","yoast_head_json":{"title":"QSA Global - 1075 SCARpro, Projecteur de Source &#060; Qualit\u00e9 NDE","description":"Appareil d\u2019exposition double fonction avec S\u00e9l\u00e9nium-75, gammagraphie avec un petit p\u00e9rim\u00e8tre de s\u00e9curit\u00e9 (mode SCAR) et la gammagraphie traditionnelle.","robots":{"index":"index","follow":"follow","max-snippet":"max-snippet:-1","max-image-preview":"max-image-preview:large","max-video-preview":"max-video-preview:-1"},"canonical":"https:\/\/www.qnde.ca\/fr\/produit\/1075-scarpro-projecteur\/","twitter_misc":{"Dur\u00e9e de lecture estim\u00e9e":"1 minute"},"schema":{"@context":"https:\/\/schema.org","@graph":[{"@type":["WebPage","ItemPage"],"@id":"https:\/\/www.qnde.ca\/fr\/produit\/1075-scarpro-projecteur\/","url":"https:\/\/www.qnde.ca\/fr\/produit\/1075-scarpro-projecteur\/","name":"QSA Global - 1075 SCARpro, Projecteur de Source &#060; Qualit\u00e9 NDE","isPartOf":{"@id":"https:\/\/www.qnde.ca\/#website"},"primaryImageOfPage":{"@id":"https:\/\/www.qnde.ca\/fr\/produit\/1075-scarpro-projecteur\/#primaryimage"},"image":{"@id":"https:\/\/www.qnde.ca\/fr\/produit\/1075-scarpro-projecteur\/#primaryimage"},"thumbnailUrl":"https:\/\/www.qnde.ca\/wp-content\/uploads\/2016\/06\/DSC_2009.png","datePublished":"2016-06-28T15:38:17+00:00","dateModified":"2024-10-16T22:51:28+00:00","description":"Appareil d\u2019exposition double fonction avec S\u00e9l\u00e9nium-75, gammagraphie avec un petit p\u00e9rim\u00e8tre de s\u00e9curit\u00e9 (mode SCAR) et la gammagraphie traditionnelle.","breadcrumb":{"@id":"https:\/\/www.qnde.ca\/fr\/produit\/1075-scarpro-projecteur\/#breadcrumb"},"inLanguage":"fr-FR","potentialAction":[{"@type":"ReadAction","target":["https:\/\/www.qnde.ca\/fr\/produit\/1075-scarpro-projecteur\/"]}]},{"@type":"ImageObject","inLanguage":"fr-FR","@id":"https:\/\/www.qnde.ca\/fr\/produit\/1075-scarpro-projecteur\/#primaryimage","url":"https:\/\/www.qnde.ca\/wp-content\/uploads\/2016\/06\/DSC_2009.png","contentUrl":"https:\/\/www.qnde.ca\/wp-content\/uploads\/2016\/06\/DSC_2009.png","width":2048,"height":1638},{"@type":"BreadcrumbList","@id":"https:\/\/www.qnde.ca\/fr\/produit\/1075-scarpro-projecteur\/#breadcrumb","itemListElement":[{"@type":"ListItem","position":1,"name":"Accueil","item":"https:\/\/www.qnde.ca\/fr\/"},{"@type":"ListItem","position":2,"name":"Produits","item":"https:\/\/www.qnde.ca\/fr\/produits\/"},{"@type":"ListItem","position":3,"name":"Marques","item":"https:\/\/www.qnde.ca\/fr\/product-category\/marques\/"},{"@type":"ListItem","position":4,"name":"QSA Global","item":"https:\/\/www.qnde.ca\/fr\/product-category\/marques\/qsa-global-fr\/"},{"@type":"ListItem","position":5,"name":"QSA Global &#8211; 1075 SCARpro, Projecteur de Source"}]},{"@type":"WebSite","@id":"https:\/\/www.qnde.ca\/#website","url":"https:\/\/www.qnde.ca\/","name":"Qualit\u00e9 NDE","description":"\u00c9quipements d&#039;essais non destructifs ","publisher":{"@id":"https:\/\/www.qnde.ca\/#organization"},"potentialAction":[{"@type":"SearchAction","target":{"@type":"EntryPoint","urlTemplate":"https:\/\/www.qnde.ca\/?s={search_term_string}"},"query-input":{"@type":"PropertyValueSpecification","valueRequired":true,"valueName":"search_term_string"}}],"inLanguage":"fr-FR"},{"@type":"Organization","@id":"https:\/\/www.qnde.ca\/#organization","name":"Quality NDT Ltd.","url":"https:\/\/www.qnde.ca\/","logo":{"@type":"ImageObject","inLanguage":"fr-FR","@id":"https:\/\/www.qnde.ca\/#\/schema\/logo\/image\/","url":"https:\/\/www.qnde.ca\/wp-content\/uploads\/2022\/02\/QNDE_logo_RGB-gif.gif","contentUrl":"https:\/\/www.qnde.ca\/wp-content\/uploads\/2022\/02\/QNDE_logo_RGB-gif.gif","width":250,"height":64,"caption":"Quality NDT Ltd."},"image":{"@id":"https:\/\/www.qnde.ca\/#\/schema\/logo\/image\/"},"sameAs":["https:\/\/www.linkedin.com\/company\/qnde\/about\/?viewAsMember=true"]}]}},"jetpack_sharing_enabled":true,"_links":{"self":[{"href":"https:\/\/www.qnde.ca\/fr\/wp-json\/wp\/v2\/product\/8292","targetHints":{"allow":["GET"]}}],"collection":[{"href":"https:\/\/www.qnde.ca\/fr\/wp-json\/wp\/v2\/product"}],"about":[{"href":"https:\/\/www.qnde.ca\/fr\/wp-json\/wp\/v2\/types\/product"}],"wp:featuredmedia":[{"embeddable":true,"href":"https:\/\/www.qnde.ca\/fr\/wp-json\/wp\/v2\/media\/35892"}],"wp:attachment":[{"href":"https:\/\/www.qnde.ca\/fr\/wp-json\/wp\/v2\/media?parent=8292"}],"wp:term":[{"taxonomy":"product_brand","embeddable":true,"href":"https:\/\/www.qnde.ca\/fr\/wp-json\/wp\/v2\/product_brand?post=8292"},{"taxonomy":"product_cat","embeddable":true,"href":"https:\/\/www.qnde.ca\/fr\/wp-json\/wp\/v2\/product_cat?post=8292"},{"taxonomy":"product_tag","embeddable":true,"href":"https:\/\/www.qnde.ca\/fr\/wp-json\/wp\/v2\/product_tag?post=8292"}],"curies":[{"name":"wp","href":"https:\/\/api.w.org\/{rel}","templated":true}]}}