{"id":8117,"date":"2016-05-24T14:45:01","date_gmt":"2016-05-24T14:45:01","guid":{"rendered":"https:\/\/www.qnde.ca\/product\/sureshotsprayer\/"},"modified":"2025-08-14T08:18:09","modified_gmt":"2025-08-14T12:18:09","slug":"sureshotsprayer","status":"publish","type":"product","link":"https:\/\/www.qnde.ca\/fr\/produit\/sureshotsprayer\/","title":{"rendered":"Milwaukee Vaporisateur \u00e0 pression Sure Shot"},"content":{"rendered":"<h3>Milwaukee Vaporisateur \u00e0 pression Sure Shot<\/h3>\n<p>Pulv\u00e9risateur portable et l\u00e9ger pour une application localis\u00e9 de p\u00e9n\u00e9trant, d\u00e9veloppeur ou de nettoyeur.<\/p>\n<p>Buses interchangeables pour application en bruine ou gicl\u00e9. Utilise l&rsquo;air comprim\u00e9 de l&rsquo;atelier. Laiton plaqu\u00e9 chrome.<\/p>\n<p>&nbsp;<\/p>\n<p>M2400: Vaporisateur a pression Sure Shot, aluminium, 24 oz.<\/p>\n","protected":false},"excerpt":{"rendered":"<p>Milwaukee Vaporisateur \u00e0 pression Sure Shot Pulv\u00e9risateur portable et l\u00e9ger pour une application localis\u00e9 de p\u00e9n\u00e9trant, d\u00e9veloppeur ou de nettoyeur. Buses interchangeables pour application en bruine ou gicl\u00e9. Utilise l&rsquo;air comprim\u00e9 de l&rsquo;atelier. Laiton plaqu\u00e9 chrome. &nbsp; M2400: Vaporisateur a pression Sure Shot, aluminium, 24 oz.<\/p>\n","protected":false},"featured_media":8121,"template":"","meta":{"_monsterinsights_skip_tracking":false,"_monsterinsights_sitenote_active":false,"_monsterinsights_sitenote_note":"","_monsterinsights_sitenote_category":0},"product_brand":[],"product_cat":[402,123],"product_tag":[],"class_list":{"0":"post-8117","1":"product","2":"type-product","3":"status-publish","4":"has-post-thumbnail","6":"product_cat-autres-marques","7":"product_cat-accessoires-ressuage","9":"first","10":"instock","11":"shipping-taxable","12":"purchasable","13":"product-type-simple"},"yoast_head":"<!-- This site is optimized with the Yoast SEO plugin v23.9 - https:\/\/yoast.com\/wordpress\/plugins\/seo\/ -->\n<title>Milwaukee Vaporisateur \u00e0 pression Sure Shot &#060; Qualit\u00e9 NDE<\/title>\n<meta name=\"description\" content=\"Milwaukee pulv\u00e9risateur \u00e0 pression sure shot pour une application localis\u00e9 de p\u00e9n\u00e9trant,d\u00e9veloppeur ou de nettoyeur. Aluminium. 24 oz.\" \/>\n<meta name=\"robots\" content=\"index, follow, max-snippet:-1, max-image-preview:large, max-video-preview:-1\" \/>\n<link rel=\"canonical\" href=\"https:\/\/www.qnde.ca\/fr\/produit\/sureshotsprayer\/\" \/>\n<meta name=\"twitter:label1\" content=\"Dur\u00e9e de lecture estim\u00e9e\" \/>\n\t<meta name=\"twitter:data1\" content=\"1 minute\" \/>\n<script type=\"application\/ld+json\" class=\"yoast-schema-graph\">{\"@context\":\"https:\/\/schema.org\",\"@graph\":[{\"@type\":[\"WebPage\",\"ItemPage\"],\"@id\":\"https:\/\/www.qnde.ca\/fr\/produit\/sureshotsprayer\/\",\"url\":\"https:\/\/www.qnde.ca\/fr\/produit\/sureshotsprayer\/\",\"name\":\"Milwaukee Vaporisateur \u00e0 pression Sure Shot &#060; Qualit\u00e9 NDE\",\"isPartOf\":{\"@id\":\"https:\/\/www.qnde.ca\/#website\"},\"primaryImageOfPage\":{\"@id\":\"https:\/\/www.qnde.ca\/fr\/produit\/sureshotsprayer\/#primaryimage\"},\"image\":{\"@id\":\"https:\/\/www.qnde.ca\/fr\/produit\/sureshotsprayer\/#primaryimage\"},\"thumbnailUrl\":\"https:\/\/www.qnde.ca\/wp-content\/uploads\/2016\/05\/Sprayers_BOTH.jpg\",\"datePublished\":\"2016-05-24T14:45:01+00:00\",\"dateModified\":\"2025-08-14T12:18:09+00:00\",\"description\":\"Milwaukee pulv\u00e9risateur \u00e0 pression sure shot pour une application localis\u00e9 de p\u00e9n\u00e9trant,d\u00e9veloppeur ou de nettoyeur. Aluminium. 24 oz.\",\"breadcrumb\":{\"@id\":\"https:\/\/www.qnde.ca\/fr\/produit\/sureshotsprayer\/#breadcrumb\"},\"inLanguage\":\"fr-FR\",\"potentialAction\":[{\"@type\":\"ReadAction\",\"target\":[\"https:\/\/www.qnde.ca\/fr\/produit\/sureshotsprayer\/\"]}]},{\"@type\":\"ImageObject\",\"inLanguage\":\"fr-FR\",\"@id\":\"https:\/\/www.qnde.ca\/fr\/produit\/sureshotsprayer\/#primaryimage\",\"url\":\"https:\/\/www.qnde.ca\/wp-content\/uploads\/2016\/05\/Sprayers_BOTH.jpg\",\"contentUrl\":\"https:\/\/www.qnde.ca\/wp-content\/uploads\/2016\/05\/Sprayers_BOTH.jpg\",\"width\":480,\"height\":640},{\"@type\":\"BreadcrumbList\",\"@id\":\"https:\/\/www.qnde.ca\/fr\/produit\/sureshotsprayer\/#breadcrumb\",\"itemListElement\":[{\"@type\":\"ListItem\",\"position\":1,\"name\":\"Accueil\",\"item\":\"https:\/\/www.qnde.ca\/fr\/\"},{\"@type\":\"ListItem\",\"position\":2,\"name\":\"Produits\",\"item\":\"https:\/\/www.qnde.ca\/fr\/produits\/\"},{\"@type\":\"ListItem\",\"position\":3,\"name\":\"Ressuage\",\"item\":\"https:\/\/www.qnde.ca\/fr\/product-category\/ressuage\/\"},{\"@type\":\"ListItem\",\"position\":4,\"name\":\"Accessoires\",\"item\":\"https:\/\/www.qnde.ca\/fr\/product-category\/ressuage\/accessoires-ressuage\/\"},{\"@type\":\"ListItem\",\"position\":5,\"name\":\"Milwaukee Vaporisateur \u00e0 pression Sure Shot\"}]},{\"@type\":\"WebSite\",\"@id\":\"https:\/\/www.qnde.ca\/#website\",\"url\":\"https:\/\/www.qnde.ca\/\",\"name\":\"Qualit\u00e9 NDE\",\"description\":\"\u00c9quipements d&#039;essais non destructifs \",\"publisher\":{\"@id\":\"https:\/\/www.qnde.ca\/#organization\"},\"potentialAction\":[{\"@type\":\"SearchAction\",\"target\":{\"@type\":\"EntryPoint\",\"urlTemplate\":\"https:\/\/www.qnde.ca\/?s={search_term_string}\"},\"query-input\":{\"@type\":\"PropertyValueSpecification\",\"valueRequired\":true,\"valueName\":\"search_term_string\"}}],\"inLanguage\":\"fr-FR\"},{\"@type\":\"Organization\",\"@id\":\"https:\/\/www.qnde.ca\/#organization\",\"name\":\"Quality NDT Ltd.\",\"url\":\"https:\/\/www.qnde.ca\/\",\"logo\":{\"@type\":\"ImageObject\",\"inLanguage\":\"fr-FR\",\"@id\":\"https:\/\/www.qnde.ca\/#\/schema\/logo\/image\/\",\"url\":\"https:\/\/www.qnde.ca\/wp-content\/uploads\/2022\/02\/QNDE_logo_RGB-gif.gif\",\"contentUrl\":\"https:\/\/www.qnde.ca\/wp-content\/uploads\/2022\/02\/QNDE_logo_RGB-gif.gif\",\"width\":250,\"height\":64,\"caption\":\"Quality NDT Ltd.\"},\"image\":{\"@id\":\"https:\/\/www.qnde.ca\/#\/schema\/logo\/image\/\"},\"sameAs\":[\"https:\/\/www.linkedin.com\/company\/qnde\/about\/?viewAsMember=true\"]}]}<\/script>\n<!-- \/ Yoast SEO plugin. -->","yoast_head_json":{"title":"Milwaukee Vaporisateur \u00e0 pression Sure Shot &#060; Qualit\u00e9 NDE","description":"Milwaukee pulv\u00e9risateur \u00e0 pression sure shot pour une application localis\u00e9 de p\u00e9n\u00e9trant,d\u00e9veloppeur ou de nettoyeur. Aluminium. 24 oz.","robots":{"index":"index","follow":"follow","max-snippet":"max-snippet:-1","max-image-preview":"max-image-preview:large","max-video-preview":"max-video-preview:-1"},"canonical":"https:\/\/www.qnde.ca\/fr\/produit\/sureshotsprayer\/","twitter_misc":{"Dur\u00e9e de lecture estim\u00e9e":"1 minute"},"schema":{"@context":"https:\/\/schema.org","@graph":[{"@type":["WebPage","ItemPage"],"@id":"https:\/\/www.qnde.ca\/fr\/produit\/sureshotsprayer\/","url":"https:\/\/www.qnde.ca\/fr\/produit\/sureshotsprayer\/","name":"Milwaukee Vaporisateur \u00e0 pression Sure Shot &#060; Qualit\u00e9 NDE","isPartOf":{"@id":"https:\/\/www.qnde.ca\/#website"},"primaryImageOfPage":{"@id":"https:\/\/www.qnde.ca\/fr\/produit\/sureshotsprayer\/#primaryimage"},"image":{"@id":"https:\/\/www.qnde.ca\/fr\/produit\/sureshotsprayer\/#primaryimage"},"thumbnailUrl":"https:\/\/www.qnde.ca\/wp-content\/uploads\/2016\/05\/Sprayers_BOTH.jpg","datePublished":"2016-05-24T14:45:01+00:00","dateModified":"2025-08-14T12:18:09+00:00","description":"Milwaukee pulv\u00e9risateur \u00e0 pression sure shot pour une application localis\u00e9 de p\u00e9n\u00e9trant,d\u00e9veloppeur ou de nettoyeur. Aluminium. 24 oz.","breadcrumb":{"@id":"https:\/\/www.qnde.ca\/fr\/produit\/sureshotsprayer\/#breadcrumb"},"inLanguage":"fr-FR","potentialAction":[{"@type":"ReadAction","target":["https:\/\/www.qnde.ca\/fr\/produit\/sureshotsprayer\/"]}]},{"@type":"ImageObject","inLanguage":"fr-FR","@id":"https:\/\/www.qnde.ca\/fr\/produit\/sureshotsprayer\/#primaryimage","url":"https:\/\/www.qnde.ca\/wp-content\/uploads\/2016\/05\/Sprayers_BOTH.jpg","contentUrl":"https:\/\/www.qnde.ca\/wp-content\/uploads\/2016\/05\/Sprayers_BOTH.jpg","width":480,"height":640},{"@type":"BreadcrumbList","@id":"https:\/\/www.qnde.ca\/fr\/produit\/sureshotsprayer\/#breadcrumb","itemListElement":[{"@type":"ListItem","position":1,"name":"Accueil","item":"https:\/\/www.qnde.ca\/fr\/"},{"@type":"ListItem","position":2,"name":"Produits","item":"https:\/\/www.qnde.ca\/fr\/produits\/"},{"@type":"ListItem","position":3,"name":"Ressuage","item":"https:\/\/www.qnde.ca\/fr\/product-category\/ressuage\/"},{"@type":"ListItem","position":4,"name":"Accessoires","item":"https:\/\/www.qnde.ca\/fr\/product-category\/ressuage\/accessoires-ressuage\/"},{"@type":"ListItem","position":5,"name":"Milwaukee Vaporisateur \u00e0 pression Sure Shot"}]},{"@type":"WebSite","@id":"https:\/\/www.qnde.ca\/#website","url":"https:\/\/www.qnde.ca\/","name":"Qualit\u00e9 NDE","description":"\u00c9quipements d&#039;essais non destructifs ","publisher":{"@id":"https:\/\/www.qnde.ca\/#organization"},"potentialAction":[{"@type":"SearchAction","target":{"@type":"EntryPoint","urlTemplate":"https:\/\/www.qnde.ca\/?s={search_term_string}"},"query-input":{"@type":"PropertyValueSpecification","valueRequired":true,"valueName":"search_term_string"}}],"inLanguage":"fr-FR"},{"@type":"Organization","@id":"https:\/\/www.qnde.ca\/#organization","name":"Quality NDT Ltd.","url":"https:\/\/www.qnde.ca\/","logo":{"@type":"ImageObject","inLanguage":"fr-FR","@id":"https:\/\/www.qnde.ca\/#\/schema\/logo\/image\/","url":"https:\/\/www.qnde.ca\/wp-content\/uploads\/2022\/02\/QNDE_logo_RGB-gif.gif","contentUrl":"https:\/\/www.qnde.ca\/wp-content\/uploads\/2022\/02\/QNDE_logo_RGB-gif.gif","width":250,"height":64,"caption":"Quality NDT Ltd."},"image":{"@id":"https:\/\/www.qnde.ca\/#\/schema\/logo\/image\/"},"sameAs":["https:\/\/www.linkedin.com\/company\/qnde\/about\/?viewAsMember=true"]}]}},"jetpack_sharing_enabled":true,"_links":{"self":[{"href":"https:\/\/www.qnde.ca\/fr\/wp-json\/wp\/v2\/product\/8117","targetHints":{"allow":["GET"]}}],"collection":[{"href":"https:\/\/www.qnde.ca\/fr\/wp-json\/wp\/v2\/product"}],"about":[{"href":"https:\/\/www.qnde.ca\/fr\/wp-json\/wp\/v2\/types\/product"}],"wp:featuredmedia":[{"embeddable":true,"href":"https:\/\/www.qnde.ca\/fr\/wp-json\/wp\/v2\/media\/8121"}],"wp:attachment":[{"href":"https:\/\/www.qnde.ca\/fr\/wp-json\/wp\/v2\/media?parent=8117"}],"wp:term":[{"taxonomy":"product_brand","embeddable":true,"href":"https:\/\/www.qnde.ca\/fr\/wp-json\/wp\/v2\/product_brand?post=8117"},{"taxonomy":"product_cat","embeddable":true,"href":"https:\/\/www.qnde.ca\/fr\/wp-json\/wp\/v2\/product_cat?post=8117"},{"taxonomy":"product_tag","embeddable":true,"href":"https:\/\/www.qnde.ca\/fr\/wp-json\/wp\/v2\/product_tag?post=8117"}],"curies":[{"name":"wp","href":"https:\/\/api.w.org\/{rel}","templated":true}]}}