{"id":8094,"date":"2016-05-17T13:49:41","date_gmt":"2016-05-17T13:49:41","guid":{"rendered":"https:\/\/www.qnde.ca\/product\/amesseries\/"},"modified":"2025-06-11T15:56:43","modified_gmt":"2025-06-11T19:56:43","slug":"ames-rockwell-fr","status":"publish","type":"product","link":"https:\/\/www.qnde.ca\/fr\/produit\/ames-rockwell-fr\/","title":{"rendered":"Ames Mesureur de Duret\u00e9 Rockwell"},"content":{"rendered":"<h3>Ames Mesureur de Duret\u00e9 Rockwell<\/h3>\n<p>Les mesureurs de duret\u00e9 portatifs Ames mesurent quinze \u00e9chelles Rockwell avec le p\u00e9n\u00e9trateur ad\u00e9quat (A, B, C, D, E, F, G, H, K, L, M, P, R, S et V). Les mod\u00e8les superficiels (S) peuvent mesurer les \u00e9chelles Rockwell N et T, et sont recommand\u00e9s pour pi\u00e8ces durcies en surface, pi\u00e8ces minces et m\u00e9taux mous.<\/p>\n<ul>\n<li>Ensemble de base inclut : Mesureur de duret\u00e9 portatif Ames s\u00e9rialis\u00e9 et certifi\u00e9. Livr\u00e9 avec p\u00e9n\u00e9trateur diamant et \u00e0 bille 1\/16&Prime;, une enclume plate, une enclume type-V, extension(s), 3 blocs certifi\u00e9s (acier dur \u00ab\u00a0C64\u00a0\u00bb, acier mou \u00ab\u00a0C33\u00a0\u00bb et laiton \u00ab\u00a0B33\u00a0\u00bb), manuel de l\u2019utilisateur, certificat d\u2019\u00e9talonnage et valise de transport. 1 an de garantie.<\/li>\n<\/ul>\n<ul>\n<li style=\"list-style-type: none;\">\n<ul>\n<li>Mod\u00e8le 1: Mesureur de duret\u00e9 portatif pour pi\u00e8ces jusqu\u2019\u00e0 25.4mm (1&Prime;), profondeur 25.4mm (1&Prime;).<\/li>\n<li>Mod\u00e8le 1-4: Mesureur de duret\u00e9 portatif pour pi\u00e8ces jusqu\u2019\u00e0 25.4mm (1&Prime;), profondeur 101.6mm (4&Prime;).<\/li>\n<li>Mod\u00e8le 4-4: Mesureur de duret\u00e9 portatif pour pi\u00e8ces jusqu\u2019\u00e0 101.6mm (4&Prime;), profondeur 101.6mm (4&Prime;).<\/li>\n<\/ul>\n<\/li>\n<\/ul>\n<h4><strong>\u00a0<\/strong><strong>Options:<\/strong><\/h4>\n<ul>\n<li>HT1257: P\u00e9n\u00e9trateur \u00e0 bille, 1\/16&Prime; (standard).<\/li>\n<li>HT1259: P\u00e9n\u00e9trateur \u00e0 bille, 1\/8&Prime;.<\/li>\n<li>HT1260: P\u00e9n\u00e9trateur \u00e0 bille, 1\/4&Prime;.<\/li>\n<li>HT1262: P\u00e9n\u00e9trateur \u00e0 bille, 1\/2&Prime;.<\/li>\n<li>HT1131: P\u00e9n\u00e9trateur diamant (standard).<\/li>\n<li>HT1178: P\u00e9n\u00e9trateur diamant (superficiel).<\/li>\n<li>HT1125: Enclume plate, 1\/2&Prime;.<\/li>\n<li>HT4125: Enclume plate, 1&Prime;.<\/li>\n<li>HT1128: Enclume type-V, 1\/2&Prime;.<\/li>\n<li>HT2228: Enclume type-V, 1&Prime;.<\/li>\n<li>HT4228: Enclume type-V, 1-1\/4&Prime; (standard).<\/li>\n<li>HT2232: Extension, 1\/2&Prime;.<\/li>\n<li>HT4232: Extension, 3\/4&Prime;.<\/li>\n<li>HT4234: Extension, 1&Prime;.<\/li>\n<li>HT4235: Extension, 2&Prime;.<\/li>\n<li>HARD-##-##: Standard de duret\u00e9 certifi\u00e9 (sp\u00e9cifiez la duret\u00e9 et l\u2019\u00e9chelle requises).<\/li>\n<\/ul>\n<p>Contactez-nous afin de discuter de votre application, vos exigences, les options disponibles et\/ou recevoir une soumission.<\/p>\n","protected":false},"excerpt":{"rendered":"<p>Ames Mesureur de Duret\u00e9 Rockwell Les mesureurs de duret\u00e9 portatifs Ames mesurent quinze \u00e9chelles Rockwell avec le p\u00e9n\u00e9trateur ad\u00e9quat (A, B, C, D, E, F, G, H, K, L, M, P, R, S et V). Les mod\u00e8les superficiels (S) peuvent mesurer les \u00e9chelles Rockwell N et T, et sont recommand\u00e9s pour pi\u00e8ces durcies en surface, [&hellip;]<\/p>\n","protected":false},"featured_media":21375,"template":"","meta":{"_monsterinsights_skip_tracking":false,"_monsterinsights_sitenote_active":false,"_monsterinsights_sitenote_note":"","_monsterinsights_sitenote_category":0},"product_brand":[],"product_cat":[402,338],"product_tag":[],"class_list":{"0":"post-8094","1":"product","2":"type-product","3":"status-publish","4":"has-post-thumbnail","6":"product_cat-autres-marques","7":"product_cat-rockwell-fr","9":"first","10":"instock","11":"shipping-taxable","12":"purchasable","13":"product-type-variable"},"yoast_head":"<!-- This site is optimized with the Yoast SEO plugin v23.9 - https:\/\/yoast.com\/wordpress\/plugins\/seo\/ -->\n<title>Ames Mesureur de Duret\u00e9 Rockwell &#060; Qualit\u00e9 NDE<\/title>\n<meta name=\"description\" content=\"Mesureurs de Duret\u00e9 Rockwell \u2013 Ames mesurent quinze \u00e9chelles Rockwell : A, B, C, D, E, F, G, H, K, L, M, P, R, S et V. (N et T avec mod\u00e8les superficiels).\" \/>\n<meta name=\"robots\" content=\"index, follow, max-snippet:-1, max-image-preview:large, max-video-preview:-1\" \/>\n<link rel=\"canonical\" href=\"https:\/\/www.qnde.ca\/fr\/produit\/ames-rockwell-fr\/\" \/>\n<meta name=\"twitter:label1\" content=\"Dur\u00e9e de lecture estim\u00e9e\" \/>\n\t<meta name=\"twitter:data1\" content=\"2 minutes\" \/>\n<script type=\"application\/ld+json\" class=\"yoast-schema-graph\">{\"@context\":\"https:\/\/schema.org\",\"@graph\":[{\"@type\":[\"WebPage\",\"ItemPage\"],\"@id\":\"https:\/\/www.qnde.ca\/fr\/produit\/ames-rockwell-fr\/\",\"url\":\"https:\/\/www.qnde.ca\/fr\/produit\/ames-rockwell-fr\/\",\"name\":\"Ames Mesureur de Duret\u00e9 Rockwell &#060; Qualit\u00e9 NDE\",\"isPartOf\":{\"@id\":\"https:\/\/www.qnde.ca\/#website\"},\"primaryImageOfPage\":{\"@id\":\"https:\/\/www.qnde.ca\/fr\/produit\/ames-rockwell-fr\/#primaryimage\"},\"image\":{\"@id\":\"https:\/\/www.qnde.ca\/fr\/produit\/ames-rockwell-fr\/#primaryimage\"},\"thumbnailUrl\":\"https:\/\/www.qnde.ca\/wp-content\/uploads\/2021\/10\/Model-1-Ames-portable-hardness-tester-1-x-1-inch-opening.jpg\",\"datePublished\":\"2016-05-17T13:49:41+00:00\",\"dateModified\":\"2025-06-11T19:56:43+00:00\",\"description\":\"Mesureurs de Duret\u00e9 Rockwell \u2013 Ames mesurent quinze \u00e9chelles Rockwell : A, B, C, D, E, F, G, H, K, L, M, P, R, S et V. (N et T avec mod\u00e8les superficiels).\",\"breadcrumb\":{\"@id\":\"https:\/\/www.qnde.ca\/fr\/produit\/ames-rockwell-fr\/#breadcrumb\"},\"inLanguage\":\"fr-FR\",\"potentialAction\":[{\"@type\":\"ReadAction\",\"target\":[\"https:\/\/www.qnde.ca\/fr\/produit\/ames-rockwell-fr\/\"]}]},{\"@type\":\"ImageObject\",\"inLanguage\":\"fr-FR\",\"@id\":\"https:\/\/www.qnde.ca\/fr\/produit\/ames-rockwell-fr\/#primaryimage\",\"url\":\"https:\/\/www.qnde.ca\/wp-content\/uploads\/2021\/10\/Model-1-Ames-portable-hardness-tester-1-x-1-inch-opening.jpg\",\"contentUrl\":\"https:\/\/www.qnde.ca\/wp-content\/uploads\/2021\/10\/Model-1-Ames-portable-hardness-tester-1-x-1-inch-opening.jpg\",\"width\":1832,\"height\":1832,\"caption\":\"Model 1 - Ames portable hardness tester (1 x 1 inch opening)\"},{\"@type\":\"BreadcrumbList\",\"@id\":\"https:\/\/www.qnde.ca\/fr\/produit\/ames-rockwell-fr\/#breadcrumb\",\"itemListElement\":[{\"@type\":\"ListItem\",\"position\":1,\"name\":\"Accueil\",\"item\":\"https:\/\/www.qnde.ca\/fr\/\"},{\"@type\":\"ListItem\",\"position\":2,\"name\":\"Produits\",\"item\":\"https:\/\/www.qnde.ca\/fr\/produits\/\"},{\"@type\":\"ListItem\",\"position\":3,\"name\":\"Essai de Duret\u00e9\",\"item\":\"https:\/\/www.qnde.ca\/fr\/product-category\/essai-durete\/\"},{\"@type\":\"ListItem\",\"position\":4,\"name\":\"Rockwell\",\"item\":\"https:\/\/www.qnde.ca\/fr\/product-category\/essai-durete\/rockwell-fr\/\"},{\"@type\":\"ListItem\",\"position\":5,\"name\":\"Ames Mesureur de Duret\u00e9 Rockwell\"}]},{\"@type\":\"WebSite\",\"@id\":\"https:\/\/www.qnde.ca\/#website\",\"url\":\"https:\/\/www.qnde.ca\/\",\"name\":\"Qualit\u00e9 NDE\",\"description\":\"\u00c9quipements d&#039;essais non destructifs \",\"publisher\":{\"@id\":\"https:\/\/www.qnde.ca\/#organization\"},\"potentialAction\":[{\"@type\":\"SearchAction\",\"target\":{\"@type\":\"EntryPoint\",\"urlTemplate\":\"https:\/\/www.qnde.ca\/?s={search_term_string}\"},\"query-input\":{\"@type\":\"PropertyValueSpecification\",\"valueRequired\":true,\"valueName\":\"search_term_string\"}}],\"inLanguage\":\"fr-FR\"},{\"@type\":\"Organization\",\"@id\":\"https:\/\/www.qnde.ca\/#organization\",\"name\":\"Quality NDT Ltd.\",\"url\":\"https:\/\/www.qnde.ca\/\",\"logo\":{\"@type\":\"ImageObject\",\"inLanguage\":\"fr-FR\",\"@id\":\"https:\/\/www.qnde.ca\/#\/schema\/logo\/image\/\",\"url\":\"https:\/\/www.qnde.ca\/wp-content\/uploads\/2022\/02\/QNDE_logo_RGB-gif.gif\",\"contentUrl\":\"https:\/\/www.qnde.ca\/wp-content\/uploads\/2022\/02\/QNDE_logo_RGB-gif.gif\",\"width\":250,\"height\":64,\"caption\":\"Quality NDT Ltd.\"},\"image\":{\"@id\":\"https:\/\/www.qnde.ca\/#\/schema\/logo\/image\/\"},\"sameAs\":[\"https:\/\/www.linkedin.com\/company\/qnde\/about\/?viewAsMember=true\"]}]}<\/script>\n<!-- \/ Yoast SEO plugin. -->","yoast_head_json":{"title":"Ames Mesureur de Duret\u00e9 Rockwell &#060; Qualit\u00e9 NDE","description":"Mesureurs de Duret\u00e9 Rockwell \u2013 Ames mesurent quinze \u00e9chelles Rockwell : A, B, C, D, E, F, G, H, K, L, M, P, R, S et V. (N et T avec mod\u00e8les superficiels).","robots":{"index":"index","follow":"follow","max-snippet":"max-snippet:-1","max-image-preview":"max-image-preview:large","max-video-preview":"max-video-preview:-1"},"canonical":"https:\/\/www.qnde.ca\/fr\/produit\/ames-rockwell-fr\/","twitter_misc":{"Dur\u00e9e de lecture estim\u00e9e":"2 minutes"},"schema":{"@context":"https:\/\/schema.org","@graph":[{"@type":["WebPage","ItemPage"],"@id":"https:\/\/www.qnde.ca\/fr\/produit\/ames-rockwell-fr\/","url":"https:\/\/www.qnde.ca\/fr\/produit\/ames-rockwell-fr\/","name":"Ames Mesureur de Duret\u00e9 Rockwell &#060; Qualit\u00e9 NDE","isPartOf":{"@id":"https:\/\/www.qnde.ca\/#website"},"primaryImageOfPage":{"@id":"https:\/\/www.qnde.ca\/fr\/produit\/ames-rockwell-fr\/#primaryimage"},"image":{"@id":"https:\/\/www.qnde.ca\/fr\/produit\/ames-rockwell-fr\/#primaryimage"},"thumbnailUrl":"https:\/\/www.qnde.ca\/wp-content\/uploads\/2021\/10\/Model-1-Ames-portable-hardness-tester-1-x-1-inch-opening.jpg","datePublished":"2016-05-17T13:49:41+00:00","dateModified":"2025-06-11T19:56:43+00:00","description":"Mesureurs de Duret\u00e9 Rockwell \u2013 Ames mesurent quinze \u00e9chelles Rockwell : A, B, C, D, E, F, G, H, K, L, M, P, R, S et V. (N et T avec mod\u00e8les superficiels).","breadcrumb":{"@id":"https:\/\/www.qnde.ca\/fr\/produit\/ames-rockwell-fr\/#breadcrumb"},"inLanguage":"fr-FR","potentialAction":[{"@type":"ReadAction","target":["https:\/\/www.qnde.ca\/fr\/produit\/ames-rockwell-fr\/"]}]},{"@type":"ImageObject","inLanguage":"fr-FR","@id":"https:\/\/www.qnde.ca\/fr\/produit\/ames-rockwell-fr\/#primaryimage","url":"https:\/\/www.qnde.ca\/wp-content\/uploads\/2021\/10\/Model-1-Ames-portable-hardness-tester-1-x-1-inch-opening.jpg","contentUrl":"https:\/\/www.qnde.ca\/wp-content\/uploads\/2021\/10\/Model-1-Ames-portable-hardness-tester-1-x-1-inch-opening.jpg","width":1832,"height":1832,"caption":"Model 1 - Ames portable hardness tester (1 x 1 inch opening)"},{"@type":"BreadcrumbList","@id":"https:\/\/www.qnde.ca\/fr\/produit\/ames-rockwell-fr\/#breadcrumb","itemListElement":[{"@type":"ListItem","position":1,"name":"Accueil","item":"https:\/\/www.qnde.ca\/fr\/"},{"@type":"ListItem","position":2,"name":"Produits","item":"https:\/\/www.qnde.ca\/fr\/produits\/"},{"@type":"ListItem","position":3,"name":"Essai de Duret\u00e9","item":"https:\/\/www.qnde.ca\/fr\/product-category\/essai-durete\/"},{"@type":"ListItem","position":4,"name":"Rockwell","item":"https:\/\/www.qnde.ca\/fr\/product-category\/essai-durete\/rockwell-fr\/"},{"@type":"ListItem","position":5,"name":"Ames Mesureur de Duret\u00e9 Rockwell"}]},{"@type":"WebSite","@id":"https:\/\/www.qnde.ca\/#website","url":"https:\/\/www.qnde.ca\/","name":"Qualit\u00e9 NDE","description":"\u00c9quipements d&#039;essais non destructifs ","publisher":{"@id":"https:\/\/www.qnde.ca\/#organization"},"potentialAction":[{"@type":"SearchAction","target":{"@type":"EntryPoint","urlTemplate":"https:\/\/www.qnde.ca\/?s={search_term_string}"},"query-input":{"@type":"PropertyValueSpecification","valueRequired":true,"valueName":"search_term_string"}}],"inLanguage":"fr-FR"},{"@type":"Organization","@id":"https:\/\/www.qnde.ca\/#organization","name":"Quality NDT Ltd.","url":"https:\/\/www.qnde.ca\/","logo":{"@type":"ImageObject","inLanguage":"fr-FR","@id":"https:\/\/www.qnde.ca\/#\/schema\/logo\/image\/","url":"https:\/\/www.qnde.ca\/wp-content\/uploads\/2022\/02\/QNDE_logo_RGB-gif.gif","contentUrl":"https:\/\/www.qnde.ca\/wp-content\/uploads\/2022\/02\/QNDE_logo_RGB-gif.gif","width":250,"height":64,"caption":"Quality NDT Ltd."},"image":{"@id":"https:\/\/www.qnde.ca\/#\/schema\/logo\/image\/"},"sameAs":["https:\/\/www.linkedin.com\/company\/qnde\/about\/?viewAsMember=true"]}]}},"jetpack_sharing_enabled":true,"_links":{"self":[{"href":"https:\/\/www.qnde.ca\/fr\/wp-json\/wp\/v2\/product\/8094","targetHints":{"allow":["GET"]}}],"collection":[{"href":"https:\/\/www.qnde.ca\/fr\/wp-json\/wp\/v2\/product"}],"about":[{"href":"https:\/\/www.qnde.ca\/fr\/wp-json\/wp\/v2\/types\/product"}],"wp:featuredmedia":[{"embeddable":true,"href":"https:\/\/www.qnde.ca\/fr\/wp-json\/wp\/v2\/media\/21375"}],"wp:attachment":[{"href":"https:\/\/www.qnde.ca\/fr\/wp-json\/wp\/v2\/media?parent=8094"}],"wp:term":[{"taxonomy":"product_brand","embeddable":true,"href":"https:\/\/www.qnde.ca\/fr\/wp-json\/wp\/v2\/product_brand?post=8094"},{"taxonomy":"product_cat","embeddable":true,"href":"https:\/\/www.qnde.ca\/fr\/wp-json\/wp\/v2\/product_cat?post=8094"},{"taxonomy":"product_tag","embeddable":true,"href":"https:\/\/www.qnde.ca\/fr\/wp-json\/wp\/v2\/product_tag?post=8094"}],"curies":[{"name":"wp","href":"https:\/\/api.w.org\/{rel}","templated":true}]}}