{"id":8066,"date":"2016-05-16T20:29:32","date_gmt":"2016-05-16T20:29:32","guid":{"rendered":"https:\/\/www.qnde.ca\/product\/cvseries\/"},"modified":"2025-08-20T10:52:50","modified_gmt":"2025-08-20T14:52:50","slug":"cvseries-vickers-fr","status":"publish","type":"product","link":"https:\/\/www.qnde.ca\/fr\/produit\/cvseries-vickers-fr\/","title":{"rendered":"Clark\/Sun-Tec CV-Serie Mesureur de Duret\u00e9 Vickers"},"content":{"rendered":"<h3>Clark\/Sun-Tec CV-Serie Mesureur de Duret\u00e9 Vickers<\/h3>\n<p>La s\u00e9rie CV est con\u00e7ue pour mat\u00e9riaux extr\u00eamement mous \u00e0 extr\u00eamement-durs. Les fines lignes de mesure du microscope permettent des mesures d&rsquo;indentation rapides et pr\u00e9cises (Maximum\u00a0: 800\u03bcm au grossissement 100X \/ 400\u03bcm au grossissement 200X). Les mesureurs sont \u00e9quip\u00e9s d\u2019une source de lumi\u00e8re unique avec filtres de couleur interchangeable pour un affichage clair de l\u2019indentation. Ouverture maximale de l&rsquo;unit\u00e9 de 209mm H x 165mm P (8.25&Prime; x 6.5&Prime;).<\/p>\n<h3>Ensemble de base inclut:<\/h3>\n<ul>\n<li>Mesureur de duret\u00e9 Clark CV et microscope de mesure avec lentille int\u00e9gr\u00e9e.<\/li>\n<li>un p\u00e9n\u00e9trateur diamant.<\/li>\n<li>une enclume type-V 1-1\/2&Prime;.<\/li>\n<li>une enclume plate 2-1\/2&Prime;.<\/li>\n<li>housse pour le mesureur.<\/li>\n<li>bo\u00eete d\u2019accessoires.<\/li>\n<li>pattes de mise \u00e0 niveau.<\/li>\n<li>alimentation 100-240VAC.<\/li>\n<li>manuel de l\u2019utilisateur et certificat d\u2019\u00e9talonnage.<\/li>\n<li>1 an de garantie.<\/li>\n<\/ul>\n<p>&nbsp;<\/p>\n<ul>\n<li style=\"list-style-type: none;\">\n<ul>\n<li>CV-102: Mesureur de duret\u00e9 Clark CV-102 et microscope de mesure 100X (tourelle manuelle \u2013 jusqu&rsquo;\u00e0 3 lentilles diff\u00e9rentes), \u00e9chelles d\u2019essais HV et HK, s\u00e9quence de test automatis\u00e9e, panneau de contr\u00f4le tactile (alimentation \/ chargement).<\/li>\n<li>CV-402: Identique au mesureur de duret\u00e9 Clark CV-102, avec les fonctionnalit\u00e9s ajout\u00e9es sur le panneau de contr\u00f4le tactile (alimentation \/ chargement \/ D1 \/ D2 \/ valeur de duret\u00e9 HV, HK \/ charge d&rsquo;essai \/ Okay\/NOT good). M\u00e9moire de donn\u00e9es jusqu\u2019\u00e0 999 tests (D1 \/ D2 \/ valeur de duret\u00e9 HV, HK \/ Charge d&rsquo;essai \/ Okay\/NOT good) avec sortie RS232C.<\/li>\n<li>CV-802: Identique au mesureur de duret\u00e9 Clark CV-102, avec les fonctionnalit\u00e9s ajout\u00e9es sur le panneau de contr\u00f4le LCD num\u00e9rique tactile (alimentation \/ chargement \/ D1 \/ D2 \/ valeur de duret\u00e9 HV, HK, HBS, HBW \/ r\u00e9sistance \u00e0 la rupture Kc \/ donn\u00e9es de conversion \/ Okay\/NOT good \/ start). Aussi \u00e9quip\u00e9 d\u2019une t\u00eate de microm\u00e8tre num\u00e9rique avec affichage sur \u00e9cran. M\u00e9moire de donn\u00e9es jusqu\u2019\u00e0 999 tests (D1 \/ D2 \/ valeur de duret\u00e9 HV, HK, HBS, HBW \/ \u00e9chelle de conversion \/ donn\u00e9es de conversion \/ charge d&rsquo;essai \/ Okay\/NOT good \/ donn\u00e9es statistiques) avec sortie RS232C.<\/li>\n<\/ul>\n<\/li>\n<\/ul>\n<h4><strong>\u00a0<\/strong><strong>Options<\/strong><\/h4>\n<ul>\n<li>HARD-##-##: Standard de duret\u00e9 certifi\u00e9 (sp\u00e9cifiez la duret\u00e9 et l\u2019\u00e9chelle requises).<\/li>\n<\/ul>\n<p>Contactez-nous afin de discuter de votre application, vos exigences, les options disponibles et\/ou recevoir une soumission.<\/p>\n","protected":false},"excerpt":{"rendered":"<p>Clark\/Sun-Tec CV-Serie Mesureur de Duret\u00e9 Vickers La s\u00e9rie CV est con\u00e7ue pour mat\u00e9riaux extr\u00eamement mous \u00e0 extr\u00eamement-durs. Les fines lignes de mesure du microscope permettent des mesures d&rsquo;indentation rapides et pr\u00e9cises (Maximum\u00a0: 800\u03bcm au grossissement 100X \/ 400\u03bcm au grossissement 200X). Les mesureurs sont \u00e9quip\u00e9s d\u2019une source de lumi\u00e8re unique avec filtres de couleur interchangeable [&hellip;]<\/p>\n","protected":false},"featured_media":21733,"template":"","meta":{"_monsterinsights_skip_tracking":false,"_monsterinsights_sitenote_active":false,"_monsterinsights_sitenote_note":"","_monsterinsights_sitenote_category":0},"product_brand":[],"product_cat":[614,344],"product_tag":[],"class_list":{"0":"post-8066","1":"product","2":"type-product","3":"status-publish","4":"has-post-thumbnail","6":"product_cat-suntec-hardness-testers-fr","7":"product_cat-vickers-fr","9":"first","10":"instock","11":"shipping-taxable","12":"purchasable","13":"product-type-variable"},"yoast_head":"<!-- This site is optimized with the Yoast SEO plugin v23.9 - https:\/\/yoast.com\/wordpress\/plugins\/seo\/ -->\n<title>Clark\/Sun-Tec CV-Serie Mesureur de Duret\u00e9 Vickers &#060; Qualit\u00e9 NDE<\/title>\n<meta name=\"description\" content=\"Mesureur de duret\u00e9 Vickers Clark\/Sun-Tec CV-Serie : pr\u00e9cis, rapide, pour tous mat\u00e9riaux. Microscope int\u00e9gr\u00e9 et contr\u00f4le tactile.\" \/>\n<meta name=\"robots\" content=\"index, follow, max-snippet:-1, max-image-preview:large, max-video-preview:-1\" \/>\n<link rel=\"canonical\" href=\"https:\/\/www.qnde.ca\/fr\/produit\/cvseries-vickers-fr\/\" \/>\n<meta name=\"twitter:label1\" content=\"Dur\u00e9e de lecture estim\u00e9e\" \/>\n\t<meta name=\"twitter:data1\" content=\"2 minutes\" \/>\n<script type=\"application\/ld+json\" class=\"yoast-schema-graph\">{\"@context\":\"https:\/\/schema.org\",\"@graph\":[{\"@type\":[\"WebPage\",\"ItemPage\"],\"@id\":\"https:\/\/www.qnde.ca\/fr\/produit\/cvseries-vickers-fr\/\",\"url\":\"https:\/\/www.qnde.ca\/fr\/produit\/cvseries-vickers-fr\/\",\"name\":\"Clark\/Sun-Tec CV-Serie Mesureur de Duret\u00e9 Vickers &#060; Qualit\u00e9 NDE\",\"isPartOf\":{\"@id\":\"https:\/\/www.qnde.ca\/#website\"},\"primaryImageOfPage\":{\"@id\":\"https:\/\/www.qnde.ca\/fr\/produit\/cvseries-vickers-fr\/#primaryimage\"},\"image\":{\"@id\":\"https:\/\/www.qnde.ca\/fr\/produit\/cvseries-vickers-fr\/#primaryimage\"},\"thumbnailUrl\":\"https:\/\/www.qnde.ca\/wp-content\/uploads\/2021\/10\/CV-802-Vickers-Hardness-Testers-Table-Top-scaled-scaled.jpg\",\"datePublished\":\"2016-05-16T20:29:32+00:00\",\"dateModified\":\"2025-08-20T14:52:50+00:00\",\"description\":\"Mesureur de duret\u00e9 Vickers Clark\/Sun-Tec CV-Serie : pr\u00e9cis, rapide, pour tous mat\u00e9riaux. Microscope int\u00e9gr\u00e9 et contr\u00f4le tactile.\",\"breadcrumb\":{\"@id\":\"https:\/\/www.qnde.ca\/fr\/produit\/cvseries-vickers-fr\/#breadcrumb\"},\"inLanguage\":\"fr-FR\",\"potentialAction\":[{\"@type\":\"ReadAction\",\"target\":[\"https:\/\/www.qnde.ca\/fr\/produit\/cvseries-vickers-fr\/\"]}]},{\"@type\":\"ImageObject\",\"inLanguage\":\"fr-FR\",\"@id\":\"https:\/\/www.qnde.ca\/fr\/produit\/cvseries-vickers-fr\/#primaryimage\",\"url\":\"https:\/\/www.qnde.ca\/wp-content\/uploads\/2021\/10\/CV-802-Vickers-Hardness-Testers-Table-Top-scaled-scaled.jpg\",\"contentUrl\":\"https:\/\/www.qnde.ca\/wp-content\/uploads\/2021\/10\/CV-802-Vickers-Hardness-Testers-Table-Top-scaled-scaled.jpg\",\"width\":1579,\"height\":2048,\"caption\":\"CV-802 - Vickers Hardness Tester, Table Top\"},{\"@type\":\"BreadcrumbList\",\"@id\":\"https:\/\/www.qnde.ca\/fr\/produit\/cvseries-vickers-fr\/#breadcrumb\",\"itemListElement\":[{\"@type\":\"ListItem\",\"position\":1,\"name\":\"Accueil\",\"item\":\"https:\/\/www.qnde.ca\/fr\/\"},{\"@type\":\"ListItem\",\"position\":2,\"name\":\"Produits\",\"item\":\"https:\/\/www.qnde.ca\/fr\/produits\/\"},{\"@type\":\"ListItem\",\"position\":3,\"name\":\"Essai de Duret\u00e9\",\"item\":\"https:\/\/www.qnde.ca\/fr\/product-category\/essai-durete\/\"},{\"@type\":\"ListItem\",\"position\":4,\"name\":\"Vickers\",\"item\":\"https:\/\/www.qnde.ca\/fr\/product-category\/essai-durete\/vickers-fr\/\"},{\"@type\":\"ListItem\",\"position\":5,\"name\":\"Clark\/Sun-Tec CV-Serie Mesureur de Duret\u00e9 Vickers\"}]},{\"@type\":\"WebSite\",\"@id\":\"https:\/\/www.qnde.ca\/#website\",\"url\":\"https:\/\/www.qnde.ca\/\",\"name\":\"Qualit\u00e9 NDE\",\"description\":\"\u00c9quipements d&#039;essais non destructifs \",\"publisher\":{\"@id\":\"https:\/\/www.qnde.ca\/#organization\"},\"potentialAction\":[{\"@type\":\"SearchAction\",\"target\":{\"@type\":\"EntryPoint\",\"urlTemplate\":\"https:\/\/www.qnde.ca\/?s={search_term_string}\"},\"query-input\":{\"@type\":\"PropertyValueSpecification\",\"valueRequired\":true,\"valueName\":\"search_term_string\"}}],\"inLanguage\":\"fr-FR\"},{\"@type\":\"Organization\",\"@id\":\"https:\/\/www.qnde.ca\/#organization\",\"name\":\"Quality NDT Ltd.\",\"url\":\"https:\/\/www.qnde.ca\/\",\"logo\":{\"@type\":\"ImageObject\",\"inLanguage\":\"fr-FR\",\"@id\":\"https:\/\/www.qnde.ca\/#\/schema\/logo\/image\/\",\"url\":\"https:\/\/www.qnde.ca\/wp-content\/uploads\/2022\/02\/QNDE_logo_RGB-gif.gif\",\"contentUrl\":\"https:\/\/www.qnde.ca\/wp-content\/uploads\/2022\/02\/QNDE_logo_RGB-gif.gif\",\"width\":250,\"height\":64,\"caption\":\"Quality NDT Ltd.\"},\"image\":{\"@id\":\"https:\/\/www.qnde.ca\/#\/schema\/logo\/image\/\"},\"sameAs\":[\"https:\/\/www.linkedin.com\/company\/qnde\/about\/?viewAsMember=true\"]}]}<\/script>\n<!-- \/ Yoast SEO plugin. -->","yoast_head_json":{"title":"Clark\/Sun-Tec CV-Serie Mesureur de Duret\u00e9 Vickers &#060; Qualit\u00e9 NDE","description":"Mesureur de duret\u00e9 Vickers Clark\/Sun-Tec CV-Serie : pr\u00e9cis, rapide, pour tous mat\u00e9riaux. Microscope int\u00e9gr\u00e9 et contr\u00f4le tactile.","robots":{"index":"index","follow":"follow","max-snippet":"max-snippet:-1","max-image-preview":"max-image-preview:large","max-video-preview":"max-video-preview:-1"},"canonical":"https:\/\/www.qnde.ca\/fr\/produit\/cvseries-vickers-fr\/","twitter_misc":{"Dur\u00e9e de lecture estim\u00e9e":"2 minutes"},"schema":{"@context":"https:\/\/schema.org","@graph":[{"@type":["WebPage","ItemPage"],"@id":"https:\/\/www.qnde.ca\/fr\/produit\/cvseries-vickers-fr\/","url":"https:\/\/www.qnde.ca\/fr\/produit\/cvseries-vickers-fr\/","name":"Clark\/Sun-Tec CV-Serie Mesureur de Duret\u00e9 Vickers &#060; Qualit\u00e9 NDE","isPartOf":{"@id":"https:\/\/www.qnde.ca\/#website"},"primaryImageOfPage":{"@id":"https:\/\/www.qnde.ca\/fr\/produit\/cvseries-vickers-fr\/#primaryimage"},"image":{"@id":"https:\/\/www.qnde.ca\/fr\/produit\/cvseries-vickers-fr\/#primaryimage"},"thumbnailUrl":"https:\/\/www.qnde.ca\/wp-content\/uploads\/2021\/10\/CV-802-Vickers-Hardness-Testers-Table-Top-scaled-scaled.jpg","datePublished":"2016-05-16T20:29:32+00:00","dateModified":"2025-08-20T14:52:50+00:00","description":"Mesureur de duret\u00e9 Vickers Clark\/Sun-Tec CV-Serie : pr\u00e9cis, rapide, pour tous mat\u00e9riaux. Microscope int\u00e9gr\u00e9 et contr\u00f4le tactile.","breadcrumb":{"@id":"https:\/\/www.qnde.ca\/fr\/produit\/cvseries-vickers-fr\/#breadcrumb"},"inLanguage":"fr-FR","potentialAction":[{"@type":"ReadAction","target":["https:\/\/www.qnde.ca\/fr\/produit\/cvseries-vickers-fr\/"]}]},{"@type":"ImageObject","inLanguage":"fr-FR","@id":"https:\/\/www.qnde.ca\/fr\/produit\/cvseries-vickers-fr\/#primaryimage","url":"https:\/\/www.qnde.ca\/wp-content\/uploads\/2021\/10\/CV-802-Vickers-Hardness-Testers-Table-Top-scaled-scaled.jpg","contentUrl":"https:\/\/www.qnde.ca\/wp-content\/uploads\/2021\/10\/CV-802-Vickers-Hardness-Testers-Table-Top-scaled-scaled.jpg","width":1579,"height":2048,"caption":"CV-802 - Vickers Hardness Tester, Table Top"},{"@type":"BreadcrumbList","@id":"https:\/\/www.qnde.ca\/fr\/produit\/cvseries-vickers-fr\/#breadcrumb","itemListElement":[{"@type":"ListItem","position":1,"name":"Accueil","item":"https:\/\/www.qnde.ca\/fr\/"},{"@type":"ListItem","position":2,"name":"Produits","item":"https:\/\/www.qnde.ca\/fr\/produits\/"},{"@type":"ListItem","position":3,"name":"Essai de Duret\u00e9","item":"https:\/\/www.qnde.ca\/fr\/product-category\/essai-durete\/"},{"@type":"ListItem","position":4,"name":"Vickers","item":"https:\/\/www.qnde.ca\/fr\/product-category\/essai-durete\/vickers-fr\/"},{"@type":"ListItem","position":5,"name":"Clark\/Sun-Tec CV-Serie Mesureur de Duret\u00e9 Vickers"}]},{"@type":"WebSite","@id":"https:\/\/www.qnde.ca\/#website","url":"https:\/\/www.qnde.ca\/","name":"Qualit\u00e9 NDE","description":"\u00c9quipements d&#039;essais non destructifs ","publisher":{"@id":"https:\/\/www.qnde.ca\/#organization"},"potentialAction":[{"@type":"SearchAction","target":{"@type":"EntryPoint","urlTemplate":"https:\/\/www.qnde.ca\/?s={search_term_string}"},"query-input":{"@type":"PropertyValueSpecification","valueRequired":true,"valueName":"search_term_string"}}],"inLanguage":"fr-FR"},{"@type":"Organization","@id":"https:\/\/www.qnde.ca\/#organization","name":"Quality NDT Ltd.","url":"https:\/\/www.qnde.ca\/","logo":{"@type":"ImageObject","inLanguage":"fr-FR","@id":"https:\/\/www.qnde.ca\/#\/schema\/logo\/image\/","url":"https:\/\/www.qnde.ca\/wp-content\/uploads\/2022\/02\/QNDE_logo_RGB-gif.gif","contentUrl":"https:\/\/www.qnde.ca\/wp-content\/uploads\/2022\/02\/QNDE_logo_RGB-gif.gif","width":250,"height":64,"caption":"Quality NDT Ltd."},"image":{"@id":"https:\/\/www.qnde.ca\/#\/schema\/logo\/image\/"},"sameAs":["https:\/\/www.linkedin.com\/company\/qnde\/about\/?viewAsMember=true"]}]}},"jetpack_sharing_enabled":true,"_links":{"self":[{"href":"https:\/\/www.qnde.ca\/fr\/wp-json\/wp\/v2\/product\/8066","targetHints":{"allow":["GET"]}}],"collection":[{"href":"https:\/\/www.qnde.ca\/fr\/wp-json\/wp\/v2\/product"}],"about":[{"href":"https:\/\/www.qnde.ca\/fr\/wp-json\/wp\/v2\/types\/product"}],"wp:featuredmedia":[{"embeddable":true,"href":"https:\/\/www.qnde.ca\/fr\/wp-json\/wp\/v2\/media\/21733"}],"wp:attachment":[{"href":"https:\/\/www.qnde.ca\/fr\/wp-json\/wp\/v2\/media?parent=8066"}],"wp:term":[{"taxonomy":"product_brand","embeddable":true,"href":"https:\/\/www.qnde.ca\/fr\/wp-json\/wp\/v2\/product_brand?post=8066"},{"taxonomy":"product_cat","embeddable":true,"href":"https:\/\/www.qnde.ca\/fr\/wp-json\/wp\/v2\/product_cat?post=8066"},{"taxonomy":"product_tag","embeddable":true,"href":"https:\/\/www.qnde.ca\/fr\/wp-json\/wp\/v2\/product_tag?post=8066"}],"curies":[{"name":"wp","href":"https:\/\/api.w.org\/{rel}","templated":true}]}}