{"id":8060,"date":"2016-05-16T20:13:44","date_gmt":"2016-05-16T20:13:44","guid":{"rendered":"https:\/\/www.qnde.ca\/product\/crseries\/"},"modified":"2025-08-20T10:56:29","modified_gmt":"2025-08-20T14:56:29","slug":"crx-rockwell-fr","status":"publish","type":"product","link":"https:\/\/www.qnde.ca\/fr\/produit\/crx-rockwell-fr\/","title":{"rendered":"Clark\/Sun-Tec CRX-Serie Mesureur de Duret\u00e9 Rockwell"},"content":{"rendered":"<h3>Clark\/Sun-Tec CRX-Serie Mesureur de Duret\u00e9 Rockwell<\/h3>\n<p>La s\u00e9rie CR a \u00e9t\u00e9 mise \u00e0 am\u00e9liorer avec la nouvelle s\u00e9rie CRX.<\/p>\n<p>La s\u00e9rie CRX est disponible en trois versions : standard, superficielle, et combin\u00e9e. L&rsquo;ouverture est de 255 mm (H) x 165 mm (P) (10&Prime; x 6.5&Prime;) pour les mod\u00e8les \u00ab e \u00bb, et de 435 mm (17&Prime;) pour les mod\u00e8les standards. Tous les mod\u00e8les sont \u00e9quip\u00e9s de seuils de duret\u00e9 sup\u00e9rieure et inf\u00e9rieure, d\u2019un affichage \u00ab OK \/ NOT GOOD \u00bb, ainsi que d\u2019un axe de charge stable pour les mesures sur surfaces rondes. Le r\u00e9glage \u00e0 z\u00e9ro est simple, avec application de la charge en mode automatique ou manuel, et une sortie RS-232 est int\u00e9gr\u00e9e. 1 an de garantie<\/p>\n<ul>\n<li>CRX-1: Mesureur de duret\u00e9 CRX-1e\/CRX-1. Deux standards de duret\u00e9 (HRC &amp; HRB), un p\u00e9n\u00e9trateur diamant \u201cC\u201d, un p\u00e9n\u00e9trateur \u00e0 bille de carbure 1\/16&Prime;, une enclume plate de 2-1\/2&Prime;, une enclume type-V de 1-1\/2&Prime;, housse pour le mesureur, bo\u00eete d\u2019accessoires, ensemble de pattes de nivellement, alimentation 100-240VAC 50\/60Hz, manuel de l\u2019utilisateur et certificat d\u2019\u00e9talonnage.<\/li>\n<li>CRX-2: Mesureurs de duret\u00e9 CRX-2e\/CRX-2. Deux standards de duret\u00e9 (HR30N &amp; HR30T), un p\u00e9n\u00e9trateur diamant \u201cN\u201d, un p\u00e9n\u00e9trateur \u00e0 bille de carbure 1\/16&Prime;, une enclume plate de 2-1\/2&Prime;, une enclume type-V de 1-1\/2&Prime;, housse pour le mesureur, bo\u00eete d\u2019accessoires, ensemble de pattes de nivellement, alimentation 100-240VAC 50\/60Hz, manuel de l\u2019utilisateur et certificat d\u2019\u00e9talonnage.<\/li>\n<li>CRX-3: Mesureurs de duret\u00e9 CRX-3e\/CRX-3. Quatre standards de duret\u00e9 (HRC, HRB, HR30N &amp; HR30T), deux p\u00e9n\u00e9trateurs diamant (\u201cC\u201d et \u201cN\u201d), un p\u00e9n\u00e9trateur \u00e0 bille de carbure 1\/16&Prime;, une enclume plate de 2-1\/2&Prime;, une enclume type-V de 1-1\/2&Prime;, housse pour le mesureur, bo\u00eete d\u2019accessoires, ensemble de pattes de nivellement, alimentation 100-240VAC 50\/60Hz, manuel de l\u2019utilisateur et certificat d\u2019\u00e9talonnage.<\/li>\n<\/ul>\n<h4><strong>\u00a0<\/strong><strong>Options<\/strong><\/h4>\n<ul>\n<li>HARD-##-##: Standard de duret\u00e9 certifi\u00e9 (sp\u00e9cifiez la duret\u00e9 et l\u2019\u00e9chelle requises).<\/li>\n<\/ul>\n<p>Contactez-nous afin de discuter de votre application, vos exigences, les options disponibles et\/ou recevoir une soumission.<\/p>\n","protected":false},"excerpt":{"rendered":"<p>Clark\/Sun-Tec CRX-Serie Mesureur de Duret\u00e9 Rockwell La s\u00e9rie CR a \u00e9t\u00e9 mise \u00e0 am\u00e9liorer avec la nouvelle s\u00e9rie CRX. La s\u00e9rie CRX est disponible en trois versions : standard, superficielle, et combin\u00e9e. L&rsquo;ouverture est de 255 mm (H) x 165 mm (P) (10&Prime; x 6.5&Prime;) pour les mod\u00e8les \u00ab e \u00bb, et de 435 mm [&hellip;]<\/p>\n","protected":false},"featured_media":21434,"template":"","meta":{"_monsterinsights_skip_tracking":false,"_monsterinsights_sitenote_active":false,"_monsterinsights_sitenote_note":"","_monsterinsights_sitenote_category":0},"product_brand":[],"product_cat":[614,338],"product_tag":[],"class_list":{"0":"post-8060","1":"product","2":"type-product","3":"status-publish","4":"has-post-thumbnail","6":"product_cat-suntec-hardness-testers-fr","7":"product_cat-rockwell-fr","9":"first","10":"instock","11":"shipping-taxable","12":"purchasable","13":"product-type-variable"},"yoast_head":"<!-- This site is optimized with the Yoast SEO plugin v23.9 - https:\/\/yoast.com\/wordpress\/plugins\/seo\/ -->\n<title>Clark\/Sun-Tec CRX-Serie Mesureur de Duret\u00e9 Rockwell &#060; Qualit\u00e9 NDE<\/title>\n<meta name=\"description\" content=\"Clark\/Sun-Tec CRX-Serie mesureur de Duret\u00e9 Rockwell : mesureurs de duret\u00e9 Rockwell robustes, pr\u00e9cis, avec affichage OK\/NOT good et sortie RS-232.\" \/>\n<meta name=\"robots\" content=\"index, follow, max-snippet:-1, max-image-preview:large, max-video-preview:-1\" \/>\n<link rel=\"canonical\" href=\"https:\/\/www.qnde.ca\/fr\/produit\/crx-rockwell-fr\/\" \/>\n<meta name=\"twitter:label1\" content=\"Dur\u00e9e de lecture estim\u00e9e\" \/>\n\t<meta name=\"twitter:data1\" content=\"2 minutes\" \/>\n<script type=\"application\/ld+json\" class=\"yoast-schema-graph\">{\"@context\":\"https:\/\/schema.org\",\"@graph\":[{\"@type\":[\"WebPage\",\"ItemPage\"],\"@id\":\"https:\/\/www.qnde.ca\/fr\/produit\/crx-rockwell-fr\/\",\"url\":\"https:\/\/www.qnde.ca\/fr\/produit\/crx-rockwell-fr\/\",\"name\":\"Clark\/Sun-Tec CRX-Serie Mesureur de Duret\u00e9 Rockwell &#060; Qualit\u00e9 NDE\",\"isPartOf\":{\"@id\":\"https:\/\/www.qnde.ca\/#website\"},\"primaryImageOfPage\":{\"@id\":\"https:\/\/www.qnde.ca\/fr\/produit\/crx-rockwell-fr\/#primaryimage\"},\"image\":{\"@id\":\"https:\/\/www.qnde.ca\/fr\/produit\/crx-rockwell-fr\/#primaryimage\"},\"thumbnailUrl\":\"https:\/\/www.qnde.ca\/wp-content\/uploads\/2021\/10\/CRX-Rockwell-Hardness-Tester-Table-Top.jpg\",\"datePublished\":\"2016-05-16T20:13:44+00:00\",\"dateModified\":\"2025-08-20T14:56:29+00:00\",\"description\":\"Clark\/Sun-Tec CRX-Serie mesureur de Duret\u00e9 Rockwell : mesureurs de duret\u00e9 Rockwell robustes, pr\u00e9cis, avec affichage OK\/NOT good et sortie RS-232.\",\"breadcrumb\":{\"@id\":\"https:\/\/www.qnde.ca\/fr\/produit\/crx-rockwell-fr\/#breadcrumb\"},\"inLanguage\":\"fr-FR\",\"potentialAction\":[{\"@type\":\"ReadAction\",\"target\":[\"https:\/\/www.qnde.ca\/fr\/produit\/crx-rockwell-fr\/\"]}]},{\"@type\":\"ImageObject\",\"inLanguage\":\"fr-FR\",\"@id\":\"https:\/\/www.qnde.ca\/fr\/produit\/crx-rockwell-fr\/#primaryimage\",\"url\":\"https:\/\/www.qnde.ca\/wp-content\/uploads\/2021\/10\/CRX-Rockwell-Hardness-Tester-Table-Top.jpg\",\"contentUrl\":\"https:\/\/www.qnde.ca\/wp-content\/uploads\/2021\/10\/CRX-Rockwell-Hardness-Tester-Table-Top.jpg\",\"width\":350,\"height\":550,\"caption\":\"CRX - Rockwell Hardness Tester, Table Top\"},{\"@type\":\"BreadcrumbList\",\"@id\":\"https:\/\/www.qnde.ca\/fr\/produit\/crx-rockwell-fr\/#breadcrumb\",\"itemListElement\":[{\"@type\":\"ListItem\",\"position\":1,\"name\":\"Accueil\",\"item\":\"https:\/\/www.qnde.ca\/fr\/\"},{\"@type\":\"ListItem\",\"position\":2,\"name\":\"Produits\",\"item\":\"https:\/\/www.qnde.ca\/fr\/produits\/\"},{\"@type\":\"ListItem\",\"position\":3,\"name\":\"Essai de Duret\u00e9\",\"item\":\"https:\/\/www.qnde.ca\/fr\/product-category\/essai-durete\/\"},{\"@type\":\"ListItem\",\"position\":4,\"name\":\"Rockwell\",\"item\":\"https:\/\/www.qnde.ca\/fr\/product-category\/essai-durete\/rockwell-fr\/\"},{\"@type\":\"ListItem\",\"position\":5,\"name\":\"Clark\/Sun-Tec CRX-Serie Mesureur de Duret\u00e9 Rockwell\"}]},{\"@type\":\"WebSite\",\"@id\":\"https:\/\/www.qnde.ca\/#website\",\"url\":\"https:\/\/www.qnde.ca\/\",\"name\":\"Qualit\u00e9 NDE\",\"description\":\"\u00c9quipements d&#039;essais non destructifs \",\"publisher\":{\"@id\":\"https:\/\/www.qnde.ca\/#organization\"},\"potentialAction\":[{\"@type\":\"SearchAction\",\"target\":{\"@type\":\"EntryPoint\",\"urlTemplate\":\"https:\/\/www.qnde.ca\/?s={search_term_string}\"},\"query-input\":{\"@type\":\"PropertyValueSpecification\",\"valueRequired\":true,\"valueName\":\"search_term_string\"}}],\"inLanguage\":\"fr-FR\"},{\"@type\":\"Organization\",\"@id\":\"https:\/\/www.qnde.ca\/#organization\",\"name\":\"Quality NDT Ltd.\",\"url\":\"https:\/\/www.qnde.ca\/\",\"logo\":{\"@type\":\"ImageObject\",\"inLanguage\":\"fr-FR\",\"@id\":\"https:\/\/www.qnde.ca\/#\/schema\/logo\/image\/\",\"url\":\"https:\/\/www.qnde.ca\/wp-content\/uploads\/2022\/02\/QNDE_logo_RGB-gif.gif\",\"contentUrl\":\"https:\/\/www.qnde.ca\/wp-content\/uploads\/2022\/02\/QNDE_logo_RGB-gif.gif\",\"width\":250,\"height\":64,\"caption\":\"Quality NDT Ltd.\"},\"image\":{\"@id\":\"https:\/\/www.qnde.ca\/#\/schema\/logo\/image\/\"},\"sameAs\":[\"https:\/\/www.linkedin.com\/company\/qnde\/about\/?viewAsMember=true\"]}]}<\/script>\n<!-- \/ Yoast SEO plugin. -->","yoast_head_json":{"title":"Clark\/Sun-Tec CRX-Serie Mesureur de Duret\u00e9 Rockwell &#060; Qualit\u00e9 NDE","description":"Clark\/Sun-Tec CRX-Serie mesureur de Duret\u00e9 Rockwell : mesureurs de duret\u00e9 Rockwell robustes, pr\u00e9cis, avec affichage OK\/NOT good et sortie RS-232.","robots":{"index":"index","follow":"follow","max-snippet":"max-snippet:-1","max-image-preview":"max-image-preview:large","max-video-preview":"max-video-preview:-1"},"canonical":"https:\/\/www.qnde.ca\/fr\/produit\/crx-rockwell-fr\/","twitter_misc":{"Dur\u00e9e de lecture estim\u00e9e":"2 minutes"},"schema":{"@context":"https:\/\/schema.org","@graph":[{"@type":["WebPage","ItemPage"],"@id":"https:\/\/www.qnde.ca\/fr\/produit\/crx-rockwell-fr\/","url":"https:\/\/www.qnde.ca\/fr\/produit\/crx-rockwell-fr\/","name":"Clark\/Sun-Tec CRX-Serie Mesureur de Duret\u00e9 Rockwell &#060; Qualit\u00e9 NDE","isPartOf":{"@id":"https:\/\/www.qnde.ca\/#website"},"primaryImageOfPage":{"@id":"https:\/\/www.qnde.ca\/fr\/produit\/crx-rockwell-fr\/#primaryimage"},"image":{"@id":"https:\/\/www.qnde.ca\/fr\/produit\/crx-rockwell-fr\/#primaryimage"},"thumbnailUrl":"https:\/\/www.qnde.ca\/wp-content\/uploads\/2021\/10\/CRX-Rockwell-Hardness-Tester-Table-Top.jpg","datePublished":"2016-05-16T20:13:44+00:00","dateModified":"2025-08-20T14:56:29+00:00","description":"Clark\/Sun-Tec CRX-Serie mesureur de Duret\u00e9 Rockwell : mesureurs de duret\u00e9 Rockwell robustes, pr\u00e9cis, avec affichage OK\/NOT good et sortie RS-232.","breadcrumb":{"@id":"https:\/\/www.qnde.ca\/fr\/produit\/crx-rockwell-fr\/#breadcrumb"},"inLanguage":"fr-FR","potentialAction":[{"@type":"ReadAction","target":["https:\/\/www.qnde.ca\/fr\/produit\/crx-rockwell-fr\/"]}]},{"@type":"ImageObject","inLanguage":"fr-FR","@id":"https:\/\/www.qnde.ca\/fr\/produit\/crx-rockwell-fr\/#primaryimage","url":"https:\/\/www.qnde.ca\/wp-content\/uploads\/2021\/10\/CRX-Rockwell-Hardness-Tester-Table-Top.jpg","contentUrl":"https:\/\/www.qnde.ca\/wp-content\/uploads\/2021\/10\/CRX-Rockwell-Hardness-Tester-Table-Top.jpg","width":350,"height":550,"caption":"CRX - Rockwell Hardness Tester, Table Top"},{"@type":"BreadcrumbList","@id":"https:\/\/www.qnde.ca\/fr\/produit\/crx-rockwell-fr\/#breadcrumb","itemListElement":[{"@type":"ListItem","position":1,"name":"Accueil","item":"https:\/\/www.qnde.ca\/fr\/"},{"@type":"ListItem","position":2,"name":"Produits","item":"https:\/\/www.qnde.ca\/fr\/produits\/"},{"@type":"ListItem","position":3,"name":"Essai de Duret\u00e9","item":"https:\/\/www.qnde.ca\/fr\/product-category\/essai-durete\/"},{"@type":"ListItem","position":4,"name":"Rockwell","item":"https:\/\/www.qnde.ca\/fr\/product-category\/essai-durete\/rockwell-fr\/"},{"@type":"ListItem","position":5,"name":"Clark\/Sun-Tec CRX-Serie Mesureur de Duret\u00e9 Rockwell"}]},{"@type":"WebSite","@id":"https:\/\/www.qnde.ca\/#website","url":"https:\/\/www.qnde.ca\/","name":"Qualit\u00e9 NDE","description":"\u00c9quipements d&#039;essais non destructifs ","publisher":{"@id":"https:\/\/www.qnde.ca\/#organization"},"potentialAction":[{"@type":"SearchAction","target":{"@type":"EntryPoint","urlTemplate":"https:\/\/www.qnde.ca\/?s={search_term_string}"},"query-input":{"@type":"PropertyValueSpecification","valueRequired":true,"valueName":"search_term_string"}}],"inLanguage":"fr-FR"},{"@type":"Organization","@id":"https:\/\/www.qnde.ca\/#organization","name":"Quality NDT Ltd.","url":"https:\/\/www.qnde.ca\/","logo":{"@type":"ImageObject","inLanguage":"fr-FR","@id":"https:\/\/www.qnde.ca\/#\/schema\/logo\/image\/","url":"https:\/\/www.qnde.ca\/wp-content\/uploads\/2022\/02\/QNDE_logo_RGB-gif.gif","contentUrl":"https:\/\/www.qnde.ca\/wp-content\/uploads\/2022\/02\/QNDE_logo_RGB-gif.gif","width":250,"height":64,"caption":"Quality NDT Ltd."},"image":{"@id":"https:\/\/www.qnde.ca\/#\/schema\/logo\/image\/"},"sameAs":["https:\/\/www.linkedin.com\/company\/qnde\/about\/?viewAsMember=true"]}]}},"jetpack_sharing_enabled":true,"_links":{"self":[{"href":"https:\/\/www.qnde.ca\/fr\/wp-json\/wp\/v2\/product\/8060","targetHints":{"allow":["GET"]}}],"collection":[{"href":"https:\/\/www.qnde.ca\/fr\/wp-json\/wp\/v2\/product"}],"about":[{"href":"https:\/\/www.qnde.ca\/fr\/wp-json\/wp\/v2\/types\/product"}],"wp:featuredmedia":[{"embeddable":true,"href":"https:\/\/www.qnde.ca\/fr\/wp-json\/wp\/v2\/media\/21434"}],"wp:attachment":[{"href":"https:\/\/www.qnde.ca\/fr\/wp-json\/wp\/v2\/media?parent=8060"}],"wp:term":[{"taxonomy":"product_brand","embeddable":true,"href":"https:\/\/www.qnde.ca\/fr\/wp-json\/wp\/v2\/product_brand?post=8060"},{"taxonomy":"product_cat","embeddable":true,"href":"https:\/\/www.qnde.ca\/fr\/wp-json\/wp\/v2\/product_cat?post=8060"},{"taxonomy":"product_tag","embeddable":true,"href":"https:\/\/www.qnde.ca\/fr\/wp-json\/wp\/v2\/product_tag?post=8060"}],"curies":[{"name":"wp","href":"https:\/\/api.w.org\/{rel}","templated":true}]}}