{"id":8051,"date":"2016-05-16T19:31:12","date_gmt":"2016-05-16T19:31:12","guid":{"rendered":"https:\/\/www.qnde.ca\/product\/hpeii\/"},"modified":"2025-08-11T11:21:53","modified_gmt":"2025-08-11T15:21:53","slug":"hpeiii-shore-fr","status":"publish","type":"product","link":"https:\/\/www.qnde.ca\/fr\/produit\/hpeiii-shore-fr\/","title":{"rendered":"Bareiss Durom\u00e8tre de Duret\u00e9 Shore HPE III"},"content":{"rendered":"<h3><strong style=\"font-size: 16px;\">Bareiss <\/strong><strong>Durom\u00e8tre de Duret\u00e9 Shore HPE III<\/strong><\/h3>\n<p>Le durom\u00e8tre Bareiss HPE III mesure simultan\u00e9ment la duret\u00e9 shore, la temp\u00e9rature du sp\u00e9cimen, la temp\u00e9rature et l\u2019humidit\u00e9 ambiante; enregistrant ceux-ci avec la date et l&rsquo;heure (300 mesures enregistr\u00e9es). \u00c9paisseur minimum des mat\u00e9riaux de 6mm. 1 an de garantie sur tous les mod\u00e8les.<\/p>\n<ul>\n<li>HPE-IIIB: Bareiss HPE III mesureur portatif de duret\u00e9 Shore de base (A, A0, D, 0, 00, 000, 000S, E, B, C et D0) avec p\u00e9n\u00e9trateur Shore A, c\u00e2ble de donn\u00e9es RS232 \u00e0 USB, batterie lithium rechargeable, c\u00e2ble d\u2019alimentation 120VAC, anneau de contr\u00f4le (40 Shore) pour mesurer la distance, manuel de l\u2019utilisateur, certificat d\u2019\u00e9talonnage et valise de transport rigide.<\/li>\n<li>HPE-III: Bareiss HPE III mesureur portatif de duret\u00e9 Shore (A &amp; D) avec p\u00e9n\u00e9trateur Shore A, c\u00e2ble de donn\u00e9es RS232 \u00e0 USB, batterie lithium rechargeable, c\u00e2ble d\u2019alimentation 120VAC, anneau de contr\u00f4le (40 Shore) pour mesurer la distance, manuel de l\u2019utilisateur, certificat d\u2019\u00e9talonnage et valise de transport rigide.<\/li>\n<\/ul>\n<h4><strong>\u00a0<\/strong><strong>Options<\/strong><\/h4>\n<ul>\n<li>STND-BS61: Support pour essai manuel afin d\u2019avoir un angle de mesure ad\u00e9quat.<\/li>\n<li>STND-BSA: Support d&rsquo;essai automatique avec vitesse de charge de 3,2 mm\/s.<\/li>\n<li>DENT-##: P\u00e9n\u00e9trateur de remplacement Shore (sp\u00e9cifiez l\u2019\u00e9chelle Shore requise (A, A0, D, 0, 00, 000, 000S, E, B, C et D0)).<\/li>\n<li>CTRLRING: Anneau de contr\u00f4le pour mesurer la distance (20, 40, 60 &amp; 80 Shore disponible).<\/li>\n<li>HARD-##-##: Standard de duret\u00e9 certifi\u00e9 (sp\u00e9cifiez la duret\u00e9 et l\u2019\u00e9chelle requises).<\/li>\n<\/ul>\n<p>Contactez-nous afin de discuter de votre application, vos exigences, les options disponibles et\/ou recevoir une soumission.<\/p>\n","protected":false},"excerpt":{"rendered":"<p>Bareiss Durom\u00e8tre de Duret\u00e9 Shore HPE III Le durom\u00e8tre Bareiss HPE III mesure simultan\u00e9ment la duret\u00e9 shore, la temp\u00e9rature du sp\u00e9cimen, la temp\u00e9rature et l\u2019humidit\u00e9 ambiante; enregistrant ceux-ci avec la date et l&rsquo;heure (300 mesures enregistr\u00e9es). \u00c9paisseur minimum des mat\u00e9riaux de 6mm. 1 an de garantie sur tous les mod\u00e8les. HPE-IIIB: Bareiss HPE III mesureur [&hellip;]<\/p>\n","protected":false},"featured_media":21805,"template":"","meta":{"_monsterinsights_skip_tracking":false,"_monsterinsights_sitenote_active":false,"_monsterinsights_sitenote_note":"","_monsterinsights_sitenote_category":0},"product_brand":[],"product_cat":[402,348],"product_tag":[],"class_list":{"0":"post-8051","1":"product","2":"type-product","3":"status-publish","4":"has-post-thumbnail","6":"product_cat-autres-marques","7":"product_cat-shore-fr","9":"first","10":"instock","11":"shipping-taxable","12":"purchasable","13":"product-type-variable"},"yoast_head":"<!-- This site is optimized with the Yoast SEO plugin v23.9 - https:\/\/yoast.com\/wordpress\/plugins\/seo\/ -->\n<title>Bareiss Durom\u00e8tre de Duret\u00e9 Shore HPE III &#060; Qualit\u00e9 NDE<\/title>\n<meta name=\"description\" content=\"Bareiss HPE III : durom\u00e8tre Shore portatif mesurant duret\u00e9, temp\u00e9rature et humidit\u00e9, avec m\u00e9moire de 300 mesures et connexion RS232\/USB.\" \/>\n<meta name=\"robots\" content=\"index, follow, max-snippet:-1, max-image-preview:large, max-video-preview:-1\" \/>\n<link rel=\"canonical\" href=\"https:\/\/www.qnde.ca\/fr\/produit\/hpeiii-shore-fr\/\" \/>\n<meta name=\"twitter:label1\" content=\"Dur\u00e9e de lecture estim\u00e9e\" \/>\n\t<meta name=\"twitter:data1\" content=\"2 minutes\" \/>\n<script type=\"application\/ld+json\" class=\"yoast-schema-graph\">{\"@context\":\"https:\/\/schema.org\",\"@graph\":[{\"@type\":[\"WebPage\",\"ItemPage\"],\"@id\":\"https:\/\/www.qnde.ca\/fr\/produit\/hpeiii-shore-fr\/\",\"url\":\"https:\/\/www.qnde.ca\/fr\/produit\/hpeiii-shore-fr\/\",\"name\":\"Bareiss Durom\u00e8tre de Duret\u00e9 Shore HPE III &#060; Qualit\u00e9 NDE\",\"isPartOf\":{\"@id\":\"https:\/\/www.qnde.ca\/#website\"},\"primaryImageOfPage\":{\"@id\":\"https:\/\/www.qnde.ca\/fr\/produit\/hpeiii-shore-fr\/#primaryimage\"},\"image\":{\"@id\":\"https:\/\/www.qnde.ca\/fr\/produit\/hpeiii-shore-fr\/#primaryimage\"},\"thumbnailUrl\":\"https:\/\/www.qnde.ca\/wp-content\/uploads\/2021\/10\/Bareiss-HPE-III-Shore-Hardness-Durometer-\u2013-Handheld.jpg\",\"datePublished\":\"2016-05-16T19:31:12+00:00\",\"dateModified\":\"2025-08-11T15:21:53+00:00\",\"description\":\"Bareiss HPE III : durom\u00e8tre Shore portatif mesurant duret\u00e9, temp\u00e9rature et humidit\u00e9, avec m\u00e9moire de 300 mesures et connexion RS232\/USB.\",\"breadcrumb\":{\"@id\":\"https:\/\/www.qnde.ca\/fr\/produit\/hpeiii-shore-fr\/#breadcrumb\"},\"inLanguage\":\"fr-FR\",\"potentialAction\":[{\"@type\":\"ReadAction\",\"target\":[\"https:\/\/www.qnde.ca\/fr\/produit\/hpeiii-shore-fr\/\"]}]},{\"@type\":\"ImageObject\",\"inLanguage\":\"fr-FR\",\"@id\":\"https:\/\/www.qnde.ca\/fr\/produit\/hpeiii-shore-fr\/#primaryimage\",\"url\":\"https:\/\/www.qnde.ca\/wp-content\/uploads\/2021\/10\/Bareiss-HPE-III-Shore-Hardness-Durometer-\u2013-Handheld.jpg\",\"contentUrl\":\"https:\/\/www.qnde.ca\/wp-content\/uploads\/2021\/10\/Bareiss-HPE-III-Shore-Hardness-Durometer-\u2013-Handheld.jpg\",\"width\":600,\"height\":600,\"caption\":\"Bareiss HPE III - Shore Hardness Durometer \u2013 Handheld\"},{\"@type\":\"BreadcrumbList\",\"@id\":\"https:\/\/www.qnde.ca\/fr\/produit\/hpeiii-shore-fr\/#breadcrumb\",\"itemListElement\":[{\"@type\":\"ListItem\",\"position\":1,\"name\":\"Accueil\",\"item\":\"https:\/\/www.qnde.ca\/fr\/\"},{\"@type\":\"ListItem\",\"position\":2,\"name\":\"Produits\",\"item\":\"https:\/\/www.qnde.ca\/fr\/produits\/\"},{\"@type\":\"ListItem\",\"position\":3,\"name\":\"Essai de Duret\u00e9\",\"item\":\"https:\/\/www.qnde.ca\/fr\/product-category\/essai-durete\/\"},{\"@type\":\"ListItem\",\"position\":4,\"name\":\"Shore\",\"item\":\"https:\/\/www.qnde.ca\/fr\/product-category\/essai-durete\/shore-fr\/\"},{\"@type\":\"ListItem\",\"position\":5,\"name\":\"Bareiss Durom\u00e8tre de Duret\u00e9 Shore HPE III\"}]},{\"@type\":\"WebSite\",\"@id\":\"https:\/\/www.qnde.ca\/#website\",\"url\":\"https:\/\/www.qnde.ca\/\",\"name\":\"Qualit\u00e9 NDE\",\"description\":\"\u00c9quipements d&#039;essais non destructifs \",\"publisher\":{\"@id\":\"https:\/\/www.qnde.ca\/#organization\"},\"potentialAction\":[{\"@type\":\"SearchAction\",\"target\":{\"@type\":\"EntryPoint\",\"urlTemplate\":\"https:\/\/www.qnde.ca\/?s={search_term_string}\"},\"query-input\":{\"@type\":\"PropertyValueSpecification\",\"valueRequired\":true,\"valueName\":\"search_term_string\"}}],\"inLanguage\":\"fr-FR\"},{\"@type\":\"Organization\",\"@id\":\"https:\/\/www.qnde.ca\/#organization\",\"name\":\"Quality NDT Ltd.\",\"url\":\"https:\/\/www.qnde.ca\/\",\"logo\":{\"@type\":\"ImageObject\",\"inLanguage\":\"fr-FR\",\"@id\":\"https:\/\/www.qnde.ca\/#\/schema\/logo\/image\/\",\"url\":\"https:\/\/www.qnde.ca\/wp-content\/uploads\/2022\/02\/QNDE_logo_RGB-gif.gif\",\"contentUrl\":\"https:\/\/www.qnde.ca\/wp-content\/uploads\/2022\/02\/QNDE_logo_RGB-gif.gif\",\"width\":250,\"height\":64,\"caption\":\"Quality NDT Ltd.\"},\"image\":{\"@id\":\"https:\/\/www.qnde.ca\/#\/schema\/logo\/image\/\"},\"sameAs\":[\"https:\/\/www.linkedin.com\/company\/qnde\/about\/?viewAsMember=true\"]}]}<\/script>\n<!-- \/ Yoast SEO plugin. -->","yoast_head_json":{"title":"Bareiss Durom\u00e8tre de Duret\u00e9 Shore HPE III &#060; Qualit\u00e9 NDE","description":"Bareiss HPE III : durom\u00e8tre Shore portatif mesurant duret\u00e9, temp\u00e9rature et humidit\u00e9, avec m\u00e9moire de 300 mesures et connexion RS232\/USB.","robots":{"index":"index","follow":"follow","max-snippet":"max-snippet:-1","max-image-preview":"max-image-preview:large","max-video-preview":"max-video-preview:-1"},"canonical":"https:\/\/www.qnde.ca\/fr\/produit\/hpeiii-shore-fr\/","twitter_misc":{"Dur\u00e9e de lecture estim\u00e9e":"2 minutes"},"schema":{"@context":"https:\/\/schema.org","@graph":[{"@type":["WebPage","ItemPage"],"@id":"https:\/\/www.qnde.ca\/fr\/produit\/hpeiii-shore-fr\/","url":"https:\/\/www.qnde.ca\/fr\/produit\/hpeiii-shore-fr\/","name":"Bareiss Durom\u00e8tre de Duret\u00e9 Shore HPE III &#060; Qualit\u00e9 NDE","isPartOf":{"@id":"https:\/\/www.qnde.ca\/#website"},"primaryImageOfPage":{"@id":"https:\/\/www.qnde.ca\/fr\/produit\/hpeiii-shore-fr\/#primaryimage"},"image":{"@id":"https:\/\/www.qnde.ca\/fr\/produit\/hpeiii-shore-fr\/#primaryimage"},"thumbnailUrl":"https:\/\/www.qnde.ca\/wp-content\/uploads\/2021\/10\/Bareiss-HPE-III-Shore-Hardness-Durometer-\u2013-Handheld.jpg","datePublished":"2016-05-16T19:31:12+00:00","dateModified":"2025-08-11T15:21:53+00:00","description":"Bareiss HPE III : durom\u00e8tre Shore portatif mesurant duret\u00e9, temp\u00e9rature et humidit\u00e9, avec m\u00e9moire de 300 mesures et connexion RS232\/USB.","breadcrumb":{"@id":"https:\/\/www.qnde.ca\/fr\/produit\/hpeiii-shore-fr\/#breadcrumb"},"inLanguage":"fr-FR","potentialAction":[{"@type":"ReadAction","target":["https:\/\/www.qnde.ca\/fr\/produit\/hpeiii-shore-fr\/"]}]},{"@type":"ImageObject","inLanguage":"fr-FR","@id":"https:\/\/www.qnde.ca\/fr\/produit\/hpeiii-shore-fr\/#primaryimage","url":"https:\/\/www.qnde.ca\/wp-content\/uploads\/2021\/10\/Bareiss-HPE-III-Shore-Hardness-Durometer-\u2013-Handheld.jpg","contentUrl":"https:\/\/www.qnde.ca\/wp-content\/uploads\/2021\/10\/Bareiss-HPE-III-Shore-Hardness-Durometer-\u2013-Handheld.jpg","width":600,"height":600,"caption":"Bareiss HPE III - Shore Hardness Durometer \u2013 Handheld"},{"@type":"BreadcrumbList","@id":"https:\/\/www.qnde.ca\/fr\/produit\/hpeiii-shore-fr\/#breadcrumb","itemListElement":[{"@type":"ListItem","position":1,"name":"Accueil","item":"https:\/\/www.qnde.ca\/fr\/"},{"@type":"ListItem","position":2,"name":"Produits","item":"https:\/\/www.qnde.ca\/fr\/produits\/"},{"@type":"ListItem","position":3,"name":"Essai de Duret\u00e9","item":"https:\/\/www.qnde.ca\/fr\/product-category\/essai-durete\/"},{"@type":"ListItem","position":4,"name":"Shore","item":"https:\/\/www.qnde.ca\/fr\/product-category\/essai-durete\/shore-fr\/"},{"@type":"ListItem","position":5,"name":"Bareiss Durom\u00e8tre de Duret\u00e9 Shore HPE III"}]},{"@type":"WebSite","@id":"https:\/\/www.qnde.ca\/#website","url":"https:\/\/www.qnde.ca\/","name":"Qualit\u00e9 NDE","description":"\u00c9quipements d&#039;essais non destructifs ","publisher":{"@id":"https:\/\/www.qnde.ca\/#organization"},"potentialAction":[{"@type":"SearchAction","target":{"@type":"EntryPoint","urlTemplate":"https:\/\/www.qnde.ca\/?s={search_term_string}"},"query-input":{"@type":"PropertyValueSpecification","valueRequired":true,"valueName":"search_term_string"}}],"inLanguage":"fr-FR"},{"@type":"Organization","@id":"https:\/\/www.qnde.ca\/#organization","name":"Quality NDT Ltd.","url":"https:\/\/www.qnde.ca\/","logo":{"@type":"ImageObject","inLanguage":"fr-FR","@id":"https:\/\/www.qnde.ca\/#\/schema\/logo\/image\/","url":"https:\/\/www.qnde.ca\/wp-content\/uploads\/2022\/02\/QNDE_logo_RGB-gif.gif","contentUrl":"https:\/\/www.qnde.ca\/wp-content\/uploads\/2022\/02\/QNDE_logo_RGB-gif.gif","width":250,"height":64,"caption":"Quality NDT Ltd."},"image":{"@id":"https:\/\/www.qnde.ca\/#\/schema\/logo\/image\/"},"sameAs":["https:\/\/www.linkedin.com\/company\/qnde\/about\/?viewAsMember=true"]}]}},"jetpack_sharing_enabled":true,"_links":{"self":[{"href":"https:\/\/www.qnde.ca\/fr\/wp-json\/wp\/v2\/product\/8051","targetHints":{"allow":["GET"]}}],"collection":[{"href":"https:\/\/www.qnde.ca\/fr\/wp-json\/wp\/v2\/product"}],"about":[{"href":"https:\/\/www.qnde.ca\/fr\/wp-json\/wp\/v2\/types\/product"}],"wp:featuredmedia":[{"embeddable":true,"href":"https:\/\/www.qnde.ca\/fr\/wp-json\/wp\/v2\/media\/21805"}],"wp:attachment":[{"href":"https:\/\/www.qnde.ca\/fr\/wp-json\/wp\/v2\/media?parent=8051"}],"wp:term":[{"taxonomy":"product_brand","embeddable":true,"href":"https:\/\/www.qnde.ca\/fr\/wp-json\/wp\/v2\/product_brand?post=8051"},{"taxonomy":"product_cat","embeddable":true,"href":"https:\/\/www.qnde.ca\/fr\/wp-json\/wp\/v2\/product_cat?post=8051"},{"taxonomy":"product_tag","embeddable":true,"href":"https:\/\/www.qnde.ca\/fr\/wp-json\/wp\/v2\/product_tag?post=8051"}],"curies":[{"name":"wp","href":"https:\/\/api.w.org\/{rel}","templated":true}]}}