{"id":8043,"date":"2016-05-16T19:11:36","date_gmt":"2016-05-16T19:11:36","guid":{"rendered":"https:\/\/www.qnde.ca\/product\/barcolimpressor\/"},"modified":"2025-06-11T16:33:43","modified_gmt":"2025-06-11T20:33:43","slug":"barcolimpressor-fr","status":"publish","type":"product","link":"https:\/\/www.qnde.ca\/fr\/produit\/barcolimpressor-fr\/","title":{"rendered":"Impressor Mesureur de Duret\u00e9 Barcol"},"content":{"rendered":"<h3><strong>Impressor Mesureur de Duret\u00e9 Barcol<\/strong><\/h3>\n<p>L\u2019Impressor est un mesureur de duret\u00e9 Barcol portatif, l\u00e9ger et facile \u00e0 utiliser. Les lectures sont affich\u00e9es automatiquement sur le cadran de mesure (\u00e9chelle de 100). La s\u00e9rie Impressor est mieux adapt\u00e9e pour tester des mat\u00e9riaux homog\u00e8nes.<\/p>\n<ul>\n<li>Ensemble de base inclut: Mesureur de duret\u00e9 Barcol Impressor, deux p\u00e9n\u00e9trateurs de rechange, cl\u00e9 de r\u00e9glage, deux disques de duret\u00e9 non-certifi\u00e9s et valise de transport\n<ul>\n<li>HT-934-1: Mesureur de duret\u00e9 Barcol Impressor pour \u00e9chelle de duret\u00e9 25-150 HB (bille 10mm) \u2013 m\u00e9taux mous tels que aluminium, laiton, cuivre et plastiques durs et fibre de verre.<\/li>\n<li>HT-935: Mesureur de duret\u00e9 Barcol Impressor pour \u00e9chelle de duret\u00e9 68-90 HSD \u2013 plastiques mous.<\/li>\n<li>HT-936: Mesureur de duret\u00e9 Barcol Impressor pour \u00e9chelle de duret\u00e9 52-90 HSD \u2013 plomb, linol\u00e9um et cuir.<\/li>\n<\/ul>\n<\/li>\n<\/ul>\n<h4><strong>\u00a0<\/strong><strong>Options<\/strong><\/h4>\n<ul>\n<li>HARD-##-##: Standard de duret\u00e9 certifi\u00e9 (sp\u00e9cifiez la duret\u00e9 et l\u2019\u00e9chelle requises).<\/li>\n<\/ul>\n<p>Contactez-nous afin de discuter de votre application, vos exigences, les options disponibles et\/ou recevoir une soumission.<\/p>\n<p>&nbsp;<\/p>\n","protected":false},"excerpt":{"rendered":"<p>Impressor Mesureur de Duret\u00e9 Barcol L\u2019Impressor est un mesureur de duret\u00e9 Barcol portatif, l\u00e9ger et facile \u00e0 utiliser. Les lectures sont affich\u00e9es automatiquement sur le cadran de mesure (\u00e9chelle de 100). La s\u00e9rie Impressor est mieux adapt\u00e9e pour tester des mat\u00e9riaux homog\u00e8nes. Ensemble de base inclut: Mesureur de duret\u00e9 Barcol Impressor, deux p\u00e9n\u00e9trateurs de rechange, [&hellip;]<\/p>\n","protected":false},"featured_media":21620,"template":"","meta":{"_monsterinsights_skip_tracking":false,"_monsterinsights_sitenote_active":false,"_monsterinsights_sitenote_note":"","_monsterinsights_sitenote_category":0},"product_brand":[],"product_cat":[402,342],"product_tag":[],"class_list":{"0":"post-8043","1":"product","2":"type-product","3":"status-publish","4":"has-post-thumbnail","6":"product_cat-autres-marques","7":"product_cat-barcol-fr","9":"first","10":"instock","11":"shipping-taxable","12":"purchasable","13":"product-type-variable"},"yoast_head":"<!-- This site is optimized with the Yoast SEO plugin v23.9 - https:\/\/yoast.com\/wordpress\/plugins\/seo\/ -->\n<title>Impressor Mesureur de Duret\u00e9 Barcol &#060; Qualit\u00e9 NDE<\/title>\n<meta name=\"description\" content=\"Mesureur de duret\u00e9 Barcol portatif \u00e0 cadran. Adapt\u00e9 pour tester des mat\u00e9riaux homog\u00e8nes.\" \/>\n<meta name=\"robots\" content=\"index, follow, max-snippet:-1, max-image-preview:large, max-video-preview:-1\" \/>\n<link rel=\"canonical\" href=\"https:\/\/www.qnde.ca\/fr\/produit\/barcolimpressor-fr\/\" \/>\n<meta name=\"twitter:label1\" content=\"Dur\u00e9e de lecture estim\u00e9e\" \/>\n\t<meta name=\"twitter:data1\" content=\"1 minute\" \/>\n<script type=\"application\/ld+json\" class=\"yoast-schema-graph\">{\"@context\":\"https:\/\/schema.org\",\"@graph\":[{\"@type\":[\"WebPage\",\"ItemPage\"],\"@id\":\"https:\/\/www.qnde.ca\/fr\/produit\/barcolimpressor-fr\/\",\"url\":\"https:\/\/www.qnde.ca\/fr\/produit\/barcolimpressor-fr\/\",\"name\":\"Impressor Mesureur de Duret\u00e9 Barcol &#060; Qualit\u00e9 NDE\",\"isPartOf\":{\"@id\":\"https:\/\/www.qnde.ca\/#website\"},\"primaryImageOfPage\":{\"@id\":\"https:\/\/www.qnde.ca\/fr\/produit\/barcolimpressor-fr\/#primaryimage\"},\"image\":{\"@id\":\"https:\/\/www.qnde.ca\/fr\/produit\/barcolimpressor-fr\/#primaryimage\"},\"thumbnailUrl\":\"https:\/\/www.qnde.ca\/wp-content\/uploads\/2021\/10\/Barcol-Impressor-Hardness-Tester-Kit.jpg\",\"datePublished\":\"2016-05-16T19:11:36+00:00\",\"dateModified\":\"2025-06-11T20:33:43+00:00\",\"description\":\"Mesureur de duret\u00e9 Barcol portatif \u00e0 cadran. Adapt\u00e9 pour tester des mat\u00e9riaux homog\u00e8nes.\",\"breadcrumb\":{\"@id\":\"https:\/\/www.qnde.ca\/fr\/produit\/barcolimpressor-fr\/#breadcrumb\"},\"inLanguage\":\"fr-FR\",\"potentialAction\":[{\"@type\":\"ReadAction\",\"target\":[\"https:\/\/www.qnde.ca\/fr\/produit\/barcolimpressor-fr\/\"]}]},{\"@type\":\"ImageObject\",\"inLanguage\":\"fr-FR\",\"@id\":\"https:\/\/www.qnde.ca\/fr\/produit\/barcolimpressor-fr\/#primaryimage\",\"url\":\"https:\/\/www.qnde.ca\/wp-content\/uploads\/2021\/10\/Barcol-Impressor-Hardness-Tester-Kit.jpg\",\"contentUrl\":\"https:\/\/www.qnde.ca\/wp-content\/uploads\/2021\/10\/Barcol-Impressor-Hardness-Tester-Kit.jpg\",\"width\":640,\"height\":640,\"caption\":\"Barcol Impressor Hardness Tester Kit\"},{\"@type\":\"BreadcrumbList\",\"@id\":\"https:\/\/www.qnde.ca\/fr\/produit\/barcolimpressor-fr\/#breadcrumb\",\"itemListElement\":[{\"@type\":\"ListItem\",\"position\":1,\"name\":\"Accueil\",\"item\":\"https:\/\/www.qnde.ca\/fr\/\"},{\"@type\":\"ListItem\",\"position\":2,\"name\":\"Produits\",\"item\":\"https:\/\/www.qnde.ca\/fr\/produits\/\"},{\"@type\":\"ListItem\",\"position\":3,\"name\":\"Essai de Duret\u00e9\",\"item\":\"https:\/\/www.qnde.ca\/fr\/product-category\/essai-durete\/\"},{\"@type\":\"ListItem\",\"position\":4,\"name\":\"Barcol\",\"item\":\"https:\/\/www.qnde.ca\/fr\/product-category\/essai-durete\/barcol-fr\/\"},{\"@type\":\"ListItem\",\"position\":5,\"name\":\"Impressor Mesureur de Duret\u00e9 Barcol\"}]},{\"@type\":\"WebSite\",\"@id\":\"https:\/\/www.qnde.ca\/#website\",\"url\":\"https:\/\/www.qnde.ca\/\",\"name\":\"Qualit\u00e9 NDE\",\"description\":\"\u00c9quipements d&#039;essais non destructifs \",\"publisher\":{\"@id\":\"https:\/\/www.qnde.ca\/#organization\"},\"potentialAction\":[{\"@type\":\"SearchAction\",\"target\":{\"@type\":\"EntryPoint\",\"urlTemplate\":\"https:\/\/www.qnde.ca\/?s={search_term_string}\"},\"query-input\":{\"@type\":\"PropertyValueSpecification\",\"valueRequired\":true,\"valueName\":\"search_term_string\"}}],\"inLanguage\":\"fr-FR\"},{\"@type\":\"Organization\",\"@id\":\"https:\/\/www.qnde.ca\/#organization\",\"name\":\"Quality NDT Ltd.\",\"url\":\"https:\/\/www.qnde.ca\/\",\"logo\":{\"@type\":\"ImageObject\",\"inLanguage\":\"fr-FR\",\"@id\":\"https:\/\/www.qnde.ca\/#\/schema\/logo\/image\/\",\"url\":\"https:\/\/www.qnde.ca\/wp-content\/uploads\/2022\/02\/QNDE_logo_RGB-gif.gif\",\"contentUrl\":\"https:\/\/www.qnde.ca\/wp-content\/uploads\/2022\/02\/QNDE_logo_RGB-gif.gif\",\"width\":250,\"height\":64,\"caption\":\"Quality NDT Ltd.\"},\"image\":{\"@id\":\"https:\/\/www.qnde.ca\/#\/schema\/logo\/image\/\"},\"sameAs\":[\"https:\/\/www.linkedin.com\/company\/qnde\/about\/?viewAsMember=true\"]}]}<\/script>\n<!-- \/ Yoast SEO plugin. -->","yoast_head_json":{"title":"Impressor Mesureur de Duret\u00e9 Barcol &#060; Qualit\u00e9 NDE","description":"Mesureur de duret\u00e9 Barcol portatif \u00e0 cadran. Adapt\u00e9 pour tester des mat\u00e9riaux homog\u00e8nes.","robots":{"index":"index","follow":"follow","max-snippet":"max-snippet:-1","max-image-preview":"max-image-preview:large","max-video-preview":"max-video-preview:-1"},"canonical":"https:\/\/www.qnde.ca\/fr\/produit\/barcolimpressor-fr\/","twitter_misc":{"Dur\u00e9e de lecture estim\u00e9e":"1 minute"},"schema":{"@context":"https:\/\/schema.org","@graph":[{"@type":["WebPage","ItemPage"],"@id":"https:\/\/www.qnde.ca\/fr\/produit\/barcolimpressor-fr\/","url":"https:\/\/www.qnde.ca\/fr\/produit\/barcolimpressor-fr\/","name":"Impressor Mesureur de Duret\u00e9 Barcol &#060; Qualit\u00e9 NDE","isPartOf":{"@id":"https:\/\/www.qnde.ca\/#website"},"primaryImageOfPage":{"@id":"https:\/\/www.qnde.ca\/fr\/produit\/barcolimpressor-fr\/#primaryimage"},"image":{"@id":"https:\/\/www.qnde.ca\/fr\/produit\/barcolimpressor-fr\/#primaryimage"},"thumbnailUrl":"https:\/\/www.qnde.ca\/wp-content\/uploads\/2021\/10\/Barcol-Impressor-Hardness-Tester-Kit.jpg","datePublished":"2016-05-16T19:11:36+00:00","dateModified":"2025-06-11T20:33:43+00:00","description":"Mesureur de duret\u00e9 Barcol portatif \u00e0 cadran. Adapt\u00e9 pour tester des mat\u00e9riaux homog\u00e8nes.","breadcrumb":{"@id":"https:\/\/www.qnde.ca\/fr\/produit\/barcolimpressor-fr\/#breadcrumb"},"inLanguage":"fr-FR","potentialAction":[{"@type":"ReadAction","target":["https:\/\/www.qnde.ca\/fr\/produit\/barcolimpressor-fr\/"]}]},{"@type":"ImageObject","inLanguage":"fr-FR","@id":"https:\/\/www.qnde.ca\/fr\/produit\/barcolimpressor-fr\/#primaryimage","url":"https:\/\/www.qnde.ca\/wp-content\/uploads\/2021\/10\/Barcol-Impressor-Hardness-Tester-Kit.jpg","contentUrl":"https:\/\/www.qnde.ca\/wp-content\/uploads\/2021\/10\/Barcol-Impressor-Hardness-Tester-Kit.jpg","width":640,"height":640,"caption":"Barcol Impressor Hardness Tester Kit"},{"@type":"BreadcrumbList","@id":"https:\/\/www.qnde.ca\/fr\/produit\/barcolimpressor-fr\/#breadcrumb","itemListElement":[{"@type":"ListItem","position":1,"name":"Accueil","item":"https:\/\/www.qnde.ca\/fr\/"},{"@type":"ListItem","position":2,"name":"Produits","item":"https:\/\/www.qnde.ca\/fr\/produits\/"},{"@type":"ListItem","position":3,"name":"Essai de Duret\u00e9","item":"https:\/\/www.qnde.ca\/fr\/product-category\/essai-durete\/"},{"@type":"ListItem","position":4,"name":"Barcol","item":"https:\/\/www.qnde.ca\/fr\/product-category\/essai-durete\/barcol-fr\/"},{"@type":"ListItem","position":5,"name":"Impressor Mesureur de Duret\u00e9 Barcol"}]},{"@type":"WebSite","@id":"https:\/\/www.qnde.ca\/#website","url":"https:\/\/www.qnde.ca\/","name":"Qualit\u00e9 NDE","description":"\u00c9quipements d&#039;essais non destructifs ","publisher":{"@id":"https:\/\/www.qnde.ca\/#organization"},"potentialAction":[{"@type":"SearchAction","target":{"@type":"EntryPoint","urlTemplate":"https:\/\/www.qnde.ca\/?s={search_term_string}"},"query-input":{"@type":"PropertyValueSpecification","valueRequired":true,"valueName":"search_term_string"}}],"inLanguage":"fr-FR"},{"@type":"Organization","@id":"https:\/\/www.qnde.ca\/#organization","name":"Quality NDT Ltd.","url":"https:\/\/www.qnde.ca\/","logo":{"@type":"ImageObject","inLanguage":"fr-FR","@id":"https:\/\/www.qnde.ca\/#\/schema\/logo\/image\/","url":"https:\/\/www.qnde.ca\/wp-content\/uploads\/2022\/02\/QNDE_logo_RGB-gif.gif","contentUrl":"https:\/\/www.qnde.ca\/wp-content\/uploads\/2022\/02\/QNDE_logo_RGB-gif.gif","width":250,"height":64,"caption":"Quality NDT Ltd."},"image":{"@id":"https:\/\/www.qnde.ca\/#\/schema\/logo\/image\/"},"sameAs":["https:\/\/www.linkedin.com\/company\/qnde\/about\/?viewAsMember=true"]}]}},"jetpack_sharing_enabled":true,"_links":{"self":[{"href":"https:\/\/www.qnde.ca\/fr\/wp-json\/wp\/v2\/product\/8043","targetHints":{"allow":["GET"]}}],"collection":[{"href":"https:\/\/www.qnde.ca\/fr\/wp-json\/wp\/v2\/product"}],"about":[{"href":"https:\/\/www.qnde.ca\/fr\/wp-json\/wp\/v2\/types\/product"}],"wp:featuredmedia":[{"embeddable":true,"href":"https:\/\/www.qnde.ca\/fr\/wp-json\/wp\/v2\/media\/21620"}],"wp:attachment":[{"href":"https:\/\/www.qnde.ca\/fr\/wp-json\/wp\/v2\/media?parent=8043"}],"wp:term":[{"taxonomy":"product_brand","embeddable":true,"href":"https:\/\/www.qnde.ca\/fr\/wp-json\/wp\/v2\/product_brand?post=8043"},{"taxonomy":"product_cat","embeddable":true,"href":"https:\/\/www.qnde.ca\/fr\/wp-json\/wp\/v2\/product_cat?post=8043"},{"taxonomy":"product_tag","embeddable":true,"href":"https:\/\/www.qnde.ca\/fr\/wp-json\/wp\/v2\/product_tag?post=8043"}],"curies":[{"name":"wp","href":"https:\/\/api.w.org\/{rel}","templated":true}]}}