{"id":8035,"date":"2016-05-11T18:18:52","date_gmt":"2016-05-11T18:18:52","guid":{"rendered":"https:\/\/www.qnde.ca\/product\/testeurs-de-cables-metalliques-lma-test-ndt-technologies\/"},"modified":"2025-08-18T16:09:54","modified_gmt":"2025-08-18T20:09:54","slug":"testeurs-de-cables-metalliques-lma-test-ndt-technologies","status":"publish","type":"product","link":"https:\/\/www.qnde.ca\/fr\/produit\/testeurs-de-cables-metalliques-lma-test-ndt-technologies\/","title":{"rendered":"NDT Technologies Testeurs de c\u00e2bles m\u00e9talliques LMA-TEST&#x2122;"},"content":{"rendered":"<h3 id=\"ctl01_ctl00_cphMainContent_ProductTitle\">NDT Technologies Testeurs de c\u00e2bles m\u00e9talliques LMA-TEST&#x2122;<\/h3>\n<h3><strong>Utilisation facile<\/strong><\/h3>\n<ul>\n<li>Leur pr\u00e9cision d&rsquo;inspection in\u00e9gal\u00e9e rendent l&rsquo;interpr\u00e9tation des graphiques directe, claire, facile \u00e0 comprendre et fiable.<\/li>\n<\/ul>\n<h3><strong>Fiabilit\u00e9\u00a0<\/strong><\/h3>\n<ul>\n<li>Les d\u00e9fauts de surface et internes peuvent tous deux \u00eatre d\u00e9tect\u00e9s et mesur\u00e9s.<\/li>\n<li>Les inspections ne sont pas influenc\u00e9s par la graisse, la peinture, la salet\u00e9 ou les mat\u00e9riaux de scellage en plastique.<\/li>\n<\/ul>\n<h3><b>Poids l\u00e9ger<\/b><\/h3>\n<ul>\n<li>Avec leur design soign\u00e9 et leurs aimants permanents ultra puissants, les testeurs de c\u00e2bles de NDT Technologies sont plus l\u00e9gers.<\/li>\n<\/ul>\n<h3><b>Utilisation \u00e0 piles<\/b><\/h3>\n<ul>\n<li>Facile \u00e0 utiliser, m\u00eame dans des conditions d&rsquo;averses. De plus, l&rsquo;utilisation de piles \u00e9limine l&rsquo;interf\u00e9rence \u00e9lectromagn\u00e9tique.<\/li>\n<\/ul>\n","protected":false},"excerpt":{"rendered":"<p>NDT Technologies Testeurs de c\u00e2bles m\u00e9talliques LMA-TEST&#x2122; Utilisation facile Leur pr\u00e9cision d&rsquo;inspection in\u00e9gal\u00e9e rendent l&rsquo;interpr\u00e9tation des graphiques directe, claire, facile \u00e0 comprendre et fiable. Fiabilit\u00e9\u00a0 Les d\u00e9fauts de surface et internes peuvent tous deux \u00eatre d\u00e9tect\u00e9s et mesur\u00e9s. Les inspections ne sont pas influenc\u00e9s par la graisse, la peinture, la salet\u00e9 ou les mat\u00e9riaux de [&hellip;]<\/p>\n","protected":false},"featured_media":8039,"template":"","meta":{"_monsterinsights_skip_tracking":false,"_monsterinsights_sitenote_active":false,"_monsterinsights_sitenote_note":"","_monsterinsights_sitenote_category":0},"product_brand":[],"product_cat":[402,156],"product_tag":[],"class_list":{"0":"post-8035","1":"product","2":"type-product","3":"status-publish","4":"has-post-thumbnail","6":"product_cat-autres-marques","7":"product_cat-autres-produits","9":"first","10":"instock","11":"shipping-taxable","12":"purchasable","13":"product-type-simple"},"yoast_head":"<!-- This site is optimized with the Yoast SEO plugin v23.9 - https:\/\/yoast.com\/wordpress\/plugins\/seo\/ -->\n<title>NDT Technologies Testeurs de c\u00e2bles m\u00e9talliques LMA-TEST&#x2122; &#060; Qualit\u00e9 NDE<\/title>\n<meta name=\"description\" content=\"Testeurs LMA-TEST\u2122 l\u00e9gers et pr\u00e9cis pour c\u00e2bles m\u00e9talliques. D\u00e9tectent d\u00e9fauts internes\/surface, insensibles \u00e0 la salet\u00e9, peinture ou graisse.\" \/>\n<meta name=\"robots\" content=\"index, follow, max-snippet:-1, max-image-preview:large, max-video-preview:-1\" \/>\n<link rel=\"canonical\" href=\"https:\/\/www.qnde.ca\/fr\/produit\/testeurs-de-cables-metalliques-lma-test-ndt-technologies\/\" \/>\n<meta name=\"twitter:label1\" content=\"Dur\u00e9e de lecture estim\u00e9e\" \/>\n\t<meta name=\"twitter:data1\" content=\"1 minute\" \/>\n<script type=\"application\/ld+json\" class=\"yoast-schema-graph\">{\"@context\":\"https:\/\/schema.org\",\"@graph\":[{\"@type\":[\"WebPage\",\"ItemPage\"],\"@id\":\"https:\/\/www.qnde.ca\/fr\/produit\/testeurs-de-cables-metalliques-lma-test-ndt-technologies\/\",\"url\":\"https:\/\/www.qnde.ca\/fr\/produit\/testeurs-de-cables-metalliques-lma-test-ndt-technologies\/\",\"name\":\"NDT Technologies Testeurs de c\u00e2bles m\u00e9talliques LMA-TEST&#x2122; &#060; Qualit\u00e9 NDE\",\"isPartOf\":{\"@id\":\"https:\/\/www.qnde.ca\/#website\"},\"primaryImageOfPage\":{\"@id\":\"https:\/\/www.qnde.ca\/fr\/produit\/testeurs-de-cables-metalliques-lma-test-ndt-technologies\/#primaryimage\"},\"image\":{\"@id\":\"https:\/\/www.qnde.ca\/fr\/produit\/testeurs-de-cables-metalliques-lma-test-ndt-technologies\/#primaryimage\"},\"thumbnailUrl\":\"https:\/\/www.qnde.ca\/wp-content\/uploads\/2016\/05\/WireRope.jpg\",\"datePublished\":\"2016-05-11T18:18:52+00:00\",\"dateModified\":\"2025-08-18T20:09:54+00:00\",\"description\":\"Testeurs LMA-TEST\u2122 l\u00e9gers et pr\u00e9cis pour c\u00e2bles m\u00e9talliques. D\u00e9tectent d\u00e9fauts internes\/surface, insensibles \u00e0 la salet\u00e9, peinture ou graisse.\",\"breadcrumb\":{\"@id\":\"https:\/\/www.qnde.ca\/fr\/produit\/testeurs-de-cables-metalliques-lma-test-ndt-technologies\/#breadcrumb\"},\"inLanguage\":\"fr-FR\",\"potentialAction\":[{\"@type\":\"ReadAction\",\"target\":[\"https:\/\/www.qnde.ca\/fr\/produit\/testeurs-de-cables-metalliques-lma-test-ndt-technologies\/\"]}]},{\"@type\":\"ImageObject\",\"inLanguage\":\"fr-FR\",\"@id\":\"https:\/\/www.qnde.ca\/fr\/produit\/testeurs-de-cables-metalliques-lma-test-ndt-technologies\/#primaryimage\",\"url\":\"https:\/\/www.qnde.ca\/wp-content\/uploads\/2016\/05\/WireRope.jpg\",\"contentUrl\":\"https:\/\/www.qnde.ca\/wp-content\/uploads\/2016\/05\/WireRope.jpg\",\"width\":288,\"height\":175},{\"@type\":\"BreadcrumbList\",\"@id\":\"https:\/\/www.qnde.ca\/fr\/produit\/testeurs-de-cables-metalliques-lma-test-ndt-technologies\/#breadcrumb\",\"itemListElement\":[{\"@type\":\"ListItem\",\"position\":1,\"name\":\"Accueil\",\"item\":\"https:\/\/www.qnde.ca\/fr\/\"},{\"@type\":\"ListItem\",\"position\":2,\"name\":\"Produits\",\"item\":\"https:\/\/www.qnde.ca\/fr\/produits\/\"},{\"@type\":\"ListItem\",\"position\":3,\"name\":\"Marques\",\"item\":\"https:\/\/www.qnde.ca\/fr\/product-category\/marques\/\"},{\"@type\":\"ListItem\",\"position\":4,\"name\":\"Autres Marques\",\"item\":\"https:\/\/www.qnde.ca\/fr\/product-category\/marques\/autres-marques\/\"},{\"@type\":\"ListItem\",\"position\":5,\"name\":\"NDT Technologies Testeurs de c\u00e2bles m\u00e9talliques LMA-TEST&#x2122;\"}]},{\"@type\":\"WebSite\",\"@id\":\"https:\/\/www.qnde.ca\/#website\",\"url\":\"https:\/\/www.qnde.ca\/\",\"name\":\"Qualit\u00e9 NDE\",\"description\":\"\u00c9quipements d&#039;essais non destructifs \",\"publisher\":{\"@id\":\"https:\/\/www.qnde.ca\/#organization\"},\"potentialAction\":[{\"@type\":\"SearchAction\",\"target\":{\"@type\":\"EntryPoint\",\"urlTemplate\":\"https:\/\/www.qnde.ca\/?s={search_term_string}\"},\"query-input\":{\"@type\":\"PropertyValueSpecification\",\"valueRequired\":true,\"valueName\":\"search_term_string\"}}],\"inLanguage\":\"fr-FR\"},{\"@type\":\"Organization\",\"@id\":\"https:\/\/www.qnde.ca\/#organization\",\"name\":\"Quality NDT Ltd.\",\"url\":\"https:\/\/www.qnde.ca\/\",\"logo\":{\"@type\":\"ImageObject\",\"inLanguage\":\"fr-FR\",\"@id\":\"https:\/\/www.qnde.ca\/#\/schema\/logo\/image\/\",\"url\":\"https:\/\/www.qnde.ca\/wp-content\/uploads\/2022\/02\/QNDE_logo_RGB-gif.gif\",\"contentUrl\":\"https:\/\/www.qnde.ca\/wp-content\/uploads\/2022\/02\/QNDE_logo_RGB-gif.gif\",\"width\":250,\"height\":64,\"caption\":\"Quality NDT Ltd.\"},\"image\":{\"@id\":\"https:\/\/www.qnde.ca\/#\/schema\/logo\/image\/\"},\"sameAs\":[\"https:\/\/www.linkedin.com\/company\/qnde\/about\/?viewAsMember=true\"]}]}<\/script>\n<!-- \/ Yoast SEO plugin. -->","yoast_head_json":{"title":"NDT Technologies Testeurs de c\u00e2bles m\u00e9talliques LMA-TEST&#x2122; &#060; Qualit\u00e9 NDE","description":"Testeurs LMA-TEST\u2122 l\u00e9gers et pr\u00e9cis pour c\u00e2bles m\u00e9talliques. D\u00e9tectent d\u00e9fauts internes\/surface, insensibles \u00e0 la salet\u00e9, peinture ou graisse.","robots":{"index":"index","follow":"follow","max-snippet":"max-snippet:-1","max-image-preview":"max-image-preview:large","max-video-preview":"max-video-preview:-1"},"canonical":"https:\/\/www.qnde.ca\/fr\/produit\/testeurs-de-cables-metalliques-lma-test-ndt-technologies\/","twitter_misc":{"Dur\u00e9e de lecture estim\u00e9e":"1 minute"},"schema":{"@context":"https:\/\/schema.org","@graph":[{"@type":["WebPage","ItemPage"],"@id":"https:\/\/www.qnde.ca\/fr\/produit\/testeurs-de-cables-metalliques-lma-test-ndt-technologies\/","url":"https:\/\/www.qnde.ca\/fr\/produit\/testeurs-de-cables-metalliques-lma-test-ndt-technologies\/","name":"NDT Technologies Testeurs de c\u00e2bles m\u00e9talliques LMA-TEST&#x2122; &#060; Qualit\u00e9 NDE","isPartOf":{"@id":"https:\/\/www.qnde.ca\/#website"},"primaryImageOfPage":{"@id":"https:\/\/www.qnde.ca\/fr\/produit\/testeurs-de-cables-metalliques-lma-test-ndt-technologies\/#primaryimage"},"image":{"@id":"https:\/\/www.qnde.ca\/fr\/produit\/testeurs-de-cables-metalliques-lma-test-ndt-technologies\/#primaryimage"},"thumbnailUrl":"https:\/\/www.qnde.ca\/wp-content\/uploads\/2016\/05\/WireRope.jpg","datePublished":"2016-05-11T18:18:52+00:00","dateModified":"2025-08-18T20:09:54+00:00","description":"Testeurs LMA-TEST\u2122 l\u00e9gers et pr\u00e9cis pour c\u00e2bles m\u00e9talliques. D\u00e9tectent d\u00e9fauts internes\/surface, insensibles \u00e0 la salet\u00e9, peinture ou graisse.","breadcrumb":{"@id":"https:\/\/www.qnde.ca\/fr\/produit\/testeurs-de-cables-metalliques-lma-test-ndt-technologies\/#breadcrumb"},"inLanguage":"fr-FR","potentialAction":[{"@type":"ReadAction","target":["https:\/\/www.qnde.ca\/fr\/produit\/testeurs-de-cables-metalliques-lma-test-ndt-technologies\/"]}]},{"@type":"ImageObject","inLanguage":"fr-FR","@id":"https:\/\/www.qnde.ca\/fr\/produit\/testeurs-de-cables-metalliques-lma-test-ndt-technologies\/#primaryimage","url":"https:\/\/www.qnde.ca\/wp-content\/uploads\/2016\/05\/WireRope.jpg","contentUrl":"https:\/\/www.qnde.ca\/wp-content\/uploads\/2016\/05\/WireRope.jpg","width":288,"height":175},{"@type":"BreadcrumbList","@id":"https:\/\/www.qnde.ca\/fr\/produit\/testeurs-de-cables-metalliques-lma-test-ndt-technologies\/#breadcrumb","itemListElement":[{"@type":"ListItem","position":1,"name":"Accueil","item":"https:\/\/www.qnde.ca\/fr\/"},{"@type":"ListItem","position":2,"name":"Produits","item":"https:\/\/www.qnde.ca\/fr\/produits\/"},{"@type":"ListItem","position":3,"name":"Marques","item":"https:\/\/www.qnde.ca\/fr\/product-category\/marques\/"},{"@type":"ListItem","position":4,"name":"Autres Marques","item":"https:\/\/www.qnde.ca\/fr\/product-category\/marques\/autres-marques\/"},{"@type":"ListItem","position":5,"name":"NDT Technologies Testeurs de c\u00e2bles m\u00e9talliques LMA-TEST&#x2122;"}]},{"@type":"WebSite","@id":"https:\/\/www.qnde.ca\/#website","url":"https:\/\/www.qnde.ca\/","name":"Qualit\u00e9 NDE","description":"\u00c9quipements d&#039;essais non destructifs ","publisher":{"@id":"https:\/\/www.qnde.ca\/#organization"},"potentialAction":[{"@type":"SearchAction","target":{"@type":"EntryPoint","urlTemplate":"https:\/\/www.qnde.ca\/?s={search_term_string}"},"query-input":{"@type":"PropertyValueSpecification","valueRequired":true,"valueName":"search_term_string"}}],"inLanguage":"fr-FR"},{"@type":"Organization","@id":"https:\/\/www.qnde.ca\/#organization","name":"Quality NDT Ltd.","url":"https:\/\/www.qnde.ca\/","logo":{"@type":"ImageObject","inLanguage":"fr-FR","@id":"https:\/\/www.qnde.ca\/#\/schema\/logo\/image\/","url":"https:\/\/www.qnde.ca\/wp-content\/uploads\/2022\/02\/QNDE_logo_RGB-gif.gif","contentUrl":"https:\/\/www.qnde.ca\/wp-content\/uploads\/2022\/02\/QNDE_logo_RGB-gif.gif","width":250,"height":64,"caption":"Quality NDT Ltd."},"image":{"@id":"https:\/\/www.qnde.ca\/#\/schema\/logo\/image\/"},"sameAs":["https:\/\/www.linkedin.com\/company\/qnde\/about\/?viewAsMember=true"]}]}},"jetpack_sharing_enabled":true,"_links":{"self":[{"href":"https:\/\/www.qnde.ca\/fr\/wp-json\/wp\/v2\/product\/8035","targetHints":{"allow":["GET"]}}],"collection":[{"href":"https:\/\/www.qnde.ca\/fr\/wp-json\/wp\/v2\/product"}],"about":[{"href":"https:\/\/www.qnde.ca\/fr\/wp-json\/wp\/v2\/types\/product"}],"wp:featuredmedia":[{"embeddable":true,"href":"https:\/\/www.qnde.ca\/fr\/wp-json\/wp\/v2\/media\/8039"}],"wp:attachment":[{"href":"https:\/\/www.qnde.ca\/fr\/wp-json\/wp\/v2\/media?parent=8035"}],"wp:term":[{"taxonomy":"product_brand","embeddable":true,"href":"https:\/\/www.qnde.ca\/fr\/wp-json\/wp\/v2\/product_brand?post=8035"},{"taxonomy":"product_cat","embeddable":true,"href":"https:\/\/www.qnde.ca\/fr\/wp-json\/wp\/v2\/product_cat?post=8035"},{"taxonomy":"product_tag","embeddable":true,"href":"https:\/\/www.qnde.ca\/fr\/wp-json\/wp\/v2\/product_tag?post=8035"}],"curies":[{"name":"wp","href":"https:\/\/api.w.org\/{rel}","templated":true}]}}