{"id":8004,"date":"2016-05-10T17:51:56","date_gmt":"2016-05-10T17:51:56","guid":{"rendered":"https:\/\/www.qnde.ca\/product\/xrp3000\/"},"modified":"2025-06-06T15:47:59","modified_gmt":"2025-06-06T19:47:59","slug":"xrp3000","status":"publish","type":"product","link":"https:\/\/www.qnde.ca\/fr\/produit\/xrp3000\/","title":{"rendered":"Spectro-UV AccuMAX&#x2122;  Radiom\u00e8tre\/Photom\u00e8tre"},"content":{"rendered":"<h3><strong>Spectro-UV AccuMAX&#x2122; Radiom\u00e8tre\/Photom\u00e8tre<\/strong><\/h3>\n<p>Ce radiometre\/photometre de Spectro-UV a un d\u00e9tecteur \u00e0 doubles capteurs, et mesure \u00e0 la fois la lumi\u00e8re UV et la lumi\u00e8re blanche. Conforme \u00e0 la norme ASTM E3022-15 (r\u00e9solution minimale de 5 \u03bcW\/cm<sup>2<\/sup>). C\u00e2ble USB rempla\u00e7able entre le d\u00e9tecteur et l\u2019unit\u00e9 de lecture. Choix d\u2019une connexion directe ou USB entre le d\u00e9tecteur et le capteur et l\u2019unit\u00e9 de lecture.<\/p>\n<ul>\n<li>XRP-3000: AccuMAX&#x2122;, appareil de mesure de lumi\u00e8re UV et visible (c\u00e2ble USB).<\/li>\n<li>XR-1000 AccuMAX&#x2122; Readout Unit<\/li>\n<li>XDS-1000 AccuMAX&#x2122; Dual Sensor Detector<\/li>\n<\/ul>\n","protected":false},"excerpt":{"rendered":"<p>Spectro-UV AccuMAX&#x2122; Radiom\u00e8tre\/Photom\u00e8tre Ce radiometre\/photometre de Spectro-UV a un d\u00e9tecteur \u00e0 doubles capteurs, et mesure \u00e0 la fois la lumi\u00e8re UV et la lumi\u00e8re blanche. Conforme \u00e0 la norme ASTM E3022-15 (r\u00e9solution minimale de 5 \u03bcW\/cm2). C\u00e2ble USB rempla\u00e7able entre le d\u00e9tecteur et l\u2019unit\u00e9 de lecture. Choix d\u2019une connexion directe ou USB entre le d\u00e9tecteur [&hellip;]<\/p>\n","protected":false},"featured_media":12432,"template":"","meta":{"_monsterinsights_skip_tracking":false,"_monsterinsights_sitenote_active":false,"_monsterinsights_sitenote_note":"","_monsterinsights_sitenote_category":0},"product_brand":[],"product_cat":[400,133],"product_tag":[],"class_list":{"0":"post-8004","1":"product","2":"type-product","3":"status-publish","4":"has-post-thumbnail","6":"product_cat-spectro-uv-fr","7":"product_cat-lampes-uv","9":"first","10":"instock","11":"shipping-taxable","12":"purchasable","13":"product-type-variable"},"yoast_head":"<!-- This site is optimized with the Yoast SEO plugin v23.9 - https:\/\/yoast.com\/wordpress\/plugins\/seo\/ -->\n<title>Spectro-UV AccuMAX&#x2122; Radiom\u00e8tre\/Photom\u00e8tre &#060; Qualit\u00e9 NDE<\/title>\n<meta name=\"description\" content=\"Ce radiometre\/photometre de Spectro-UV a un d\u00e9tecteur \u00e0 doubles capteurs, et mesure la lumi\u00e8re UV et la lumi\u00e8re blanche. Conforme \u00e0 la norme ASTM E3022-15\" \/>\n<meta name=\"robots\" content=\"index, follow, max-snippet:-1, max-image-preview:large, max-video-preview:-1\" \/>\n<link rel=\"canonical\" href=\"https:\/\/www.qnde.ca\/fr\/produit\/xrp3000\/\" \/>\n<meta name=\"twitter:label1\" content=\"Dur\u00e9e de lecture estim\u00e9e\" \/>\n\t<meta name=\"twitter:data1\" content=\"1 minute\" \/>\n<script type=\"application\/ld+json\" class=\"yoast-schema-graph\">{\"@context\":\"https:\/\/schema.org\",\"@graph\":[{\"@type\":[\"WebPage\",\"ItemPage\"],\"@id\":\"https:\/\/www.qnde.ca\/fr\/produit\/xrp3000\/\",\"url\":\"https:\/\/www.qnde.ca\/fr\/produit\/xrp3000\/\",\"name\":\"Spectro-UV AccuMAX&#x2122; Radiom\u00e8tre\/Photom\u00e8tre &#060; Qualit\u00e9 NDE\",\"isPartOf\":{\"@id\":\"https:\/\/www.qnde.ca\/#website\"},\"primaryImageOfPage\":{\"@id\":\"https:\/\/www.qnde.ca\/fr\/produit\/xrp3000\/#primaryimage\"},\"image\":{\"@id\":\"https:\/\/www.qnde.ca\/fr\/produit\/xrp3000\/#primaryimage\"},\"thumbnailUrl\":\"https:\/\/www.qnde.ca\/wp-content\/uploads\/2020\/11\/XF-1000_with_USB.jpg\",\"datePublished\":\"2016-05-10T17:51:56+00:00\",\"dateModified\":\"2025-06-06T19:47:59+00:00\",\"description\":\"Ce radiometre\/photometre de Spectro-UV a un d\u00e9tecteur \u00e0 doubles capteurs, et mesure la lumi\u00e8re UV et la lumi\u00e8re blanche. Conforme \u00e0 la norme ASTM E3022-15\",\"breadcrumb\":{\"@id\":\"https:\/\/www.qnde.ca\/fr\/produit\/xrp3000\/#breadcrumb\"},\"inLanguage\":\"fr-FR\",\"potentialAction\":[{\"@type\":\"ReadAction\",\"target\":[\"https:\/\/www.qnde.ca\/fr\/produit\/xrp3000\/\"]}]},{\"@type\":\"ImageObject\",\"inLanguage\":\"fr-FR\",\"@id\":\"https:\/\/www.qnde.ca\/fr\/produit\/xrp3000\/#primaryimage\",\"url\":\"https:\/\/www.qnde.ca\/wp-content\/uploads\/2020\/11\/XF-1000_with_USB.jpg\",\"contentUrl\":\"https:\/\/www.qnde.ca\/wp-content\/uploads\/2020\/11\/XF-1000_with_USB.jpg\",\"width\":480,\"height\":480},{\"@type\":\"BreadcrumbList\",\"@id\":\"https:\/\/www.qnde.ca\/fr\/produit\/xrp3000\/#breadcrumb\",\"itemListElement\":[{\"@type\":\"ListItem\",\"position\":1,\"name\":\"Accueil\",\"item\":\"https:\/\/www.qnde.ca\/fr\/\"},{\"@type\":\"ListItem\",\"position\":2,\"name\":\"Produits\",\"item\":\"https:\/\/www.qnde.ca\/fr\/produits\/\"},{\"@type\":\"ListItem\",\"position\":3,\"name\":\"Marques\",\"item\":\"https:\/\/www.qnde.ca\/fr\/product-category\/marques\/\"},{\"@type\":\"ListItem\",\"position\":4,\"name\":\"Spectro-UV\",\"item\":\"https:\/\/www.qnde.ca\/fr\/product-category\/marques\/spectro-uv-fr\/\"},{\"@type\":\"ListItem\",\"position\":5,\"name\":\"Spectro-UV AccuMAX&#x2122; Radiom\u00e8tre\/Photom\u00e8tre\"}]},{\"@type\":\"WebSite\",\"@id\":\"https:\/\/www.qnde.ca\/#website\",\"url\":\"https:\/\/www.qnde.ca\/\",\"name\":\"Qualit\u00e9 NDE\",\"description\":\"\u00c9quipements d&#039;essais non destructifs \",\"publisher\":{\"@id\":\"https:\/\/www.qnde.ca\/#organization\"},\"potentialAction\":[{\"@type\":\"SearchAction\",\"target\":{\"@type\":\"EntryPoint\",\"urlTemplate\":\"https:\/\/www.qnde.ca\/?s={search_term_string}\"},\"query-input\":{\"@type\":\"PropertyValueSpecification\",\"valueRequired\":true,\"valueName\":\"search_term_string\"}}],\"inLanguage\":\"fr-FR\"},{\"@type\":\"Organization\",\"@id\":\"https:\/\/www.qnde.ca\/#organization\",\"name\":\"Quality NDT Ltd.\",\"url\":\"https:\/\/www.qnde.ca\/\",\"logo\":{\"@type\":\"ImageObject\",\"inLanguage\":\"fr-FR\",\"@id\":\"https:\/\/www.qnde.ca\/#\/schema\/logo\/image\/\",\"url\":\"https:\/\/www.qnde.ca\/wp-content\/uploads\/2022\/02\/QNDE_logo_RGB-gif.gif\",\"contentUrl\":\"https:\/\/www.qnde.ca\/wp-content\/uploads\/2022\/02\/QNDE_logo_RGB-gif.gif\",\"width\":250,\"height\":64,\"caption\":\"Quality NDT Ltd.\"},\"image\":{\"@id\":\"https:\/\/www.qnde.ca\/#\/schema\/logo\/image\/\"},\"sameAs\":[\"https:\/\/www.linkedin.com\/company\/qnde\/about\/?viewAsMember=true\"]}]}<\/script>\n<!-- \/ Yoast SEO plugin. -->","yoast_head_json":{"title":"Spectro-UV AccuMAX&#x2122; Radiom\u00e8tre\/Photom\u00e8tre &#060; Qualit\u00e9 NDE","description":"Ce radiometre\/photometre de Spectro-UV a un d\u00e9tecteur \u00e0 doubles capteurs, et mesure la lumi\u00e8re UV et la lumi\u00e8re blanche. Conforme \u00e0 la norme ASTM E3022-15","robots":{"index":"index","follow":"follow","max-snippet":"max-snippet:-1","max-image-preview":"max-image-preview:large","max-video-preview":"max-video-preview:-1"},"canonical":"https:\/\/www.qnde.ca\/fr\/produit\/xrp3000\/","twitter_misc":{"Dur\u00e9e de lecture estim\u00e9e":"1 minute"},"schema":{"@context":"https:\/\/schema.org","@graph":[{"@type":["WebPage","ItemPage"],"@id":"https:\/\/www.qnde.ca\/fr\/produit\/xrp3000\/","url":"https:\/\/www.qnde.ca\/fr\/produit\/xrp3000\/","name":"Spectro-UV AccuMAX&#x2122; Radiom\u00e8tre\/Photom\u00e8tre &#060; Qualit\u00e9 NDE","isPartOf":{"@id":"https:\/\/www.qnde.ca\/#website"},"primaryImageOfPage":{"@id":"https:\/\/www.qnde.ca\/fr\/produit\/xrp3000\/#primaryimage"},"image":{"@id":"https:\/\/www.qnde.ca\/fr\/produit\/xrp3000\/#primaryimage"},"thumbnailUrl":"https:\/\/www.qnde.ca\/wp-content\/uploads\/2020\/11\/XF-1000_with_USB.jpg","datePublished":"2016-05-10T17:51:56+00:00","dateModified":"2025-06-06T19:47:59+00:00","description":"Ce radiometre\/photometre de Spectro-UV a un d\u00e9tecteur \u00e0 doubles capteurs, et mesure la lumi\u00e8re UV et la lumi\u00e8re blanche. Conforme \u00e0 la norme ASTM E3022-15","breadcrumb":{"@id":"https:\/\/www.qnde.ca\/fr\/produit\/xrp3000\/#breadcrumb"},"inLanguage":"fr-FR","potentialAction":[{"@type":"ReadAction","target":["https:\/\/www.qnde.ca\/fr\/produit\/xrp3000\/"]}]},{"@type":"ImageObject","inLanguage":"fr-FR","@id":"https:\/\/www.qnde.ca\/fr\/produit\/xrp3000\/#primaryimage","url":"https:\/\/www.qnde.ca\/wp-content\/uploads\/2020\/11\/XF-1000_with_USB.jpg","contentUrl":"https:\/\/www.qnde.ca\/wp-content\/uploads\/2020\/11\/XF-1000_with_USB.jpg","width":480,"height":480},{"@type":"BreadcrumbList","@id":"https:\/\/www.qnde.ca\/fr\/produit\/xrp3000\/#breadcrumb","itemListElement":[{"@type":"ListItem","position":1,"name":"Accueil","item":"https:\/\/www.qnde.ca\/fr\/"},{"@type":"ListItem","position":2,"name":"Produits","item":"https:\/\/www.qnde.ca\/fr\/produits\/"},{"@type":"ListItem","position":3,"name":"Marques","item":"https:\/\/www.qnde.ca\/fr\/product-category\/marques\/"},{"@type":"ListItem","position":4,"name":"Spectro-UV","item":"https:\/\/www.qnde.ca\/fr\/product-category\/marques\/spectro-uv-fr\/"},{"@type":"ListItem","position":5,"name":"Spectro-UV AccuMAX&#x2122; Radiom\u00e8tre\/Photom\u00e8tre"}]},{"@type":"WebSite","@id":"https:\/\/www.qnde.ca\/#website","url":"https:\/\/www.qnde.ca\/","name":"Qualit\u00e9 NDE","description":"\u00c9quipements d&#039;essais non destructifs ","publisher":{"@id":"https:\/\/www.qnde.ca\/#organization"},"potentialAction":[{"@type":"SearchAction","target":{"@type":"EntryPoint","urlTemplate":"https:\/\/www.qnde.ca\/?s={search_term_string}"},"query-input":{"@type":"PropertyValueSpecification","valueRequired":true,"valueName":"search_term_string"}}],"inLanguage":"fr-FR"},{"@type":"Organization","@id":"https:\/\/www.qnde.ca\/#organization","name":"Quality NDT Ltd.","url":"https:\/\/www.qnde.ca\/","logo":{"@type":"ImageObject","inLanguage":"fr-FR","@id":"https:\/\/www.qnde.ca\/#\/schema\/logo\/image\/","url":"https:\/\/www.qnde.ca\/wp-content\/uploads\/2022\/02\/QNDE_logo_RGB-gif.gif","contentUrl":"https:\/\/www.qnde.ca\/wp-content\/uploads\/2022\/02\/QNDE_logo_RGB-gif.gif","width":250,"height":64,"caption":"Quality NDT Ltd."},"image":{"@id":"https:\/\/www.qnde.ca\/#\/schema\/logo\/image\/"},"sameAs":["https:\/\/www.linkedin.com\/company\/qnde\/about\/?viewAsMember=true"]}]}},"jetpack_sharing_enabled":true,"_links":{"self":[{"href":"https:\/\/www.qnde.ca\/fr\/wp-json\/wp\/v2\/product\/8004","targetHints":{"allow":["GET"]}}],"collection":[{"href":"https:\/\/www.qnde.ca\/fr\/wp-json\/wp\/v2\/product"}],"about":[{"href":"https:\/\/www.qnde.ca\/fr\/wp-json\/wp\/v2\/types\/product"}],"wp:featuredmedia":[{"embeddable":true,"href":"https:\/\/www.qnde.ca\/fr\/wp-json\/wp\/v2\/media\/12432"}],"wp:attachment":[{"href":"https:\/\/www.qnde.ca\/fr\/wp-json\/wp\/v2\/media?parent=8004"}],"wp:term":[{"taxonomy":"product_brand","embeddable":true,"href":"https:\/\/www.qnde.ca\/fr\/wp-json\/wp\/v2\/product_brand?post=8004"},{"taxonomy":"product_cat","embeddable":true,"href":"https:\/\/www.qnde.ca\/fr\/wp-json\/wp\/v2\/product_cat?post=8004"},{"taxonomy":"product_tag","embeddable":true,"href":"https:\/\/www.qnde.ca\/fr\/wp-json\/wp\/v2\/product_tag?post=8004"}],"curies":[{"name":"wp","href":"https:\/\/api.w.org\/{rel}","templated":true}]}}