{"id":7997,"date":"2016-05-10T15:48:53","date_gmt":"2016-05-10T15:48:53","guid":{"rendered":"https:\/\/www.qnde.ca\/product\/rbannisdemag\/"},"modified":"2025-12-03T10:52:31","modified_gmt":"2025-12-03T15:52:31","slug":"qnde-ndt-demagnetiseur","status":"publish","type":"product","link":"https:\/\/www.qnde.ca\/fr\/produit\/qnde-ndt-demagnetiseur\/","title":{"rendered":"RB Annis, D\u00e9magn\u00e9tiseurs"},"content":{"rendered":"<h3><strong>RB Annis, D\u00e9magn\u00e9tiseurs<\/strong><\/h3>\n<p>Bobine avec cadre en aluminium coul\u00e9, pour installation de surface ou dans un banc magn\u00e9tique. Options\u00a0: Op\u00e9ration en continue (C) ou intermittente (I); dans un environnement sec ou humide. 120, 240, 480 ou 575 VAC-60Hz.<\/p>\n<p>Voir la fiche technique pour les mod\u00e8les standards disponibles. Des tailles personnalis\u00e9es sont disponibles sur demande.<\/p>\n<p>Communiquez avec nous pour discuter des options disponibles et\/ou recevoir une soumission.<\/p>\n<ul>\n<li>DEMAG 4.5&#215;14: D\u00e9magn\u00e9tiseur 14&Prime; Lx4.5&Prime; H (35.5&#215;11.4cm). 120, 240, 480 ou 575 VAC-60Hz.<\/li>\n<li>DEMAG 6&#215;14: D\u00e9magn\u00e9tiseur 14&Prime; Lx\u00a0\u00bb H (35.5&#215;15.2 cm). 120, 240, 480 ou 575 VAC-60 Hz.<\/li>\n<li>DEMAG 8&#215;24: D\u00e9magn\u00e9tiseur, 24&Prime; Lx8&Prime; H (60.9&#215;20.3cm). 240, 480 ou 575 VAC-60Hz.<\/li>\n<li>DEMAG 14&#215;16: D\u00e9magn\u00e9tiseur, 14&Prime; Lx16&Prime; H (35.5&#215;40.6 cm). 120, 240, 480 ou 575VAC-60 Hz.<\/li>\n<li>DEMAG 3.5C: D\u00e9magn\u00e9tiseur, 3.5&Prime; (8.9cm) de diam\u00e8tre. 120, 240 ou 480VAC-60Hz.<\/li>\n<li>DEMAG 6.0C: D\u00e9magn\u00e9tiseur, 6.0&Prime; (15.2cm) de diam\u00e8tre. 120, 240 ou 480VAC-60 Hz.<\/li>\n<li id=\"ctl01_ctl00_cphMainContent_ProductTitle\">DEMAG 10.0C: D\u00e9magn\u00e9tiseur, 10.0&Prime; (15.2cm) de diam\u00e8tre. 120, 240 ou 480VAC-60 Hz.<\/li>\n<\/ul>\n","protected":false},"excerpt":{"rendered":"<p>RB Annis, D\u00e9magn\u00e9tiseurs Bobine avec cadre en aluminium coul\u00e9, pour installation de surface ou dans un banc magn\u00e9tique. Options\u00a0: Op\u00e9ration en continue (C) ou intermittente (I); dans un environnement sec ou humide. 120, 240, 480 ou 575 VAC-60Hz. Voir la fiche technique pour les mod\u00e8les standards disponibles. Des tailles personnalis\u00e9es sont disponibles sur demande. Communiquez [&hellip;]<\/p>\n","protected":false},"featured_media":8001,"template":"","meta":{"_monsterinsights_skip_tracking":false,"_monsterinsights_sitenote_active":false,"_monsterinsights_sitenote_note":"","_monsterinsights_sitenote_category":0},"product_brand":[],"product_cat":[402,134],"product_tag":[],"class_list":{"0":"post-7997","1":"product","2":"type-product","3":"status-publish","4":"has-post-thumbnail","6":"product_cat-autres-marques","7":"product_cat-accessoires-magnetoscopie","9":"first","10":"instock","11":"shipping-taxable","12":"purchasable","13":"product-type-variable"},"yoast_head":"<!-- This site is optimized with the Yoast SEO plugin v23.9 - https:\/\/yoast.com\/wordpress\/plugins\/seo\/ -->\n<title>RB Annis, D\u00e9magn\u00e9tiseurs &#060; Qualit\u00e9 NDE<\/title>\n<meta name=\"description\" content=\"RB Annis d\u00e9magn\u00e9tiseurs : bobine en aluminium pour montage fixe, options sec\/humide, continue\/intermittente. Mod\u00e8les standards ou sur mesure, 120\u2013575\u202fVAC.\" \/>\n<meta name=\"robots\" content=\"index, follow, max-snippet:-1, max-image-preview:large, max-video-preview:-1\" \/>\n<link rel=\"canonical\" href=\"https:\/\/www.qnde.ca\/fr\/produit\/qnde-ndt-demagnetiseur\/\" \/>\n<meta name=\"twitter:label1\" content=\"Dur\u00e9e de lecture estim\u00e9e\" \/>\n\t<meta name=\"twitter:data1\" content=\"1 minute\" \/>\n<script type=\"application\/ld+json\" class=\"yoast-schema-graph\">{\"@context\":\"https:\/\/schema.org\",\"@graph\":[{\"@type\":[\"WebPage\",\"ItemPage\"],\"@id\":\"https:\/\/www.qnde.ca\/fr\/produit\/qnde-ndt-demagnetiseur\/\",\"url\":\"https:\/\/www.qnde.ca\/fr\/produit\/qnde-ndt-demagnetiseur\/\",\"name\":\"RB Annis, D\u00e9magn\u00e9tiseurs &#060; Qualit\u00e9 NDE\",\"isPartOf\":{\"@id\":\"https:\/\/www.qnde.ca\/#website\"},\"primaryImageOfPage\":{\"@id\":\"https:\/\/www.qnde.ca\/fr\/produit\/qnde-ndt-demagnetiseur\/#primaryimage\"},\"image\":{\"@id\":\"https:\/\/www.qnde.ca\/fr\/produit\/qnde-ndt-demagnetiseur\/#primaryimage\"},\"thumbnailUrl\":\"https:\/\/www.qnde.ca\/wp-content\/uploads\/2016\/05\/rb-annis-co-3-1-2-x-cir-circular-demagnetizer-intermittant-120v-60-hz-0f4.jpg\",\"datePublished\":\"2016-05-10T15:48:53+00:00\",\"dateModified\":\"2025-12-03T15:52:31+00:00\",\"description\":\"RB Annis d\u00e9magn\u00e9tiseurs : bobine en aluminium pour montage fixe, options sec\/humide, continue\/intermittente. Mod\u00e8les standards ou sur mesure, 120\u2013575\u202fVAC.\",\"breadcrumb\":{\"@id\":\"https:\/\/www.qnde.ca\/fr\/produit\/qnde-ndt-demagnetiseur\/#breadcrumb\"},\"inLanguage\":\"fr-FR\",\"potentialAction\":[{\"@type\":\"ReadAction\",\"target\":[\"https:\/\/www.qnde.ca\/fr\/produit\/qnde-ndt-demagnetiseur\/\"]}]},{\"@type\":\"ImageObject\",\"inLanguage\":\"fr-FR\",\"@id\":\"https:\/\/www.qnde.ca\/fr\/produit\/qnde-ndt-demagnetiseur\/#primaryimage\",\"url\":\"https:\/\/www.qnde.ca\/wp-content\/uploads\/2016\/05\/rb-annis-co-3-1-2-x-cir-circular-demagnetizer-intermittant-120v-60-hz-0f4.jpg\",\"contentUrl\":\"https:\/\/www.qnde.ca\/wp-content\/uploads\/2016\/05\/rb-annis-co-3-1-2-x-cir-circular-demagnetizer-intermittant-120v-60-hz-0f4.jpg\",\"width\":1000,\"height\":750,\"caption\":\"RB Annis : Anneau m\u00e9tallique noir connect\u00e9 \u00e0 un fil, d\u00e9magn\u00e9tiseurs.\"},{\"@type\":\"BreadcrumbList\",\"@id\":\"https:\/\/www.qnde.ca\/fr\/produit\/qnde-ndt-demagnetiseur\/#breadcrumb\",\"itemListElement\":[{\"@type\":\"ListItem\",\"position\":1,\"name\":\"Accueil\",\"item\":\"https:\/\/www.qnde.ca\/fr\/\"},{\"@type\":\"ListItem\",\"position\":2,\"name\":\"Produits\",\"item\":\"https:\/\/www.qnde.ca\/fr\/produits\/\"},{\"@type\":\"ListItem\",\"position\":3,\"name\":\"Marques\",\"item\":\"https:\/\/www.qnde.ca\/fr\/product-category\/marques\/\"},{\"@type\":\"ListItem\",\"position\":4,\"name\":\"Autres Marques\",\"item\":\"https:\/\/www.qnde.ca\/fr\/product-category\/marques\/autres-marques\/\"},{\"@type\":\"ListItem\",\"position\":5,\"name\":\"RB Annis, D\u00e9magn\u00e9tiseurs\"}]},{\"@type\":\"WebSite\",\"@id\":\"https:\/\/www.qnde.ca\/#website\",\"url\":\"https:\/\/www.qnde.ca\/\",\"name\":\"Qualit\u00e9 NDE\",\"description\":\"\u00c9quipements d&#039;essais non destructifs \",\"publisher\":{\"@id\":\"https:\/\/www.qnde.ca\/#organization\"},\"potentialAction\":[{\"@type\":\"SearchAction\",\"target\":{\"@type\":\"EntryPoint\",\"urlTemplate\":\"https:\/\/www.qnde.ca\/?s={search_term_string}\"},\"query-input\":{\"@type\":\"PropertyValueSpecification\",\"valueRequired\":true,\"valueName\":\"search_term_string\"}}],\"inLanguage\":\"fr-FR\"},{\"@type\":\"Organization\",\"@id\":\"https:\/\/www.qnde.ca\/#organization\",\"name\":\"Quality NDT Ltd.\",\"url\":\"https:\/\/www.qnde.ca\/\",\"logo\":{\"@type\":\"ImageObject\",\"inLanguage\":\"fr-FR\",\"@id\":\"https:\/\/www.qnde.ca\/#\/schema\/logo\/image\/\",\"url\":\"https:\/\/www.qnde.ca\/wp-content\/uploads\/2022\/02\/QNDE_logo_RGB-gif.gif\",\"contentUrl\":\"https:\/\/www.qnde.ca\/wp-content\/uploads\/2022\/02\/QNDE_logo_RGB-gif.gif\",\"width\":250,\"height\":64,\"caption\":\"Quality NDT Ltd.\"},\"image\":{\"@id\":\"https:\/\/www.qnde.ca\/#\/schema\/logo\/image\/\"},\"sameAs\":[\"https:\/\/www.linkedin.com\/company\/qnde\/about\/?viewAsMember=true\"]}]}<\/script>\n<!-- \/ Yoast SEO plugin. -->","yoast_head_json":{"title":"RB Annis, D\u00e9magn\u00e9tiseurs &#060; Qualit\u00e9 NDE","description":"RB Annis d\u00e9magn\u00e9tiseurs : bobine en aluminium pour montage fixe, options sec\/humide, continue\/intermittente. Mod\u00e8les standards ou sur mesure, 120\u2013575\u202fVAC.","robots":{"index":"index","follow":"follow","max-snippet":"max-snippet:-1","max-image-preview":"max-image-preview:large","max-video-preview":"max-video-preview:-1"},"canonical":"https:\/\/www.qnde.ca\/fr\/produit\/qnde-ndt-demagnetiseur\/","twitter_misc":{"Dur\u00e9e de lecture estim\u00e9e":"1 minute"},"schema":{"@context":"https:\/\/schema.org","@graph":[{"@type":["WebPage","ItemPage"],"@id":"https:\/\/www.qnde.ca\/fr\/produit\/qnde-ndt-demagnetiseur\/","url":"https:\/\/www.qnde.ca\/fr\/produit\/qnde-ndt-demagnetiseur\/","name":"RB Annis, D\u00e9magn\u00e9tiseurs &#060; Qualit\u00e9 NDE","isPartOf":{"@id":"https:\/\/www.qnde.ca\/#website"},"primaryImageOfPage":{"@id":"https:\/\/www.qnde.ca\/fr\/produit\/qnde-ndt-demagnetiseur\/#primaryimage"},"image":{"@id":"https:\/\/www.qnde.ca\/fr\/produit\/qnde-ndt-demagnetiseur\/#primaryimage"},"thumbnailUrl":"https:\/\/www.qnde.ca\/wp-content\/uploads\/2016\/05\/rb-annis-co-3-1-2-x-cir-circular-demagnetizer-intermittant-120v-60-hz-0f4.jpg","datePublished":"2016-05-10T15:48:53+00:00","dateModified":"2025-12-03T15:52:31+00:00","description":"RB Annis d\u00e9magn\u00e9tiseurs : bobine en aluminium pour montage fixe, options sec\/humide, continue\/intermittente. Mod\u00e8les standards ou sur mesure, 120\u2013575\u202fVAC.","breadcrumb":{"@id":"https:\/\/www.qnde.ca\/fr\/produit\/qnde-ndt-demagnetiseur\/#breadcrumb"},"inLanguage":"fr-FR","potentialAction":[{"@type":"ReadAction","target":["https:\/\/www.qnde.ca\/fr\/produit\/qnde-ndt-demagnetiseur\/"]}]},{"@type":"ImageObject","inLanguage":"fr-FR","@id":"https:\/\/www.qnde.ca\/fr\/produit\/qnde-ndt-demagnetiseur\/#primaryimage","url":"https:\/\/www.qnde.ca\/wp-content\/uploads\/2016\/05\/rb-annis-co-3-1-2-x-cir-circular-demagnetizer-intermittant-120v-60-hz-0f4.jpg","contentUrl":"https:\/\/www.qnde.ca\/wp-content\/uploads\/2016\/05\/rb-annis-co-3-1-2-x-cir-circular-demagnetizer-intermittant-120v-60-hz-0f4.jpg","width":1000,"height":750,"caption":"RB Annis : Anneau m\u00e9tallique noir connect\u00e9 \u00e0 un fil, d\u00e9magn\u00e9tiseurs."},{"@type":"BreadcrumbList","@id":"https:\/\/www.qnde.ca\/fr\/produit\/qnde-ndt-demagnetiseur\/#breadcrumb","itemListElement":[{"@type":"ListItem","position":1,"name":"Accueil","item":"https:\/\/www.qnde.ca\/fr\/"},{"@type":"ListItem","position":2,"name":"Produits","item":"https:\/\/www.qnde.ca\/fr\/produits\/"},{"@type":"ListItem","position":3,"name":"Marques","item":"https:\/\/www.qnde.ca\/fr\/product-category\/marques\/"},{"@type":"ListItem","position":4,"name":"Autres Marques","item":"https:\/\/www.qnde.ca\/fr\/product-category\/marques\/autres-marques\/"},{"@type":"ListItem","position":5,"name":"RB Annis, D\u00e9magn\u00e9tiseurs"}]},{"@type":"WebSite","@id":"https:\/\/www.qnde.ca\/#website","url":"https:\/\/www.qnde.ca\/","name":"Qualit\u00e9 NDE","description":"\u00c9quipements d&#039;essais non destructifs ","publisher":{"@id":"https:\/\/www.qnde.ca\/#organization"},"potentialAction":[{"@type":"SearchAction","target":{"@type":"EntryPoint","urlTemplate":"https:\/\/www.qnde.ca\/?s={search_term_string}"},"query-input":{"@type":"PropertyValueSpecification","valueRequired":true,"valueName":"search_term_string"}}],"inLanguage":"fr-FR"},{"@type":"Organization","@id":"https:\/\/www.qnde.ca\/#organization","name":"Quality NDT Ltd.","url":"https:\/\/www.qnde.ca\/","logo":{"@type":"ImageObject","inLanguage":"fr-FR","@id":"https:\/\/www.qnde.ca\/#\/schema\/logo\/image\/","url":"https:\/\/www.qnde.ca\/wp-content\/uploads\/2022\/02\/QNDE_logo_RGB-gif.gif","contentUrl":"https:\/\/www.qnde.ca\/wp-content\/uploads\/2022\/02\/QNDE_logo_RGB-gif.gif","width":250,"height":64,"caption":"Quality NDT Ltd."},"image":{"@id":"https:\/\/www.qnde.ca\/#\/schema\/logo\/image\/"},"sameAs":["https:\/\/www.linkedin.com\/company\/qnde\/about\/?viewAsMember=true"]}]}},"jetpack_sharing_enabled":true,"_links":{"self":[{"href":"https:\/\/www.qnde.ca\/fr\/wp-json\/wp\/v2\/product\/7997","targetHints":{"allow":["GET"]}}],"collection":[{"href":"https:\/\/www.qnde.ca\/fr\/wp-json\/wp\/v2\/product"}],"about":[{"href":"https:\/\/www.qnde.ca\/fr\/wp-json\/wp\/v2\/types\/product"}],"wp:featuredmedia":[{"embeddable":true,"href":"https:\/\/www.qnde.ca\/fr\/wp-json\/wp\/v2\/media\/8001"}],"wp:attachment":[{"href":"https:\/\/www.qnde.ca\/fr\/wp-json\/wp\/v2\/media?parent=7997"}],"wp:term":[{"taxonomy":"product_brand","embeddable":true,"href":"https:\/\/www.qnde.ca\/fr\/wp-json\/wp\/v2\/product_brand?post=7997"},{"taxonomy":"product_cat","embeddable":true,"href":"https:\/\/www.qnde.ca\/fr\/wp-json\/wp\/v2\/product_cat?post=7997"},{"taxonomy":"product_tag","embeddable":true,"href":"https:\/\/www.qnde.ca\/fr\/wp-json\/wp\/v2\/product_tag?post=7997"}],"curies":[{"name":"wp","href":"https:\/\/api.w.org\/{rel}","templated":true}]}}