{"id":7974,"date":"2016-05-10T14:04:42","date_gmt":"2016-05-10T14:04:42","guid":{"rendered":"https:\/\/www.qnde.ca\/product\/dt100\/"},"modified":"2025-12-03T11:19:41","modified_gmt":"2025-12-03T16:19:41","slug":"dt-100-densimetre-portatif","status":"publish","type":"product","link":"https:\/\/www.qnde.ca\/fr\/produit\/dt-100-densimetre-portatif\/","title":{"rendered":"LC NDT Densim\u00e8tre Num\u00e9rique Portatif DT-100"},"content":{"rendered":"<p><strong>LC NDT Densim\u00e8tre Num\u00e9rique Portatif<\/strong><strong> DT-100<\/strong><\/p>\n<p>Le DT-100 est un densim\u00e8tre robuste, con\u00e7u pour mesurer facilement et efficacement la densit\u00e9 de film de 0 \u00e0 4.5D avec une pr\u00e9cision de \u00b1 0.03D (ouverture de 3mm). Parfait pour les chambres noires mobiles et les auditeurs, il p\u00e8se 260g (0.57lb). \u00c9cran LCD \u00e0 4 chiffres avec affichage lumineux et indicateur de batterie faible. 2 ans de garantie.<\/p>\n<ul>\n<li>DT-100: Densim\u00e8tre portatif avec deux batteries AA, manuel de l\u2019utilisateur, certificat et sac de transport.<\/li>\n<li><a href=\"https:\/\/www.qnde.ca\/fr\/produit\/dt-300-densimetre-table\/\">DT-300<\/a>: Densim\u00e8tre de table avec 3 ouvertures (1mm, 2mm, 3mm), alimentation de 90-264VAC, 47-63Hz, manuel de l\u2019utilisateur et certificat.<\/li>\n<\/ul>\n<h4>Bande de densit\u00e9<\/h4>\n<ul>\n<li><a href=\"https:\/\/www.qnde.ca\/fr\/produit\/bande-densite\/\">3UEPB000<\/a>: Bande de densit\u00e9 certifi\u00e9e AGFA, 15-densit\u00e9s.<\/li>\n<\/ul>\n<p>&nbsp;<\/p>\n","protected":false},"excerpt":{"rendered":"<p>LC NDT Densim\u00e8tre Num\u00e9rique Portatif DT-100 Le DT-100 est un densim\u00e8tre robuste, con\u00e7u pour mesurer facilement et efficacement la densit\u00e9 de film de 0 \u00e0 4.5D avec une pr\u00e9cision de \u00b1 0.03D (ouverture de 3mm). Parfait pour les chambres noires mobiles et les auditeurs, il p\u00e8se 260g (0.57lb). \u00c9cran LCD \u00e0 4 chiffres avec affichage [&hellip;]<\/p>\n","protected":false},"featured_media":7976,"template":"","meta":{"_monsterinsights_skip_tracking":false,"_monsterinsights_sitenote_active":false,"_monsterinsights_sitenote_note":"","_monsterinsights_sitenote_category":0},"product_brand":[],"product_cat":[402,144],"product_tag":[],"class_list":{"0":"post-7974","1":"product","2":"type-product","3":"status-publish","4":"has-post-thumbnail","6":"product_cat-autres-marques","7":"product_cat-accessoires-exposition","9":"first","10":"instock","11":"shipping-taxable","12":"purchasable","13":"product-type-variable"},"yoast_head":"<!-- This site is optimized with the Yoast SEO plugin v23.9 - https:\/\/yoast.com\/wordpress\/plugins\/seo\/ -->\n<title>LC NDT Densim\u00e8tre Num\u00e9rique Portatif DT-100 &#060; Qualit\u00e9 NDE<\/title>\n<meta name=\"description\" content=\"Densim\u00e8tre robuste, con\u00e7u pour mesurer facilement et efficacement la densit\u00e9 de film de 0 \u00e0 4.5D avec une pr\u00e9cision de \u00b1 0.03D.\" \/>\n<meta name=\"robots\" content=\"index, follow, max-snippet:-1, max-image-preview:large, max-video-preview:-1\" \/>\n<link rel=\"canonical\" href=\"https:\/\/www.qnde.ca\/fr\/produit\/dt-100-densimetre-portatif\/\" \/>\n<meta name=\"twitter:label1\" content=\"Dur\u00e9e de lecture estim\u00e9e\" \/>\n\t<meta name=\"twitter:data1\" content=\"1 minute\" \/>\n<script type=\"application\/ld+json\" class=\"yoast-schema-graph\">{\"@context\":\"https:\/\/schema.org\",\"@graph\":[{\"@type\":[\"WebPage\",\"ItemPage\"],\"@id\":\"https:\/\/www.qnde.ca\/fr\/produit\/dt-100-densimetre-portatif\/\",\"url\":\"https:\/\/www.qnde.ca\/fr\/produit\/dt-100-densimetre-portatif\/\",\"name\":\"LC NDT Densim\u00e8tre Num\u00e9rique Portatif DT-100 &#060; Qualit\u00e9 NDE\",\"isPartOf\":{\"@id\":\"https:\/\/www.qnde.ca\/#website\"},\"primaryImageOfPage\":{\"@id\":\"https:\/\/www.qnde.ca\/fr\/produit\/dt-100-densimetre-portatif\/#primaryimage\"},\"image\":{\"@id\":\"https:\/\/www.qnde.ca\/fr\/produit\/dt-100-densimetre-portatif\/#primaryimage\"},\"thumbnailUrl\":\"https:\/\/www.qnde.ca\/wp-content\/uploads\/2016\/05\/RT-LC-DT100-500.jpg\",\"datePublished\":\"2016-05-10T14:04:42+00:00\",\"dateModified\":\"2025-12-03T16:19:41+00:00\",\"description\":\"Densim\u00e8tre robuste, con\u00e7u pour mesurer facilement et efficacement la densit\u00e9 de film de 0 \u00e0 4.5D avec une pr\u00e9cision de \u00b1 0.03D.\",\"breadcrumb\":{\"@id\":\"https:\/\/www.qnde.ca\/fr\/produit\/dt-100-densimetre-portatif\/#breadcrumb\"},\"inLanguage\":\"fr-FR\",\"potentialAction\":[{\"@type\":\"ReadAction\",\"target\":[\"https:\/\/www.qnde.ca\/fr\/produit\/dt-100-densimetre-portatif\/\"]}]},{\"@type\":\"ImageObject\",\"inLanguage\":\"fr-FR\",\"@id\":\"https:\/\/www.qnde.ca\/fr\/produit\/dt-100-densimetre-portatif\/#primaryimage\",\"url\":\"https:\/\/www.qnde.ca\/wp-content\/uploads\/2016\/05\/RT-LC-DT100-500.jpg\",\"contentUrl\":\"https:\/\/www.qnde.ca\/wp-content\/uploads\/2016\/05\/RT-LC-DT100-500.jpg\",\"width\":500,\"height\":291,\"caption\":\"Densitom\u00e8tre num\u00e9rique portable LCNDT noir et orange, pr\u00e9sent\u00e9 sur un fond blanc.\"},{\"@type\":\"BreadcrumbList\",\"@id\":\"https:\/\/www.qnde.ca\/fr\/produit\/dt-100-densimetre-portatif\/#breadcrumb\",\"itemListElement\":[{\"@type\":\"ListItem\",\"position\":1,\"name\":\"Accueil\",\"item\":\"https:\/\/www.qnde.ca\/fr\/\"},{\"@type\":\"ListItem\",\"position\":2,\"name\":\"Produits\",\"item\":\"https:\/\/www.qnde.ca\/fr\/produits\/\"},{\"@type\":\"ListItem\",\"position\":3,\"name\":\"Marques\",\"item\":\"https:\/\/www.qnde.ca\/fr\/product-category\/marques\/\"},{\"@type\":\"ListItem\",\"position\":4,\"name\":\"Autres Marques\",\"item\":\"https:\/\/www.qnde.ca\/fr\/product-category\/marques\/autres-marques\/\"},{\"@type\":\"ListItem\",\"position\":5,\"name\":\"LC NDT Densim\u00e8tre Num\u00e9rique Portatif DT-100\"}]},{\"@type\":\"WebSite\",\"@id\":\"https:\/\/www.qnde.ca\/#website\",\"url\":\"https:\/\/www.qnde.ca\/\",\"name\":\"Qualit\u00e9 NDE\",\"description\":\"\u00c9quipements d&#039;essais non destructifs \",\"publisher\":{\"@id\":\"https:\/\/www.qnde.ca\/#organization\"},\"potentialAction\":[{\"@type\":\"SearchAction\",\"target\":{\"@type\":\"EntryPoint\",\"urlTemplate\":\"https:\/\/www.qnde.ca\/?s={search_term_string}\"},\"query-input\":{\"@type\":\"PropertyValueSpecification\",\"valueRequired\":true,\"valueName\":\"search_term_string\"}}],\"inLanguage\":\"fr-FR\"},{\"@type\":\"Organization\",\"@id\":\"https:\/\/www.qnde.ca\/#organization\",\"name\":\"Quality NDT Ltd.\",\"url\":\"https:\/\/www.qnde.ca\/\",\"logo\":{\"@type\":\"ImageObject\",\"inLanguage\":\"fr-FR\",\"@id\":\"https:\/\/www.qnde.ca\/#\/schema\/logo\/image\/\",\"url\":\"https:\/\/www.qnde.ca\/wp-content\/uploads\/2022\/02\/QNDE_logo_RGB-gif.gif\",\"contentUrl\":\"https:\/\/www.qnde.ca\/wp-content\/uploads\/2022\/02\/QNDE_logo_RGB-gif.gif\",\"width\":250,\"height\":64,\"caption\":\"Quality NDT Ltd.\"},\"image\":{\"@id\":\"https:\/\/www.qnde.ca\/#\/schema\/logo\/image\/\"},\"sameAs\":[\"https:\/\/www.linkedin.com\/company\/qnde\/about\/?viewAsMember=true\"]}]}<\/script>\n<!-- \/ Yoast SEO plugin. -->","yoast_head_json":{"title":"LC NDT Densim\u00e8tre Num\u00e9rique Portatif DT-100 &#060; Qualit\u00e9 NDE","description":"Densim\u00e8tre robuste, con\u00e7u pour mesurer facilement et efficacement la densit\u00e9 de film de 0 \u00e0 4.5D avec une pr\u00e9cision de \u00b1 0.03D.","robots":{"index":"index","follow":"follow","max-snippet":"max-snippet:-1","max-image-preview":"max-image-preview:large","max-video-preview":"max-video-preview:-1"},"canonical":"https:\/\/www.qnde.ca\/fr\/produit\/dt-100-densimetre-portatif\/","twitter_misc":{"Dur\u00e9e de lecture estim\u00e9e":"1 minute"},"schema":{"@context":"https:\/\/schema.org","@graph":[{"@type":["WebPage","ItemPage"],"@id":"https:\/\/www.qnde.ca\/fr\/produit\/dt-100-densimetre-portatif\/","url":"https:\/\/www.qnde.ca\/fr\/produit\/dt-100-densimetre-portatif\/","name":"LC NDT Densim\u00e8tre Num\u00e9rique Portatif DT-100 &#060; Qualit\u00e9 NDE","isPartOf":{"@id":"https:\/\/www.qnde.ca\/#website"},"primaryImageOfPage":{"@id":"https:\/\/www.qnde.ca\/fr\/produit\/dt-100-densimetre-portatif\/#primaryimage"},"image":{"@id":"https:\/\/www.qnde.ca\/fr\/produit\/dt-100-densimetre-portatif\/#primaryimage"},"thumbnailUrl":"https:\/\/www.qnde.ca\/wp-content\/uploads\/2016\/05\/RT-LC-DT100-500.jpg","datePublished":"2016-05-10T14:04:42+00:00","dateModified":"2025-12-03T16:19:41+00:00","description":"Densim\u00e8tre robuste, con\u00e7u pour mesurer facilement et efficacement la densit\u00e9 de film de 0 \u00e0 4.5D avec une pr\u00e9cision de \u00b1 0.03D.","breadcrumb":{"@id":"https:\/\/www.qnde.ca\/fr\/produit\/dt-100-densimetre-portatif\/#breadcrumb"},"inLanguage":"fr-FR","potentialAction":[{"@type":"ReadAction","target":["https:\/\/www.qnde.ca\/fr\/produit\/dt-100-densimetre-portatif\/"]}]},{"@type":"ImageObject","inLanguage":"fr-FR","@id":"https:\/\/www.qnde.ca\/fr\/produit\/dt-100-densimetre-portatif\/#primaryimage","url":"https:\/\/www.qnde.ca\/wp-content\/uploads\/2016\/05\/RT-LC-DT100-500.jpg","contentUrl":"https:\/\/www.qnde.ca\/wp-content\/uploads\/2016\/05\/RT-LC-DT100-500.jpg","width":500,"height":291,"caption":"Densitom\u00e8tre num\u00e9rique portable LCNDT noir et orange, pr\u00e9sent\u00e9 sur un fond blanc."},{"@type":"BreadcrumbList","@id":"https:\/\/www.qnde.ca\/fr\/produit\/dt-100-densimetre-portatif\/#breadcrumb","itemListElement":[{"@type":"ListItem","position":1,"name":"Accueil","item":"https:\/\/www.qnde.ca\/fr\/"},{"@type":"ListItem","position":2,"name":"Produits","item":"https:\/\/www.qnde.ca\/fr\/produits\/"},{"@type":"ListItem","position":3,"name":"Marques","item":"https:\/\/www.qnde.ca\/fr\/product-category\/marques\/"},{"@type":"ListItem","position":4,"name":"Autres Marques","item":"https:\/\/www.qnde.ca\/fr\/product-category\/marques\/autres-marques\/"},{"@type":"ListItem","position":5,"name":"LC NDT Densim\u00e8tre Num\u00e9rique Portatif DT-100"}]},{"@type":"WebSite","@id":"https:\/\/www.qnde.ca\/#website","url":"https:\/\/www.qnde.ca\/","name":"Qualit\u00e9 NDE","description":"\u00c9quipements d&#039;essais non destructifs ","publisher":{"@id":"https:\/\/www.qnde.ca\/#organization"},"potentialAction":[{"@type":"SearchAction","target":{"@type":"EntryPoint","urlTemplate":"https:\/\/www.qnde.ca\/?s={search_term_string}"},"query-input":{"@type":"PropertyValueSpecification","valueRequired":true,"valueName":"search_term_string"}}],"inLanguage":"fr-FR"},{"@type":"Organization","@id":"https:\/\/www.qnde.ca\/#organization","name":"Quality NDT Ltd.","url":"https:\/\/www.qnde.ca\/","logo":{"@type":"ImageObject","inLanguage":"fr-FR","@id":"https:\/\/www.qnde.ca\/#\/schema\/logo\/image\/","url":"https:\/\/www.qnde.ca\/wp-content\/uploads\/2022\/02\/QNDE_logo_RGB-gif.gif","contentUrl":"https:\/\/www.qnde.ca\/wp-content\/uploads\/2022\/02\/QNDE_logo_RGB-gif.gif","width":250,"height":64,"caption":"Quality NDT Ltd."},"image":{"@id":"https:\/\/www.qnde.ca\/#\/schema\/logo\/image\/"},"sameAs":["https:\/\/www.linkedin.com\/company\/qnde\/about\/?viewAsMember=true"]}]}},"jetpack_sharing_enabled":true,"_links":{"self":[{"href":"https:\/\/www.qnde.ca\/fr\/wp-json\/wp\/v2\/product\/7974","targetHints":{"allow":["GET"]}}],"collection":[{"href":"https:\/\/www.qnde.ca\/fr\/wp-json\/wp\/v2\/product"}],"about":[{"href":"https:\/\/www.qnde.ca\/fr\/wp-json\/wp\/v2\/types\/product"}],"wp:featuredmedia":[{"embeddable":true,"href":"https:\/\/www.qnde.ca\/fr\/wp-json\/wp\/v2\/media\/7976"}],"wp:attachment":[{"href":"https:\/\/www.qnde.ca\/fr\/wp-json\/wp\/v2\/media?parent=7974"}],"wp:term":[{"taxonomy":"product_brand","embeddable":true,"href":"https:\/\/www.qnde.ca\/fr\/wp-json\/wp\/v2\/product_brand?post=7974"},{"taxonomy":"product_cat","embeddable":true,"href":"https:\/\/www.qnde.ca\/fr\/wp-json\/wp\/v2\/product_cat?post=7974"},{"taxonomy":"product_tag","embeddable":true,"href":"https:\/\/www.qnde.ca\/fr\/wp-json\/wp\/v2\/product_tag?post=7974"}],"curies":[{"name":"wp","href":"https:\/\/api.w.org\/{rel}","templated":true}]}}