{"id":7950,"date":"2016-05-09T20:39:29","date_gmt":"2016-05-09T20:39:29","guid":{"rendered":"https:\/\/www.qnde.ca\/product\/standardutkit\/"},"modified":"2025-06-04T10:52:40","modified_gmt":"2025-06-04T14:52:40","slug":"specimens-ultrason","status":"publish","type":"product","link":"https:\/\/www.qnde.ca\/fr\/produit\/specimens-ultrason\/","title":{"rendered":"Flawtech Ensemble de Sp\u00e9cimens avec D\u00e9fauts Ultrason \u2013 UK-1"},"content":{"rendered":"<h3>Flawtech Ensemble de Sp\u00e9cimens avec D\u00e9fauts Ultrason \u2013 UK-1<\/h3>\n<p>Ensemble de sp\u00e9cimens NDT avec d\u00e9fauts con\u00e7us avec une localisation pr\u00e9cise des d\u00e9fauts dans une grande vari\u00e9t\u00e9 de g\u00e9om\u00e9tries et alliages. Utilis\u00e9 dans diverses industries pour faciliter la formation, la pratique et le d\u00e9veloppement de proc\u00e9dures pour l\u2019\u00e9quipement et les techniciens NDT. Chaque ensemble est livr\u00e9 dans une valise de transport avec dessins CAD, feuille d\u2019essai et certificat de conformit\u00e9 pour chaque sp\u00e9cimen.<\/p>\n<p>Pour plus de sp\u00e9cimens et\/ou ensembles, voir notre catalogue.<\/p>\n<ul>\n<li>UT-1: Ensemble UT (Ultrason): Cinq plaques 0.375&Prime; (9.5mm), trois plaques 0.625&Prime; (18.88mm), une pi\u00e8ce en T de 0.375&Prime; (9.5mm) et un tuyau Schedule 80 de 4.0&Prime; (101.6mm) avec deux d\u00e9fauts al\u00e9atoires par sp\u00e9cimens. Livr\u00e9 avec la documentation compl\u00e8te pour chaque d\u00e9faut (20 d\u00e9fauts).<\/li>\n<\/ul>\n","protected":false},"excerpt":{"rendered":"<p>Flawtech Ensemble de Sp\u00e9cimens avec D\u00e9fauts Ultrason \u2013 UK-1 Ensemble de sp\u00e9cimens NDT avec d\u00e9fauts con\u00e7us avec une localisation pr\u00e9cise des d\u00e9fauts dans une grande vari\u00e9t\u00e9 de g\u00e9om\u00e9tries et alliages. Utilis\u00e9 dans diverses industries pour faciliter la formation, la pratique et le d\u00e9veloppement de proc\u00e9dures pour l\u2019\u00e9quipement et les techniciens NDT. Chaque ensemble est livr\u00e9 [&hellip;]<\/p>\n","protected":false},"featured_media":27893,"template":"","meta":{"_monsterinsights_skip_tracking":false,"_monsterinsights_sitenote_active":false,"_monsterinsights_sitenote_note":"","_monsterinsights_sitenote_category":0},"product_brand":[],"product_cat":[390,156,128,124],"product_tag":[],"class_list":{"0":"post-7950","1":"product","2":"type-product","3":"status-publish","4":"has-post-thumbnail","6":"product_cat-flawtech-fr","7":"product_cat-autres-produits","8":"product_cat-accessoires-ultrasons","9":"product_cat-ultrasons","11":"first","12":"instock","13":"shipping-taxable","14":"purchasable","15":"product-type-simple"},"yoast_head":"<!-- This site is optimized with the Yoast SEO plugin v23.9 - https:\/\/yoast.com\/wordpress\/plugins\/seo\/ -->\n<title>Flawtech Ensemble de Sp\u00e9cimens avec D\u00e9fauts Ultrason \u2013 UK-1 &#060; Qualit\u00e9 NDE<\/title>\n<meta name=\"description\" content=\"4.0&quot; (101.6mm) avec deux d\u00e9fauts al\u00e9atoires par sp\u00e9cimens. Livr\u00e9 avec la documentation compl\u00e8te pour chaque d\u00e9faut (20 d\u00e9fauts).\" \/>\n<meta name=\"robots\" content=\"index, follow, max-snippet:-1, max-image-preview:large, max-video-preview:-1\" \/>\n<link rel=\"canonical\" href=\"https:\/\/www.qnde.ca\/fr\/produit\/specimens-ultrason\/\" \/>\n<meta name=\"twitter:label1\" content=\"Dur\u00e9e de lecture estim\u00e9e\" \/>\n\t<meta name=\"twitter:data1\" content=\"1 minute\" \/>\n<script type=\"application\/ld+json\" class=\"yoast-schema-graph\">{\"@context\":\"https:\/\/schema.org\",\"@graph\":[{\"@type\":[\"WebPage\",\"ItemPage\"],\"@id\":\"https:\/\/www.qnde.ca\/fr\/produit\/specimens-ultrason\/\",\"url\":\"https:\/\/www.qnde.ca\/fr\/produit\/specimens-ultrason\/\",\"name\":\"Flawtech Ensemble de Sp\u00e9cimens avec D\u00e9fauts Ultrason \u2013 UK-1 &#060; Qualit\u00e9 NDE\",\"isPartOf\":{\"@id\":\"https:\/\/www.qnde.ca\/#website\"},\"primaryImageOfPage\":{\"@id\":\"https:\/\/www.qnde.ca\/fr\/produit\/specimens-ultrason\/#primaryimage\"},\"image\":{\"@id\":\"https:\/\/www.qnde.ca\/fr\/produit\/specimens-ultrason\/#primaryimage\"},\"thumbnailUrl\":\"https:\/\/www.qnde.ca\/wp-content\/uploads\/2016\/05\/UK-1-Ultrasound-Flaw-Specimen-Kit.png\",\"datePublished\":\"2016-05-09T20:39:29+00:00\",\"dateModified\":\"2025-06-04T14:52:40+00:00\",\"description\":\"4.0\\\" (101.6mm) avec deux d\u00e9fauts al\u00e9atoires par sp\u00e9cimens. Livr\u00e9 avec la documentation compl\u00e8te pour chaque d\u00e9faut (20 d\u00e9fauts).\",\"breadcrumb\":{\"@id\":\"https:\/\/www.qnde.ca\/fr\/produit\/specimens-ultrason\/#breadcrumb\"},\"inLanguage\":\"fr-FR\",\"potentialAction\":[{\"@type\":\"ReadAction\",\"target\":[\"https:\/\/www.qnde.ca\/fr\/produit\/specimens-ultrason\/\"]}]},{\"@type\":\"ImageObject\",\"inLanguage\":\"fr-FR\",\"@id\":\"https:\/\/www.qnde.ca\/fr\/produit\/specimens-ultrason\/#primaryimage\",\"url\":\"https:\/\/www.qnde.ca\/wp-content\/uploads\/2016\/05\/UK-1-Ultrasound-Flaw-Specimen-Kit.png\",\"contentUrl\":\"https:\/\/www.qnde.ca\/wp-content\/uploads\/2016\/05\/UK-1-Ultrasound-Flaw-Specimen-Kit.png\",\"width\":2048,\"height\":2650,\"caption\":\"Flawtech standard visual kit displayed, showcasing various tools and materials for quality inspection and analysis.\"},{\"@type\":\"BreadcrumbList\",\"@id\":\"https:\/\/www.qnde.ca\/fr\/produit\/specimens-ultrason\/#breadcrumb\",\"itemListElement\":[{\"@type\":\"ListItem\",\"position\":1,\"name\":\"Accueil\",\"item\":\"https:\/\/www.qnde.ca\/fr\/\"},{\"@type\":\"ListItem\",\"position\":2,\"name\":\"Produits\",\"item\":\"https:\/\/www.qnde.ca\/fr\/produits\/\"},{\"@type\":\"ListItem\",\"position\":3,\"name\":\"Ultrasons\",\"item\":\"https:\/\/www.qnde.ca\/fr\/product-category\/ultrasons\/\"},{\"@type\":\"ListItem\",\"position\":4,\"name\":\"Accessoires\",\"item\":\"https:\/\/www.qnde.ca\/fr\/product-category\/ultrasons\/accessoires-ultrasons\/\"},{\"@type\":\"ListItem\",\"position\":5,\"name\":\"Flawtech Ensemble de Sp\u00e9cimens avec D\u00e9fauts Ultrason \u2013 UK-1\"}]},{\"@type\":\"WebSite\",\"@id\":\"https:\/\/www.qnde.ca\/#website\",\"url\":\"https:\/\/www.qnde.ca\/\",\"name\":\"Qualit\u00e9 NDE\",\"description\":\"\u00c9quipements d&#039;essais non destructifs \",\"publisher\":{\"@id\":\"https:\/\/www.qnde.ca\/#organization\"},\"potentialAction\":[{\"@type\":\"SearchAction\",\"target\":{\"@type\":\"EntryPoint\",\"urlTemplate\":\"https:\/\/www.qnde.ca\/?s={search_term_string}\"},\"query-input\":{\"@type\":\"PropertyValueSpecification\",\"valueRequired\":true,\"valueName\":\"search_term_string\"}}],\"inLanguage\":\"fr-FR\"},{\"@type\":\"Organization\",\"@id\":\"https:\/\/www.qnde.ca\/#organization\",\"name\":\"Quality NDT Ltd.\",\"url\":\"https:\/\/www.qnde.ca\/\",\"logo\":{\"@type\":\"ImageObject\",\"inLanguage\":\"fr-FR\",\"@id\":\"https:\/\/www.qnde.ca\/#\/schema\/logo\/image\/\",\"url\":\"https:\/\/www.qnde.ca\/wp-content\/uploads\/2022\/02\/QNDE_logo_RGB-gif.gif\",\"contentUrl\":\"https:\/\/www.qnde.ca\/wp-content\/uploads\/2022\/02\/QNDE_logo_RGB-gif.gif\",\"width\":250,\"height\":64,\"caption\":\"Quality NDT Ltd.\"},\"image\":{\"@id\":\"https:\/\/www.qnde.ca\/#\/schema\/logo\/image\/\"},\"sameAs\":[\"https:\/\/www.linkedin.com\/company\/qnde\/about\/?viewAsMember=true\"]}]}<\/script>\n<!-- \/ Yoast SEO plugin. -->","yoast_head_json":{"title":"Flawtech Ensemble de Sp\u00e9cimens avec D\u00e9fauts Ultrason \u2013 UK-1 &#060; Qualit\u00e9 NDE","description":"4.0\" (101.6mm) avec deux d\u00e9fauts al\u00e9atoires par sp\u00e9cimens. Livr\u00e9 avec la documentation compl\u00e8te pour chaque d\u00e9faut (20 d\u00e9fauts).","robots":{"index":"index","follow":"follow","max-snippet":"max-snippet:-1","max-image-preview":"max-image-preview:large","max-video-preview":"max-video-preview:-1"},"canonical":"https:\/\/www.qnde.ca\/fr\/produit\/specimens-ultrason\/","twitter_misc":{"Dur\u00e9e de lecture estim\u00e9e":"1 minute"},"schema":{"@context":"https:\/\/schema.org","@graph":[{"@type":["WebPage","ItemPage"],"@id":"https:\/\/www.qnde.ca\/fr\/produit\/specimens-ultrason\/","url":"https:\/\/www.qnde.ca\/fr\/produit\/specimens-ultrason\/","name":"Flawtech Ensemble de Sp\u00e9cimens avec D\u00e9fauts Ultrason \u2013 UK-1 &#060; Qualit\u00e9 NDE","isPartOf":{"@id":"https:\/\/www.qnde.ca\/#website"},"primaryImageOfPage":{"@id":"https:\/\/www.qnde.ca\/fr\/produit\/specimens-ultrason\/#primaryimage"},"image":{"@id":"https:\/\/www.qnde.ca\/fr\/produit\/specimens-ultrason\/#primaryimage"},"thumbnailUrl":"https:\/\/www.qnde.ca\/wp-content\/uploads\/2016\/05\/UK-1-Ultrasound-Flaw-Specimen-Kit.png","datePublished":"2016-05-09T20:39:29+00:00","dateModified":"2025-06-04T14:52:40+00:00","description":"4.0\" (101.6mm) avec deux d\u00e9fauts al\u00e9atoires par sp\u00e9cimens. Livr\u00e9 avec la documentation compl\u00e8te pour chaque d\u00e9faut (20 d\u00e9fauts).","breadcrumb":{"@id":"https:\/\/www.qnde.ca\/fr\/produit\/specimens-ultrason\/#breadcrumb"},"inLanguage":"fr-FR","potentialAction":[{"@type":"ReadAction","target":["https:\/\/www.qnde.ca\/fr\/produit\/specimens-ultrason\/"]}]},{"@type":"ImageObject","inLanguage":"fr-FR","@id":"https:\/\/www.qnde.ca\/fr\/produit\/specimens-ultrason\/#primaryimage","url":"https:\/\/www.qnde.ca\/wp-content\/uploads\/2016\/05\/UK-1-Ultrasound-Flaw-Specimen-Kit.png","contentUrl":"https:\/\/www.qnde.ca\/wp-content\/uploads\/2016\/05\/UK-1-Ultrasound-Flaw-Specimen-Kit.png","width":2048,"height":2650,"caption":"Flawtech standard visual kit displayed, showcasing various tools and materials for quality inspection and analysis."},{"@type":"BreadcrumbList","@id":"https:\/\/www.qnde.ca\/fr\/produit\/specimens-ultrason\/#breadcrumb","itemListElement":[{"@type":"ListItem","position":1,"name":"Accueil","item":"https:\/\/www.qnde.ca\/fr\/"},{"@type":"ListItem","position":2,"name":"Produits","item":"https:\/\/www.qnde.ca\/fr\/produits\/"},{"@type":"ListItem","position":3,"name":"Ultrasons","item":"https:\/\/www.qnde.ca\/fr\/product-category\/ultrasons\/"},{"@type":"ListItem","position":4,"name":"Accessoires","item":"https:\/\/www.qnde.ca\/fr\/product-category\/ultrasons\/accessoires-ultrasons\/"},{"@type":"ListItem","position":5,"name":"Flawtech Ensemble de Sp\u00e9cimens avec D\u00e9fauts Ultrason \u2013 UK-1"}]},{"@type":"WebSite","@id":"https:\/\/www.qnde.ca\/#website","url":"https:\/\/www.qnde.ca\/","name":"Qualit\u00e9 NDE","description":"\u00c9quipements d&#039;essais non destructifs ","publisher":{"@id":"https:\/\/www.qnde.ca\/#organization"},"potentialAction":[{"@type":"SearchAction","target":{"@type":"EntryPoint","urlTemplate":"https:\/\/www.qnde.ca\/?s={search_term_string}"},"query-input":{"@type":"PropertyValueSpecification","valueRequired":true,"valueName":"search_term_string"}}],"inLanguage":"fr-FR"},{"@type":"Organization","@id":"https:\/\/www.qnde.ca\/#organization","name":"Quality NDT Ltd.","url":"https:\/\/www.qnde.ca\/","logo":{"@type":"ImageObject","inLanguage":"fr-FR","@id":"https:\/\/www.qnde.ca\/#\/schema\/logo\/image\/","url":"https:\/\/www.qnde.ca\/wp-content\/uploads\/2022\/02\/QNDE_logo_RGB-gif.gif","contentUrl":"https:\/\/www.qnde.ca\/wp-content\/uploads\/2022\/02\/QNDE_logo_RGB-gif.gif","width":250,"height":64,"caption":"Quality NDT Ltd."},"image":{"@id":"https:\/\/www.qnde.ca\/#\/schema\/logo\/image\/"},"sameAs":["https:\/\/www.linkedin.com\/company\/qnde\/about\/?viewAsMember=true"]}]}},"jetpack_sharing_enabled":true,"_links":{"self":[{"href":"https:\/\/www.qnde.ca\/fr\/wp-json\/wp\/v2\/product\/7950","targetHints":{"allow":["GET"]}}],"collection":[{"href":"https:\/\/www.qnde.ca\/fr\/wp-json\/wp\/v2\/product"}],"about":[{"href":"https:\/\/www.qnde.ca\/fr\/wp-json\/wp\/v2\/types\/product"}],"wp:featuredmedia":[{"embeddable":true,"href":"https:\/\/www.qnde.ca\/fr\/wp-json\/wp\/v2\/media\/27893"}],"wp:attachment":[{"href":"https:\/\/www.qnde.ca\/fr\/wp-json\/wp\/v2\/media?parent=7950"}],"wp:term":[{"taxonomy":"product_brand","embeddable":true,"href":"https:\/\/www.qnde.ca\/fr\/wp-json\/wp\/v2\/product_brand?post=7950"},{"taxonomy":"product_cat","embeddable":true,"href":"https:\/\/www.qnde.ca\/fr\/wp-json\/wp\/v2\/product_cat?post=7950"},{"taxonomy":"product_tag","embeddable":true,"href":"https:\/\/www.qnde.ca\/fr\/wp-json\/wp\/v2\/product_tag?post=7950"}],"curies":[{"name":"wp","href":"https:\/\/api.w.org\/{rel}","templated":true}]}}