{"id":7933,"date":"2016-05-09T19:56:36","date_gmt":"2016-05-09T19:56:36","guid":{"rendered":"https:\/\/www.qnde.ca\/product\/practicalexamflawspecimens\/"},"modified":"2025-08-18T16:20:53","modified_gmt":"2025-08-18T20:20:53","slug":"ensemble-de-defauts-pour-examens-pratiques","status":"publish","type":"product","link":"https:\/\/www.qnde.ca\/fr\/produit\/ensemble-de-defauts-pour-examens-pratiques\/","title":{"rendered":"Flawtech Ensemble de d\u00e9fauts pour examens pratiques"},"content":{"rendered":"<h3 id=\"ctl01_ctl00_cphMainContent_ProductTitle\">Flawtech Ensemble de d\u00e9fauts pour examens pratiques<\/h3>\n<ul>\n<li>Sp\u00e9cimens plus larges que ceux des ensembles \u00ab\u00a0standard\u00a0\u00bb<\/li>\n<li>Sp\u00e9cimens de 12 UT et\u00a012 MT \/ PT<\/li>\n<li>Chaque sp\u00e9cimen contient 3 \u00ab\u00a0vrais\u00a0\u00bb d\u00e9fauts plac\u00e9s al\u00e9atoirement<\/li>\n<li>Con\u00e7us pour am\u00e9liorer les formations et les qualifications du personnel de niveau\u00a0I &amp; II personnel en conformit\u00e9 avec ISO9712, EN473, PCN &amp; TC-1A<\/li>\n<\/ul>\n<p>&nbsp;<\/p>\n<p>&nbsp;<\/p>\n","protected":false},"excerpt":{"rendered":"<p>Flawtech Ensemble de d\u00e9fauts pour examens pratiques Sp\u00e9cimens plus larges que ceux des ensembles \u00ab\u00a0standard\u00a0\u00bb Sp\u00e9cimens de 12 UT et\u00a012 MT \/ PT Chaque sp\u00e9cimen contient 3 \u00ab\u00a0vrais\u00a0\u00bb d\u00e9fauts plac\u00e9s al\u00e9atoirement Con\u00e7us pour am\u00e9liorer les formations et les qualifications du personnel de niveau\u00a0I &amp; II personnel en conformit\u00e9 avec ISO9712, EN473, PCN &amp; TC-1A &nbsp; [&hellip;]<\/p>\n","protected":false},"featured_media":7935,"template":"","meta":{"_monsterinsights_skip_tracking":false,"_monsterinsights_sitenote_active":false,"_monsterinsights_sitenote_note":"","_monsterinsights_sitenote_category":0},"product_brand":[],"product_cat":[390,156],"product_tag":[],"class_list":{"0":"post-7933","1":"product","2":"type-product","3":"status-publish","4":"has-post-thumbnail","6":"product_cat-flawtech-fr","7":"product_cat-autres-produits","9":"first","10":"instock","11":"shipping-taxable","12":"purchasable","13":"product-type-simple"},"yoast_head":"<!-- This site is optimized with the Yoast SEO plugin v23.9 - https:\/\/yoast.com\/wordpress\/plugins\/seo\/ -->\n<title>Flawtech Ensemble de d\u00e9fauts pour examens pratiques &#060; Qualit\u00e9 NDE<\/title>\n<meta name=\"description\" content=\"Sp\u00e9cimens UT\/MT\/PT avec vrais d\u00e9fauts pour formations et examens pratiques niveau I &amp; II, conformes ISO9712, EN473, PCN, TC-1A.\" \/>\n<meta name=\"robots\" content=\"index, follow, max-snippet:-1, max-image-preview:large, max-video-preview:-1\" \/>\n<link rel=\"canonical\" href=\"https:\/\/www.qnde.ca\/fr\/produit\/ensemble-de-defauts-pour-examens-pratiques\/\" \/>\n<meta name=\"twitter:label1\" content=\"Dur\u00e9e de lecture estim\u00e9e\" \/>\n\t<meta name=\"twitter:data1\" content=\"1 minute\" \/>\n<script type=\"application\/ld+json\" class=\"yoast-schema-graph\">{\"@context\":\"https:\/\/schema.org\",\"@graph\":[{\"@type\":[\"WebPage\",\"ItemPage\"],\"@id\":\"https:\/\/www.qnde.ca\/fr\/produit\/ensemble-de-defauts-pour-examens-pratiques\/\",\"url\":\"https:\/\/www.qnde.ca\/fr\/produit\/ensemble-de-defauts-pour-examens-pratiques\/\",\"name\":\"Flawtech Ensemble de d\u00e9fauts pour examens pratiques &#060; Qualit\u00e9 NDE\",\"isPartOf\":{\"@id\":\"https:\/\/www.qnde.ca\/#website\"},\"primaryImageOfPage\":{\"@id\":\"https:\/\/www.qnde.ca\/fr\/produit\/ensemble-de-defauts-pour-examens-pratiques\/#primaryimage\"},\"image\":{\"@id\":\"https:\/\/www.qnde.ca\/fr\/produit\/ensemble-de-defauts-pour-examens-pratiques\/#primaryimage\"},\"thumbnailUrl\":\"https:\/\/www.qnde.ca\/wp-content\/uploads\/2016\/05\/Practical-Exam-Pic-1.gif\",\"datePublished\":\"2016-05-09T19:56:36+00:00\",\"dateModified\":\"2025-08-18T20:20:53+00:00\",\"description\":\"Sp\u00e9cimens UT\/MT\/PT avec vrais d\u00e9fauts pour formations et examens pratiques niveau I & II, conformes ISO9712, EN473, PCN, TC-1A.\",\"breadcrumb\":{\"@id\":\"https:\/\/www.qnde.ca\/fr\/produit\/ensemble-de-defauts-pour-examens-pratiques\/#breadcrumb\"},\"inLanguage\":\"fr-FR\",\"potentialAction\":[{\"@type\":\"ReadAction\",\"target\":[\"https:\/\/www.qnde.ca\/fr\/produit\/ensemble-de-defauts-pour-examens-pratiques\/\"]}]},{\"@type\":\"ImageObject\",\"inLanguage\":\"fr-FR\",\"@id\":\"https:\/\/www.qnde.ca\/fr\/produit\/ensemble-de-defauts-pour-examens-pratiques\/#primaryimage\",\"url\":\"https:\/\/www.qnde.ca\/wp-content\/uploads\/2016\/05\/Practical-Exam-Pic-1.gif\",\"contentUrl\":\"https:\/\/www.qnde.ca\/wp-content\/uploads\/2016\/05\/Practical-Exam-Pic-1.gif\",\"width\":350,\"height\":234},{\"@type\":\"BreadcrumbList\",\"@id\":\"https:\/\/www.qnde.ca\/fr\/produit\/ensemble-de-defauts-pour-examens-pratiques\/#breadcrumb\",\"itemListElement\":[{\"@type\":\"ListItem\",\"position\":1,\"name\":\"Accueil\",\"item\":\"https:\/\/www.qnde.ca\/fr\/\"},{\"@type\":\"ListItem\",\"position\":2,\"name\":\"Produits\",\"item\":\"https:\/\/www.qnde.ca\/fr\/produits\/\"},{\"@type\":\"ListItem\",\"position\":3,\"name\":\"Autres produits\",\"item\":\"https:\/\/www.qnde.ca\/fr\/product-category\/autres-produits\/\"},{\"@type\":\"ListItem\",\"position\":4,\"name\":\"Flawtech Ensemble de d\u00e9fauts pour examens pratiques\"}]},{\"@type\":\"WebSite\",\"@id\":\"https:\/\/www.qnde.ca\/#website\",\"url\":\"https:\/\/www.qnde.ca\/\",\"name\":\"Qualit\u00e9 NDE\",\"description\":\"\u00c9quipements d&#039;essais non destructifs \",\"publisher\":{\"@id\":\"https:\/\/www.qnde.ca\/#organization\"},\"potentialAction\":[{\"@type\":\"SearchAction\",\"target\":{\"@type\":\"EntryPoint\",\"urlTemplate\":\"https:\/\/www.qnde.ca\/?s={search_term_string}\"},\"query-input\":{\"@type\":\"PropertyValueSpecification\",\"valueRequired\":true,\"valueName\":\"search_term_string\"}}],\"inLanguage\":\"fr-FR\"},{\"@type\":\"Organization\",\"@id\":\"https:\/\/www.qnde.ca\/#organization\",\"name\":\"Quality NDT Ltd.\",\"url\":\"https:\/\/www.qnde.ca\/\",\"logo\":{\"@type\":\"ImageObject\",\"inLanguage\":\"fr-FR\",\"@id\":\"https:\/\/www.qnde.ca\/#\/schema\/logo\/image\/\",\"url\":\"https:\/\/www.qnde.ca\/wp-content\/uploads\/2022\/02\/QNDE_logo_RGB-gif.gif\",\"contentUrl\":\"https:\/\/www.qnde.ca\/wp-content\/uploads\/2022\/02\/QNDE_logo_RGB-gif.gif\",\"width\":250,\"height\":64,\"caption\":\"Quality NDT Ltd.\"},\"image\":{\"@id\":\"https:\/\/www.qnde.ca\/#\/schema\/logo\/image\/\"},\"sameAs\":[\"https:\/\/www.linkedin.com\/company\/qnde\/about\/?viewAsMember=true\"]}]}<\/script>\n<!-- \/ Yoast SEO plugin. -->","yoast_head_json":{"title":"Flawtech Ensemble de d\u00e9fauts pour examens pratiques &#060; Qualit\u00e9 NDE","description":"Sp\u00e9cimens UT\/MT\/PT avec vrais d\u00e9fauts pour formations et examens pratiques niveau I & II, conformes ISO9712, EN473, PCN, TC-1A.","robots":{"index":"index","follow":"follow","max-snippet":"max-snippet:-1","max-image-preview":"max-image-preview:large","max-video-preview":"max-video-preview:-1"},"canonical":"https:\/\/www.qnde.ca\/fr\/produit\/ensemble-de-defauts-pour-examens-pratiques\/","twitter_misc":{"Dur\u00e9e de lecture estim\u00e9e":"1 minute"},"schema":{"@context":"https:\/\/schema.org","@graph":[{"@type":["WebPage","ItemPage"],"@id":"https:\/\/www.qnde.ca\/fr\/produit\/ensemble-de-defauts-pour-examens-pratiques\/","url":"https:\/\/www.qnde.ca\/fr\/produit\/ensemble-de-defauts-pour-examens-pratiques\/","name":"Flawtech Ensemble de d\u00e9fauts pour examens pratiques &#060; Qualit\u00e9 NDE","isPartOf":{"@id":"https:\/\/www.qnde.ca\/#website"},"primaryImageOfPage":{"@id":"https:\/\/www.qnde.ca\/fr\/produit\/ensemble-de-defauts-pour-examens-pratiques\/#primaryimage"},"image":{"@id":"https:\/\/www.qnde.ca\/fr\/produit\/ensemble-de-defauts-pour-examens-pratiques\/#primaryimage"},"thumbnailUrl":"https:\/\/www.qnde.ca\/wp-content\/uploads\/2016\/05\/Practical-Exam-Pic-1.gif","datePublished":"2016-05-09T19:56:36+00:00","dateModified":"2025-08-18T20:20:53+00:00","description":"Sp\u00e9cimens UT\/MT\/PT avec vrais d\u00e9fauts pour formations et examens pratiques niveau I & II, conformes ISO9712, EN473, PCN, TC-1A.","breadcrumb":{"@id":"https:\/\/www.qnde.ca\/fr\/produit\/ensemble-de-defauts-pour-examens-pratiques\/#breadcrumb"},"inLanguage":"fr-FR","potentialAction":[{"@type":"ReadAction","target":["https:\/\/www.qnde.ca\/fr\/produit\/ensemble-de-defauts-pour-examens-pratiques\/"]}]},{"@type":"ImageObject","inLanguage":"fr-FR","@id":"https:\/\/www.qnde.ca\/fr\/produit\/ensemble-de-defauts-pour-examens-pratiques\/#primaryimage","url":"https:\/\/www.qnde.ca\/wp-content\/uploads\/2016\/05\/Practical-Exam-Pic-1.gif","contentUrl":"https:\/\/www.qnde.ca\/wp-content\/uploads\/2016\/05\/Practical-Exam-Pic-1.gif","width":350,"height":234},{"@type":"BreadcrumbList","@id":"https:\/\/www.qnde.ca\/fr\/produit\/ensemble-de-defauts-pour-examens-pratiques\/#breadcrumb","itemListElement":[{"@type":"ListItem","position":1,"name":"Accueil","item":"https:\/\/www.qnde.ca\/fr\/"},{"@type":"ListItem","position":2,"name":"Produits","item":"https:\/\/www.qnde.ca\/fr\/produits\/"},{"@type":"ListItem","position":3,"name":"Autres produits","item":"https:\/\/www.qnde.ca\/fr\/product-category\/autres-produits\/"},{"@type":"ListItem","position":4,"name":"Flawtech Ensemble de d\u00e9fauts pour examens pratiques"}]},{"@type":"WebSite","@id":"https:\/\/www.qnde.ca\/#website","url":"https:\/\/www.qnde.ca\/","name":"Qualit\u00e9 NDE","description":"\u00c9quipements d&#039;essais non destructifs ","publisher":{"@id":"https:\/\/www.qnde.ca\/#organization"},"potentialAction":[{"@type":"SearchAction","target":{"@type":"EntryPoint","urlTemplate":"https:\/\/www.qnde.ca\/?s={search_term_string}"},"query-input":{"@type":"PropertyValueSpecification","valueRequired":true,"valueName":"search_term_string"}}],"inLanguage":"fr-FR"},{"@type":"Organization","@id":"https:\/\/www.qnde.ca\/#organization","name":"Quality NDT Ltd.","url":"https:\/\/www.qnde.ca\/","logo":{"@type":"ImageObject","inLanguage":"fr-FR","@id":"https:\/\/www.qnde.ca\/#\/schema\/logo\/image\/","url":"https:\/\/www.qnde.ca\/wp-content\/uploads\/2022\/02\/QNDE_logo_RGB-gif.gif","contentUrl":"https:\/\/www.qnde.ca\/wp-content\/uploads\/2022\/02\/QNDE_logo_RGB-gif.gif","width":250,"height":64,"caption":"Quality NDT Ltd."},"image":{"@id":"https:\/\/www.qnde.ca\/#\/schema\/logo\/image\/"},"sameAs":["https:\/\/www.linkedin.com\/company\/qnde\/about\/?viewAsMember=true"]}]}},"jetpack_sharing_enabled":true,"_links":{"self":[{"href":"https:\/\/www.qnde.ca\/fr\/wp-json\/wp\/v2\/product\/7933","targetHints":{"allow":["GET"]}}],"collection":[{"href":"https:\/\/www.qnde.ca\/fr\/wp-json\/wp\/v2\/product"}],"about":[{"href":"https:\/\/www.qnde.ca\/fr\/wp-json\/wp\/v2\/types\/product"}],"wp:featuredmedia":[{"embeddable":true,"href":"https:\/\/www.qnde.ca\/fr\/wp-json\/wp\/v2\/media\/7935"}],"wp:attachment":[{"href":"https:\/\/www.qnde.ca\/fr\/wp-json\/wp\/v2\/media?parent=7933"}],"wp:term":[{"taxonomy":"product_brand","embeddable":true,"href":"https:\/\/www.qnde.ca\/fr\/wp-json\/wp\/v2\/product_brand?post=7933"},{"taxonomy":"product_cat","embeddable":true,"href":"https:\/\/www.qnde.ca\/fr\/wp-json\/wp\/v2\/product_cat?post=7933"},{"taxonomy":"product_tag","embeddable":true,"href":"https:\/\/www.qnde.ca\/fr\/wp-json\/wp\/v2\/product_tag?post=7933"}],"curies":[{"name":"wp","href":"https:\/\/api.w.org\/{rel}","templated":true}]}}