{"id":7916,"date":"2016-05-05T13:00:37","date_gmt":"2016-05-05T13:00:37","guid":{"rendered":"https:\/\/www.qnde.ca\/product\/vutek\/"},"modified":"2023-01-05T15:50:31","modified_gmt":"2023-01-05T20:50:31","slug":"vutek-fr","status":"publish","type":"product","link":"https:\/\/www.qnde.ca\/fr\/produit\/vutek-fr\/","title":{"rendered":"Insight Vision Cameras VuTEK Cam\u00e9ra d&rsquo;inspection de tuyaux"},"content":{"rendered":"<h3><strong>Insight Vision Cameras Vutek Syst\u00e8me de Cam\u00e9ra Pouss\u00e9e<\/strong><\/h3>\n<p>Le syst\u00e8me Vutek est con\u00e7u pour l\u2019inspection de conduits de 76 \u00e0 304mm (3&Prime; \u00e0 12&Prime;), la cam\u00e9ra de 33mm (1.3&Prime;) s\u2019auto-stabilise et est \u00e9quipp\u00e9e de 12 lumi\u00e8res LED modulable et un \u00e9metteur int\u00e9gr\u00e9 de 512Hz qui permet \u00e0 l\u2019utilisateur localiser la position de la t\u00eate par rapport au-dessus du sol. Le syst\u00e8me inclut un \u00e9cran LCD encastr\u00e9 de 213mm (8.4&Prime;), avec compteur de distance, pour une grande qualit\u00e9 de visionnement m\u00eame sous le soleil, diffusion Wi-Fi vers les appareils Apple et Android, enregistrement sur USB, clavier QWERTY complet, microphone et \u00e9couteur int\u00e9gr\u00e9s. Aliment\u00e9 par 120VAC, 12V 5Amp DC ou batterie Li-ion pour jusqu\u2019\u00e0 6 heuress d\u2019inspection.<\/p>\n<ul>\n<li>VUTEK-200: Syst\u00e8me de cam\u00e9ra \u00e0 pouss\u00e9e VUTEK 200, t\u00eate de camera modulaire auto stabilis\u00e9 de 33mm (1.3&Prime;), tige de pouss\u00e9e en fibre de verre de 60.9m (200&prime;) sur d\u00e9vidoir, housse pour d\u00e9vidoir, patin de centrage de 51mm et 76mm (2&Prime; et 3&Prime;), cl\u00e9 USB 8GB, sac pour accessoires, cordon d&rsquo;alimentation AC, cordon d&rsquo;alimentation DC, outil pour enlever la cam\u00e9ra et manuel d&rsquo;utilisation.<\/li>\n<li>VUTEK-300: Syst\u00e8me de cam\u00e9ra \u00e0 pouss\u00e9e VUTEK 300, t\u00eate de camera modulaire auto stabilis\u00e9 de 33mm (1.3&Prime;), tige de pouss\u00e9e en fibre de verre de 91.4m (300&prime;) sur d\u00e9vidoir, housse pour d\u00e9vidoir, patin de centrage de\u00a051mm et 76mm (2&Prime; et 3&Prime;), cl\u00e9 USB 8GB, sac pour accessoires, cordon d&rsquo;alimentation AC, cordon d&rsquo;alimentation DC, outil pour enlever la cam\u00e9ra et manuel d&rsquo;utilisation.<\/li>\n<li>VUTEK-400: Syst\u00e8me de cam\u00e9ra \u00e0 pouss\u00e9e VUTEK 400, t\u00eate de camera modulaire auto stabilis\u00e9 de 33mm (1.3&Prime;), tige de pouss\u00e9e en fibre de verre de 121.9m (400&prime;) sur d\u00e9vidoir, housse pour d\u00e9vidoir, patin de centrage de 51mm et 76mm (2&Prime; et 3&Prime;), cl\u00e9 USB 8GB, sac pour accessoires, cordon d&rsquo;alimentation AC, cordon d&rsquo;alimentation DC, outil pour enlever la cam\u00e9ra et manuel d&rsquo;utilisation.<\/li>\n<\/ul>\n<h4><strong>Options<\/strong><\/h4>\n<ul>\n<li>CENTER6: t\u00eate VUTEK, patin de centrage de 152mm (6&Prime;).<\/li>\n<li>CENTER8: t\u00eate VUTEK, patin de centrage de 203mm (8&Prime;).<\/li>\n<li>LOCATE: R\u00e9cepteur pour localisation de la sonde 512Hz sous terre.<\/li>\n<li>HDRIVE-128: disque dur interne 128GB.<\/li>\n<\/ul>\n<p>Contactez-nous afin de discuter de votre application, vos exigences, les options disponibles et\/ou recevoir une soumission.<\/p>\n","protected":false},"excerpt":{"rendered":"<p>Insight Vision Cameras Vutek Syst\u00e8me de Cam\u00e9ra Pouss\u00e9e Le syst\u00e8me Vutek est con\u00e7u pour l\u2019inspection de conduits de 76 \u00e0 304mm (3&Prime; \u00e0 12&Prime;), la cam\u00e9ra de 33mm (1.3&Prime;) s\u2019auto-stabilise et est \u00e9quipp\u00e9e de 12 lumi\u00e8res LED modulable et un \u00e9metteur int\u00e9gr\u00e9 de 512Hz qui permet \u00e0 l\u2019utilisateur localiser la position de la t\u00eate par [&hellip;]<\/p>\n","protected":false},"featured_media":20384,"template":"","meta":{"_monsterinsights_skip_tracking":false,"_monsterinsights_sitenote_active":false,"_monsterinsights_sitenote_note":"","_monsterinsights_sitenote_category":0},"product_brand":[],"product_cat":[402,153],"product_tag":[],"class_list":{"0":"post-7916","1":"product","2":"type-product","3":"status-publish","4":"has-post-thumbnail","6":"product_cat-autres-marques","7":"product_cat-cameras-poussee","9":"first","10":"instock","11":"shipping-taxable","12":"purchasable","13":"product-type-variable"},"yoast_head":"<!-- This site is optimized with the Yoast SEO plugin v23.9 - https:\/\/yoast.com\/wordpress\/plugins\/seo\/ -->\n<title>Insight Vision Cameras VuTEK Cam\u00e9ra d&#039;inspection de tuyaux &#060; Qualit\u00e9 NDE<\/title>\n<meta name=\"description\" content=\"Syst\u00e8me de cam\u00e9ra \u00e0 pouss\u00e9e avec t\u00eate de camera modulaire auto stabilis\u00e9 de 1.3&quot; (33mm), tige de pouss\u00e9e en fibre de verre sur d\u00e9vidoir.\" \/>\n<meta name=\"robots\" content=\"index, follow, max-snippet:-1, max-image-preview:large, max-video-preview:-1\" \/>\n<link rel=\"canonical\" href=\"https:\/\/www.qnde.ca\/fr\/produit\/vutek-fr\/\" \/>\n<meta name=\"twitter:label1\" content=\"Dur\u00e9e de lecture estim\u00e9e\" \/>\n\t<meta name=\"twitter:data1\" content=\"2 minutes\" \/>\n<script type=\"application\/ld+json\" class=\"yoast-schema-graph\">{\"@context\":\"https:\/\/schema.org\",\"@graph\":[{\"@type\":[\"WebPage\",\"ItemPage\"],\"@id\":\"https:\/\/www.qnde.ca\/fr\/produit\/vutek-fr\/\",\"url\":\"https:\/\/www.qnde.ca\/fr\/produit\/vutek-fr\/\",\"name\":\"Insight Vision Cameras VuTEK Cam\u00e9ra d'inspection de tuyaux &#060; Qualit\u00e9 NDE\",\"isPartOf\":{\"@id\":\"https:\/\/www.qnde.ca\/#website\"},\"primaryImageOfPage\":{\"@id\":\"https:\/\/www.qnde.ca\/fr\/produit\/vutek-fr\/#primaryimage\"},\"image\":{\"@id\":\"https:\/\/www.qnde.ca\/fr\/produit\/vutek-fr\/#primaryimage\"},\"thumbnailUrl\":\"https:\/\/www.qnde.ca\/wp-content\/uploads\/2021\/07\/VUTEK-push-camera-pipe-inspection-system.jpg\",\"datePublished\":\"2016-05-05T13:00:37+00:00\",\"dateModified\":\"2023-01-05T20:50:31+00:00\",\"description\":\"Syst\u00e8me de cam\u00e9ra \u00e0 pouss\u00e9e avec t\u00eate de camera modulaire auto stabilis\u00e9 de 1.3\\\" (33mm), tige de pouss\u00e9e en fibre de verre sur d\u00e9vidoir.\",\"breadcrumb\":{\"@id\":\"https:\/\/www.qnde.ca\/fr\/produit\/vutek-fr\/#breadcrumb\"},\"inLanguage\":\"fr-FR\",\"potentialAction\":[{\"@type\":\"ReadAction\",\"target\":[\"https:\/\/www.qnde.ca\/fr\/produit\/vutek-fr\/\"]}]},{\"@type\":\"ImageObject\",\"inLanguage\":\"fr-FR\",\"@id\":\"https:\/\/www.qnde.ca\/fr\/produit\/vutek-fr\/#primaryimage\",\"url\":\"https:\/\/www.qnde.ca\/wp-content\/uploads\/2021\/07\/VUTEK-push-camera-pipe-inspection-system.jpg\",\"contentUrl\":\"https:\/\/www.qnde.ca\/wp-content\/uploads\/2021\/07\/VUTEK-push-camera-pipe-inspection-system.jpg\",\"width\":828,\"height\":1325,\"caption\":\"VUTEK push camera, pipe inspection system\"},{\"@type\":\"BreadcrumbList\",\"@id\":\"https:\/\/www.qnde.ca\/fr\/produit\/vutek-fr\/#breadcrumb\",\"itemListElement\":[{\"@type\":\"ListItem\",\"position\":1,\"name\":\"Accueil\",\"item\":\"https:\/\/www.qnde.ca\/fr\/\"},{\"@type\":\"ListItem\",\"position\":2,\"name\":\"Produits\",\"item\":\"https:\/\/www.qnde.ca\/fr\/produits\/\"},{\"@type\":\"ListItem\",\"position\":3,\"name\":\"Marques\",\"item\":\"https:\/\/www.qnde.ca\/fr\/product-category\/marques\/\"},{\"@type\":\"ListItem\",\"position\":4,\"name\":\"Autres Marques\",\"item\":\"https:\/\/www.qnde.ca\/fr\/product-category\/marques\/autres-marques\/\"},{\"@type\":\"ListItem\",\"position\":5,\"name\":\"Insight Vision Cameras VuTEK Cam\u00e9ra d&#8217;inspection de tuyaux\"}]},{\"@type\":\"WebSite\",\"@id\":\"https:\/\/www.qnde.ca\/#website\",\"url\":\"https:\/\/www.qnde.ca\/\",\"name\":\"Qualit\u00e9 NDE\",\"description\":\"\u00c9quipements d&#039;essais non destructifs \",\"publisher\":{\"@id\":\"https:\/\/www.qnde.ca\/#organization\"},\"potentialAction\":[{\"@type\":\"SearchAction\",\"target\":{\"@type\":\"EntryPoint\",\"urlTemplate\":\"https:\/\/www.qnde.ca\/?s={search_term_string}\"},\"query-input\":{\"@type\":\"PropertyValueSpecification\",\"valueRequired\":true,\"valueName\":\"search_term_string\"}}],\"inLanguage\":\"fr-FR\"},{\"@type\":\"Organization\",\"@id\":\"https:\/\/www.qnde.ca\/#organization\",\"name\":\"Quality NDT Ltd.\",\"url\":\"https:\/\/www.qnde.ca\/\",\"logo\":{\"@type\":\"ImageObject\",\"inLanguage\":\"fr-FR\",\"@id\":\"https:\/\/www.qnde.ca\/#\/schema\/logo\/image\/\",\"url\":\"https:\/\/www.qnde.ca\/wp-content\/uploads\/2022\/02\/QNDE_logo_RGB-gif.gif\",\"contentUrl\":\"https:\/\/www.qnde.ca\/wp-content\/uploads\/2022\/02\/QNDE_logo_RGB-gif.gif\",\"width\":250,\"height\":64,\"caption\":\"Quality NDT Ltd.\"},\"image\":{\"@id\":\"https:\/\/www.qnde.ca\/#\/schema\/logo\/image\/\"},\"sameAs\":[\"https:\/\/www.linkedin.com\/company\/qnde\/about\/?viewAsMember=true\"]}]}<\/script>\n<!-- \/ Yoast SEO plugin. -->","yoast_head_json":{"title":"Insight Vision Cameras VuTEK Cam\u00e9ra d'inspection de tuyaux &#060; Qualit\u00e9 NDE","description":"Syst\u00e8me de cam\u00e9ra \u00e0 pouss\u00e9e avec t\u00eate de camera modulaire auto stabilis\u00e9 de 1.3\" (33mm), tige de pouss\u00e9e en fibre de verre sur d\u00e9vidoir.","robots":{"index":"index","follow":"follow","max-snippet":"max-snippet:-1","max-image-preview":"max-image-preview:large","max-video-preview":"max-video-preview:-1"},"canonical":"https:\/\/www.qnde.ca\/fr\/produit\/vutek-fr\/","twitter_misc":{"Dur\u00e9e de lecture estim\u00e9e":"2 minutes"},"schema":{"@context":"https:\/\/schema.org","@graph":[{"@type":["WebPage","ItemPage"],"@id":"https:\/\/www.qnde.ca\/fr\/produit\/vutek-fr\/","url":"https:\/\/www.qnde.ca\/fr\/produit\/vutek-fr\/","name":"Insight Vision Cameras VuTEK Cam\u00e9ra d'inspection de tuyaux &#060; Qualit\u00e9 NDE","isPartOf":{"@id":"https:\/\/www.qnde.ca\/#website"},"primaryImageOfPage":{"@id":"https:\/\/www.qnde.ca\/fr\/produit\/vutek-fr\/#primaryimage"},"image":{"@id":"https:\/\/www.qnde.ca\/fr\/produit\/vutek-fr\/#primaryimage"},"thumbnailUrl":"https:\/\/www.qnde.ca\/wp-content\/uploads\/2021\/07\/VUTEK-push-camera-pipe-inspection-system.jpg","datePublished":"2016-05-05T13:00:37+00:00","dateModified":"2023-01-05T20:50:31+00:00","description":"Syst\u00e8me de cam\u00e9ra \u00e0 pouss\u00e9e avec t\u00eate de camera modulaire auto stabilis\u00e9 de 1.3\" (33mm), tige de pouss\u00e9e en fibre de verre sur d\u00e9vidoir.","breadcrumb":{"@id":"https:\/\/www.qnde.ca\/fr\/produit\/vutek-fr\/#breadcrumb"},"inLanguage":"fr-FR","potentialAction":[{"@type":"ReadAction","target":["https:\/\/www.qnde.ca\/fr\/produit\/vutek-fr\/"]}]},{"@type":"ImageObject","inLanguage":"fr-FR","@id":"https:\/\/www.qnde.ca\/fr\/produit\/vutek-fr\/#primaryimage","url":"https:\/\/www.qnde.ca\/wp-content\/uploads\/2021\/07\/VUTEK-push-camera-pipe-inspection-system.jpg","contentUrl":"https:\/\/www.qnde.ca\/wp-content\/uploads\/2021\/07\/VUTEK-push-camera-pipe-inspection-system.jpg","width":828,"height":1325,"caption":"VUTEK push camera, pipe inspection system"},{"@type":"BreadcrumbList","@id":"https:\/\/www.qnde.ca\/fr\/produit\/vutek-fr\/#breadcrumb","itemListElement":[{"@type":"ListItem","position":1,"name":"Accueil","item":"https:\/\/www.qnde.ca\/fr\/"},{"@type":"ListItem","position":2,"name":"Produits","item":"https:\/\/www.qnde.ca\/fr\/produits\/"},{"@type":"ListItem","position":3,"name":"Marques","item":"https:\/\/www.qnde.ca\/fr\/product-category\/marques\/"},{"@type":"ListItem","position":4,"name":"Autres Marques","item":"https:\/\/www.qnde.ca\/fr\/product-category\/marques\/autres-marques\/"},{"@type":"ListItem","position":5,"name":"Insight Vision Cameras VuTEK Cam\u00e9ra d&#8217;inspection de tuyaux"}]},{"@type":"WebSite","@id":"https:\/\/www.qnde.ca\/#website","url":"https:\/\/www.qnde.ca\/","name":"Qualit\u00e9 NDE","description":"\u00c9quipements d&#039;essais non destructifs ","publisher":{"@id":"https:\/\/www.qnde.ca\/#organization"},"potentialAction":[{"@type":"SearchAction","target":{"@type":"EntryPoint","urlTemplate":"https:\/\/www.qnde.ca\/?s={search_term_string}"},"query-input":{"@type":"PropertyValueSpecification","valueRequired":true,"valueName":"search_term_string"}}],"inLanguage":"fr-FR"},{"@type":"Organization","@id":"https:\/\/www.qnde.ca\/#organization","name":"Quality NDT Ltd.","url":"https:\/\/www.qnde.ca\/","logo":{"@type":"ImageObject","inLanguage":"fr-FR","@id":"https:\/\/www.qnde.ca\/#\/schema\/logo\/image\/","url":"https:\/\/www.qnde.ca\/wp-content\/uploads\/2022\/02\/QNDE_logo_RGB-gif.gif","contentUrl":"https:\/\/www.qnde.ca\/wp-content\/uploads\/2022\/02\/QNDE_logo_RGB-gif.gif","width":250,"height":64,"caption":"Quality NDT Ltd."},"image":{"@id":"https:\/\/www.qnde.ca\/#\/schema\/logo\/image\/"},"sameAs":["https:\/\/www.linkedin.com\/company\/qnde\/about\/?viewAsMember=true"]}]}},"jetpack_sharing_enabled":true,"_links":{"self":[{"href":"https:\/\/www.qnde.ca\/fr\/wp-json\/wp\/v2\/product\/7916","targetHints":{"allow":["GET"]}}],"collection":[{"href":"https:\/\/www.qnde.ca\/fr\/wp-json\/wp\/v2\/product"}],"about":[{"href":"https:\/\/www.qnde.ca\/fr\/wp-json\/wp\/v2\/types\/product"}],"wp:featuredmedia":[{"embeddable":true,"href":"https:\/\/www.qnde.ca\/fr\/wp-json\/wp\/v2\/media\/20384"}],"wp:attachment":[{"href":"https:\/\/www.qnde.ca\/fr\/wp-json\/wp\/v2\/media?parent=7916"}],"wp:term":[{"taxonomy":"product_brand","embeddable":true,"href":"https:\/\/www.qnde.ca\/fr\/wp-json\/wp\/v2\/product_brand?post=7916"},{"taxonomy":"product_cat","embeddable":true,"href":"https:\/\/www.qnde.ca\/fr\/wp-json\/wp\/v2\/product_cat?post=7916"},{"taxonomy":"product_tag","embeddable":true,"href":"https:\/\/www.qnde.ca\/fr\/wp-json\/wp\/v2\/product_tag?post=7916"}],"curies":[{"name":"wp","href":"https:\/\/api.w.org\/{rel}","templated":true}]}}