{"id":7897,"date":"2016-05-02T20:22:41","date_gmt":"2016-05-02T20:22:41","guid":{"rendered":"https:\/\/www.qnde.ca\/product\/opticam\/"},"modified":"2025-06-16T09:15:36","modified_gmt":"2025-06-16T13:15:36","slug":"opticam-fr","status":"publish","type":"product","link":"https:\/\/www.qnde.ca\/fr\/produit\/opticam-fr\/","title":{"rendered":"Insight Vision Camera Syst\u00e8me de Cam\u00e9ra \u00e0 Pouss\u00e9e Opticam"},"content":{"rendered":"<h3>Insight Vision Camera Syst\u00e8me de Cam\u00e9ra \u00e0 Pouss\u00e9e Opticam<\/h3>\n<p>Le syst\u00e8me Opticam est un syst\u00e8me portable de cam\u00e9ra \u00e0 pouss\u00e9e, robuste et facile \u00e0 utiliser sp\u00e9cialement con\u00e7u pour l\u2019inspection de conduit de 51 \u00e0 304mm (2&Prime; \u00e0 12&Prime;) de diam\u00e8tre (25 \u00e0 101mm (1&Prime; \u00e0 4&Prime;) avec le petit d\u00e9vidoir). Le syst\u00e8me inclut un grand \u00e9cran LCD de 264mm (10.4&Prime;) avec compteur de distance, diffusion Wi-Fi vers les appareils Apple et Android, enregistrement tactile sur USB, clavier QWERTY complet, microphone et \u00e9couteur int\u00e9gr\u00e9s. La cam\u00e9ra \u00e9tanche de 33mm (1.3&Prime;) s\u2019auto-stabilise et est \u00e9quipp\u00e9e de 12 lumi\u00e8res LED modulable et un \u00e9metteur int\u00e9gr\u00e9 de 512Hz qui permet \u00e0 l\u2019utilisateur localiser la position de la t\u00eate par rapport au-dessus du sol. Aliment\u00e9 par 120VAC, 12V DC ou avec la batterie Milwaukee M18 en option.<\/p>\n<ul>\n<li>MINI-OPTICAM-150: Syst\u00e8me de cam\u00e9ra \u00e0 pouss\u00e9e OPTICAM 150, t\u00eate de camera modulaire auto-niveleuse de 33mm (1.3&Prime;), tige de pouss\u00e9e en fibre de verre de 45.7m (150&prime;) sur d\u00e9vidoir pour conduits de 25 \u00e0 101mm (1&Prime; \u00e0 4&Prime;), housse pour d\u00e9vidoir, patin de centrage de 51mm et 76mm (2&Prime; et 3&Prime;), sac accessoire, cordon d&rsquo;alimentation AC, cordon d&rsquo;alimentation DC, outil pour retrait de cam\u00e9ra et manuel d&rsquo;utilisation.<\/li>\n<li>OPTICAM-200: Syst\u00e8me de cam\u00e9ra \u00e0 pouss\u00e9e OPTICAM 200, t\u00eate de camera modulaire auto-niveleuse de 33mm (1.3&Prime;), tige de pouss\u00e9e en fibre de verre de 60.9m (200&prime;) sur d\u00e9vidoir, housse pour d\u00e9vidoir, patin de centrage de 51mm et 76mm (2&Prime; et 3&Prime;), sac accessoire, cordon d&rsquo;alimentation AC, cordon d&rsquo;alimentation DC, outil pour retrait de cam\u00e9ra et manuel d&rsquo;utilisation.<\/li>\n<li>OPTICAM-300: Syst\u00e8me de cam\u00e9ra \u00e0 pouss\u00e9e OPTICAM 300, t\u00eate de camera modulaire auto-niveleuse de 33mm (1.3&Prime;), tige de pouss\u00e9e en fibre de verre de 91.4m (300&prime;) sur d\u00e9vidoir, housse pour d\u00e9vidoir, patin de centrage de 51mm et 76mm (2&Prime; et 3&Prime;), sac accessoire, cordon d&rsquo;alimentation AC, cordon d&rsquo;alimentation DC, outil pour retrait de cam\u00e9ra et manuel d&rsquo;utilisation.<\/li>\n<li>OPTICAM-400: Syst\u00e8me de cam\u00e9ra \u00e0 pouss\u00e9e OPTICAM 400, t\u00eate de camera modulaire auto-niveleuse de 33mm (1.3&Prime;), tige de pouss\u00e9e en fibre de verre de 121.9m (400&prime;) sur d\u00e9vidoir, housse pour d\u00e9vidoir, patin de centrage de 51mm et 76mm (2&Prime; et 3&Prime;), sac accessoire, cordon d&rsquo;alimentation AC, cordon d&rsquo;alimentation DC, outil pour retrait de cam\u00e9ra et manuel d&rsquo;utilisation.<\/li>\n<\/ul>\n<h4><strong>Options<\/strong><\/h4>\n<ul>\n<li>BATT: Batterie pour jusqu\u2019\u00e0 6 heures.<\/li>\n<li>M18A: adaptateur de batterie Milwaukee M18.<\/li>\n<li>LOCATE: \u00c9metteur de 512Hz pour localisation sous terre.<\/li>\n<li>CENTER6: t\u00eate OPTICAM, patin de centrage de 152mm (6&Prime;).<\/li>\n<li>CENTER8: t\u00eate OPTICAM, patin de centrage de 203mm (8&Prime;).<\/li>\n<\/ul>\n<p>Contactez-nous afin de discuter de votre application, vos exigences, les options disponibles et\/ou recevoir une soumission.<\/p>\n<p>&nbsp;<\/p>\n","protected":false},"excerpt":{"rendered":"<p>Insight Vision Camera Syst\u00e8me de Cam\u00e9ra \u00e0 Pouss\u00e9e Opticam Le syst\u00e8me Opticam est un syst\u00e8me portable de cam\u00e9ra \u00e0 pouss\u00e9e, robuste et facile \u00e0 utiliser sp\u00e9cialement con\u00e7u pour l\u2019inspection de conduit de 51 \u00e0 304mm (2&Prime; \u00e0 12&Prime;) de diam\u00e8tre (25 \u00e0 101mm (1&Prime; \u00e0 4&Prime;) avec le petit d\u00e9vidoir). Le syst\u00e8me inclut un grand [&hellip;]<\/p>\n","protected":false},"featured_media":20373,"template":"","meta":{"_monsterinsights_skip_tracking":false,"_monsterinsights_sitenote_active":false,"_monsterinsights_sitenote_note":"","_monsterinsights_sitenote_category":0},"product_brand":[],"product_cat":[402,153],"product_tag":[],"class_list":{"0":"post-7897","1":"product","2":"type-product","3":"status-publish","4":"has-post-thumbnail","6":"product_cat-autres-marques","7":"product_cat-cameras-poussee","9":"first","10":"instock","11":"shipping-taxable","12":"purchasable","13":"product-type-variable"},"yoast_head":"<!-- This site is optimized with the Yoast SEO plugin v23.9 - https:\/\/yoast.com\/wordpress\/plugins\/seo\/ -->\n<title>Insight Vision Camera Syst\u00e8me de Cam\u00e9ra \u00e0 Pouss\u00e9e Opticam &#060; Qualit\u00e9 NDE<\/title>\n<meta name=\"description\" content=\"Syst\u00e8me portable de cam\u00e9ra \u00e0 pouss\u00e9e, robuste et facile \u00e0 utiliser sp\u00e9cialement con\u00e7u pour l\u2019inspection de conduit de 2&quot; \u00e0 12&quot; (51 \u00e0 304mm) de diam\u00e8tre.\" \/>\n<meta name=\"robots\" content=\"index, follow, max-snippet:-1, max-image-preview:large, max-video-preview:-1\" \/>\n<link rel=\"canonical\" href=\"https:\/\/www.qnde.ca\/fr\/produit\/opticam-fr\/\" \/>\n<meta name=\"twitter:label1\" content=\"Dur\u00e9e de lecture estim\u00e9e\" \/>\n\t<meta name=\"twitter:data1\" content=\"3 minutes\" \/>\n<script type=\"application\/ld+json\" class=\"yoast-schema-graph\">{\"@context\":\"https:\/\/schema.org\",\"@graph\":[{\"@type\":[\"WebPage\",\"ItemPage\"],\"@id\":\"https:\/\/www.qnde.ca\/fr\/produit\/opticam-fr\/\",\"url\":\"https:\/\/www.qnde.ca\/fr\/produit\/opticam-fr\/\",\"name\":\"Insight Vision Camera Syst\u00e8me de Cam\u00e9ra \u00e0 Pouss\u00e9e Opticam &#060; Qualit\u00e9 NDE\",\"isPartOf\":{\"@id\":\"https:\/\/www.qnde.ca\/#website\"},\"primaryImageOfPage\":{\"@id\":\"https:\/\/www.qnde.ca\/fr\/produit\/opticam-fr\/#primaryimage\"},\"image\":{\"@id\":\"https:\/\/www.qnde.ca\/fr\/produit\/opticam-fr\/#primaryimage\"},\"thumbnailUrl\":\"https:\/\/www.qnde.ca\/wp-content\/uploads\/2021\/07\/Opticam-Push-Camera-System-self-leveling-head.jpg\",\"datePublished\":\"2016-05-02T20:22:41+00:00\",\"dateModified\":\"2025-06-16T13:15:36+00:00\",\"description\":\"Syst\u00e8me portable de cam\u00e9ra \u00e0 pouss\u00e9e, robuste et facile \u00e0 utiliser sp\u00e9cialement con\u00e7u pour l\u2019inspection de conduit de 2\\\" \u00e0 12\\\" (51 \u00e0 304mm) de diam\u00e8tre.\",\"breadcrumb\":{\"@id\":\"https:\/\/www.qnde.ca\/fr\/produit\/opticam-fr\/#breadcrumb\"},\"inLanguage\":\"fr-FR\",\"potentialAction\":[{\"@type\":\"ReadAction\",\"target\":[\"https:\/\/www.qnde.ca\/fr\/produit\/opticam-fr\/\"]}]},{\"@type\":\"ImageObject\",\"inLanguage\":\"fr-FR\",\"@id\":\"https:\/\/www.qnde.ca\/fr\/produit\/opticam-fr\/#primaryimage\",\"url\":\"https:\/\/www.qnde.ca\/wp-content\/uploads\/2021\/07\/Opticam-Push-Camera-System-self-leveling-head.jpg\",\"contentUrl\":\"https:\/\/www.qnde.ca\/wp-content\/uploads\/2021\/07\/Opticam-Push-Camera-System-self-leveling-head.jpg\",\"width\":500,\"height\":500,\"caption\":\"Opticam, Push Camera System, self leveling head\"},{\"@type\":\"BreadcrumbList\",\"@id\":\"https:\/\/www.qnde.ca\/fr\/produit\/opticam-fr\/#breadcrumb\",\"itemListElement\":[{\"@type\":\"ListItem\",\"position\":1,\"name\":\"Accueil\",\"item\":\"https:\/\/www.qnde.ca\/fr\/\"},{\"@type\":\"ListItem\",\"position\":2,\"name\":\"Produits\",\"item\":\"https:\/\/www.qnde.ca\/fr\/produits\/\"},{\"@type\":\"ListItem\",\"position\":3,\"name\":\"Marques\",\"item\":\"https:\/\/www.qnde.ca\/fr\/product-category\/marques\/\"},{\"@type\":\"ListItem\",\"position\":4,\"name\":\"Autres Marques\",\"item\":\"https:\/\/www.qnde.ca\/fr\/product-category\/marques\/autres-marques\/\"},{\"@type\":\"ListItem\",\"position\":5,\"name\":\"Insight Vision Camera Syst\u00e8me de Cam\u00e9ra \u00e0 Pouss\u00e9e Opticam\"}]},{\"@type\":\"WebSite\",\"@id\":\"https:\/\/www.qnde.ca\/#website\",\"url\":\"https:\/\/www.qnde.ca\/\",\"name\":\"Qualit\u00e9 NDE\",\"description\":\"\u00c9quipements d&#039;essais non destructifs \",\"publisher\":{\"@id\":\"https:\/\/www.qnde.ca\/#organization\"},\"potentialAction\":[{\"@type\":\"SearchAction\",\"target\":{\"@type\":\"EntryPoint\",\"urlTemplate\":\"https:\/\/www.qnde.ca\/?s={search_term_string}\"},\"query-input\":{\"@type\":\"PropertyValueSpecification\",\"valueRequired\":true,\"valueName\":\"search_term_string\"}}],\"inLanguage\":\"fr-FR\"},{\"@type\":\"Organization\",\"@id\":\"https:\/\/www.qnde.ca\/#organization\",\"name\":\"Quality NDT Ltd.\",\"url\":\"https:\/\/www.qnde.ca\/\",\"logo\":{\"@type\":\"ImageObject\",\"inLanguage\":\"fr-FR\",\"@id\":\"https:\/\/www.qnde.ca\/#\/schema\/logo\/image\/\",\"url\":\"https:\/\/www.qnde.ca\/wp-content\/uploads\/2022\/02\/QNDE_logo_RGB-gif.gif\",\"contentUrl\":\"https:\/\/www.qnde.ca\/wp-content\/uploads\/2022\/02\/QNDE_logo_RGB-gif.gif\",\"width\":250,\"height\":64,\"caption\":\"Quality NDT Ltd.\"},\"image\":{\"@id\":\"https:\/\/www.qnde.ca\/#\/schema\/logo\/image\/\"},\"sameAs\":[\"https:\/\/www.linkedin.com\/company\/qnde\/about\/?viewAsMember=true\"]}]}<\/script>\n<!-- \/ Yoast SEO plugin. -->","yoast_head_json":{"title":"Insight Vision Camera Syst\u00e8me de Cam\u00e9ra \u00e0 Pouss\u00e9e Opticam &#060; Qualit\u00e9 NDE","description":"Syst\u00e8me portable de cam\u00e9ra \u00e0 pouss\u00e9e, robuste et facile \u00e0 utiliser sp\u00e9cialement con\u00e7u pour l\u2019inspection de conduit de 2\" \u00e0 12\" (51 \u00e0 304mm) de diam\u00e8tre.","robots":{"index":"index","follow":"follow","max-snippet":"max-snippet:-1","max-image-preview":"max-image-preview:large","max-video-preview":"max-video-preview:-1"},"canonical":"https:\/\/www.qnde.ca\/fr\/produit\/opticam-fr\/","twitter_misc":{"Dur\u00e9e de lecture estim\u00e9e":"3 minutes"},"schema":{"@context":"https:\/\/schema.org","@graph":[{"@type":["WebPage","ItemPage"],"@id":"https:\/\/www.qnde.ca\/fr\/produit\/opticam-fr\/","url":"https:\/\/www.qnde.ca\/fr\/produit\/opticam-fr\/","name":"Insight Vision Camera Syst\u00e8me de Cam\u00e9ra \u00e0 Pouss\u00e9e Opticam &#060; Qualit\u00e9 NDE","isPartOf":{"@id":"https:\/\/www.qnde.ca\/#website"},"primaryImageOfPage":{"@id":"https:\/\/www.qnde.ca\/fr\/produit\/opticam-fr\/#primaryimage"},"image":{"@id":"https:\/\/www.qnde.ca\/fr\/produit\/opticam-fr\/#primaryimage"},"thumbnailUrl":"https:\/\/www.qnde.ca\/wp-content\/uploads\/2021\/07\/Opticam-Push-Camera-System-self-leveling-head.jpg","datePublished":"2016-05-02T20:22:41+00:00","dateModified":"2025-06-16T13:15:36+00:00","description":"Syst\u00e8me portable de cam\u00e9ra \u00e0 pouss\u00e9e, robuste et facile \u00e0 utiliser sp\u00e9cialement con\u00e7u pour l\u2019inspection de conduit de 2\" \u00e0 12\" (51 \u00e0 304mm) de diam\u00e8tre.","breadcrumb":{"@id":"https:\/\/www.qnde.ca\/fr\/produit\/opticam-fr\/#breadcrumb"},"inLanguage":"fr-FR","potentialAction":[{"@type":"ReadAction","target":["https:\/\/www.qnde.ca\/fr\/produit\/opticam-fr\/"]}]},{"@type":"ImageObject","inLanguage":"fr-FR","@id":"https:\/\/www.qnde.ca\/fr\/produit\/opticam-fr\/#primaryimage","url":"https:\/\/www.qnde.ca\/wp-content\/uploads\/2021\/07\/Opticam-Push-Camera-System-self-leveling-head.jpg","contentUrl":"https:\/\/www.qnde.ca\/wp-content\/uploads\/2021\/07\/Opticam-Push-Camera-System-self-leveling-head.jpg","width":500,"height":500,"caption":"Opticam, Push Camera System, self leveling head"},{"@type":"BreadcrumbList","@id":"https:\/\/www.qnde.ca\/fr\/produit\/opticam-fr\/#breadcrumb","itemListElement":[{"@type":"ListItem","position":1,"name":"Accueil","item":"https:\/\/www.qnde.ca\/fr\/"},{"@type":"ListItem","position":2,"name":"Produits","item":"https:\/\/www.qnde.ca\/fr\/produits\/"},{"@type":"ListItem","position":3,"name":"Marques","item":"https:\/\/www.qnde.ca\/fr\/product-category\/marques\/"},{"@type":"ListItem","position":4,"name":"Autres Marques","item":"https:\/\/www.qnde.ca\/fr\/product-category\/marques\/autres-marques\/"},{"@type":"ListItem","position":5,"name":"Insight Vision Camera Syst\u00e8me de Cam\u00e9ra \u00e0 Pouss\u00e9e Opticam"}]},{"@type":"WebSite","@id":"https:\/\/www.qnde.ca\/#website","url":"https:\/\/www.qnde.ca\/","name":"Qualit\u00e9 NDE","description":"\u00c9quipements d&#039;essais non destructifs ","publisher":{"@id":"https:\/\/www.qnde.ca\/#organization"},"potentialAction":[{"@type":"SearchAction","target":{"@type":"EntryPoint","urlTemplate":"https:\/\/www.qnde.ca\/?s={search_term_string}"},"query-input":{"@type":"PropertyValueSpecification","valueRequired":true,"valueName":"search_term_string"}}],"inLanguage":"fr-FR"},{"@type":"Organization","@id":"https:\/\/www.qnde.ca\/#organization","name":"Quality NDT Ltd.","url":"https:\/\/www.qnde.ca\/","logo":{"@type":"ImageObject","inLanguage":"fr-FR","@id":"https:\/\/www.qnde.ca\/#\/schema\/logo\/image\/","url":"https:\/\/www.qnde.ca\/wp-content\/uploads\/2022\/02\/QNDE_logo_RGB-gif.gif","contentUrl":"https:\/\/www.qnde.ca\/wp-content\/uploads\/2022\/02\/QNDE_logo_RGB-gif.gif","width":250,"height":64,"caption":"Quality NDT Ltd."},"image":{"@id":"https:\/\/www.qnde.ca\/#\/schema\/logo\/image\/"},"sameAs":["https:\/\/www.linkedin.com\/company\/qnde\/about\/?viewAsMember=true"]}]}},"jetpack_sharing_enabled":true,"_links":{"self":[{"href":"https:\/\/www.qnde.ca\/fr\/wp-json\/wp\/v2\/product\/7897","targetHints":{"allow":["GET"]}}],"collection":[{"href":"https:\/\/www.qnde.ca\/fr\/wp-json\/wp\/v2\/product"}],"about":[{"href":"https:\/\/www.qnde.ca\/fr\/wp-json\/wp\/v2\/types\/product"}],"wp:featuredmedia":[{"embeddable":true,"href":"https:\/\/www.qnde.ca\/fr\/wp-json\/wp\/v2\/media\/20373"}],"wp:attachment":[{"href":"https:\/\/www.qnde.ca\/fr\/wp-json\/wp\/v2\/media?parent=7897"}],"wp:term":[{"taxonomy":"product_brand","embeddable":true,"href":"https:\/\/www.qnde.ca\/fr\/wp-json\/wp\/v2\/product_brand?post=7897"},{"taxonomy":"product_cat","embeddable":true,"href":"https:\/\/www.qnde.ca\/fr\/wp-json\/wp\/v2\/product_cat?post=7897"},{"taxonomy":"product_tag","embeddable":true,"href":"https:\/\/www.qnde.ca\/fr\/wp-json\/wp\/v2\/product_tag?post=7897"}],"curies":[{"name":"wp","href":"https:\/\/api.w.org\/{rel}","templated":true}]}}