{"id":7891,"date":"2016-05-02T19:53:58","date_gmt":"2016-05-02T19:53:58","guid":{"rendered":"https:\/\/www.qnde.ca\/product\/mainlinecrawler\/"},"modified":"2025-06-16T09:20:21","modified_gmt":"2025-06-16T13:20:21","slug":"ptcrawl-fr","status":"publish","type":"product","link":"https:\/\/www.qnde.ca\/fr\/produit\/ptcrawl-fr\/","title":{"rendered":"Insight Vision Robot Motoris\u00e9 \u00e0 Vue Panoramique Rotative iRIS"},"content":{"rendered":"<h3>Insight Vision Robot Motoris\u00e9 \u00e0 Vue Panoramique Rotative iRIS<\/h3>\n<p>Le syst\u00e8me de robot motoris\u00e9 \u00e0 vue panoramique et rotative \u00ab Pan and tilt \u00bb IRIS permet l\u2019inspection de conduits de 152mm \u00e0 304mm (6&Prime; \u00e0 12&Prime;) de diam\u00e8tre et jusqu\u2019\u00e0 457mm (18&Prime;) avec les roues pneumatiques optionnelles. Le syst\u00e8me inclut un \u00e9cran LCD tactile de 246mm (9.7&Prime;) avec compteur de distance, enregistrement tactile sur USB et SD, c\u00e2ble coaxial Kelvar flexible de 182m (600&prime;) sur une d\u00e9vidoir motoris\u00e9e avec \u00ab auto-feed\/rewind \u00bb int\u00e9gr\u00e9, diffusion Wi-Fi vers les appareils Apple et Android, cordon d&rsquo;alimentation 15V, ensembles de roues 152mm et 203mm (6&Prime; et 8&Prime;).<\/p>\n<ul>\n<li>IRIS-600: robot motoris\u00e9 \u00e0 vue panoramique rotative, c\u00e2ble coaxial Kelvar flexible de 182m (600&prime;) sur un d\u00e9vidoir motoris\u00e9e, housse pour d\u00e9vidoir, par-soleil et protecteur d\u2019\u00e9cran LCD, ensembles de roues 152mm et 203mm (6&Prime; et 8&Prime;), cordon d&rsquo;alimentation 15V et manuel d&rsquo;utilisation.<\/li>\n<\/ul>\n<h4><strong>Options<\/strong><\/h4>\n<ul>\n<li>PACP: Logiciel de rapports PACP (programme de certification de l&rsquo;\u00e9valuation des conduites).<\/li>\n<li>TIRE-18: Ensemble de pneus et jante (4x) (pour inspection de conduits 457mm (18&Prime;)).<\/li>\n<li>TIRE-6: Pneu de remplacement pour roue 152mm (6&Prime;).<\/li>\n<li>TIRE-8: Pneu de remplacement pour roue 203mm (8&Prime;).<\/li>\n<li>LOCATE: R\u00e9cepteur pour localisation de la sonde 512Hz sous terre.<\/li>\n<li>SONDE: \u00c9metteur de 512Hz.<\/li>\n<\/ul>\n<p>Contactez-nous afin de discuter de votre application, vos exigences, les options disponibles et\/ou recevoir une soumission.<\/p>\n<p>&nbsp;<\/p>\n<p>&nbsp;<\/p>\n<p>&nbsp;<\/p>\n","protected":false},"excerpt":{"rendered":"<p>Insight Vision Robot Motoris\u00e9 \u00e0 Vue Panoramique Rotative iRIS Le syst\u00e8me de robot motoris\u00e9 \u00e0 vue panoramique et rotative \u00ab Pan and tilt \u00bb IRIS permet l\u2019inspection de conduits de 152mm \u00e0 304mm (6&Prime; \u00e0 12&Prime;) de diam\u00e8tre et jusqu\u2019\u00e0 457mm (18&Prime;) avec les roues pneumatiques optionnelles. Le syst\u00e8me inclut un \u00e9cran LCD tactile de [&hellip;]<\/p>\n","protected":false},"featured_media":20398,"template":"","meta":{"_monsterinsights_skip_tracking":false,"_monsterinsights_sitenote_active":false,"_monsterinsights_sitenote_note":"","_monsterinsights_sitenote_category":0},"product_brand":[],"product_cat":[402,152],"product_tag":[],"class_list":{"0":"post-7891","1":"product","2":"type-product","3":"status-publish","4":"has-post-thumbnail","6":"product_cat-autres-marques","7":"product_cat-videoscopes-fr","9":"first","10":"instock","11":"shipping-taxable","12":"purchasable","13":"product-type-variable"},"yoast_head":"<!-- This site is optimized with the Yoast SEO plugin v23.9 - https:\/\/yoast.com\/wordpress\/plugins\/seo\/ -->\n<title>Insight Vision Robot Motoris\u00e9 \u00e0 Vue Panoramique Rotative iRIS &#060; Qualit\u00e9 NDE<\/title>\n<meta name=\"description\" content=\"Robot motoris\u00e9 \u00ab\u00a0Pan and tilt\u00a0\u00bb pour inspection de conduits de 6&quot; \u00e0 12&quot; (152mm \u00e0 304mm) de diam\u00e8tre (18&quot; (457mm) avec roues pneumatiques optionnelles).\" \/>\n<meta name=\"robots\" content=\"index, follow, max-snippet:-1, max-image-preview:large, max-video-preview:-1\" \/>\n<link rel=\"canonical\" href=\"https:\/\/www.qnde.ca\/fr\/produit\/ptcrawl-fr\/\" \/>\n<meta name=\"twitter:label1\" content=\"Dur\u00e9e de lecture estim\u00e9e\" \/>\n\t<meta name=\"twitter:data1\" content=\"2 minutes\" \/>\n<script type=\"application\/ld+json\" class=\"yoast-schema-graph\">{\"@context\":\"https:\/\/schema.org\",\"@graph\":[{\"@type\":[\"WebPage\",\"ItemPage\"],\"@id\":\"https:\/\/www.qnde.ca\/fr\/produit\/ptcrawl-fr\/\",\"url\":\"https:\/\/www.qnde.ca\/fr\/produit\/ptcrawl-fr\/\",\"name\":\"Insight Vision Robot Motoris\u00e9 \u00e0 Vue Panoramique Rotative iRIS &#060; Qualit\u00e9 NDE\",\"isPartOf\":{\"@id\":\"https:\/\/www.qnde.ca\/#website\"},\"primaryImageOfPage\":{\"@id\":\"https:\/\/www.qnde.ca\/fr\/produit\/ptcrawl-fr\/#primaryimage\"},\"image\":{\"@id\":\"https:\/\/www.qnde.ca\/fr\/produit\/ptcrawl-fr\/#primaryimage\"},\"thumbnailUrl\":\"https:\/\/www.qnde.ca\/wp-content\/uploads\/2021\/07\/iRIS-Pan-and-Tilt-crawler.jpg\",\"datePublished\":\"2016-05-02T19:53:58+00:00\",\"dateModified\":\"2025-06-16T13:20:21+00:00\",\"description\":\"Robot motoris\u00e9 \u00ab\u00a0Pan and tilt\u00a0\u00bb pour inspection de conduits de 6\\\" \u00e0 12\\\" (152mm \u00e0 304mm) de diam\u00e8tre (18\\\" (457mm) avec roues pneumatiques optionnelles).\",\"breadcrumb\":{\"@id\":\"https:\/\/www.qnde.ca\/fr\/produit\/ptcrawl-fr\/#breadcrumb\"},\"inLanguage\":\"fr-FR\",\"potentialAction\":[{\"@type\":\"ReadAction\",\"target\":[\"https:\/\/www.qnde.ca\/fr\/produit\/ptcrawl-fr\/\"]}]},{\"@type\":\"ImageObject\",\"inLanguage\":\"fr-FR\",\"@id\":\"https:\/\/www.qnde.ca\/fr\/produit\/ptcrawl-fr\/#primaryimage\",\"url\":\"https:\/\/www.qnde.ca\/wp-content\/uploads\/2021\/07\/iRIS-Pan-and-Tilt-crawler.jpg\",\"contentUrl\":\"https:\/\/www.qnde.ca\/wp-content\/uploads\/2021\/07\/iRIS-Pan-and-Tilt-crawler.jpg\",\"width\":973,\"height\":615,\"caption\":\"iRIS - Pan and Tilt crawler\"},{\"@type\":\"BreadcrumbList\",\"@id\":\"https:\/\/www.qnde.ca\/fr\/produit\/ptcrawl-fr\/#breadcrumb\",\"itemListElement\":[{\"@type\":\"ListItem\",\"position\":1,\"name\":\"Accueil\",\"item\":\"https:\/\/www.qnde.ca\/fr\/\"},{\"@type\":\"ListItem\",\"position\":2,\"name\":\"Produits\",\"item\":\"https:\/\/www.qnde.ca\/fr\/produits\/\"},{\"@type\":\"ListItem\",\"position\":3,\"name\":\"Marques\",\"item\":\"https:\/\/www.qnde.ca\/fr\/product-category\/marques\/\"},{\"@type\":\"ListItem\",\"position\":4,\"name\":\"Autres Marques\",\"item\":\"https:\/\/www.qnde.ca\/fr\/product-category\/marques\/autres-marques\/\"},{\"@type\":\"ListItem\",\"position\":5,\"name\":\"Insight Vision Robot Motoris\u00e9 \u00e0 Vue Panoramique Rotative iRIS\"}]},{\"@type\":\"WebSite\",\"@id\":\"https:\/\/www.qnde.ca\/#website\",\"url\":\"https:\/\/www.qnde.ca\/\",\"name\":\"Qualit\u00e9 NDE\",\"description\":\"\u00c9quipements d&#039;essais non destructifs \",\"publisher\":{\"@id\":\"https:\/\/www.qnde.ca\/#organization\"},\"potentialAction\":[{\"@type\":\"SearchAction\",\"target\":{\"@type\":\"EntryPoint\",\"urlTemplate\":\"https:\/\/www.qnde.ca\/?s={search_term_string}\"},\"query-input\":{\"@type\":\"PropertyValueSpecification\",\"valueRequired\":true,\"valueName\":\"search_term_string\"}}],\"inLanguage\":\"fr-FR\"},{\"@type\":\"Organization\",\"@id\":\"https:\/\/www.qnde.ca\/#organization\",\"name\":\"Quality NDT Ltd.\",\"url\":\"https:\/\/www.qnde.ca\/\",\"logo\":{\"@type\":\"ImageObject\",\"inLanguage\":\"fr-FR\",\"@id\":\"https:\/\/www.qnde.ca\/#\/schema\/logo\/image\/\",\"url\":\"https:\/\/www.qnde.ca\/wp-content\/uploads\/2022\/02\/QNDE_logo_RGB-gif.gif\",\"contentUrl\":\"https:\/\/www.qnde.ca\/wp-content\/uploads\/2022\/02\/QNDE_logo_RGB-gif.gif\",\"width\":250,\"height\":64,\"caption\":\"Quality NDT Ltd.\"},\"image\":{\"@id\":\"https:\/\/www.qnde.ca\/#\/schema\/logo\/image\/\"},\"sameAs\":[\"https:\/\/www.linkedin.com\/company\/qnde\/about\/?viewAsMember=true\"]}]}<\/script>\n<!-- \/ Yoast SEO plugin. -->","yoast_head_json":{"title":"Insight Vision Robot Motoris\u00e9 \u00e0 Vue Panoramique Rotative iRIS &#060; Qualit\u00e9 NDE","description":"Robot motoris\u00e9 \u00ab\u00a0Pan and tilt\u00a0\u00bb pour inspection de conduits de 6\" \u00e0 12\" (152mm \u00e0 304mm) de diam\u00e8tre (18\" (457mm) avec roues pneumatiques optionnelles).","robots":{"index":"index","follow":"follow","max-snippet":"max-snippet:-1","max-image-preview":"max-image-preview:large","max-video-preview":"max-video-preview:-1"},"canonical":"https:\/\/www.qnde.ca\/fr\/produit\/ptcrawl-fr\/","twitter_misc":{"Dur\u00e9e de lecture estim\u00e9e":"2 minutes"},"schema":{"@context":"https:\/\/schema.org","@graph":[{"@type":["WebPage","ItemPage"],"@id":"https:\/\/www.qnde.ca\/fr\/produit\/ptcrawl-fr\/","url":"https:\/\/www.qnde.ca\/fr\/produit\/ptcrawl-fr\/","name":"Insight Vision Robot Motoris\u00e9 \u00e0 Vue Panoramique Rotative iRIS &#060; Qualit\u00e9 NDE","isPartOf":{"@id":"https:\/\/www.qnde.ca\/#website"},"primaryImageOfPage":{"@id":"https:\/\/www.qnde.ca\/fr\/produit\/ptcrawl-fr\/#primaryimage"},"image":{"@id":"https:\/\/www.qnde.ca\/fr\/produit\/ptcrawl-fr\/#primaryimage"},"thumbnailUrl":"https:\/\/www.qnde.ca\/wp-content\/uploads\/2021\/07\/iRIS-Pan-and-Tilt-crawler.jpg","datePublished":"2016-05-02T19:53:58+00:00","dateModified":"2025-06-16T13:20:21+00:00","description":"Robot motoris\u00e9 \u00ab\u00a0Pan and tilt\u00a0\u00bb pour inspection de conduits de 6\" \u00e0 12\" (152mm \u00e0 304mm) de diam\u00e8tre (18\" (457mm) avec roues pneumatiques optionnelles).","breadcrumb":{"@id":"https:\/\/www.qnde.ca\/fr\/produit\/ptcrawl-fr\/#breadcrumb"},"inLanguage":"fr-FR","potentialAction":[{"@type":"ReadAction","target":["https:\/\/www.qnde.ca\/fr\/produit\/ptcrawl-fr\/"]}]},{"@type":"ImageObject","inLanguage":"fr-FR","@id":"https:\/\/www.qnde.ca\/fr\/produit\/ptcrawl-fr\/#primaryimage","url":"https:\/\/www.qnde.ca\/wp-content\/uploads\/2021\/07\/iRIS-Pan-and-Tilt-crawler.jpg","contentUrl":"https:\/\/www.qnde.ca\/wp-content\/uploads\/2021\/07\/iRIS-Pan-and-Tilt-crawler.jpg","width":973,"height":615,"caption":"iRIS - Pan and Tilt crawler"},{"@type":"BreadcrumbList","@id":"https:\/\/www.qnde.ca\/fr\/produit\/ptcrawl-fr\/#breadcrumb","itemListElement":[{"@type":"ListItem","position":1,"name":"Accueil","item":"https:\/\/www.qnde.ca\/fr\/"},{"@type":"ListItem","position":2,"name":"Produits","item":"https:\/\/www.qnde.ca\/fr\/produits\/"},{"@type":"ListItem","position":3,"name":"Marques","item":"https:\/\/www.qnde.ca\/fr\/product-category\/marques\/"},{"@type":"ListItem","position":4,"name":"Autres Marques","item":"https:\/\/www.qnde.ca\/fr\/product-category\/marques\/autres-marques\/"},{"@type":"ListItem","position":5,"name":"Insight Vision Robot Motoris\u00e9 \u00e0 Vue Panoramique Rotative iRIS"}]},{"@type":"WebSite","@id":"https:\/\/www.qnde.ca\/#website","url":"https:\/\/www.qnde.ca\/","name":"Qualit\u00e9 NDE","description":"\u00c9quipements d&#039;essais non destructifs ","publisher":{"@id":"https:\/\/www.qnde.ca\/#organization"},"potentialAction":[{"@type":"SearchAction","target":{"@type":"EntryPoint","urlTemplate":"https:\/\/www.qnde.ca\/?s={search_term_string}"},"query-input":{"@type":"PropertyValueSpecification","valueRequired":true,"valueName":"search_term_string"}}],"inLanguage":"fr-FR"},{"@type":"Organization","@id":"https:\/\/www.qnde.ca\/#organization","name":"Quality NDT Ltd.","url":"https:\/\/www.qnde.ca\/","logo":{"@type":"ImageObject","inLanguage":"fr-FR","@id":"https:\/\/www.qnde.ca\/#\/schema\/logo\/image\/","url":"https:\/\/www.qnde.ca\/wp-content\/uploads\/2022\/02\/QNDE_logo_RGB-gif.gif","contentUrl":"https:\/\/www.qnde.ca\/wp-content\/uploads\/2022\/02\/QNDE_logo_RGB-gif.gif","width":250,"height":64,"caption":"Quality NDT Ltd."},"image":{"@id":"https:\/\/www.qnde.ca\/#\/schema\/logo\/image\/"},"sameAs":["https:\/\/www.linkedin.com\/company\/qnde\/about\/?viewAsMember=true"]}]}},"jetpack_sharing_enabled":true,"_links":{"self":[{"href":"https:\/\/www.qnde.ca\/fr\/wp-json\/wp\/v2\/product\/7891","targetHints":{"allow":["GET"]}}],"collection":[{"href":"https:\/\/www.qnde.ca\/fr\/wp-json\/wp\/v2\/product"}],"about":[{"href":"https:\/\/www.qnde.ca\/fr\/wp-json\/wp\/v2\/types\/product"}],"wp:featuredmedia":[{"embeddable":true,"href":"https:\/\/www.qnde.ca\/fr\/wp-json\/wp\/v2\/media\/20398"}],"wp:attachment":[{"href":"https:\/\/www.qnde.ca\/fr\/wp-json\/wp\/v2\/media?parent=7891"}],"wp:term":[{"taxonomy":"product_brand","embeddable":true,"href":"https:\/\/www.qnde.ca\/fr\/wp-json\/wp\/v2\/product_brand?post=7891"},{"taxonomy":"product_cat","embeddable":true,"href":"https:\/\/www.qnde.ca\/fr\/wp-json\/wp\/v2\/product_cat?post=7891"},{"taxonomy":"product_tag","embeddable":true,"href":"https:\/\/www.qnde.ca\/fr\/wp-json\/wp\/v2\/product_tag?post=7891"}],"curies":[{"name":"wp","href":"https:\/\/api.w.org\/{rel}","templated":true}]}}