{"id":7874,"date":"2016-05-02T14:36:27","date_gmt":"2016-05-02T14:36:27","guid":{"rendered":"https:\/\/www.qnde.ca\/product\/pitgage\/"},"modified":"2022-11-04T16:50:44","modified_gmt":"2022-11-04T20:50:44","slug":"pitgage","status":"publish","type":"product","link":"https:\/\/www.qnde.ca\/fr\/produit\/pitgage\/","title":{"rendered":"GAL Gage &#8211; Jauge de corrosion"},"content":{"rendered":"<h3 id=\"ctl01_ctl00_cphMainContent_ProductTitle\">Jauge de corrosion<\/h3>\n<p>Cette jauge de mesure de corrosion est solide, bien fait, et est disponibles dans une vari\u00e9t\u00e9 de formats pratiques.<\/p>\n<p>Notre jauge de mesure de corrosion est efficace en atelier ainsi que sur le terrain.<\/p>\n<p>&nbsp;<\/p>\n<p>Options:<\/p>\n<ul>\n<li>CAT5F: Mesure Metric<\/li>\n<li>CAT5G: Mesure Imp\u00e9rial<\/li>\n<\/ul>\n","protected":false},"excerpt":{"rendered":"<p>Jauge de corrosion Cette jauge de mesure de corrosion est solide, bien fait, et est disponibles dans une vari\u00e9t\u00e9 de formats pratiques. Notre jauge de mesure de corrosion est efficace en atelier ainsi que sur le terrain. &nbsp; Options: CAT5F: Mesure Metric CAT5G: Mesure Imp\u00e9rial<\/p>\n","protected":false},"featured_media":7880,"template":"","meta":{"_monsterinsights_skip_tracking":false,"_monsterinsights_sitenote_active":false,"_monsterinsights_sitenote_note":"","_monsterinsights_sitenote_category":0},"product_brand":[],"product_cat":[402,156],"product_tag":[],"class_list":{"0":"post-7874","1":"product","2":"type-product","3":"status-publish","4":"has-post-thumbnail","6":"product_cat-autres-marques","7":"product_cat-autres-produits","9":"first","10":"instock","11":"shipping-taxable","12":"purchasable","13":"product-type-variable"},"yoast_head":"<!-- This site is optimized with the Yoast SEO plugin v23.9 - https:\/\/yoast.com\/wordpress\/plugins\/seo\/ -->\n<title>GAL Gage - Jauge de corrosion &#060; Qualit\u00e9 NDE<\/title>\n<meta name=\"description\" content=\"Cette jauge de mesure de corrosion est solide, bien fait, et est disponibles dans une vari\u00e9t\u00e9 de formats pratiques. Imperial ou metric.\" \/>\n<meta name=\"robots\" content=\"index, follow, max-snippet:-1, max-image-preview:large, max-video-preview:-1\" \/>\n<link rel=\"canonical\" href=\"https:\/\/www.qnde.ca\/fr\/produit\/pitgage\/\" \/>\n<meta name=\"twitter:label1\" content=\"Dur\u00e9e de lecture estim\u00e9e\" \/>\n\t<meta name=\"twitter:data1\" content=\"1 minute\" \/>\n<script type=\"application\/ld+json\" class=\"yoast-schema-graph\">{\"@context\":\"https:\/\/schema.org\",\"@graph\":[{\"@type\":[\"WebPage\",\"ItemPage\"],\"@id\":\"https:\/\/www.qnde.ca\/fr\/produit\/pitgage\/\",\"url\":\"https:\/\/www.qnde.ca\/fr\/produit\/pitgage\/\",\"name\":\"GAL Gage - Jauge de corrosion &#060; Qualit\u00e9 NDE\",\"isPartOf\":{\"@id\":\"https:\/\/www.qnde.ca\/#website\"},\"primaryImageOfPage\":{\"@id\":\"https:\/\/www.qnde.ca\/fr\/produit\/pitgage\/#primaryimage\"},\"image\":{\"@id\":\"https:\/\/www.qnde.ca\/fr\/produit\/pitgage\/#primaryimage\"},\"thumbnailUrl\":\"https:\/\/www.qnde.ca\/wp-content\/uploads\/2016\/05\/Pit-Gage-1.jpg\",\"datePublished\":\"2016-05-02T14:36:27+00:00\",\"dateModified\":\"2022-11-04T20:50:44+00:00\",\"description\":\"Cette jauge de mesure de corrosion est solide, bien fait, et est disponibles dans une vari\u00e9t\u00e9 de formats pratiques. Imperial ou metric.\",\"breadcrumb\":{\"@id\":\"https:\/\/www.qnde.ca\/fr\/produit\/pitgage\/#breadcrumb\"},\"inLanguage\":\"fr-FR\",\"potentialAction\":[{\"@type\":\"ReadAction\",\"target\":[\"https:\/\/www.qnde.ca\/fr\/produit\/pitgage\/\"]}]},{\"@type\":\"ImageObject\",\"inLanguage\":\"fr-FR\",\"@id\":\"https:\/\/www.qnde.ca\/fr\/produit\/pitgage\/#primaryimage\",\"url\":\"https:\/\/www.qnde.ca\/wp-content\/uploads\/2016\/05\/Pit-Gage-1.jpg\",\"contentUrl\":\"https:\/\/www.qnde.ca\/wp-content\/uploads\/2016\/05\/Pit-Gage-1.jpg\",\"width\":996,\"height\":526},{\"@type\":\"BreadcrumbList\",\"@id\":\"https:\/\/www.qnde.ca\/fr\/produit\/pitgage\/#breadcrumb\",\"itemListElement\":[{\"@type\":\"ListItem\",\"position\":1,\"name\":\"Accueil\",\"item\":\"https:\/\/www.qnde.ca\/fr\/\"},{\"@type\":\"ListItem\",\"position\":2,\"name\":\"Produits\",\"item\":\"https:\/\/www.qnde.ca\/fr\/produits\/\"},{\"@type\":\"ListItem\",\"position\":3,\"name\":\"Marques\",\"item\":\"https:\/\/www.qnde.ca\/fr\/product-category\/marques\/\"},{\"@type\":\"ListItem\",\"position\":4,\"name\":\"Autres Marques\",\"item\":\"https:\/\/www.qnde.ca\/fr\/product-category\/marques\/autres-marques\/\"},{\"@type\":\"ListItem\",\"position\":5,\"name\":\"GAL Gage &#8211; Jauge de corrosion\"}]},{\"@type\":\"WebSite\",\"@id\":\"https:\/\/www.qnde.ca\/#website\",\"url\":\"https:\/\/www.qnde.ca\/\",\"name\":\"Qualit\u00e9 NDE\",\"description\":\"\u00c9quipements d&#039;essais non destructifs \",\"publisher\":{\"@id\":\"https:\/\/www.qnde.ca\/#organization\"},\"potentialAction\":[{\"@type\":\"SearchAction\",\"target\":{\"@type\":\"EntryPoint\",\"urlTemplate\":\"https:\/\/www.qnde.ca\/?s={search_term_string}\"},\"query-input\":{\"@type\":\"PropertyValueSpecification\",\"valueRequired\":true,\"valueName\":\"search_term_string\"}}],\"inLanguage\":\"fr-FR\"},{\"@type\":\"Organization\",\"@id\":\"https:\/\/www.qnde.ca\/#organization\",\"name\":\"Quality NDT Ltd.\",\"url\":\"https:\/\/www.qnde.ca\/\",\"logo\":{\"@type\":\"ImageObject\",\"inLanguage\":\"fr-FR\",\"@id\":\"https:\/\/www.qnde.ca\/#\/schema\/logo\/image\/\",\"url\":\"https:\/\/www.qnde.ca\/wp-content\/uploads\/2022\/02\/QNDE_logo_RGB-gif.gif\",\"contentUrl\":\"https:\/\/www.qnde.ca\/wp-content\/uploads\/2022\/02\/QNDE_logo_RGB-gif.gif\",\"width\":250,\"height\":64,\"caption\":\"Quality NDT Ltd.\"},\"image\":{\"@id\":\"https:\/\/www.qnde.ca\/#\/schema\/logo\/image\/\"},\"sameAs\":[\"https:\/\/www.linkedin.com\/company\/qnde\/about\/?viewAsMember=true\"]}]}<\/script>\n<!-- \/ Yoast SEO plugin. -->","yoast_head_json":{"title":"GAL Gage - Jauge de corrosion &#060; Qualit\u00e9 NDE","description":"Cette jauge de mesure de corrosion est solide, bien fait, et est disponibles dans une vari\u00e9t\u00e9 de formats pratiques. Imperial ou metric.","robots":{"index":"index","follow":"follow","max-snippet":"max-snippet:-1","max-image-preview":"max-image-preview:large","max-video-preview":"max-video-preview:-1"},"canonical":"https:\/\/www.qnde.ca\/fr\/produit\/pitgage\/","twitter_misc":{"Dur\u00e9e de lecture estim\u00e9e":"1 minute"},"schema":{"@context":"https:\/\/schema.org","@graph":[{"@type":["WebPage","ItemPage"],"@id":"https:\/\/www.qnde.ca\/fr\/produit\/pitgage\/","url":"https:\/\/www.qnde.ca\/fr\/produit\/pitgage\/","name":"GAL Gage - Jauge de corrosion &#060; Qualit\u00e9 NDE","isPartOf":{"@id":"https:\/\/www.qnde.ca\/#website"},"primaryImageOfPage":{"@id":"https:\/\/www.qnde.ca\/fr\/produit\/pitgage\/#primaryimage"},"image":{"@id":"https:\/\/www.qnde.ca\/fr\/produit\/pitgage\/#primaryimage"},"thumbnailUrl":"https:\/\/www.qnde.ca\/wp-content\/uploads\/2016\/05\/Pit-Gage-1.jpg","datePublished":"2016-05-02T14:36:27+00:00","dateModified":"2022-11-04T20:50:44+00:00","description":"Cette jauge de mesure de corrosion est solide, bien fait, et est disponibles dans une vari\u00e9t\u00e9 de formats pratiques. Imperial ou metric.","breadcrumb":{"@id":"https:\/\/www.qnde.ca\/fr\/produit\/pitgage\/#breadcrumb"},"inLanguage":"fr-FR","potentialAction":[{"@type":"ReadAction","target":["https:\/\/www.qnde.ca\/fr\/produit\/pitgage\/"]}]},{"@type":"ImageObject","inLanguage":"fr-FR","@id":"https:\/\/www.qnde.ca\/fr\/produit\/pitgage\/#primaryimage","url":"https:\/\/www.qnde.ca\/wp-content\/uploads\/2016\/05\/Pit-Gage-1.jpg","contentUrl":"https:\/\/www.qnde.ca\/wp-content\/uploads\/2016\/05\/Pit-Gage-1.jpg","width":996,"height":526},{"@type":"BreadcrumbList","@id":"https:\/\/www.qnde.ca\/fr\/produit\/pitgage\/#breadcrumb","itemListElement":[{"@type":"ListItem","position":1,"name":"Accueil","item":"https:\/\/www.qnde.ca\/fr\/"},{"@type":"ListItem","position":2,"name":"Produits","item":"https:\/\/www.qnde.ca\/fr\/produits\/"},{"@type":"ListItem","position":3,"name":"Marques","item":"https:\/\/www.qnde.ca\/fr\/product-category\/marques\/"},{"@type":"ListItem","position":4,"name":"Autres Marques","item":"https:\/\/www.qnde.ca\/fr\/product-category\/marques\/autres-marques\/"},{"@type":"ListItem","position":5,"name":"GAL Gage &#8211; Jauge de corrosion"}]},{"@type":"WebSite","@id":"https:\/\/www.qnde.ca\/#website","url":"https:\/\/www.qnde.ca\/","name":"Qualit\u00e9 NDE","description":"\u00c9quipements d&#039;essais non destructifs ","publisher":{"@id":"https:\/\/www.qnde.ca\/#organization"},"potentialAction":[{"@type":"SearchAction","target":{"@type":"EntryPoint","urlTemplate":"https:\/\/www.qnde.ca\/?s={search_term_string}"},"query-input":{"@type":"PropertyValueSpecification","valueRequired":true,"valueName":"search_term_string"}}],"inLanguage":"fr-FR"},{"@type":"Organization","@id":"https:\/\/www.qnde.ca\/#organization","name":"Quality NDT Ltd.","url":"https:\/\/www.qnde.ca\/","logo":{"@type":"ImageObject","inLanguage":"fr-FR","@id":"https:\/\/www.qnde.ca\/#\/schema\/logo\/image\/","url":"https:\/\/www.qnde.ca\/wp-content\/uploads\/2022\/02\/QNDE_logo_RGB-gif.gif","contentUrl":"https:\/\/www.qnde.ca\/wp-content\/uploads\/2022\/02\/QNDE_logo_RGB-gif.gif","width":250,"height":64,"caption":"Quality NDT Ltd."},"image":{"@id":"https:\/\/www.qnde.ca\/#\/schema\/logo\/image\/"},"sameAs":["https:\/\/www.linkedin.com\/company\/qnde\/about\/?viewAsMember=true"]}]}},"jetpack_sharing_enabled":true,"_links":{"self":[{"href":"https:\/\/www.qnde.ca\/fr\/wp-json\/wp\/v2\/product\/7874","targetHints":{"allow":["GET"]}}],"collection":[{"href":"https:\/\/www.qnde.ca\/fr\/wp-json\/wp\/v2\/product"}],"about":[{"href":"https:\/\/www.qnde.ca\/fr\/wp-json\/wp\/v2\/types\/product"}],"wp:featuredmedia":[{"embeddable":true,"href":"https:\/\/www.qnde.ca\/fr\/wp-json\/wp\/v2\/media\/7880"}],"wp:attachment":[{"href":"https:\/\/www.qnde.ca\/fr\/wp-json\/wp\/v2\/media?parent=7874"}],"wp:term":[{"taxonomy":"product_brand","embeddable":true,"href":"https:\/\/www.qnde.ca\/fr\/wp-json\/wp\/v2\/product_brand?post=7874"},{"taxonomy":"product_cat","embeddable":true,"href":"https:\/\/www.qnde.ca\/fr\/wp-json\/wp\/v2\/product_cat?post=7874"},{"taxonomy":"product_tag","embeddable":true,"href":"https:\/\/www.qnde.ca\/fr\/wp-json\/wp\/v2\/product_tag?post=7874"}],"curies":[{"name":"wp","href":"https:\/\/api.w.org\/{rel}","templated":true}]}}