{"id":7862,"date":"2016-04-27T15:31:30","date_gmt":"2016-04-27T15:31:30","guid":{"rendered":"https:\/\/www.qnde.ca\/product\/vwacgage\/"},"modified":"2025-08-18T16:33:53","modified_gmt":"2025-08-18T20:33:53","slug":"vwacgage","status":"publish","type":"product","link":"https:\/\/www.qnde.ca\/fr\/produit\/vwacgage\/","title":{"rendered":"GAL Gage V-WAC Jauge de soudure"},"content":{"rendered":"<h3 id=\"ctl01_ctl00_cphMainContent_ProductTitle\">GAL Gage V-WAC Jauge de soudure<\/h3>\n<ul>\n<li>Aide \u00e0 v\u00e9rifier rapidement les 4 mesures essentielles requises pour la conformit\u00e9 aux crit\u00e8res visuels d&rsquo;acception du NCR.<\/li>\n<li>Mesure la profondeur de l&rsquo;exc\u00e9dent de m\u00e9tal de soudure.<\/li>\n<li>Compare la porosit\u00e9 et la quantit\u00e9 de porosit\u00e9 par pouce lin\u00e9aire et hauteur du sommet.<\/li>\n<li>Peut \u00eatre achet\u00e9 s\u00e9par\u00e9ment ou en ensemble complet de 7 jauges de soudure de filet (pour v\u00e9rifier la conformit\u00e9 des soudures.)<\/li>\n<\/ul>\n<p>&nbsp;<\/p>\n<p>&nbsp;<\/p>\n","protected":false},"excerpt":{"rendered":"<p>GAL Gage V-WAC Jauge de soudure Aide \u00e0 v\u00e9rifier rapidement les 4 mesures essentielles requises pour la conformit\u00e9 aux crit\u00e8res visuels d&rsquo;acception du NCR. Mesure la profondeur de l&rsquo;exc\u00e9dent de m\u00e9tal de soudure. Compare la porosit\u00e9 et la quantit\u00e9 de porosit\u00e9 par pouce lin\u00e9aire et hauteur du sommet. Peut \u00eatre achet\u00e9 s\u00e9par\u00e9ment ou en ensemble [&hellip;]<\/p>\n","protected":false},"featured_media":7864,"template":"","meta":{"_monsterinsights_skip_tracking":false,"_monsterinsights_sitenote_active":false,"_monsterinsights_sitenote_note":"","_monsterinsights_sitenote_category":0},"product_brand":[],"product_cat":[402,156],"product_tag":[],"class_list":{"0":"post-7862","1":"product","2":"type-product","3":"status-publish","4":"has-post-thumbnail","6":"product_cat-autres-marques","7":"product_cat-autres-produits","9":"first","10":"instock","11":"shipping-taxable","12":"purchasable","13":"product-type-simple"},"yoast_head":"<!-- This site is optimized with the Yoast SEO plugin v23.9 - https:\/\/yoast.com\/wordpress\/plugins\/seo\/ -->\n<title>GAL Gage V-WAC Jauge de soudure &#060; Qualit\u00e9 NDE<\/title>\n<meta name=\"description\" content=\"GAL Gage V-WAC jauge de soudure pour mesurer exc\u00e8s de m\u00e9tal, porosit\u00e9 et conformit\u00e9 visuelle des soudures selon les crit\u00e8res NCR. Id\u00e9ale pour inspecteurs.\" \/>\n<meta name=\"robots\" content=\"index, follow, max-snippet:-1, max-image-preview:large, max-video-preview:-1\" \/>\n<link rel=\"canonical\" href=\"https:\/\/www.qnde.ca\/fr\/produit\/vwacgage\/\" \/>\n<meta name=\"twitter:label1\" content=\"Dur\u00e9e de lecture estim\u00e9e\" \/>\n\t<meta name=\"twitter:data1\" content=\"1 minute\" \/>\n<script type=\"application\/ld+json\" class=\"yoast-schema-graph\">{\"@context\":\"https:\/\/schema.org\",\"@graph\":[{\"@type\":[\"WebPage\",\"ItemPage\"],\"@id\":\"https:\/\/www.qnde.ca\/fr\/produit\/vwacgage\/\",\"url\":\"https:\/\/www.qnde.ca\/fr\/produit\/vwacgage\/\",\"name\":\"GAL Gage V-WAC Jauge de soudure &#060; Qualit\u00e9 NDE\",\"isPartOf\":{\"@id\":\"https:\/\/www.qnde.ca\/#website\"},\"primaryImageOfPage\":{\"@id\":\"https:\/\/www.qnde.ca\/fr\/produit\/vwacgage\/#primaryimage\"},\"image\":{\"@id\":\"https:\/\/www.qnde.ca\/fr\/produit\/vwacgage\/#primaryimage\"},\"thumbnailUrl\":\"https:\/\/www.qnde.ca\/wp-content\/uploads\/2016\/04\/V-WAC-Single-Weld-1-16.jpg\",\"datePublished\":\"2016-04-27T15:31:30+00:00\",\"dateModified\":\"2025-08-18T20:33:53+00:00\",\"description\":\"GAL Gage V-WAC jauge de soudure pour mesurer exc\u00e8s de m\u00e9tal, porosit\u00e9 et conformit\u00e9 visuelle des soudures selon les crit\u00e8res NCR. Id\u00e9ale pour inspecteurs.\",\"breadcrumb\":{\"@id\":\"https:\/\/www.qnde.ca\/fr\/produit\/vwacgage\/#breadcrumb\"},\"inLanguage\":\"fr-FR\",\"potentialAction\":[{\"@type\":\"ReadAction\",\"target\":[\"https:\/\/www.qnde.ca\/fr\/produit\/vwacgage\/\"]}]},{\"@type\":\"ImageObject\",\"inLanguage\":\"fr-FR\",\"@id\":\"https:\/\/www.qnde.ca\/fr\/produit\/vwacgage\/#primaryimage\",\"url\":\"https:\/\/www.qnde.ca\/wp-content\/uploads\/2016\/04\/V-WAC-Single-Weld-1-16.jpg\",\"contentUrl\":\"https:\/\/www.qnde.ca\/wp-content\/uploads\/2016\/04\/V-WAC-Single-Weld-1-16.jpg\",\"width\":1000,\"height\":385},{\"@type\":\"BreadcrumbList\",\"@id\":\"https:\/\/www.qnde.ca\/fr\/produit\/vwacgage\/#breadcrumb\",\"itemListElement\":[{\"@type\":\"ListItem\",\"position\":1,\"name\":\"Accueil\",\"item\":\"https:\/\/www.qnde.ca\/fr\/\"},{\"@type\":\"ListItem\",\"position\":2,\"name\":\"Produits\",\"item\":\"https:\/\/www.qnde.ca\/fr\/produits\/\"},{\"@type\":\"ListItem\",\"position\":3,\"name\":\"Marques\",\"item\":\"https:\/\/www.qnde.ca\/fr\/product-category\/marques\/\"},{\"@type\":\"ListItem\",\"position\":4,\"name\":\"Autres Marques\",\"item\":\"https:\/\/www.qnde.ca\/fr\/product-category\/marques\/autres-marques\/\"},{\"@type\":\"ListItem\",\"position\":5,\"name\":\"GAL Gage V-WAC Jauge de soudure\"}]},{\"@type\":\"WebSite\",\"@id\":\"https:\/\/www.qnde.ca\/#website\",\"url\":\"https:\/\/www.qnde.ca\/\",\"name\":\"Qualit\u00e9 NDE\",\"description\":\"\u00c9quipements d&#039;essais non destructifs \",\"publisher\":{\"@id\":\"https:\/\/www.qnde.ca\/#organization\"},\"potentialAction\":[{\"@type\":\"SearchAction\",\"target\":{\"@type\":\"EntryPoint\",\"urlTemplate\":\"https:\/\/www.qnde.ca\/?s={search_term_string}\"},\"query-input\":{\"@type\":\"PropertyValueSpecification\",\"valueRequired\":true,\"valueName\":\"search_term_string\"}}],\"inLanguage\":\"fr-FR\"},{\"@type\":\"Organization\",\"@id\":\"https:\/\/www.qnde.ca\/#organization\",\"name\":\"Quality NDT Ltd.\",\"url\":\"https:\/\/www.qnde.ca\/\",\"logo\":{\"@type\":\"ImageObject\",\"inLanguage\":\"fr-FR\",\"@id\":\"https:\/\/www.qnde.ca\/#\/schema\/logo\/image\/\",\"url\":\"https:\/\/www.qnde.ca\/wp-content\/uploads\/2022\/02\/QNDE_logo_RGB-gif.gif\",\"contentUrl\":\"https:\/\/www.qnde.ca\/wp-content\/uploads\/2022\/02\/QNDE_logo_RGB-gif.gif\",\"width\":250,\"height\":64,\"caption\":\"Quality NDT Ltd.\"},\"image\":{\"@id\":\"https:\/\/www.qnde.ca\/#\/schema\/logo\/image\/\"},\"sameAs\":[\"https:\/\/www.linkedin.com\/company\/qnde\/about\/?viewAsMember=true\"]}]}<\/script>\n<!-- \/ Yoast SEO plugin. -->","yoast_head_json":{"title":"GAL Gage V-WAC Jauge de soudure &#060; Qualit\u00e9 NDE","description":"GAL Gage V-WAC jauge de soudure pour mesurer exc\u00e8s de m\u00e9tal, porosit\u00e9 et conformit\u00e9 visuelle des soudures selon les crit\u00e8res NCR. Id\u00e9ale pour inspecteurs.","robots":{"index":"index","follow":"follow","max-snippet":"max-snippet:-1","max-image-preview":"max-image-preview:large","max-video-preview":"max-video-preview:-1"},"canonical":"https:\/\/www.qnde.ca\/fr\/produit\/vwacgage\/","twitter_misc":{"Dur\u00e9e de lecture estim\u00e9e":"1 minute"},"schema":{"@context":"https:\/\/schema.org","@graph":[{"@type":["WebPage","ItemPage"],"@id":"https:\/\/www.qnde.ca\/fr\/produit\/vwacgage\/","url":"https:\/\/www.qnde.ca\/fr\/produit\/vwacgage\/","name":"GAL Gage V-WAC Jauge de soudure &#060; Qualit\u00e9 NDE","isPartOf":{"@id":"https:\/\/www.qnde.ca\/#website"},"primaryImageOfPage":{"@id":"https:\/\/www.qnde.ca\/fr\/produit\/vwacgage\/#primaryimage"},"image":{"@id":"https:\/\/www.qnde.ca\/fr\/produit\/vwacgage\/#primaryimage"},"thumbnailUrl":"https:\/\/www.qnde.ca\/wp-content\/uploads\/2016\/04\/V-WAC-Single-Weld-1-16.jpg","datePublished":"2016-04-27T15:31:30+00:00","dateModified":"2025-08-18T20:33:53+00:00","description":"GAL Gage V-WAC jauge de soudure pour mesurer exc\u00e8s de m\u00e9tal, porosit\u00e9 et conformit\u00e9 visuelle des soudures selon les crit\u00e8res NCR. Id\u00e9ale pour inspecteurs.","breadcrumb":{"@id":"https:\/\/www.qnde.ca\/fr\/produit\/vwacgage\/#breadcrumb"},"inLanguage":"fr-FR","potentialAction":[{"@type":"ReadAction","target":["https:\/\/www.qnde.ca\/fr\/produit\/vwacgage\/"]}]},{"@type":"ImageObject","inLanguage":"fr-FR","@id":"https:\/\/www.qnde.ca\/fr\/produit\/vwacgage\/#primaryimage","url":"https:\/\/www.qnde.ca\/wp-content\/uploads\/2016\/04\/V-WAC-Single-Weld-1-16.jpg","contentUrl":"https:\/\/www.qnde.ca\/wp-content\/uploads\/2016\/04\/V-WAC-Single-Weld-1-16.jpg","width":1000,"height":385},{"@type":"BreadcrumbList","@id":"https:\/\/www.qnde.ca\/fr\/produit\/vwacgage\/#breadcrumb","itemListElement":[{"@type":"ListItem","position":1,"name":"Accueil","item":"https:\/\/www.qnde.ca\/fr\/"},{"@type":"ListItem","position":2,"name":"Produits","item":"https:\/\/www.qnde.ca\/fr\/produits\/"},{"@type":"ListItem","position":3,"name":"Marques","item":"https:\/\/www.qnde.ca\/fr\/product-category\/marques\/"},{"@type":"ListItem","position":4,"name":"Autres Marques","item":"https:\/\/www.qnde.ca\/fr\/product-category\/marques\/autres-marques\/"},{"@type":"ListItem","position":5,"name":"GAL Gage V-WAC Jauge de soudure"}]},{"@type":"WebSite","@id":"https:\/\/www.qnde.ca\/#website","url":"https:\/\/www.qnde.ca\/","name":"Qualit\u00e9 NDE","description":"\u00c9quipements d&#039;essais non destructifs ","publisher":{"@id":"https:\/\/www.qnde.ca\/#organization"},"potentialAction":[{"@type":"SearchAction","target":{"@type":"EntryPoint","urlTemplate":"https:\/\/www.qnde.ca\/?s={search_term_string}"},"query-input":{"@type":"PropertyValueSpecification","valueRequired":true,"valueName":"search_term_string"}}],"inLanguage":"fr-FR"},{"@type":"Organization","@id":"https:\/\/www.qnde.ca\/#organization","name":"Quality NDT Ltd.","url":"https:\/\/www.qnde.ca\/","logo":{"@type":"ImageObject","inLanguage":"fr-FR","@id":"https:\/\/www.qnde.ca\/#\/schema\/logo\/image\/","url":"https:\/\/www.qnde.ca\/wp-content\/uploads\/2022\/02\/QNDE_logo_RGB-gif.gif","contentUrl":"https:\/\/www.qnde.ca\/wp-content\/uploads\/2022\/02\/QNDE_logo_RGB-gif.gif","width":250,"height":64,"caption":"Quality NDT Ltd."},"image":{"@id":"https:\/\/www.qnde.ca\/#\/schema\/logo\/image\/"},"sameAs":["https:\/\/www.linkedin.com\/company\/qnde\/about\/?viewAsMember=true"]}]}},"jetpack_sharing_enabled":true,"_links":{"self":[{"href":"https:\/\/www.qnde.ca\/fr\/wp-json\/wp\/v2\/product\/7862","targetHints":{"allow":["GET"]}}],"collection":[{"href":"https:\/\/www.qnde.ca\/fr\/wp-json\/wp\/v2\/product"}],"about":[{"href":"https:\/\/www.qnde.ca\/fr\/wp-json\/wp\/v2\/types\/product"}],"wp:featuredmedia":[{"embeddable":true,"href":"https:\/\/www.qnde.ca\/fr\/wp-json\/wp\/v2\/media\/7864"}],"wp:attachment":[{"href":"https:\/\/www.qnde.ca\/fr\/wp-json\/wp\/v2\/media?parent=7862"}],"wp:term":[{"taxonomy":"product_brand","embeddable":true,"href":"https:\/\/www.qnde.ca\/fr\/wp-json\/wp\/v2\/product_brand?post=7862"},{"taxonomy":"product_cat","embeddable":true,"href":"https:\/\/www.qnde.ca\/fr\/wp-json\/wp\/v2\/product_cat?post=7862"},{"taxonomy":"product_tag","embeddable":true,"href":"https:\/\/www.qnde.ca\/fr\/wp-json\/wp\/v2\/product_tag?post=7862"}],"curies":[{"name":"wp","href":"https:\/\/api.w.org\/{rel}","templated":true}]}}