{"id":7849,"date":"2016-04-27T15:00:20","date_gmt":"2016-04-27T15:00:20","guid":{"rendered":"https:\/\/www.qnde.ca\/product\/bridgecam\/"},"modified":"2025-08-18T16:41:47","modified_gmt":"2025-08-18T20:41:47","slug":"bridgecam","status":"publish","type":"product","link":"https:\/\/www.qnde.ca\/fr\/produit\/bridgecam\/","title":{"rendered":"GAL Gage &#8211; Bridge Cam Gage &#8211; Jauge de soudure"},"content":{"rendered":"<h3 id=\"ctl01_ctl00_cphMainContent_ProductTitle\">GAL Gage &#8211; Bridge Cam Gage &#8211; Jauge de soudure<\/h3>\n<p>Les mesures suivantes sont disponibles en pouces ou en millim\u00e8tres:<\/p>\n<ul>\n<li>Angle de pr\u00e9paration, 0\u00b0 \u00e0 60\u00b0<\/li>\n<li>Exc\u00e9dent de m\u00e9tal de soudure (taille du blocage)<\/li>\n<li>Profondeur des piq\u00fbres<\/li>\n<li>Profondeur du caniveau<\/li>\n<li>Taille de gorge de soudure du filet<\/li>\n<li>Longueur de soudure du filet<\/li>\n<li>Mauvais alignement (haut\/bas)<\/li>\n<\/ul>\n<p>&nbsp;<\/p>\n<p>&nbsp;<\/p>\n","protected":false},"excerpt":{"rendered":"<p>GAL Gage &#8211; Bridge Cam Gage &#8211; Jauge de soudure Les mesures suivantes sont disponibles en pouces ou en millim\u00e8tres: Angle de pr\u00e9paration, 0\u00b0 \u00e0 60\u00b0 Exc\u00e9dent de m\u00e9tal de soudure (taille du blocage) Profondeur des piq\u00fbres Profondeur du caniveau Taille de gorge de soudure du filet Longueur de soudure du filet Mauvais alignement (haut\/bas) [&hellip;]<\/p>\n","protected":false},"featured_media":7851,"template":"","meta":{"_monsterinsights_skip_tracking":false,"_monsterinsights_sitenote_active":false,"_monsterinsights_sitenote_note":"","_monsterinsights_sitenote_category":0},"product_brand":[],"product_cat":[402,145],"product_tag":[],"class_list":{"0":"post-7849","1":"product","2":"type-product","3":"status-publish","4":"has-post-thumbnail","6":"product_cat-autres-marques","7":"product_cat-essai-durete","9":"first","10":"instock","11":"shipping-taxable","12":"purchasable","13":"product-type-simple"},"yoast_head":"<!-- This site is optimized with the Yoast SEO plugin v23.9 - https:\/\/yoast.com\/wordpress\/plugins\/seo\/ -->\n<title>GAL Gage - Bridge Cam Gage - Jauge de soudure &#060; Qualit\u00e9 NDE<\/title>\n<meta name=\"description\" content=\"GAL Gage - Bridge Cam Gage : Jauge de soudure. Mesures disponibles en pouces ou en millim\u00e8tres. Angle de pr\u00e9paration, 0\u00b0 \u00e0 60\u00b0.\" \/>\n<meta name=\"robots\" content=\"index, follow, max-snippet:-1, max-image-preview:large, max-video-preview:-1\" \/>\n<link rel=\"canonical\" href=\"https:\/\/www.qnde.ca\/fr\/produit\/bridgecam\/\" \/>\n<meta name=\"twitter:label1\" content=\"Dur\u00e9e de lecture estim\u00e9e\" \/>\n\t<meta name=\"twitter:data1\" content=\"1 minute\" \/>\n<script type=\"application\/ld+json\" class=\"yoast-schema-graph\">{\"@context\":\"https:\/\/schema.org\",\"@graph\":[{\"@type\":[\"WebPage\",\"ItemPage\"],\"@id\":\"https:\/\/www.qnde.ca\/fr\/produit\/bridgecam\/\",\"url\":\"https:\/\/www.qnde.ca\/fr\/produit\/bridgecam\/\",\"name\":\"GAL Gage - Bridge Cam Gage - Jauge de soudure &#060; Qualit\u00e9 NDE\",\"isPartOf\":{\"@id\":\"https:\/\/www.qnde.ca\/#website\"},\"primaryImageOfPage\":{\"@id\":\"https:\/\/www.qnde.ca\/fr\/produit\/bridgecam\/#primaryimage\"},\"image\":{\"@id\":\"https:\/\/www.qnde.ca\/fr\/produit\/bridgecam\/#primaryimage\"},\"thumbnailUrl\":\"https:\/\/www.qnde.ca\/wp-content\/uploads\/2016\/04\/Bridge-Cam-Gauge-1.jpg\",\"datePublished\":\"2016-04-27T15:00:20+00:00\",\"dateModified\":\"2025-08-18T20:41:47+00:00\",\"description\":\"GAL Gage - Bridge Cam Gage : Jauge de soudure. Mesures disponibles en pouces ou en millim\u00e8tres. Angle de pr\u00e9paration, 0\u00b0 \u00e0 60\u00b0.\",\"breadcrumb\":{\"@id\":\"https:\/\/www.qnde.ca\/fr\/produit\/bridgecam\/#breadcrumb\"},\"inLanguage\":\"fr-FR\",\"potentialAction\":[{\"@type\":\"ReadAction\",\"target\":[\"https:\/\/www.qnde.ca\/fr\/produit\/bridgecam\/\"]}]},{\"@type\":\"ImageObject\",\"inLanguage\":\"fr-FR\",\"@id\":\"https:\/\/www.qnde.ca\/fr\/produit\/bridgecam\/#primaryimage\",\"url\":\"https:\/\/www.qnde.ca\/wp-content\/uploads\/2016\/04\/Bridge-Cam-Gauge-1.jpg\",\"contentUrl\":\"https:\/\/www.qnde.ca\/wp-content\/uploads\/2016\/04\/Bridge-Cam-Gauge-1.jpg\",\"width\":609,\"height\":382},{\"@type\":\"BreadcrumbList\",\"@id\":\"https:\/\/www.qnde.ca\/fr\/produit\/bridgecam\/#breadcrumb\",\"itemListElement\":[{\"@type\":\"ListItem\",\"position\":1,\"name\":\"Accueil\",\"item\":\"https:\/\/www.qnde.ca\/fr\/\"},{\"@type\":\"ListItem\",\"position\":2,\"name\":\"Produits\",\"item\":\"https:\/\/www.qnde.ca\/fr\/produits\/\"},{\"@type\":\"ListItem\",\"position\":3,\"name\":\"Essai de Duret\u00e9\",\"item\":\"https:\/\/www.qnde.ca\/fr\/product-category\/essai-durete\/\"},{\"@type\":\"ListItem\",\"position\":4,\"name\":\"GAL Gage &#8211; Bridge Cam Gage &#8211; Jauge de soudure\"}]},{\"@type\":\"WebSite\",\"@id\":\"https:\/\/www.qnde.ca\/#website\",\"url\":\"https:\/\/www.qnde.ca\/\",\"name\":\"Qualit\u00e9 NDE\",\"description\":\"\u00c9quipements d&#039;essais non destructifs \",\"publisher\":{\"@id\":\"https:\/\/www.qnde.ca\/#organization\"},\"potentialAction\":[{\"@type\":\"SearchAction\",\"target\":{\"@type\":\"EntryPoint\",\"urlTemplate\":\"https:\/\/www.qnde.ca\/?s={search_term_string}\"},\"query-input\":{\"@type\":\"PropertyValueSpecification\",\"valueRequired\":true,\"valueName\":\"search_term_string\"}}],\"inLanguage\":\"fr-FR\"},{\"@type\":\"Organization\",\"@id\":\"https:\/\/www.qnde.ca\/#organization\",\"name\":\"Quality NDT Ltd.\",\"url\":\"https:\/\/www.qnde.ca\/\",\"logo\":{\"@type\":\"ImageObject\",\"inLanguage\":\"fr-FR\",\"@id\":\"https:\/\/www.qnde.ca\/#\/schema\/logo\/image\/\",\"url\":\"https:\/\/www.qnde.ca\/wp-content\/uploads\/2022\/02\/QNDE_logo_RGB-gif.gif\",\"contentUrl\":\"https:\/\/www.qnde.ca\/wp-content\/uploads\/2022\/02\/QNDE_logo_RGB-gif.gif\",\"width\":250,\"height\":64,\"caption\":\"Quality NDT Ltd.\"},\"image\":{\"@id\":\"https:\/\/www.qnde.ca\/#\/schema\/logo\/image\/\"},\"sameAs\":[\"https:\/\/www.linkedin.com\/company\/qnde\/about\/?viewAsMember=true\"]}]}<\/script>\n<!-- \/ Yoast SEO plugin. -->","yoast_head_json":{"title":"GAL Gage - Bridge Cam Gage - Jauge de soudure &#060; Qualit\u00e9 NDE","description":"GAL Gage - Bridge Cam Gage : Jauge de soudure. Mesures disponibles en pouces ou en millim\u00e8tres. Angle de pr\u00e9paration, 0\u00b0 \u00e0 60\u00b0.","robots":{"index":"index","follow":"follow","max-snippet":"max-snippet:-1","max-image-preview":"max-image-preview:large","max-video-preview":"max-video-preview:-1"},"canonical":"https:\/\/www.qnde.ca\/fr\/produit\/bridgecam\/","twitter_misc":{"Dur\u00e9e de lecture estim\u00e9e":"1 minute"},"schema":{"@context":"https:\/\/schema.org","@graph":[{"@type":["WebPage","ItemPage"],"@id":"https:\/\/www.qnde.ca\/fr\/produit\/bridgecam\/","url":"https:\/\/www.qnde.ca\/fr\/produit\/bridgecam\/","name":"GAL Gage - Bridge Cam Gage - Jauge de soudure &#060; Qualit\u00e9 NDE","isPartOf":{"@id":"https:\/\/www.qnde.ca\/#website"},"primaryImageOfPage":{"@id":"https:\/\/www.qnde.ca\/fr\/produit\/bridgecam\/#primaryimage"},"image":{"@id":"https:\/\/www.qnde.ca\/fr\/produit\/bridgecam\/#primaryimage"},"thumbnailUrl":"https:\/\/www.qnde.ca\/wp-content\/uploads\/2016\/04\/Bridge-Cam-Gauge-1.jpg","datePublished":"2016-04-27T15:00:20+00:00","dateModified":"2025-08-18T20:41:47+00:00","description":"GAL Gage - Bridge Cam Gage : Jauge de soudure. Mesures disponibles en pouces ou en millim\u00e8tres. Angle de pr\u00e9paration, 0\u00b0 \u00e0 60\u00b0.","breadcrumb":{"@id":"https:\/\/www.qnde.ca\/fr\/produit\/bridgecam\/#breadcrumb"},"inLanguage":"fr-FR","potentialAction":[{"@type":"ReadAction","target":["https:\/\/www.qnde.ca\/fr\/produit\/bridgecam\/"]}]},{"@type":"ImageObject","inLanguage":"fr-FR","@id":"https:\/\/www.qnde.ca\/fr\/produit\/bridgecam\/#primaryimage","url":"https:\/\/www.qnde.ca\/wp-content\/uploads\/2016\/04\/Bridge-Cam-Gauge-1.jpg","contentUrl":"https:\/\/www.qnde.ca\/wp-content\/uploads\/2016\/04\/Bridge-Cam-Gauge-1.jpg","width":609,"height":382},{"@type":"BreadcrumbList","@id":"https:\/\/www.qnde.ca\/fr\/produit\/bridgecam\/#breadcrumb","itemListElement":[{"@type":"ListItem","position":1,"name":"Accueil","item":"https:\/\/www.qnde.ca\/fr\/"},{"@type":"ListItem","position":2,"name":"Produits","item":"https:\/\/www.qnde.ca\/fr\/produits\/"},{"@type":"ListItem","position":3,"name":"Essai de Duret\u00e9","item":"https:\/\/www.qnde.ca\/fr\/product-category\/essai-durete\/"},{"@type":"ListItem","position":4,"name":"GAL Gage &#8211; Bridge Cam Gage &#8211; Jauge de soudure"}]},{"@type":"WebSite","@id":"https:\/\/www.qnde.ca\/#website","url":"https:\/\/www.qnde.ca\/","name":"Qualit\u00e9 NDE","description":"\u00c9quipements d&#039;essais non destructifs ","publisher":{"@id":"https:\/\/www.qnde.ca\/#organization"},"potentialAction":[{"@type":"SearchAction","target":{"@type":"EntryPoint","urlTemplate":"https:\/\/www.qnde.ca\/?s={search_term_string}"},"query-input":{"@type":"PropertyValueSpecification","valueRequired":true,"valueName":"search_term_string"}}],"inLanguage":"fr-FR"},{"@type":"Organization","@id":"https:\/\/www.qnde.ca\/#organization","name":"Quality NDT Ltd.","url":"https:\/\/www.qnde.ca\/","logo":{"@type":"ImageObject","inLanguage":"fr-FR","@id":"https:\/\/www.qnde.ca\/#\/schema\/logo\/image\/","url":"https:\/\/www.qnde.ca\/wp-content\/uploads\/2022\/02\/QNDE_logo_RGB-gif.gif","contentUrl":"https:\/\/www.qnde.ca\/wp-content\/uploads\/2022\/02\/QNDE_logo_RGB-gif.gif","width":250,"height":64,"caption":"Quality NDT Ltd."},"image":{"@id":"https:\/\/www.qnde.ca\/#\/schema\/logo\/image\/"},"sameAs":["https:\/\/www.linkedin.com\/company\/qnde\/about\/?viewAsMember=true"]}]}},"jetpack_sharing_enabled":true,"_links":{"self":[{"href":"https:\/\/www.qnde.ca\/fr\/wp-json\/wp\/v2\/product\/7849","targetHints":{"allow":["GET"]}}],"collection":[{"href":"https:\/\/www.qnde.ca\/fr\/wp-json\/wp\/v2\/product"}],"about":[{"href":"https:\/\/www.qnde.ca\/fr\/wp-json\/wp\/v2\/types\/product"}],"wp:featuredmedia":[{"embeddable":true,"href":"https:\/\/www.qnde.ca\/fr\/wp-json\/wp\/v2\/media\/7851"}],"wp:attachment":[{"href":"https:\/\/www.qnde.ca\/fr\/wp-json\/wp\/v2\/media?parent=7849"}],"wp:term":[{"taxonomy":"product_brand","embeddable":true,"href":"https:\/\/www.qnde.ca\/fr\/wp-json\/wp\/v2\/product_brand?post=7849"},{"taxonomy":"product_cat","embeddable":true,"href":"https:\/\/www.qnde.ca\/fr\/wp-json\/wp\/v2\/product_cat?post=7849"},{"taxonomy":"product_tag","embeddable":true,"href":"https:\/\/www.qnde.ca\/fr\/wp-json\/wp\/v2\/product_tag?post=7849"}],"curies":[{"name":"wp","href":"https:\/\/api.w.org\/{rel}","templated":true}]}}