{"id":7796,"date":"2016-04-26T15:01:28","date_gmt":"2016-04-26T15:01:28","guid":{"rendered":"https:\/\/www.qnde.ca\/product\/invizsnk\/"},"modified":"2025-08-20T11:02:22","modified_gmt":"2025-08-20T15:02:22","slug":"snk-60x-fr","status":"publish","type":"product","link":"https:\/\/www.qnde.ca\/fr\/produit\/snk-60x-fr\/","title":{"rendered":"Vizaar SNK 60X \u2013 Cam\u00e9ra PTZ"},"content":{"rendered":"<h3><strong>Vizaar SNK 60X \u2013 Cam\u00e9ra PTZ <\/strong><\/h3>\n<p>La cam\u00e9ra PTZ SNK 60x offre une vue panoramique de 347\u00b0, une inclinaison de +60\u00b0 \u00e0 -180\u00b0, un zoom 60x, ainsi qu\u2019un capteur CMOS haute r\u00e9solution capable de faire la mise au point d\u00e8s 10 mm jusqu\u2019\u00e0 l\u2019infini pour d\u00e9tecter de tr\u00e8s petits d\u00e9fauts \u00e0 distance. Ce syst\u00e8me portable est aliment\u00e9 par secteur 120VAC ou batterie Li-ion 36V (autonomie de 5 heures). Il est \u00e9tanche jusqu\u2019\u00e0 50 m\u00e8tres de profondeur gr\u00e2ce \u00e0 sa t\u00eate en aluminium anodis\u00e9 noir. \u00c9quip\u00e9e de deux lumi\u00e8res LED ind\u00e9pendantes (faisceau \u00e9troit 25\u00b0 et grand angle 100\u00b0), la cam\u00e9ra n\u00e9cessite une ouverture minimale de 164 mm pour l\u2019inspection.<\/p>\n<ul>\n<li>SNK 60X \u2013 Syst\u00e8me SNK 60X complet. Inclut la cam\u00e9ra PTZ, zoom optique 60x, bo\u00eetier en aluminium anodis\u00e9 noir avec valise de transport rigide, logiciel MATRIX E3 pour acquisition d\u2019images et documentation, bloc d&rsquo;alimentation 120 VAC.<\/li>\n<\/ul>\n<h4><strong>Options<\/strong><\/h4>\n<ul>\n<li>500162: Ensemble de perches. Inclut tr\u00e9pied pivotant (base rotative de 360\u00b0) pour un guidage pr\u00e9cis de la perche dans les trous d&rsquo;homme\/d\u2019acc\u00e8s, adaptateur SNK 60x et trois perches en fibre de carbone de 2m (6.56&prime;).<\/li>\n<li>POLE-1: Perches en fibre de carbone additionnelles, 1m (3.28&prime;) long. Le sac souple peut transporter 10 perches.<\/li>\n<li>POLE-2: Perche en fibre de carbone additionnelles, 2m (6.56&prime;) long. Le sac souple peut transporter 10 perches.<\/li>\n<li>CABL-30: C\u00e2ble renforc\u00e9 en Kevlar, 30m (98.4&prime;) avec d\u00e9vidoir \u2013 standard.<\/li>\n<li>CABL-50: C\u00e2ble renforc\u00e9 en Kevlar, 50m (164&prime;) emballage souple.<\/li>\n<li>CABL-200: C\u00e2ble renforc\u00e9 Kevlar, 200m (640&prime;) avec d\u00e9vidoir.<\/li>\n<\/ul>\n<p>Contactez-nous afin de discuter de votre application, vos exigences, les options disponibles et\/ou recevoir une soumission.<\/p>\n","protected":false},"excerpt":{"rendered":"<p>Vizaar SNK 60X \u2013 Cam\u00e9ra PTZ La cam\u00e9ra PTZ SNK 60x offre une vue panoramique de 347\u00b0, une inclinaison de +60\u00b0 \u00e0 -180\u00b0, un zoom 60x, ainsi qu\u2019un capteur CMOS haute r\u00e9solution capable de faire la mise au point d\u00e8s 10 mm jusqu\u2019\u00e0 l\u2019infini pour d\u00e9tecter de tr\u00e8s petits d\u00e9fauts \u00e0 distance. Ce syst\u00e8me portable [&hellip;]<\/p>\n","protected":false},"featured_media":20410,"template":"","meta":{"_monsterinsights_skip_tracking":false,"_monsterinsights_sitenote_active":false,"_monsterinsights_sitenote_note":"","_monsterinsights_sitenote_category":0},"product_brand":[],"product_cat":[402,336],"product_tag":[],"class_list":{"0":"post-7796","1":"product","2":"type-product","3":"status-publish","4":"has-post-thumbnail","6":"product_cat-autres-marques","7":"product_cat-cameras-rigides-ptz","9":"first","10":"instock","11":"shipping-taxable","12":"purchasable","13":"product-type-variable"},"yoast_head":"<!-- This site is optimized with the Yoast SEO plugin v23.9 - https:\/\/yoast.com\/wordpress\/plugins\/seo\/ -->\n<title>Vizaar SNK 60X \u2013 Cam\u00e9ra PTZ &#060; Qualit\u00e9 NDE<\/title>\n<meta name=\"description\" content=\"Cam\u00e9ra \u00ab Pan-Tilt-Zoom \u00bb SNK 60x AVEC vue panoramique de 347\u00b0, inclinaison de +60\u00b0 \u00e0 -180\u00b0 et Zoom allant jusqu\u2019\u00e0 60x.\" \/>\n<meta name=\"robots\" content=\"index, follow, max-snippet:-1, max-image-preview:large, max-video-preview:-1\" \/>\n<link rel=\"canonical\" href=\"https:\/\/www.qnde.ca\/fr\/produit\/snk-60x-fr\/\" \/>\n<meta name=\"twitter:label1\" content=\"Dur\u00e9e de lecture estim\u00e9e\" \/>\n\t<meta name=\"twitter:data1\" content=\"2 minutes\" \/>\n<script type=\"application\/ld+json\" class=\"yoast-schema-graph\">{\"@context\":\"https:\/\/schema.org\",\"@graph\":[{\"@type\":[\"WebPage\",\"ItemPage\"],\"@id\":\"https:\/\/www.qnde.ca\/fr\/produit\/snk-60x-fr\/\",\"url\":\"https:\/\/www.qnde.ca\/fr\/produit\/snk-60x-fr\/\",\"name\":\"Vizaar SNK 60X \u2013 Cam\u00e9ra PTZ &#060; Qualit\u00e9 NDE\",\"isPartOf\":{\"@id\":\"https:\/\/www.qnde.ca\/#website\"},\"primaryImageOfPage\":{\"@id\":\"https:\/\/www.qnde.ca\/fr\/produit\/snk-60x-fr\/#primaryimage\"},\"image\":{\"@id\":\"https:\/\/www.qnde.ca\/fr\/produit\/snk-60x-fr\/#primaryimage\"},\"thumbnailUrl\":\"https:\/\/www.qnde.ca\/wp-content\/uploads\/2021\/07\/SNK-60X-\u2013-PTZ-Pole-Camera-Head.jpg\",\"datePublished\":\"2016-04-26T15:01:28+00:00\",\"dateModified\":\"2025-08-20T15:02:22+00:00\",\"description\":\"Cam\u00e9ra \u00ab Pan-Tilt-Zoom \u00bb SNK 60x AVEC vue panoramique de 347\u00b0, inclinaison de +60\u00b0 \u00e0 -180\u00b0 et Zoom allant jusqu\u2019\u00e0 60x.\",\"breadcrumb\":{\"@id\":\"https:\/\/www.qnde.ca\/fr\/produit\/snk-60x-fr\/#breadcrumb\"},\"inLanguage\":\"fr-FR\",\"potentialAction\":[{\"@type\":\"ReadAction\",\"target\":[\"https:\/\/www.qnde.ca\/fr\/produit\/snk-60x-fr\/\"]}]},{\"@type\":\"ImageObject\",\"inLanguage\":\"fr-FR\",\"@id\":\"https:\/\/www.qnde.ca\/fr\/produit\/snk-60x-fr\/#primaryimage\",\"url\":\"https:\/\/www.qnde.ca\/wp-content\/uploads\/2021\/07\/SNK-60X-\u2013-PTZ-Pole-Camera-Head.jpg\",\"contentUrl\":\"https:\/\/www.qnde.ca\/wp-content\/uploads\/2021\/07\/SNK-60X-\u2013-PTZ-Pole-Camera-Head.jpg\",\"width\":548,\"height\":1030,\"caption\":\"SNK 60X \u2013 PTZ Pole Camera Head\"},{\"@type\":\"BreadcrumbList\",\"@id\":\"https:\/\/www.qnde.ca\/fr\/produit\/snk-60x-fr\/#breadcrumb\",\"itemListElement\":[{\"@type\":\"ListItem\",\"position\":1,\"name\":\"Accueil\",\"item\":\"https:\/\/www.qnde.ca\/fr\/\"},{\"@type\":\"ListItem\",\"position\":2,\"name\":\"Produits\",\"item\":\"https:\/\/www.qnde.ca\/fr\/produits\/\"},{\"@type\":\"ListItem\",\"position\":3,\"name\":\"Visuel\",\"item\":\"https:\/\/www.qnde.ca\/fr\/product-category\/visuel\/\"},{\"@type\":\"ListItem\",\"position\":4,\"name\":\"Cam\u00e9ras Rigides et PTZ\",\"item\":\"https:\/\/www.qnde.ca\/fr\/product-category\/visuel\/cameras-rigides-ptz\/\"},{\"@type\":\"ListItem\",\"position\":5,\"name\":\"Vizaar SNK 60X \u2013 Cam\u00e9ra PTZ\"}]},{\"@type\":\"WebSite\",\"@id\":\"https:\/\/www.qnde.ca\/#website\",\"url\":\"https:\/\/www.qnde.ca\/\",\"name\":\"Qualit\u00e9 NDE\",\"description\":\"\u00c9quipements d&#039;essais non destructifs \",\"publisher\":{\"@id\":\"https:\/\/www.qnde.ca\/#organization\"},\"potentialAction\":[{\"@type\":\"SearchAction\",\"target\":{\"@type\":\"EntryPoint\",\"urlTemplate\":\"https:\/\/www.qnde.ca\/?s={search_term_string}\"},\"query-input\":{\"@type\":\"PropertyValueSpecification\",\"valueRequired\":true,\"valueName\":\"search_term_string\"}}],\"inLanguage\":\"fr-FR\"},{\"@type\":\"Organization\",\"@id\":\"https:\/\/www.qnde.ca\/#organization\",\"name\":\"Quality NDT Ltd.\",\"url\":\"https:\/\/www.qnde.ca\/\",\"logo\":{\"@type\":\"ImageObject\",\"inLanguage\":\"fr-FR\",\"@id\":\"https:\/\/www.qnde.ca\/#\/schema\/logo\/image\/\",\"url\":\"https:\/\/www.qnde.ca\/wp-content\/uploads\/2022\/02\/QNDE_logo_RGB-gif.gif\",\"contentUrl\":\"https:\/\/www.qnde.ca\/wp-content\/uploads\/2022\/02\/QNDE_logo_RGB-gif.gif\",\"width\":250,\"height\":64,\"caption\":\"Quality NDT Ltd.\"},\"image\":{\"@id\":\"https:\/\/www.qnde.ca\/#\/schema\/logo\/image\/\"},\"sameAs\":[\"https:\/\/www.linkedin.com\/company\/qnde\/about\/?viewAsMember=true\"]}]}<\/script>\n<!-- \/ Yoast SEO plugin. -->","yoast_head_json":{"title":"Vizaar SNK 60X \u2013 Cam\u00e9ra PTZ &#060; Qualit\u00e9 NDE","description":"Cam\u00e9ra \u00ab Pan-Tilt-Zoom \u00bb SNK 60x AVEC vue panoramique de 347\u00b0, inclinaison de +60\u00b0 \u00e0 -180\u00b0 et Zoom allant jusqu\u2019\u00e0 60x.","robots":{"index":"index","follow":"follow","max-snippet":"max-snippet:-1","max-image-preview":"max-image-preview:large","max-video-preview":"max-video-preview:-1"},"canonical":"https:\/\/www.qnde.ca\/fr\/produit\/snk-60x-fr\/","twitter_misc":{"Dur\u00e9e de lecture estim\u00e9e":"2 minutes"},"schema":{"@context":"https:\/\/schema.org","@graph":[{"@type":["WebPage","ItemPage"],"@id":"https:\/\/www.qnde.ca\/fr\/produit\/snk-60x-fr\/","url":"https:\/\/www.qnde.ca\/fr\/produit\/snk-60x-fr\/","name":"Vizaar SNK 60X \u2013 Cam\u00e9ra PTZ &#060; Qualit\u00e9 NDE","isPartOf":{"@id":"https:\/\/www.qnde.ca\/#website"},"primaryImageOfPage":{"@id":"https:\/\/www.qnde.ca\/fr\/produit\/snk-60x-fr\/#primaryimage"},"image":{"@id":"https:\/\/www.qnde.ca\/fr\/produit\/snk-60x-fr\/#primaryimage"},"thumbnailUrl":"https:\/\/www.qnde.ca\/wp-content\/uploads\/2021\/07\/SNK-60X-\u2013-PTZ-Pole-Camera-Head.jpg","datePublished":"2016-04-26T15:01:28+00:00","dateModified":"2025-08-20T15:02:22+00:00","description":"Cam\u00e9ra \u00ab Pan-Tilt-Zoom \u00bb SNK 60x AVEC vue panoramique de 347\u00b0, inclinaison de +60\u00b0 \u00e0 -180\u00b0 et Zoom allant jusqu\u2019\u00e0 60x.","breadcrumb":{"@id":"https:\/\/www.qnde.ca\/fr\/produit\/snk-60x-fr\/#breadcrumb"},"inLanguage":"fr-FR","potentialAction":[{"@type":"ReadAction","target":["https:\/\/www.qnde.ca\/fr\/produit\/snk-60x-fr\/"]}]},{"@type":"ImageObject","inLanguage":"fr-FR","@id":"https:\/\/www.qnde.ca\/fr\/produit\/snk-60x-fr\/#primaryimage","url":"https:\/\/www.qnde.ca\/wp-content\/uploads\/2021\/07\/SNK-60X-\u2013-PTZ-Pole-Camera-Head.jpg","contentUrl":"https:\/\/www.qnde.ca\/wp-content\/uploads\/2021\/07\/SNK-60X-\u2013-PTZ-Pole-Camera-Head.jpg","width":548,"height":1030,"caption":"SNK 60X \u2013 PTZ Pole Camera Head"},{"@type":"BreadcrumbList","@id":"https:\/\/www.qnde.ca\/fr\/produit\/snk-60x-fr\/#breadcrumb","itemListElement":[{"@type":"ListItem","position":1,"name":"Accueil","item":"https:\/\/www.qnde.ca\/fr\/"},{"@type":"ListItem","position":2,"name":"Produits","item":"https:\/\/www.qnde.ca\/fr\/produits\/"},{"@type":"ListItem","position":3,"name":"Visuel","item":"https:\/\/www.qnde.ca\/fr\/product-category\/visuel\/"},{"@type":"ListItem","position":4,"name":"Cam\u00e9ras Rigides et PTZ","item":"https:\/\/www.qnde.ca\/fr\/product-category\/visuel\/cameras-rigides-ptz\/"},{"@type":"ListItem","position":5,"name":"Vizaar SNK 60X \u2013 Cam\u00e9ra PTZ"}]},{"@type":"WebSite","@id":"https:\/\/www.qnde.ca\/#website","url":"https:\/\/www.qnde.ca\/","name":"Qualit\u00e9 NDE","description":"\u00c9quipements d&#039;essais non destructifs ","publisher":{"@id":"https:\/\/www.qnde.ca\/#organization"},"potentialAction":[{"@type":"SearchAction","target":{"@type":"EntryPoint","urlTemplate":"https:\/\/www.qnde.ca\/?s={search_term_string}"},"query-input":{"@type":"PropertyValueSpecification","valueRequired":true,"valueName":"search_term_string"}}],"inLanguage":"fr-FR"},{"@type":"Organization","@id":"https:\/\/www.qnde.ca\/#organization","name":"Quality NDT Ltd.","url":"https:\/\/www.qnde.ca\/","logo":{"@type":"ImageObject","inLanguage":"fr-FR","@id":"https:\/\/www.qnde.ca\/#\/schema\/logo\/image\/","url":"https:\/\/www.qnde.ca\/wp-content\/uploads\/2022\/02\/QNDE_logo_RGB-gif.gif","contentUrl":"https:\/\/www.qnde.ca\/wp-content\/uploads\/2022\/02\/QNDE_logo_RGB-gif.gif","width":250,"height":64,"caption":"Quality NDT Ltd."},"image":{"@id":"https:\/\/www.qnde.ca\/#\/schema\/logo\/image\/"},"sameAs":["https:\/\/www.linkedin.com\/company\/qnde\/about\/?viewAsMember=true"]}]}},"jetpack_sharing_enabled":true,"_links":{"self":[{"href":"https:\/\/www.qnde.ca\/fr\/wp-json\/wp\/v2\/product\/7796","targetHints":{"allow":["GET"]}}],"collection":[{"href":"https:\/\/www.qnde.ca\/fr\/wp-json\/wp\/v2\/product"}],"about":[{"href":"https:\/\/www.qnde.ca\/fr\/wp-json\/wp\/v2\/types\/product"}],"wp:featuredmedia":[{"embeddable":true,"href":"https:\/\/www.qnde.ca\/fr\/wp-json\/wp\/v2\/media\/20410"}],"wp:attachment":[{"href":"https:\/\/www.qnde.ca\/fr\/wp-json\/wp\/v2\/media?parent=7796"}],"wp:term":[{"taxonomy":"product_brand","embeddable":true,"href":"https:\/\/www.qnde.ca\/fr\/wp-json\/wp\/v2\/product_brand?post=7796"},{"taxonomy":"product_cat","embeddable":true,"href":"https:\/\/www.qnde.ca\/fr\/wp-json\/wp\/v2\/product_cat?post=7796"},{"taxonomy":"product_tag","embeddable":true,"href":"https:\/\/www.qnde.ca\/fr\/wp-json\/wp\/v2\/product_tag?post=7796"}],"curies":[{"name":"wp","href":"https:\/\/api.w.org\/{rel}","templated":true}]}}