{"id":7790,"date":"2016-04-26T14:24:55","date_gmt":"2016-04-26T14:24:55","guid":{"rendered":"https:\/\/www.qnde.ca\/product\/invizvuman\/"},"modified":"2025-06-16T09:49:24","modified_gmt":"2025-06-16T13:49:24","slug":"vuman-e3-fr","status":"publish","type":"product","link":"https:\/\/www.qnde.ca\/fr\/produit\/vuman-e3-fr\/","title":{"rendered":"Vizaar VUMAN E3 Vid\u00e9oscope Longue Port\u00e9e"},"content":{"rendered":"<h3><strong>Vizaar VUMAN E3 Vid\u00e9oscope Longue Port\u00e9e<\/strong><\/h3>\n<p>Le vid\u00e9oscope longue port\u00e9e VUMAN E3 et l\u2019unit\u00e9 de contr\u00f4le VUSCREEN combinent les derni\u00e8res technologies. L\u2019\u00e9cran tactile TFT de 264mm (10.4&Prime;) permet de focaliser l&rsquo;objectif \u00e0 distance de 3 mm (0.1&Prime;) \u00e0 l&rsquo;infini m\u00eame en portant des gants de protection. La manette permet d\u2019ajuster manuellement l\u2019articulation \u00e0 4-directions. De plus, plusieurs adaptateurs optiques permettent \u00e0 l\u2019utilisateur de modifier \u00e0 la fois la direction de vue (DOV) et le champ de vision (FOV) de la cam\u00e9ra. \u00c9clairage LED, 6500K, 7.8W. Alimentation du syst\u00e8me: 94-256VAC, 47Hz to 63Hz, 175W.<\/p>\n<ul>\n<li>E3-6RF-STV-##: Vid\u00e9oscope longue port\u00e9e VUMAN E3, 6.4mm (0.252&Prime;) x 8m \u00e0 15m (26.1&prime; \u00e0 49.2&prime;) de longueur utile, AUCUNE articulation, objectif focalisable \u00e0 distance interchangeable, DOV 0\u00b0 ou 90\u00b0, FOV 130\u00b0.<\/li>\n<li>E3-6RF-SIV-##: Vid\u00e9oscope longue port\u00e9e VUMAN E3, 6.4mm (0.252&Prime;) x 8m \u00e0 15m (26.1&prime; \u00e0 49.2&prime;) de longueur utile, AUCUNE articulation, objectif focalisable \u00e0 distance interchangeable, DOV 90\u00b0, FOV 65\u00b0.<\/li>\n<li>E3-8RF-STV-##: Vid\u00e9oscope longue port\u00e9e VUMAN E3, 8.4mm (0.331&Prime;) x 5m \u00e0 30m (16.4&prime; \u00e0 98.4&prime;) de longueur utile, articulation 4-directions, objectif focalisable \u00e0 distance interchangeable, DOV 0\u00b0, FOV 70\u00b0.<\/li>\n<li>E3-8RF-SIV-##: Vid\u00e9oscope longue port\u00e9e VUMAN E3, 8.4mm (0.331&Prime;) x 5m \u00e0 30m (16.4&prime; \u00e0 98.4&prime;) de longueur utile, articulation 4-directions, objectif focalisable \u00e0 distance interchangeable, DOV 90\u00b0, FOV 70\u00b0.<\/li>\n<li>E3-REVOLVER-##: Vid\u00e9oscope longue port\u00e9e VUMAN E3, 12.7mm (0.500&Prime;) x 8m \u00e0 15m (26.1&prime; \u00e0 49.2&prime;) de longueur utile, vue lat\u00e9rale en rotation continue, objectif focalisable \u00e0 distance interchangeable, DOV 90\u00b0 rotative, FOV 60\u00b0.<\/li>\n<\/ul>\n<p>Pour plus d\u2019information, r\u00e9f\u00e9rez-vous \u00e0 la fiche technique et confirmer la longueur d\u00e9sir\u00e9e pour recevoir une soumission.<\/p>\n<p>&nbsp;<\/p>\n","protected":false},"excerpt":{"rendered":"<p>Vizaar VUMAN E3 Vid\u00e9oscope Longue Port\u00e9e Le vid\u00e9oscope longue port\u00e9e VUMAN E3 et l\u2019unit\u00e9 de contr\u00f4le VUSCREEN combinent les derni\u00e8res technologies. L\u2019\u00e9cran tactile TFT de 264mm (10.4&Prime;) permet de focaliser l&rsquo;objectif \u00e0 distance de 3 mm (0.1&Prime;) \u00e0 l&rsquo;infini m\u00eame en portant des gants de protection. La manette permet d\u2019ajuster manuellement l\u2019articulation \u00e0 4-directions. De [&hellip;]<\/p>\n","protected":false},"featured_media":20360,"template":"","meta":{"_monsterinsights_skip_tracking":false,"_monsterinsights_sitenote_active":false,"_monsterinsights_sitenote_note":"","_monsterinsights_sitenote_category":0},"product_brand":[],"product_cat":[402,152],"product_tag":[],"class_list":{"0":"post-7790","1":"product","2":"type-product","3":"status-publish","4":"has-post-thumbnail","6":"product_cat-autres-marques","7":"product_cat-videoscopes-fr","9":"first","10":"instock","11":"shipping-taxable","12":"purchasable","13":"product-type-variable"},"yoast_head":"<!-- This site is optimized with the Yoast SEO plugin v23.9 - https:\/\/yoast.com\/wordpress\/plugins\/seo\/ -->\n<title>Vizaar VUMAN E3 Vid\u00e9oscope Longue Port\u00e9e &#060; Qualit\u00e9 NDE<\/title>\n<meta name=\"description\" content=\"Vid\u00e9oscope longue port\u00e9e VUMAN E3 et l\u2019unit\u00e9 de contr\u00f4le VUSCREEN avec \u00e9cran tactile op\u00e9rable m\u00eame avec gants de protection.\" \/>\n<meta name=\"robots\" content=\"index, follow, max-snippet:-1, max-image-preview:large, max-video-preview:-1\" \/>\n<link rel=\"canonical\" href=\"https:\/\/www.qnde.ca\/fr\/produit\/vuman-e3-fr\/\" \/>\n<meta name=\"twitter:label1\" content=\"Dur\u00e9e de lecture estim\u00e9e\" \/>\n\t<meta name=\"twitter:data1\" content=\"2 minutes\" \/>\n<script type=\"application\/ld+json\" class=\"yoast-schema-graph\">{\"@context\":\"https:\/\/schema.org\",\"@graph\":[{\"@type\":[\"WebPage\",\"ItemPage\"],\"@id\":\"https:\/\/www.qnde.ca\/fr\/produit\/vuman-e3-fr\/\",\"url\":\"https:\/\/www.qnde.ca\/fr\/produit\/vuman-e3-fr\/\",\"name\":\"Vizaar VUMAN E3 Vid\u00e9oscope Longue Port\u00e9e &#060; Qualit\u00e9 NDE\",\"isPartOf\":{\"@id\":\"https:\/\/www.qnde.ca\/#website\"},\"primaryImageOfPage\":{\"@id\":\"https:\/\/www.qnde.ca\/fr\/produit\/vuman-e3-fr\/#primaryimage\"},\"image\":{\"@id\":\"https:\/\/www.qnde.ca\/fr\/produit\/vuman-e3-fr\/#primaryimage\"},\"thumbnailUrl\":\"https:\/\/www.qnde.ca\/wp-content\/uploads\/2021\/07\/VUMAN-E3-\u2013-Long-Range-Videoscope.jpg\",\"datePublished\":\"2016-04-26T14:24:55+00:00\",\"dateModified\":\"2025-06-16T13:49:24+00:00\",\"description\":\"Vid\u00e9oscope longue port\u00e9e VUMAN E3 et l\u2019unit\u00e9 de contr\u00f4le VUSCREEN avec \u00e9cran tactile op\u00e9rable m\u00eame avec gants de protection.\",\"breadcrumb\":{\"@id\":\"https:\/\/www.qnde.ca\/fr\/produit\/vuman-e3-fr\/#breadcrumb\"},\"inLanguage\":\"fr-FR\",\"potentialAction\":[{\"@type\":\"ReadAction\",\"target\":[\"https:\/\/www.qnde.ca\/fr\/produit\/vuman-e3-fr\/\"]}]},{\"@type\":\"ImageObject\",\"inLanguage\":\"fr-FR\",\"@id\":\"https:\/\/www.qnde.ca\/fr\/produit\/vuman-e3-fr\/#primaryimage\",\"url\":\"https:\/\/www.qnde.ca\/wp-content\/uploads\/2021\/07\/VUMAN-E3-\u2013-Long-Range-Videoscope.jpg\",\"contentUrl\":\"https:\/\/www.qnde.ca\/wp-content\/uploads\/2021\/07\/VUMAN-E3-\u2013-Long-Range-Videoscope.jpg\",\"width\":1528,\"height\":1528,\"caption\":\"VUMAN E3 \u2013 Long Range Videoscope\"},{\"@type\":\"BreadcrumbList\",\"@id\":\"https:\/\/www.qnde.ca\/fr\/produit\/vuman-e3-fr\/#breadcrumb\",\"itemListElement\":[{\"@type\":\"ListItem\",\"position\":1,\"name\":\"Accueil\",\"item\":\"https:\/\/www.qnde.ca\/fr\/\"},{\"@type\":\"ListItem\",\"position\":2,\"name\":\"Produits\",\"item\":\"https:\/\/www.qnde.ca\/fr\/produits\/\"},{\"@type\":\"ListItem\",\"position\":3,\"name\":\"Marques\",\"item\":\"https:\/\/www.qnde.ca\/fr\/product-category\/marques\/\"},{\"@type\":\"ListItem\",\"position\":4,\"name\":\"Autres Marques\",\"item\":\"https:\/\/www.qnde.ca\/fr\/product-category\/marques\/autres-marques\/\"},{\"@type\":\"ListItem\",\"position\":5,\"name\":\"Vizaar VUMAN E3 Vid\u00e9oscope Longue Port\u00e9e\"}]},{\"@type\":\"WebSite\",\"@id\":\"https:\/\/www.qnde.ca\/#website\",\"url\":\"https:\/\/www.qnde.ca\/\",\"name\":\"Qualit\u00e9 NDE\",\"description\":\"\u00c9quipements d&#039;essais non destructifs \",\"publisher\":{\"@id\":\"https:\/\/www.qnde.ca\/#organization\"},\"potentialAction\":[{\"@type\":\"SearchAction\",\"target\":{\"@type\":\"EntryPoint\",\"urlTemplate\":\"https:\/\/www.qnde.ca\/?s={search_term_string}\"},\"query-input\":{\"@type\":\"PropertyValueSpecification\",\"valueRequired\":true,\"valueName\":\"search_term_string\"}}],\"inLanguage\":\"fr-FR\"},{\"@type\":\"Organization\",\"@id\":\"https:\/\/www.qnde.ca\/#organization\",\"name\":\"Quality NDT Ltd.\",\"url\":\"https:\/\/www.qnde.ca\/\",\"logo\":{\"@type\":\"ImageObject\",\"inLanguage\":\"fr-FR\",\"@id\":\"https:\/\/www.qnde.ca\/#\/schema\/logo\/image\/\",\"url\":\"https:\/\/www.qnde.ca\/wp-content\/uploads\/2022\/02\/QNDE_logo_RGB-gif.gif\",\"contentUrl\":\"https:\/\/www.qnde.ca\/wp-content\/uploads\/2022\/02\/QNDE_logo_RGB-gif.gif\",\"width\":250,\"height\":64,\"caption\":\"Quality NDT Ltd.\"},\"image\":{\"@id\":\"https:\/\/www.qnde.ca\/#\/schema\/logo\/image\/\"},\"sameAs\":[\"https:\/\/www.linkedin.com\/company\/qnde\/about\/?viewAsMember=true\"]}]}<\/script>\n<!-- \/ Yoast SEO plugin. -->","yoast_head_json":{"title":"Vizaar VUMAN E3 Vid\u00e9oscope Longue Port\u00e9e &#060; Qualit\u00e9 NDE","description":"Vid\u00e9oscope longue port\u00e9e VUMAN E3 et l\u2019unit\u00e9 de contr\u00f4le VUSCREEN avec \u00e9cran tactile op\u00e9rable m\u00eame avec gants de protection.","robots":{"index":"index","follow":"follow","max-snippet":"max-snippet:-1","max-image-preview":"max-image-preview:large","max-video-preview":"max-video-preview:-1"},"canonical":"https:\/\/www.qnde.ca\/fr\/produit\/vuman-e3-fr\/","twitter_misc":{"Dur\u00e9e de lecture estim\u00e9e":"2 minutes"},"schema":{"@context":"https:\/\/schema.org","@graph":[{"@type":["WebPage","ItemPage"],"@id":"https:\/\/www.qnde.ca\/fr\/produit\/vuman-e3-fr\/","url":"https:\/\/www.qnde.ca\/fr\/produit\/vuman-e3-fr\/","name":"Vizaar VUMAN E3 Vid\u00e9oscope Longue Port\u00e9e &#060; Qualit\u00e9 NDE","isPartOf":{"@id":"https:\/\/www.qnde.ca\/#website"},"primaryImageOfPage":{"@id":"https:\/\/www.qnde.ca\/fr\/produit\/vuman-e3-fr\/#primaryimage"},"image":{"@id":"https:\/\/www.qnde.ca\/fr\/produit\/vuman-e3-fr\/#primaryimage"},"thumbnailUrl":"https:\/\/www.qnde.ca\/wp-content\/uploads\/2021\/07\/VUMAN-E3-\u2013-Long-Range-Videoscope.jpg","datePublished":"2016-04-26T14:24:55+00:00","dateModified":"2025-06-16T13:49:24+00:00","description":"Vid\u00e9oscope longue port\u00e9e VUMAN E3 et l\u2019unit\u00e9 de contr\u00f4le VUSCREEN avec \u00e9cran tactile op\u00e9rable m\u00eame avec gants de protection.","breadcrumb":{"@id":"https:\/\/www.qnde.ca\/fr\/produit\/vuman-e3-fr\/#breadcrumb"},"inLanguage":"fr-FR","potentialAction":[{"@type":"ReadAction","target":["https:\/\/www.qnde.ca\/fr\/produit\/vuman-e3-fr\/"]}]},{"@type":"ImageObject","inLanguage":"fr-FR","@id":"https:\/\/www.qnde.ca\/fr\/produit\/vuman-e3-fr\/#primaryimage","url":"https:\/\/www.qnde.ca\/wp-content\/uploads\/2021\/07\/VUMAN-E3-\u2013-Long-Range-Videoscope.jpg","contentUrl":"https:\/\/www.qnde.ca\/wp-content\/uploads\/2021\/07\/VUMAN-E3-\u2013-Long-Range-Videoscope.jpg","width":1528,"height":1528,"caption":"VUMAN E3 \u2013 Long Range Videoscope"},{"@type":"BreadcrumbList","@id":"https:\/\/www.qnde.ca\/fr\/produit\/vuman-e3-fr\/#breadcrumb","itemListElement":[{"@type":"ListItem","position":1,"name":"Accueil","item":"https:\/\/www.qnde.ca\/fr\/"},{"@type":"ListItem","position":2,"name":"Produits","item":"https:\/\/www.qnde.ca\/fr\/produits\/"},{"@type":"ListItem","position":3,"name":"Marques","item":"https:\/\/www.qnde.ca\/fr\/product-category\/marques\/"},{"@type":"ListItem","position":4,"name":"Autres Marques","item":"https:\/\/www.qnde.ca\/fr\/product-category\/marques\/autres-marques\/"},{"@type":"ListItem","position":5,"name":"Vizaar VUMAN E3 Vid\u00e9oscope Longue Port\u00e9e"}]},{"@type":"WebSite","@id":"https:\/\/www.qnde.ca\/#website","url":"https:\/\/www.qnde.ca\/","name":"Qualit\u00e9 NDE","description":"\u00c9quipements d&#039;essais non destructifs ","publisher":{"@id":"https:\/\/www.qnde.ca\/#organization"},"potentialAction":[{"@type":"SearchAction","target":{"@type":"EntryPoint","urlTemplate":"https:\/\/www.qnde.ca\/?s={search_term_string}"},"query-input":{"@type":"PropertyValueSpecification","valueRequired":true,"valueName":"search_term_string"}}],"inLanguage":"fr-FR"},{"@type":"Organization","@id":"https:\/\/www.qnde.ca\/#organization","name":"Quality NDT Ltd.","url":"https:\/\/www.qnde.ca\/","logo":{"@type":"ImageObject","inLanguage":"fr-FR","@id":"https:\/\/www.qnde.ca\/#\/schema\/logo\/image\/","url":"https:\/\/www.qnde.ca\/wp-content\/uploads\/2022\/02\/QNDE_logo_RGB-gif.gif","contentUrl":"https:\/\/www.qnde.ca\/wp-content\/uploads\/2022\/02\/QNDE_logo_RGB-gif.gif","width":250,"height":64,"caption":"Quality NDT Ltd."},"image":{"@id":"https:\/\/www.qnde.ca\/#\/schema\/logo\/image\/"},"sameAs":["https:\/\/www.linkedin.com\/company\/qnde\/about\/?viewAsMember=true"]}]}},"jetpack_sharing_enabled":true,"_links":{"self":[{"href":"https:\/\/www.qnde.ca\/fr\/wp-json\/wp\/v2\/product\/7790","targetHints":{"allow":["GET"]}}],"collection":[{"href":"https:\/\/www.qnde.ca\/fr\/wp-json\/wp\/v2\/product"}],"about":[{"href":"https:\/\/www.qnde.ca\/fr\/wp-json\/wp\/v2\/types\/product"}],"wp:featuredmedia":[{"embeddable":true,"href":"https:\/\/www.qnde.ca\/fr\/wp-json\/wp\/v2\/media\/20360"}],"wp:attachment":[{"href":"https:\/\/www.qnde.ca\/fr\/wp-json\/wp\/v2\/media?parent=7790"}],"wp:term":[{"taxonomy":"product_brand","embeddable":true,"href":"https:\/\/www.qnde.ca\/fr\/wp-json\/wp\/v2\/product_brand?post=7790"},{"taxonomy":"product_cat","embeddable":true,"href":"https:\/\/www.qnde.ca\/fr\/wp-json\/wp\/v2\/product_cat?post=7790"},{"taxonomy":"product_tag","embeddable":true,"href":"https:\/\/www.qnde.ca\/fr\/wp-json\/wp\/v2\/product_tag?post=7790"}],"curies":[{"name":"wp","href":"https:\/\/api.w.org\/{rel}","templated":true}]}}