{"id":7764,"date":"2016-04-25T17:55:33","date_gmt":"2016-04-25T17:55:33","guid":{"rendered":"https:\/\/www.qnde.ca\/product\/milliscopeii\/"},"modified":"2025-06-17T08:27:12","modified_gmt":"2025-06-17T12:27:12","slug":"milliscope-ii-boroscope-fr","status":"publish","type":"product","link":"https:\/\/www.qnde.ca\/fr\/produit\/milliscope-ii-boroscope-fr\/","title":{"rendered":"Zibra Milliscope II Syst\u00e8me de Boroscope CCD Modulaire D\u00e9tachable"},"content":{"rendered":"<h3>Zibra Milliscope II Syst\u00e8me de Boroscope CCD Modulaire D\u00e9tachable<\/h3>\n<p>Le Milliscope II de Zibra, est un syst\u00e8me modulaire qui permet de choisir le type de boroscope (rigide, semi-rigide ou fibre), diam\u00e8tre, longueur utile, direction de vue, mat\u00e9riel de la gaine, source lumineuse et guide lumineux et plus pour se connecter au connecteur vid\u00e9o. La cam\u00e9ra vid\u00e9o CCD de 12.7mm (1\/2&Prime;) avec bague en \u00ab C \u00bb permet l\u2019enregistrement de vid\u00e9os ou d\u2019images num\u00e9riques afin d\u2019enregistrer les r\u00e9sultats d\u2019inspections.<\/p>\n<ul>\n<li>Diam\u00e8tres disponibles: 0.35mm \u00e0 3.0mm (0.01&Prime; \u00e0 0.1&Prime;).<\/li>\n<li>Longueurs utiles disponibles: 30mm \u00e0 10,000mm (1.1&Prime; \u00e0 393&Prime;).<\/li>\n<li>Directions de vue disponibles: 0\u00b0, 16\u00b0, 70\u00b0, 90\u00b0, 110\u00b0.<\/li>\n<\/ul>\n<p id=\"ctl01_ctl00_cphMainContent_ProductTitle\">Contactez-nous afin de discuter de votre application, vos exigences, les options disponibles et\/ou recevoir une soumission.<\/p>\n<p>&nbsp;<\/p>\n","protected":false},"excerpt":{"rendered":"<p>Zibra Milliscope II Syst\u00e8me de Boroscope CCD Modulaire D\u00e9tachable Le Milliscope II de Zibra, est un syst\u00e8me modulaire qui permet de choisir le type de boroscope (rigide, semi-rigide ou fibre), diam\u00e8tre, longueur utile, direction de vue, mat\u00e9riel de la gaine, source lumineuse et guide lumineux et plus pour se connecter au connecteur vid\u00e9o. La cam\u00e9ra [&hellip;]<\/p>\n","protected":false},"featured_media":19840,"template":"","meta":{"_monsterinsights_skip_tracking":false,"_monsterinsights_sitenote_active":false,"_monsterinsights_sitenote_note":"","_monsterinsights_sitenote_category":0},"product_brand":[],"product_cat":[402,149],"product_tag":[],"class_list":{"0":"post-7764","1":"product","2":"type-product","3":"status-publish","4":"has-post-thumbnail","6":"product_cat-autres-marques","7":"product_cat-boroscopes-rigides","9":"first","10":"instock","11":"shipping-taxable","12":"purchasable","13":"product-type-simple"},"yoast_head":"<!-- This site is optimized with the Yoast SEO plugin v23.9 - https:\/\/yoast.com\/wordpress\/plugins\/seo\/ -->\n<title>Zibra Milliscope II Syst\u00e8me de Boroscope CCD Modulaire D\u00e9tachable &#060; Qualit\u00e9 NDE<\/title>\n<meta name=\"description\" content=\"Syst\u00e8me modulaire qui permet de choisir le type de boroscope, diam\u00e8tre, longueur utile, direction de vue, mat\u00e9riel de la gaine, source et guide lumineux.\" \/>\n<meta name=\"robots\" content=\"index, follow, max-snippet:-1, max-image-preview:large, max-video-preview:-1\" \/>\n<link rel=\"canonical\" href=\"https:\/\/www.qnde.ca\/fr\/produit\/milliscope-ii-boroscope-fr\/\" \/>\n<meta name=\"twitter:label1\" content=\"Dur\u00e9e de lecture estim\u00e9e\" \/>\n\t<meta name=\"twitter:data1\" content=\"1 minute\" \/>\n<script type=\"application\/ld+json\" class=\"yoast-schema-graph\">{\"@context\":\"https:\/\/schema.org\",\"@graph\":[{\"@type\":[\"WebPage\",\"ItemPage\"],\"@id\":\"https:\/\/www.qnde.ca\/fr\/produit\/milliscope-ii-boroscope-fr\/\",\"url\":\"https:\/\/www.qnde.ca\/fr\/produit\/milliscope-ii-boroscope-fr\/\",\"name\":\"Zibra Milliscope II Syst\u00e8me de Boroscope CCD Modulaire D\u00e9tachable &#060; Qualit\u00e9 NDE\",\"isPartOf\":{\"@id\":\"https:\/\/www.qnde.ca\/#website\"},\"primaryImageOfPage\":{\"@id\":\"https:\/\/www.qnde.ca\/fr\/produit\/milliscope-ii-boroscope-fr\/#primaryimage\"},\"image\":{\"@id\":\"https:\/\/www.qnde.ca\/fr\/produit\/milliscope-ii-boroscope-fr\/#primaryimage\"},\"thumbnailUrl\":\"https:\/\/www.qnde.ca\/wp-content\/uploads\/2021\/06\/Zibra-Milliscope-II-Modular-Boroscope-System-shown-with-rigid-boroscope-video-connector-eye-piece-and-CCD-camera-scaled-scaled.jpg\",\"datePublished\":\"2016-04-25T17:55:33+00:00\",\"dateModified\":\"2025-06-17T12:27:12+00:00\",\"description\":\"Syst\u00e8me modulaire qui permet de choisir le type de boroscope, diam\u00e8tre, longueur utile, direction de vue, mat\u00e9riel de la gaine, source et guide lumineux.\",\"breadcrumb\":{\"@id\":\"https:\/\/www.qnde.ca\/fr\/produit\/milliscope-ii-boroscope-fr\/#breadcrumb\"},\"inLanguage\":\"fr-FR\",\"potentialAction\":[{\"@type\":\"ReadAction\",\"target\":[\"https:\/\/www.qnde.ca\/fr\/produit\/milliscope-ii-boroscope-fr\/\"]}]},{\"@type\":\"ImageObject\",\"inLanguage\":\"fr-FR\",\"@id\":\"https:\/\/www.qnde.ca\/fr\/produit\/milliscope-ii-boroscope-fr\/#primaryimage\",\"url\":\"https:\/\/www.qnde.ca\/wp-content\/uploads\/2021\/06\/Zibra-Milliscope-II-Modular-Boroscope-System-shown-with-rigid-boroscope-video-connector-eye-piece-and-CCD-camera-scaled-scaled.jpg\",\"contentUrl\":\"https:\/\/www.qnde.ca\/wp-content\/uploads\/2021\/06\/Zibra-Milliscope-II-Modular-Boroscope-System-shown-with-rigid-boroscope-video-connector-eye-piece-and-CCD-camera-scaled-scaled.jpg\",\"width\":2048,\"height\":1362,\"caption\":\"Zibra Milliscope II - Modular Boroscope System shown with rigid boroscope, video connector, eye piece and CCD camera\"},{\"@type\":\"BreadcrumbList\",\"@id\":\"https:\/\/www.qnde.ca\/fr\/produit\/milliscope-ii-boroscope-fr\/#breadcrumb\",\"itemListElement\":[{\"@type\":\"ListItem\",\"position\":1,\"name\":\"Accueil\",\"item\":\"https:\/\/www.qnde.ca\/fr\/\"},{\"@type\":\"ListItem\",\"position\":2,\"name\":\"Produits\",\"item\":\"https:\/\/www.qnde.ca\/fr\/produits\/\"},{\"@type\":\"ListItem\",\"position\":3,\"name\":\"Marques\",\"item\":\"https:\/\/www.qnde.ca\/fr\/product-category\/marques\/\"},{\"@type\":\"ListItem\",\"position\":4,\"name\":\"Autres Marques\",\"item\":\"https:\/\/www.qnde.ca\/fr\/product-category\/marques\/autres-marques\/\"},{\"@type\":\"ListItem\",\"position\":5,\"name\":\"Zibra Milliscope II Syst\u00e8me de Boroscope CCD Modulaire D\u00e9tachable\"}]},{\"@type\":\"WebSite\",\"@id\":\"https:\/\/www.qnde.ca\/#website\",\"url\":\"https:\/\/www.qnde.ca\/\",\"name\":\"Qualit\u00e9 NDE\",\"description\":\"\u00c9quipements d&#039;essais non destructifs \",\"publisher\":{\"@id\":\"https:\/\/www.qnde.ca\/#organization\"},\"potentialAction\":[{\"@type\":\"SearchAction\",\"target\":{\"@type\":\"EntryPoint\",\"urlTemplate\":\"https:\/\/www.qnde.ca\/?s={search_term_string}\"},\"query-input\":{\"@type\":\"PropertyValueSpecification\",\"valueRequired\":true,\"valueName\":\"search_term_string\"}}],\"inLanguage\":\"fr-FR\"},{\"@type\":\"Organization\",\"@id\":\"https:\/\/www.qnde.ca\/#organization\",\"name\":\"Quality NDT Ltd.\",\"url\":\"https:\/\/www.qnde.ca\/\",\"logo\":{\"@type\":\"ImageObject\",\"inLanguage\":\"fr-FR\",\"@id\":\"https:\/\/www.qnde.ca\/#\/schema\/logo\/image\/\",\"url\":\"https:\/\/www.qnde.ca\/wp-content\/uploads\/2022\/02\/QNDE_logo_RGB-gif.gif\",\"contentUrl\":\"https:\/\/www.qnde.ca\/wp-content\/uploads\/2022\/02\/QNDE_logo_RGB-gif.gif\",\"width\":250,\"height\":64,\"caption\":\"Quality NDT Ltd.\"},\"image\":{\"@id\":\"https:\/\/www.qnde.ca\/#\/schema\/logo\/image\/\"},\"sameAs\":[\"https:\/\/www.linkedin.com\/company\/qnde\/about\/?viewAsMember=true\"]}]}<\/script>\n<!-- \/ Yoast SEO plugin. -->","yoast_head_json":{"title":"Zibra Milliscope II Syst\u00e8me de Boroscope CCD Modulaire D\u00e9tachable &#060; Qualit\u00e9 NDE","description":"Syst\u00e8me modulaire qui permet de choisir le type de boroscope, diam\u00e8tre, longueur utile, direction de vue, mat\u00e9riel de la gaine, source et guide lumineux.","robots":{"index":"index","follow":"follow","max-snippet":"max-snippet:-1","max-image-preview":"max-image-preview:large","max-video-preview":"max-video-preview:-1"},"canonical":"https:\/\/www.qnde.ca\/fr\/produit\/milliscope-ii-boroscope-fr\/","twitter_misc":{"Dur\u00e9e de lecture estim\u00e9e":"1 minute"},"schema":{"@context":"https:\/\/schema.org","@graph":[{"@type":["WebPage","ItemPage"],"@id":"https:\/\/www.qnde.ca\/fr\/produit\/milliscope-ii-boroscope-fr\/","url":"https:\/\/www.qnde.ca\/fr\/produit\/milliscope-ii-boroscope-fr\/","name":"Zibra Milliscope II Syst\u00e8me de Boroscope CCD Modulaire D\u00e9tachable &#060; Qualit\u00e9 NDE","isPartOf":{"@id":"https:\/\/www.qnde.ca\/#website"},"primaryImageOfPage":{"@id":"https:\/\/www.qnde.ca\/fr\/produit\/milliscope-ii-boroscope-fr\/#primaryimage"},"image":{"@id":"https:\/\/www.qnde.ca\/fr\/produit\/milliscope-ii-boroscope-fr\/#primaryimage"},"thumbnailUrl":"https:\/\/www.qnde.ca\/wp-content\/uploads\/2021\/06\/Zibra-Milliscope-II-Modular-Boroscope-System-shown-with-rigid-boroscope-video-connector-eye-piece-and-CCD-camera-scaled-scaled.jpg","datePublished":"2016-04-25T17:55:33+00:00","dateModified":"2025-06-17T12:27:12+00:00","description":"Syst\u00e8me modulaire qui permet de choisir le type de boroscope, diam\u00e8tre, longueur utile, direction de vue, mat\u00e9riel de la gaine, source et guide lumineux.","breadcrumb":{"@id":"https:\/\/www.qnde.ca\/fr\/produit\/milliscope-ii-boroscope-fr\/#breadcrumb"},"inLanguage":"fr-FR","potentialAction":[{"@type":"ReadAction","target":["https:\/\/www.qnde.ca\/fr\/produit\/milliscope-ii-boroscope-fr\/"]}]},{"@type":"ImageObject","inLanguage":"fr-FR","@id":"https:\/\/www.qnde.ca\/fr\/produit\/milliscope-ii-boroscope-fr\/#primaryimage","url":"https:\/\/www.qnde.ca\/wp-content\/uploads\/2021\/06\/Zibra-Milliscope-II-Modular-Boroscope-System-shown-with-rigid-boroscope-video-connector-eye-piece-and-CCD-camera-scaled-scaled.jpg","contentUrl":"https:\/\/www.qnde.ca\/wp-content\/uploads\/2021\/06\/Zibra-Milliscope-II-Modular-Boroscope-System-shown-with-rigid-boroscope-video-connector-eye-piece-and-CCD-camera-scaled-scaled.jpg","width":2048,"height":1362,"caption":"Zibra Milliscope II - Modular Boroscope System shown with rigid boroscope, video connector, eye piece and CCD camera"},{"@type":"BreadcrumbList","@id":"https:\/\/www.qnde.ca\/fr\/produit\/milliscope-ii-boroscope-fr\/#breadcrumb","itemListElement":[{"@type":"ListItem","position":1,"name":"Accueil","item":"https:\/\/www.qnde.ca\/fr\/"},{"@type":"ListItem","position":2,"name":"Produits","item":"https:\/\/www.qnde.ca\/fr\/produits\/"},{"@type":"ListItem","position":3,"name":"Marques","item":"https:\/\/www.qnde.ca\/fr\/product-category\/marques\/"},{"@type":"ListItem","position":4,"name":"Autres Marques","item":"https:\/\/www.qnde.ca\/fr\/product-category\/marques\/autres-marques\/"},{"@type":"ListItem","position":5,"name":"Zibra Milliscope II Syst\u00e8me de Boroscope CCD Modulaire D\u00e9tachable"}]},{"@type":"WebSite","@id":"https:\/\/www.qnde.ca\/#website","url":"https:\/\/www.qnde.ca\/","name":"Qualit\u00e9 NDE","description":"\u00c9quipements d&#039;essais non destructifs ","publisher":{"@id":"https:\/\/www.qnde.ca\/#organization"},"potentialAction":[{"@type":"SearchAction","target":{"@type":"EntryPoint","urlTemplate":"https:\/\/www.qnde.ca\/?s={search_term_string}"},"query-input":{"@type":"PropertyValueSpecification","valueRequired":true,"valueName":"search_term_string"}}],"inLanguage":"fr-FR"},{"@type":"Organization","@id":"https:\/\/www.qnde.ca\/#organization","name":"Quality NDT Ltd.","url":"https:\/\/www.qnde.ca\/","logo":{"@type":"ImageObject","inLanguage":"fr-FR","@id":"https:\/\/www.qnde.ca\/#\/schema\/logo\/image\/","url":"https:\/\/www.qnde.ca\/wp-content\/uploads\/2022\/02\/QNDE_logo_RGB-gif.gif","contentUrl":"https:\/\/www.qnde.ca\/wp-content\/uploads\/2022\/02\/QNDE_logo_RGB-gif.gif","width":250,"height":64,"caption":"Quality NDT Ltd."},"image":{"@id":"https:\/\/www.qnde.ca\/#\/schema\/logo\/image\/"},"sameAs":["https:\/\/www.linkedin.com\/company\/qnde\/about\/?viewAsMember=true"]}]}},"jetpack_sharing_enabled":true,"_links":{"self":[{"href":"https:\/\/www.qnde.ca\/fr\/wp-json\/wp\/v2\/product\/7764","targetHints":{"allow":["GET"]}}],"collection":[{"href":"https:\/\/www.qnde.ca\/fr\/wp-json\/wp\/v2\/product"}],"about":[{"href":"https:\/\/www.qnde.ca\/fr\/wp-json\/wp\/v2\/types\/product"}],"wp:featuredmedia":[{"embeddable":true,"href":"https:\/\/www.qnde.ca\/fr\/wp-json\/wp\/v2\/media\/19840"}],"wp:attachment":[{"href":"https:\/\/www.qnde.ca\/fr\/wp-json\/wp\/v2\/media?parent=7764"}],"wp:term":[{"taxonomy":"product_brand","embeddable":true,"href":"https:\/\/www.qnde.ca\/fr\/wp-json\/wp\/v2\/product_brand?post=7764"},{"taxonomy":"product_cat","embeddable":true,"href":"https:\/\/www.qnde.ca\/fr\/wp-json\/wp\/v2\/product_cat?post=7764"},{"taxonomy":"product_tag","embeddable":true,"href":"https:\/\/www.qnde.ca\/fr\/wp-json\/wp\/v2\/product_tag?post=7764"}],"curies":[{"name":"wp","href":"https:\/\/api.w.org\/{rel}","templated":true}]}}