{"id":7737,"date":"2016-04-21T12:44:52","date_gmt":"2016-04-21T12:44:52","guid":{"rendered":"https:\/\/www.qnde.ca\/product\/positestdft\/"},"modified":"2025-12-03T11:51:12","modified_gmt":"2025-12-03T16:51:12","slug":"positestdft","status":"publish","type":"product","link":"https:\/\/www.qnde.ca\/fr\/produit\/positestdft\/","title":{"rendered":"Defelsko PosiTest DFT Mesureur d&rsquo;\u00e9paisseur de rev\u00eatement"},"content":{"rendered":"<h3 id=\"ctl01_ctl00_cphMainContent_ProductTitle\">Defelsko PosiTest DFT Mesureur d&rsquo;\u00e9paisseur de rev\u00eatement<\/h3>\n<ul>\n<li>Peut mesurer les rev\u00eatements sur TOUS les m\u00e9taux.<\/li>\n<li>Choix \u00e9conomique.<\/li>\n<li>Ne compromet pas la r\u00e9putation de qualit\u00e9 des instruments d&rsquo;inspection de Defelsko.<\/li>\n<\/ul>\n","protected":false},"excerpt":{"rendered":"<p>Defelsko PosiTest DFT Mesureur d&rsquo;\u00e9paisseur de rev\u00eatement Peut mesurer les rev\u00eatements sur TOUS les m\u00e9taux. Choix \u00e9conomique. Ne compromet pas la r\u00e9putation de qualit\u00e9 des instruments d&rsquo;inspection de Defelsko.<\/p>\n","protected":false},"featured_media":7745,"template":"","meta":{"_monsterinsights_skip_tracking":false,"_monsterinsights_sitenote_active":false,"_monsterinsights_sitenote_note":"","_monsterinsights_sitenote_category":0},"product_brand":[],"product_cat":[406,355,326],"product_tag":[],"class_list":{"0":"post-7737","1":"product","2":"type-product","3":"status-publish","4":"has-post-thumbnail","6":"product_cat-defelsko-fr","7":"product_cat-mesureurs-revetement","8":"product_cat-mesureurs-revetements","10":"first","11":"instock","12":"shipping-taxable","13":"purchasable","14":"product-type-simple"},"yoast_head":"<!-- This site is optimized with the Yoast SEO plugin v23.9 - https:\/\/yoast.com\/wordpress\/plugins\/seo\/ -->\n<title>Defelsko PosiTest DFT Mesureur d&#039;\u00e9paisseur de rev\u00eatement &#060; Qualit\u00e9 NDE<\/title>\n<meta name=\"description\" content=\"Delfesko Positest DFT: Mesureur d&#039;\u00e9paisseur de rev\u00eatement. Mesure les rev\u00eatements sur tous les mat\u00e9riaux, choix \u00e9conomique.\" \/>\n<meta name=\"robots\" content=\"index, follow, max-snippet:-1, max-image-preview:large, max-video-preview:-1\" \/>\n<link rel=\"canonical\" href=\"https:\/\/www.qnde.ca\/fr\/produit\/positestdft\/\" \/>\n<meta name=\"twitter:label1\" content=\"Dur\u00e9e de lecture estim\u00e9e\" \/>\n\t<meta name=\"twitter:data1\" content=\"1 minute\" \/>\n<script type=\"application\/ld+json\" class=\"yoast-schema-graph\">{\"@context\":\"https:\/\/schema.org\",\"@graph\":[{\"@type\":[\"WebPage\",\"ItemPage\"],\"@id\":\"https:\/\/www.qnde.ca\/fr\/produit\/positestdft\/\",\"url\":\"https:\/\/www.qnde.ca\/fr\/produit\/positestdft\/\",\"name\":\"Defelsko PosiTest DFT Mesureur d'\u00e9paisseur de rev\u00eatement &#060; Qualit\u00e9 NDE\",\"isPartOf\":{\"@id\":\"https:\/\/www.qnde.ca\/#website\"},\"primaryImageOfPage\":{\"@id\":\"https:\/\/www.qnde.ca\/fr\/produit\/positestdft\/#primaryimage\"},\"image\":{\"@id\":\"https:\/\/www.qnde.ca\/fr\/produit\/positestdft\/#primaryimage\"},\"thumbnailUrl\":\"https:\/\/www.qnde.ca\/wp-content\/uploads\/2016\/04\/Positest-DFT.png\",\"datePublished\":\"2016-04-21T12:44:52+00:00\",\"dateModified\":\"2025-12-03T16:51:12+00:00\",\"description\":\"Delfesko Positest DFT: Mesureur d'\u00e9paisseur de rev\u00eatement. Mesure les rev\u00eatements sur tous les mat\u00e9riaux, choix \u00e9conomique.\",\"breadcrumb\":{\"@id\":\"https:\/\/www.qnde.ca\/fr\/produit\/positestdft\/#breadcrumb\"},\"inLanguage\":\"fr-FR\",\"potentialAction\":[{\"@type\":\"ReadAction\",\"target\":[\"https:\/\/www.qnde.ca\/fr\/produit\/positestdft\/\"]}]},{\"@type\":\"ImageObject\",\"inLanguage\":\"fr-FR\",\"@id\":\"https:\/\/www.qnde.ca\/fr\/produit\/positestdft\/#primaryimage\",\"url\":\"https:\/\/www.qnde.ca\/wp-content\/uploads\/2016\/04\/Positest-DFT.png\",\"contentUrl\":\"https:\/\/www.qnde.ca\/wp-content\/uploads\/2016\/04\/Positest-DFT.png\",\"width\":800,\"height\":600,\"caption\":\"Jauge d'\u00e9paisseur Delfesko pr\u00e9sent\u00e9e sur un fond neutre, mettant en valeur son design et ses caract\u00e9ristiques pour les besoins d'inspection.\"},{\"@type\":\"BreadcrumbList\",\"@id\":\"https:\/\/www.qnde.ca\/fr\/produit\/positestdft\/#breadcrumb\",\"itemListElement\":[{\"@type\":\"ListItem\",\"position\":1,\"name\":\"Accueil\",\"item\":\"https:\/\/www.qnde.ca\/fr\/\"},{\"@type\":\"ListItem\",\"position\":2,\"name\":\"Produits\",\"item\":\"https:\/\/www.qnde.ca\/fr\/produits\/\"},{\"@type\":\"ListItem\",\"position\":3,\"name\":\"Ultrasons\",\"item\":\"https:\/\/www.qnde.ca\/fr\/product-category\/ultrasons\/\"},{\"@type\":\"ListItem\",\"position\":4,\"name\":\"Mesureurs de Rev\u00eatements\",\"item\":\"https:\/\/www.qnde.ca\/fr\/product-category\/ultrasons\/mesureurs-revetements\/\"},{\"@type\":\"ListItem\",\"position\":5,\"name\":\"Defelsko PosiTest DFT Mesureur d&#8217;\u00e9paisseur de rev\u00eatement\"}]},{\"@type\":\"WebSite\",\"@id\":\"https:\/\/www.qnde.ca\/#website\",\"url\":\"https:\/\/www.qnde.ca\/\",\"name\":\"Qualit\u00e9 NDE\",\"description\":\"\u00c9quipements d&#039;essais non destructifs \",\"publisher\":{\"@id\":\"https:\/\/www.qnde.ca\/#organization\"},\"potentialAction\":[{\"@type\":\"SearchAction\",\"target\":{\"@type\":\"EntryPoint\",\"urlTemplate\":\"https:\/\/www.qnde.ca\/?s={search_term_string}\"},\"query-input\":{\"@type\":\"PropertyValueSpecification\",\"valueRequired\":true,\"valueName\":\"search_term_string\"}}],\"inLanguage\":\"fr-FR\"},{\"@type\":\"Organization\",\"@id\":\"https:\/\/www.qnde.ca\/#organization\",\"name\":\"Quality NDT Ltd.\",\"url\":\"https:\/\/www.qnde.ca\/\",\"logo\":{\"@type\":\"ImageObject\",\"inLanguage\":\"fr-FR\",\"@id\":\"https:\/\/www.qnde.ca\/#\/schema\/logo\/image\/\",\"url\":\"https:\/\/www.qnde.ca\/wp-content\/uploads\/2022\/02\/QNDE_logo_RGB-gif.gif\",\"contentUrl\":\"https:\/\/www.qnde.ca\/wp-content\/uploads\/2022\/02\/QNDE_logo_RGB-gif.gif\",\"width\":250,\"height\":64,\"caption\":\"Quality NDT Ltd.\"},\"image\":{\"@id\":\"https:\/\/www.qnde.ca\/#\/schema\/logo\/image\/\"},\"sameAs\":[\"https:\/\/www.linkedin.com\/company\/qnde\/about\/?viewAsMember=true\"]}]}<\/script>\n<!-- \/ Yoast SEO plugin. -->","yoast_head_json":{"title":"Defelsko PosiTest DFT Mesureur d'\u00e9paisseur de rev\u00eatement &#060; Qualit\u00e9 NDE","description":"Delfesko Positest DFT: Mesureur d'\u00e9paisseur de rev\u00eatement. Mesure les rev\u00eatements sur tous les mat\u00e9riaux, choix \u00e9conomique.","robots":{"index":"index","follow":"follow","max-snippet":"max-snippet:-1","max-image-preview":"max-image-preview:large","max-video-preview":"max-video-preview:-1"},"canonical":"https:\/\/www.qnde.ca\/fr\/produit\/positestdft\/","twitter_misc":{"Dur\u00e9e de lecture estim\u00e9e":"1 minute"},"schema":{"@context":"https:\/\/schema.org","@graph":[{"@type":["WebPage","ItemPage"],"@id":"https:\/\/www.qnde.ca\/fr\/produit\/positestdft\/","url":"https:\/\/www.qnde.ca\/fr\/produit\/positestdft\/","name":"Defelsko PosiTest DFT Mesureur d'\u00e9paisseur de rev\u00eatement &#060; Qualit\u00e9 NDE","isPartOf":{"@id":"https:\/\/www.qnde.ca\/#website"},"primaryImageOfPage":{"@id":"https:\/\/www.qnde.ca\/fr\/produit\/positestdft\/#primaryimage"},"image":{"@id":"https:\/\/www.qnde.ca\/fr\/produit\/positestdft\/#primaryimage"},"thumbnailUrl":"https:\/\/www.qnde.ca\/wp-content\/uploads\/2016\/04\/Positest-DFT.png","datePublished":"2016-04-21T12:44:52+00:00","dateModified":"2025-12-03T16:51:12+00:00","description":"Delfesko Positest DFT: Mesureur d'\u00e9paisseur de rev\u00eatement. Mesure les rev\u00eatements sur tous les mat\u00e9riaux, choix \u00e9conomique.","breadcrumb":{"@id":"https:\/\/www.qnde.ca\/fr\/produit\/positestdft\/#breadcrumb"},"inLanguage":"fr-FR","potentialAction":[{"@type":"ReadAction","target":["https:\/\/www.qnde.ca\/fr\/produit\/positestdft\/"]}]},{"@type":"ImageObject","inLanguage":"fr-FR","@id":"https:\/\/www.qnde.ca\/fr\/produit\/positestdft\/#primaryimage","url":"https:\/\/www.qnde.ca\/wp-content\/uploads\/2016\/04\/Positest-DFT.png","contentUrl":"https:\/\/www.qnde.ca\/wp-content\/uploads\/2016\/04\/Positest-DFT.png","width":800,"height":600,"caption":"Jauge d'\u00e9paisseur Delfesko pr\u00e9sent\u00e9e sur un fond neutre, mettant en valeur son design et ses caract\u00e9ristiques pour les besoins d'inspection."},{"@type":"BreadcrumbList","@id":"https:\/\/www.qnde.ca\/fr\/produit\/positestdft\/#breadcrumb","itemListElement":[{"@type":"ListItem","position":1,"name":"Accueil","item":"https:\/\/www.qnde.ca\/fr\/"},{"@type":"ListItem","position":2,"name":"Produits","item":"https:\/\/www.qnde.ca\/fr\/produits\/"},{"@type":"ListItem","position":3,"name":"Ultrasons","item":"https:\/\/www.qnde.ca\/fr\/product-category\/ultrasons\/"},{"@type":"ListItem","position":4,"name":"Mesureurs de Rev\u00eatements","item":"https:\/\/www.qnde.ca\/fr\/product-category\/ultrasons\/mesureurs-revetements\/"},{"@type":"ListItem","position":5,"name":"Defelsko PosiTest DFT Mesureur d&#8217;\u00e9paisseur de rev\u00eatement"}]},{"@type":"WebSite","@id":"https:\/\/www.qnde.ca\/#website","url":"https:\/\/www.qnde.ca\/","name":"Qualit\u00e9 NDE","description":"\u00c9quipements d&#039;essais non destructifs ","publisher":{"@id":"https:\/\/www.qnde.ca\/#organization"},"potentialAction":[{"@type":"SearchAction","target":{"@type":"EntryPoint","urlTemplate":"https:\/\/www.qnde.ca\/?s={search_term_string}"},"query-input":{"@type":"PropertyValueSpecification","valueRequired":true,"valueName":"search_term_string"}}],"inLanguage":"fr-FR"},{"@type":"Organization","@id":"https:\/\/www.qnde.ca\/#organization","name":"Quality NDT Ltd.","url":"https:\/\/www.qnde.ca\/","logo":{"@type":"ImageObject","inLanguage":"fr-FR","@id":"https:\/\/www.qnde.ca\/#\/schema\/logo\/image\/","url":"https:\/\/www.qnde.ca\/wp-content\/uploads\/2022\/02\/QNDE_logo_RGB-gif.gif","contentUrl":"https:\/\/www.qnde.ca\/wp-content\/uploads\/2022\/02\/QNDE_logo_RGB-gif.gif","width":250,"height":64,"caption":"Quality NDT Ltd."},"image":{"@id":"https:\/\/www.qnde.ca\/#\/schema\/logo\/image\/"},"sameAs":["https:\/\/www.linkedin.com\/company\/qnde\/about\/?viewAsMember=true"]}]}},"jetpack_sharing_enabled":true,"_links":{"self":[{"href":"https:\/\/www.qnde.ca\/fr\/wp-json\/wp\/v2\/product\/7737","targetHints":{"allow":["GET"]}}],"collection":[{"href":"https:\/\/www.qnde.ca\/fr\/wp-json\/wp\/v2\/product"}],"about":[{"href":"https:\/\/www.qnde.ca\/fr\/wp-json\/wp\/v2\/types\/product"}],"wp:featuredmedia":[{"embeddable":true,"href":"https:\/\/www.qnde.ca\/fr\/wp-json\/wp\/v2\/media\/7745"}],"wp:attachment":[{"href":"https:\/\/www.qnde.ca\/fr\/wp-json\/wp\/v2\/media?parent=7737"}],"wp:term":[{"taxonomy":"product_brand","embeddable":true,"href":"https:\/\/www.qnde.ca\/fr\/wp-json\/wp\/v2\/product_brand?post=7737"},{"taxonomy":"product_cat","embeddable":true,"href":"https:\/\/www.qnde.ca\/fr\/wp-json\/wp\/v2\/product_cat?post=7737"},{"taxonomy":"product_tag","embeddable":true,"href":"https:\/\/www.qnde.ca\/fr\/wp-json\/wp\/v2\/product_tag?post=7737"}],"curies":[{"name":"wp","href":"https:\/\/api.w.org\/{rel}","templated":true}]}}