{"id":7735,"date":"2016-04-21T12:44:46","date_gmt":"2016-04-21T12:44:46","guid":{"rendered":"https:\/\/www.qnde.ca\/product\/positectorrtr\/"},"modified":"2025-08-11T13:14:25","modified_gmt":"2025-08-11T17:14:25","slug":"defelsko-mesureur-profil-positector","status":"publish","type":"product","link":"https:\/\/www.qnde.ca\/fr\/produit\/defelsko-mesureur-profil-positector\/","title":{"rendered":"Defelsko Mesureur de Profil de Surface\/Bande de R\u00e9plica Positector RTR H"},"content":{"rendered":"<h3><strong>Defelsko Mesureur de Profil de Surface\/Bande de R\u00e9plica Positector <\/strong><strong>RTR H<\/strong><\/h3>\n<p>Le DeFelsko Positector RTR H mesure et enregistre les cr\u00eates et vall\u00e9es de la surface avec une bande r\u00e9plique. Il soustrait automatiquement 50.8\u03bcm (2mils) pour l\u2019\u00e9paisseur du substrat de la bande r\u00e9plique \u00a0de toutes les lectures. L\u2019appareil PosiTector accepte toutes les sondes PosiTector convertissant facilement votre mesureur de profil en un mesureur d&rsquo;\u00e9paisseur de rev\u00eatement, de point de ros\u00e9e, mesureur d&rsquo;\u00e9paisseur et plus (voir le tableau de compatibilit\u00e9 des sondes ci-joint).<\/p>\n<p>Connexion USB, Wifi et Bluetooth au logiciel PosiSoft PC, MAC et t\u00e9l\u00e9phone intelligent. Durable, il est r\u00e9sistant aux solvants, acides, huiles, \u00e9tanche \u00e0 l&rsquo;eau et \u00e0 la poussi\u00e8re (IP65), il est livr\u00e9 avec une garantie de 2 ans.<\/p>\n<ul>\n<li>Ensemble de base inclut: unit\u00e9 de contr\u00f4le PosiTector RTR H avec sonde int\u00e9grale, outil d\u2019\u00e9crasement de la bande r\u00e9plique en stainless, cinq cartes de nettoyage, mastic de nettoyage de surface, cale de contr\u00f4le et deux cales certifi\u00e9es, \u00e9tui de protection en caoutchouc, \u00e9tui en nylon avec bandouli\u00e8re, dragonne, trois batteries alcaline AAA, c\u00e2ble USB, logiciel PosiSoft, manuel de l\u2019utilisateur, certificat d\u2019\u00e9talonnage et valise de transport rigide.<\/li>\n<\/ul>\n<ul>\n<li style=\"list-style-type: none;\">\n<ul>\n<li>RTR-H1: Mod\u00e8le standard Positector RTR-H1 (1000 lectures par sondes). \u00c9chelle de mesure de 20 \u00e0 115\u03bcm (0.8 \u00e0 4.5mils), pr\u00e9cision de \u00b15\u03bcm (\u00b10.2mils).<\/li>\n<li>RTR-H3: Identique au Positector RTR-H1 avec enregistrement de 1,000,000 lectures, repr\u00e9sentation graphique des mesures, capacit\u00e9 Wifi et Bluetooth.<\/li>\n<\/ul>\n<\/li>\n<\/ul>\n<h4><strong>\u00a0<\/strong><strong>Options<\/strong><\/h4>\n<ul>\n<li>PRESS-C: Bande r\u00e9plique Press-O-Film&#x2122;, grossier (C = Coarse), 20 \u00e0 64\u03bcm (0.8 \u00e0 2.5mils), 50 pi\u00e8ces (impressions) par rouleau.<\/li>\n<li>PRESS-XC: Bande r\u00e9plique Press-O-Film&#x2122;, tr\u00e8s grossier (XC = Extra-Coarse), 38 \u00e0 115\u03bcm (1.5 \u00e0 4.5mils), 50 pi\u00e8ces (impressions) par rouleau.<\/li>\n<li>SHIM: Ensemble de cales certifi\u00e9es PosiTector RTR pour v\u00e9rification de la pr\u00e9cision; pr\u00e9cision de \u00b11.25\u03bcm (\u00b10.05mils).<\/li>\n<li>SHIM04: Cale de contr\u00f4le PosiTector RTR pour la v\u00e9rification de la hauteur maximale, pr\u00e9cision de \u00b15.08\u03bcm (\u00b10.2mils).<\/li>\n<li>BURNISH: Outil en stainless, pour \u00e9craser la bande r\u00e9plique sur les surfaces inspect\u00e9es.<\/li>\n<li>PWR: Ensemble d&rsquo;alimentation AC pour un fonctionnement continu avec 120VAC, 240VAC ou via le port USB int\u00e9gr\u00e9.<\/li>\n<li>PRINT: Imprimante Bluetooth l\u00e9g\u00e8re \u00e0 papier thermique (mod\u00e8les avanc\u00e9s SEULEMENT).<\/li>\n<\/ul>\n<p>Contactez-nous afin de discuter de votre application, vos exigences, les options disponibles et\/ou recevoir une soumission.<\/p>\n","protected":false},"excerpt":{"rendered":"<p>Defelsko Mesureur de Profil de Surface\/Bande de R\u00e9plica Positector RTR H Le DeFelsko Positector RTR H mesure et enregistre les cr\u00eates et vall\u00e9es de la surface avec une bande r\u00e9plique. Il soustrait automatiquement 50.8\u03bcm (2mils) pour l\u2019\u00e9paisseur du substrat de la bande r\u00e9plique \u00a0de toutes les lectures. L\u2019appareil PosiTector accepte toutes les sondes PosiTector convertissant [&hellip;]<\/p>\n","protected":false},"featured_media":22078,"template":"","meta":{"_monsterinsights_skip_tracking":false,"_monsterinsights_sitenote_active":false,"_monsterinsights_sitenote_note":"","_monsterinsights_sitenote_category":0},"product_brand":[],"product_cat":[406,146,355,326],"product_tag":[],"class_list":{"0":"post-7735","1":"product","2":"type-product","3":"status-publish","4":"has-post-thumbnail","6":"product_cat-defelsko-fr","7":"product_cat-essai-rugosite","8":"product_cat-mesureurs-revetement","9":"product_cat-mesureurs-revetements","11":"first","12":"instock","13":"shipping-taxable","14":"purchasable","15":"product-type-variable"},"yoast_head":"<!-- This site is optimized with the Yoast SEO plugin v23.9 - https:\/\/yoast.com\/wordpress\/plugins\/seo\/ -->\n<title>Defelsko Mesureur de Profil de Surface\/Bande de R\u00e9plica Positector RTR H &#060; Qualit\u00e9 NDE<\/title>\n<meta name=\"description\" content=\"PosiTector RTR H : mesureur de profil de surface par bande r\u00e9plique, pr\u00e9cis et connect\u00e9. Plage 20\u2013115\u202f\u03bcm, m\u00e9moire jusqu\u2019\u00e0 1\u202f000\u202f000 lectures.\" \/>\n<meta name=\"robots\" content=\"index, follow, max-snippet:-1, max-image-preview:large, max-video-preview:-1\" \/>\n<link rel=\"canonical\" href=\"https:\/\/www.qnde.ca\/fr\/produit\/defelsko-mesureur-profil-positector\/\" \/>\n<meta name=\"twitter:label1\" content=\"Dur\u00e9e de lecture estim\u00e9e\" \/>\n\t<meta name=\"twitter:data1\" content=\"2 minutes\" \/>\n<script type=\"application\/ld+json\" class=\"yoast-schema-graph\">{\"@context\":\"https:\/\/schema.org\",\"@graph\":[{\"@type\":[\"WebPage\",\"ItemPage\"],\"@id\":\"https:\/\/www.qnde.ca\/fr\/produit\/defelsko-mesureur-profil-positector\/\",\"url\":\"https:\/\/www.qnde.ca\/fr\/produit\/defelsko-mesureur-profil-positector\/\",\"name\":\"Defelsko Mesureur de Profil de Surface\/Bande de R\u00e9plica Positector RTR H &#060; Qualit\u00e9 NDE\",\"isPartOf\":{\"@id\":\"https:\/\/www.qnde.ca\/#website\"},\"primaryImageOfPage\":{\"@id\":\"https:\/\/www.qnde.ca\/fr\/produit\/defelsko-mesureur-profil-positector\/#primaryimage\"},\"image\":{\"@id\":\"https:\/\/www.qnde.ca\/fr\/produit\/defelsko-mesureur-profil-positector\/#primaryimage\"},\"thumbnailUrl\":\"https:\/\/www.qnde.ca\/wp-content\/uploads\/2021\/10\/Positector-RTR-H-Surface-Profile-Replica-Tape-Reader.png\",\"datePublished\":\"2016-04-21T12:44:46+00:00\",\"dateModified\":\"2025-08-11T17:14:25+00:00\",\"description\":\"PosiTector RTR H : mesureur de profil de surface par bande r\u00e9plique, pr\u00e9cis et connect\u00e9. Plage 20\u2013115\u202f\u03bcm, m\u00e9moire jusqu\u2019\u00e0 1\u202f000\u202f000 lectures.\",\"breadcrumb\":{\"@id\":\"https:\/\/www.qnde.ca\/fr\/produit\/defelsko-mesureur-profil-positector\/#breadcrumb\"},\"inLanguage\":\"fr-FR\",\"potentialAction\":[{\"@type\":\"ReadAction\",\"target\":[\"https:\/\/www.qnde.ca\/fr\/produit\/defelsko-mesureur-profil-positector\/\"]}]},{\"@type\":\"ImageObject\",\"inLanguage\":\"fr-FR\",\"@id\":\"https:\/\/www.qnde.ca\/fr\/produit\/defelsko-mesureur-profil-positector\/#primaryimage\",\"url\":\"https:\/\/www.qnde.ca\/wp-content\/uploads\/2021\/10\/Positector-RTR-H-Surface-Profile-Replica-Tape-Reader.png\",\"contentUrl\":\"https:\/\/www.qnde.ca\/wp-content\/uploads\/2021\/10\/Positector-RTR-H-Surface-Profile-Replica-Tape-Reader.png\",\"width\":310,\"height\":800,\"caption\":\"Positector RTR H - Surface Profile Replica Tape Reader\"},{\"@type\":\"BreadcrumbList\",\"@id\":\"https:\/\/www.qnde.ca\/fr\/produit\/defelsko-mesureur-profil-positector\/#breadcrumb\",\"itemListElement\":[{\"@type\":\"ListItem\",\"position\":1,\"name\":\"Accueil\",\"item\":\"https:\/\/www.qnde.ca\/fr\/\"},{\"@type\":\"ListItem\",\"position\":2,\"name\":\"Produits\",\"item\":\"https:\/\/www.qnde.ca\/fr\/produits\/\"},{\"@type\":\"ListItem\",\"position\":3,\"name\":\"Essai de Rugosit\u00e9\",\"item\":\"https:\/\/www.qnde.ca\/fr\/product-category\/essai-rugosite\/\"},{\"@type\":\"ListItem\",\"position\":4,\"name\":\"Defelsko Mesureur de Profil de Surface\/Bande de R\u00e9plica Positector RTR H\"}]},{\"@type\":\"WebSite\",\"@id\":\"https:\/\/www.qnde.ca\/#website\",\"url\":\"https:\/\/www.qnde.ca\/\",\"name\":\"Qualit\u00e9 NDE\",\"description\":\"\u00c9quipements d&#039;essais non destructifs \",\"publisher\":{\"@id\":\"https:\/\/www.qnde.ca\/#organization\"},\"potentialAction\":[{\"@type\":\"SearchAction\",\"target\":{\"@type\":\"EntryPoint\",\"urlTemplate\":\"https:\/\/www.qnde.ca\/?s={search_term_string}\"},\"query-input\":{\"@type\":\"PropertyValueSpecification\",\"valueRequired\":true,\"valueName\":\"search_term_string\"}}],\"inLanguage\":\"fr-FR\"},{\"@type\":\"Organization\",\"@id\":\"https:\/\/www.qnde.ca\/#organization\",\"name\":\"Quality NDT Ltd.\",\"url\":\"https:\/\/www.qnde.ca\/\",\"logo\":{\"@type\":\"ImageObject\",\"inLanguage\":\"fr-FR\",\"@id\":\"https:\/\/www.qnde.ca\/#\/schema\/logo\/image\/\",\"url\":\"https:\/\/www.qnde.ca\/wp-content\/uploads\/2022\/02\/QNDE_logo_RGB-gif.gif\",\"contentUrl\":\"https:\/\/www.qnde.ca\/wp-content\/uploads\/2022\/02\/QNDE_logo_RGB-gif.gif\",\"width\":250,\"height\":64,\"caption\":\"Quality NDT Ltd.\"},\"image\":{\"@id\":\"https:\/\/www.qnde.ca\/#\/schema\/logo\/image\/\"},\"sameAs\":[\"https:\/\/www.linkedin.com\/company\/qnde\/about\/?viewAsMember=true\"]}]}<\/script>\n<!-- \/ Yoast SEO plugin. -->","yoast_head_json":{"title":"Defelsko Mesureur de Profil de Surface\/Bande de R\u00e9plica Positector RTR H &#060; Qualit\u00e9 NDE","description":"PosiTector RTR H : mesureur de profil de surface par bande r\u00e9plique, pr\u00e9cis et connect\u00e9. Plage 20\u2013115\u202f\u03bcm, m\u00e9moire jusqu\u2019\u00e0 1\u202f000\u202f000 lectures.","robots":{"index":"index","follow":"follow","max-snippet":"max-snippet:-1","max-image-preview":"max-image-preview:large","max-video-preview":"max-video-preview:-1"},"canonical":"https:\/\/www.qnde.ca\/fr\/produit\/defelsko-mesureur-profil-positector\/","twitter_misc":{"Dur\u00e9e de lecture estim\u00e9e":"2 minutes"},"schema":{"@context":"https:\/\/schema.org","@graph":[{"@type":["WebPage","ItemPage"],"@id":"https:\/\/www.qnde.ca\/fr\/produit\/defelsko-mesureur-profil-positector\/","url":"https:\/\/www.qnde.ca\/fr\/produit\/defelsko-mesureur-profil-positector\/","name":"Defelsko Mesureur de Profil de Surface\/Bande de R\u00e9plica Positector RTR H &#060; Qualit\u00e9 NDE","isPartOf":{"@id":"https:\/\/www.qnde.ca\/#website"},"primaryImageOfPage":{"@id":"https:\/\/www.qnde.ca\/fr\/produit\/defelsko-mesureur-profil-positector\/#primaryimage"},"image":{"@id":"https:\/\/www.qnde.ca\/fr\/produit\/defelsko-mesureur-profil-positector\/#primaryimage"},"thumbnailUrl":"https:\/\/www.qnde.ca\/wp-content\/uploads\/2021\/10\/Positector-RTR-H-Surface-Profile-Replica-Tape-Reader.png","datePublished":"2016-04-21T12:44:46+00:00","dateModified":"2025-08-11T17:14:25+00:00","description":"PosiTector RTR H : mesureur de profil de surface par bande r\u00e9plique, pr\u00e9cis et connect\u00e9. Plage 20\u2013115\u202f\u03bcm, m\u00e9moire jusqu\u2019\u00e0 1\u202f000\u202f000 lectures.","breadcrumb":{"@id":"https:\/\/www.qnde.ca\/fr\/produit\/defelsko-mesureur-profil-positector\/#breadcrumb"},"inLanguage":"fr-FR","potentialAction":[{"@type":"ReadAction","target":["https:\/\/www.qnde.ca\/fr\/produit\/defelsko-mesureur-profil-positector\/"]}]},{"@type":"ImageObject","inLanguage":"fr-FR","@id":"https:\/\/www.qnde.ca\/fr\/produit\/defelsko-mesureur-profil-positector\/#primaryimage","url":"https:\/\/www.qnde.ca\/wp-content\/uploads\/2021\/10\/Positector-RTR-H-Surface-Profile-Replica-Tape-Reader.png","contentUrl":"https:\/\/www.qnde.ca\/wp-content\/uploads\/2021\/10\/Positector-RTR-H-Surface-Profile-Replica-Tape-Reader.png","width":310,"height":800,"caption":"Positector RTR H - Surface Profile Replica Tape Reader"},{"@type":"BreadcrumbList","@id":"https:\/\/www.qnde.ca\/fr\/produit\/defelsko-mesureur-profil-positector\/#breadcrumb","itemListElement":[{"@type":"ListItem","position":1,"name":"Accueil","item":"https:\/\/www.qnde.ca\/fr\/"},{"@type":"ListItem","position":2,"name":"Produits","item":"https:\/\/www.qnde.ca\/fr\/produits\/"},{"@type":"ListItem","position":3,"name":"Essai de Rugosit\u00e9","item":"https:\/\/www.qnde.ca\/fr\/product-category\/essai-rugosite\/"},{"@type":"ListItem","position":4,"name":"Defelsko Mesureur de Profil de Surface\/Bande de R\u00e9plica Positector RTR H"}]},{"@type":"WebSite","@id":"https:\/\/www.qnde.ca\/#website","url":"https:\/\/www.qnde.ca\/","name":"Qualit\u00e9 NDE","description":"\u00c9quipements d&#039;essais non destructifs ","publisher":{"@id":"https:\/\/www.qnde.ca\/#organization"},"potentialAction":[{"@type":"SearchAction","target":{"@type":"EntryPoint","urlTemplate":"https:\/\/www.qnde.ca\/?s={search_term_string}"},"query-input":{"@type":"PropertyValueSpecification","valueRequired":true,"valueName":"search_term_string"}}],"inLanguage":"fr-FR"},{"@type":"Organization","@id":"https:\/\/www.qnde.ca\/#organization","name":"Quality NDT Ltd.","url":"https:\/\/www.qnde.ca\/","logo":{"@type":"ImageObject","inLanguage":"fr-FR","@id":"https:\/\/www.qnde.ca\/#\/schema\/logo\/image\/","url":"https:\/\/www.qnde.ca\/wp-content\/uploads\/2022\/02\/QNDE_logo_RGB-gif.gif","contentUrl":"https:\/\/www.qnde.ca\/wp-content\/uploads\/2022\/02\/QNDE_logo_RGB-gif.gif","width":250,"height":64,"caption":"Quality NDT Ltd."},"image":{"@id":"https:\/\/www.qnde.ca\/#\/schema\/logo\/image\/"},"sameAs":["https:\/\/www.linkedin.com\/company\/qnde\/about\/?viewAsMember=true"]}]}},"jetpack_sharing_enabled":true,"_links":{"self":[{"href":"https:\/\/www.qnde.ca\/fr\/wp-json\/wp\/v2\/product\/7735","targetHints":{"allow":["GET"]}}],"collection":[{"href":"https:\/\/www.qnde.ca\/fr\/wp-json\/wp\/v2\/product"}],"about":[{"href":"https:\/\/www.qnde.ca\/fr\/wp-json\/wp\/v2\/types\/product"}],"wp:featuredmedia":[{"embeddable":true,"href":"https:\/\/www.qnde.ca\/fr\/wp-json\/wp\/v2\/media\/22078"}],"wp:attachment":[{"href":"https:\/\/www.qnde.ca\/fr\/wp-json\/wp\/v2\/media?parent=7735"}],"wp:term":[{"taxonomy":"product_brand","embeddable":true,"href":"https:\/\/www.qnde.ca\/fr\/wp-json\/wp\/v2\/product_brand?post=7735"},{"taxonomy":"product_cat","embeddable":true,"href":"https:\/\/www.qnde.ca\/fr\/wp-json\/wp\/v2\/product_cat?post=7735"},{"taxonomy":"product_tag","embeddable":true,"href":"https:\/\/www.qnde.ca\/fr\/wp-json\/wp\/v2\/product_tag?post=7735"}],"curies":[{"name":"wp","href":"https:\/\/api.w.org\/{rel}","templated":true}]}}