{"id":7719,"date":"2016-04-20T17:18:50","date_gmt":"2016-04-20T17:18:50","guid":{"rendered":"https:\/\/www.qnde.ca\/product\/positector-spg\/"},"modified":"2025-08-20T10:47:36","modified_gmt":"2025-08-20T14:47:36","slug":"spg-fr","status":"publish","type":"product","link":"https:\/\/www.qnde.ca\/fr\/produit\/spg-fr\/","title":{"rendered":"Defelsko PosiTector SPG Rugosim\u00e8tre"},"content":{"rendered":"<h3><strong>Defelsko <\/strong><strong>Positector SPG <\/strong><strong>Mesureur de Profil de Surface<\/strong><\/h3>\n<p>Le DeFelsko Positector SPG utilise une pointe \u00e0 ressort pour mesurer et enregistrer les cr\u00eates et vall\u00e9es de la surface (m\u00e9taux, b\u00e9ton, etc.) \u2013 50 lectures par minutes. La surface d&rsquo;usure en alumine et la pointe en carbure de tungst\u00e8ne sont rempla\u00e7ables en chantier et sont con\u00e7ues pour une longue dur\u00e9e de vie et une pr\u00e9cision continue.<\/p>\n<p>L\u2019appareil PosiTector accepte toutes les sondes PosiTector convertissant facilement votre mesureur de profil en un mesureur d&rsquo;\u00e9paisseur de rev\u00eatement, de point de ros\u00e9e, mesureur de profil de surface, mesureur d&rsquo;\u00e9paisseur et plus (voir le tableau de compatibilit\u00e9 des sondes ci-joint).<\/p>\n<p>Connexion USB, Wifi et Bluetooth au logiciel PosiSoft PC, MAC et t\u00e9l\u00e9phone intelligent. Durable, il est r\u00e9sistant aux solvants, acides, huiles, \u00e9tanche \u00e0 l&rsquo;eau et \u00e0 la poussi\u00e8re (IP65), il est livr\u00e9 avec une garantie de 2 ans.<\/p>\n<h4>Ensemble de base inclut:<\/h4>\n<p>unit\u00e9 de contr\u00f4le PosiTector SPG avec capacit\u00e9 de limite sup\u00e9rieure et inf\u00e9rieure et alarme (Okay\/NOT good), sonde int\u00e9grale avec pointe en carbure de tungst\u00e8ne rempla\u00e7able en chantier, plaque z\u00e9ro en verre, plaque \u00e9talon de rugosit\u00e9, \u00e9tui de protection en caoutchouc avec sangle de ceinture, dragonne, trois batteries alcaline AAA, c\u00e2ble USB pour transfert de donn\u00e9es et\/ou alimentation continue, logiciel PosiSoft, manuel de l\u2019utilisateur, certificat d\u2019\u00e9talonnage et valise de transport rigide.<\/p>\n<ul>\n<li style=\"list-style-type: none;\">\n<ul>\n<li>SPG-1: Appareil Positector SPG (250 lectures par sondes) avec sonde int\u00e9grale \u2013 Ensemble complet.<\/li>\n<li>SPG-S1: Appareil Positector SPG (250 lectures par sondes) avec sonde c\u00e2bl\u00e9 de 1.0m (39&Prime;) \u2013 Ensemble complet.<\/li>\n<li>SPG-CS1: Appareil Positector SPG (250 lectures par sondes) avec sonde c\u00e2bl\u00e9 de 1.0m (39&Prime;) pour rev\u00eatements textur\u00e9s \u2013 Ensemble complet.<\/li>\n<li>SPG-TS1: Appareil Positector SPG (250 lectures par sondes) avec sonde c\u00e2bl\u00e9 de 1.0m (39&Prime;) pour b\u00e9ton \u2013 Ensemble complet.<\/li>\n<li>SPG-3: Identique au Positector SPG-1 avec enregistrement de 250,000 lectures, repr\u00e9sentation graphique des mesures, capacit\u00e9 Wifi et Bluetooth.<\/li>\n<li>SPG-S3: Identique au Positector SPG-S1 avec enregistrement de 250,000 lectures, repr\u00e9sentation graphique des mesures, capacit\u00e9 Wifi et Bluetooth.<\/li>\n<li>SPG-CS3: Identique au Positector SPG-CS1 avec enregistrement de 250,000 lectures, repr\u00e9sentation graphique des mesures, capacit\u00e9 Wifi et Bluetooth.<\/li>\n<li>SPG-TS3: Identique au Positector SPG-TS1 avec enregistrement de 250,000 lectures, repr\u00e9sentation graphique des mesures, capacit\u00e9 Wifi et Bluetooth.<\/li>\n<\/ul>\n<\/li>\n<\/ul>\n<h4><strong>\u00a0<\/strong><strong>Options<\/strong><\/h4>\n<ul>\n<li>SPG60: Pointe de remplacement en carbure de tungst\u00e8ne, 60\u00b0.<\/li>\n<li>SPG30: Pointe de remplacement en carbure de tungst\u00e8ne, 30\u00b0.<\/li>\n<li>SPGT: Pointe de remplacement en carbure de tungst\u00e8ne, \u201cT \u2013 Rev\u00eatements Textur\u00e9s\u201d.<\/li>\n<li>SPGC: Pointe de remplacement en carbure de tungst\u00e8ne, \u201cC \u2013 B\u00e9ton\u201d.<\/li>\n<li>SPGZERO: Cale m\u00e9tallique non certifi\u00e9e et plaque z\u00e9ro en verre.<\/li>\n<li>STDSPG: Ensemble d\u2019\u00e9talons de rugosit\u00e9 certifi\u00e9s pour SPG.<\/li>\n<li>PWR: Ensemble d&rsquo;alimentation AC pour un fonctionnement continu avec 120VAC, 240VAC ou via le port USB int\u00e9gr\u00e9.<\/li>\n<li>PRINT: Imprimante Bluetooth l\u00e9g\u00e8re \u00e0 papier thermique (mod\u00e8les avanc\u00e9s SEULEMENT).<\/li>\n<\/ul>\n<p>Contactez-nous afin de discuter de votre application, vos exigences, les options disponibles et\/ou recevoir une soumission.<\/p>\n<p>&nbsp;<\/p>\n","protected":false},"excerpt":{"rendered":"<p>Defelsko Positector SPG Mesureur de Profil de Surface Le DeFelsko Positector SPG utilise une pointe \u00e0 ressort pour mesurer et enregistrer les cr\u00eates et vall\u00e9es de la surface (m\u00e9taux, b\u00e9ton, etc.) \u2013 50 lectures par minutes. La surface d&rsquo;usure en alumine et la pointe en carbure de tungst\u00e8ne sont rempla\u00e7ables en chantier et sont con\u00e7ues [&hellip;]<\/p>\n","protected":false},"featured_media":22037,"template":"","meta":{"_monsterinsights_skip_tracking":false,"_monsterinsights_sitenote_active":false,"_monsterinsights_sitenote_note":"","_monsterinsights_sitenote_category":0},"product_brand":[],"product_cat":[406,146,355,326],"product_tag":[],"class_list":{"0":"post-7719","1":"product","2":"type-product","3":"status-publish","4":"has-post-thumbnail","6":"product_cat-defelsko-fr","7":"product_cat-essai-rugosite","8":"product_cat-mesureurs-revetement","9":"product_cat-mesureurs-revetements","11":"first","12":"instock","13":"shipping-taxable","14":"purchasable","15":"product-type-variable"},"yoast_head":"<!-- This site is optimized with the Yoast SEO plugin v23.9 - https:\/\/yoast.com\/wordpress\/plugins\/seo\/ -->\n<title>Defelsko PosiTector SPG Rugosim\u00e8tre &#060; Qualit\u00e9 NDE<\/title>\n<meta name=\"description\" content=\"PosiTector SPG : mesureur de profil de surface avec pointe \u00e0 ressort, 50 lectures\/min, durable, pr\u00e9cis, compatible sondes PosiTector, USB, Wi-Fi, Bluetooth.\" \/>\n<meta name=\"robots\" content=\"index, follow, max-snippet:-1, max-image-preview:large, max-video-preview:-1\" \/>\n<link rel=\"canonical\" href=\"https:\/\/www.qnde.ca\/fr\/produit\/spg-fr\/\" \/>\n<meta name=\"twitter:label1\" content=\"Dur\u00e9e de lecture estim\u00e9e\" \/>\n\t<meta name=\"twitter:data1\" content=\"3 minutes\" \/>\n<script type=\"application\/ld+json\" class=\"yoast-schema-graph\">{\"@context\":\"https:\/\/schema.org\",\"@graph\":[{\"@type\":[\"WebPage\",\"ItemPage\"],\"@id\":\"https:\/\/www.qnde.ca\/fr\/produit\/spg-fr\/\",\"url\":\"https:\/\/www.qnde.ca\/fr\/produit\/spg-fr\/\",\"name\":\"Defelsko PosiTector SPG Rugosim\u00e8tre &#060; Qualit\u00e9 NDE\",\"isPartOf\":{\"@id\":\"https:\/\/www.qnde.ca\/#website\"},\"primaryImageOfPage\":{\"@id\":\"https:\/\/www.qnde.ca\/fr\/produit\/spg-fr\/#primaryimage\"},\"image\":{\"@id\":\"https:\/\/www.qnde.ca\/fr\/produit\/spg-fr\/#primaryimage\"},\"thumbnailUrl\":\"https:\/\/www.qnde.ca\/wp-content\/uploads\/2021\/10\/Positector-SPG-1-\u2013-Surface-Profile-Gauge-with-Integral-Probe.png\",\"datePublished\":\"2016-04-20T17:18:50+00:00\",\"dateModified\":\"2025-08-20T14:47:36+00:00\",\"description\":\"PosiTector SPG : mesureur de profil de surface avec pointe \u00e0 ressort, 50 lectures\/min, durable, pr\u00e9cis, compatible sondes PosiTector, USB, Wi-Fi, Bluetooth.\",\"breadcrumb\":{\"@id\":\"https:\/\/www.qnde.ca\/fr\/produit\/spg-fr\/#breadcrumb\"},\"inLanguage\":\"fr-FR\",\"potentialAction\":[{\"@type\":\"ReadAction\",\"target\":[\"https:\/\/www.qnde.ca\/fr\/produit\/spg-fr\/\"]}]},{\"@type\":\"ImageObject\",\"inLanguage\":\"fr-FR\",\"@id\":\"https:\/\/www.qnde.ca\/fr\/produit\/spg-fr\/#primaryimage\",\"url\":\"https:\/\/www.qnde.ca\/wp-content\/uploads\/2021\/10\/Positector-SPG-1-\u2013-Surface-Profile-Gauge-with-Integral-Probe.png\",\"contentUrl\":\"https:\/\/www.qnde.ca\/wp-content\/uploads\/2021\/10\/Positector-SPG-1-\u2013-Surface-Profile-Gauge-with-Integral-Probe.png\",\"width\":500,\"height\":1132,\"caption\":\"Positector SPG-1 \u2013 Surface Profile Gauge with Integral Probe\"},{\"@type\":\"BreadcrumbList\",\"@id\":\"https:\/\/www.qnde.ca\/fr\/produit\/spg-fr\/#breadcrumb\",\"itemListElement\":[{\"@type\":\"ListItem\",\"position\":1,\"name\":\"Accueil\",\"item\":\"https:\/\/www.qnde.ca\/fr\/\"},{\"@type\":\"ListItem\",\"position\":2,\"name\":\"Produits\",\"item\":\"https:\/\/www.qnde.ca\/fr\/produits\/\"},{\"@type\":\"ListItem\",\"position\":3,\"name\":\"Essai de Rugosit\u00e9\",\"item\":\"https:\/\/www.qnde.ca\/fr\/product-category\/essai-rugosite\/\"},{\"@type\":\"ListItem\",\"position\":4,\"name\":\"Defelsko PosiTector SPG Rugosim\u00e8tre\"}]},{\"@type\":\"WebSite\",\"@id\":\"https:\/\/www.qnde.ca\/#website\",\"url\":\"https:\/\/www.qnde.ca\/\",\"name\":\"Qualit\u00e9 NDE\",\"description\":\"\u00c9quipements d&#039;essais non destructifs \",\"publisher\":{\"@id\":\"https:\/\/www.qnde.ca\/#organization\"},\"potentialAction\":[{\"@type\":\"SearchAction\",\"target\":{\"@type\":\"EntryPoint\",\"urlTemplate\":\"https:\/\/www.qnde.ca\/?s={search_term_string}\"},\"query-input\":{\"@type\":\"PropertyValueSpecification\",\"valueRequired\":true,\"valueName\":\"search_term_string\"}}],\"inLanguage\":\"fr-FR\"},{\"@type\":\"Organization\",\"@id\":\"https:\/\/www.qnde.ca\/#organization\",\"name\":\"Quality NDT Ltd.\",\"url\":\"https:\/\/www.qnde.ca\/\",\"logo\":{\"@type\":\"ImageObject\",\"inLanguage\":\"fr-FR\",\"@id\":\"https:\/\/www.qnde.ca\/#\/schema\/logo\/image\/\",\"url\":\"https:\/\/www.qnde.ca\/wp-content\/uploads\/2022\/02\/QNDE_logo_RGB-gif.gif\",\"contentUrl\":\"https:\/\/www.qnde.ca\/wp-content\/uploads\/2022\/02\/QNDE_logo_RGB-gif.gif\",\"width\":250,\"height\":64,\"caption\":\"Quality NDT Ltd.\"},\"image\":{\"@id\":\"https:\/\/www.qnde.ca\/#\/schema\/logo\/image\/\"},\"sameAs\":[\"https:\/\/www.linkedin.com\/company\/qnde\/about\/?viewAsMember=true\"]}]}<\/script>\n<!-- \/ Yoast SEO plugin. -->","yoast_head_json":{"title":"Defelsko PosiTector SPG Rugosim\u00e8tre &#060; Qualit\u00e9 NDE","description":"PosiTector SPG : mesureur de profil de surface avec pointe \u00e0 ressort, 50 lectures\/min, durable, pr\u00e9cis, compatible sondes PosiTector, USB, Wi-Fi, Bluetooth.","robots":{"index":"index","follow":"follow","max-snippet":"max-snippet:-1","max-image-preview":"max-image-preview:large","max-video-preview":"max-video-preview:-1"},"canonical":"https:\/\/www.qnde.ca\/fr\/produit\/spg-fr\/","twitter_misc":{"Dur\u00e9e de lecture estim\u00e9e":"3 minutes"},"schema":{"@context":"https:\/\/schema.org","@graph":[{"@type":["WebPage","ItemPage"],"@id":"https:\/\/www.qnde.ca\/fr\/produit\/spg-fr\/","url":"https:\/\/www.qnde.ca\/fr\/produit\/spg-fr\/","name":"Defelsko PosiTector SPG Rugosim\u00e8tre &#060; Qualit\u00e9 NDE","isPartOf":{"@id":"https:\/\/www.qnde.ca\/#website"},"primaryImageOfPage":{"@id":"https:\/\/www.qnde.ca\/fr\/produit\/spg-fr\/#primaryimage"},"image":{"@id":"https:\/\/www.qnde.ca\/fr\/produit\/spg-fr\/#primaryimage"},"thumbnailUrl":"https:\/\/www.qnde.ca\/wp-content\/uploads\/2021\/10\/Positector-SPG-1-\u2013-Surface-Profile-Gauge-with-Integral-Probe.png","datePublished":"2016-04-20T17:18:50+00:00","dateModified":"2025-08-20T14:47:36+00:00","description":"PosiTector SPG : mesureur de profil de surface avec pointe \u00e0 ressort, 50 lectures\/min, durable, pr\u00e9cis, compatible sondes PosiTector, USB, Wi-Fi, Bluetooth.","breadcrumb":{"@id":"https:\/\/www.qnde.ca\/fr\/produit\/spg-fr\/#breadcrumb"},"inLanguage":"fr-FR","potentialAction":[{"@type":"ReadAction","target":["https:\/\/www.qnde.ca\/fr\/produit\/spg-fr\/"]}]},{"@type":"ImageObject","inLanguage":"fr-FR","@id":"https:\/\/www.qnde.ca\/fr\/produit\/spg-fr\/#primaryimage","url":"https:\/\/www.qnde.ca\/wp-content\/uploads\/2021\/10\/Positector-SPG-1-\u2013-Surface-Profile-Gauge-with-Integral-Probe.png","contentUrl":"https:\/\/www.qnde.ca\/wp-content\/uploads\/2021\/10\/Positector-SPG-1-\u2013-Surface-Profile-Gauge-with-Integral-Probe.png","width":500,"height":1132,"caption":"Positector SPG-1 \u2013 Surface Profile Gauge with Integral Probe"},{"@type":"BreadcrumbList","@id":"https:\/\/www.qnde.ca\/fr\/produit\/spg-fr\/#breadcrumb","itemListElement":[{"@type":"ListItem","position":1,"name":"Accueil","item":"https:\/\/www.qnde.ca\/fr\/"},{"@type":"ListItem","position":2,"name":"Produits","item":"https:\/\/www.qnde.ca\/fr\/produits\/"},{"@type":"ListItem","position":3,"name":"Essai de Rugosit\u00e9","item":"https:\/\/www.qnde.ca\/fr\/product-category\/essai-rugosite\/"},{"@type":"ListItem","position":4,"name":"Defelsko PosiTector SPG Rugosim\u00e8tre"}]},{"@type":"WebSite","@id":"https:\/\/www.qnde.ca\/#website","url":"https:\/\/www.qnde.ca\/","name":"Qualit\u00e9 NDE","description":"\u00c9quipements d&#039;essais non destructifs ","publisher":{"@id":"https:\/\/www.qnde.ca\/#organization"},"potentialAction":[{"@type":"SearchAction","target":{"@type":"EntryPoint","urlTemplate":"https:\/\/www.qnde.ca\/?s={search_term_string}"},"query-input":{"@type":"PropertyValueSpecification","valueRequired":true,"valueName":"search_term_string"}}],"inLanguage":"fr-FR"},{"@type":"Organization","@id":"https:\/\/www.qnde.ca\/#organization","name":"Quality NDT Ltd.","url":"https:\/\/www.qnde.ca\/","logo":{"@type":"ImageObject","inLanguage":"fr-FR","@id":"https:\/\/www.qnde.ca\/#\/schema\/logo\/image\/","url":"https:\/\/www.qnde.ca\/wp-content\/uploads\/2022\/02\/QNDE_logo_RGB-gif.gif","contentUrl":"https:\/\/www.qnde.ca\/wp-content\/uploads\/2022\/02\/QNDE_logo_RGB-gif.gif","width":250,"height":64,"caption":"Quality NDT Ltd."},"image":{"@id":"https:\/\/www.qnde.ca\/#\/schema\/logo\/image\/"},"sameAs":["https:\/\/www.linkedin.com\/company\/qnde\/about\/?viewAsMember=true"]}]}},"jetpack_sharing_enabled":true,"_links":{"self":[{"href":"https:\/\/www.qnde.ca\/fr\/wp-json\/wp\/v2\/product\/7719","targetHints":{"allow":["GET"]}}],"collection":[{"href":"https:\/\/www.qnde.ca\/fr\/wp-json\/wp\/v2\/product"}],"about":[{"href":"https:\/\/www.qnde.ca\/fr\/wp-json\/wp\/v2\/types\/product"}],"wp:featuredmedia":[{"embeddable":true,"href":"https:\/\/www.qnde.ca\/fr\/wp-json\/wp\/v2\/media\/22037"}],"wp:attachment":[{"href":"https:\/\/www.qnde.ca\/fr\/wp-json\/wp\/v2\/media?parent=7719"}],"wp:term":[{"taxonomy":"product_brand","embeddable":true,"href":"https:\/\/www.qnde.ca\/fr\/wp-json\/wp\/v2\/product_brand?post=7719"},{"taxonomy":"product_cat","embeddable":true,"href":"https:\/\/www.qnde.ca\/fr\/wp-json\/wp\/v2\/product_cat?post=7719"},{"taxonomy":"product_tag","embeddable":true,"href":"https:\/\/www.qnde.ca\/fr\/wp-json\/wp\/v2\/product_tag?post=7719"}],"curies":[{"name":"wp","href":"https:\/\/api.w.org\/{rel}","templated":true}]}}