{"id":7685,"date":"2016-04-19T19:57:20","date_gmt":"2016-04-19T19:57:20","guid":{"rendered":"https:\/\/www.qnde.ca\/product\/wheelprobe-2-capteur-a-roue-multielements\/"},"modified":"2025-08-19T08:37:40","modified_gmt":"2025-08-19T12:37:40","slug":"wheelprobe2-fr","status":"publish","type":"product","link":"https:\/\/www.qnde.ca\/fr\/produit\/wheelprobe2-fr\/","title":{"rendered":"Sonatest Roue Ultrasonique \u00e0 Balayage Lin\u00e9aire WheelProbe 2"},"content":{"rendered":"<h3><strong>Sonatest Roue Ultrasonique \u00e0 Balayage Lin\u00e9aire <\/strong><strong style=\"font-size: 16px;\">WheelProbe 2<\/strong><\/h3>\n<p>Le WheelProbe 2 est con\u00e7u l\u2019inspection efficace de grande surface de composite. Une excellente alternative \u00e0 l\u2019inspection par immersion, la WP2 offre une impressionnante r\u00e9solution de surface de 1 mm dans les mat\u00e9riaux composites avec une roue de 5Hz. Disponible en 10MHz, 5MHz, 3.5MHz et 2MHz, et en largeurs de 50mm et 100mm, la WP2 \u00e0 une imp\u00e9dance acoustique tr\u00e8s similaire \u00e0 l\u2019eau et comme sa pr\u00e9d\u00e9cesseure, g\u00e9n\u00e8re un signal ultrason de qualit\u00e9 exceptionnelle. Disponible avec connecteurs BNC ou LEMO.<\/p>\n<p>Visionnez la fiche technique et les vid\u00e9os pour plus d\u2019information.<\/p>\n<p>Contactez-nous afin de discuter de votre application, vos exigences, les options disponibles et\/ou recevoir une soumission.<\/p>\n","protected":false},"excerpt":{"rendered":"<p>Sonatest Roue Ultrasonique \u00e0 Balayage Lin\u00e9aire WheelProbe 2 Le WheelProbe 2 est con\u00e7u l\u2019inspection efficace de grande surface de composite. Une excellente alternative \u00e0 l\u2019inspection par immersion, la WP2 offre une impressionnante r\u00e9solution de surface de 1 mm dans les mat\u00e9riaux composites avec une roue de 5Hz. Disponible en 10MHz, 5MHz, 3.5MHz et 2MHz, et [&hellip;]<\/p>\n","protected":false},"featured_media":7689,"template":"","meta":{"_monsterinsights_skip_tracking":false,"_monsterinsights_sitenote_active":false,"_monsterinsights_sitenote_note":"","_monsterinsights_sitenote_category":0},"product_brand":[],"product_cat":[401,127],"product_tag":[],"class_list":{"0":"post-7685","1":"product","2":"type-product","3":"status-publish","4":"has-post-thumbnail","6":"product_cat-sonatest-fr","7":"product_cat-composites-ultrasons","9":"first","10":"instock","11":"shipping-taxable","12":"purchasable","13":"product-type-simple"},"yoast_head":"<!-- This site is optimized with the Yoast SEO plugin v23.9 - https:\/\/yoast.com\/wordpress\/plugins\/seo\/ -->\n<title>Sonatest Roue Ultrasonique \u00e0 Balayage Lin\u00e9aire WheelProbe 2 &#060; Qualit\u00e9 NDE<\/title>\n<meta name=\"description\" content=\"Sonatest: WheelProbe 2 - Roue ultrasonique \u00e0 balayage lin\u00e9aire pour l&#039;inspection de grande surface de composite. Disponible en 10MHz, 5MHz, 3.5MHz et 2MHz.\" \/>\n<meta name=\"robots\" content=\"index, follow, max-snippet:-1, max-image-preview:large, max-video-preview:-1\" \/>\n<link rel=\"canonical\" href=\"https:\/\/www.qnde.ca\/fr\/produit\/wheelprobe2-fr\/\" \/>\n<meta name=\"twitter:label1\" content=\"Dur\u00e9e de lecture estim\u00e9e\" \/>\n\t<meta name=\"twitter:data1\" content=\"1 minute\" \/>\n<script type=\"application\/ld+json\" class=\"yoast-schema-graph\">{\"@context\":\"https:\/\/schema.org\",\"@graph\":[{\"@type\":[\"WebPage\",\"ItemPage\"],\"@id\":\"https:\/\/www.qnde.ca\/fr\/produit\/wheelprobe2-fr\/\",\"url\":\"https:\/\/www.qnde.ca\/fr\/produit\/wheelprobe2-fr\/\",\"name\":\"Sonatest Roue Ultrasonique \u00e0 Balayage Lin\u00e9aire WheelProbe 2 &#060; Qualit\u00e9 NDE\",\"isPartOf\":{\"@id\":\"https:\/\/www.qnde.ca\/#website\"},\"primaryImageOfPage\":{\"@id\":\"https:\/\/www.qnde.ca\/fr\/produit\/wheelprobe2-fr\/#primaryimage\"},\"image\":{\"@id\":\"https:\/\/www.qnde.ca\/fr\/produit\/wheelprobe2-fr\/#primaryimage\"},\"thumbnailUrl\":\"https:\/\/www.qnde.ca\/wp-content\/uploads\/2016\/04\/WP2-scaled-scaled.jpg\",\"datePublished\":\"2016-04-19T19:57:20+00:00\",\"dateModified\":\"2025-08-19T12:37:40+00:00\",\"description\":\"Sonatest: WheelProbe 2 - Roue ultrasonique \u00e0 balayage lin\u00e9aire pour l'inspection de grande surface de composite. Disponible en 10MHz, 5MHz, 3.5MHz et 2MHz.\",\"breadcrumb\":{\"@id\":\"https:\/\/www.qnde.ca\/fr\/produit\/wheelprobe2-fr\/#breadcrumb\"},\"inLanguage\":\"fr-FR\",\"potentialAction\":[{\"@type\":\"ReadAction\",\"target\":[\"https:\/\/www.qnde.ca\/fr\/produit\/wheelprobe2-fr\/\"]}]},{\"@type\":\"ImageObject\",\"inLanguage\":\"fr-FR\",\"@id\":\"https:\/\/www.qnde.ca\/fr\/produit\/wheelprobe2-fr\/#primaryimage\",\"url\":\"https:\/\/www.qnde.ca\/wp-content\/uploads\/2016\/04\/WP2-scaled-scaled.jpg\",\"contentUrl\":\"https:\/\/www.qnde.ca\/wp-content\/uploads\/2016\/04\/WP2-scaled-scaled.jpg\",\"width\":2048,\"height\":1634,\"caption\":\"Sonatest WheelProbe 2, 100mm wide, 5MHz\"},{\"@type\":\"BreadcrumbList\",\"@id\":\"https:\/\/www.qnde.ca\/fr\/produit\/wheelprobe2-fr\/#breadcrumb\",\"itemListElement\":[{\"@type\":\"ListItem\",\"position\":1,\"name\":\"Accueil\",\"item\":\"https:\/\/www.qnde.ca\/fr\/\"},{\"@type\":\"ListItem\",\"position\":2,\"name\":\"Produits\",\"item\":\"https:\/\/www.qnde.ca\/fr\/produits\/\"},{\"@type\":\"ListItem\",\"position\":3,\"name\":\"Ultrasons\",\"item\":\"https:\/\/www.qnde.ca\/fr\/product-category\/ultrasons\/\"},{\"@type\":\"ListItem\",\"position\":4,\"name\":\"Composites\",\"item\":\"https:\/\/www.qnde.ca\/fr\/product-category\/ultrasons\/composites-ultrasons\/\"},{\"@type\":\"ListItem\",\"position\":5,\"name\":\"Sonatest Roue Ultrasonique \u00e0 Balayage Lin\u00e9aire WheelProbe 2\"}]},{\"@type\":\"WebSite\",\"@id\":\"https:\/\/www.qnde.ca\/#website\",\"url\":\"https:\/\/www.qnde.ca\/\",\"name\":\"Qualit\u00e9 NDE\",\"description\":\"\u00c9quipements d&#039;essais non destructifs \",\"publisher\":{\"@id\":\"https:\/\/www.qnde.ca\/#organization\"},\"potentialAction\":[{\"@type\":\"SearchAction\",\"target\":{\"@type\":\"EntryPoint\",\"urlTemplate\":\"https:\/\/www.qnde.ca\/?s={search_term_string}\"},\"query-input\":{\"@type\":\"PropertyValueSpecification\",\"valueRequired\":true,\"valueName\":\"search_term_string\"}}],\"inLanguage\":\"fr-FR\"},{\"@type\":\"Organization\",\"@id\":\"https:\/\/www.qnde.ca\/#organization\",\"name\":\"Quality NDT Ltd.\",\"url\":\"https:\/\/www.qnde.ca\/\",\"logo\":{\"@type\":\"ImageObject\",\"inLanguage\":\"fr-FR\",\"@id\":\"https:\/\/www.qnde.ca\/#\/schema\/logo\/image\/\",\"url\":\"https:\/\/www.qnde.ca\/wp-content\/uploads\/2022\/02\/QNDE_logo_RGB-gif.gif\",\"contentUrl\":\"https:\/\/www.qnde.ca\/wp-content\/uploads\/2022\/02\/QNDE_logo_RGB-gif.gif\",\"width\":250,\"height\":64,\"caption\":\"Quality NDT Ltd.\"},\"image\":{\"@id\":\"https:\/\/www.qnde.ca\/#\/schema\/logo\/image\/\"},\"sameAs\":[\"https:\/\/www.linkedin.com\/company\/qnde\/about\/?viewAsMember=true\"]}]}<\/script>\n<!-- \/ Yoast SEO plugin. -->","yoast_head_json":{"title":"Sonatest Roue Ultrasonique \u00e0 Balayage Lin\u00e9aire WheelProbe 2 &#060; Qualit\u00e9 NDE","description":"Sonatest: WheelProbe 2 - Roue ultrasonique \u00e0 balayage lin\u00e9aire pour l'inspection de grande surface de composite. Disponible en 10MHz, 5MHz, 3.5MHz et 2MHz.","robots":{"index":"index","follow":"follow","max-snippet":"max-snippet:-1","max-image-preview":"max-image-preview:large","max-video-preview":"max-video-preview:-1"},"canonical":"https:\/\/www.qnde.ca\/fr\/produit\/wheelprobe2-fr\/","twitter_misc":{"Dur\u00e9e de lecture estim\u00e9e":"1 minute"},"schema":{"@context":"https:\/\/schema.org","@graph":[{"@type":["WebPage","ItemPage"],"@id":"https:\/\/www.qnde.ca\/fr\/produit\/wheelprobe2-fr\/","url":"https:\/\/www.qnde.ca\/fr\/produit\/wheelprobe2-fr\/","name":"Sonatest Roue Ultrasonique \u00e0 Balayage Lin\u00e9aire WheelProbe 2 &#060; Qualit\u00e9 NDE","isPartOf":{"@id":"https:\/\/www.qnde.ca\/#website"},"primaryImageOfPage":{"@id":"https:\/\/www.qnde.ca\/fr\/produit\/wheelprobe2-fr\/#primaryimage"},"image":{"@id":"https:\/\/www.qnde.ca\/fr\/produit\/wheelprobe2-fr\/#primaryimage"},"thumbnailUrl":"https:\/\/www.qnde.ca\/wp-content\/uploads\/2016\/04\/WP2-scaled-scaled.jpg","datePublished":"2016-04-19T19:57:20+00:00","dateModified":"2025-08-19T12:37:40+00:00","description":"Sonatest: WheelProbe 2 - Roue ultrasonique \u00e0 balayage lin\u00e9aire pour l'inspection de grande surface de composite. Disponible en 10MHz, 5MHz, 3.5MHz et 2MHz.","breadcrumb":{"@id":"https:\/\/www.qnde.ca\/fr\/produit\/wheelprobe2-fr\/#breadcrumb"},"inLanguage":"fr-FR","potentialAction":[{"@type":"ReadAction","target":["https:\/\/www.qnde.ca\/fr\/produit\/wheelprobe2-fr\/"]}]},{"@type":"ImageObject","inLanguage":"fr-FR","@id":"https:\/\/www.qnde.ca\/fr\/produit\/wheelprobe2-fr\/#primaryimage","url":"https:\/\/www.qnde.ca\/wp-content\/uploads\/2016\/04\/WP2-scaled-scaled.jpg","contentUrl":"https:\/\/www.qnde.ca\/wp-content\/uploads\/2016\/04\/WP2-scaled-scaled.jpg","width":2048,"height":1634,"caption":"Sonatest WheelProbe 2, 100mm wide, 5MHz"},{"@type":"BreadcrumbList","@id":"https:\/\/www.qnde.ca\/fr\/produit\/wheelprobe2-fr\/#breadcrumb","itemListElement":[{"@type":"ListItem","position":1,"name":"Accueil","item":"https:\/\/www.qnde.ca\/fr\/"},{"@type":"ListItem","position":2,"name":"Produits","item":"https:\/\/www.qnde.ca\/fr\/produits\/"},{"@type":"ListItem","position":3,"name":"Ultrasons","item":"https:\/\/www.qnde.ca\/fr\/product-category\/ultrasons\/"},{"@type":"ListItem","position":4,"name":"Composites","item":"https:\/\/www.qnde.ca\/fr\/product-category\/ultrasons\/composites-ultrasons\/"},{"@type":"ListItem","position":5,"name":"Sonatest Roue Ultrasonique \u00e0 Balayage Lin\u00e9aire WheelProbe 2"}]},{"@type":"WebSite","@id":"https:\/\/www.qnde.ca\/#website","url":"https:\/\/www.qnde.ca\/","name":"Qualit\u00e9 NDE","description":"\u00c9quipements d&#039;essais non destructifs ","publisher":{"@id":"https:\/\/www.qnde.ca\/#organization"},"potentialAction":[{"@type":"SearchAction","target":{"@type":"EntryPoint","urlTemplate":"https:\/\/www.qnde.ca\/?s={search_term_string}"},"query-input":{"@type":"PropertyValueSpecification","valueRequired":true,"valueName":"search_term_string"}}],"inLanguage":"fr-FR"},{"@type":"Organization","@id":"https:\/\/www.qnde.ca\/#organization","name":"Quality NDT Ltd.","url":"https:\/\/www.qnde.ca\/","logo":{"@type":"ImageObject","inLanguage":"fr-FR","@id":"https:\/\/www.qnde.ca\/#\/schema\/logo\/image\/","url":"https:\/\/www.qnde.ca\/wp-content\/uploads\/2022\/02\/QNDE_logo_RGB-gif.gif","contentUrl":"https:\/\/www.qnde.ca\/wp-content\/uploads\/2022\/02\/QNDE_logo_RGB-gif.gif","width":250,"height":64,"caption":"Quality NDT Ltd."},"image":{"@id":"https:\/\/www.qnde.ca\/#\/schema\/logo\/image\/"},"sameAs":["https:\/\/www.linkedin.com\/company\/qnde\/about\/?viewAsMember=true"]}]}},"jetpack_sharing_enabled":true,"_links":{"self":[{"href":"https:\/\/www.qnde.ca\/fr\/wp-json\/wp\/v2\/product\/7685","targetHints":{"allow":["GET"]}}],"collection":[{"href":"https:\/\/www.qnde.ca\/fr\/wp-json\/wp\/v2\/product"}],"about":[{"href":"https:\/\/www.qnde.ca\/fr\/wp-json\/wp\/v2\/types\/product"}],"wp:featuredmedia":[{"embeddable":true,"href":"https:\/\/www.qnde.ca\/fr\/wp-json\/wp\/v2\/media\/7689"}],"wp:attachment":[{"href":"https:\/\/www.qnde.ca\/fr\/wp-json\/wp\/v2\/media?parent=7685"}],"wp:term":[{"taxonomy":"product_brand","embeddable":true,"href":"https:\/\/www.qnde.ca\/fr\/wp-json\/wp\/v2\/product_brand?post=7685"},{"taxonomy":"product_cat","embeddable":true,"href":"https:\/\/www.qnde.ca\/fr\/wp-json\/wp\/v2\/product_cat?post=7685"},{"taxonomy":"product_tag","embeddable":true,"href":"https:\/\/www.qnde.ca\/fr\/wp-json\/wp\/v2\/product_tag?post=7685"}],"curies":[{"name":"wp","href":"https:\/\/api.w.org\/{rel}","templated":true}]}}