{"id":7680,"date":"2016-04-19T19:40:18","date_gmt":"2016-04-19T19:40:18","guid":{"rendered":"https:\/\/www.qnde.ca\/product\/astmblocks\/"},"modified":"2025-08-19T08:41:53","modified_gmt":"2025-08-19T12:41:53","slug":"curtis-astm-e127-19","status":"publish","type":"product","link":"https:\/\/www.qnde.ca\/fr\/produit\/curtis-astm-e127-19\/","title":{"rendered":"Curtis Industries Ensembles ASTM E127-19, Amplitude de Distance\/Zone"},"content":{"rendered":"<h3><strong>Curtis Industries Ensembles ASTM E127-19, Amplitude de Distance\/Zone <\/strong><\/h3>\n<p>Ensemble de blocs de r\u00e9f\u00e9rence avec trous \u00e0 fond plat conforme \u00e0 ASTM E127-19 (anciennement ASTM E127 (alliages d\u2019aluminium) et ASTM E428 (autres m\u00e9taux)), utilis\u00e9 pour d\u00e9terminer la lin\u00e9arit\u00e9 des mesures de distance et d\u2019amplitude de la zone.<\/p>\n<p>Mat\u00e9riaux standards disponibles: Aluminium (7075), Inconel 600, Stainless (304), Acier (4340) et Titane 6\/4<\/p>\n<ul>\n<li><strong>E127-S19<\/strong>: Ensemble de 19 blocs ASTM E127-19, Distance\/Amplitude de zone, distances de d\u00e9placement dans le m\u00e9tal de: 0.063&Prime;, 0.125&Prime;, 0.250&Prime;, 0.375&Prime;, 0.500&Prime;, 0.625&Prime;, 0.750&Prime;, 0.875&Prime;, 1.000&Prime;, 1.250&Prime;, 1.750&Prime;, 2.250&Prime;, 2.750&Prime;, 3.250&Prime;, 3.750&Prime;, 4.250&Prime;, 4.750&Prime;, 5.250&Prime; et 5.750&Prime;. Veuillez pr\u00e9ciser le diam\u00e8tre du trou \u00d83\/64&Prime;, \u00d85\/64&Prime; ou \u00d88\/64&Prime;, lors de la commande.<\/li>\n<li><strong>E127-S10<\/strong>: Ensemble de 10 blocs ASTM E127-19, Distance\/Amplitude de zone, distances de d\u00e9placement dans le m\u00e9tal de: \u00d83\/64&Prime; &#8211; 3.000&Prime;, \u00d85\/64&Prime; &#8211; 0.125&Prime;, 0.250&Prime;, 0.500&Prime;, 0.750&Prime;, 1.500&Prime;, 3.000&Prime;, 6.000&Prime;, \u00d88\/64&Prime; &#8211; 3.000&Prime;, 6.000&Prime;.<\/li>\n<li><strong>E127-S8<\/strong>: Ensemble de 8 blocs ASTM E127-19, Distance\/Amplitude de zone, distances de d\u00e9placement dans le m\u00e9tal de: \u00d81\/64 \u2013 3.000&Prime;, \u00d82\/64 \u2013 3.000&Prime;, \u00d83\/64 \u2013 3.000&Prime;, \u00d84\/64 \u2013 3.000&Prime;, \u00d85\/64 \u2013 3.000&Prime;, \u00d86\/64 \u2013 3.000&Prime;, \u00d87\/64 \u2013 3.000&Prime;, \u00d88\/64 \u2013 3.000&Prime;, \u00d81\/64 \u2013 3.000&Prime; and \u00d81\/64 \u2013 3.000&Prime;.<\/li>\n<\/ul>\n<p>* Bloc de r\u00e9f\u00e9rence individuel aussi disponible. S.V.P., pr\u00e9cisez le mat\u00e9riel du bloc, distance de d\u00e9placement dans le m\u00e9tal et le diam\u00e8tre du trou requis.<\/p>\n","protected":false},"excerpt":{"rendered":"<p>Curtis Industries Ensembles ASTM E127-19, Amplitude de Distance\/Zone Ensemble de blocs de r\u00e9f\u00e9rence avec trous \u00e0 fond plat conforme \u00e0 ASTM E127-19 (anciennement ASTM E127 (alliages d\u2019aluminium) et ASTM E428 (autres m\u00e9taux)), utilis\u00e9 pour d\u00e9terminer la lin\u00e9arit\u00e9 des mesures de distance et d\u2019amplitude de la zone. Mat\u00e9riaux standards disponibles: Aluminium (7075), Inconel 600, Stainless (304), [&hellip;]<\/p>\n","protected":false},"featured_media":19730,"template":"","meta":{"_monsterinsights_skip_tracking":false,"_monsterinsights_sitenote_active":false,"_monsterinsights_sitenote_note":"","_monsterinsights_sitenote_category":0},"product_brand":[],"product_cat":[403,332],"product_tag":[],"class_list":{"0":"post-7680","1":"product","2":"type-product","3":"status-publish","4":"has-post-thumbnail","6":"product_cat-curtis-industries-fr","7":"product_cat-blocs-etalonnage","9":"first","10":"instock","11":"shipping-taxable","12":"purchasable","13":"product-type-variable"},"yoast_head":"<!-- This site is optimized with the Yoast SEO plugin v23.9 - https:\/\/yoast.com\/wordpress\/plugins\/seo\/ -->\n<title>Curtis Industries Ensembles ASTM E127-19, Amplitude de Distance\/Zone &#060; Qualit\u00e9 NDE<\/title>\n<meta name=\"description\" content=\"Curtis Industries: Ensemble de blocs de r\u00e9f\u00e9rence avec trous \u00e0 fond plat conforme ASTM E127-19. Amplitude de distance\/zone.\" \/>\n<meta name=\"robots\" content=\"index, follow, max-snippet:-1, max-image-preview:large, max-video-preview:-1\" \/>\n<link rel=\"canonical\" href=\"https:\/\/www.qnde.ca\/fr\/produit\/curtis-astm-e127-19\/\" \/>\n<meta name=\"twitter:label1\" content=\"Dur\u00e9e de lecture estim\u00e9e\" \/>\n\t<meta name=\"twitter:data1\" content=\"2 minutes\" \/>\n<script type=\"application\/ld+json\" class=\"yoast-schema-graph\">{\"@context\":\"https:\/\/schema.org\",\"@graph\":[{\"@type\":[\"WebPage\",\"ItemPage\"],\"@id\":\"https:\/\/www.qnde.ca\/fr\/produit\/curtis-astm-e127-19\/\",\"url\":\"https:\/\/www.qnde.ca\/fr\/produit\/curtis-astm-e127-19\/\",\"name\":\"Curtis Industries Ensembles ASTM E127-19, Amplitude de Distance\/Zone &#060; Qualit\u00e9 NDE\",\"isPartOf\":{\"@id\":\"https:\/\/www.qnde.ca\/#website\"},\"primaryImageOfPage\":{\"@id\":\"https:\/\/www.qnde.ca\/fr\/produit\/curtis-astm-e127-19\/#primaryimage\"},\"image\":{\"@id\":\"https:\/\/www.qnde.ca\/fr\/produit\/curtis-astm-e127-19\/#primaryimage\"},\"thumbnailUrl\":\"https:\/\/www.qnde.ca\/wp-content\/uploads\/2021\/04\/Item-E127-S19-ASTM-E127-19-Distance-Area-Amplitude-set-of-19-blocks-with-wood-case.jpg\",\"datePublished\":\"2016-04-19T19:40:18+00:00\",\"dateModified\":\"2025-08-19T12:41:53+00:00\",\"description\":\"Curtis Industries: Ensemble de blocs de r\u00e9f\u00e9rence avec trous \u00e0 fond plat conforme ASTM E127-19. Amplitude de distance\/zone.\",\"breadcrumb\":{\"@id\":\"https:\/\/www.qnde.ca\/fr\/produit\/curtis-astm-e127-19\/#breadcrumb\"},\"inLanguage\":\"fr-FR\",\"potentialAction\":[{\"@type\":\"ReadAction\",\"target\":[\"https:\/\/www.qnde.ca\/fr\/produit\/curtis-astm-e127-19\/\"]}]},{\"@type\":\"ImageObject\",\"inLanguage\":\"fr-FR\",\"@id\":\"https:\/\/www.qnde.ca\/fr\/produit\/curtis-astm-e127-19\/#primaryimage\",\"url\":\"https:\/\/www.qnde.ca\/wp-content\/uploads\/2021\/04\/Item-E127-S19-ASTM-E127-19-Distance-Area-Amplitude-set-of-19-blocks-with-wood-case.jpg\",\"contentUrl\":\"https:\/\/www.qnde.ca\/wp-content\/uploads\/2021\/04\/Item-E127-S19-ASTM-E127-19-Distance-Area-Amplitude-set-of-19-blocks-with-wood-case.jpg\",\"width\":1999,\"height\":1125,\"caption\":\"Item E127-S19 - ASTM E127-19 Distance Area Amplitude set of 19 blocks with wood case\"},{\"@type\":\"BreadcrumbList\",\"@id\":\"https:\/\/www.qnde.ca\/fr\/produit\/curtis-astm-e127-19\/#breadcrumb\",\"itemListElement\":[{\"@type\":\"ListItem\",\"position\":1,\"name\":\"Accueil\",\"item\":\"https:\/\/www.qnde.ca\/fr\/\"},{\"@type\":\"ListItem\",\"position\":2,\"name\":\"Produits\",\"item\":\"https:\/\/www.qnde.ca\/fr\/produits\/\"},{\"@type\":\"ListItem\",\"position\":3,\"name\":\"Ultrasons\",\"item\":\"https:\/\/www.qnde.ca\/fr\/product-category\/ultrasons\/\"},{\"@type\":\"ListItem\",\"position\":4,\"name\":\"Blocs d'\u00c9talonnage\",\"item\":\"https:\/\/www.qnde.ca\/fr\/product-category\/ultrasons\/blocs-etalonnage\/\"},{\"@type\":\"ListItem\",\"position\":5,\"name\":\"Curtis Industries Ensembles ASTM E127-19, Amplitude de Distance\/Zone\"}]},{\"@type\":\"WebSite\",\"@id\":\"https:\/\/www.qnde.ca\/#website\",\"url\":\"https:\/\/www.qnde.ca\/\",\"name\":\"Qualit\u00e9 NDE\",\"description\":\"\u00c9quipements d&#039;essais non destructifs \",\"publisher\":{\"@id\":\"https:\/\/www.qnde.ca\/#organization\"},\"potentialAction\":[{\"@type\":\"SearchAction\",\"target\":{\"@type\":\"EntryPoint\",\"urlTemplate\":\"https:\/\/www.qnde.ca\/?s={search_term_string}\"},\"query-input\":{\"@type\":\"PropertyValueSpecification\",\"valueRequired\":true,\"valueName\":\"search_term_string\"}}],\"inLanguage\":\"fr-FR\"},{\"@type\":\"Organization\",\"@id\":\"https:\/\/www.qnde.ca\/#organization\",\"name\":\"Quality NDT Ltd.\",\"url\":\"https:\/\/www.qnde.ca\/\",\"logo\":{\"@type\":\"ImageObject\",\"inLanguage\":\"fr-FR\",\"@id\":\"https:\/\/www.qnde.ca\/#\/schema\/logo\/image\/\",\"url\":\"https:\/\/www.qnde.ca\/wp-content\/uploads\/2022\/02\/QNDE_logo_RGB-gif.gif\",\"contentUrl\":\"https:\/\/www.qnde.ca\/wp-content\/uploads\/2022\/02\/QNDE_logo_RGB-gif.gif\",\"width\":250,\"height\":64,\"caption\":\"Quality NDT Ltd.\"},\"image\":{\"@id\":\"https:\/\/www.qnde.ca\/#\/schema\/logo\/image\/\"},\"sameAs\":[\"https:\/\/www.linkedin.com\/company\/qnde\/about\/?viewAsMember=true\"]}]}<\/script>\n<!-- \/ Yoast SEO plugin. -->","yoast_head_json":{"title":"Curtis Industries Ensembles ASTM E127-19, Amplitude de Distance\/Zone &#060; Qualit\u00e9 NDE","description":"Curtis Industries: Ensemble de blocs de r\u00e9f\u00e9rence avec trous \u00e0 fond plat conforme ASTM E127-19. Amplitude de distance\/zone.","robots":{"index":"index","follow":"follow","max-snippet":"max-snippet:-1","max-image-preview":"max-image-preview:large","max-video-preview":"max-video-preview:-1"},"canonical":"https:\/\/www.qnde.ca\/fr\/produit\/curtis-astm-e127-19\/","twitter_misc":{"Dur\u00e9e de lecture estim\u00e9e":"2 minutes"},"schema":{"@context":"https:\/\/schema.org","@graph":[{"@type":["WebPage","ItemPage"],"@id":"https:\/\/www.qnde.ca\/fr\/produit\/curtis-astm-e127-19\/","url":"https:\/\/www.qnde.ca\/fr\/produit\/curtis-astm-e127-19\/","name":"Curtis Industries Ensembles ASTM E127-19, Amplitude de Distance\/Zone &#060; Qualit\u00e9 NDE","isPartOf":{"@id":"https:\/\/www.qnde.ca\/#website"},"primaryImageOfPage":{"@id":"https:\/\/www.qnde.ca\/fr\/produit\/curtis-astm-e127-19\/#primaryimage"},"image":{"@id":"https:\/\/www.qnde.ca\/fr\/produit\/curtis-astm-e127-19\/#primaryimage"},"thumbnailUrl":"https:\/\/www.qnde.ca\/wp-content\/uploads\/2021\/04\/Item-E127-S19-ASTM-E127-19-Distance-Area-Amplitude-set-of-19-blocks-with-wood-case.jpg","datePublished":"2016-04-19T19:40:18+00:00","dateModified":"2025-08-19T12:41:53+00:00","description":"Curtis Industries: Ensemble de blocs de r\u00e9f\u00e9rence avec trous \u00e0 fond plat conforme ASTM E127-19. Amplitude de distance\/zone.","breadcrumb":{"@id":"https:\/\/www.qnde.ca\/fr\/produit\/curtis-astm-e127-19\/#breadcrumb"},"inLanguage":"fr-FR","potentialAction":[{"@type":"ReadAction","target":["https:\/\/www.qnde.ca\/fr\/produit\/curtis-astm-e127-19\/"]}]},{"@type":"ImageObject","inLanguage":"fr-FR","@id":"https:\/\/www.qnde.ca\/fr\/produit\/curtis-astm-e127-19\/#primaryimage","url":"https:\/\/www.qnde.ca\/wp-content\/uploads\/2021\/04\/Item-E127-S19-ASTM-E127-19-Distance-Area-Amplitude-set-of-19-blocks-with-wood-case.jpg","contentUrl":"https:\/\/www.qnde.ca\/wp-content\/uploads\/2021\/04\/Item-E127-S19-ASTM-E127-19-Distance-Area-Amplitude-set-of-19-blocks-with-wood-case.jpg","width":1999,"height":1125,"caption":"Item E127-S19 - ASTM E127-19 Distance Area Amplitude set of 19 blocks with wood case"},{"@type":"BreadcrumbList","@id":"https:\/\/www.qnde.ca\/fr\/produit\/curtis-astm-e127-19\/#breadcrumb","itemListElement":[{"@type":"ListItem","position":1,"name":"Accueil","item":"https:\/\/www.qnde.ca\/fr\/"},{"@type":"ListItem","position":2,"name":"Produits","item":"https:\/\/www.qnde.ca\/fr\/produits\/"},{"@type":"ListItem","position":3,"name":"Ultrasons","item":"https:\/\/www.qnde.ca\/fr\/product-category\/ultrasons\/"},{"@type":"ListItem","position":4,"name":"Blocs d'\u00c9talonnage","item":"https:\/\/www.qnde.ca\/fr\/product-category\/ultrasons\/blocs-etalonnage\/"},{"@type":"ListItem","position":5,"name":"Curtis Industries Ensembles ASTM E127-19, Amplitude de Distance\/Zone"}]},{"@type":"WebSite","@id":"https:\/\/www.qnde.ca\/#website","url":"https:\/\/www.qnde.ca\/","name":"Qualit\u00e9 NDE","description":"\u00c9quipements d&#039;essais non destructifs ","publisher":{"@id":"https:\/\/www.qnde.ca\/#organization"},"potentialAction":[{"@type":"SearchAction","target":{"@type":"EntryPoint","urlTemplate":"https:\/\/www.qnde.ca\/?s={search_term_string}"},"query-input":{"@type":"PropertyValueSpecification","valueRequired":true,"valueName":"search_term_string"}}],"inLanguage":"fr-FR"},{"@type":"Organization","@id":"https:\/\/www.qnde.ca\/#organization","name":"Quality NDT Ltd.","url":"https:\/\/www.qnde.ca\/","logo":{"@type":"ImageObject","inLanguage":"fr-FR","@id":"https:\/\/www.qnde.ca\/#\/schema\/logo\/image\/","url":"https:\/\/www.qnde.ca\/wp-content\/uploads\/2022\/02\/QNDE_logo_RGB-gif.gif","contentUrl":"https:\/\/www.qnde.ca\/wp-content\/uploads\/2022\/02\/QNDE_logo_RGB-gif.gif","width":250,"height":64,"caption":"Quality NDT Ltd."},"image":{"@id":"https:\/\/www.qnde.ca\/#\/schema\/logo\/image\/"},"sameAs":["https:\/\/www.linkedin.com\/company\/qnde\/about\/?viewAsMember=true"]}]}},"jetpack_sharing_enabled":true,"_links":{"self":[{"href":"https:\/\/www.qnde.ca\/fr\/wp-json\/wp\/v2\/product\/7680","targetHints":{"allow":["GET"]}}],"collection":[{"href":"https:\/\/www.qnde.ca\/fr\/wp-json\/wp\/v2\/product"}],"about":[{"href":"https:\/\/www.qnde.ca\/fr\/wp-json\/wp\/v2\/types\/product"}],"wp:featuredmedia":[{"embeddable":true,"href":"https:\/\/www.qnde.ca\/fr\/wp-json\/wp\/v2\/media\/19730"}],"wp:attachment":[{"href":"https:\/\/www.qnde.ca\/fr\/wp-json\/wp\/v2\/media?parent=7680"}],"wp:term":[{"taxonomy":"product_brand","embeddable":true,"href":"https:\/\/www.qnde.ca\/fr\/wp-json\/wp\/v2\/product_brand?post=7680"},{"taxonomy":"product_cat","embeddable":true,"href":"https:\/\/www.qnde.ca\/fr\/wp-json\/wp\/v2\/product_cat?post=7680"},{"taxonomy":"product_tag","embeddable":true,"href":"https:\/\/www.qnde.ca\/fr\/wp-json\/wp\/v2\/product_tag?post=7680"}],"curies":[{"name":"wp","href":"https:\/\/api.w.org\/{rel}","templated":true}]}}