{"id":7673,"date":"2016-04-19T18:28:01","date_gmt":"2016-04-19T18:28:01","guid":{"rendered":"https:\/\/www.qnde.ca\/product\/markiii\/"},"modified":"2025-08-19T08:50:31","modified_gmt":"2025-08-19T12:50:31","slug":"markiii","status":"publish","type":"product","link":"https:\/\/www.qnde.ca\/fr\/produit\/markiii\/","title":{"rendered":"MFE Mark III Scanner de plancher de r\u00e9servoir"},"content":{"rendered":"<h3 id=\"ctl01_ctl00_cphMainContent_ProductTitle\">MFE Mark III Scanner de plancher de r\u00e9servoir<\/h3>\n<p>Le scanner de plancher Mark III de MFE :<\/p>\n<ul>\n<li>S&rsquo;op\u00e8re manuellement.<\/li>\n<li>Utilise la technologie \u00a0MFL (Magnetic Flux Leakage).<\/li>\n<li>Pr\u00e9sente une multitude d&rsquo;am\u00e9liorations par rapport aux mod\u00e8les qui lui ont pr\u00e9c\u00e9d\u00e9.<\/li>\n<li>Poss\u00e8de un pont magn\u00e9tique qui procure une pr\u00e9cision accrue \u00a0lors de l&rsquo;inspection de planchers, de r\u00e9servoirs couverts et de plaques plus \u00e9paisses.<\/li>\n<li>\u00c9cran tactile \u00e0 affichage en temps r\u00e9el sur le Panasonic Toughbook.<\/li>\n<li>Inspection plus rapide en ajustant les limites.<\/li>\n<li>Acc\u00e8s facile au gain et aux ajustements d&rsquo;alarme.<\/li>\n<\/ul>\n","protected":false},"excerpt":{"rendered":"<p>MFE Mark III Scanner de plancher de r\u00e9servoir Le scanner de plancher Mark III de MFE : S&rsquo;op\u00e8re manuellement. Utilise la technologie \u00a0MFL (Magnetic Flux Leakage). Pr\u00e9sente une multitude d&rsquo;am\u00e9liorations par rapport aux mod\u00e8les qui lui ont pr\u00e9c\u00e9d\u00e9. Poss\u00e8de un pont magn\u00e9tique qui procure une pr\u00e9cision accrue \u00a0lors de l&rsquo;inspection de planchers, de r\u00e9servoirs couverts [&hellip;]<\/p>\n","protected":false},"featured_media":7675,"template":"","meta":{"_monsterinsights_skip_tracking":false,"_monsterinsights_sitenote_active":false,"_monsterinsights_sitenote_note":"","_monsterinsights_sitenote_category":0},"product_brand":[],"product_cat":[402,127],"product_tag":[],"class_list":{"0":"post-7673","1":"product","2":"type-product","3":"status-publish","4":"has-post-thumbnail","6":"product_cat-autres-marques","7":"product_cat-composites-ultrasons","9":"first","10":"instock","11":"shipping-taxable","12":"purchasable","13":"product-type-simple"},"yoast_head":"<!-- This site is optimized with the Yoast SEO plugin v23.9 - https:\/\/yoast.com\/wordpress\/plugins\/seo\/ -->\n<title>MFE Mark III Scanner de plancher de r\u00e9servoir &#060; Qualit\u00e9 NDE<\/title>\n<meta name=\"description\" content=\"MFE Mark: III Scanner de plancher de r\u00e9servoir- s&#039;op\u00e8re manuellement, technologie MFL, pont magn\u00e9tique, \u00e9cran tactile, inspection plus rapide.\" \/>\n<meta name=\"robots\" content=\"index, follow, max-snippet:-1, max-image-preview:large, max-video-preview:-1\" \/>\n<link rel=\"canonical\" href=\"https:\/\/www.qnde.ca\/fr\/produit\/markiii\/\" \/>\n<meta name=\"twitter:label1\" content=\"Dur\u00e9e de lecture estim\u00e9e\" \/>\n\t<meta name=\"twitter:data1\" content=\"1 minute\" \/>\n<script type=\"application\/ld+json\" class=\"yoast-schema-graph\">{\"@context\":\"https:\/\/schema.org\",\"@graph\":[{\"@type\":[\"WebPage\",\"ItemPage\"],\"@id\":\"https:\/\/www.qnde.ca\/fr\/produit\/markiii\/\",\"url\":\"https:\/\/www.qnde.ca\/fr\/produit\/markiii\/\",\"name\":\"MFE Mark III Scanner de plancher de r\u00e9servoir &#060; Qualit\u00e9 NDE\",\"isPartOf\":{\"@id\":\"https:\/\/www.qnde.ca\/#website\"},\"primaryImageOfPage\":{\"@id\":\"https:\/\/www.qnde.ca\/fr\/produit\/markiii\/#primaryimage\"},\"image\":{\"@id\":\"https:\/\/www.qnde.ca\/fr\/produit\/markiii\/#primaryimage\"},\"thumbnailUrl\":\"https:\/\/www.qnde.ca\/wp-content\/uploads\/2016\/04\/MFE-Mark-III.jpg\",\"datePublished\":\"2016-04-19T18:28:01+00:00\",\"dateModified\":\"2025-08-19T12:50:31+00:00\",\"description\":\"MFE Mark: III Scanner de plancher de r\u00e9servoir- s'op\u00e8re manuellement, technologie MFL, pont magn\u00e9tique, \u00e9cran tactile, inspection plus rapide.\",\"breadcrumb\":{\"@id\":\"https:\/\/www.qnde.ca\/fr\/produit\/markiii\/#breadcrumb\"},\"inLanguage\":\"fr-FR\",\"potentialAction\":[{\"@type\":\"ReadAction\",\"target\":[\"https:\/\/www.qnde.ca\/fr\/produit\/markiii\/\"]}]},{\"@type\":\"ImageObject\",\"inLanguage\":\"fr-FR\",\"@id\":\"https:\/\/www.qnde.ca\/fr\/produit\/markiii\/#primaryimage\",\"url\":\"https:\/\/www.qnde.ca\/wp-content\/uploads\/2016\/04\/MFE-Mark-III.jpg\",\"contentUrl\":\"https:\/\/www.qnde.ca\/wp-content\/uploads\/2016\/04\/MFE-Mark-III.jpg\",\"width\":300,\"height\":448},{\"@type\":\"BreadcrumbList\",\"@id\":\"https:\/\/www.qnde.ca\/fr\/produit\/markiii\/#breadcrumb\",\"itemListElement\":[{\"@type\":\"ListItem\",\"position\":1,\"name\":\"Accueil\",\"item\":\"https:\/\/www.qnde.ca\/fr\/\"},{\"@type\":\"ListItem\",\"position\":2,\"name\":\"Produits\",\"item\":\"https:\/\/www.qnde.ca\/fr\/produits\/\"},{\"@type\":\"ListItem\",\"position\":3,\"name\":\"Ultrasons\",\"item\":\"https:\/\/www.qnde.ca\/fr\/product-category\/ultrasons\/\"},{\"@type\":\"ListItem\",\"position\":4,\"name\":\"Composites\",\"item\":\"https:\/\/www.qnde.ca\/fr\/product-category\/ultrasons\/composites-ultrasons\/\"},{\"@type\":\"ListItem\",\"position\":5,\"name\":\"MFE Mark III Scanner de plancher de r\u00e9servoir\"}]},{\"@type\":\"WebSite\",\"@id\":\"https:\/\/www.qnde.ca\/#website\",\"url\":\"https:\/\/www.qnde.ca\/\",\"name\":\"Qualit\u00e9 NDE\",\"description\":\"\u00c9quipements d&#039;essais non destructifs \",\"publisher\":{\"@id\":\"https:\/\/www.qnde.ca\/#organization\"},\"potentialAction\":[{\"@type\":\"SearchAction\",\"target\":{\"@type\":\"EntryPoint\",\"urlTemplate\":\"https:\/\/www.qnde.ca\/?s={search_term_string}\"},\"query-input\":{\"@type\":\"PropertyValueSpecification\",\"valueRequired\":true,\"valueName\":\"search_term_string\"}}],\"inLanguage\":\"fr-FR\"},{\"@type\":\"Organization\",\"@id\":\"https:\/\/www.qnde.ca\/#organization\",\"name\":\"Quality NDT Ltd.\",\"url\":\"https:\/\/www.qnde.ca\/\",\"logo\":{\"@type\":\"ImageObject\",\"inLanguage\":\"fr-FR\",\"@id\":\"https:\/\/www.qnde.ca\/#\/schema\/logo\/image\/\",\"url\":\"https:\/\/www.qnde.ca\/wp-content\/uploads\/2022\/02\/QNDE_logo_RGB-gif.gif\",\"contentUrl\":\"https:\/\/www.qnde.ca\/wp-content\/uploads\/2022\/02\/QNDE_logo_RGB-gif.gif\",\"width\":250,\"height\":64,\"caption\":\"Quality NDT Ltd.\"},\"image\":{\"@id\":\"https:\/\/www.qnde.ca\/#\/schema\/logo\/image\/\"},\"sameAs\":[\"https:\/\/www.linkedin.com\/company\/qnde\/about\/?viewAsMember=true\"]}]}<\/script>\n<!-- \/ Yoast SEO plugin. -->","yoast_head_json":{"title":"MFE Mark III Scanner de plancher de r\u00e9servoir &#060; Qualit\u00e9 NDE","description":"MFE Mark: III Scanner de plancher de r\u00e9servoir- s'op\u00e8re manuellement, technologie MFL, pont magn\u00e9tique, \u00e9cran tactile, inspection plus rapide.","robots":{"index":"index","follow":"follow","max-snippet":"max-snippet:-1","max-image-preview":"max-image-preview:large","max-video-preview":"max-video-preview:-1"},"canonical":"https:\/\/www.qnde.ca\/fr\/produit\/markiii\/","twitter_misc":{"Dur\u00e9e de lecture estim\u00e9e":"1 minute"},"schema":{"@context":"https:\/\/schema.org","@graph":[{"@type":["WebPage","ItemPage"],"@id":"https:\/\/www.qnde.ca\/fr\/produit\/markiii\/","url":"https:\/\/www.qnde.ca\/fr\/produit\/markiii\/","name":"MFE Mark III Scanner de plancher de r\u00e9servoir &#060; Qualit\u00e9 NDE","isPartOf":{"@id":"https:\/\/www.qnde.ca\/#website"},"primaryImageOfPage":{"@id":"https:\/\/www.qnde.ca\/fr\/produit\/markiii\/#primaryimage"},"image":{"@id":"https:\/\/www.qnde.ca\/fr\/produit\/markiii\/#primaryimage"},"thumbnailUrl":"https:\/\/www.qnde.ca\/wp-content\/uploads\/2016\/04\/MFE-Mark-III.jpg","datePublished":"2016-04-19T18:28:01+00:00","dateModified":"2025-08-19T12:50:31+00:00","description":"MFE Mark: III Scanner de plancher de r\u00e9servoir- s'op\u00e8re manuellement, technologie MFL, pont magn\u00e9tique, \u00e9cran tactile, inspection plus rapide.","breadcrumb":{"@id":"https:\/\/www.qnde.ca\/fr\/produit\/markiii\/#breadcrumb"},"inLanguage":"fr-FR","potentialAction":[{"@type":"ReadAction","target":["https:\/\/www.qnde.ca\/fr\/produit\/markiii\/"]}]},{"@type":"ImageObject","inLanguage":"fr-FR","@id":"https:\/\/www.qnde.ca\/fr\/produit\/markiii\/#primaryimage","url":"https:\/\/www.qnde.ca\/wp-content\/uploads\/2016\/04\/MFE-Mark-III.jpg","contentUrl":"https:\/\/www.qnde.ca\/wp-content\/uploads\/2016\/04\/MFE-Mark-III.jpg","width":300,"height":448},{"@type":"BreadcrumbList","@id":"https:\/\/www.qnde.ca\/fr\/produit\/markiii\/#breadcrumb","itemListElement":[{"@type":"ListItem","position":1,"name":"Accueil","item":"https:\/\/www.qnde.ca\/fr\/"},{"@type":"ListItem","position":2,"name":"Produits","item":"https:\/\/www.qnde.ca\/fr\/produits\/"},{"@type":"ListItem","position":3,"name":"Ultrasons","item":"https:\/\/www.qnde.ca\/fr\/product-category\/ultrasons\/"},{"@type":"ListItem","position":4,"name":"Composites","item":"https:\/\/www.qnde.ca\/fr\/product-category\/ultrasons\/composites-ultrasons\/"},{"@type":"ListItem","position":5,"name":"MFE Mark III Scanner de plancher de r\u00e9servoir"}]},{"@type":"WebSite","@id":"https:\/\/www.qnde.ca\/#website","url":"https:\/\/www.qnde.ca\/","name":"Qualit\u00e9 NDE","description":"\u00c9quipements d&#039;essais non destructifs ","publisher":{"@id":"https:\/\/www.qnde.ca\/#organization"},"potentialAction":[{"@type":"SearchAction","target":{"@type":"EntryPoint","urlTemplate":"https:\/\/www.qnde.ca\/?s={search_term_string}"},"query-input":{"@type":"PropertyValueSpecification","valueRequired":true,"valueName":"search_term_string"}}],"inLanguage":"fr-FR"},{"@type":"Organization","@id":"https:\/\/www.qnde.ca\/#organization","name":"Quality NDT Ltd.","url":"https:\/\/www.qnde.ca\/","logo":{"@type":"ImageObject","inLanguage":"fr-FR","@id":"https:\/\/www.qnde.ca\/#\/schema\/logo\/image\/","url":"https:\/\/www.qnde.ca\/wp-content\/uploads\/2022\/02\/QNDE_logo_RGB-gif.gif","contentUrl":"https:\/\/www.qnde.ca\/wp-content\/uploads\/2022\/02\/QNDE_logo_RGB-gif.gif","width":250,"height":64,"caption":"Quality NDT Ltd."},"image":{"@id":"https:\/\/www.qnde.ca\/#\/schema\/logo\/image\/"},"sameAs":["https:\/\/www.linkedin.com\/company\/qnde\/about\/?viewAsMember=true"]}]}},"jetpack_sharing_enabled":true,"_links":{"self":[{"href":"https:\/\/www.qnde.ca\/fr\/wp-json\/wp\/v2\/product\/7673","targetHints":{"allow":["GET"]}}],"collection":[{"href":"https:\/\/www.qnde.ca\/fr\/wp-json\/wp\/v2\/product"}],"about":[{"href":"https:\/\/www.qnde.ca\/fr\/wp-json\/wp\/v2\/types\/product"}],"wp:featuredmedia":[{"embeddable":true,"href":"https:\/\/www.qnde.ca\/fr\/wp-json\/wp\/v2\/media\/7675"}],"wp:attachment":[{"href":"https:\/\/www.qnde.ca\/fr\/wp-json\/wp\/v2\/media?parent=7673"}],"wp:term":[{"taxonomy":"product_brand","embeddable":true,"href":"https:\/\/www.qnde.ca\/fr\/wp-json\/wp\/v2\/product_brand?post=7673"},{"taxonomy":"product_cat","embeddable":true,"href":"https:\/\/www.qnde.ca\/fr\/wp-json\/wp\/v2\/product_cat?post=7673"},{"taxonomy":"product_tag","embeddable":true,"href":"https:\/\/www.qnde.ca\/fr\/wp-json\/wp\/v2\/product_tag?post=7673"}],"curies":[{"name":"wp","href":"https:\/\/api.w.org\/{rel}","templated":true}]}}