{"id":5090,"date":"2016-01-13T14:16:14","date_gmt":"2016-01-13T14:16:14","guid":{"rendered":"https:\/\/www.qnde.ca\/?post_type=product&#038;p=5090"},"modified":"2025-06-16T08:46:45","modified_gmt":"2025-06-16T12:46:45","slug":"snake-eye-3-fr","status":"publish","type":"product","link":"https:\/\/www.qnde.ca\/fr\/produit\/snake-eye-3-fr\/","title":{"rendered":"AQUA Snake Eye III Cam\u00e9ra sur Perche"},"content":{"rendered":"<h3><strong>AQUA Snake Eye III Cam\u00e9ra sur Perche<\/strong><\/h3>\n<p>Le Snake Eye est un syst\u00e8me de cam\u00e9ra d\u2019inspection \u00e0 faible co\u00fbt. La t\u00eate de la cam\u00e9ra interchangeable de 28mm (1.1&Prime;) est \u00e9tanche jusqu\u2019\u00e0 10m (30&prime;), FOV de 45\u00b0 et distance focale de 38mm (1.5&Prime;) jusqu\u2019\u00e0 l\u2019infini. L\u2019\u00e9cran tactile VGA couleur de 127mm (5&Prime;) vient avec logiciel pour enregistrer des videos, notes vocales et\/ou images I\/O video RCA, commandes d&rsquo;intensit\u00e9 de lumi\u00e8re LED.<\/p>\n<ul>\n<li>SNAKEIII-CW: Ensemble Snake Eye III inclut: \u00c9cran couleur, t\u00eate de cam\u00e9ra amovible, bras rigide de 457mm (18&Prime;) (0-90\u00b0 DOV), deux batteries rechargeable, adaptateur AC\/DC, adaptateur de voiture 12V, adaptateur de c\u00e2ble d&rsquo;extension, manuel de l\u2019utilisateur et valise de transport rigide.<\/li>\n<\/ul>\n<h4><strong>Options<\/strong><\/h4>\n<ul>\n<li>SNIII-WAND-##: P\u00f4le t\u00e9lescopique avec bras articul\u00e9e (disponible en 0.6m-1.2m (2&prime;-4&prime;), 1.2m-2.1m (4&prime;-7&prime;), 1.8m-3.3m (6&prime;-11&prime;) et 2.4m-4.5m (8&prime;-15&prime;)).<\/li>\n<li>SNIII-BATT: Bloc de batteries de rechange.<\/li>\n<li>SNIII-CABLE: C\u00e2bles d&rsquo;extension additionnels (pr\u00e9cisez la longueur requise \u00e0 la commande).<\/li>\n<\/ul>\n<p>Contactez-nous afin de discuter de votre application, vos exigences, les options disponibles et\/ou recevoir une soumission.<\/p>\n","protected":false},"excerpt":{"rendered":"<p>AQUA Snake Eye III Cam\u00e9ra sur Perche Le Snake Eye est un syst\u00e8me de cam\u00e9ra d\u2019inspection \u00e0 faible co\u00fbt. La t\u00eate de la cam\u00e9ra interchangeable de 28mm (1.1&Prime;) est \u00e9tanche jusqu\u2019\u00e0 10m (30&prime;), FOV de 45\u00b0 et distance focale de 38mm (1.5&Prime;) jusqu\u2019\u00e0 l\u2019infini. L\u2019\u00e9cran tactile VGA couleur de 127mm (5&Prime;) vient avec logiciel pour [&hellip;]<\/p>\n","protected":false},"featured_media":20508,"template":"","meta":{"_monsterinsights_skip_tracking":false,"_monsterinsights_sitenote_active":false,"_monsterinsights_sitenote_note":"","_monsterinsights_sitenote_category":0},"product_brand":[],"product_cat":[402,336],"product_tag":[],"class_list":{"0":"post-5090","1":"product","2":"type-product","3":"status-publish","4":"has-post-thumbnail","6":"product_cat-autres-marques","7":"product_cat-cameras-rigides-ptz","9":"first","10":"instock","11":"shipping-taxable","12":"purchasable","13":"product-type-variable"},"yoast_head":"<!-- This site is optimized with the Yoast SEO plugin v23.9 - https:\/\/yoast.com\/wordpress\/plugins\/seo\/ -->\n<title>AQUA Snake Eye III Cam\u00e9ra sur Perche &#060; Qualit\u00e9 NDE<\/title>\n<meta name=\"description\" content=\"Syst\u00e8me d\u2019inspection \u00e0 faible co\u00fbt. T\u00eate interchangeable de 28mm (1.1&quot;), \u00e9tanche jusqu\u2019\u00e0 10m (30&#039;), FOV 45\u00b0 et distance focale 38mm (1.5&quot;) \u00e0 l\u2019infini.\" \/>\n<meta name=\"robots\" content=\"index, follow, max-snippet:-1, max-image-preview:large, max-video-preview:-1\" \/>\n<link rel=\"canonical\" href=\"https:\/\/www.qnde.ca\/fr\/produit\/snake-eye-3-fr\/\" \/>\n<meta name=\"twitter:label1\" content=\"Dur\u00e9e de lecture estim\u00e9e\" \/>\n\t<meta name=\"twitter:data1\" content=\"1 minute\" \/>\n<script type=\"application\/ld+json\" class=\"yoast-schema-graph\">{\"@context\":\"https:\/\/schema.org\",\"@graph\":[{\"@type\":[\"WebPage\",\"ItemPage\"],\"@id\":\"https:\/\/www.qnde.ca\/fr\/produit\/snake-eye-3-fr\/\",\"url\":\"https:\/\/www.qnde.ca\/fr\/produit\/snake-eye-3-fr\/\",\"name\":\"AQUA Snake Eye III Cam\u00e9ra sur Perche &#060; Qualit\u00e9 NDE\",\"isPartOf\":{\"@id\":\"https:\/\/www.qnde.ca\/#website\"},\"primaryImageOfPage\":{\"@id\":\"https:\/\/www.qnde.ca\/fr\/produit\/snake-eye-3-fr\/#primaryimage\"},\"image\":{\"@id\":\"https:\/\/www.qnde.ca\/fr\/produit\/snake-eye-3-fr\/#primaryimage\"},\"thumbnailUrl\":\"https:\/\/www.qnde.ca\/wp-content\/uploads\/2021\/07\/SnakeEye-III-System-in-Rigid-Carrying-Case.jpg\",\"datePublished\":\"2016-01-13T14:16:14+00:00\",\"dateModified\":\"2025-06-16T12:46:45+00:00\",\"description\":\"Syst\u00e8me d\u2019inspection \u00e0 faible co\u00fbt. T\u00eate interchangeable de 28mm (1.1\\\"), \u00e9tanche jusqu\u2019\u00e0 10m (30'), FOV 45\u00b0 et distance focale 38mm (1.5\\\") \u00e0 l\u2019infini.\",\"breadcrumb\":{\"@id\":\"https:\/\/www.qnde.ca\/fr\/produit\/snake-eye-3-fr\/#breadcrumb\"},\"inLanguage\":\"fr-FR\",\"potentialAction\":[{\"@type\":\"ReadAction\",\"target\":[\"https:\/\/www.qnde.ca\/fr\/produit\/snake-eye-3-fr\/\"]}]},{\"@type\":\"ImageObject\",\"inLanguage\":\"fr-FR\",\"@id\":\"https:\/\/www.qnde.ca\/fr\/produit\/snake-eye-3-fr\/#primaryimage\",\"url\":\"https:\/\/www.qnde.ca\/wp-content\/uploads\/2021\/07\/SnakeEye-III-System-in-Rigid-Carrying-Case.jpg\",\"contentUrl\":\"https:\/\/www.qnde.ca\/wp-content\/uploads\/2021\/07\/SnakeEye-III-System-in-Rigid-Carrying-Case.jpg\",\"width\":500,\"height\":376,\"caption\":\"SnakeEye III System in Rigid Carrying Case\"},{\"@type\":\"BreadcrumbList\",\"@id\":\"https:\/\/www.qnde.ca\/fr\/produit\/snake-eye-3-fr\/#breadcrumb\",\"itemListElement\":[{\"@type\":\"ListItem\",\"position\":1,\"name\":\"Accueil\",\"item\":\"https:\/\/www.qnde.ca\/fr\/\"},{\"@type\":\"ListItem\",\"position\":2,\"name\":\"Produits\",\"item\":\"https:\/\/www.qnde.ca\/fr\/produits\/\"},{\"@type\":\"ListItem\",\"position\":3,\"name\":\"Visuel\",\"item\":\"https:\/\/www.qnde.ca\/fr\/product-category\/visuel\/\"},{\"@type\":\"ListItem\",\"position\":4,\"name\":\"Cam\u00e9ras Rigides et PTZ\",\"item\":\"https:\/\/www.qnde.ca\/fr\/product-category\/visuel\/cameras-rigides-ptz\/\"},{\"@type\":\"ListItem\",\"position\":5,\"name\":\"AQUA Snake Eye III Cam\u00e9ra sur Perche\"}]},{\"@type\":\"WebSite\",\"@id\":\"https:\/\/www.qnde.ca\/#website\",\"url\":\"https:\/\/www.qnde.ca\/\",\"name\":\"Qualit\u00e9 NDE\",\"description\":\"\u00c9quipements d&#039;essais non destructifs \",\"publisher\":{\"@id\":\"https:\/\/www.qnde.ca\/#organization\"},\"potentialAction\":[{\"@type\":\"SearchAction\",\"target\":{\"@type\":\"EntryPoint\",\"urlTemplate\":\"https:\/\/www.qnde.ca\/?s={search_term_string}\"},\"query-input\":{\"@type\":\"PropertyValueSpecification\",\"valueRequired\":true,\"valueName\":\"search_term_string\"}}],\"inLanguage\":\"fr-FR\"},{\"@type\":\"Organization\",\"@id\":\"https:\/\/www.qnde.ca\/#organization\",\"name\":\"Quality NDT Ltd.\",\"url\":\"https:\/\/www.qnde.ca\/\",\"logo\":{\"@type\":\"ImageObject\",\"inLanguage\":\"fr-FR\",\"@id\":\"https:\/\/www.qnde.ca\/#\/schema\/logo\/image\/\",\"url\":\"https:\/\/www.qnde.ca\/wp-content\/uploads\/2022\/02\/QNDE_logo_RGB-gif.gif\",\"contentUrl\":\"https:\/\/www.qnde.ca\/wp-content\/uploads\/2022\/02\/QNDE_logo_RGB-gif.gif\",\"width\":250,\"height\":64,\"caption\":\"Quality NDT Ltd.\"},\"image\":{\"@id\":\"https:\/\/www.qnde.ca\/#\/schema\/logo\/image\/\"},\"sameAs\":[\"https:\/\/www.linkedin.com\/company\/qnde\/about\/?viewAsMember=true\"]}]}<\/script>\n<!-- \/ Yoast SEO plugin. -->","yoast_head_json":{"title":"AQUA Snake Eye III Cam\u00e9ra sur Perche &#060; Qualit\u00e9 NDE","description":"Syst\u00e8me d\u2019inspection \u00e0 faible co\u00fbt. T\u00eate interchangeable de 28mm (1.1\"), \u00e9tanche jusqu\u2019\u00e0 10m (30'), FOV 45\u00b0 et distance focale 38mm (1.5\") \u00e0 l\u2019infini.","robots":{"index":"index","follow":"follow","max-snippet":"max-snippet:-1","max-image-preview":"max-image-preview:large","max-video-preview":"max-video-preview:-1"},"canonical":"https:\/\/www.qnde.ca\/fr\/produit\/snake-eye-3-fr\/","twitter_misc":{"Dur\u00e9e de lecture estim\u00e9e":"1 minute"},"schema":{"@context":"https:\/\/schema.org","@graph":[{"@type":["WebPage","ItemPage"],"@id":"https:\/\/www.qnde.ca\/fr\/produit\/snake-eye-3-fr\/","url":"https:\/\/www.qnde.ca\/fr\/produit\/snake-eye-3-fr\/","name":"AQUA Snake Eye III Cam\u00e9ra sur Perche &#060; Qualit\u00e9 NDE","isPartOf":{"@id":"https:\/\/www.qnde.ca\/#website"},"primaryImageOfPage":{"@id":"https:\/\/www.qnde.ca\/fr\/produit\/snake-eye-3-fr\/#primaryimage"},"image":{"@id":"https:\/\/www.qnde.ca\/fr\/produit\/snake-eye-3-fr\/#primaryimage"},"thumbnailUrl":"https:\/\/www.qnde.ca\/wp-content\/uploads\/2021\/07\/SnakeEye-III-System-in-Rigid-Carrying-Case.jpg","datePublished":"2016-01-13T14:16:14+00:00","dateModified":"2025-06-16T12:46:45+00:00","description":"Syst\u00e8me d\u2019inspection \u00e0 faible co\u00fbt. T\u00eate interchangeable de 28mm (1.1\"), \u00e9tanche jusqu\u2019\u00e0 10m (30'), FOV 45\u00b0 et distance focale 38mm (1.5\") \u00e0 l\u2019infini.","breadcrumb":{"@id":"https:\/\/www.qnde.ca\/fr\/produit\/snake-eye-3-fr\/#breadcrumb"},"inLanguage":"fr-FR","potentialAction":[{"@type":"ReadAction","target":["https:\/\/www.qnde.ca\/fr\/produit\/snake-eye-3-fr\/"]}]},{"@type":"ImageObject","inLanguage":"fr-FR","@id":"https:\/\/www.qnde.ca\/fr\/produit\/snake-eye-3-fr\/#primaryimage","url":"https:\/\/www.qnde.ca\/wp-content\/uploads\/2021\/07\/SnakeEye-III-System-in-Rigid-Carrying-Case.jpg","contentUrl":"https:\/\/www.qnde.ca\/wp-content\/uploads\/2021\/07\/SnakeEye-III-System-in-Rigid-Carrying-Case.jpg","width":500,"height":376,"caption":"SnakeEye III System in Rigid Carrying Case"},{"@type":"BreadcrumbList","@id":"https:\/\/www.qnde.ca\/fr\/produit\/snake-eye-3-fr\/#breadcrumb","itemListElement":[{"@type":"ListItem","position":1,"name":"Accueil","item":"https:\/\/www.qnde.ca\/fr\/"},{"@type":"ListItem","position":2,"name":"Produits","item":"https:\/\/www.qnde.ca\/fr\/produits\/"},{"@type":"ListItem","position":3,"name":"Visuel","item":"https:\/\/www.qnde.ca\/fr\/product-category\/visuel\/"},{"@type":"ListItem","position":4,"name":"Cam\u00e9ras Rigides et PTZ","item":"https:\/\/www.qnde.ca\/fr\/product-category\/visuel\/cameras-rigides-ptz\/"},{"@type":"ListItem","position":5,"name":"AQUA Snake Eye III Cam\u00e9ra sur Perche"}]},{"@type":"WebSite","@id":"https:\/\/www.qnde.ca\/#website","url":"https:\/\/www.qnde.ca\/","name":"Qualit\u00e9 NDE","description":"\u00c9quipements d&#039;essais non destructifs ","publisher":{"@id":"https:\/\/www.qnde.ca\/#organization"},"potentialAction":[{"@type":"SearchAction","target":{"@type":"EntryPoint","urlTemplate":"https:\/\/www.qnde.ca\/?s={search_term_string}"},"query-input":{"@type":"PropertyValueSpecification","valueRequired":true,"valueName":"search_term_string"}}],"inLanguage":"fr-FR"},{"@type":"Organization","@id":"https:\/\/www.qnde.ca\/#organization","name":"Quality NDT Ltd.","url":"https:\/\/www.qnde.ca\/","logo":{"@type":"ImageObject","inLanguage":"fr-FR","@id":"https:\/\/www.qnde.ca\/#\/schema\/logo\/image\/","url":"https:\/\/www.qnde.ca\/wp-content\/uploads\/2022\/02\/QNDE_logo_RGB-gif.gif","contentUrl":"https:\/\/www.qnde.ca\/wp-content\/uploads\/2022\/02\/QNDE_logo_RGB-gif.gif","width":250,"height":64,"caption":"Quality NDT Ltd."},"image":{"@id":"https:\/\/www.qnde.ca\/#\/schema\/logo\/image\/"},"sameAs":["https:\/\/www.linkedin.com\/company\/qnde\/about\/?viewAsMember=true"]}]}},"jetpack_sharing_enabled":true,"_links":{"self":[{"href":"https:\/\/www.qnde.ca\/fr\/wp-json\/wp\/v2\/product\/5090","targetHints":{"allow":["GET"]}}],"collection":[{"href":"https:\/\/www.qnde.ca\/fr\/wp-json\/wp\/v2\/product"}],"about":[{"href":"https:\/\/www.qnde.ca\/fr\/wp-json\/wp\/v2\/types\/product"}],"wp:featuredmedia":[{"embeddable":true,"href":"https:\/\/www.qnde.ca\/fr\/wp-json\/wp\/v2\/media\/20508"}],"wp:attachment":[{"href":"https:\/\/www.qnde.ca\/fr\/wp-json\/wp\/v2\/media?parent=5090"}],"wp:term":[{"taxonomy":"product_brand","embeddable":true,"href":"https:\/\/www.qnde.ca\/fr\/wp-json\/wp\/v2\/product_brand?post=5090"},{"taxonomy":"product_cat","embeddable":true,"href":"https:\/\/www.qnde.ca\/fr\/wp-json\/wp\/v2\/product_cat?post=5090"},{"taxonomy":"product_tag","embeddable":true,"href":"https:\/\/www.qnde.ca\/fr\/wp-json\/wp\/v2\/product_tag?post=5090"}],"curies":[{"name":"wp","href":"https:\/\/api.w.org\/{rel}","templated":true}]}}