{"id":5087,"date":"2016-01-13T14:11:42","date_gmt":"2016-01-13T14:11:42","guid":{"rendered":"https:\/\/www.qnde.ca\/?post_type=product&#038;p=5087"},"modified":"2025-08-19T08:56:01","modified_gmt":"2025-08-19T12:56:01","slug":"camera-dinspection-ridgid","status":"publish","type":"product","link":"https:\/\/www.qnde.ca\/fr\/produit\/camera-dinspection-ridgid\/","title":{"rendered":"Ridgid Cam\u00e9ra d&rsquo;inspection"},"content":{"rendered":"<h3 id=\"ctl01_ctl00_cphMainContent_ProductTitle\">Ridgid Cam\u00e9ra d&rsquo;inspection<\/h3>\n<ul>\n<li>Poss\u00e8de un vid\u00e9oscope micro directionnel de 17 mm x 914 mm (0.7 x 36 pouces) extensible \u00e0 9.1 m (30 pieds).<\/li>\n<li>4 LED pleinement ajustables.<\/li>\n<li>Batteries rechargeables au lithium-ion (4 heures de fonctionnement continu).<\/li>\n<\/ul>\n<h4>Rid-XPlorer<\/h4>\n<ul>\n<li>Cam\u00e9ra d&rsquo;inspection Ridgid Explorer.<\/li>\n<li>Chargeur de batterie.<\/li>\n<li>\u00c9tui de transport.<\/li>\n<\/ul>\n","protected":false},"excerpt":{"rendered":"<p>Ridgid Cam\u00e9ra d&rsquo;inspection Poss\u00e8de un vid\u00e9oscope micro directionnel de 17 mm x 914 mm (0.7 x 36 pouces) extensible \u00e0 9.1 m (30 pieds). 4 LED pleinement ajustables. Batteries rechargeables au lithium-ion (4 heures de fonctionnement continu). Rid-XPlorer Cam\u00e9ra d&rsquo;inspection Ridgid Explorer. Chargeur de batterie. \u00c9tui de transport.<\/p>\n","protected":false},"featured_media":5089,"template":"","meta":{"_monsterinsights_skip_tracking":false,"_monsterinsights_sitenote_active":false,"_monsterinsights_sitenote_note":"","_monsterinsights_sitenote_category":0},"product_brand":[],"product_cat":[402,152],"product_tag":[],"class_list":{"0":"post-5087","1":"product","2":"type-product","3":"status-publish","4":"has-post-thumbnail","6":"product_cat-autres-marques","7":"product_cat-videoscopes-fr","9":"first","10":"instock","11":"shipping-taxable","12":"purchasable","13":"product-type-simple"},"yoast_head":"<!-- This site is optimized with the Yoast SEO plugin v23.9 - https:\/\/yoast.com\/wordpress\/plugins\/seo\/ -->\n<title>Ridgid Cam\u00e9ra d&#039;inspection &#060; Qualit\u00e9 NDE<\/title>\n<meta name=\"description\" content=\"Rigid: Cam\u00e9ra d&#039;inspection, vid\u00e9oscope micro directionnel, 4 LED, batteries rechargables au lithium-ion, \u00e9tui de transport.\" \/>\n<meta name=\"robots\" content=\"index, follow, max-snippet:-1, max-image-preview:large, max-video-preview:-1\" \/>\n<link rel=\"canonical\" href=\"https:\/\/www.qnde.ca\/fr\/produit\/camera-dinspection-ridgid\/\" \/>\n<meta name=\"twitter:label1\" content=\"Dur\u00e9e de lecture estim\u00e9e\" \/>\n\t<meta name=\"twitter:data1\" content=\"1 minute\" \/>\n<script type=\"application\/ld+json\" class=\"yoast-schema-graph\">{\"@context\":\"https:\/\/schema.org\",\"@graph\":[{\"@type\":[\"WebPage\",\"ItemPage\"],\"@id\":\"https:\/\/www.qnde.ca\/fr\/produit\/camera-dinspection-ridgid\/\",\"url\":\"https:\/\/www.qnde.ca\/fr\/produit\/camera-dinspection-ridgid\/\",\"name\":\"Ridgid Cam\u00e9ra d'inspection &#060; Qualit\u00e9 NDE\",\"isPartOf\":{\"@id\":\"https:\/\/www.qnde.ca\/#website\"},\"primaryImageOfPage\":{\"@id\":\"https:\/\/www.qnde.ca\/fr\/produit\/camera-dinspection-ridgid\/#primaryimage\"},\"image\":{\"@id\":\"https:\/\/www.qnde.ca\/fr\/produit\/camera-dinspection-ridgid\/#primaryimage\"},\"thumbnailUrl\":\"https:\/\/www.qnde.ca\/wp-content\/uploads\/2016\/01\/Cam--ra-inspection-RIDGID.jpg\",\"datePublished\":\"2016-01-13T14:11:42+00:00\",\"dateModified\":\"2025-08-19T12:56:01+00:00\",\"description\":\"Rigid: Cam\u00e9ra d'inspection, vid\u00e9oscope micro directionnel, 4 LED, batteries rechargables au lithium-ion, \u00e9tui de transport.\",\"breadcrumb\":{\"@id\":\"https:\/\/www.qnde.ca\/fr\/produit\/camera-dinspection-ridgid\/#breadcrumb\"},\"inLanguage\":\"fr-FR\",\"potentialAction\":[{\"@type\":\"ReadAction\",\"target\":[\"https:\/\/www.qnde.ca\/fr\/produit\/camera-dinspection-ridgid\/\"]}]},{\"@type\":\"ImageObject\",\"inLanguage\":\"fr-FR\",\"@id\":\"https:\/\/www.qnde.ca\/fr\/produit\/camera-dinspection-ridgid\/#primaryimage\",\"url\":\"https:\/\/www.qnde.ca\/wp-content\/uploads\/2016\/01\/Cam--ra-inspection-RIDGID.jpg\",\"contentUrl\":\"https:\/\/www.qnde.ca\/wp-content\/uploads\/2016\/01\/Cam--ra-inspection-RIDGID.jpg\",\"width\":142,\"height\":320},{\"@type\":\"BreadcrumbList\",\"@id\":\"https:\/\/www.qnde.ca\/fr\/produit\/camera-dinspection-ridgid\/#breadcrumb\",\"itemListElement\":[{\"@type\":\"ListItem\",\"position\":1,\"name\":\"Accueil\",\"item\":\"https:\/\/www.qnde.ca\/fr\/\"},{\"@type\":\"ListItem\",\"position\":2,\"name\":\"Produits\",\"item\":\"https:\/\/www.qnde.ca\/fr\/produits\/\"},{\"@type\":\"ListItem\",\"position\":3,\"name\":\"Marques\",\"item\":\"https:\/\/www.qnde.ca\/fr\/product-category\/marques\/\"},{\"@type\":\"ListItem\",\"position\":4,\"name\":\"Autres Marques\",\"item\":\"https:\/\/www.qnde.ca\/fr\/product-category\/marques\/autres-marques\/\"},{\"@type\":\"ListItem\",\"position\":5,\"name\":\"Ridgid Cam\u00e9ra d&#8217;inspection\"}]},{\"@type\":\"WebSite\",\"@id\":\"https:\/\/www.qnde.ca\/#website\",\"url\":\"https:\/\/www.qnde.ca\/\",\"name\":\"Qualit\u00e9 NDE\",\"description\":\"\u00c9quipements d&#039;essais non destructifs \",\"publisher\":{\"@id\":\"https:\/\/www.qnde.ca\/#organization\"},\"potentialAction\":[{\"@type\":\"SearchAction\",\"target\":{\"@type\":\"EntryPoint\",\"urlTemplate\":\"https:\/\/www.qnde.ca\/?s={search_term_string}\"},\"query-input\":{\"@type\":\"PropertyValueSpecification\",\"valueRequired\":true,\"valueName\":\"search_term_string\"}}],\"inLanguage\":\"fr-FR\"},{\"@type\":\"Organization\",\"@id\":\"https:\/\/www.qnde.ca\/#organization\",\"name\":\"Quality NDT Ltd.\",\"url\":\"https:\/\/www.qnde.ca\/\",\"logo\":{\"@type\":\"ImageObject\",\"inLanguage\":\"fr-FR\",\"@id\":\"https:\/\/www.qnde.ca\/#\/schema\/logo\/image\/\",\"url\":\"https:\/\/www.qnde.ca\/wp-content\/uploads\/2022\/02\/QNDE_logo_RGB-gif.gif\",\"contentUrl\":\"https:\/\/www.qnde.ca\/wp-content\/uploads\/2022\/02\/QNDE_logo_RGB-gif.gif\",\"width\":250,\"height\":64,\"caption\":\"Quality NDT Ltd.\"},\"image\":{\"@id\":\"https:\/\/www.qnde.ca\/#\/schema\/logo\/image\/\"},\"sameAs\":[\"https:\/\/www.linkedin.com\/company\/qnde\/about\/?viewAsMember=true\"]}]}<\/script>\n<!-- \/ Yoast SEO plugin. -->","yoast_head_json":{"title":"Ridgid Cam\u00e9ra d'inspection &#060; Qualit\u00e9 NDE","description":"Rigid: Cam\u00e9ra d'inspection, vid\u00e9oscope micro directionnel, 4 LED, batteries rechargables au lithium-ion, \u00e9tui de transport.","robots":{"index":"index","follow":"follow","max-snippet":"max-snippet:-1","max-image-preview":"max-image-preview:large","max-video-preview":"max-video-preview:-1"},"canonical":"https:\/\/www.qnde.ca\/fr\/produit\/camera-dinspection-ridgid\/","twitter_misc":{"Dur\u00e9e de lecture estim\u00e9e":"1 minute"},"schema":{"@context":"https:\/\/schema.org","@graph":[{"@type":["WebPage","ItemPage"],"@id":"https:\/\/www.qnde.ca\/fr\/produit\/camera-dinspection-ridgid\/","url":"https:\/\/www.qnde.ca\/fr\/produit\/camera-dinspection-ridgid\/","name":"Ridgid Cam\u00e9ra d'inspection &#060; Qualit\u00e9 NDE","isPartOf":{"@id":"https:\/\/www.qnde.ca\/#website"},"primaryImageOfPage":{"@id":"https:\/\/www.qnde.ca\/fr\/produit\/camera-dinspection-ridgid\/#primaryimage"},"image":{"@id":"https:\/\/www.qnde.ca\/fr\/produit\/camera-dinspection-ridgid\/#primaryimage"},"thumbnailUrl":"https:\/\/www.qnde.ca\/wp-content\/uploads\/2016\/01\/Cam--ra-inspection-RIDGID.jpg","datePublished":"2016-01-13T14:11:42+00:00","dateModified":"2025-08-19T12:56:01+00:00","description":"Rigid: Cam\u00e9ra d'inspection, vid\u00e9oscope micro directionnel, 4 LED, batteries rechargables au lithium-ion, \u00e9tui de transport.","breadcrumb":{"@id":"https:\/\/www.qnde.ca\/fr\/produit\/camera-dinspection-ridgid\/#breadcrumb"},"inLanguage":"fr-FR","potentialAction":[{"@type":"ReadAction","target":["https:\/\/www.qnde.ca\/fr\/produit\/camera-dinspection-ridgid\/"]}]},{"@type":"ImageObject","inLanguage":"fr-FR","@id":"https:\/\/www.qnde.ca\/fr\/produit\/camera-dinspection-ridgid\/#primaryimage","url":"https:\/\/www.qnde.ca\/wp-content\/uploads\/2016\/01\/Cam--ra-inspection-RIDGID.jpg","contentUrl":"https:\/\/www.qnde.ca\/wp-content\/uploads\/2016\/01\/Cam--ra-inspection-RIDGID.jpg","width":142,"height":320},{"@type":"BreadcrumbList","@id":"https:\/\/www.qnde.ca\/fr\/produit\/camera-dinspection-ridgid\/#breadcrumb","itemListElement":[{"@type":"ListItem","position":1,"name":"Accueil","item":"https:\/\/www.qnde.ca\/fr\/"},{"@type":"ListItem","position":2,"name":"Produits","item":"https:\/\/www.qnde.ca\/fr\/produits\/"},{"@type":"ListItem","position":3,"name":"Marques","item":"https:\/\/www.qnde.ca\/fr\/product-category\/marques\/"},{"@type":"ListItem","position":4,"name":"Autres Marques","item":"https:\/\/www.qnde.ca\/fr\/product-category\/marques\/autres-marques\/"},{"@type":"ListItem","position":5,"name":"Ridgid Cam\u00e9ra d&#8217;inspection"}]},{"@type":"WebSite","@id":"https:\/\/www.qnde.ca\/#website","url":"https:\/\/www.qnde.ca\/","name":"Qualit\u00e9 NDE","description":"\u00c9quipements d&#039;essais non destructifs ","publisher":{"@id":"https:\/\/www.qnde.ca\/#organization"},"potentialAction":[{"@type":"SearchAction","target":{"@type":"EntryPoint","urlTemplate":"https:\/\/www.qnde.ca\/?s={search_term_string}"},"query-input":{"@type":"PropertyValueSpecification","valueRequired":true,"valueName":"search_term_string"}}],"inLanguage":"fr-FR"},{"@type":"Organization","@id":"https:\/\/www.qnde.ca\/#organization","name":"Quality NDT Ltd.","url":"https:\/\/www.qnde.ca\/","logo":{"@type":"ImageObject","inLanguage":"fr-FR","@id":"https:\/\/www.qnde.ca\/#\/schema\/logo\/image\/","url":"https:\/\/www.qnde.ca\/wp-content\/uploads\/2022\/02\/QNDE_logo_RGB-gif.gif","contentUrl":"https:\/\/www.qnde.ca\/wp-content\/uploads\/2022\/02\/QNDE_logo_RGB-gif.gif","width":250,"height":64,"caption":"Quality NDT Ltd."},"image":{"@id":"https:\/\/www.qnde.ca\/#\/schema\/logo\/image\/"},"sameAs":["https:\/\/www.linkedin.com\/company\/qnde\/about\/?viewAsMember=true"]}]}},"jetpack_sharing_enabled":true,"_links":{"self":[{"href":"https:\/\/www.qnde.ca\/fr\/wp-json\/wp\/v2\/product\/5087","targetHints":{"allow":["GET"]}}],"collection":[{"href":"https:\/\/www.qnde.ca\/fr\/wp-json\/wp\/v2\/product"}],"about":[{"href":"https:\/\/www.qnde.ca\/fr\/wp-json\/wp\/v2\/types\/product"}],"wp:featuredmedia":[{"embeddable":true,"href":"https:\/\/www.qnde.ca\/fr\/wp-json\/wp\/v2\/media\/5089"}],"wp:attachment":[{"href":"https:\/\/www.qnde.ca\/fr\/wp-json\/wp\/v2\/media?parent=5087"}],"wp:term":[{"taxonomy":"product_brand","embeddable":true,"href":"https:\/\/www.qnde.ca\/fr\/wp-json\/wp\/v2\/product_brand?post=5087"},{"taxonomy":"product_cat","embeddable":true,"href":"https:\/\/www.qnde.ca\/fr\/wp-json\/wp\/v2\/product_cat?post=5087"},{"taxonomy":"product_tag","embeddable":true,"href":"https:\/\/www.qnde.ca\/fr\/wp-json\/wp\/v2\/product_tag?post=5087"}],"curies":[{"name":"wp","href":"https:\/\/api.w.org\/{rel}","templated":true}]}}