{"id":5073,"date":"2016-01-12T21:13:41","date_gmt":"2016-01-12T21:13:41","guid":{"rendered":"https:\/\/www.qnde.ca\/?post_type=product&#038;p=5073"},"modified":"2025-08-19T09:00:02","modified_gmt":"2025-08-19T13:00:02","slug":"sources-lumineuses-et-faisceau-lumineux","status":"publish","type":"product","link":"https:\/\/www.qnde.ca\/fr\/produit\/sources-lumineuses-et-faisceau-lumineux\/","title":{"rendered":"Hinode Sources lumineuses et faisceau lumineux"},"content":{"rendered":"<h3 id=\"ctl01_ctl00_cphMainContent_ProductTitle\">Hinode Sources lumineuses et faisceau lumineux<\/h3>\n<p>Les sources et faisceaux lumineux sont requis dans la plupart des cas d&rsquo;inspection visuelle \u00e9loign\u00e9e.<\/p>\n<h4>81472C<\/h4>\n<ul>\n<li>Projecteur de lumi\u00e8re froide, 150 Watt, 110-120 V, 50\/60 Hz.<\/li>\n<\/ul>\n<h4>8113UV<\/h4>\n<ul>\n<li>Source lumineuse UV UVA 320nm \u00e0 400nm (niveau maximum 365nm) et lumi\u00e8re blanche avec ajustement d&rsquo;intensit\u00e9. 110-240V, 50-60Hz.<\/li>\n<\/ul>\n<h4>81594SA<\/h4>\n<ul>\n<li>Guide de lumi\u00e8re liquide, 350 cm long (137 pouces), Zone active de 5.0 mm. Pour source lumineuse UV.<\/li>\n<\/ul>\n<h4>81594SB<\/h4>\n<ul>\n<li>Guide de lumi\u00e8re liquide, 250 cm long (98 pouces), zone active de 5.0 mm. Pour source lumineuse UV.<\/li>\n<\/ul>\n<h4>81594GW<\/h4>\n<ul>\n<li>Guide de lumi\u00e8re \u00e0 fibre optique, 180 cm long (70 pouces), zone active de 3.5 mm.<\/li>\n<\/ul>\n<h4>81594GV<\/h4>\n<ul>\n<li>Guide de lumi\u00e8re \u00e0 fibre optique, 250 cm long (98 pouces), zone active de 3.5 mm.<\/li>\n<\/ul>\n<h4>81594GW<\/h4>\n<ul>\n<li>Guide de lumi\u00e8re \u00e0 fibre optique, 180 cm long (70 pouces), zone active de 3.5 mm.<\/li>\n<\/ul>\n<h4>81594GA<\/h4>\n<ul>\n<li>Guide de lumi\u00e8re \u00e0 fibre optique, 350 cm long (137 pouces), zone active de 5.0 mm.<\/li>\n<\/ul>\n<h4>81594GB<\/h4>\n<ul>\n<li>Guide de lumi\u00e8re \u00e0 fibre optique, 250 cm long (98 pouces, zone active de 5.0 mm.<\/li>\n<\/ul>\n<h4>81594GC<\/h4>\n<ul>\n<li>Guide de lumi\u00e8re \u00e0 fibre optique, 180 cm long (70 pouces), zone active de 5.0 mm.<\/li>\n<\/ul>\n","protected":false},"excerpt":{"rendered":"<p>Hinode Sources lumineuses et faisceau lumineux Les sources et faisceaux lumineux sont requis dans la plupart des cas d&rsquo;inspection visuelle \u00e9loign\u00e9e. 81472C Projecteur de lumi\u00e8re froide, 150 Watt, 110-120 V, 50\/60 Hz. 8113UV Source lumineuse UV UVA 320nm \u00e0 400nm (niveau maximum 365nm) et lumi\u00e8re blanche avec ajustement d&rsquo;intensit\u00e9. 110-240V, 50-60Hz. 81594SA Guide de lumi\u00e8re [&hellip;]<\/p>\n","protected":false},"featured_media":5075,"template":"","meta":{"_monsterinsights_skip_tracking":false,"_monsterinsights_sitenote_active":false,"_monsterinsights_sitenote_note":"","_monsterinsights_sitenote_category":0},"product_brand":[],"product_cat":[402,151],"product_tag":[],"class_list":{"0":"post-5073","1":"product","2":"type-product","3":"status-publish","4":"has-post-thumbnail","6":"product_cat-autres-marques","7":"product_cat-sources-guides-lumieres","9":"first","10":"instock","11":"shipping-taxable","12":"purchasable","13":"product-type-variable"},"yoast_head":"<!-- This site is optimized with the Yoast SEO plugin v23.9 - https:\/\/yoast.com\/wordpress\/plugins\/seo\/ -->\n<title>Hinode Sources lumineuses et faisceau lumineux &#060; Qualit\u00e9 NDE<\/title>\n<meta name=\"description\" content=\"Sources lumineuses Hinode et guides optiques pour inspection visuelle : lumi\u00e8re froide, UV et blanche, avec fibres et liquides jusqu&#039;\u00e0 350 cm.\" \/>\n<meta name=\"robots\" content=\"index, follow, max-snippet:-1, max-image-preview:large, max-video-preview:-1\" \/>\n<link rel=\"canonical\" href=\"https:\/\/www.qnde.ca\/fr\/produit\/sources-lumineuses-et-faisceau-lumineux\/\" \/>\n<meta name=\"twitter:label1\" content=\"Dur\u00e9e de lecture estim\u00e9e\" \/>\n\t<meta name=\"twitter:data1\" content=\"2 minutes\" \/>\n<script type=\"application\/ld+json\" class=\"yoast-schema-graph\">{\"@context\":\"https:\/\/schema.org\",\"@graph\":[{\"@type\":[\"WebPage\",\"ItemPage\"],\"@id\":\"https:\/\/www.qnde.ca\/fr\/produit\/sources-lumineuses-et-faisceau-lumineux\/\",\"url\":\"https:\/\/www.qnde.ca\/fr\/produit\/sources-lumineuses-et-faisceau-lumineux\/\",\"name\":\"Hinode Sources lumineuses et faisceau lumineux &#060; Qualit\u00e9 NDE\",\"isPartOf\":{\"@id\":\"https:\/\/www.qnde.ca\/#website\"},\"primaryImageOfPage\":{\"@id\":\"https:\/\/www.qnde.ca\/fr\/produit\/sources-lumineuses-et-faisceau-lumineux\/#primaryimage\"},\"image\":{\"@id\":\"https:\/\/www.qnde.ca\/fr\/produit\/sources-lumineuses-et-faisceau-lumineux\/#primaryimage\"},\"thumbnailUrl\":\"https:\/\/www.qnde.ca\/wp-content\/uploads\/2016\/01\/Sources-lumineuses-et-faisceau-lumineux.jpg\",\"datePublished\":\"2016-01-12T21:13:41+00:00\",\"dateModified\":\"2025-08-19T13:00:02+00:00\",\"description\":\"Sources lumineuses Hinode et guides optiques pour inspection visuelle : lumi\u00e8re froide, UV et blanche, avec fibres et liquides jusqu'\u00e0 350 cm.\",\"breadcrumb\":{\"@id\":\"https:\/\/www.qnde.ca\/fr\/produit\/sources-lumineuses-et-faisceau-lumineux\/#breadcrumb\"},\"inLanguage\":\"fr-FR\",\"potentialAction\":[{\"@type\":\"ReadAction\",\"target\":[\"https:\/\/www.qnde.ca\/fr\/produit\/sources-lumineuses-et-faisceau-lumineux\/\"]}]},{\"@type\":\"ImageObject\",\"inLanguage\":\"fr-FR\",\"@id\":\"https:\/\/www.qnde.ca\/fr\/produit\/sources-lumineuses-et-faisceau-lumineux\/#primaryimage\",\"url\":\"https:\/\/www.qnde.ca\/wp-content\/uploads\/2016\/01\/Sources-lumineuses-et-faisceau-lumineux.jpg\",\"contentUrl\":\"https:\/\/www.qnde.ca\/wp-content\/uploads\/2016\/01\/Sources-lumineuses-et-faisceau-lumineux.jpg\",\"width\":100,\"height\":84},{\"@type\":\"BreadcrumbList\",\"@id\":\"https:\/\/www.qnde.ca\/fr\/produit\/sources-lumineuses-et-faisceau-lumineux\/#breadcrumb\",\"itemListElement\":[{\"@type\":\"ListItem\",\"position\":1,\"name\":\"Accueil\",\"item\":\"https:\/\/www.qnde.ca\/fr\/\"},{\"@type\":\"ListItem\",\"position\":2,\"name\":\"Produits\",\"item\":\"https:\/\/www.qnde.ca\/fr\/produits\/\"},{\"@type\":\"ListItem\",\"position\":3,\"name\":\"Marques\",\"item\":\"https:\/\/www.qnde.ca\/fr\/product-category\/marques\/\"},{\"@type\":\"ListItem\",\"position\":4,\"name\":\"Autres Marques\",\"item\":\"https:\/\/www.qnde.ca\/fr\/product-category\/marques\/autres-marques\/\"},{\"@type\":\"ListItem\",\"position\":5,\"name\":\"Hinode Sources lumineuses et faisceau lumineux\"}]},{\"@type\":\"WebSite\",\"@id\":\"https:\/\/www.qnde.ca\/#website\",\"url\":\"https:\/\/www.qnde.ca\/\",\"name\":\"Qualit\u00e9 NDE\",\"description\":\"\u00c9quipements d&#039;essais non destructifs \",\"publisher\":{\"@id\":\"https:\/\/www.qnde.ca\/#organization\"},\"potentialAction\":[{\"@type\":\"SearchAction\",\"target\":{\"@type\":\"EntryPoint\",\"urlTemplate\":\"https:\/\/www.qnde.ca\/?s={search_term_string}\"},\"query-input\":{\"@type\":\"PropertyValueSpecification\",\"valueRequired\":true,\"valueName\":\"search_term_string\"}}],\"inLanguage\":\"fr-FR\"},{\"@type\":\"Organization\",\"@id\":\"https:\/\/www.qnde.ca\/#organization\",\"name\":\"Quality NDT Ltd.\",\"url\":\"https:\/\/www.qnde.ca\/\",\"logo\":{\"@type\":\"ImageObject\",\"inLanguage\":\"fr-FR\",\"@id\":\"https:\/\/www.qnde.ca\/#\/schema\/logo\/image\/\",\"url\":\"https:\/\/www.qnde.ca\/wp-content\/uploads\/2022\/02\/QNDE_logo_RGB-gif.gif\",\"contentUrl\":\"https:\/\/www.qnde.ca\/wp-content\/uploads\/2022\/02\/QNDE_logo_RGB-gif.gif\",\"width\":250,\"height\":64,\"caption\":\"Quality NDT Ltd.\"},\"image\":{\"@id\":\"https:\/\/www.qnde.ca\/#\/schema\/logo\/image\/\"},\"sameAs\":[\"https:\/\/www.linkedin.com\/company\/qnde\/about\/?viewAsMember=true\"]}]}<\/script>\n<!-- \/ Yoast SEO plugin. -->","yoast_head_json":{"title":"Hinode Sources lumineuses et faisceau lumineux &#060; Qualit\u00e9 NDE","description":"Sources lumineuses Hinode et guides optiques pour inspection visuelle : lumi\u00e8re froide, UV et blanche, avec fibres et liquides jusqu'\u00e0 350 cm.","robots":{"index":"index","follow":"follow","max-snippet":"max-snippet:-1","max-image-preview":"max-image-preview:large","max-video-preview":"max-video-preview:-1"},"canonical":"https:\/\/www.qnde.ca\/fr\/produit\/sources-lumineuses-et-faisceau-lumineux\/","twitter_misc":{"Dur\u00e9e de lecture estim\u00e9e":"2 minutes"},"schema":{"@context":"https:\/\/schema.org","@graph":[{"@type":["WebPage","ItemPage"],"@id":"https:\/\/www.qnde.ca\/fr\/produit\/sources-lumineuses-et-faisceau-lumineux\/","url":"https:\/\/www.qnde.ca\/fr\/produit\/sources-lumineuses-et-faisceau-lumineux\/","name":"Hinode Sources lumineuses et faisceau lumineux &#060; Qualit\u00e9 NDE","isPartOf":{"@id":"https:\/\/www.qnde.ca\/#website"},"primaryImageOfPage":{"@id":"https:\/\/www.qnde.ca\/fr\/produit\/sources-lumineuses-et-faisceau-lumineux\/#primaryimage"},"image":{"@id":"https:\/\/www.qnde.ca\/fr\/produit\/sources-lumineuses-et-faisceau-lumineux\/#primaryimage"},"thumbnailUrl":"https:\/\/www.qnde.ca\/wp-content\/uploads\/2016\/01\/Sources-lumineuses-et-faisceau-lumineux.jpg","datePublished":"2016-01-12T21:13:41+00:00","dateModified":"2025-08-19T13:00:02+00:00","description":"Sources lumineuses Hinode et guides optiques pour inspection visuelle : lumi\u00e8re froide, UV et blanche, avec fibres et liquides jusqu'\u00e0 350 cm.","breadcrumb":{"@id":"https:\/\/www.qnde.ca\/fr\/produit\/sources-lumineuses-et-faisceau-lumineux\/#breadcrumb"},"inLanguage":"fr-FR","potentialAction":[{"@type":"ReadAction","target":["https:\/\/www.qnde.ca\/fr\/produit\/sources-lumineuses-et-faisceau-lumineux\/"]}]},{"@type":"ImageObject","inLanguage":"fr-FR","@id":"https:\/\/www.qnde.ca\/fr\/produit\/sources-lumineuses-et-faisceau-lumineux\/#primaryimage","url":"https:\/\/www.qnde.ca\/wp-content\/uploads\/2016\/01\/Sources-lumineuses-et-faisceau-lumineux.jpg","contentUrl":"https:\/\/www.qnde.ca\/wp-content\/uploads\/2016\/01\/Sources-lumineuses-et-faisceau-lumineux.jpg","width":100,"height":84},{"@type":"BreadcrumbList","@id":"https:\/\/www.qnde.ca\/fr\/produit\/sources-lumineuses-et-faisceau-lumineux\/#breadcrumb","itemListElement":[{"@type":"ListItem","position":1,"name":"Accueil","item":"https:\/\/www.qnde.ca\/fr\/"},{"@type":"ListItem","position":2,"name":"Produits","item":"https:\/\/www.qnde.ca\/fr\/produits\/"},{"@type":"ListItem","position":3,"name":"Marques","item":"https:\/\/www.qnde.ca\/fr\/product-category\/marques\/"},{"@type":"ListItem","position":4,"name":"Autres Marques","item":"https:\/\/www.qnde.ca\/fr\/product-category\/marques\/autres-marques\/"},{"@type":"ListItem","position":5,"name":"Hinode Sources lumineuses et faisceau lumineux"}]},{"@type":"WebSite","@id":"https:\/\/www.qnde.ca\/#website","url":"https:\/\/www.qnde.ca\/","name":"Qualit\u00e9 NDE","description":"\u00c9quipements d&#039;essais non destructifs ","publisher":{"@id":"https:\/\/www.qnde.ca\/#organization"},"potentialAction":[{"@type":"SearchAction","target":{"@type":"EntryPoint","urlTemplate":"https:\/\/www.qnde.ca\/?s={search_term_string}"},"query-input":{"@type":"PropertyValueSpecification","valueRequired":true,"valueName":"search_term_string"}}],"inLanguage":"fr-FR"},{"@type":"Organization","@id":"https:\/\/www.qnde.ca\/#organization","name":"Quality NDT Ltd.","url":"https:\/\/www.qnde.ca\/","logo":{"@type":"ImageObject","inLanguage":"fr-FR","@id":"https:\/\/www.qnde.ca\/#\/schema\/logo\/image\/","url":"https:\/\/www.qnde.ca\/wp-content\/uploads\/2022\/02\/QNDE_logo_RGB-gif.gif","contentUrl":"https:\/\/www.qnde.ca\/wp-content\/uploads\/2022\/02\/QNDE_logo_RGB-gif.gif","width":250,"height":64,"caption":"Quality NDT Ltd."},"image":{"@id":"https:\/\/www.qnde.ca\/#\/schema\/logo\/image\/"},"sameAs":["https:\/\/www.linkedin.com\/company\/qnde\/about\/?viewAsMember=true"]}]}},"jetpack_sharing_enabled":true,"_links":{"self":[{"href":"https:\/\/www.qnde.ca\/fr\/wp-json\/wp\/v2\/product\/5073","targetHints":{"allow":["GET"]}}],"collection":[{"href":"https:\/\/www.qnde.ca\/fr\/wp-json\/wp\/v2\/product"}],"about":[{"href":"https:\/\/www.qnde.ca\/fr\/wp-json\/wp\/v2\/types\/product"}],"wp:featuredmedia":[{"embeddable":true,"href":"https:\/\/www.qnde.ca\/fr\/wp-json\/wp\/v2\/media\/5075"}],"wp:attachment":[{"href":"https:\/\/www.qnde.ca\/fr\/wp-json\/wp\/v2\/media?parent=5073"}],"wp:term":[{"taxonomy":"product_brand","embeddable":true,"href":"https:\/\/www.qnde.ca\/fr\/wp-json\/wp\/v2\/product_brand?post=5073"},{"taxonomy":"product_cat","embeddable":true,"href":"https:\/\/www.qnde.ca\/fr\/wp-json\/wp\/v2\/product_cat?post=5073"},{"taxonomy":"product_tag","embeddable":true,"href":"https:\/\/www.qnde.ca\/fr\/wp-json\/wp\/v2\/product_tag?post=5073"}],"curies":[{"name":"wp","href":"https:\/\/api.w.org\/{rel}","templated":true}]}}