{"id":5065,"date":"2016-01-12T21:06:44","date_gmt":"2016-01-12T21:06:44","guid":{"rendered":"https:\/\/www.qnde.ca\/?post_type=product&#038;p=5065"},"modified":"2025-08-19T09:05:39","modified_gmt":"2025-08-19T13:05:39","slug":"itool-dvr-concentrateur-dimagerie-video","status":"publish","type":"product","link":"https:\/\/www.qnde.ca\/fr\/produit\/itool-dvr-concentrateur-dimagerie-video\/","title":{"rendered":"IT Concepts Concentrateur d&rsquo;imagerie vid\u00e9o iTool DVR"},"content":{"rendered":"<h3 id=\"ctl01_ctl00_cphMainContent_ProductTitle\">IT Concepts Concentrateur d&rsquo;imagerie vid\u00e9o iTool DVR<\/h3>\n<p>Constitu\u00e9 de trois composanets (ordinateur, vid\u00e9oscope et mallette de transport).<\/p>\n<p>D\u00e9velopp\u00e9 sp\u00e9cifiquement pour des applications industrielles.<\/p>\n<h4>IRIS-DVR<\/h4>\n<ul>\n<li>Il existe trop de vid\u00e9oscopes disponibles pour tous les \u00e9num\u00e9rer.<\/li>\n<li>Contactez-nous et sp\u00e9cifiez vos besoins.<\/li>\n<\/ul>\n<h4>iTool-DVR<\/h4>\n<ul>\n<li>Il existe trop de vid\u00e9oscopes disponibles pour tous les \u00e9num\u00e9rer.<\/li>\n<li>Contactez-nous et sp\u00e9cifiez vos besoins.<\/li>\n<\/ul>\n","protected":false},"excerpt":{"rendered":"<p>IT Concepts Concentrateur d&rsquo;imagerie vid\u00e9o iTool DVR Constitu\u00e9 de trois composanets (ordinateur, vid\u00e9oscope et mallette de transport). D\u00e9velopp\u00e9 sp\u00e9cifiquement pour des applications industrielles. IRIS-DVR Il existe trop de vid\u00e9oscopes disponibles pour tous les \u00e9num\u00e9rer. Contactez-nous et sp\u00e9cifiez vos besoins. iTool-DVR Il existe trop de vid\u00e9oscopes disponibles pour tous les \u00e9num\u00e9rer. Contactez-nous et sp\u00e9cifiez vos besoins.<\/p>\n","protected":false},"featured_media":5067,"template":"","meta":{"_monsterinsights_skip_tracking":false,"_monsterinsights_sitenote_active":false,"_monsterinsights_sitenote_note":"","_monsterinsights_sitenote_category":0},"product_brand":[],"product_cat":[402,152],"product_tag":[],"class_list":{"0":"post-5065","1":"product","2":"type-product","3":"status-publish","4":"has-post-thumbnail","6":"product_cat-autres-marques","7":"product_cat-videoscopes-fr","9":"first","10":"instock","11":"shipping-taxable","12":"purchasable","13":"product-type-variable"},"yoast_head":"<!-- This site is optimized with the Yoast SEO plugin v23.9 - https:\/\/yoast.com\/wordpress\/plugins\/seo\/ -->\n<title>IT Concepts Concentrateur d&#039;imagerie vid\u00e9o iTool DVR &#060; Qualit\u00e9 NDE<\/title>\n<meta name=\"description\" content=\"IT Concepts: Concentrateur d&#039;imagerie vid\u00e9o iTool DVR, compos\u00e9 de trois composantes et d\u00e9velopp\u00e9 sp\u00e9cifiquement pour des applications industrielles.\" \/>\n<meta name=\"robots\" content=\"index, follow, max-snippet:-1, max-image-preview:large, max-video-preview:-1\" \/>\n<link rel=\"canonical\" href=\"https:\/\/www.qnde.ca\/fr\/produit\/itool-dvr-concentrateur-dimagerie-video\/\" \/>\n<meta name=\"twitter:label1\" content=\"Dur\u00e9e de lecture estim\u00e9e\" \/>\n\t<meta name=\"twitter:data1\" content=\"1 minute\" \/>\n<script type=\"application\/ld+json\" class=\"yoast-schema-graph\">{\"@context\":\"https:\/\/schema.org\",\"@graph\":[{\"@type\":[\"WebPage\",\"ItemPage\"],\"@id\":\"https:\/\/www.qnde.ca\/fr\/produit\/itool-dvr-concentrateur-dimagerie-video\/\",\"url\":\"https:\/\/www.qnde.ca\/fr\/produit\/itool-dvr-concentrateur-dimagerie-video\/\",\"name\":\"IT Concepts Concentrateur d'imagerie vid\u00e9o iTool DVR &#060; Qualit\u00e9 NDE\",\"isPartOf\":{\"@id\":\"https:\/\/www.qnde.ca\/#website\"},\"primaryImageOfPage\":{\"@id\":\"https:\/\/www.qnde.ca\/fr\/produit\/itool-dvr-concentrateur-dimagerie-video\/#primaryimage\"},\"image\":{\"@id\":\"https:\/\/www.qnde.ca\/fr\/produit\/itool-dvr-concentrateur-dimagerie-video\/#primaryimage\"},\"thumbnailUrl\":\"https:\/\/www.qnde.ca\/wp-content\/uploads\/2016\/01\/iTool-DVR-----Concentrateur-imagerie-vid--o.jpg\",\"datePublished\":\"2016-01-12T21:06:44+00:00\",\"dateModified\":\"2025-08-19T13:05:39+00:00\",\"description\":\"IT Concepts: Concentrateur d'imagerie vid\u00e9o iTool DVR, compos\u00e9 de trois composantes et d\u00e9velopp\u00e9 sp\u00e9cifiquement pour des applications industrielles.\",\"breadcrumb\":{\"@id\":\"https:\/\/www.qnde.ca\/fr\/produit\/itool-dvr-concentrateur-dimagerie-video\/#breadcrumb\"},\"inLanguage\":\"fr-FR\",\"potentialAction\":[{\"@type\":\"ReadAction\",\"target\":[\"https:\/\/www.qnde.ca\/fr\/produit\/itool-dvr-concentrateur-dimagerie-video\/\"]}]},{\"@type\":\"ImageObject\",\"inLanguage\":\"fr-FR\",\"@id\":\"https:\/\/www.qnde.ca\/fr\/produit\/itool-dvr-concentrateur-dimagerie-video\/#primaryimage\",\"url\":\"https:\/\/www.qnde.ca\/wp-content\/uploads\/2016\/01\/iTool-DVR-----Concentrateur-imagerie-vid--o.jpg\",\"contentUrl\":\"https:\/\/www.qnde.ca\/wp-content\/uploads\/2016\/01\/iTool-DVR-----Concentrateur-imagerie-vid--o.jpg\",\"width\":320,\"height\":196},{\"@type\":\"BreadcrumbList\",\"@id\":\"https:\/\/www.qnde.ca\/fr\/produit\/itool-dvr-concentrateur-dimagerie-video\/#breadcrumb\",\"itemListElement\":[{\"@type\":\"ListItem\",\"position\":1,\"name\":\"Accueil\",\"item\":\"https:\/\/www.qnde.ca\/fr\/\"},{\"@type\":\"ListItem\",\"position\":2,\"name\":\"Produits\",\"item\":\"https:\/\/www.qnde.ca\/fr\/produits\/\"},{\"@type\":\"ListItem\",\"position\":3,\"name\":\"Marques\",\"item\":\"https:\/\/www.qnde.ca\/fr\/product-category\/marques\/\"},{\"@type\":\"ListItem\",\"position\":4,\"name\":\"Autres Marques\",\"item\":\"https:\/\/www.qnde.ca\/fr\/product-category\/marques\/autres-marques\/\"},{\"@type\":\"ListItem\",\"position\":5,\"name\":\"IT Concepts Concentrateur d&#8217;imagerie vid\u00e9o iTool DVR\"}]},{\"@type\":\"WebSite\",\"@id\":\"https:\/\/www.qnde.ca\/#website\",\"url\":\"https:\/\/www.qnde.ca\/\",\"name\":\"Qualit\u00e9 NDE\",\"description\":\"\u00c9quipements d&#039;essais non destructifs \",\"publisher\":{\"@id\":\"https:\/\/www.qnde.ca\/#organization\"},\"potentialAction\":[{\"@type\":\"SearchAction\",\"target\":{\"@type\":\"EntryPoint\",\"urlTemplate\":\"https:\/\/www.qnde.ca\/?s={search_term_string}\"},\"query-input\":{\"@type\":\"PropertyValueSpecification\",\"valueRequired\":true,\"valueName\":\"search_term_string\"}}],\"inLanguage\":\"fr-FR\"},{\"@type\":\"Organization\",\"@id\":\"https:\/\/www.qnde.ca\/#organization\",\"name\":\"Quality NDT Ltd.\",\"url\":\"https:\/\/www.qnde.ca\/\",\"logo\":{\"@type\":\"ImageObject\",\"inLanguage\":\"fr-FR\",\"@id\":\"https:\/\/www.qnde.ca\/#\/schema\/logo\/image\/\",\"url\":\"https:\/\/www.qnde.ca\/wp-content\/uploads\/2022\/02\/QNDE_logo_RGB-gif.gif\",\"contentUrl\":\"https:\/\/www.qnde.ca\/wp-content\/uploads\/2022\/02\/QNDE_logo_RGB-gif.gif\",\"width\":250,\"height\":64,\"caption\":\"Quality NDT Ltd.\"},\"image\":{\"@id\":\"https:\/\/www.qnde.ca\/#\/schema\/logo\/image\/\"},\"sameAs\":[\"https:\/\/www.linkedin.com\/company\/qnde\/about\/?viewAsMember=true\"]}]}<\/script>\n<!-- \/ Yoast SEO plugin. -->","yoast_head_json":{"title":"IT Concepts Concentrateur d'imagerie vid\u00e9o iTool DVR &#060; Qualit\u00e9 NDE","description":"IT Concepts: Concentrateur d'imagerie vid\u00e9o iTool DVR, compos\u00e9 de trois composantes et d\u00e9velopp\u00e9 sp\u00e9cifiquement pour des applications industrielles.","robots":{"index":"index","follow":"follow","max-snippet":"max-snippet:-1","max-image-preview":"max-image-preview:large","max-video-preview":"max-video-preview:-1"},"canonical":"https:\/\/www.qnde.ca\/fr\/produit\/itool-dvr-concentrateur-dimagerie-video\/","twitter_misc":{"Dur\u00e9e de lecture estim\u00e9e":"1 minute"},"schema":{"@context":"https:\/\/schema.org","@graph":[{"@type":["WebPage","ItemPage"],"@id":"https:\/\/www.qnde.ca\/fr\/produit\/itool-dvr-concentrateur-dimagerie-video\/","url":"https:\/\/www.qnde.ca\/fr\/produit\/itool-dvr-concentrateur-dimagerie-video\/","name":"IT Concepts Concentrateur d'imagerie vid\u00e9o iTool DVR &#060; Qualit\u00e9 NDE","isPartOf":{"@id":"https:\/\/www.qnde.ca\/#website"},"primaryImageOfPage":{"@id":"https:\/\/www.qnde.ca\/fr\/produit\/itool-dvr-concentrateur-dimagerie-video\/#primaryimage"},"image":{"@id":"https:\/\/www.qnde.ca\/fr\/produit\/itool-dvr-concentrateur-dimagerie-video\/#primaryimage"},"thumbnailUrl":"https:\/\/www.qnde.ca\/wp-content\/uploads\/2016\/01\/iTool-DVR-----Concentrateur-imagerie-vid--o.jpg","datePublished":"2016-01-12T21:06:44+00:00","dateModified":"2025-08-19T13:05:39+00:00","description":"IT Concepts: Concentrateur d'imagerie vid\u00e9o iTool DVR, compos\u00e9 de trois composantes et d\u00e9velopp\u00e9 sp\u00e9cifiquement pour des applications industrielles.","breadcrumb":{"@id":"https:\/\/www.qnde.ca\/fr\/produit\/itool-dvr-concentrateur-dimagerie-video\/#breadcrumb"},"inLanguage":"fr-FR","potentialAction":[{"@type":"ReadAction","target":["https:\/\/www.qnde.ca\/fr\/produit\/itool-dvr-concentrateur-dimagerie-video\/"]}]},{"@type":"ImageObject","inLanguage":"fr-FR","@id":"https:\/\/www.qnde.ca\/fr\/produit\/itool-dvr-concentrateur-dimagerie-video\/#primaryimage","url":"https:\/\/www.qnde.ca\/wp-content\/uploads\/2016\/01\/iTool-DVR-----Concentrateur-imagerie-vid--o.jpg","contentUrl":"https:\/\/www.qnde.ca\/wp-content\/uploads\/2016\/01\/iTool-DVR-----Concentrateur-imagerie-vid--o.jpg","width":320,"height":196},{"@type":"BreadcrumbList","@id":"https:\/\/www.qnde.ca\/fr\/produit\/itool-dvr-concentrateur-dimagerie-video\/#breadcrumb","itemListElement":[{"@type":"ListItem","position":1,"name":"Accueil","item":"https:\/\/www.qnde.ca\/fr\/"},{"@type":"ListItem","position":2,"name":"Produits","item":"https:\/\/www.qnde.ca\/fr\/produits\/"},{"@type":"ListItem","position":3,"name":"Marques","item":"https:\/\/www.qnde.ca\/fr\/product-category\/marques\/"},{"@type":"ListItem","position":4,"name":"Autres Marques","item":"https:\/\/www.qnde.ca\/fr\/product-category\/marques\/autres-marques\/"},{"@type":"ListItem","position":5,"name":"IT Concepts Concentrateur d&#8217;imagerie vid\u00e9o iTool DVR"}]},{"@type":"WebSite","@id":"https:\/\/www.qnde.ca\/#website","url":"https:\/\/www.qnde.ca\/","name":"Qualit\u00e9 NDE","description":"\u00c9quipements d&#039;essais non destructifs ","publisher":{"@id":"https:\/\/www.qnde.ca\/#organization"},"potentialAction":[{"@type":"SearchAction","target":{"@type":"EntryPoint","urlTemplate":"https:\/\/www.qnde.ca\/?s={search_term_string}"},"query-input":{"@type":"PropertyValueSpecification","valueRequired":true,"valueName":"search_term_string"}}],"inLanguage":"fr-FR"},{"@type":"Organization","@id":"https:\/\/www.qnde.ca\/#organization","name":"Quality NDT Ltd.","url":"https:\/\/www.qnde.ca\/","logo":{"@type":"ImageObject","inLanguage":"fr-FR","@id":"https:\/\/www.qnde.ca\/#\/schema\/logo\/image\/","url":"https:\/\/www.qnde.ca\/wp-content\/uploads\/2022\/02\/QNDE_logo_RGB-gif.gif","contentUrl":"https:\/\/www.qnde.ca\/wp-content\/uploads\/2022\/02\/QNDE_logo_RGB-gif.gif","width":250,"height":64,"caption":"Quality NDT Ltd."},"image":{"@id":"https:\/\/www.qnde.ca\/#\/schema\/logo\/image\/"},"sameAs":["https:\/\/www.linkedin.com\/company\/qnde\/about\/?viewAsMember=true"]}]}},"jetpack_sharing_enabled":true,"_links":{"self":[{"href":"https:\/\/www.qnde.ca\/fr\/wp-json\/wp\/v2\/product\/5065","targetHints":{"allow":["GET"]}}],"collection":[{"href":"https:\/\/www.qnde.ca\/fr\/wp-json\/wp\/v2\/product"}],"about":[{"href":"https:\/\/www.qnde.ca\/fr\/wp-json\/wp\/v2\/types\/product"}],"wp:featuredmedia":[{"embeddable":true,"href":"https:\/\/www.qnde.ca\/fr\/wp-json\/wp\/v2\/media\/5067"}],"wp:attachment":[{"href":"https:\/\/www.qnde.ca\/fr\/wp-json\/wp\/v2\/media?parent=5065"}],"wp:term":[{"taxonomy":"product_brand","embeddable":true,"href":"https:\/\/www.qnde.ca\/fr\/wp-json\/wp\/v2\/product_brand?post=5065"},{"taxonomy":"product_cat","embeddable":true,"href":"https:\/\/www.qnde.ca\/fr\/wp-json\/wp\/v2\/product_cat?post=5065"},{"taxonomy":"product_tag","embeddable":true,"href":"https:\/\/www.qnde.ca\/fr\/wp-json\/wp\/v2\/product_tag?post=5065"}],"curies":[{"name":"wp","href":"https:\/\/api.w.org\/{rel}","templated":true}]}}